{"id":6771,"date":"2022-08-08T21:21:41","date_gmt":"2022-08-09T01:21:41","guid":{"rendered":"https:\/\/physiotherapy.ca\/?page_id=6771"},"modified":"2022-08-08T21:26:24","modified_gmt":"2022-08-09T01:26:24","slug":"partenaires-strategiques","status":"publish","type":"page","link":"https:\/\/physiotherapy.ca\/fr\/lassociation\/vision-mission-et-strategie\/partenaires-strategiques\/","title":{"rendered":"Partenaires strat\u00e9giques"},"content":{"rendered":"\n<p>L\u2019ACP conclut des partenariats avec certains organismes simplement parce qu\u2019elle soutient leur mission, et avec d\u2019autres pour collaborer \u00e0 leurs projets&nbsp;:<\/p>\n\n\n\n<ul class=\"wp-block-list\"><li>en mettant en lumi\u00e8re le r\u00f4le de la physioth\u00e9rapie dans les grands enjeux de sant\u00e9;<\/li><li>en appuyant leurs initiatives;<\/li><li>en cr\u00e9ant du contenu pour informer le public sur les modes de vie sains et actifs.<\/li><\/ul>\n\n\n\n<p>L\u2019ACP est toujours \u00e0 la recherche d\u2019organismes qui veulent, comme elle, encourager les Canadiens \u00e0 adopter un mode de vie sain et actif. Pour en savoir plus, communiquez avec nous \u00e0 l\u2019adresse suivante&nbsp;:&nbsp;<a href=\"mailto:information@physiotherapy.ca?subject=Partnerships\">information@physiotherapy.ca<\/a>.<\/p>\n\n\n\n<p><\/p>\n\n\n\n<div class=\"wp-block-columns is-layout-flex wp-container-core-columns-is-layout-1 wp-block-columns-is-layout-flex\">\n<div class=\"wp-block-column is-layout-flow wp-block-column-is-layout-flow\">\n<h3 class=\"wp-block-heading\">Partenaires en physioth\u00e9rapie<\/h3>\n\n\n\n<p>L\u2019ACP est membre de plusieurs partenariats par lesquels elle contribue et collabore \u00e0 toute une gamme d\u2019enjeux dans le domaine de la physioth\u00e9rapie.<\/p>\n\n\n\n<ul class=\"wp-block-list\"><li><a href=\"http:\/\/www.peac-aepc.ca\/\">Agr\u00e9ment de l\u2019enseignement de la physioth\u00e9rapie au Canada<\/a><\/li><li><a href=\"http:\/\/www.alliancept.org\/\">Alliance canadienne des organismes de r\u00e9glementation<\/a><\/li><li><a href=\"http:\/\/www.physiotherapyeducation.ca\/\">Conseil canadien des programmes universitaires de physioth\u00e9rapie<\/a><\/li><\/ul>\n\n\n\n<p>Ces trois&nbsp;groupes forment avec l\u2019ACP le&nbsp;<a href=\"http:\/\/npag.ca\/\">Groupe consultatif national sur la physioth\u00e9rapie<\/a>&nbsp;(GCNP).&nbsp;Le GCNP fait la promotion de l\u2019offre de services de physioth\u00e9rapie de qualit\u00e9 et de l\u2019am\u00e9lioration de l\u2019\u00e9tat de sant\u00e9 des Canadiens gr\u00e2ce \u00e0 la collaboration et \u00e0 la communication sur des questions d\u2019int\u00e9r\u00eat commun touchant les physioth\u00e9rapeutes et la physioth\u00e9rapie au Canada.<\/p>\n\n\n\n<h3 class=\"has-medium-font-size wp-block-heading\"><a href=\"http:\/\/www.wcpt.org\/\">Conf\u00e9d\u00e9ration mondiale pour la th\u00e9rapie physique<\/a><\/h3>\n\n\n\n<p>L\u2019ACP est fi\u00e8re d\u2019\u00eatre membre fondateur de la Conf\u00e9d\u00e9ration mondiale pour la th\u00e9rapie physique (WCPT). Les membres de l\u2019ACP peuvent participer \u00e0 tous les programmes de la WCPT et obtenir ses services \u00e0 des taux avantageux.<\/p>\n\n\n\n<h3 class=\"has-medium-font-size wp-block-heading\"><a href=\"http:\/\/www.apta.org\/\">American Physical Therapy Association<\/a><\/h3>\n\n\n\n<p>L\u2019ACP collabore souvent avec les physioth\u00e9rapeutes am\u00e9ricains, notamment en tenant des symposiums sp\u00e9ciaux sur les politiques, comme le sommet de 2013 sur la main-d\u2019\u0153uvre. Les repr\u00e9sentants \u00e9lus et le personnel des deux&nbsp;organismes se rencontrent r\u00e9guli\u00e8rement et s\u2019\u00e9changent des inscriptions gratuites \u00e0 leurs assembl\u00e9es annuelles respectives.<\/p>\n\n\n\n<h3 class=\"has-medium-font-size wp-block-heading\"><a href=\"http:\/\/www.pedro.org.au\/\">Base de donn\u00e9es fond\u00e9e sur les donn\u00e9es probantes en physioth\u00e9rapie (PEDro)<\/a><\/h3>\n\n\n\n<p>L\u2019ACP offre une subvention annuelle \u00e0 PEDro. PEDro est produite par le PEDro Partnership \u00e0 l&#8217;Institute for Musculoskeletal Health de l&#8217;Universit\u00e9 de Sydney, en Australie.<\/p>\n<\/div>\n\n\n\n<div class=\"wp-block-column is-layout-flow wp-block-column-is-layout-flow\">\n<h3 class=\"wp-block-heading\">Autres partenaires en sant\u00e9<\/h3>\n\n\n\n<p>L\u2019ACP collabore avec un certain nombre d\u2019autres organismes de sant\u00e9 pour faire valoir l\u2019importance de la r\u00e9adaptation et de la mobilit\u00e9 et pour am\u00e9liorer les syst\u00e8mes de sant\u00e9 au Canada.<\/p>\n\n\n\n<p><a href=\"https:\/\/physiotherapy.ca\/health-action-lobby-heal\">Groupe d\u2019intervention action sant\u00e9 (GIAS)<\/a><\/p>\n\n\n\n<p>Dans le cadre des associations du G7 ax\u00e9es sur la sant\u00e9, notamment&nbsp;:<\/p>\n\n\n\n<ul class=\"wp-block-list\"><li><a href=\"http:\/\/www.caot.ca\/\">Association canadienne des ergoth\u00e9rapeutes<\/a><\/li><li><a href=\"http:\/\/www.casw-acts.ca\/\">Association canadienne des travailleuses et travailleurs sociaux<\/a><\/li><li><a href=\"http:\/\/www.caslpa.ca\/\">Orthophonie et audiologie Canada<\/a><\/li><li><a href=\"http:\/\/www.pharmacists.ca\/\">Association des pharmaciens du Canada<\/a><\/li><li><a href=\"http:\/\/www.cpa.ca\/\">Soci\u00e9t\u00e9 canadienne de psychologie<\/a><\/li><li><a href=\"http:\/\/www.dietitians.ca\/\">Di\u00e9t\u00e9tistes du Canada<\/a><\/li><li><a href=\"http:\/\/www.chiropractic.ca\/\">Association chiropratique canadienne<\/a><\/li><\/ul>\n\n\n\n<h3 class=\"has-medium-font-size wp-block-heading\"><a href=\"http:\/\/casem-acmse.org\/education\/ccc\/\">Collaboration canadienne sur les commotions c\u00e9r\u00e9brales (CCC)<\/a><\/h3>\n\n\n\n<p>La CCC est un groupe d\u2019organisations nationales du domaine de la sant\u00e9 pr\u00e9sid\u00e9 par l\u2019<a href=\"http:\/\/casem-acmse.org\/\">Acad\u00e9mie de la m\u00e9decine du sport et de l\u2019exercice<\/a>, dont la mission est de cr\u00e9er une synergie entre les organismes pr\u00e9occup\u00e9s par les commotions c\u00e9r\u00e9brales.<\/p>\n\n\n\n<h3 class=\"has-medium-font-size wp-block-heading\"><a href=\"http:\/\/canada.cochrane.org\/\" target=\"_blank\" rel=\"noreferrer noopener\">Cochrane Canada&nbsp;Ouvre dans une nouvelle fen\u00eatre<\/a><\/h3>\n\n\n\n<p>Cochrane Canada appuie les activit\u00e9s de plus de 3&nbsp;000&nbsp;membres de la Collaboration Cochrane au Canada pour promouvoir la Collaboration, la Biblioth\u00e8que Cochrane et les soins de sant\u00e9 fond\u00e9s sur les donn\u00e9es probantes.<\/p>\n\n\n\n<h3 class=\"has-medium-font-size wp-block-heading\"><a href=\"http:\/\/exerciseismedicine.org\/canada\/\">L\u2019exercice&nbsp;: Un m\u00e9dicament\u00ae Canada<\/a><\/h3>\n\n\n\n<p>L\u2019exercice&nbsp;: Un m\u00e9dicament\u00ae Canada (EMC) est un mouvement qui encourage les Canadiens \u00e0 adopter un mode de vie sain.&nbsp;<\/p>\n\n\n\n<h3 class=\"has-medium-font-size wp-block-heading\"><a href=\"http:\/\/gladcanada.ca\/\" target=\"_blank\" rel=\"noreferrer noopener\">GLA:D Canada&nbsp;Ouvre dans une nouvelle fen\u00eatre<\/a><\/h3>\n\n\n\n<p>D\u00e9velopp\u00e9 par des chercheurs danois, GLA:D\u00ae est un programme d\u2019\u00e9ducation et d\u2019exercice s\u2019adressant aux personnes souffrant d\u2019arthrose du genou ou de la hanche. Selon des \u00e9tudes r\u00e9alis\u00e9es au Danemark, le programme r\u00e9duirait la progression des sympt\u00f4mes de 32&nbsp;%, en plus de r\u00e9duire l\u2019intensit\u00e9 de la douleur, la consommation d\u2019analg\u00e9siques et le nombre de personnes en cong\u00e9 de maladie.<\/p>\n<\/div>\n<\/div>\n","protected":false},"excerpt":{"rendered":"<p>L\u2019ACP conclut des partenariats avec certains organismes simplement parce qu\u2019elle soutient leur mission, et avec d\u2019autres pour collaborer \u00e0 leurs projets&nbsp;: en mettant en lumi\u00e8re le r\u00f4le de la physioth\u00e9rapie dans les grands enjeux de sant\u00e9; en appuyant leurs initiatives; [&hellip;]<\/p>\n","protected":false},"author":1,"featured_media":0,"parent":4206,"menu_order":1,"comment_status":"closed","ping_status":"closed","template":"","meta":{"inline_featured_image":false,"ep_exclude_from_search":false,"footnotes":""},"topic":[],"class_list":["post-6771","page","type-page","status-publish","hentry"],"acf":[],"yoast_head":"<!-- This site is optimized with the Yoast SEO plugin v24.7 - https:\/\/yoast.com\/wordpress\/plugins\/seo\/ -->\n<title>Partenaires strat\u00e9giques - Canadian Physiotherapy Association<\/title>\n<meta name=\"robots\" content=\"index, follow, max-snippet:-1, max-image-preview:large, max-video-preview:-1\" \/>\n<link rel=\"canonical\" href=\"https:\/\/physiotherapy.ca\/fr\/lassociation\/vision-mission-et-strategie\/partenaires-strategiques\/\" \/>\n<meta property=\"og:locale\" content=\"fr_FR\" \/>\n<meta property=\"og:type\" content=\"article\" \/>\n<meta property=\"og:title\" content=\"Partenaires strat\u00e9giques - Canadian Physiotherapy Association\" \/>\n<meta property=\"og:description\" content=\"L\u2019ACP conclut des partenariats avec certains organismes simplement parce qu\u2019elle soutient leur mission, et avec d\u2019autres pour collaborer \u00e0 leurs projets&nbsp;: en mettant en lumi\u00e8re le r\u00f4le de la physioth\u00e9rapie dans les grands enjeux de sant\u00e9; en appuyant leurs initiatives; [&hellip;]\" \/>\n<meta property=\"og:url\" content=\"https:\/\/physiotherapy.ca\/fr\/lassociation\/vision-mission-et-strategie\/partenaires-strategiques\/\" \/>\n<meta property=\"og:site_name\" content=\"Canadian Physiotherapy Association\" \/>\n<meta property=\"article:modified_time\" content=\"2022-08-09T01:26:24+00:00\" \/>\n<meta name=\"twitter:card\" content=\"summary_large_image\" \/>\n<meta name=\"twitter:label1\" content=\"Est. reading time\" \/>\n\t<meta name=\"twitter:data1\" content=\"3 minutes\" \/>\n<script type=\"application\/ld+json\" class=\"yoast-schema-graph\">{\"@context\":\"https:\/\/schema.org\",\"@graph\":[{\"@type\":\"WebPage\",\"@id\":\"https:\/\/physiotherapy.ca\/fr\/lassociation\/vision-mission-et-strategie\/partenaires-strategiques\/\",\"url\":\"https:\/\/physiotherapy.ca\/fr\/lassociation\/vision-mission-et-strategie\/partenaires-strategiques\/\",\"name\":\"Partenaires strat\u00e9giques - Canadian Physiotherapy Association\",\"isPartOf\":{\"@id\":\"https:\/\/physiotherapy.ca\/#website\"},\"datePublished\":\"2022-08-09T01:21:41+00:00\",\"dateModified\":\"2022-08-09T01:26:24+00:00\",\"breadcrumb\":{\"@id\":\"https:\/\/physiotherapy.ca\/fr\/lassociation\/vision-mission-et-strategie\/partenaires-strategiques\/#breadcrumb\"},\"inLanguage\":\"fr-FR\",\"potentialAction\":[{\"@type\":\"ReadAction\",\"target\":[\"https:\/\/physiotherapy.ca\/fr\/lassociation\/vision-mission-et-strategie\/partenaires-strategiques\/\"]}]},{\"@type\":\"BreadcrumbList\",\"@id\":\"https:\/\/physiotherapy.ca\/fr\/lassociation\/vision-mission-et-strategie\/partenaires-strategiques\/#breadcrumb\",\"itemListElement\":[{\"@type\":\"ListItem\",\"position\":1,\"name\":\"Home\",\"item\":\"https:\/\/physiotherapy.ca\/fr\/\"},{\"@type\":\"ListItem\",\"position\":2,\"name\":\"L&#8217;Association\",\"item\":\"https:\/\/physiotherapy.ca\/fr\/lassociation\/\"},{\"@type\":\"ListItem\",\"position\":3,\"name\":\"Vision, mission et strat\u00e9gie\",\"item\":\"https:\/\/physiotherapy.ca\/fr\/lassociation\/vision-mission-et-strategie\/\"},{\"@type\":\"ListItem\",\"position\":4,\"name\":\"Partenaires strat\u00e9giques\"}]},{\"@type\":\"WebSite\",\"@id\":\"https:\/\/physiotherapy.ca\/#website\",\"url\":\"https:\/\/physiotherapy.ca\/\",\"name\":\"Canadian Physiotherapy Association\",\"description\":\"The Canadian Physiotherapy Association (CPA) represents over 16,000 physiotherapy professionals and students across Canada.\",\"potentialAction\":[{\"@type\":\"SearchAction\",\"target\":{\"@type\":\"EntryPoint\",\"urlTemplate\":\"https:\/\/physiotherapy.ca\/?s={search_term_string}\"},\"query-input\":{\"@type\":\"PropertyValueSpecification\",\"valueRequired\":true,\"valueName\":\"search_term_string\"}}],\"inLanguage\":\"fr-FR\"}]}<\/script>\n<!-- \/ Yoast SEO plugin. -->","yoast_head_json":{"title":"Partenaires strat\u00e9giques - Canadian Physiotherapy Association","robots":{"index":"index","follow":"follow","max-snippet":"max-snippet:-1","max-image-preview":"max-image-preview:large","max-video-preview":"max-video-preview:-1"},"canonical":"https:\/\/physiotherapy.ca\/fr\/lassociation\/vision-mission-et-strategie\/partenaires-strategiques\/","og_locale":"fr_FR","og_type":"article","og_title":"Partenaires strat\u00e9giques - Canadian Physiotherapy Association","og_description":"L\u2019ACP conclut des partenariats avec certains organismes simplement parce qu\u2019elle soutient leur mission, et avec d\u2019autres pour collaborer \u00e0 leurs projets&nbsp;: en mettant en lumi\u00e8re le r\u00f4le de la physioth\u00e9rapie dans les grands enjeux de sant\u00e9; en appuyant leurs initiatives; [&hellip;]","og_url":"https:\/\/physiotherapy.ca\/fr\/lassociation\/vision-mission-et-strategie\/partenaires-strategiques\/","og_site_name":"Canadian Physiotherapy Association","article_modified_time":"2022-08-09T01:26:24+00:00","twitter_card":"summary_large_image","twitter_misc":{"Est. reading time":"3 minutes"},"schema":{"@context":"https:\/\/schema.org","@graph":[{"@type":"WebPage","@id":"https:\/\/physiotherapy.ca\/fr\/lassociation\/vision-mission-et-strategie\/partenaires-strategiques\/","url":"https:\/\/physiotherapy.ca\/fr\/lassociation\/vision-mission-et-strategie\/partenaires-strategiques\/","name":"Partenaires strat\u00e9giques - Canadian Physiotherapy Association","isPartOf":{"@id":"https:\/\/physiotherapy.ca\/#website"},"datePublished":"2022-08-09T01:21:41+00:00","dateModified":"2022-08-09T01:26:24+00:00","breadcrumb":{"@id":"https:\/\/physiotherapy.ca\/fr\/lassociation\/vision-mission-et-strategie\/partenaires-strategiques\/#breadcrumb"},"inLanguage":"fr-FR","potentialAction":[{"@type":"ReadAction","target":["https:\/\/physiotherapy.ca\/fr\/lassociation\/vision-mission-et-strategie\/partenaires-strategiques\/"]}]},{"@type":"BreadcrumbList","@id":"https:\/\/physiotherapy.ca\/fr\/lassociation\/vision-mission-et-strategie\/partenaires-strategiques\/#breadcrumb","itemListElement":[{"@type":"ListItem","position":1,"name":"Home","item":"https:\/\/physiotherapy.ca\/fr\/"},{"@type":"ListItem","position":2,"name":"L&#8217;Association","item":"https:\/\/physiotherapy.ca\/fr\/lassociation\/"},{"@type":"ListItem","position":3,"name":"Vision, mission et strat\u00e9gie","item":"https:\/\/physiotherapy.ca\/fr\/lassociation\/vision-mission-et-strategie\/"},{"@type":"ListItem","position":4,"name":"Partenaires strat\u00e9giques"}]},{"@type":"WebSite","@id":"https:\/\/physiotherapy.ca\/#website","url":"https:\/\/physiotherapy.ca\/","name":"Canadian Physiotherapy Association","description":"The Canadian Physiotherapy Association (CPA) represents over 16,000 physiotherapy professionals and students across Canada.","potentialAction":[{"@type":"SearchAction","target":{"@type":"EntryPoint","urlTemplate":"https:\/\/physiotherapy.ca\/?s={search_term_string}"},"query-input":{"@type":"PropertyValueSpecification","valueRequired":true,"valueName":"search_term_string"}}],"inLanguage":"fr-FR"}]}},"_links":{"self":[{"href":"https:\/\/physiotherapy.ca\/fr\/wp-json\/wp\/v2\/pages\/6771","targetHints":{"allow":["GET"]}}],"collection":[{"href":"https:\/\/physiotherapy.ca\/fr\/wp-json\/wp\/v2\/pages"}],"about":[{"href":"https:\/\/physiotherapy.ca\/fr\/wp-json\/wp\/v2\/types\/page"}],"author":[{"embeddable":true,"href":"https:\/\/physiotherapy.ca\/fr\/wp-json\/wp\/v2\/users\/1"}],"replies":[{"embeddable":true,"href":"https:\/\/physiotherapy.ca\/fr\/wp-json\/wp\/v2\/comments?post=6771"}],"version-history":[{"count":2,"href":"https:\/\/physiotherapy.ca\/fr\/wp-json\/wp\/v2\/pages\/6771\/revisions"}],"predecessor-version":[{"id":6773,"href":"https:\/\/physiotherapy.ca\/fr\/wp-json\/wp\/v2\/pages\/6771\/revisions\/6773"}],"up":[{"embeddable":true,"href":"https:\/\/physiotherapy.ca\/fr\/wp-json\/wp\/v2\/pages\/4206"}],"wp:attachment":[{"href":"https:\/\/physiotherapy.ca\/fr\/wp-json\/wp\/v2\/media?parent=6771"}],"wp:term":[{"taxonomy":"topic","embeddable":true,"href":"https:\/\/physiotherapy.ca\/fr\/wp-json\/wp\/v2\/topic?post=6771"}],"curies":[{"name":"wp","href":"https:\/\/api.w.org\/{rel}","templated":true}]}}