{"id":7029,"date":"2022-08-09T14:03:30","date_gmt":"2022-08-09T18:03:30","guid":{"rendered":"https:\/\/physiotherapy.ca\/?page_id=7029"},"modified":"2022-08-09T14:03:31","modified_gmt":"2022-08-09T18:03:31","slug":"aiguilles-liste-de-verification","status":"publish","type":"page","link":"https:\/\/physiotherapy.ca\/fr\/aiguilles-liste-de-verification\/","title":{"rendered":"Aiguilles : liste de v\u00e9rification"},"content":{"rendered":"\n<h3 class=\"wp-block-heading\">Assurez la s\u00e9curit\u00e9 du patient gr\u00e2ce \u00e0 la liste de v\u00e9rification de l\u2019ACP.<\/h3>\n\n\n\n<p>La liste de v\u00e9rification de l\u2019ACP a \u00e9t\u00e9 mise au point dans le but de r\u00e9duire les risques lors de l\u2019utilisation d\u2019aiguilles. Les physioth\u00e9rapeutes et autres membres du personnel peuvent s\u2019en servir pour am\u00e9liorer l\u2019uniformit\u00e9 et la qualit\u00e9 des soins et la s\u00e9curit\u00e9 de leurs patients.<\/p>\n\n\n\n<div class=\"wp-block-columns is-layout-flex wp-container-core-columns-is-layout-1 wp-block-columns-is-layout-flex\">\n<div class=\"wp-block-column is-layout-flow wp-block-column-is-layout-flow\">\n<div class=\"wp-block-buttons is-layout-flex wp-block-buttons-is-layout-flex\">\n<div class=\"wp-block-button aligncenter\"><a class=\"wp-block-button__link\" href=\"https:\/\/physiotherapy.ca\/app\/uploads\/2022\/08\/risk-needlingquickguide-en.pdf\">Fiche d\u2019information<\/a><\/div>\n<\/div>\n<\/div>\n\n\n\n<div class=\"wp-block-column is-layout-flow wp-block-column-is-layout-flow\">\n<div class=\"wp-block-buttons is-layout-flex wp-block-buttons-is-layout-flex\">\n<div class=\"wp-block-button alignleft\"><a class=\"wp-block-button__link\" href=\"https:\/\/physiotherapy.ca\/app\/uploads\/2022\/08\/risk-needling-safety-checklist-en.pdf\">Liste de v\u00e9rification<\/a><\/div>\n<\/div>\n<\/div>\n<\/div>\n","protected":false},"excerpt":{"rendered":"<p>Assurez la s\u00e9curit\u00e9 du patient gr\u00e2ce \u00e0 la liste de v\u00e9rification de l\u2019ACP. La liste de v\u00e9rification de l\u2019ACP a \u00e9t\u00e9 mise au point dans le but de r\u00e9duire les risques lors de l\u2019utilisation d\u2019aiguilles. Les physioth\u00e9rapeutes et autres membres [&hellip;]<\/p>\n","protected":false},"author":1,"featured_media":0,"parent":0,"menu_order":0,"comment_status":"closed","ping_status":"closed","template":"","meta":{"inline_featured_image":false,"ep_exclude_from_search":false,"footnotes":""},"topic":[],"class_list":["post-7029","page","type-page","status-publish","hentry"],"acf":[],"yoast_head":"<!-- This site is optimized with the Yoast SEO plugin v24.7 - https:\/\/yoast.com\/wordpress\/plugins\/seo\/ -->\n<title>Aiguilles : liste de v\u00e9rification - Canadian Physiotherapy Association<\/title>\n<meta name=\"robots\" content=\"index, follow, max-snippet:-1, max-image-preview:large, max-video-preview:-1\" \/>\n<link rel=\"canonical\" href=\"https:\/\/physiotherapy.ca\/fr\/aiguilles-liste-de-verification\/\" \/>\n<meta property=\"og:locale\" content=\"fr_FR\" \/>\n<meta property=\"og:type\" content=\"article\" \/>\n<meta property=\"og:title\" content=\"Aiguilles : liste de v\u00e9rification - Canadian Physiotherapy Association\" \/>\n<meta property=\"og:description\" content=\"Assurez la s\u00e9curit\u00e9 du patient gr\u00e2ce \u00e0 la liste de v\u00e9rification de l\u2019ACP. La liste de v\u00e9rification de l\u2019ACP a \u00e9t\u00e9 mise au point dans le but de r\u00e9duire les risques lors de l\u2019utilisation d\u2019aiguilles. Les physioth\u00e9rapeutes et autres membres [&hellip;]\" \/>\n<meta property=\"og:url\" content=\"https:\/\/physiotherapy.ca\/fr\/aiguilles-liste-de-verification\/\" \/>\n<meta property=\"og:site_name\" content=\"Canadian Physiotherapy Association\" \/>\n<meta property=\"article:modified_time\" content=\"2022-08-09T18:03:31+00:00\" \/>\n<meta name=\"twitter:card\" content=\"summary_large_image\" \/>\n<meta name=\"twitter:label1\" content=\"Est. reading time\" \/>\n\t<meta name=\"twitter:data1\" content=\"1 minute\" \/>\n<script type=\"application\/ld+json\" class=\"yoast-schema-graph\">{\"@context\":\"https:\/\/schema.org\",\"@graph\":[{\"@type\":\"WebPage\",\"@id\":\"https:\/\/physiotherapy.ca\/fr\/aiguilles-liste-de-verification\/\",\"url\":\"https:\/\/physiotherapy.ca\/fr\/aiguilles-liste-de-verification\/\",\"name\":\"Aiguilles : liste de v\u00e9rification - Canadian Physiotherapy Association\",\"isPartOf\":{\"@id\":\"https:\/\/physiotherapy.ca\/#website\"},\"datePublished\":\"2022-08-09T18:03:30+00:00\",\"dateModified\":\"2022-08-09T18:03:31+00:00\",\"breadcrumb\":{\"@id\":\"https:\/\/physiotherapy.ca\/fr\/aiguilles-liste-de-verification\/#breadcrumb\"},\"inLanguage\":\"fr-FR\",\"potentialAction\":[{\"@type\":\"ReadAction\",\"target\":[\"https:\/\/physiotherapy.ca\/fr\/aiguilles-liste-de-verification\/\"]}]},{\"@type\":\"BreadcrumbList\",\"@id\":\"https:\/\/physiotherapy.ca\/fr\/aiguilles-liste-de-verification\/#breadcrumb\",\"itemListElement\":[{\"@type\":\"ListItem\",\"position\":1,\"name\":\"Home\",\"item\":\"https:\/\/physiotherapy.ca\/fr\/\"},{\"@type\":\"ListItem\",\"position\":2,\"name\":\"Aiguilles : liste de v\u00e9rification\"}]},{\"@type\":\"WebSite\",\"@id\":\"https:\/\/physiotherapy.ca\/#website\",\"url\":\"https:\/\/physiotherapy.ca\/\",\"name\":\"Canadian Physiotherapy Association\",\"description\":\"The Canadian Physiotherapy Association (CPA) represents over 16,000 physiotherapy professionals and students across Canada.\",\"potentialAction\":[{\"@type\":\"SearchAction\",\"target\":{\"@type\":\"EntryPoint\",\"urlTemplate\":\"https:\/\/physiotherapy.ca\/?s={search_term_string}\"},\"query-input\":{\"@type\":\"PropertyValueSpecification\",\"valueRequired\":true,\"valueName\":\"search_term_string\"}}],\"inLanguage\":\"fr-FR\"}]}<\/script>\n<!-- \/ Yoast SEO plugin. -->","yoast_head_json":{"title":"Aiguilles : liste de v\u00e9rification - Canadian Physiotherapy Association","robots":{"index":"index","follow":"follow","max-snippet":"max-snippet:-1","max-image-preview":"max-image-preview:large","max-video-preview":"max-video-preview:-1"},"canonical":"https:\/\/physiotherapy.ca\/fr\/aiguilles-liste-de-verification\/","og_locale":"fr_FR","og_type":"article","og_title":"Aiguilles : liste de v\u00e9rification - Canadian Physiotherapy Association","og_description":"Assurez la s\u00e9curit\u00e9 du patient gr\u00e2ce \u00e0 la liste de v\u00e9rification de l\u2019ACP. La liste de v\u00e9rification de l\u2019ACP a \u00e9t\u00e9 mise au point dans le but de r\u00e9duire les risques lors de l\u2019utilisation d\u2019aiguilles. Les physioth\u00e9rapeutes et autres membres [&hellip;]","og_url":"https:\/\/physiotherapy.ca\/fr\/aiguilles-liste-de-verification\/","og_site_name":"Canadian Physiotherapy Association","article_modified_time":"2022-08-09T18:03:31+00:00","twitter_card":"summary_large_image","twitter_misc":{"Est. reading time":"1 minute"},"schema":{"@context":"https:\/\/schema.org","@graph":[{"@type":"WebPage","@id":"https:\/\/physiotherapy.ca\/fr\/aiguilles-liste-de-verification\/","url":"https:\/\/physiotherapy.ca\/fr\/aiguilles-liste-de-verification\/","name":"Aiguilles : liste de v\u00e9rification - Canadian Physiotherapy Association","isPartOf":{"@id":"https:\/\/physiotherapy.ca\/#website"},"datePublished":"2022-08-09T18:03:30+00:00","dateModified":"2022-08-09T18:03:31+00:00","breadcrumb":{"@id":"https:\/\/physiotherapy.ca\/fr\/aiguilles-liste-de-verification\/#breadcrumb"},"inLanguage":"fr-FR","potentialAction":[{"@type":"ReadAction","target":["https:\/\/physiotherapy.ca\/fr\/aiguilles-liste-de-verification\/"]}]},{"@type":"BreadcrumbList","@id":"https:\/\/physiotherapy.ca\/fr\/aiguilles-liste-de-verification\/#breadcrumb","itemListElement":[{"@type":"ListItem","position":1,"name":"Home","item":"https:\/\/physiotherapy.ca\/fr\/"},{"@type":"ListItem","position":2,"name":"Aiguilles : liste de v\u00e9rification"}]},{"@type":"WebSite","@id":"https:\/\/physiotherapy.ca\/#website","url":"https:\/\/physiotherapy.ca\/","name":"Canadian Physiotherapy Association","description":"The Canadian Physiotherapy Association (CPA) represents over 16,000 physiotherapy professionals and students across Canada.","potentialAction":[{"@type":"SearchAction","target":{"@type":"EntryPoint","urlTemplate":"https:\/\/physiotherapy.ca\/?s={search_term_string}"},"query-input":{"@type":"PropertyValueSpecification","valueRequired":true,"valueName":"search_term_string"}}],"inLanguage":"fr-FR"}]}},"_links":{"self":[{"href":"https:\/\/physiotherapy.ca\/fr\/wp-json\/wp\/v2\/pages\/7029","targetHints":{"allow":["GET"]}}],"collection":[{"href":"https:\/\/physiotherapy.ca\/fr\/wp-json\/wp\/v2\/pages"}],"about":[{"href":"https:\/\/physiotherapy.ca\/fr\/wp-json\/wp\/v2\/types\/page"}],"author":[{"embeddable":true,"href":"https:\/\/physiotherapy.ca\/fr\/wp-json\/wp\/v2\/users\/1"}],"replies":[{"embeddable":true,"href":"https:\/\/physiotherapy.ca\/fr\/wp-json\/wp\/v2\/comments?post=7029"}],"version-history":[{"count":4,"href":"https:\/\/physiotherapy.ca\/fr\/wp-json\/wp\/v2\/pages\/7029\/revisions"}],"predecessor-version":[{"id":7034,"href":"https:\/\/physiotherapy.ca\/fr\/wp-json\/wp\/v2\/pages\/7029\/revisions\/7034"}],"wp:attachment":[{"href":"https:\/\/physiotherapy.ca\/fr\/wp-json\/wp\/v2\/media?parent=7029"}],"wp:term":[{"taxonomy":"topic","embeddable":true,"href":"https:\/\/physiotherapy.ca\/fr\/wp-json\/wp\/v2\/topic?post=7029"}],"curies":[{"name":"wp","href":"https:\/\/api.w.org\/{rel}","templated":true}]}}