{"id":7058,"date":"2022-08-09T14:20:39","date_gmt":"2022-08-09T18:20:39","guid":{"rendered":"https:\/\/physiotherapy.ca\/?page_id=7058"},"modified":"2022-08-09T14:20:40","modified_gmt":"2022-08-09T18:20:40","slug":"vol-didentite","status":"publish","type":"page","link":"https:\/\/physiotherapy.ca\/fr\/vol-didentite\/","title":{"rendered":"Vol d\u2019identit\u00e9"},"content":{"rendered":"\n<h4 class=\"wp-block-heading\">EL\u2019acc\u00e8s facile au num\u00e9ro d\u2019enregistrement des physioth\u00e9rapeutes permet aux criminels d\u2019usurper leur identit\u00e9 pour facturer frauduleusement des services de sant\u00e9 qui n\u2019ont jamais \u00e9t\u00e9 rendus.<\/h4>\n\n\n\n<p>Apprenez \u00e0 prot\u00e9ger votre num\u00e9ro d\u2019enregistrement contre les fraudes.<\/p>\n\n\n\n<div class=\"wp-block-buttons is-layout-flex wp-block-buttons-is-layout-flex\">\n<div class=\"wp-block-button aligncenter\"><a class=\"wp-block-button__link\" href=\"https:\/\/physiotherapy.ca\/app\/uploads\/2022\/08\/risk-identitytheft-en.pdf\">T\u00e9l\u00e9charger<\/a><\/div>\n<\/div>\n","protected":false},"excerpt":{"rendered":"<p>EL\u2019acc\u00e8s facile au num\u00e9ro d\u2019enregistrement des physioth\u00e9rapeutes permet aux criminels d\u2019usurper leur identit\u00e9 pour facturer frauduleusement des services de sant\u00e9 qui n\u2019ont jamais \u00e9t\u00e9 rendus. Apprenez \u00e0 prot\u00e9ger votre num\u00e9ro d\u2019enregistrement contre les fraudes.<\/p>\n","protected":false},"author":1,"featured_media":0,"parent":0,"menu_order":0,"comment_status":"closed","ping_status":"closed","template":"","meta":{"inline_featured_image":false,"ep_exclude_from_search":false,"footnotes":""},"topic":[],"class_list":["post-7058","page","type-page","status-publish","hentry"],"acf":[],"yoast_head":"<!-- This site is optimized with the Yoast SEO plugin v24.7 - https:\/\/yoast.com\/wordpress\/plugins\/seo\/ -->\n<title>Vol d\u2019identit\u00e9 - Canadian Physiotherapy Association<\/title>\n<meta name=\"robots\" content=\"index, follow, max-snippet:-1, max-image-preview:large, max-video-preview:-1\" \/>\n<link rel=\"canonical\" href=\"https:\/\/physiotherapy.ca\/fr\/vol-didentite\/\" \/>\n<meta property=\"og:locale\" content=\"fr_FR\" \/>\n<meta property=\"og:type\" content=\"article\" \/>\n<meta property=\"og:title\" content=\"Vol d\u2019identit\u00e9 - Canadian Physiotherapy Association\" \/>\n<meta property=\"og:description\" content=\"EL\u2019acc\u00e8s facile au num\u00e9ro d\u2019enregistrement des physioth\u00e9rapeutes permet aux criminels d\u2019usurper leur identit\u00e9 pour facturer frauduleusement des services de sant\u00e9 qui n\u2019ont jamais \u00e9t\u00e9 rendus. Apprenez \u00e0 prot\u00e9ger votre num\u00e9ro d\u2019enregistrement contre les fraudes.\" \/>\n<meta property=\"og:url\" content=\"https:\/\/physiotherapy.ca\/fr\/vol-didentite\/\" \/>\n<meta property=\"og:site_name\" content=\"Canadian Physiotherapy Association\" \/>\n<meta property=\"article:modified_time\" content=\"2022-08-09T18:20:40+00:00\" \/>\n<meta name=\"twitter:card\" content=\"summary_large_image\" \/>\n<meta name=\"twitter:label1\" content=\"Est. reading time\" \/>\n\t<meta name=\"twitter:data1\" content=\"1 minute\" \/>\n<script type=\"application\/ld+json\" class=\"yoast-schema-graph\">{\"@context\":\"https:\/\/schema.org\",\"@graph\":[{\"@type\":\"WebPage\",\"@id\":\"https:\/\/physiotherapy.ca\/fr\/vol-didentite\/\",\"url\":\"https:\/\/physiotherapy.ca\/fr\/vol-didentite\/\",\"name\":\"Vol d\u2019identit\u00e9 - Canadian Physiotherapy Association\",\"isPartOf\":{\"@id\":\"https:\/\/physiotherapy.ca\/#website\"},\"datePublished\":\"2022-08-09T18:20:39+00:00\",\"dateModified\":\"2022-08-09T18:20:40+00:00\",\"breadcrumb\":{\"@id\":\"https:\/\/physiotherapy.ca\/fr\/vol-didentite\/#breadcrumb\"},\"inLanguage\":\"fr-FR\",\"potentialAction\":[{\"@type\":\"ReadAction\",\"target\":[\"https:\/\/physiotherapy.ca\/fr\/vol-didentite\/\"]}]},{\"@type\":\"BreadcrumbList\",\"@id\":\"https:\/\/physiotherapy.ca\/fr\/vol-didentite\/#breadcrumb\",\"itemListElement\":[{\"@type\":\"ListItem\",\"position\":1,\"name\":\"Home\",\"item\":\"https:\/\/physiotherapy.ca\/fr\/\"},{\"@type\":\"ListItem\",\"position\":2,\"name\":\"Vol d\u2019identit\u00e9\"}]},{\"@type\":\"WebSite\",\"@id\":\"https:\/\/physiotherapy.ca\/#website\",\"url\":\"https:\/\/physiotherapy.ca\/\",\"name\":\"Canadian Physiotherapy Association\",\"description\":\"The Canadian Physiotherapy Association (CPA) represents over 16,000 physiotherapy professionals and students across Canada.\",\"potentialAction\":[{\"@type\":\"SearchAction\",\"target\":{\"@type\":\"EntryPoint\",\"urlTemplate\":\"https:\/\/physiotherapy.ca\/?s={search_term_string}\"},\"query-input\":{\"@type\":\"PropertyValueSpecification\",\"valueRequired\":true,\"valueName\":\"search_term_string\"}}],\"inLanguage\":\"fr-FR\"}]}<\/script>\n<!-- \/ Yoast SEO plugin. -->","yoast_head_json":{"title":"Vol d\u2019identit\u00e9 - Canadian Physiotherapy Association","robots":{"index":"index","follow":"follow","max-snippet":"max-snippet:-1","max-image-preview":"max-image-preview:large","max-video-preview":"max-video-preview:-1"},"canonical":"https:\/\/physiotherapy.ca\/fr\/vol-didentite\/","og_locale":"fr_FR","og_type":"article","og_title":"Vol d\u2019identit\u00e9 - Canadian Physiotherapy Association","og_description":"EL\u2019acc\u00e8s facile au num\u00e9ro d\u2019enregistrement des physioth\u00e9rapeutes permet aux criminels d\u2019usurper leur identit\u00e9 pour facturer frauduleusement des services de sant\u00e9 qui n\u2019ont jamais \u00e9t\u00e9 rendus. Apprenez \u00e0 prot\u00e9ger votre num\u00e9ro d\u2019enregistrement contre les fraudes.","og_url":"https:\/\/physiotherapy.ca\/fr\/vol-didentite\/","og_site_name":"Canadian Physiotherapy Association","article_modified_time":"2022-08-09T18:20:40+00:00","twitter_card":"summary_large_image","twitter_misc":{"Est. reading time":"1 minute"},"schema":{"@context":"https:\/\/schema.org","@graph":[{"@type":"WebPage","@id":"https:\/\/physiotherapy.ca\/fr\/vol-didentite\/","url":"https:\/\/physiotherapy.ca\/fr\/vol-didentite\/","name":"Vol d\u2019identit\u00e9 - Canadian Physiotherapy Association","isPartOf":{"@id":"https:\/\/physiotherapy.ca\/#website"},"datePublished":"2022-08-09T18:20:39+00:00","dateModified":"2022-08-09T18:20:40+00:00","breadcrumb":{"@id":"https:\/\/physiotherapy.ca\/fr\/vol-didentite\/#breadcrumb"},"inLanguage":"fr-FR","potentialAction":[{"@type":"ReadAction","target":["https:\/\/physiotherapy.ca\/fr\/vol-didentite\/"]}]},{"@type":"BreadcrumbList","@id":"https:\/\/physiotherapy.ca\/fr\/vol-didentite\/#breadcrumb","itemListElement":[{"@type":"ListItem","position":1,"name":"Home","item":"https:\/\/physiotherapy.ca\/fr\/"},{"@type":"ListItem","position":2,"name":"Vol d\u2019identit\u00e9"}]},{"@type":"WebSite","@id":"https:\/\/physiotherapy.ca\/#website","url":"https:\/\/physiotherapy.ca\/","name":"Canadian Physiotherapy Association","description":"The Canadian Physiotherapy Association (CPA) represents over 16,000 physiotherapy professionals and students across Canada.","potentialAction":[{"@type":"SearchAction","target":{"@type":"EntryPoint","urlTemplate":"https:\/\/physiotherapy.ca\/?s={search_term_string}"},"query-input":{"@type":"PropertyValueSpecification","valueRequired":true,"valueName":"search_term_string"}}],"inLanguage":"fr-FR"}]}},"_links":{"self":[{"href":"https:\/\/physiotherapy.ca\/fr\/wp-json\/wp\/v2\/pages\/7058","targetHints":{"allow":["GET"]}}],"collection":[{"href":"https:\/\/physiotherapy.ca\/fr\/wp-json\/wp\/v2\/pages"}],"about":[{"href":"https:\/\/physiotherapy.ca\/fr\/wp-json\/wp\/v2\/types\/page"}],"author":[{"embeddable":true,"href":"https:\/\/physiotherapy.ca\/fr\/wp-json\/wp\/v2\/users\/1"}],"replies":[{"embeddable":true,"href":"https:\/\/physiotherapy.ca\/fr\/wp-json\/wp\/v2\/comments?post=7058"}],"version-history":[{"count":3,"href":"https:\/\/physiotherapy.ca\/fr\/wp-json\/wp\/v2\/pages\/7058\/revisions"}],"predecessor-version":[{"id":7077,"href":"https:\/\/physiotherapy.ca\/fr\/wp-json\/wp\/v2\/pages\/7058\/revisions\/7077"}],"wp:attachment":[{"href":"https:\/\/physiotherapy.ca\/fr\/wp-json\/wp\/v2\/media?parent=7058"}],"wp:term":[{"taxonomy":"topic","embeddable":true,"href":"https:\/\/physiotherapy.ca\/fr\/wp-json\/wp\/v2\/topic?post=7058"}],"curies":[{"name":"wp","href":"https:\/\/api.w.org\/{rel}","templated":true}]}}