{"id":7078,"date":"2022-08-09T14:22:48","date_gmt":"2022-08-09T18:22:48","guid":{"rendered":"https:\/\/physiotherapy.ca\/?page_id=7078"},"modified":"2022-08-09T14:22:49","modified_gmt":"2022-08-09T18:22:49","slug":"plaintes-deposees-aupres-de-lordre-professionnel","status":"publish","type":"page","link":"https:\/\/physiotherapy.ca\/fr\/plaintes-deposees-aupres-de-lordre-professionnel\/","title":{"rendered":"Plaintes d\u00e9pos\u00e9es aupr\u00e8s de l\u2019ordre professionnel"},"content":{"rendered":"\n<h4 class=\"wp-block-heading\">Toutefois, aucun physioth\u00e9rapeute n\u2019est \u00e0 l\u2019abri d\u2019une plainte, m\u00eame le plus prudent et le plus rigoureux.<\/h4>\n\n\n\n<p>L\u2019\u00e9quipe juridique de l\u2019ACP, chez Gowlings, a pr\u00e9par\u00e9 une ressource pour expliquer ce qui se passe lorsqu\u2019une plainte est d\u00e9pos\u00e9e contre vous aupr\u00e8s de votre ordre professionnel.<\/p>\n\n\n\n<div class=\"wp-block-buttons is-layout-flex wp-block-buttons-is-layout-flex\">\n<div class=\"wp-block-button aligncenter\"><a class=\"wp-block-button__link\" href=\"https:\/\/physiotherapy.ca\/app\/uploads\/2022\/08\/risk-regcomplaintsgowlings-en.pdf\">T\u00e9l\u00e9charger<\/a><\/div>\n<\/div>\n","protected":false},"excerpt":{"rendered":"<p>Toutefois, aucun physioth\u00e9rapeute n\u2019est \u00e0 l\u2019abri d\u2019une plainte, m\u00eame le plus prudent et le plus rigoureux. L\u2019\u00e9quipe juridique de l\u2019ACP, chez Gowlings, a pr\u00e9par\u00e9 une ressource pour expliquer ce qui se passe lorsqu\u2019une plainte est d\u00e9pos\u00e9e contre vous aupr\u00e8s de [&hellip;]<\/p>\n","protected":false},"author":1,"featured_media":0,"parent":0,"menu_order":0,"comment_status":"closed","ping_status":"closed","template":"","meta":{"inline_featured_image":false,"ep_exclude_from_search":false,"footnotes":""},"topic":[],"class_list":["post-7078","page","type-page","status-publish","hentry"],"acf":[],"yoast_head":"<!-- This site is optimized with the Yoast SEO plugin v24.7 - https:\/\/yoast.com\/wordpress\/plugins\/seo\/ -->\n<title>Plaintes d\u00e9pos\u00e9es aupr\u00e8s de l\u2019ordre professionnel - Canadian Physiotherapy Association<\/title>\n<meta name=\"robots\" content=\"index, follow, max-snippet:-1, max-image-preview:large, max-video-preview:-1\" \/>\n<link rel=\"canonical\" href=\"https:\/\/physiotherapy.ca\/fr\/plaintes-deposees-aupres-de-lordre-professionnel\/\" \/>\n<meta property=\"og:locale\" content=\"fr_FR\" \/>\n<meta property=\"og:type\" content=\"article\" \/>\n<meta property=\"og:title\" content=\"Plaintes d\u00e9pos\u00e9es aupr\u00e8s de l\u2019ordre professionnel - Canadian Physiotherapy Association\" \/>\n<meta property=\"og:description\" content=\"Toutefois, aucun physioth\u00e9rapeute n\u2019est \u00e0 l\u2019abri d\u2019une plainte, m\u00eame le plus prudent et le plus rigoureux. L\u2019\u00e9quipe juridique de l\u2019ACP, chez Gowlings, a pr\u00e9par\u00e9 une ressource pour expliquer ce qui se passe lorsqu\u2019une plainte est d\u00e9pos\u00e9e contre vous aupr\u00e8s de [&hellip;]\" \/>\n<meta property=\"og:url\" content=\"https:\/\/physiotherapy.ca\/fr\/plaintes-deposees-aupres-de-lordre-professionnel\/\" \/>\n<meta property=\"og:site_name\" content=\"Canadian Physiotherapy Association\" \/>\n<meta property=\"article:modified_time\" content=\"2022-08-09T18:22:49+00:00\" \/>\n<meta name=\"twitter:card\" content=\"summary_large_image\" \/>\n<meta name=\"twitter:label1\" content=\"Est. reading time\" \/>\n\t<meta name=\"twitter:data1\" content=\"1 minute\" \/>\n<script type=\"application\/ld+json\" class=\"yoast-schema-graph\">{\"@context\":\"https:\/\/schema.org\",\"@graph\":[{\"@type\":\"WebPage\",\"@id\":\"https:\/\/physiotherapy.ca\/fr\/plaintes-deposees-aupres-de-lordre-professionnel\/\",\"url\":\"https:\/\/physiotherapy.ca\/fr\/plaintes-deposees-aupres-de-lordre-professionnel\/\",\"name\":\"Plaintes d\u00e9pos\u00e9es aupr\u00e8s de l\u2019ordre professionnel - Canadian Physiotherapy Association\",\"isPartOf\":{\"@id\":\"https:\/\/physiotherapy.ca\/#website\"},\"datePublished\":\"2022-08-09T18:22:48+00:00\",\"dateModified\":\"2022-08-09T18:22:49+00:00\",\"breadcrumb\":{\"@id\":\"https:\/\/physiotherapy.ca\/fr\/plaintes-deposees-aupres-de-lordre-professionnel\/#breadcrumb\"},\"inLanguage\":\"fr-FR\",\"potentialAction\":[{\"@type\":\"ReadAction\",\"target\":[\"https:\/\/physiotherapy.ca\/fr\/plaintes-deposees-aupres-de-lordre-professionnel\/\"]}]},{\"@type\":\"BreadcrumbList\",\"@id\":\"https:\/\/physiotherapy.ca\/fr\/plaintes-deposees-aupres-de-lordre-professionnel\/#breadcrumb\",\"itemListElement\":[{\"@type\":\"ListItem\",\"position\":1,\"name\":\"Home\",\"item\":\"https:\/\/physiotherapy.ca\/fr\/\"},{\"@type\":\"ListItem\",\"position\":2,\"name\":\"Plaintes d\u00e9pos\u00e9es aupr\u00e8s de l\u2019ordre professionnel\"}]},{\"@type\":\"WebSite\",\"@id\":\"https:\/\/physiotherapy.ca\/#website\",\"url\":\"https:\/\/physiotherapy.ca\/\",\"name\":\"Canadian Physiotherapy Association\",\"description\":\"The Canadian Physiotherapy Association (CPA) represents over 16,000 physiotherapy professionals and students across Canada.\",\"potentialAction\":[{\"@type\":\"SearchAction\",\"target\":{\"@type\":\"EntryPoint\",\"urlTemplate\":\"https:\/\/physiotherapy.ca\/?s={search_term_string}\"},\"query-input\":{\"@type\":\"PropertyValueSpecification\",\"valueRequired\":true,\"valueName\":\"search_term_string\"}}],\"inLanguage\":\"fr-FR\"}]}<\/script>\n<!-- \/ Yoast SEO plugin. -->","yoast_head_json":{"title":"Plaintes d\u00e9pos\u00e9es aupr\u00e8s de l\u2019ordre professionnel - Canadian Physiotherapy Association","robots":{"index":"index","follow":"follow","max-snippet":"max-snippet:-1","max-image-preview":"max-image-preview:large","max-video-preview":"max-video-preview:-1"},"canonical":"https:\/\/physiotherapy.ca\/fr\/plaintes-deposees-aupres-de-lordre-professionnel\/","og_locale":"fr_FR","og_type":"article","og_title":"Plaintes d\u00e9pos\u00e9es aupr\u00e8s de l\u2019ordre professionnel - Canadian Physiotherapy Association","og_description":"Toutefois, aucun physioth\u00e9rapeute n\u2019est \u00e0 l\u2019abri d\u2019une plainte, m\u00eame le plus prudent et le plus rigoureux. L\u2019\u00e9quipe juridique de l\u2019ACP, chez Gowlings, a pr\u00e9par\u00e9 une ressource pour expliquer ce qui se passe lorsqu\u2019une plainte est d\u00e9pos\u00e9e contre vous aupr\u00e8s de [&hellip;]","og_url":"https:\/\/physiotherapy.ca\/fr\/plaintes-deposees-aupres-de-lordre-professionnel\/","og_site_name":"Canadian Physiotherapy Association","article_modified_time":"2022-08-09T18:22:49+00:00","twitter_card":"summary_large_image","twitter_misc":{"Est. reading time":"1 minute"},"schema":{"@context":"https:\/\/schema.org","@graph":[{"@type":"WebPage","@id":"https:\/\/physiotherapy.ca\/fr\/plaintes-deposees-aupres-de-lordre-professionnel\/","url":"https:\/\/physiotherapy.ca\/fr\/plaintes-deposees-aupres-de-lordre-professionnel\/","name":"Plaintes d\u00e9pos\u00e9es aupr\u00e8s de l\u2019ordre professionnel - Canadian Physiotherapy Association","isPartOf":{"@id":"https:\/\/physiotherapy.ca\/#website"},"datePublished":"2022-08-09T18:22:48+00:00","dateModified":"2022-08-09T18:22:49+00:00","breadcrumb":{"@id":"https:\/\/physiotherapy.ca\/fr\/plaintes-deposees-aupres-de-lordre-professionnel\/#breadcrumb"},"inLanguage":"fr-FR","potentialAction":[{"@type":"ReadAction","target":["https:\/\/physiotherapy.ca\/fr\/plaintes-deposees-aupres-de-lordre-professionnel\/"]}]},{"@type":"BreadcrumbList","@id":"https:\/\/physiotherapy.ca\/fr\/plaintes-deposees-aupres-de-lordre-professionnel\/#breadcrumb","itemListElement":[{"@type":"ListItem","position":1,"name":"Home","item":"https:\/\/physiotherapy.ca\/fr\/"},{"@type":"ListItem","position":2,"name":"Plaintes d\u00e9pos\u00e9es aupr\u00e8s de l\u2019ordre professionnel"}]},{"@type":"WebSite","@id":"https:\/\/physiotherapy.ca\/#website","url":"https:\/\/physiotherapy.ca\/","name":"Canadian Physiotherapy Association","description":"The Canadian Physiotherapy Association (CPA) represents over 16,000 physiotherapy professionals and students across Canada.","potentialAction":[{"@type":"SearchAction","target":{"@type":"EntryPoint","urlTemplate":"https:\/\/physiotherapy.ca\/?s={search_term_string}"},"query-input":{"@type":"PropertyValueSpecification","valueRequired":true,"valueName":"search_term_string"}}],"inLanguage":"fr-FR"}]}},"_links":{"self":[{"href":"https:\/\/physiotherapy.ca\/fr\/wp-json\/wp\/v2\/pages\/7078","targetHints":{"allow":["GET"]}}],"collection":[{"href":"https:\/\/physiotherapy.ca\/fr\/wp-json\/wp\/v2\/pages"}],"about":[{"href":"https:\/\/physiotherapy.ca\/fr\/wp-json\/wp\/v2\/types\/page"}],"author":[{"embeddable":true,"href":"https:\/\/physiotherapy.ca\/fr\/wp-json\/wp\/v2\/users\/1"}],"replies":[{"embeddable":true,"href":"https:\/\/physiotherapy.ca\/fr\/wp-json\/wp\/v2\/comments?post=7078"}],"version-history":[{"count":3,"href":"https:\/\/physiotherapy.ca\/fr\/wp-json\/wp\/v2\/pages\/7078\/revisions"}],"predecessor-version":[{"id":7083,"href":"https:\/\/physiotherapy.ca\/fr\/wp-json\/wp\/v2\/pages\/7078\/revisions\/7083"}],"wp:attachment":[{"href":"https:\/\/physiotherapy.ca\/fr\/wp-json\/wp\/v2\/media?parent=7078"}],"wp:term":[{"taxonomy":"topic","embeddable":true,"href":"https:\/\/physiotherapy.ca\/fr\/wp-json\/wp\/v2\/topic?post=7078"}],"curies":[{"name":"wp","href":"https:\/\/api.w.org\/{rel}","templated":true}]}}