{"id":7136,"date":"2022-08-09T14:41:49","date_gmt":"2022-08-09T18:41:49","guid":{"rendered":"https:\/\/physiotherapy.ca\/?page_id=7136"},"modified":"2022-08-09T14:41:50","modified_gmt":"2022-08-09T18:41:50","slug":"agents-electrophysiques-registre-de-controle-et-de-nettoyage","status":"publish","type":"page","link":"https:\/\/physiotherapy.ca\/fr\/agents-electrophysiques-registre-de-controle-et-de-nettoyage\/","title":{"rendered":"Agents \u00e9lectrophysiques : registre de contr\u00f4le et de nettoyage"},"content":{"rendered":"\n<h4 class=\"wp-block-heading\">R\u00e9duire les risques li\u00e9s \u00e0 la th\u00e9rapie par chaleur humide<\/h4>\n\n\n\n<p>Le registre de contr\u00f4le et de nettoyage de l\u2019ACP\u00a0contient des consignes de s\u00e9curit\u00e9 qui permettent de r\u00e9duire les risques pour les patients lors de l\u2019utilisation de compresses chaudes. Physioth\u00e9rapeutes et autres membres du personnel soignant peuvent s\u2019en servir pour v\u00e9rifier que le mat\u00e9riel qu\u2019ils utilisent est s\u00e9curitaire et pr\u00e9cis. Et n\u2019oubliez pas que la tenue de dossiers sur l\u2019entretien du mat\u00e9riel est exig\u00e9e par votre\u00a0ordre\u00a0professionnel. La feuille de contr\u00f4le de l\u2019ACP vous servira de dossier de conformit\u00e9.<\/p>\n\n\n\n<div class=\"wp-block-columns is-layout-flex wp-container-core-columns-is-layout-1 wp-block-columns-is-layout-flex\">\n<div class=\"wp-block-column is-layout-flow wp-block-column-is-layout-flow\">\n<div class=\"wp-block-buttons is-layout-flex wp-block-buttons-is-layout-flex\">\n<div class=\"wp-block-button aligncenter\"><a class=\"wp-block-button__link\" href=\"https:\/\/physiotherapy.ca\/app\/uploads\/2022\/08\/risk-epa-cleaninglog-en.pdf\">Registre de contr\u00f4le et de nettoyage<\/a><\/div>\n<\/div>\n<\/div>\n\n\n\n<div class=\"wp-block-column is-layout-flow wp-block-column-is-layout-flow\">\n<div class=\"wp-block-buttons is-layout-flex wp-block-buttons-is-layout-flex\">\n<div class=\"wp-block-button\"><a class=\"wp-block-button__link\" href=\"https:\/\/physiotherapy.ca\/app\/uploads\/2022\/08\/risk-epa-cleaninglog_instruction-en.pdf\">Instructions pour remplir\u00a0le registre<\/a><\/div>\n<\/div>\n<\/div>\n<\/div>\n\n\n\n<div class=\"wp-block-buttons is-layout-flex wp-block-buttons-is-layout-flex\"><\/div>\n","protected":false},"excerpt":{"rendered":"<p>R\u00e9duire les risques li\u00e9s \u00e0 la th\u00e9rapie par chaleur humide Le registre de contr\u00f4le et de nettoyage de l\u2019ACP\u00a0contient des consignes de s\u00e9curit\u00e9 qui permettent de r\u00e9duire les risques pour les patients lors de l\u2019utilisation de compresses chaudes. Physioth\u00e9rapeutes et [&hellip;]<\/p>\n","protected":false},"author":1,"featured_media":0,"parent":0,"menu_order":0,"comment_status":"closed","ping_status":"closed","template":"","meta":{"inline_featured_image":false,"ep_exclude_from_search":false,"footnotes":""},"topic":[],"class_list":["post-7136","page","type-page","status-publish","hentry"],"acf":[],"yoast_head":"<!-- This site is optimized with the Yoast SEO plugin v24.7 - https:\/\/yoast.com\/wordpress\/plugins\/seo\/ -->\n<title>Agents \u00e9lectrophysiques : registre de contr\u00f4le et de nettoyage - Canadian Physiotherapy Association<\/title>\n<meta name=\"robots\" content=\"index, follow, max-snippet:-1, max-image-preview:large, max-video-preview:-1\" \/>\n<link rel=\"canonical\" href=\"https:\/\/physiotherapy.ca\/fr\/agents-electrophysiques-registre-de-controle-et-de-nettoyage\/\" \/>\n<meta property=\"og:locale\" content=\"fr_FR\" \/>\n<meta property=\"og:type\" content=\"article\" \/>\n<meta property=\"og:title\" content=\"Agents \u00e9lectrophysiques : registre de contr\u00f4le et de nettoyage - Canadian Physiotherapy Association\" \/>\n<meta property=\"og:description\" content=\"R\u00e9duire les risques li\u00e9s \u00e0 la th\u00e9rapie par chaleur humide Le registre de contr\u00f4le et de nettoyage de l\u2019ACP\u00a0contient des consignes de s\u00e9curit\u00e9 qui permettent de r\u00e9duire les risques pour les patients lors de l\u2019utilisation de compresses chaudes. Physioth\u00e9rapeutes et [&hellip;]\" \/>\n<meta property=\"og:url\" content=\"https:\/\/physiotherapy.ca\/fr\/agents-electrophysiques-registre-de-controle-et-de-nettoyage\/\" \/>\n<meta property=\"og:site_name\" content=\"Canadian Physiotherapy Association\" \/>\n<meta property=\"article:modified_time\" content=\"2022-08-09T18:41:50+00:00\" \/>\n<meta name=\"twitter:card\" content=\"summary_large_image\" \/>\n<meta name=\"twitter:label1\" content=\"Est. reading time\" \/>\n\t<meta name=\"twitter:data1\" content=\"1 minute\" \/>\n<script type=\"application\/ld+json\" class=\"yoast-schema-graph\">{\"@context\":\"https:\/\/schema.org\",\"@graph\":[{\"@type\":\"WebPage\",\"@id\":\"https:\/\/physiotherapy.ca\/fr\/agents-electrophysiques-registre-de-controle-et-de-nettoyage\/\",\"url\":\"https:\/\/physiotherapy.ca\/fr\/agents-electrophysiques-registre-de-controle-et-de-nettoyage\/\",\"name\":\"Agents \u00e9lectrophysiques : registre de contr\u00f4le et de nettoyage - Canadian Physiotherapy Association\",\"isPartOf\":{\"@id\":\"https:\/\/physiotherapy.ca\/#website\"},\"datePublished\":\"2022-08-09T18:41:49+00:00\",\"dateModified\":\"2022-08-09T18:41:50+00:00\",\"breadcrumb\":{\"@id\":\"https:\/\/physiotherapy.ca\/fr\/agents-electrophysiques-registre-de-controle-et-de-nettoyage\/#breadcrumb\"},\"inLanguage\":\"fr-FR\",\"potentialAction\":[{\"@type\":\"ReadAction\",\"target\":[\"https:\/\/physiotherapy.ca\/fr\/agents-electrophysiques-registre-de-controle-et-de-nettoyage\/\"]}]},{\"@type\":\"BreadcrumbList\",\"@id\":\"https:\/\/physiotherapy.ca\/fr\/agents-electrophysiques-registre-de-controle-et-de-nettoyage\/#breadcrumb\",\"itemListElement\":[{\"@type\":\"ListItem\",\"position\":1,\"name\":\"Home\",\"item\":\"https:\/\/physiotherapy.ca\/fr\/\"},{\"@type\":\"ListItem\",\"position\":2,\"name\":\"Agents \u00e9lectrophysiques : registre de contr\u00f4le et de nettoyage\"}]},{\"@type\":\"WebSite\",\"@id\":\"https:\/\/physiotherapy.ca\/#website\",\"url\":\"https:\/\/physiotherapy.ca\/\",\"name\":\"Canadian Physiotherapy Association\",\"description\":\"The Canadian Physiotherapy Association (CPA) represents over 16,000 physiotherapy professionals and students across Canada.\",\"potentialAction\":[{\"@type\":\"SearchAction\",\"target\":{\"@type\":\"EntryPoint\",\"urlTemplate\":\"https:\/\/physiotherapy.ca\/?s={search_term_string}\"},\"query-input\":{\"@type\":\"PropertyValueSpecification\",\"valueRequired\":true,\"valueName\":\"search_term_string\"}}],\"inLanguage\":\"fr-FR\"}]}<\/script>\n<!-- \/ Yoast SEO plugin. -->","yoast_head_json":{"title":"Agents \u00e9lectrophysiques : registre de contr\u00f4le et de nettoyage - Canadian Physiotherapy Association","robots":{"index":"index","follow":"follow","max-snippet":"max-snippet:-1","max-image-preview":"max-image-preview:large","max-video-preview":"max-video-preview:-1"},"canonical":"https:\/\/physiotherapy.ca\/fr\/agents-electrophysiques-registre-de-controle-et-de-nettoyage\/","og_locale":"fr_FR","og_type":"article","og_title":"Agents \u00e9lectrophysiques : registre de contr\u00f4le et de nettoyage - Canadian Physiotherapy Association","og_description":"R\u00e9duire les risques li\u00e9s \u00e0 la th\u00e9rapie par chaleur humide Le registre de contr\u00f4le et de nettoyage de l\u2019ACP\u00a0contient des consignes de s\u00e9curit\u00e9 qui permettent de r\u00e9duire les risques pour les patients lors de l\u2019utilisation de compresses chaudes. Physioth\u00e9rapeutes et [&hellip;]","og_url":"https:\/\/physiotherapy.ca\/fr\/agents-electrophysiques-registre-de-controle-et-de-nettoyage\/","og_site_name":"Canadian Physiotherapy Association","article_modified_time":"2022-08-09T18:41:50+00:00","twitter_card":"summary_large_image","twitter_misc":{"Est. reading time":"1 minute"},"schema":{"@context":"https:\/\/schema.org","@graph":[{"@type":"WebPage","@id":"https:\/\/physiotherapy.ca\/fr\/agents-electrophysiques-registre-de-controle-et-de-nettoyage\/","url":"https:\/\/physiotherapy.ca\/fr\/agents-electrophysiques-registre-de-controle-et-de-nettoyage\/","name":"Agents \u00e9lectrophysiques : registre de contr\u00f4le et de nettoyage - Canadian Physiotherapy Association","isPartOf":{"@id":"https:\/\/physiotherapy.ca\/#website"},"datePublished":"2022-08-09T18:41:49+00:00","dateModified":"2022-08-09T18:41:50+00:00","breadcrumb":{"@id":"https:\/\/physiotherapy.ca\/fr\/agents-electrophysiques-registre-de-controle-et-de-nettoyage\/#breadcrumb"},"inLanguage":"fr-FR","potentialAction":[{"@type":"ReadAction","target":["https:\/\/physiotherapy.ca\/fr\/agents-electrophysiques-registre-de-controle-et-de-nettoyage\/"]}]},{"@type":"BreadcrumbList","@id":"https:\/\/physiotherapy.ca\/fr\/agents-electrophysiques-registre-de-controle-et-de-nettoyage\/#breadcrumb","itemListElement":[{"@type":"ListItem","position":1,"name":"Home","item":"https:\/\/physiotherapy.ca\/fr\/"},{"@type":"ListItem","position":2,"name":"Agents \u00e9lectrophysiques : registre de contr\u00f4le et de nettoyage"}]},{"@type":"WebSite","@id":"https:\/\/physiotherapy.ca\/#website","url":"https:\/\/physiotherapy.ca\/","name":"Canadian Physiotherapy Association","description":"The Canadian Physiotherapy Association (CPA) represents over 16,000 physiotherapy professionals and students across Canada.","potentialAction":[{"@type":"SearchAction","target":{"@type":"EntryPoint","urlTemplate":"https:\/\/physiotherapy.ca\/?s={search_term_string}"},"query-input":{"@type":"PropertyValueSpecification","valueRequired":true,"valueName":"search_term_string"}}],"inLanguage":"fr-FR"}]}},"_links":{"self":[{"href":"https:\/\/physiotherapy.ca\/fr\/wp-json\/wp\/v2\/pages\/7136","targetHints":{"allow":["GET"]}}],"collection":[{"href":"https:\/\/physiotherapy.ca\/fr\/wp-json\/wp\/v2\/pages"}],"about":[{"href":"https:\/\/physiotherapy.ca\/fr\/wp-json\/wp\/v2\/types\/page"}],"author":[{"embeddable":true,"href":"https:\/\/physiotherapy.ca\/fr\/wp-json\/wp\/v2\/users\/1"}],"replies":[{"embeddable":true,"href":"https:\/\/physiotherapy.ca\/fr\/wp-json\/wp\/v2\/comments?post=7136"}],"version-history":[{"count":3,"href":"https:\/\/physiotherapy.ca\/fr\/wp-json\/wp\/v2\/pages\/7136\/revisions"}],"predecessor-version":[{"id":7139,"href":"https:\/\/physiotherapy.ca\/fr\/wp-json\/wp\/v2\/pages\/7136\/revisions\/7139"}],"wp:attachment":[{"href":"https:\/\/physiotherapy.ca\/fr\/wp-json\/wp\/v2\/media?parent=7136"}],"wp:term":[{"taxonomy":"topic","embeddable":true,"href":"https:\/\/physiotherapy.ca\/fr\/wp-json\/wp\/v2\/topic?post=7136"}],"curies":[{"name":"wp","href":"https:\/\/api.w.org\/{rel}","templated":true}]}}