{"id":75764,"date":"2022-10-11T13:30:39","date_gmt":"2022-10-11T17:30:39","guid":{"rendered":"https:\/\/physiotherapy.ca\/?page_id=75764"},"modified":"2022-10-11T13:30:40","modified_gmt":"2022-10-11T17:30:40","slug":"lettre-ouverte-au-premier-ministre","status":"publish","type":"page","link":"https:\/\/physiotherapy.ca\/fr\/lettre-ouverte-au-premier-ministre\/","title":{"rendered":"Lettre ouverte au Premier ministre"},"content":{"rendered":"\n<p>Le 12 <em>octobre 2022<\/em><\/p>\n\n\n\n<p><em><strong><em>Le tr\u00e8s honorable Justin\u00a0Trudeau<\/em>\u00a0<\/strong>\u00a0\u00a0\u00a0\u00a0\u00a0\u00a0\u00a0\u00a0\u00a0\u00a0\u00a0\u00a0\u00a0\u00a0\u00a0\u00a0\u00a0\u00a0\u00a0\u00a0\u00a0 \u00a0\u00a0\u00a0\u00a0<\/em><\/p>\n\n\n\n<p><em>Premier Ministre du Canada<\/em>2Cabinet du premier ministre<br>80, rue Wellington<br>Ottawa (Ontario)\u00a0K1A 0A2<\/p>\n\n\n\n<p>Courriel\u00a0:\u00a0<a href=\"mailto:pm@pm.gc.ca\">pm@pm.gc.ca<\/a><\/p>\n\n\n\n<p><em><strong>L\u2019honorable Chrystia\u00a0Freeland<\/strong><\/em><\/p>\n\n\n\n<p>Vice-Premi\u00e8re Ministre et Ministre des Finances<br>Minist\u00e8re des Finances<br>90, rue Elgin<br>Ottawa (Ontario) K1A 0G5<br>Courriel\u00a0: <a href=\"mailto:chrystia.freeland@fin.gc.ca\">chrystia.freeland@fin.gc.ca<\/a><\/p>\n\n\n\n<p><u><strong>Objet\u00a0: Les physioth\u00e9rapeutes peuvent contribuer d\u00e8s maintenant \u00e0 r\u00e9duire les pressions s\u2019exer\u00e7ant sur le syst\u00e8me de sant\u00e9 canadien<\/strong><\/u><\/p>\n\n\n\n<hr class=\"wp-block-separator has-alpha-channel-opacity\"\/>\n\n\n\n<p>Monsieur le Premier Ministre, Madame la Vice-Premi\u00e8re Ministre,<\/p>\n\n\n\n<p>Le vieillissement de la population, l\u2019\u00e9puisement des travailleurs de la sant\u00e9 de premi\u00e8re ligne apr\u00e8s deux ann\u00e9es de pand\u00e9mie et les d\u00e9bordements dans les salles d\u2019urgence font porter un fardeau accablant \u00e0 notre syst\u00e8me de sant\u00e9. La situation est critique et appelle des mesures et des solutions pouvant \u00eatre mises en place sur-le-champ.<\/p>\n\n\n\n<p>Les physioth\u00e9rapeutes peuvent d\u00e8s maintenant contribuer \u00e0 relever les plus grands d\u00e9fis du pays en mati\u00e8re de sant\u00e9, dont l\u2019urgence de r\u00e9pondre aux besoins de la population vieillissante et des personnes souffrant de douleur chronique, de venir en aide aux Canadiens vivant avec le syndrome post-COVID-19 et d\u2019augmenter la prise en charge non pharmacologique de la douleur.<\/p>\n\n\n\n<p>La physioth\u00e9rapie entre d\u00e9j\u00e0 dans le champ d\u2019application de la port\u00e9e de la <em>Loi canadienne sur la sant\u00e9<\/em>, mais ses professionnels sont actuellement sous-utilis\u00e9s dans le syst\u00e8me de sant\u00e9. Nous savons que nous pouvons en faire plus pour les patients en aidant les autres prestataires de soins primaires \u00e0 offrir des services de grande qualit\u00e9, que ce soit \u00e0 domicile, dans les cliniques communautaires ou de soins primaires, les \u00e9tablissements de traitement ou les salles d\u2019urgence. Nous reconnaissons que des changements touchant la prestation des services de sant\u00e9 n\u00e9cessitent des consultations approfondies et doivent tenir compte d\u2019un large \u00e9ventail d\u2019acteurs partout au pays. C\u2019est pourquoi <\/p>\n\n\n\n<p>nous vous demandons respectueusement de former un groupe de travail interminist\u00e9riel, compos\u00e9 de repr\u00e9sentants du ministre de la Sant\u00e9, de la ministre des A\u00een\u00e9s, de la ministre de la Sant\u00e9 mentale et des D\u00e9pendances et de la profession de physioth\u00e9rapeute, pour explorer des solutions visant \u00e0 exploiter pleinement l\u2019expertise des physioth\u00e9rapeutes et \u00e0 am\u00e9liorer l\u2019acc\u00e8s \u00e0 leurs services.<\/p>\n\n\n\n<p>Comme nous le notons dans notre m\u00e9moire au Comit\u00e9 permanent des finances dans le cadre des consultations pr\u00e9budg\u00e9taires, d\u00e9cider d\u2019exploiter pleinement l\u2019expertise et les services en physioth\u00e9rapie est l\u2019une des mesures les plus simples et les plus efficaces que peut prendre le gouvernement pour accro\u00eetre rapidement la capacit\u00e9 du syst\u00e8me de sant\u00e9 partout au Canada. En conf\u00e9rant un r\u00f4le accru aux professionnels de la physioth\u00e9rapie dans les efforts pour r\u00e9gler certains des probl\u00e8mes les plus pressants auxquels est confront\u00e9 le syst\u00e8me, comme le syndrome post-COVID-19, la prise en charge non pharmacologique de la douleur et les soins des a\u00een\u00e9s, le Canada pourra commencer \u00e0 all\u00e9ger le fardeau incroyable que portent d\u2019autres prestataires de soins, ceux qui luttent en premi\u00e8re ligne depuis le d\u00e9but de la pand\u00e9mie.<\/p>\n\n\n\n<p>Le groupe de travail interminist\u00e9riel que nous recommandons constituerait un premier pas vers la concr\u00e9tisation des changements \u00e9voqu\u00e9s, et le gouvernement f\u00e9d\u00e9ral ferait preuve d\u2019un leadership constructif en le mettant sur pied. Nous aimerions avoir l\u2019occasion de vous rencontrer pour vous en dire plus sur la mani\u00e8re dont ce groupe de travail pourrait contribuer \u00e0 soulager les pressions qui s\u2019exercent sur le syst\u00e8me de sant\u00e9 canadien.<\/p>\n\n\n\n<p>Nous vous remercions de l\u2019attention que vous porterez \u00e0 la pr\u00e9sente et esp\u00e9rons avoir de vos nouvelles rapidement.<\/p>\n\n\n\n<p>Veuillez agr\u00e9er, Monsieur le Premier Ministre, l\u2019expression de notre tr\u00e8s haute consid\u00e9ration.<\/p>\n\n\n\n<hr class=\"wp-block-separator has-alpha-channel-opacity\"\/>\n\n\n\n<h4 class=\"wp-block-heading\"><strong>Ressources\u00a0:<\/strong><\/h4>\n\n\n\n<p>Association canadienne de physioth\u00e9rapie, <em>M\u00e9moire au Comit\u00e9 permanent des finances dans le cadre des consultations pr\u00e9budg\u00e9taires<\/em>, 8&nbsp;octobre&nbsp;2022. Consult\u00e9 en ligne.<\/p>\n\n\n\n<p>Association canadienne de physioth\u00e9rapie, <em>Communiqu\u00e9 de presse&nbsp;: Les physioth\u00e9rapeutes peuvent contribuer d\u00e8s maintenant \u00e0 r\u00e9duire les pressions s\u2019exer\u00e7ant sur le syst\u00e8me de sant\u00e9 canadien<\/em>, 12&nbsp;octobre&nbsp;2022. Consult\u00e9 en ligne.<\/p>\n","protected":false},"excerpt":{"rendered":"<p>Le 12 octobre 2022 Le tr\u00e8s honorable Justin\u00a0Trudeau\u00a0\u00a0\u00a0\u00a0\u00a0\u00a0\u00a0\u00a0\u00a0\u00a0\u00a0\u00a0\u00a0\u00a0\u00a0\u00a0\u00a0\u00a0\u00a0\u00a0\u00a0\u00a0 \u00a0\u00a0\u00a0\u00a0 Premier Ministre du Canada2Cabinet du premier ministre80, rue WellingtonOttawa (Ontario)\u00a0K1A 0A2 Courriel\u00a0:\u00a0pm@pm.gc.ca L\u2019honorable Chrystia\u00a0Freeland Vice-Premi\u00e8re Ministre et Ministre des FinancesMinist\u00e8re des Finances90, rue ElginOttawa (Ontario) K1A 0G5Courriel\u00a0: chrystia.freeland@fin.gc.ca Objet\u00a0: Les physioth\u00e9rapeutes [&hellip;]<\/p>\n","protected":false},"author":2792,"featured_media":0,"parent":0,"menu_order":0,"comment_status":"closed","ping_status":"closed","template":"","meta":{"inline_featured_image":false,"ep_exclude_from_search":false,"footnotes":""},"topic":[],"class_list":["post-75764","page","type-page","status-publish","hentry"],"acf":[],"yoast_head":"<!-- This site is optimized with the Yoast SEO plugin v24.7 - https:\/\/yoast.com\/wordpress\/plugins\/seo\/ -->\n<title>Lettre ouverte au Premier ministre - Canadian Physiotherapy Association<\/title>\n<meta name=\"robots\" content=\"index, follow, max-snippet:-1, max-image-preview:large, max-video-preview:-1\" \/>\n<link rel=\"canonical\" href=\"https:\/\/physiotherapy.ca\/fr\/lettre-ouverte-au-premier-ministre\/\" \/>\n<meta property=\"og:locale\" content=\"fr_FR\" \/>\n<meta property=\"og:type\" content=\"article\" \/>\n<meta property=\"og:title\" content=\"Lettre ouverte au Premier ministre - Canadian Physiotherapy Association\" \/>\n<meta property=\"og:description\" content=\"Le 12 octobre 2022 Le tr\u00e8s honorable Justin\u00a0Trudeau\u00a0\u00a0\u00a0\u00a0\u00a0\u00a0\u00a0\u00a0\u00a0\u00a0\u00a0\u00a0\u00a0\u00a0\u00a0\u00a0\u00a0\u00a0\u00a0\u00a0\u00a0\u00a0 \u00a0\u00a0\u00a0\u00a0 Premier Ministre du Canada2Cabinet du premier ministre80, rue WellingtonOttawa (Ontario)\u00a0K1A 0A2 Courriel\u00a0:\u00a0pm@pm.gc.ca L\u2019honorable Chrystia\u00a0Freeland Vice-Premi\u00e8re Ministre et Ministre des FinancesMinist\u00e8re des Finances90, rue ElginOttawa (Ontario) K1A 0G5Courriel\u00a0: chrystia.freeland@fin.gc.ca Objet\u00a0: Les physioth\u00e9rapeutes [&hellip;]\" \/>\n<meta property=\"og:url\" content=\"https:\/\/physiotherapy.ca\/fr\/lettre-ouverte-au-premier-ministre\/\" \/>\n<meta property=\"og:site_name\" content=\"Canadian Physiotherapy Association\" \/>\n<meta property=\"article:modified_time\" content=\"2022-10-11T17:30:40+00:00\" \/>\n<meta name=\"twitter:card\" content=\"summary_large_image\" \/>\n<meta name=\"twitter:label1\" content=\"Est. reading time\" \/>\n\t<meta name=\"twitter:data1\" content=\"3 minutes\" \/>\n<script type=\"application\/ld+json\" class=\"yoast-schema-graph\">{\"@context\":\"https:\/\/schema.org\",\"@graph\":[{\"@type\":\"WebPage\",\"@id\":\"https:\/\/physiotherapy.ca\/fr\/lettre-ouverte-au-premier-ministre\/\",\"url\":\"https:\/\/physiotherapy.ca\/fr\/lettre-ouverte-au-premier-ministre\/\",\"name\":\"Lettre ouverte au Premier ministre - Canadian Physiotherapy Association\",\"isPartOf\":{\"@id\":\"https:\/\/physiotherapy.ca\/#website\"},\"datePublished\":\"2022-10-11T17:30:39+00:00\",\"dateModified\":\"2022-10-11T17:30:40+00:00\",\"breadcrumb\":{\"@id\":\"https:\/\/physiotherapy.ca\/fr\/lettre-ouverte-au-premier-ministre\/#breadcrumb\"},\"inLanguage\":\"fr-FR\",\"potentialAction\":[{\"@type\":\"ReadAction\",\"target\":[\"https:\/\/physiotherapy.ca\/fr\/lettre-ouverte-au-premier-ministre\/\"]}]},{\"@type\":\"BreadcrumbList\",\"@id\":\"https:\/\/physiotherapy.ca\/fr\/lettre-ouverte-au-premier-ministre\/#breadcrumb\",\"itemListElement\":[{\"@type\":\"ListItem\",\"position\":1,\"name\":\"Home\",\"item\":\"https:\/\/physiotherapy.ca\/fr\/\"},{\"@type\":\"ListItem\",\"position\":2,\"name\":\"Lettre ouverte au Premier ministre\"}]},{\"@type\":\"WebSite\",\"@id\":\"https:\/\/physiotherapy.ca\/#website\",\"url\":\"https:\/\/physiotherapy.ca\/\",\"name\":\"Canadian Physiotherapy Association\",\"description\":\"The Canadian Physiotherapy Association (CPA) represents over 16,000 physiotherapy professionals and students across Canada.\",\"potentialAction\":[{\"@type\":\"SearchAction\",\"target\":{\"@type\":\"EntryPoint\",\"urlTemplate\":\"https:\/\/physiotherapy.ca\/?s={search_term_string}\"},\"query-input\":{\"@type\":\"PropertyValueSpecification\",\"valueRequired\":true,\"valueName\":\"search_term_string\"}}],\"inLanguage\":\"fr-FR\"}]}<\/script>\n<!-- \/ Yoast SEO plugin. -->","yoast_head_json":{"title":"Lettre ouverte au Premier ministre - Canadian Physiotherapy Association","robots":{"index":"index","follow":"follow","max-snippet":"max-snippet:-1","max-image-preview":"max-image-preview:large","max-video-preview":"max-video-preview:-1"},"canonical":"https:\/\/physiotherapy.ca\/fr\/lettre-ouverte-au-premier-ministre\/","og_locale":"fr_FR","og_type":"article","og_title":"Lettre ouverte au Premier ministre - Canadian Physiotherapy Association","og_description":"Le 12 octobre 2022 Le tr\u00e8s honorable Justin\u00a0Trudeau\u00a0\u00a0\u00a0\u00a0\u00a0\u00a0\u00a0\u00a0\u00a0\u00a0\u00a0\u00a0\u00a0\u00a0\u00a0\u00a0\u00a0\u00a0\u00a0\u00a0\u00a0\u00a0 \u00a0\u00a0\u00a0\u00a0 Premier Ministre du Canada2Cabinet du premier ministre80, rue WellingtonOttawa (Ontario)\u00a0K1A 0A2 Courriel\u00a0:\u00a0pm@pm.gc.ca L\u2019honorable Chrystia\u00a0Freeland Vice-Premi\u00e8re Ministre et Ministre des FinancesMinist\u00e8re des Finances90, rue ElginOttawa (Ontario) K1A 0G5Courriel\u00a0: chrystia.freeland@fin.gc.ca Objet\u00a0: Les physioth\u00e9rapeutes [&hellip;]","og_url":"https:\/\/physiotherapy.ca\/fr\/lettre-ouverte-au-premier-ministre\/","og_site_name":"Canadian Physiotherapy Association","article_modified_time":"2022-10-11T17:30:40+00:00","twitter_card":"summary_large_image","twitter_misc":{"Est. reading time":"3 minutes"},"schema":{"@context":"https:\/\/schema.org","@graph":[{"@type":"WebPage","@id":"https:\/\/physiotherapy.ca\/fr\/lettre-ouverte-au-premier-ministre\/","url":"https:\/\/physiotherapy.ca\/fr\/lettre-ouverte-au-premier-ministre\/","name":"Lettre ouverte au Premier ministre - Canadian Physiotherapy Association","isPartOf":{"@id":"https:\/\/physiotherapy.ca\/#website"},"datePublished":"2022-10-11T17:30:39+00:00","dateModified":"2022-10-11T17:30:40+00:00","breadcrumb":{"@id":"https:\/\/physiotherapy.ca\/fr\/lettre-ouverte-au-premier-ministre\/#breadcrumb"},"inLanguage":"fr-FR","potentialAction":[{"@type":"ReadAction","target":["https:\/\/physiotherapy.ca\/fr\/lettre-ouverte-au-premier-ministre\/"]}]},{"@type":"BreadcrumbList","@id":"https:\/\/physiotherapy.ca\/fr\/lettre-ouverte-au-premier-ministre\/#breadcrumb","itemListElement":[{"@type":"ListItem","position":1,"name":"Home","item":"https:\/\/physiotherapy.ca\/fr\/"},{"@type":"ListItem","position":2,"name":"Lettre ouverte au Premier ministre"}]},{"@type":"WebSite","@id":"https:\/\/physiotherapy.ca\/#website","url":"https:\/\/physiotherapy.ca\/","name":"Canadian Physiotherapy Association","description":"The Canadian Physiotherapy Association (CPA) represents over 16,000 physiotherapy professionals and students across Canada.","potentialAction":[{"@type":"SearchAction","target":{"@type":"EntryPoint","urlTemplate":"https:\/\/physiotherapy.ca\/?s={search_term_string}"},"query-input":{"@type":"PropertyValueSpecification","valueRequired":true,"valueName":"search_term_string"}}],"inLanguage":"fr-FR"}]}},"_links":{"self":[{"href":"https:\/\/physiotherapy.ca\/fr\/wp-json\/wp\/v2\/pages\/75764","targetHints":{"allow":["GET"]}}],"collection":[{"href":"https:\/\/physiotherapy.ca\/fr\/wp-json\/wp\/v2\/pages"}],"about":[{"href":"https:\/\/physiotherapy.ca\/fr\/wp-json\/wp\/v2\/types\/page"}],"author":[{"embeddable":true,"href":"https:\/\/physiotherapy.ca\/fr\/wp-json\/wp\/v2\/users\/2792"}],"replies":[{"embeddable":true,"href":"https:\/\/physiotherapy.ca\/fr\/wp-json\/wp\/v2\/comments?post=75764"}],"version-history":[{"count":1,"href":"https:\/\/physiotherapy.ca\/fr\/wp-json\/wp\/v2\/pages\/75764\/revisions"}],"predecessor-version":[{"id":75767,"href":"https:\/\/physiotherapy.ca\/fr\/wp-json\/wp\/v2\/pages\/75764\/revisions\/75767"}],"wp:attachment":[{"href":"https:\/\/physiotherapy.ca\/fr\/wp-json\/wp\/v2\/media?parent=75764"}],"wp:term":[{"taxonomy":"topic","embeddable":true,"href":"https:\/\/physiotherapy.ca\/fr\/wp-json\/wp\/v2\/topic?post=75764"}],"curies":[{"name":"wp","href":"https:\/\/api.w.org\/{rel}","templated":true}]}}