{"id":75783,"date":"2022-10-11T14:06:07","date_gmt":"2022-10-11T18:06:07","guid":{"rendered":"https:\/\/physiotherapy.ca\/?page_id=75783"},"modified":"2022-10-11T14:07:02","modified_gmt":"2022-10-11T18:07:02","slug":"les-physiotherapeutes-peuvent-contribuer-des-maintenant-a-reduire-les-pressions-sexercant-sur-le-systeme-de-sante-canadien","status":"publish","type":"page","link":"https:\/\/physiotherapy.ca\/fr\/les-physiotherapeutes-peuvent-contribuer-des-maintenant-a-reduire-les-pressions-sexercant-sur-le-systeme-de-sante-canadien\/","title":{"rendered":"Les physioth\u00e9rapeutes peuvent contribuer d\u00e8s maintenant \u00e0 r\u00e9duire les pressions s\u2019exer\u00e7ant sur le syst\u00e8me de sant\u00e9 canadien"},"content":{"rendered":"\n<p><strong>Ottawa, le 12&nbsp;octobre&nbsp;2022<\/strong><\/p>\n\n\n\n<p>Parall\u00e8lement \u00e0 la pr\u00e9sentation de ses <a href=\"https:\/\/physiotherapy.ca\/fr\/memoire-au-comite-permanent-des-finances-dans-le-cadre-des-consultations-prebudgetaires\/\">recommandations pr\u00e9budg\u00e9taires<\/a> au Comit\u00e9 permanent des finances, l\u2019Association canadienne de physioth\u00e9rapie appelle aujourd\u2019hui le gouvernement f\u00e9d\u00e9ral \u00e0 travailler avec la profession pour explorer des solutions de prestation de services innovantes qui exploitent les comp\u00e9tences distinctives des professionnels de la physioth\u00e9rapie, pour contribuer \u00e0 r\u00e9duire les pressions s\u2019exer\u00e7ant sur le syst\u00e8me de sant\u00e9 du Canada et r\u00e9pondre \u00e0 la crise nationale de la sant\u00e9.<\/p>\n\n\n\n<p>\u00ab\u00a0Les physioth\u00e9rapeutes peuvent d\u00e8s maintenant contribuer \u00e0 relever les plus grands d\u00e9fis du pays en mati\u00e8re de sant\u00e9, dont l\u2019urgence de r\u00e9pondre aux besoins de la population vieillissante et des personnes souffrant de douleur chronique, de venir en aide aux Canadiens vivant avec le syndrome post-COVID-19 et d\u2019augmenter la prise en charge non pharmacologique de la douleur\u00a0\u00bb, peut-on lire dans une <a href=\"https:\/\/physiotherapy.ca\/fr\/lettre-ouverte-au-premier-ministre\/\">lettre ouverte<\/a> adress\u00e9e au premier ministre Trudeau et \u00e0 la ministre des Finances, Chrystia\u00a0Freeland. \u00ab\u00a0L\u2019Association appelle Ottawa \u00e0 former un groupe de travail interminist\u00e9riel compos\u00e9 de repr\u00e9sentants du ministre de la Sant\u00e9, de la ministre des A\u00een\u00e9s, de la ministre de la Sant\u00e9 mentale et des D\u00e9pendances et de la profession pour explorer des solutions visant \u00e0 exploiter pleinement l\u2019expertise des physioth\u00e9rapeutes et \u00e0 am\u00e9liorer l\u2019acc\u00e8s \u00e0 leurs services.\u00a0\u00bb<\/p>\n\n\n\n<p>En effet, exploiter pleinement l\u2019expertise et les services en physioth\u00e9rapie est l\u2019une des mesures les plus simples et les plus efficaces que peut prendre le gouvernement pour accro\u00eetre rapidement la capacit\u00e9 du syst\u00e8me de sant\u00e9 partout au Canada. La physioth\u00e9rapie entrant d\u00e9j\u00e0 dans le champ d\u2019application de la <em>Loi canadienne sur la sant\u00e9<\/em>, les physioth\u00e9rapeutes sont parfaitement positionn\u00e9s pour apporter imm\u00e9diatement leur aide \u00e0 notre syst\u00e8me de sant\u00e9 surcharg\u00e9.<\/p>\n\n\n\n<p>La pand\u00e9mie a exacerb\u00e9 des tendances lourdes dans le domaine de la sant\u00e9, dont la multiplication des cas d\u2019\u00e9puisement professionnel chez les prestataires de soins primaires et le manque d\u2019acc\u00e8s aux services essentiels. Depuis le d\u00e9but de 2022, d\u2019un bout \u00e0 l\u2019autre du pays, les salles d\u2019urgence fonctionnent \u00e0 pleine capacit\u00e9 et doivent refuser des patients.<\/p>\n\n\n\n<p>Comme rien ne laisse entrevoir la fin des contraintes, le risque est grand que la situation dans le syst\u00e8me de sant\u00e9 ne fasse qu\u2019empirer. Mettre pleinement \u00e0 profit l\u2019expertise en physioth\u00e9rapie, et notamment am\u00e9liorer l\u2019acc\u00e8s aux services de la profession, renforcera la capacit\u00e9 du syst\u00e8me et rendra possible la prestation d\u2019un large \u00e9ventail de services, que ce soit \u00e0 domicile ou dans les cliniques communautaires ou de soins primaires, les \u00e9tablissements de traitement ou les salles d\u2019urgence.<\/p>\n\n\n\n<p><strong>Ressources<\/strong><\/p>\n\n\n\n<p><a href=\"https:\/\/physiotherapy.ca\/fr\/memoire-au-comite-permanent-des-finances-dans-le-cadre-des-consultations-prebudgetaires\/\">Recommandations au Comit\u00e9 permanent des finances<\/a><\/p>\n\n\n\n<p><a href=\"https:\/\/physiotherapy.ca\/fr\/lettre-ouverte-au-premier-ministre\/\">Lettre ouverte au premier ministre&nbsp;Trudeau et \u00e0 la ministre des Finances, Chrystia&nbsp;Freeland<\/a><\/p>\n\n\n\n<p><a href=\"https:\/\/www.noscommunes.ca\/Committees\/fr\/FINA\/About\">Comit\u00e9 permanent des finances<\/a><\/p>\n\n\n\n<p><strong>Personnes-ressources<\/strong><strong><\/strong><\/p>\n\n\n\n<p>Kayla Scott, directrice principale de la repr\u00e9sentation<\/p>\n\n\n\n<p>613&nbsp;564-5454, poste&nbsp;225<\/p>\n\n\n\n<p><a href=\"mailto:kscott@physiotherapy.ca\">kscott@physiotherapy.ca<\/a><\/p>\n\n\n\n<p>Caitlin Drake Smith, directrice principale des communications strat\u00e9giques<\/p>\n\n\n\n<p>613&nbsp;564-5454, poste&nbsp;252<\/p>\n\n\n\n<p><a href=\"mailto:cdrakesmith@physiotherapy.ca\">cdrakesmith@physiotherapy.ca<\/a><\/p>\n\n\n\n<p><a id=\"_msocom_1\"><\/a><\/p>\n\n\n\n<p><a id=\"_msocom_1\"><\/a><\/p>\n","protected":false},"excerpt":{"rendered":"<p>Ottawa, le 12&nbsp;octobre&nbsp;2022 Parall\u00e8lement \u00e0 la pr\u00e9sentation de ses recommandations pr\u00e9budg\u00e9taires au Comit\u00e9 permanent des finances, l\u2019Association canadienne de physioth\u00e9rapie appelle aujourd\u2019hui le gouvernement f\u00e9d\u00e9ral \u00e0 travailler avec la profession pour explorer des solutions de prestation de services innovantes qui [&hellip;]<\/p>\n","protected":false},"author":2792,"featured_media":0,"parent":0,"menu_order":0,"comment_status":"closed","ping_status":"closed","template":"","meta":{"inline_featured_image":false,"ep_exclude_from_search":false,"footnotes":""},"topic":[],"class_list":["post-75783","page","type-page","status-publish","hentry"],"acf":[],"yoast_head":"<!-- This site is optimized with the Yoast SEO plugin v24.7 - https:\/\/yoast.com\/wordpress\/plugins\/seo\/ -->\n<title>Les physioth\u00e9rapeutes peuvent contribuer d\u00e8s maintenant \u00e0 r\u00e9duire les pressions s\u2019exer\u00e7ant sur le syst\u00e8me de sant\u00e9 canadien - Canadian Physiotherapy Association<\/title>\n<meta name=\"robots\" content=\"index, follow, max-snippet:-1, max-image-preview:large, max-video-preview:-1\" \/>\n<link rel=\"canonical\" href=\"https:\/\/physiotherapy.ca\/fr\/les-physiotherapeutes-peuvent-contribuer-des-maintenant-a-reduire-les-pressions-sexercant-sur-le-systeme-de-sante-canadien\/\" \/>\n<meta property=\"og:locale\" content=\"fr_FR\" \/>\n<meta property=\"og:type\" content=\"article\" \/>\n<meta property=\"og:title\" content=\"Les physioth\u00e9rapeutes peuvent contribuer d\u00e8s maintenant \u00e0 r\u00e9duire les pressions s\u2019exer\u00e7ant sur le syst\u00e8me de sant\u00e9 canadien - Canadian Physiotherapy Association\" \/>\n<meta property=\"og:description\" content=\"Ottawa, le 12&nbsp;octobre&nbsp;2022 Parall\u00e8lement \u00e0 la pr\u00e9sentation de ses recommandations pr\u00e9budg\u00e9taires au Comit\u00e9 permanent des finances, l\u2019Association canadienne de physioth\u00e9rapie appelle aujourd\u2019hui le gouvernement f\u00e9d\u00e9ral \u00e0 travailler avec la profession pour explorer des solutions de prestation de services innovantes qui [&hellip;]\" \/>\n<meta property=\"og:url\" content=\"https:\/\/physiotherapy.ca\/fr\/les-physiotherapeutes-peuvent-contribuer-des-maintenant-a-reduire-les-pressions-sexercant-sur-le-systeme-de-sante-canadien\/\" \/>\n<meta property=\"og:site_name\" content=\"Canadian Physiotherapy Association\" \/>\n<meta property=\"article:modified_time\" content=\"2022-10-11T18:07:02+00:00\" \/>\n<meta name=\"twitter:card\" content=\"summary_large_image\" \/>\n<meta name=\"twitter:label1\" content=\"Est. reading time\" \/>\n\t<meta name=\"twitter:data1\" content=\"3 minutes\" \/>\n<script type=\"application\/ld+json\" class=\"yoast-schema-graph\">{\"@context\":\"https:\/\/schema.org\",\"@graph\":[{\"@type\":\"WebPage\",\"@id\":\"https:\/\/physiotherapy.ca\/fr\/les-physiotherapeutes-peuvent-contribuer-des-maintenant-a-reduire-les-pressions-sexercant-sur-le-systeme-de-sante-canadien\/\",\"url\":\"https:\/\/physiotherapy.ca\/fr\/les-physiotherapeutes-peuvent-contribuer-des-maintenant-a-reduire-les-pressions-sexercant-sur-le-systeme-de-sante-canadien\/\",\"name\":\"Les physioth\u00e9rapeutes peuvent contribuer d\u00e8s maintenant \u00e0 r\u00e9duire les pressions s\u2019exer\u00e7ant sur le syst\u00e8me de sant\u00e9 canadien - Canadian Physiotherapy Association\",\"isPartOf\":{\"@id\":\"https:\/\/physiotherapy.ca\/#website\"},\"datePublished\":\"2022-10-11T18:06:07+00:00\",\"dateModified\":\"2022-10-11T18:07:02+00:00\",\"breadcrumb\":{\"@id\":\"https:\/\/physiotherapy.ca\/fr\/les-physiotherapeutes-peuvent-contribuer-des-maintenant-a-reduire-les-pressions-sexercant-sur-le-systeme-de-sante-canadien\/#breadcrumb\"},\"inLanguage\":\"fr-FR\",\"potentialAction\":[{\"@type\":\"ReadAction\",\"target\":[\"https:\/\/physiotherapy.ca\/fr\/les-physiotherapeutes-peuvent-contribuer-des-maintenant-a-reduire-les-pressions-sexercant-sur-le-systeme-de-sante-canadien\/\"]}]},{\"@type\":\"BreadcrumbList\",\"@id\":\"https:\/\/physiotherapy.ca\/fr\/les-physiotherapeutes-peuvent-contribuer-des-maintenant-a-reduire-les-pressions-sexercant-sur-le-systeme-de-sante-canadien\/#breadcrumb\",\"itemListElement\":[{\"@type\":\"ListItem\",\"position\":1,\"name\":\"Home\",\"item\":\"https:\/\/physiotherapy.ca\/fr\/\"},{\"@type\":\"ListItem\",\"position\":2,\"name\":\"Les physioth\u00e9rapeutes peuvent contribuer d\u00e8s maintenant \u00e0 r\u00e9duire les pressions s\u2019exer\u00e7ant sur le syst\u00e8me de sant\u00e9 canadien\"}]},{\"@type\":\"WebSite\",\"@id\":\"https:\/\/physiotherapy.ca\/#website\",\"url\":\"https:\/\/physiotherapy.ca\/\",\"name\":\"Canadian Physiotherapy Association\",\"description\":\"The Canadian Physiotherapy Association (CPA) represents over 16,000 physiotherapy professionals and students across Canada.\",\"potentialAction\":[{\"@type\":\"SearchAction\",\"target\":{\"@type\":\"EntryPoint\",\"urlTemplate\":\"https:\/\/physiotherapy.ca\/?s={search_term_string}\"},\"query-input\":{\"@type\":\"PropertyValueSpecification\",\"valueRequired\":true,\"valueName\":\"search_term_string\"}}],\"inLanguage\":\"fr-FR\"}]}<\/script>\n<!-- \/ Yoast SEO plugin. -->","yoast_head_json":{"title":"Les physioth\u00e9rapeutes peuvent contribuer d\u00e8s maintenant \u00e0 r\u00e9duire les pressions s\u2019exer\u00e7ant sur le syst\u00e8me de sant\u00e9 canadien - Canadian Physiotherapy Association","robots":{"index":"index","follow":"follow","max-snippet":"max-snippet:-1","max-image-preview":"max-image-preview:large","max-video-preview":"max-video-preview:-1"},"canonical":"https:\/\/physiotherapy.ca\/fr\/les-physiotherapeutes-peuvent-contribuer-des-maintenant-a-reduire-les-pressions-sexercant-sur-le-systeme-de-sante-canadien\/","og_locale":"fr_FR","og_type":"article","og_title":"Les physioth\u00e9rapeutes peuvent contribuer d\u00e8s maintenant \u00e0 r\u00e9duire les pressions s\u2019exer\u00e7ant sur le syst\u00e8me de sant\u00e9 canadien - Canadian Physiotherapy Association","og_description":"Ottawa, le 12&nbsp;octobre&nbsp;2022 Parall\u00e8lement \u00e0 la pr\u00e9sentation de ses recommandations pr\u00e9budg\u00e9taires au Comit\u00e9 permanent des finances, l\u2019Association canadienne de physioth\u00e9rapie appelle aujourd\u2019hui le gouvernement f\u00e9d\u00e9ral \u00e0 travailler avec la profession pour explorer des solutions de prestation de services innovantes qui [&hellip;]","og_url":"https:\/\/physiotherapy.ca\/fr\/les-physiotherapeutes-peuvent-contribuer-des-maintenant-a-reduire-les-pressions-sexercant-sur-le-systeme-de-sante-canadien\/","og_site_name":"Canadian Physiotherapy Association","article_modified_time":"2022-10-11T18:07:02+00:00","twitter_card":"summary_large_image","twitter_misc":{"Est. reading time":"3 minutes"},"schema":{"@context":"https:\/\/schema.org","@graph":[{"@type":"WebPage","@id":"https:\/\/physiotherapy.ca\/fr\/les-physiotherapeutes-peuvent-contribuer-des-maintenant-a-reduire-les-pressions-sexercant-sur-le-systeme-de-sante-canadien\/","url":"https:\/\/physiotherapy.ca\/fr\/les-physiotherapeutes-peuvent-contribuer-des-maintenant-a-reduire-les-pressions-sexercant-sur-le-systeme-de-sante-canadien\/","name":"Les physioth\u00e9rapeutes peuvent contribuer d\u00e8s maintenant \u00e0 r\u00e9duire les pressions s\u2019exer\u00e7ant sur le syst\u00e8me de sant\u00e9 canadien - Canadian Physiotherapy Association","isPartOf":{"@id":"https:\/\/physiotherapy.ca\/#website"},"datePublished":"2022-10-11T18:06:07+00:00","dateModified":"2022-10-11T18:07:02+00:00","breadcrumb":{"@id":"https:\/\/physiotherapy.ca\/fr\/les-physiotherapeutes-peuvent-contribuer-des-maintenant-a-reduire-les-pressions-sexercant-sur-le-systeme-de-sante-canadien\/#breadcrumb"},"inLanguage":"fr-FR","potentialAction":[{"@type":"ReadAction","target":["https:\/\/physiotherapy.ca\/fr\/les-physiotherapeutes-peuvent-contribuer-des-maintenant-a-reduire-les-pressions-sexercant-sur-le-systeme-de-sante-canadien\/"]}]},{"@type":"BreadcrumbList","@id":"https:\/\/physiotherapy.ca\/fr\/les-physiotherapeutes-peuvent-contribuer-des-maintenant-a-reduire-les-pressions-sexercant-sur-le-systeme-de-sante-canadien\/#breadcrumb","itemListElement":[{"@type":"ListItem","position":1,"name":"Home","item":"https:\/\/physiotherapy.ca\/fr\/"},{"@type":"ListItem","position":2,"name":"Les physioth\u00e9rapeutes peuvent contribuer d\u00e8s maintenant \u00e0 r\u00e9duire les pressions s\u2019exer\u00e7ant sur le syst\u00e8me de sant\u00e9 canadien"}]},{"@type":"WebSite","@id":"https:\/\/physiotherapy.ca\/#website","url":"https:\/\/physiotherapy.ca\/","name":"Canadian Physiotherapy Association","description":"The Canadian Physiotherapy Association (CPA) represents over 16,000 physiotherapy professionals and students across Canada.","potentialAction":[{"@type":"SearchAction","target":{"@type":"EntryPoint","urlTemplate":"https:\/\/physiotherapy.ca\/?s={search_term_string}"},"query-input":{"@type":"PropertyValueSpecification","valueRequired":true,"valueName":"search_term_string"}}],"inLanguage":"fr-FR"}]}},"_links":{"self":[{"href":"https:\/\/physiotherapy.ca\/fr\/wp-json\/wp\/v2\/pages\/75783","targetHints":{"allow":["GET"]}}],"collection":[{"href":"https:\/\/physiotherapy.ca\/fr\/wp-json\/wp\/v2\/pages"}],"about":[{"href":"https:\/\/physiotherapy.ca\/fr\/wp-json\/wp\/v2\/types\/page"}],"author":[{"embeddable":true,"href":"https:\/\/physiotherapy.ca\/fr\/wp-json\/wp\/v2\/users\/2792"}],"replies":[{"embeddable":true,"href":"https:\/\/physiotherapy.ca\/fr\/wp-json\/wp\/v2\/comments?post=75783"}],"version-history":[{"count":3,"href":"https:\/\/physiotherapy.ca\/fr\/wp-json\/wp\/v2\/pages\/75783\/revisions"}],"predecessor-version":[{"id":75786,"href":"https:\/\/physiotherapy.ca\/fr\/wp-json\/wp\/v2\/pages\/75783\/revisions\/75786"}],"wp:attachment":[{"href":"https:\/\/physiotherapy.ca\/fr\/wp-json\/wp\/v2\/media?parent=75783"}],"wp:term":[{"taxonomy":"topic","embeddable":true,"href":"https:\/\/physiotherapy.ca\/fr\/wp-json\/wp\/v2\/topic?post=75783"}],"curies":[{"name":"wp","href":"https:\/\/api.w.org\/{rel}","templated":true}]}}