{"id":79907,"date":"2022-11-03T09:57:48","date_gmt":"2022-11-03T13:57:48","guid":{"rendered":"https:\/\/physiotherapy.ca\/?page_id=79907"},"modified":"2024-07-19T15:50:06","modified_gmt":"2024-07-19T19:50:06","slug":"recent-advocacy","status":"publish","type":"page","link":"https:\/\/physiotherapy.ca\/fr\/representation-2\/advocacy-updates-fr\/recent-advocacy\/","title":{"rendered":"Repr\u00e9sentation r\u00e9cente"},"content":{"rendered":"\n<h2 class=\"wp-block-heading\">Repr\u00e9sentation 2023<\/h2>\n\n\n\n<h3 class=\"wp-block-heading\">Printemps 2024<\/h3>\n\n\n\n<h3 class=\"wp-block-heading\"><a href=\"https:\/\/physiotherapy.ca\/fr\/news\/lassociation-canadienne-de-physiotherapie-donne-le-coup-denvoi-du-mois-national-de-la-physiotherapie-2024-en-rappelant-que-la-physiotherapie-est-pour-tous\/\">L\u2019Association canadienne de physioth\u00e9rapie donne le coup d\u2019envoi du Mois national de la physioth\u00e9rapie\u202f2024 en rappelant que la physioth\u00e9rapie est pour tous<\/a><\/h3>\n\n\n\n<p>Le th\u00e8me de cette ann\u00e9e est \u00ab La physioth\u00e9rapie est pour tous \u00bb. Ce th\u00e8me reconna\u00eet le r\u00f4le unique que jouent les physioth\u00e9rapeutes dans la prestation de traitements efficaces et efficients \u00e0 tous les Canadiens qui en ont besoin.<\/p>\n\n\n\n<h3 class=\"wp-block-heading\"><a href=\"https:\/\/physiotherapy.ca\/fr\/news\/le-ministre-de-la-sante-lhonorable-mark-holland-affirme-son-soutien-a-la-profession-de-physiotherapeute-lors-du-congres-2024-de-lassociation-canadienne-de-physiotherapie\/\">Le ministre de la Sant\u00e9, l\u2019honorable Mark Holland, affirme son soutien \u00e0 la profession de physioth\u00e9rapeute lors du Congr\u00e8s 2024 de l\u2019Association canadienne de physioth\u00e9rapie<\/a><\/h3>\n\n\n\n<p>L\u2019honorable Mark Holland, ministre de la Sant\u00e9, a affirm\u00e9 son soutien \u00e0 l\u2019expertise et aux comp\u00e9tences inestimables que les professionnels de la physioth\u00e9rapie apportent au syst\u00e8me de sant\u00e9 canadien, mercredi, lorsqu\u2019il a rencontr\u00e9 les membres et les repr\u00e9sentants de la profession au congr\u00e8s de l\u2019Association canadienne de physioth\u00e9rapie (ACP) de 2024, \u00e0 Vancouver.<\/p>\n\n\n\n<h3 class=\"wp-block-heading\"><a href=\"https:\/\/physiotherapy.ca\/fr\/news\/points-saillants-du-budget-federal-2024\/\">Points saillants du budget f\u00e9d\u00e9ral 2024<\/a><\/h3>\n\n\n\n<p>La publication et le d\u00e9ploiement du budget repr\u00e9sentent un changement important par rapport au secret traditionnel qui entourait les budgets pr\u00e9c\u00e9dents, en usant d\u2019une strat\u00e9gie pour fa\u00e7onner l\u2019opinion publique avant les \u00e9lections pr\u00e9vues en 2025, qui pourraient encore avoir lieu au cours de cette ann\u00e9e civile.<\/p>\n\n\n\n<h3 class=\"wp-block-heading\"><a href=\"https:\/\/physiotherapy.ca\/fr\/news\/budget-de-2024-le-programme-canadien-daide-financiere-aux-etudiants-pcafe-est-etendu-et-couvre-maintenant-les-physiotherapeutes\/\">Budget de 2024 : Le Programme canadien d\u2019aide financi\u00e8re aux \u00e9tudiants (PCAFE) est \u00e9tendu et couvre maintenant les physioth\u00e9rapeutes<\/a><\/h3>\n\n\n\n<p>L\u2019honorable Chrystia Freeland, vice-premi\u00e8re ministre et ministre des Finances, a pr\u00e9sent\u00e9 le Budget de 2024 : Une chance \u00e9quitable pour chaque g\u00e9n\u00e9ration dans lequel elle a annonc\u00e9 que le Programme canadien d\u2019aide financi\u00e8re aux \u00e9tudiants (PCAFE) \u00e9tait \u00e9tendu et incluait maintenant les physioth\u00e9rapeutes qui travaillent dans les communaut\u00e9s \u00e9loign\u00e9es et mal desservies.<\/p>\n\n\n\n<h3 class=\"wp-block-heading\"><br>Hiver 2024<\/h3>\n\n\n\n<h3 class=\"wp-block-heading\"><a href=\"https:\/\/physiotherapy.ca\/fr\/news\/physiotherapie-un-remede-a-la-crise-des-soins-de-sante-au-canada\/\">Physioth\u00e9rapie \u2014 Un rem\u00e8de \u00e0 la crise des soins de sant\u00e9 au Canada<\/a><\/h3>\n\n\n\n<p>L\u2019Association canadienne de physioth\u00e9rapie (ACP) a soumis ses recommandations pr\u00e9budg\u00e9taires au minist\u00e8re des Finances, en mettant l\u2019accent sur deux domaines cl\u00e9s qui permettraient \u00e0 la profession de physioth\u00e9rapeute d\u2019att\u00e9nuer la p\u00e9nurie urgente de ressources humaines en sant\u00e9 au Canada et d\u2019am\u00e9liorer l\u2019acc\u00e8s et les soins pour les patients.<\/p>\n\n\n\n<div style=\"height:30px\" aria-hidden=\"true\" class=\"wp-block-spacer\"><\/div>\n\n\n\n<h3 class=\"wp-block-heading\"><a href=\"https:\/\/physiotherapy.ca\/fr\/representation-2023\/\">Repr\u00e9sentation : 2023<\/a><\/h3>\n\n\n\n<h3 class=\"wp-block-heading\"><a href=\"https:\/\/physiotherapy.ca\/fr\/representation-2022\/\">Repr\u00e9sentation : 2022<\/a><\/h3>\n\n\n\n<h3 class=\"wp-block-heading\"><a href=\"https:\/\/physiotherapy.ca\/fr\/representation-2021\/\">Repr\u00e9sentation : 2021<\/a><\/h3>\n\n\n\n<h3 class=\"wp-block-heading\"><a href=\"https:\/\/physiotherapy.ca\/fr\/representation\/advocacy-updates-fr\/recent-advocacy\/mise-a-jour-sur-la-representation-2020\/\">Repr\u00e9sentation : 2020<\/a><\/h3>\n\n\n\n<div style=\"height:100px\" aria-hidden=\"true\" class=\"wp-block-spacer\"><\/div>\n","protected":false},"excerpt":{"rendered":"<p>Repr\u00e9sentation 2023 Printemps 2024 L\u2019Association canadienne de physioth\u00e9rapie donne le coup d\u2019envoi du Mois national de la physioth\u00e9rapie\u202f2024 en rappelant que la physioth\u00e9rapie est pour tous Le th\u00e8me de cette ann\u00e9e est \u00ab La physioth\u00e9rapie est pour tous \u00bb. Ce [&hellip;]<\/p>\n","protected":false},"author":2792,"featured_media":0,"parent":4234,"menu_order":0,"comment_status":"closed","ping_status":"closed","template":"page-templates\/page-topic-landing.php","meta":{"inline_featured_image":false,"ep_exclude_from_search":false,"footnotes":""},"topic":[],"class_list":["post-79907","page","type-page","status-publish","hentry"],"acf":[],"yoast_head":"<!-- This site is optimized with the Yoast SEO plugin v24.7 - https:\/\/yoast.com\/wordpress\/plugins\/seo\/ -->\n<title>Repr\u00e9sentation r\u00e9cente - Canadian Physiotherapy Association<\/title>\n<meta name=\"robots\" content=\"index, follow, max-snippet:-1, max-image-preview:large, max-video-preview:-1\" \/>\n<link rel=\"canonical\" href=\"https:\/\/physiotherapy.ca\/fr\/representation-2\/advocacy-updates-fr\/recent-advocacy\/\" \/>\n<meta property=\"og:locale\" content=\"fr_FR\" \/>\n<meta property=\"og:type\" content=\"article\" \/>\n<meta property=\"og:title\" content=\"Repr\u00e9sentation r\u00e9cente - Canadian Physiotherapy Association\" \/>\n<meta property=\"og:description\" content=\"Repr\u00e9sentation 2023 Printemps 2024 L\u2019Association canadienne de physioth\u00e9rapie donne le coup d\u2019envoi du Mois national de la physioth\u00e9rapie\u202f2024 en rappelant que la physioth\u00e9rapie est pour tous Le th\u00e8me de cette ann\u00e9e est \u00ab La physioth\u00e9rapie est pour tous \u00bb. Ce [&hellip;]\" \/>\n<meta property=\"og:url\" content=\"https:\/\/physiotherapy.ca\/fr\/representation-2\/advocacy-updates-fr\/recent-advocacy\/\" \/>\n<meta property=\"og:site_name\" content=\"Canadian Physiotherapy Association\" \/>\n<meta property=\"article:modified_time\" content=\"2024-07-19T19:50:06+00:00\" \/>\n<meta name=\"twitter:card\" content=\"summary_large_image\" \/>\n<meta name=\"twitter:label1\" content=\"Est. reading time\" \/>\n\t<meta name=\"twitter:data1\" content=\"2 minutes\" \/>\n<script type=\"application\/ld+json\" class=\"yoast-schema-graph\">{\"@context\":\"https:\/\/schema.org\",\"@graph\":[{\"@type\":\"WebPage\",\"@id\":\"https:\/\/physiotherapy.ca\/fr\/representation-2\/advocacy-updates-fr\/recent-advocacy\/\",\"url\":\"https:\/\/physiotherapy.ca\/fr\/representation-2\/advocacy-updates-fr\/recent-advocacy\/\",\"name\":\"Repr\u00e9sentation r\u00e9cente - Canadian Physiotherapy Association\",\"isPartOf\":{\"@id\":\"https:\/\/physiotherapy.ca\/#website\"},\"datePublished\":\"2022-11-03T13:57:48+00:00\",\"dateModified\":\"2024-07-19T19:50:06+00:00\",\"breadcrumb\":{\"@id\":\"https:\/\/physiotherapy.ca\/fr\/representation-2\/advocacy-updates-fr\/recent-advocacy\/#breadcrumb\"},\"inLanguage\":\"fr-FR\",\"potentialAction\":[{\"@type\":\"ReadAction\",\"target\":[\"https:\/\/physiotherapy.ca\/fr\/representation-2\/advocacy-updates-fr\/recent-advocacy\/\"]}]},{\"@type\":\"BreadcrumbList\",\"@id\":\"https:\/\/physiotherapy.ca\/fr\/representation-2\/advocacy-updates-fr\/recent-advocacy\/#breadcrumb\",\"itemListElement\":[{\"@type\":\"ListItem\",\"position\":1,\"name\":\"Home\",\"item\":\"https:\/\/physiotherapy.ca\/fr\/\"},{\"@type\":\"ListItem\",\"position\":2,\"name\":\"Repr\u00e9sentation\",\"item\":\"https:\/\/physiotherapy.ca\/fr\/representation-2\/\"},{\"@type\":\"ListItem\",\"position\":3,\"name\":\"Plaidoyer\",\"item\":\"https:\/\/physiotherapy.ca\/fr\/representation-2\/advocacy-updates-fr\/\"},{\"@type\":\"ListItem\",\"position\":4,\"name\":\"Repr\u00e9sentation r\u00e9cente\"}]},{\"@type\":\"WebSite\",\"@id\":\"https:\/\/physiotherapy.ca\/#website\",\"url\":\"https:\/\/physiotherapy.ca\/\",\"name\":\"Canadian Physiotherapy Association\",\"description\":\"The Canadian Physiotherapy Association (CPA) represents over 16,000 physiotherapy professionals and students across Canada.\",\"potentialAction\":[{\"@type\":\"SearchAction\",\"target\":{\"@type\":\"EntryPoint\",\"urlTemplate\":\"https:\/\/physiotherapy.ca\/?s={search_term_string}\"},\"query-input\":{\"@type\":\"PropertyValueSpecification\",\"valueRequired\":true,\"valueName\":\"search_term_string\"}}],\"inLanguage\":\"fr-FR\"}]}<\/script>\n<!-- \/ Yoast SEO plugin. -->","yoast_head_json":{"title":"Repr\u00e9sentation r\u00e9cente - Canadian Physiotherapy Association","robots":{"index":"index","follow":"follow","max-snippet":"max-snippet:-1","max-image-preview":"max-image-preview:large","max-video-preview":"max-video-preview:-1"},"canonical":"https:\/\/physiotherapy.ca\/fr\/representation-2\/advocacy-updates-fr\/recent-advocacy\/","og_locale":"fr_FR","og_type":"article","og_title":"Repr\u00e9sentation r\u00e9cente - Canadian Physiotherapy Association","og_description":"Repr\u00e9sentation 2023 Printemps 2024 L\u2019Association canadienne de physioth\u00e9rapie donne le coup d\u2019envoi du Mois national de la physioth\u00e9rapie\u202f2024 en rappelant que la physioth\u00e9rapie est pour tous Le th\u00e8me de cette ann\u00e9e est \u00ab La physioth\u00e9rapie est pour tous \u00bb. Ce [&hellip;]","og_url":"https:\/\/physiotherapy.ca\/fr\/representation-2\/advocacy-updates-fr\/recent-advocacy\/","og_site_name":"Canadian Physiotherapy Association","article_modified_time":"2024-07-19T19:50:06+00:00","twitter_card":"summary_large_image","twitter_misc":{"Est. reading time":"2 minutes"},"schema":{"@context":"https:\/\/schema.org","@graph":[{"@type":"WebPage","@id":"https:\/\/physiotherapy.ca\/fr\/representation-2\/advocacy-updates-fr\/recent-advocacy\/","url":"https:\/\/physiotherapy.ca\/fr\/representation-2\/advocacy-updates-fr\/recent-advocacy\/","name":"Repr\u00e9sentation r\u00e9cente - Canadian Physiotherapy Association","isPartOf":{"@id":"https:\/\/physiotherapy.ca\/#website"},"datePublished":"2022-11-03T13:57:48+00:00","dateModified":"2024-07-19T19:50:06+00:00","breadcrumb":{"@id":"https:\/\/physiotherapy.ca\/fr\/representation-2\/advocacy-updates-fr\/recent-advocacy\/#breadcrumb"},"inLanguage":"fr-FR","potentialAction":[{"@type":"ReadAction","target":["https:\/\/physiotherapy.ca\/fr\/representation-2\/advocacy-updates-fr\/recent-advocacy\/"]}]},{"@type":"BreadcrumbList","@id":"https:\/\/physiotherapy.ca\/fr\/representation-2\/advocacy-updates-fr\/recent-advocacy\/#breadcrumb","itemListElement":[{"@type":"ListItem","position":1,"name":"Home","item":"https:\/\/physiotherapy.ca\/fr\/"},{"@type":"ListItem","position":2,"name":"Repr\u00e9sentation","item":"https:\/\/physiotherapy.ca\/fr\/representation-2\/"},{"@type":"ListItem","position":3,"name":"Plaidoyer","item":"https:\/\/physiotherapy.ca\/fr\/representation-2\/advocacy-updates-fr\/"},{"@type":"ListItem","position":4,"name":"Repr\u00e9sentation r\u00e9cente"}]},{"@type":"WebSite","@id":"https:\/\/physiotherapy.ca\/#website","url":"https:\/\/physiotherapy.ca\/","name":"Canadian Physiotherapy Association","description":"The Canadian Physiotherapy Association (CPA) represents over 16,000 physiotherapy professionals and students across Canada.","potentialAction":[{"@type":"SearchAction","target":{"@type":"EntryPoint","urlTemplate":"https:\/\/physiotherapy.ca\/?s={search_term_string}"},"query-input":{"@type":"PropertyValueSpecification","valueRequired":true,"valueName":"search_term_string"}}],"inLanguage":"fr-FR"}]}},"_links":{"self":[{"href":"https:\/\/physiotherapy.ca\/fr\/wp-json\/wp\/v2\/pages\/79907","targetHints":{"allow":["GET"]}}],"collection":[{"href":"https:\/\/physiotherapy.ca\/fr\/wp-json\/wp\/v2\/pages"}],"about":[{"href":"https:\/\/physiotherapy.ca\/fr\/wp-json\/wp\/v2\/types\/page"}],"author":[{"embeddable":true,"href":"https:\/\/physiotherapy.ca\/fr\/wp-json\/wp\/v2\/users\/2792"}],"replies":[{"embeddable":true,"href":"https:\/\/physiotherapy.ca\/fr\/wp-json\/wp\/v2\/comments?post=79907"}],"version-history":[{"count":13,"href":"https:\/\/physiotherapy.ca\/fr\/wp-json\/wp\/v2\/pages\/79907\/revisions"}],"predecessor-version":[{"id":198511,"href":"https:\/\/physiotherapy.ca\/fr\/wp-json\/wp\/v2\/pages\/79907\/revisions\/198511"}],"up":[{"embeddable":true,"href":"https:\/\/physiotherapy.ca\/fr\/wp-json\/wp\/v2\/pages\/4234"}],"wp:attachment":[{"href":"https:\/\/physiotherapy.ca\/fr\/wp-json\/wp\/v2\/media?parent=79907"}],"wp:term":[{"taxonomy":"topic","embeddable":true,"href":"https:\/\/physiotherapy.ca\/fr\/wp-json\/wp\/v2\/topic?post=79907"}],"curies":[{"name":"wp","href":"https:\/\/api.w.org\/{rel}","templated":true}]}}