{"id":79910,"date":"2022-11-01T13:39:28","date_gmt":"2022-11-01T17:39:28","guid":{"rendered":"https:\/\/physiotherapy.ca\/?page_id=79910"},"modified":"2022-11-07T14:07:54","modified_gmt":"2022-11-07T19:07:54","slug":"annonce-du-projet-sur-lavenir-de-lagrement-de-lacp","status":"publish","type":"page","link":"https:\/\/physiotherapy.ca\/fr\/annonce-du-projet-sur-lavenir-de-lagrement-de-lacp\/","title":{"rendered":"Annonce du projet sur l\u2019avenir de l\u2019agr\u00e9ment de l\u2019acp"},"content":{"rendered":"\n<p>Il n\u2019est pas exag\u00e9r\u00e9 de dire que les deux derni\u00e8res ann\u00e9es ont \u00e9t\u00e9 difficiles pour la profession en ce qui a trait \u00e0 l\u2019agr\u00e9ment et \u00e0 l\u2019\u00e9valuation des comp\u00e9tences.<\/p>\n\n\n\n<p>Entre la d\u00e9claration de l\u2019Association canadienne de physioth\u00e9rapie sur la premi\u00e8re annulation de l\u2019ECP en mars&nbsp;2020 et aujourd\u2019hui, la position de l\u2019Association reste la m\u00eame, c\u2019est-\u00e0-dire que ce n\u2019est pas aux candidats de porter le fardeau d\u00e9coulant de l\u2019inefficacit\u00e9 de la profession \u00e0 g\u00e9rer la d\u00e9livrance de l\u2019agr\u00e9ment pendant la pand\u00e9mie. Aujourd\u2019hui, l\u2019ACP est fi\u00e8re d\u2019annoncer une nouvelle initiative visant \u00e0 faire valoir le point de vue des candidats et \u00e0 tirer parti de leur exp\u00e9rience, avec le point de vue et les commentaires de nos membres, pour faire progresser le dialogue sur les solutions urgentes, \u00e0 long terme et \u00e0 l\u2019\u00e9chelle nationale \u00e0 adopter pour r\u00e9gler les probl\u00e8mes qui accablent la d\u00e9livrance de l\u2019agr\u00e9ment et l\u2019\u00e9valuation des comp\u00e9tences en physioth\u00e9rapie au Canada.<\/p>\n\n\n\n<p>Dans un esprit de collaboration et d\u2019efficacit\u00e9, l\u2019ACP a travaill\u00e9 tout au long de la crise avec ses sections \u00e0 l\u2019\u00e9laboration et \u00e0 la d\u00e9finition de ses fonctions particuli\u00e8res pour aider la profession \u00e0 r\u00e9gler la crise de l\u2019agr\u00e9ment. Ensemble, nous voulons que la question de l\u2019\u00e9valuation des comp\u00e9tences et de l\u2019agr\u00e9ment \u00e0 l\u2019\u00e9chelle du pays soit trait\u00e9e efficacement \u00e0 long terme, et que les probl\u00e8mes courants relativement aux solutions provisoires d\u2019agr\u00e9ment dans une province le soient \u00e0 cette \u00e9chelle.<\/p>\n\n\n\n<p>Cette division importante, avec des efforts concert\u00e9s et des objectifs harmonis\u00e9s, a permis de r\u00e9aliser des avanc\u00e9es sur nos trois derni\u00e8res recommandations concernant l\u2019agr\u00e9ment et l\u2019\u00e9valuation des comp\u00e9tences, et a men\u00e9 \u00e0 la cr\u00e9ation du projet sur l\u2019avenir de l\u2019agr\u00e9ment de l\u2019ACP.<\/p>\n\n\n\n<h3 class=\"wp-block-heading\">Les trois recommandations de l\u2019ACP (septembre 2021)<\/h3>\n\n\n\n<p>En septembre&nbsp;2021, l\u2019Association canadienne de physioth\u00e9rapie a formul\u00e9 trois recommandations concernant l\u2019administration de l\u2019examen de comp\u00e9tence en physioth\u00e9rapie (ECP) et les retards g\u00e9n\u00e9ralis\u00e9s de la d\u00e9livrance de l\u2019agr\u00e9ment. Ces recommandations n\u2019\u00e9taient que les plus r\u00e9centes d\u2019une longue liste d\u2019actions men\u00e9es par l\u2019Association pour aider la profession \u00e0 r\u00e9gler ce probl\u00e8me qui s\u00e9vit depuis l\u2019annulation initiale de l\u2019ECP en mars&nbsp;2020.<\/p>\n\n\n\n<p>Les voici&nbsp;:<\/p>\n\n\n\n<ol class=\"wp-block-list\"><li>Remboursement des frais d\u2019examen<\/li><li>Suspension de l\u2019exigence de l\u2019ECP<\/li><li>Modernisation du syst\u00e8me<\/li><\/ol>\n\n\n\n<p>\u00c0 la fin du mois de janvier&nbsp;2022, l\u2019ACP confirmait l\u2019application de premi\u00e8res mesures.<\/p>\n\n\n\n<ol class=\"wp-block-list\"><li>Remboursement des frais d\u2019examen&nbsp;: Les candidats de l\u2019Alliance canadienne des organismes de r\u00e9glementation de la physioth\u00e9rapie (ACORP) \u00e0 l\u2019ECP ont re\u00e7u un remboursement.<\/li><li>Suspension de l\u2019exigence de l\u2019ECP&nbsp;: L\u2019ACORP a supprim\u00e9 le volet clinique de l\u2019ECP qui obligeait les ordres du pays \u00e0 cr\u00e9er des solutions provisoires pour compenser les retards de d\u00e9livrance.<\/li><li>Modernisation du syst\u00e8me&nbsp;: L\u2019ACORP a annonc\u00e9 la mise sur pied d\u2019un panel d\u2019experts qui viendra en aide et formulera des recommandations au comit\u00e9 des services d\u2019\u00e9valuation de l\u2019ACORP afin d\u2019acc\u00e9l\u00e9rer leurs travaux sur l\u2019avenir de l\u2019\u00e9valuation des comp\u00e9tences au pays.<\/li><\/ol>\n\n\n\n<p>Nous n\u2019ignorons pas que les r\u00e9sultats obtenus ces six derniers mois, m\u00eame en tenant compte de ces jalons, ne s\u2019approchent pas des solutions globales et nationales voulues par nos membres et la profession. Il en est de m\u00eame pour les solutions provisoires, qui ne r\u00e8glent pas la situation des candidats qui attendent encore leur permis de pratique ind\u00e9pendante. C\u2019est pourquoi nos sections continuent de travailler \u00e9troitement avec leurs homologues des ordres \u00e0 combler les lacunes des solutions provisoires propos\u00e9es pour les candidats, stagiaires et r\u00e9sidents en physioth\u00e9rapie. L\u2019ACP a bien h\u00e2te d\u2019annoncer les prochaines \u00e9tapes de ses activit\u00e9s nationales de repr\u00e9sentation concernant l\u2019agr\u00e9ment et l\u2019\u00e9valuation des comp\u00e9tences, r\u00e9unies dans le projet sur l\u2019avenir de l\u2019agr\u00e9ment de l\u2019ACP.<\/p>\n\n\n\n<h3 class=\"wp-block-heading\">Projet sur l\u2019avenir de l\u2019agr\u00e9ment de l\u2019ACP<\/h3>\n\n\n\n<p>L\u2019ACP comprend que l\u2019avenir de l\u2019agr\u00e9ment est un enjeu critique pour la profession et que la pand\u00e9mie a mis au jour de s\u00e9rieuses lacunes en la mati\u00e8re. C\u2019est le moment ou jamais de d\u00e9montrer toute l\u2019importance que nous accordons \u00e0 la diversit\u00e9 des id\u00e9es, \u00e0 l\u2019innovation et \u00e0 la prise de d\u00e9cisions fond\u00e9es sur des donn\u00e9es probantes dans notre analyse et notre mise en \u0153uvre de solutions \u00e0 long terme qui priorisent l\u2019acc\u00e8s aux soins et augmentent la disponibilit\u00e9 des physioth\u00e9rapeutes.<\/p>\n\n\n\n<p>L\u2019ACP mettra donc sur pied un groupe de travail temporaire et ind\u00e9pendant, qui regroupera des leaders sectoriels et des candidats afin que nos membres aient une voix dans le dialogue national sur les exigences d\u2019acc\u00e8s \u00e0 la profession et puissent participer \u00e0 un exercice de consultation inclusif. Elle compte sur la force du nombre et de la diversit\u00e9 de son effectif pour que l\u2019inclusion et la repr\u00e9sentation des physioth\u00e9rapeutes, et particuli\u00e8rement des candidats, soient au c\u0153ur de cette conversation pancanadienne. Le groupe de travail sera une coalition de voix, de perspectives et de connaissances diverses et issues de l\u2019ensemble des physioth\u00e9rapeutes, qu\u2019ils soient en formation ou en exercice.<\/p>\n\n\n\n<p>Fort de cette diversit\u00e9 d\u2019exp\u00e9riences et s\u2019appuyant sur des \u00e9valuations des tendances et des consultations aupr\u00e8s des membres, le groupe de travail contribuera \u00e0 d\u00e9crire comment les physioth\u00e9rapeutes traversent la crise de l\u2019agr\u00e9ment et rel\u00e8vera les moyens d\u2019\u00e9tablir une approche nationale pour l\u2019acc\u00e8s \u00e0 la pratique autonome ainsi que les \u00e9cueils qui guettent cet effort. Ultimement, ce projet conduira \u00e0 la r\u00e9daction d\u2019un rapport et de recommandations qui seront communiqu\u00e9s au comit\u00e9 des services d\u2019\u00e9valuation de l\u2019ACORP afin de compl\u00e9ter son propre processus et aux organismes provinciaux charg\u00e9s de l\u2019agr\u00e9ment. Ces documents guideront aussi les \u00e9changes avec nos partenaires et montreront la richesse des perspectives repr\u00e9sent\u00e9es par l\u2019ACP, particuli\u00e8rement dans un contexte de discussion nationale sur l\u2019avenir de l\u2019agr\u00e9ment.<\/p>\n\n\n\n<p>Les objectifs du projet sont multiples&nbsp;: tenir compte d\u2019un plus grand nombre de perspectives dans l\u2019\u00e9laboration d\u2019une solution \u00e0 long terme pour l\u2019examen de comp\u00e9tence et l\u2019agr\u00e9ment; remettre en question les id\u00e9es pr\u00e9con\u00e7ues; \u00e9tudier ce que la science dit sur l\u2019\u00e9valuation des comp\u00e9tences; et montrer \u00e0 nos membres qu\u2019en ce qui concerne l\u2019avenir de l\u2019agr\u00e9ment, nous prenons des mesures pertinentes, significatives et concr\u00e8tes. Il est essentiel que les d\u00e9cisions \u00e0 ce sujet soient prises en tenant compte du fait qu\u2019une solution pancanadienne faciliterait la mobilit\u00e9 des membres et l\u2019\u00e9tablissement de normes nationales, ce qui profiterait certes \u00e0 nos membres, mais surtout, \u00e0 la sant\u00e9 des Canadiens.<\/p>\n\n\n\n<h3 class=\"wp-block-heading\">Prochaines \u00e9tapes<\/h3>\n\n\n\n<p>\u00c0 compter d\u2019avril&nbsp;2022 et dans les mois qui suivront, l\u2019ACP&nbsp;:<\/p>\n\n\n\n<ul class=\"wp-block-list\"><li>formera le Groupe de travail sur l\u2019avenir de l\u2019agr\u00e9ment;<\/li><li>m\u00e8nera des consultations en ligne pour solliciter les opinions et les id\u00e9es des physioth\u00e9rapeutes;<\/li><li>organisera, \u00e0 l\u2019\u00e9t\u00e9, une s\u00e9ance de discussion qui portera sur l\u2019avenir de l\u2019agr\u00e9ment et l\u2019examen de comp\u00e9tence;<\/li><li>\u00e9tudiera les pratiques exemplaires en mati\u00e8re d\u2019\u00e9valuation des comp\u00e9tences;<\/li><li>r\u00e9digera un rapport et des recommandations sur l\u2019avenir de l\u2019agr\u00e9ment.<\/li><\/ul>\n\n\n\n<p>Pour suivre ce projet, rendez-vous au&nbsp;\u00e9crivez \u00e0&nbsp;<a href=\"mailto:information@legacy.physiotherapy.ca\">information@legacy.physiotherapy.ca<\/a>.<\/p>\n\n\n\n<div style=\"height:100px\" aria-hidden=\"true\" class=\"wp-block-spacer\"><\/div>\n","protected":false},"excerpt":{"rendered":"<p>Il n\u2019est pas exag\u00e9r\u00e9 de dire que les deux derni\u00e8res ann\u00e9es ont \u00e9t\u00e9 difficiles pour la profession en ce qui a trait \u00e0 l\u2019agr\u00e9ment et \u00e0 l\u2019\u00e9valuation des comp\u00e9tences. Entre la d\u00e9claration de l\u2019Association canadienne de physioth\u00e9rapie sur la premi\u00e8re [&hellip;]<\/p>\n","protected":false},"author":2792,"featured_media":0,"parent":0,"menu_order":1,"comment_status":"closed","ping_status":"closed","template":"","meta":{"inline_featured_image":false,"ep_exclude_from_search":false,"footnotes":""},"topic":[],"class_list":["post-79910","page","type-page","status-publish","hentry"],"acf":[],"yoast_head":"<!-- This site is optimized with the Yoast SEO plugin v24.7 - https:\/\/yoast.com\/wordpress\/plugins\/seo\/ -->\n<title>Annonce du projet sur l\u2019avenir de l\u2019agr\u00e9ment de l\u2019acp - Canadian Physiotherapy Association<\/title>\n<meta name=\"robots\" content=\"index, follow, max-snippet:-1, max-image-preview:large, max-video-preview:-1\" \/>\n<link rel=\"canonical\" href=\"https:\/\/physiotherapy.ca\/fr\/annonce-du-projet-sur-lavenir-de-lagrement-de-lacp\/\" \/>\n<meta property=\"og:locale\" content=\"fr_FR\" \/>\n<meta property=\"og:type\" content=\"article\" \/>\n<meta property=\"og:title\" content=\"Annonce du projet sur l\u2019avenir de l\u2019agr\u00e9ment de l\u2019acp - Canadian Physiotherapy Association\" \/>\n<meta property=\"og:description\" content=\"Il n\u2019est pas exag\u00e9r\u00e9 de dire que les deux derni\u00e8res ann\u00e9es ont \u00e9t\u00e9 difficiles pour la profession en ce qui a trait \u00e0 l\u2019agr\u00e9ment et \u00e0 l\u2019\u00e9valuation des comp\u00e9tences. Entre la d\u00e9claration de l\u2019Association canadienne de physioth\u00e9rapie sur la premi\u00e8re [&hellip;]\" \/>\n<meta property=\"og:url\" content=\"https:\/\/physiotherapy.ca\/fr\/annonce-du-projet-sur-lavenir-de-lagrement-de-lacp\/\" \/>\n<meta property=\"og:site_name\" content=\"Canadian Physiotherapy Association\" \/>\n<meta property=\"article:modified_time\" content=\"2022-11-07T19:07:54+00:00\" \/>\n<meta name=\"twitter:card\" content=\"summary_large_image\" \/>\n<meta name=\"twitter:label1\" content=\"Est. reading time\" \/>\n\t<meta name=\"twitter:data1\" content=\"5 minutes\" \/>\n<script type=\"application\/ld+json\" class=\"yoast-schema-graph\">{\"@context\":\"https:\/\/schema.org\",\"@graph\":[{\"@type\":\"WebPage\",\"@id\":\"https:\/\/physiotherapy.ca\/fr\/annonce-du-projet-sur-lavenir-de-lagrement-de-lacp\/\",\"url\":\"https:\/\/physiotherapy.ca\/fr\/annonce-du-projet-sur-lavenir-de-lagrement-de-lacp\/\",\"name\":\"Annonce du projet sur l\u2019avenir de l\u2019agr\u00e9ment de l\u2019acp - Canadian Physiotherapy Association\",\"isPartOf\":{\"@id\":\"https:\/\/physiotherapy.ca\/#website\"},\"datePublished\":\"2022-11-01T17:39:28+00:00\",\"dateModified\":\"2022-11-07T19:07:54+00:00\",\"breadcrumb\":{\"@id\":\"https:\/\/physiotherapy.ca\/fr\/annonce-du-projet-sur-lavenir-de-lagrement-de-lacp\/#breadcrumb\"},\"inLanguage\":\"fr-FR\",\"potentialAction\":[{\"@type\":\"ReadAction\",\"target\":[\"https:\/\/physiotherapy.ca\/fr\/annonce-du-projet-sur-lavenir-de-lagrement-de-lacp\/\"]}]},{\"@type\":\"BreadcrumbList\",\"@id\":\"https:\/\/physiotherapy.ca\/fr\/annonce-du-projet-sur-lavenir-de-lagrement-de-lacp\/#breadcrumb\",\"itemListElement\":[{\"@type\":\"ListItem\",\"position\":1,\"name\":\"Home\",\"item\":\"https:\/\/physiotherapy.ca\/fr\/\"},{\"@type\":\"ListItem\",\"position\":2,\"name\":\"Annonce du projet sur l\u2019avenir de l\u2019agr\u00e9ment de l\u2019acp\"}]},{\"@type\":\"WebSite\",\"@id\":\"https:\/\/physiotherapy.ca\/#website\",\"url\":\"https:\/\/physiotherapy.ca\/\",\"name\":\"Canadian Physiotherapy Association\",\"description\":\"The Canadian Physiotherapy Association (CPA) represents over 16,000 physiotherapy professionals and students across Canada.\",\"potentialAction\":[{\"@type\":\"SearchAction\",\"target\":{\"@type\":\"EntryPoint\",\"urlTemplate\":\"https:\/\/physiotherapy.ca\/?s={search_term_string}\"},\"query-input\":{\"@type\":\"PropertyValueSpecification\",\"valueRequired\":true,\"valueName\":\"search_term_string\"}}],\"inLanguage\":\"fr-FR\"}]}<\/script>\n<!-- \/ Yoast SEO plugin. -->","yoast_head_json":{"title":"Annonce du projet sur l\u2019avenir de l\u2019agr\u00e9ment de l\u2019acp - Canadian Physiotherapy Association","robots":{"index":"index","follow":"follow","max-snippet":"max-snippet:-1","max-image-preview":"max-image-preview:large","max-video-preview":"max-video-preview:-1"},"canonical":"https:\/\/physiotherapy.ca\/fr\/annonce-du-projet-sur-lavenir-de-lagrement-de-lacp\/","og_locale":"fr_FR","og_type":"article","og_title":"Annonce du projet sur l\u2019avenir de l\u2019agr\u00e9ment de l\u2019acp - Canadian Physiotherapy Association","og_description":"Il n\u2019est pas exag\u00e9r\u00e9 de dire que les deux derni\u00e8res ann\u00e9es ont \u00e9t\u00e9 difficiles pour la profession en ce qui a trait \u00e0 l\u2019agr\u00e9ment et \u00e0 l\u2019\u00e9valuation des comp\u00e9tences. Entre la d\u00e9claration de l\u2019Association canadienne de physioth\u00e9rapie sur la premi\u00e8re [&hellip;]","og_url":"https:\/\/physiotherapy.ca\/fr\/annonce-du-projet-sur-lavenir-de-lagrement-de-lacp\/","og_site_name":"Canadian Physiotherapy Association","article_modified_time":"2022-11-07T19:07:54+00:00","twitter_card":"summary_large_image","twitter_misc":{"Est. reading time":"5 minutes"},"schema":{"@context":"https:\/\/schema.org","@graph":[{"@type":"WebPage","@id":"https:\/\/physiotherapy.ca\/fr\/annonce-du-projet-sur-lavenir-de-lagrement-de-lacp\/","url":"https:\/\/physiotherapy.ca\/fr\/annonce-du-projet-sur-lavenir-de-lagrement-de-lacp\/","name":"Annonce du projet sur l\u2019avenir de l\u2019agr\u00e9ment de l\u2019acp - Canadian Physiotherapy Association","isPartOf":{"@id":"https:\/\/physiotherapy.ca\/#website"},"datePublished":"2022-11-01T17:39:28+00:00","dateModified":"2022-11-07T19:07:54+00:00","breadcrumb":{"@id":"https:\/\/physiotherapy.ca\/fr\/annonce-du-projet-sur-lavenir-de-lagrement-de-lacp\/#breadcrumb"},"inLanguage":"fr-FR","potentialAction":[{"@type":"ReadAction","target":["https:\/\/physiotherapy.ca\/fr\/annonce-du-projet-sur-lavenir-de-lagrement-de-lacp\/"]}]},{"@type":"BreadcrumbList","@id":"https:\/\/physiotherapy.ca\/fr\/annonce-du-projet-sur-lavenir-de-lagrement-de-lacp\/#breadcrumb","itemListElement":[{"@type":"ListItem","position":1,"name":"Home","item":"https:\/\/physiotherapy.ca\/fr\/"},{"@type":"ListItem","position":2,"name":"Annonce du projet sur l\u2019avenir de l\u2019agr\u00e9ment de l\u2019acp"}]},{"@type":"WebSite","@id":"https:\/\/physiotherapy.ca\/#website","url":"https:\/\/physiotherapy.ca\/","name":"Canadian Physiotherapy Association","description":"The Canadian Physiotherapy Association (CPA) represents over 16,000 physiotherapy professionals and students across Canada.","potentialAction":[{"@type":"SearchAction","target":{"@type":"EntryPoint","urlTemplate":"https:\/\/physiotherapy.ca\/?s={search_term_string}"},"query-input":{"@type":"PropertyValueSpecification","valueRequired":true,"valueName":"search_term_string"}}],"inLanguage":"fr-FR"}]}},"_links":{"self":[{"href":"https:\/\/physiotherapy.ca\/fr\/wp-json\/wp\/v2\/pages\/79910","targetHints":{"allow":["GET"]}}],"collection":[{"href":"https:\/\/physiotherapy.ca\/fr\/wp-json\/wp\/v2\/pages"}],"about":[{"href":"https:\/\/physiotherapy.ca\/fr\/wp-json\/wp\/v2\/types\/page"}],"author":[{"embeddable":true,"href":"https:\/\/physiotherapy.ca\/fr\/wp-json\/wp\/v2\/users\/2792"}],"replies":[{"embeddable":true,"href":"https:\/\/physiotherapy.ca\/fr\/wp-json\/wp\/v2\/comments?post=79910"}],"version-history":[{"count":3,"href":"https:\/\/physiotherapy.ca\/fr\/wp-json\/wp\/v2\/pages\/79910\/revisions"}],"predecessor-version":[{"id":80616,"href":"https:\/\/physiotherapy.ca\/fr\/wp-json\/wp\/v2\/pages\/79910\/revisions\/80616"}],"wp:attachment":[{"href":"https:\/\/physiotherapy.ca\/fr\/wp-json\/wp\/v2\/media?parent=79910"}],"wp:term":[{"taxonomy":"topic","embeddable":true,"href":"https:\/\/physiotherapy.ca\/fr\/wp-json\/wp\/v2\/topic?post=79910"}],"curies":[{"name":"wp","href":"https:\/\/api.w.org\/{rel}","templated":true}]}}