{"id":79934,"date":"2022-11-01T13:58:36","date_gmt":"2022-11-01T17:58:36","guid":{"rendered":"https:\/\/physiotherapy.ca\/?page_id=79934"},"modified":"2022-11-02T13:10:00","modified_gmt":"2022-11-02T17:10:00","slug":"mois-national-de-la-physiotherapie-2022","status":"publish","type":"page","link":"https:\/\/physiotherapy.ca\/fr\/representation-2\/advocacy-updates-fr\/recent-advocacy\/mois-national-de-la-physiotherapie-2022\/","title":{"rendered":"Mois national de la physioth\u00e9rapie\u00a02022"},"content":{"rendered":"\n<figure class=\"wp-block-image size-large\"><img loading=\"lazy\" decoding=\"async\" width=\"1024\" height=\"263\" src=\"https:\/\/physiotherapy.ca\/app\/uploads\/2022\/11\/CPA_NPM_EmailBanner_FR_v1-1024x263.jpg\" alt=\"\" class=\"wp-image-79935\" srcset=\"https:\/\/physiotherapy.ca\/app\/uploads\/2022\/11\/CPA_NPM_EmailBanner_FR_v1-1024x263.jpg 1024w, https:\/\/physiotherapy.ca\/app\/uploads\/2022\/11\/CPA_NPM_EmailBanner_FR_v1-600x154.jpg 600w, https:\/\/physiotherapy.ca\/app\/uploads\/2022\/11\/CPA_NPM_EmailBanner_FR_v1-300x77.jpg 300w, https:\/\/physiotherapy.ca\/app\/uploads\/2022\/11\/CPA_NPM_EmailBanner_FR_v1-768x197.jpg 768w, https:\/\/physiotherapy.ca\/app\/uploads\/2022\/11\/CPA_NPM_EmailBanner_FR_v1-390x100.jpg 390w, https:\/\/physiotherapy.ca\/app\/uploads\/2022\/11\/CPA_NPM_EmailBanner_FR_v1.jpg 1170w\" sizes=\"auto, (max-width: 1024px) 100vw, 1024px\" \/><\/figure>\n\n\n\n<p>\u00c0 l\u2019occasion du Mois national de la physioth\u00e9rapie\u00a02022,\u00a0<strong>#NPM2022,<\/strong>\u00a0nous soulignons les nombreux apports de notre profession pour la prise en charge et la gu\u00e9rison des patients atteints du syndrome post-COVID-19, un sujet qui a beaucoup fait jaser ces deux derni\u00e8res ann\u00e9es.\u00a0<\/p>\n\n\n\n<p>Nous souhaitons mettre l\u2019accent sur la contribution des physioth\u00e9rapeutes, assistants-physioth\u00e9rapeutes, technologues, \u00e9tudiants et r\u00e9sidents en physioth\u00e9rapie hautement qualifi\u00e9s \u00e0 la gu\u00e9rison des patients atteints du syndrome post-COVID-19 au Canada.<\/p>\n\n\n\n<p>L\u2019expertise clinique des physioth\u00e9rapeutes est fondamentale pour le traitement et le r\u00e9tablissement des personnes souffrant du syndrome post-COVID-19, que ce soit en centre de r\u00e9adaptation, aux soins intensifs, en milieu hospitalier, en unit\u00e9 de soins courants et en soins de proximit\u00e9. Les physioth\u00e9rapeutes exercent dans diff\u00e9rents milieux pour r\u00e9pondre aux pressions actuelles dans le domaine de la sant\u00e9 et aux besoins de planification et de pr\u00e9paration des effectifs. C\u2019est le moment de montrer fi\u00e8rement \u00e0 la nation l\u2019importance de notre profession.<\/p>\n\n\n\n<figure class=\"wp-block-image size-large\"><a href=\"https:\/\/cpa.embodiaacademy.com\/webinars\/674-long-covid-and-physiotherapy-canadian-and-international-perspectives-on-supporting-patient-care-well-being-canadian-physiotherapy-association\"><img loading=\"lazy\" decoding=\"async\" width=\"1024\" height=\"537\" src=\"https:\/\/physiotherapy.ca\/app\/uploads\/2022\/11\/CPA_NPM_1200x630-FR_Webinar_v1-1-1024x537.jpg\" alt=\"\" class=\"wp-image-79937\" srcset=\"https:\/\/physiotherapy.ca\/app\/uploads\/2022\/11\/CPA_NPM_1200x630-FR_Webinar_v1-1-1024x537.jpg 1024w, https:\/\/physiotherapy.ca\/app\/uploads\/2022\/11\/CPA_NPM_1200x630-FR_Webinar_v1-1-600x315.jpg 600w, https:\/\/physiotherapy.ca\/app\/uploads\/2022\/11\/CPA_NPM_1200x630-FR_Webinar_v1-1-300x157.jpg 300w, https:\/\/physiotherapy.ca\/app\/uploads\/2022\/11\/CPA_NPM_1200x630-FR_Webinar_v1-1-768x403.jpg 768w, https:\/\/physiotherapy.ca\/app\/uploads\/2022\/11\/CPA_NPM_1200x630-FR_Webinar_v1-1-381x200.jpg 381w, https:\/\/physiotherapy.ca\/app\/uploads\/2022\/11\/CPA_NPM_1200x630-FR_Webinar_v1-1.jpg 1201w\" sizes=\"auto, (max-width: 1024px) 100vw, 1024px\" \/><\/a><\/figure>\n\n\n\n<div class=\"wp-block-columns is-layout-flex wp-container-core-columns-is-layout-1 wp-block-columns-is-layout-flex\">\n<div class=\"wp-block-column is-layout-flow wp-block-column-is-layout-flow\">\n<figure class=\"wp-block-image size-full\"><a href=\"https:\/\/physiotherapy.ca\/fr\/page-de-ressources-sur-le-syndrome-post-covid-19\/\"><img loading=\"lazy\" decoding=\"async\" width=\"301\" height=\"166\" src=\"https:\/\/physiotherapy.ca\/app\/uploads\/2022\/11\/CPA_NPM_Website300x165-FR_Resources.jpg\" alt=\"\" class=\"wp-image-79939\"\/><\/a><\/figure>\n<\/div>\n\n\n\n<div class=\"wp-block-column is-layout-flow wp-block-column-is-layout-flow\">\n<figure class=\"wp-block-image size-full\"><a href=\"https:\/\/physiotherapy.ca\/fr\/representation\/advocacy-updates-fr\/mois-national-de-la-physiotherapie-2022\/national-physiotherapy-month-2022-social-media-kit\/\"><img loading=\"lazy\" decoding=\"async\" width=\"301\" height=\"166\" src=\"https:\/\/physiotherapy.ca\/app\/uploads\/2022\/11\/CPA_NPM_Website300x165-FR_Social-Media-Kit.jpg\" alt=\"\" class=\"wp-image-79941\"\/><\/a><\/figure>\n<\/div>\n<\/div>\n\n\n\n<div class=\"wp-block-columns is-layout-flex wp-container-core-columns-is-layout-2 wp-block-columns-is-layout-flex\">\n<div class=\"wp-block-column is-layout-flow wp-block-column-is-layout-flow\">\n<figure class=\"wp-block-image size-full\"><a href=\"https:\/\/physiotherapy.ca\/la-journee-des-ap-t-phys\/\"><img loading=\"lazy\" decoding=\"async\" width=\"301\" height=\"166\" src=\"https:\/\/physiotherapy.ca\/app\/uploads\/2022\/11\/CPA_NPM_Website300x165-FR_PTA-Day.jpg\" alt=\"\" class=\"wp-image-79943\"\/><\/a><\/figure>\n<\/div>\n\n\n\n<div class=\"wp-block-column is-layout-flow wp-block-column-is-layout-flow\">\n<figure class=\"wp-block-image size-full\"><a href=\"https:\/\/physiotherapy.ca\/app\/uploads\/2022\/11\/cpa_npm_infographic_v1-fr.pdf\"><img loading=\"lazy\" decoding=\"async\" width=\"301\" height=\"166\" src=\"https:\/\/physiotherapy.ca\/app\/uploads\/2022\/11\/CPA_NPM_Website300x165-FR_Infographic_v1.jpg\" alt=\"\" class=\"wp-image-79945\"\/><\/a><\/figure>\n<\/div>\n<\/div>\n\n\n\n<div style=\"height:100px\" aria-hidden=\"true\" class=\"wp-block-spacer\"><\/div>\n","protected":false},"excerpt":{"rendered":"<p>\u00c0 l\u2019occasion du Mois national de la physioth\u00e9rapie\u00a02022,\u00a0#NPM2022,\u00a0nous soulignons les nombreux apports de notre profession pour la prise en charge et la gu\u00e9rison des patients atteints du syndrome post-COVID-19, un sujet qui a beaucoup fait jaser ces deux derni\u00e8res ann\u00e9es.\u00a0 [&hellip;]<\/p>\n","protected":false},"author":2792,"featured_media":0,"parent":79907,"menu_order":0,"comment_status":"closed","ping_status":"closed","template":"page-templates\/page-topic-landing.php","meta":{"inline_featured_image":false,"ep_exclude_from_search":false,"footnotes":""},"topic":[],"class_list":["post-79934","page","type-page","status-publish","hentry"],"acf":[],"yoast_head":"<!-- This site is optimized with the Yoast SEO plugin v24.7 - https:\/\/yoast.com\/wordpress\/plugins\/seo\/ -->\n<title>Mois national de la physioth\u00e9rapie\u00a02022 - Canadian Physiotherapy Association<\/title>\n<meta name=\"robots\" content=\"index, follow, max-snippet:-1, max-image-preview:large, max-video-preview:-1\" \/>\n<link rel=\"canonical\" href=\"https:\/\/physiotherapy.ca\/fr\/representation-2\/advocacy-updates-fr\/recent-advocacy\/mois-national-de-la-physiotherapie-2022\/\" \/>\n<meta property=\"og:locale\" content=\"fr_FR\" \/>\n<meta property=\"og:type\" content=\"article\" \/>\n<meta property=\"og:title\" content=\"Mois national de la physioth\u00e9rapie\u00a02022 - Canadian Physiotherapy Association\" \/>\n<meta property=\"og:description\" content=\"\u00c0 l\u2019occasion du Mois national de la physioth\u00e9rapie\u00a02022,\u00a0#NPM2022,\u00a0nous soulignons les nombreux apports de notre profession pour la prise en charge et la gu\u00e9rison des patients atteints du syndrome post-COVID-19, un sujet qui a beaucoup fait jaser ces deux derni\u00e8res ann\u00e9es.\u00a0 [&hellip;]\" \/>\n<meta property=\"og:url\" content=\"https:\/\/physiotherapy.ca\/fr\/representation-2\/advocacy-updates-fr\/recent-advocacy\/mois-national-de-la-physiotherapie-2022\/\" \/>\n<meta property=\"og:site_name\" content=\"Canadian Physiotherapy Association\" \/>\n<meta property=\"article:modified_time\" content=\"2022-11-02T17:10:00+00:00\" \/>\n<meta property=\"og:image\" content=\"https:\/\/physiotherapy.ca\/app\/uploads\/2022\/11\/CPA_NPM_EmailBanner_FR_v1-1024x263.jpg\" \/>\n<meta name=\"twitter:card\" content=\"summary_large_image\" \/>\n<meta name=\"twitter:label1\" content=\"Est. reading time\" \/>\n\t<meta name=\"twitter:data1\" content=\"2 minutes\" \/>\n<script type=\"application\/ld+json\" class=\"yoast-schema-graph\">{\"@context\":\"https:\/\/schema.org\",\"@graph\":[{\"@type\":\"WebPage\",\"@id\":\"https:\/\/physiotherapy.ca\/fr\/representation-2\/advocacy-updates-fr\/recent-advocacy\/mois-national-de-la-physiotherapie-2022\/\",\"url\":\"https:\/\/physiotherapy.ca\/fr\/representation-2\/advocacy-updates-fr\/recent-advocacy\/mois-national-de-la-physiotherapie-2022\/\",\"name\":\"Mois national de la physioth\u00e9rapie\u00a02022 - Canadian Physiotherapy Association\",\"isPartOf\":{\"@id\":\"https:\/\/physiotherapy.ca\/#website\"},\"primaryImageOfPage\":{\"@id\":\"https:\/\/physiotherapy.ca\/fr\/representation-2\/advocacy-updates-fr\/recent-advocacy\/mois-national-de-la-physiotherapie-2022\/#primaryimage\"},\"image\":{\"@id\":\"https:\/\/physiotherapy.ca\/fr\/representation-2\/advocacy-updates-fr\/recent-advocacy\/mois-national-de-la-physiotherapie-2022\/#primaryimage\"},\"thumbnailUrl\":\"https:\/\/physiotherapy.ca\/app\/uploads\/2022\/11\/CPA_NPM_EmailBanner_FR_v1-1024x263.jpg\",\"datePublished\":\"2022-11-01T17:58:36+00:00\",\"dateModified\":\"2022-11-02T17:10:00+00:00\",\"breadcrumb\":{\"@id\":\"https:\/\/physiotherapy.ca\/fr\/representation-2\/advocacy-updates-fr\/recent-advocacy\/mois-national-de-la-physiotherapie-2022\/#breadcrumb\"},\"inLanguage\":\"fr-FR\",\"potentialAction\":[{\"@type\":\"ReadAction\",\"target\":[\"https:\/\/physiotherapy.ca\/fr\/representation-2\/advocacy-updates-fr\/recent-advocacy\/mois-national-de-la-physiotherapie-2022\/\"]}]},{\"@type\":\"ImageObject\",\"inLanguage\":\"fr-FR\",\"@id\":\"https:\/\/physiotherapy.ca\/fr\/representation-2\/advocacy-updates-fr\/recent-advocacy\/mois-national-de-la-physiotherapie-2022\/#primaryimage\",\"url\":\"https:\/\/physiotherapy.ca\/app\/uploads\/2022\/11\/CPA_NPM_EmailBanner_FR_v1-1024x263.jpg\",\"contentUrl\":\"https:\/\/physiotherapy.ca\/app\/uploads\/2022\/11\/CPA_NPM_EmailBanner_FR_v1-1024x263.jpg\"},{\"@type\":\"BreadcrumbList\",\"@id\":\"https:\/\/physiotherapy.ca\/fr\/representation-2\/advocacy-updates-fr\/recent-advocacy\/mois-national-de-la-physiotherapie-2022\/#breadcrumb\",\"itemListElement\":[{\"@type\":\"ListItem\",\"position\":1,\"name\":\"Home\",\"item\":\"https:\/\/physiotherapy.ca\/fr\/\"},{\"@type\":\"ListItem\",\"position\":2,\"name\":\"Repr\u00e9sentation\",\"item\":\"https:\/\/physiotherapy.ca\/fr\/representation-2\/\"},{\"@type\":\"ListItem\",\"position\":3,\"name\":\"Plaidoyer\",\"item\":\"https:\/\/physiotherapy.ca\/fr\/representation-2\/advocacy-updates-fr\/\"},{\"@type\":\"ListItem\",\"position\":4,\"name\":\"Repr\u00e9sentation r\u00e9cente\",\"item\":\"https:\/\/physiotherapy.ca\/fr\/representation-2\/advocacy-updates-fr\/recent-advocacy\/\"},{\"@type\":\"ListItem\",\"position\":5,\"name\":\"Mois national de la physioth\u00e9rapie\u00a02022\"}]},{\"@type\":\"WebSite\",\"@id\":\"https:\/\/physiotherapy.ca\/#website\",\"url\":\"https:\/\/physiotherapy.ca\/\",\"name\":\"Canadian Physiotherapy Association\",\"description\":\"The Canadian Physiotherapy Association (CPA) represents over 16,000 physiotherapy professionals and students across Canada.\",\"potentialAction\":[{\"@type\":\"SearchAction\",\"target\":{\"@type\":\"EntryPoint\",\"urlTemplate\":\"https:\/\/physiotherapy.ca\/?s={search_term_string}\"},\"query-input\":{\"@type\":\"PropertyValueSpecification\",\"valueRequired\":true,\"valueName\":\"search_term_string\"}}],\"inLanguage\":\"fr-FR\"}]}<\/script>\n<!-- \/ Yoast SEO plugin. -->","yoast_head_json":{"title":"Mois national de la physioth\u00e9rapie\u00a02022 - Canadian Physiotherapy Association","robots":{"index":"index","follow":"follow","max-snippet":"max-snippet:-1","max-image-preview":"max-image-preview:large","max-video-preview":"max-video-preview:-1"},"canonical":"https:\/\/physiotherapy.ca\/fr\/representation-2\/advocacy-updates-fr\/recent-advocacy\/mois-national-de-la-physiotherapie-2022\/","og_locale":"fr_FR","og_type":"article","og_title":"Mois national de la physioth\u00e9rapie\u00a02022 - Canadian Physiotherapy Association","og_description":"\u00c0 l\u2019occasion du Mois national de la physioth\u00e9rapie\u00a02022,\u00a0#NPM2022,\u00a0nous soulignons les nombreux apports de notre profession pour la prise en charge et la gu\u00e9rison des patients atteints du syndrome post-COVID-19, un sujet qui a beaucoup fait jaser ces deux derni\u00e8res ann\u00e9es.\u00a0 [&hellip;]","og_url":"https:\/\/physiotherapy.ca\/fr\/representation-2\/advocacy-updates-fr\/recent-advocacy\/mois-national-de-la-physiotherapie-2022\/","og_site_name":"Canadian Physiotherapy Association","article_modified_time":"2022-11-02T17:10:00+00:00","og_image":[{"url":"https:\/\/physiotherapy.ca\/app\/uploads\/2022\/11\/CPA_NPM_EmailBanner_FR_v1-1024x263.jpg","type":"","width":"","height":""}],"twitter_card":"summary_large_image","twitter_misc":{"Est. reading time":"2 minutes"},"schema":{"@context":"https:\/\/schema.org","@graph":[{"@type":"WebPage","@id":"https:\/\/physiotherapy.ca\/fr\/representation-2\/advocacy-updates-fr\/recent-advocacy\/mois-national-de-la-physiotherapie-2022\/","url":"https:\/\/physiotherapy.ca\/fr\/representation-2\/advocacy-updates-fr\/recent-advocacy\/mois-national-de-la-physiotherapie-2022\/","name":"Mois national de la physioth\u00e9rapie\u00a02022 - Canadian Physiotherapy Association","isPartOf":{"@id":"https:\/\/physiotherapy.ca\/#website"},"primaryImageOfPage":{"@id":"https:\/\/physiotherapy.ca\/fr\/representation-2\/advocacy-updates-fr\/recent-advocacy\/mois-national-de-la-physiotherapie-2022\/#primaryimage"},"image":{"@id":"https:\/\/physiotherapy.ca\/fr\/representation-2\/advocacy-updates-fr\/recent-advocacy\/mois-national-de-la-physiotherapie-2022\/#primaryimage"},"thumbnailUrl":"https:\/\/physiotherapy.ca\/app\/uploads\/2022\/11\/CPA_NPM_EmailBanner_FR_v1-1024x263.jpg","datePublished":"2022-11-01T17:58:36+00:00","dateModified":"2022-11-02T17:10:00+00:00","breadcrumb":{"@id":"https:\/\/physiotherapy.ca\/fr\/representation-2\/advocacy-updates-fr\/recent-advocacy\/mois-national-de-la-physiotherapie-2022\/#breadcrumb"},"inLanguage":"fr-FR","potentialAction":[{"@type":"ReadAction","target":["https:\/\/physiotherapy.ca\/fr\/representation-2\/advocacy-updates-fr\/recent-advocacy\/mois-national-de-la-physiotherapie-2022\/"]}]},{"@type":"ImageObject","inLanguage":"fr-FR","@id":"https:\/\/physiotherapy.ca\/fr\/representation-2\/advocacy-updates-fr\/recent-advocacy\/mois-national-de-la-physiotherapie-2022\/#primaryimage","url":"https:\/\/physiotherapy.ca\/app\/uploads\/2022\/11\/CPA_NPM_EmailBanner_FR_v1-1024x263.jpg","contentUrl":"https:\/\/physiotherapy.ca\/app\/uploads\/2022\/11\/CPA_NPM_EmailBanner_FR_v1-1024x263.jpg"},{"@type":"BreadcrumbList","@id":"https:\/\/physiotherapy.ca\/fr\/representation-2\/advocacy-updates-fr\/recent-advocacy\/mois-national-de-la-physiotherapie-2022\/#breadcrumb","itemListElement":[{"@type":"ListItem","position":1,"name":"Home","item":"https:\/\/physiotherapy.ca\/fr\/"},{"@type":"ListItem","position":2,"name":"Repr\u00e9sentation","item":"https:\/\/physiotherapy.ca\/fr\/representation-2\/"},{"@type":"ListItem","position":3,"name":"Plaidoyer","item":"https:\/\/physiotherapy.ca\/fr\/representation-2\/advocacy-updates-fr\/"},{"@type":"ListItem","position":4,"name":"Repr\u00e9sentation r\u00e9cente","item":"https:\/\/physiotherapy.ca\/fr\/representation-2\/advocacy-updates-fr\/recent-advocacy\/"},{"@type":"ListItem","position":5,"name":"Mois national de la physioth\u00e9rapie\u00a02022"}]},{"@type":"WebSite","@id":"https:\/\/physiotherapy.ca\/#website","url":"https:\/\/physiotherapy.ca\/","name":"Canadian Physiotherapy Association","description":"The Canadian Physiotherapy Association (CPA) represents over 16,000 physiotherapy professionals and students across Canada.","potentialAction":[{"@type":"SearchAction","target":{"@type":"EntryPoint","urlTemplate":"https:\/\/physiotherapy.ca\/?s={search_term_string}"},"query-input":{"@type":"PropertyValueSpecification","valueRequired":true,"valueName":"search_term_string"}}],"inLanguage":"fr-FR"}]}},"_links":{"self":[{"href":"https:\/\/physiotherapy.ca\/fr\/wp-json\/wp\/v2\/pages\/79934","targetHints":{"allow":["GET"]}}],"collection":[{"href":"https:\/\/physiotherapy.ca\/fr\/wp-json\/wp\/v2\/pages"}],"about":[{"href":"https:\/\/physiotherapy.ca\/fr\/wp-json\/wp\/v2\/types\/page"}],"author":[{"embeddable":true,"href":"https:\/\/physiotherapy.ca\/fr\/wp-json\/wp\/v2\/users\/2792"}],"replies":[{"embeddable":true,"href":"https:\/\/physiotherapy.ca\/fr\/wp-json\/wp\/v2\/comments?post=79934"}],"version-history":[{"count":5,"href":"https:\/\/physiotherapy.ca\/fr\/wp-json\/wp\/v2\/pages\/79934\/revisions"}],"predecessor-version":[{"id":80068,"href":"https:\/\/physiotherapy.ca\/fr\/wp-json\/wp\/v2\/pages\/79934\/revisions\/80068"}],"up":[{"embeddable":true,"href":"https:\/\/physiotherapy.ca\/fr\/wp-json\/wp\/v2\/pages\/79907"}],"wp:attachment":[{"href":"https:\/\/physiotherapy.ca\/fr\/wp-json\/wp\/v2\/media?parent=79934"}],"wp:term":[{"taxonomy":"topic","embeddable":true,"href":"https:\/\/physiotherapy.ca\/fr\/wp-json\/wp\/v2\/topic?post=79934"}],"curies":[{"name":"wp","href":"https:\/\/api.w.org\/{rel}","templated":true}]}}