{"id":79951,"date":"2022-11-02T13:00:49","date_gmt":"2022-11-02T17:00:49","guid":{"rendered":"https:\/\/physiotherapy.ca\/?page_id=79951"},"modified":"2022-11-02T13:00:50","modified_gmt":"2022-11-02T17:00:50","slug":"page-de-ressources-sur-le-syndrome-post-covid-19","status":"publish","type":"page","link":"https:\/\/physiotherapy.ca\/fr\/page-de-ressources-sur-le-syndrome-post-covid-19\/","title":{"rendered":"Page de ressources sur\u00a0le syndrome post-COVID-19"},"content":{"rendered":"\n<figure class=\"wp-block-image size-large\"><img loading=\"lazy\" decoding=\"async\" width=\"1024\" height=\"263\" src=\"https:\/\/physiotherapy.ca\/app\/uploads\/2022\/11\/CPA_NPM_EmailBanner_FR_v1-1024x263.jpg\" alt=\"\" class=\"wp-image-79935\" srcset=\"https:\/\/physiotherapy.ca\/app\/uploads\/2022\/11\/CPA_NPM_EmailBanner_FR_v1-1024x263.jpg 1024w, https:\/\/physiotherapy.ca\/app\/uploads\/2022\/11\/CPA_NPM_EmailBanner_FR_v1-600x154.jpg 600w, https:\/\/physiotherapy.ca\/app\/uploads\/2022\/11\/CPA_NPM_EmailBanner_FR_v1-300x77.jpg 300w, https:\/\/physiotherapy.ca\/app\/uploads\/2022\/11\/CPA_NPM_EmailBanner_FR_v1-768x197.jpg 768w, https:\/\/physiotherapy.ca\/app\/uploads\/2022\/11\/CPA_NPM_EmailBanner_FR_v1-390x100.jpg 390w, https:\/\/physiotherapy.ca\/app\/uploads\/2022\/11\/CPA_NPM_EmailBanner_FR_v1.jpg 1170w\" sizes=\"auto, (max-width: 1024px) 100vw, 1024px\" \/><\/figure>\n\n\n\n<p>L&#8217;ACP reconna\u00eet que des recherches sont en cours pour mieux comprendre le syndrome post-COVID et que plus de preuves et de compr\u00e9hension seront n\u00e9cessaires pour soutenir les personnes vivant avec la maladie. Les ressources fournies ici seront mises \u00e0 jour au fur et \u00e0 mesure que ces nouvelles rechereches\u00a0\u00e9mergeront.<\/p>\n\n\n\n<p>SVP noter que plusieurs des ressources sont disponibles en anglais seulement.<\/p>\n\n\n\n<div style=\"height:45px\" aria-hidden=\"true\" class=\"wp-block-spacer\"><\/div>\n\n\n\n<h2 class=\"wp-block-heading\">Renseignements g\u00e9n\u00e9raux sur le syndrome post-COVID-19 et les professionnels de la sant\u00e9<\/h2>\n\n\n\n<ul class=\"wp-block-list\"><li><a href=\"https:\/\/www.who.int\/news-room\/questions-and-answers\/item\/coronavirus-disease-(covid-19)-post-covid-19-condition\" target=\"_blank\" rel=\"noreferrer noopener\"><a href=\"https:\/\/www.who.int\/fr\/news-room\/questions-and-answers\/item\/coronavirus-disease-(covid-19)-post-covid-19-condition\">OMS\u00a0: Maladie \u00e0 coronavirus (COVID\u201119)\u00a0: affection post-COVID-19<\/a><\/a><\/li><li><a href=\"https:\/\/longcovid.physio\/longcovid\" target=\"_blank\" rel=\"noreferrer noopener\">Long COVID: What is Long COVID?\u00a0<\/a><\/li><li><a href=\"https:\/\/www.medrxiv.org\/content\/10.1101\/2022.03.08.22272057v1\" target=\"_blank\" rel=\"noreferrer noopener\"><a href=\"https:\/\/www.medrxiv.org\/content\/10.1101\/2022.03.08.22272057v1\">Article \u00e9valu\u00e9 par les pairs\u00a0: Physical, psychological and cognitive profile of post-COVID condition in healthcare workers, Quebec, Canada<\/a><\/a><\/li><li><a href=\"https:\/\/www.mcgill.ca\/oss\/article\/covid-19\/debilitating-puzzle-box-long-covid\" target=\"_blank\" rel=\"noreferrer noopener\">The Debilitating Puzzle Box of Long COVID: The persistence of symptoms in many people who get COVID-19 demands answers, but studying long COVID proves to be quite the scientific challenge<\/a><\/li><li><a href=\"https:\/\/world.physio\/covid-19-information-hub\/long-covid\" target=\"_blank\" rel=\"noreferrer noopener\">Long Covid Resources to support in the understanding and\u00a0management of the consequences of Long Covid<\/a><\/li><li><a href=\"https:\/\/www.ncbi.nlm.nih.gov\/pmc\/articles\/PMC8460526\/?msclkid=5bf69adeabab11ecbc986c9a098f4933\" target=\"_blank\" rel=\"noreferrer noopener\"><a href=\"https:\/\/www.ncbi.nlm.nih.gov\/pmc\/articles\/PMC8460526\/?msclkid=5bf69adeabab11ecbc986c9a098f4933\">Article \u00e9valu\u00e9 par les pairs\u00a0: Conceptualising Long COVID as an episodic health condition<\/a><\/a><\/li><li><a href=\"https:\/\/www.hopkinsmedicine.org\/health\/conditions-and-diseases\/coronavirus\/covid-long-haulers-long-term-effects-of-covid19\" target=\"_blank\" rel=\"noreferrer noopener\">COVID \u2018Long Haulers\u2019: Long-Term Effects of COVID-19<\/a><\/li><\/ul>\n\n\n\n<h2 class=\"wp-block-heading\">Guides\/trousses d\u2019outils\/livrets\/perfectionnement professionnel continu<\/h2>\n\n\n\n<ul class=\"wp-block-list\"><li><a href=\"https:\/\/physiotherapy.ca\/app\/uploads\/2022\/08\/long_covid_en-final-rev2.pdf\" target=\"_blank\" rel=\"noreferrer noopener\"><\/a><a href=\"https:\/\/legacy.physiotherapy.ca\/fr\/readaptation-pour-les-clients-vivant-avec-laffection-post-covid-19-covid-longue\">Guide destin\u00e9 aux professionnels canadiens de la r\u00e9adaptation et de l\u2019exercice<\/a><\/li><li><a href=\"https:\/\/www.sciencedirect.com\/science\/article\/pii\/S0277953620306456?via%3Dihub\" target=\"_blank\" rel=\"noreferrer noopener\">Peer review literature: How and why patients made Long Covid (2021)\u00a0<\/a><\/li><li><a href=\"https:\/\/www.sign.ac.uk\/media\/1825\/sign-long-covid-patient-booklet-v2.pdf?fbclid=IwAR08w8QOk_I7vaoIWTOnFWzFu9-brm8sJhJrwN-0MHGNOWlycB7AkYT71sA\" target=\"_blank\" rel=\"noreferrer noopener\">Long COVID: A booklet for people who have signs and symptoms that continue or develop after acute COVID-19\u00a0<\/a><\/li><li><a href=\"https:\/\/criticalcarelearning.ca\/login\/index.php\">COVIDCareLearning.ca\u00a0: Un outil pr\u00e9cieux pour les acteurs du syst\u00e8me ayant besoin de se renseigner sur la COVID-19 durant la pand\u00e9mie (en anglais seulement)<\/a><\/li><li><a href=\"http:\/\/rehabcarealliance.ca\/post-covid-19-condition\" target=\"_blank\" rel=\"noreferrer noopener\">Rehabilitative Care Alliance (RCA) Post COVID-19 Condition (also known as Long COVID)<\/a><\/li><\/ul>\n\n\n\n<h2 class=\"wp-block-heading\">Population p\u00e9diatrique\u00a0<\/h2>\n\n\n\n<ul class=\"wp-block-list\"><li><a href=\"https:\/\/longcovidcanada.ca\/kids-and-covid\/\" target=\"_blank\" rel=\"noreferrer noopener\">Kids and COVID: Recognition Research Rehabilitation\u00a0<\/a><\/li><li><a href=\"https:\/\/www.bmj.com\/company\/newsroom\/first-research-definition-for-long-covid-in-kids-and-young-people-formally-agreed\/\" target=\"_blank\" rel=\"noreferrer noopener\"><a href=\"https:\/\/www.bmj.com\/company\/newsroom\/first-research-definition-for-long-covid-in-kids-and-young-people-formally-agreed\/\">Article \u00e9valu\u00e9 par les pairs\u00a0:\u00a0<em>First research definition for \u2018Long COVID\u2019 in kids and young people formally agreed<\/em><\/a><\/a><\/li><li><a href=\"https:\/\/www.longcovidkids.org\/\" target=\"_blank\" rel=\"noreferrer noopener\">Advocacy, Support, Research, Action: Long COVID Kids<\/a><\/li><li><a href=\"http:\/\/ecourses.aacpdm.org\/\" target=\"_blank\" rel=\"noreferrer noopener\">Professional Development: COVID and Children with Disabilities eCourse<\/a><\/li><\/ul>\n\n\n\n<h2 class=\"wp-block-heading\">Webinaires\u00a0\u00e0 venir<\/h2>\n\n\n\n<ol class=\"wp-block-list\"><li><strong><strong>Titre :<\/strong>\u00a0R\u00e9adaptation et r\u00e9tablissement apr\u00e8s la COVID-19 : discussions de cas et observations de la cohorte CANCOV.<\/strong><br><strong>6 juin 2022, 18 h \u00e0 19 h HAE.<\/strong><br><strong><a href=\"https:\/\/us06web.zoom.us\/meeting\/register\/tZ0odumtrjwjGNSW0F4Ls7jMhikosnZNKPoB\">Inscrivez-vous ici<\/a>.<\/strong><\/li><li><strong><strong>Titre :<\/strong>\u00a0Long COVID\u00a0Forum international de physioth\u00e9rapie<\/strong><br><strong>9-10 septembre, 2022<\/strong><br><strong><a href=\"https:\/\/longcovid.physio\/forum\">Inscrivez-vous ici.<\/a><\/strong><\/li><\/ol>\n\n\n\n<h2 class=\"wp-block-heading\">Webinares<\/h2>\n\n\n\n<ul class=\"wp-block-list\"><li><a href=\"https:\/\/cpa.embodiaapp.com\/courses\/1344-long-covid-physiotherapy-canadian-physiotherapy-association\">D\u00e9couvrez le long webinaire COVID et physioth\u00e9rapie de l&#8217;ACP<\/a><\/li><\/ul>\n\n\n\n<h2 class=\"wp-block-heading\">Vid\u00e9os \u00e9ducatives\u00a0<\/h2>\n\n\n\n<ul class=\"wp-block-list\"><li><a href=\"https:\/\/www.youtube.com\/watch?v=5ux5rwDQT8U\" target=\"_blank\" rel=\"noreferrer noopener\"><a href=\"https:\/\/www.youtube.com\/watch?v=5ux5rwDQT8U\">Un focus sur la respiration<\/a><\/a><\/li><li><a href=\"https:\/\/www.youtube.com\/watch?v=5ux5rwDQT8U\" target=\"_blank\" rel=\"noreferrer noopener\"><a href=\"https:\/\/www.youtube.com\/watch?v=M4tGFiLXsIk\">Qu&#8217;est-ce que le Long COVID?<\/a><\/a><\/li><li><a href=\"https:\/\/www.youtube.com\/watch?v=5ux5rwDQT8U\" target=\"_blank\" rel=\"noreferrer noopener\"><a href=\"https:\/\/www.youtube.com\/watch?v=XVAXELKbG6M\">Pourquoi s&#8217;appelle-t-il Long COVID?<\/a><\/a><\/li><li><a href=\"https:\/\/www.youtube.com\/watch?v=5ux5rwDQT8U\" target=\"_blank\" rel=\"noreferrer noopener\"><a href=\"https:\/\/www.youtube.com\/watch?v=9fogPLrZoQc\">Quels sont les longs sympt\u00f4mes courants du COVID?<\/a><\/a><\/li><\/ul>\n\n\n\n<h2 class=\"wp-block-heading\">Partenariat L&#8217;ACP Long COVID<\/h2>\n\n\n\n<ul class=\"wp-block-list\"><li><a href=\"https:\/\/physiotherapy.ca\/celebrating-national-physiotherapy-month-2022-new-partnership-long-covid-physio\"><a href=\"https:\/\/legacy.physiotherapy.ca\/celebrating-national-physiotherapy-month-2022-new-partnership-long-covid-physio\">Nouveau partenariat avec Long COVID Physio<\/a><\/a><\/li><\/ul>\n\n\n\n<div style=\"height:100px\" aria-hidden=\"true\" class=\"wp-block-spacer\"><\/div>\n","protected":false},"excerpt":{"rendered":"<p>L&#8217;ACP reconna\u00eet que des recherches sont en cours pour mieux comprendre le syndrome post-COVID et que plus de preuves et de compr\u00e9hension seront n\u00e9cessaires pour soutenir les personnes vivant avec la maladie. Les ressources fournies ici seront mises \u00e0 jour [&hellip;]<\/p>\n","protected":false},"author":2792,"featured_media":0,"parent":0,"menu_order":0,"comment_status":"closed","ping_status":"closed","template":"","meta":{"inline_featured_image":false,"ep_exclude_from_search":false,"footnotes":""},"topic":[],"class_list":["post-79951","page","type-page","status-publish","hentry"],"acf":[],"yoast_head":"<!-- This site is optimized with the Yoast SEO plugin v24.7 - https:\/\/yoast.com\/wordpress\/plugins\/seo\/ -->\n<title>Page de ressources sur\u00a0le syndrome post-COVID-19 - Canadian Physiotherapy Association<\/title>\n<meta name=\"robots\" content=\"index, follow, max-snippet:-1, max-image-preview:large, max-video-preview:-1\" \/>\n<link rel=\"canonical\" href=\"https:\/\/physiotherapy.ca\/fr\/page-de-ressources-sur-le-syndrome-post-covid-19\/\" \/>\n<meta property=\"og:locale\" content=\"fr_FR\" \/>\n<meta property=\"og:type\" content=\"article\" \/>\n<meta property=\"og:title\" content=\"Page de ressources sur\u00a0le syndrome post-COVID-19 - Canadian Physiotherapy Association\" \/>\n<meta property=\"og:description\" content=\"L&#8217;ACP reconna\u00eet que des recherches sont en cours pour mieux comprendre le syndrome post-COVID et que plus de preuves et de compr\u00e9hension seront n\u00e9cessaires pour soutenir les personnes vivant avec la maladie. Les ressources fournies ici seront mises \u00e0 jour [&hellip;]\" \/>\n<meta property=\"og:url\" content=\"https:\/\/physiotherapy.ca\/fr\/page-de-ressources-sur-le-syndrome-post-covid-19\/\" \/>\n<meta property=\"og:site_name\" content=\"Canadian Physiotherapy Association\" \/>\n<meta property=\"article:modified_time\" content=\"2022-11-02T17:00:50+00:00\" \/>\n<meta property=\"og:image\" content=\"https:\/\/physiotherapy.ca\/app\/uploads\/2022\/11\/CPA_NPM_EmailBanner_FR_v1-1024x263.jpg\" \/>\n<meta name=\"twitter:card\" content=\"summary_large_image\" \/>\n<meta name=\"twitter:label1\" content=\"Est. reading time\" \/>\n\t<meta name=\"twitter:data1\" content=\"2 minutes\" \/>\n<script type=\"application\/ld+json\" class=\"yoast-schema-graph\">{\"@context\":\"https:\/\/schema.org\",\"@graph\":[{\"@type\":\"WebPage\",\"@id\":\"https:\/\/physiotherapy.ca\/fr\/page-de-ressources-sur-le-syndrome-post-covid-19\/\",\"url\":\"https:\/\/physiotherapy.ca\/fr\/page-de-ressources-sur-le-syndrome-post-covid-19\/\",\"name\":\"Page de ressources sur\u00a0le syndrome post-COVID-19 - Canadian Physiotherapy Association\",\"isPartOf\":{\"@id\":\"https:\/\/physiotherapy.ca\/#website\"},\"primaryImageOfPage\":{\"@id\":\"https:\/\/physiotherapy.ca\/fr\/page-de-ressources-sur-le-syndrome-post-covid-19\/#primaryimage\"},\"image\":{\"@id\":\"https:\/\/physiotherapy.ca\/fr\/page-de-ressources-sur-le-syndrome-post-covid-19\/#primaryimage\"},\"thumbnailUrl\":\"https:\/\/physiotherapy.ca\/app\/uploads\/2022\/11\/CPA_NPM_EmailBanner_FR_v1-1024x263.jpg\",\"datePublished\":\"2022-11-02T17:00:49+00:00\",\"dateModified\":\"2022-11-02T17:00:50+00:00\",\"breadcrumb\":{\"@id\":\"https:\/\/physiotherapy.ca\/fr\/page-de-ressources-sur-le-syndrome-post-covid-19\/#breadcrumb\"},\"inLanguage\":\"fr-FR\",\"potentialAction\":[{\"@type\":\"ReadAction\",\"target\":[\"https:\/\/physiotherapy.ca\/fr\/page-de-ressources-sur-le-syndrome-post-covid-19\/\"]}]},{\"@type\":\"ImageObject\",\"inLanguage\":\"fr-FR\",\"@id\":\"https:\/\/physiotherapy.ca\/fr\/page-de-ressources-sur-le-syndrome-post-covid-19\/#primaryimage\",\"url\":\"https:\/\/physiotherapy.ca\/app\/uploads\/2022\/11\/CPA_NPM_EmailBanner_FR_v1-1024x263.jpg\",\"contentUrl\":\"https:\/\/physiotherapy.ca\/app\/uploads\/2022\/11\/CPA_NPM_EmailBanner_FR_v1-1024x263.jpg\"},{\"@type\":\"BreadcrumbList\",\"@id\":\"https:\/\/physiotherapy.ca\/fr\/page-de-ressources-sur-le-syndrome-post-covid-19\/#breadcrumb\",\"itemListElement\":[{\"@type\":\"ListItem\",\"position\":1,\"name\":\"Home\",\"item\":\"https:\/\/physiotherapy.ca\/fr\/\"},{\"@type\":\"ListItem\",\"position\":2,\"name\":\"Page de ressources sur\u00a0le syndrome post-COVID-19\"}]},{\"@type\":\"WebSite\",\"@id\":\"https:\/\/physiotherapy.ca\/#website\",\"url\":\"https:\/\/physiotherapy.ca\/\",\"name\":\"Canadian Physiotherapy Association\",\"description\":\"The Canadian Physiotherapy Association (CPA) represents over 16,000 physiotherapy professionals and students across Canada.\",\"potentialAction\":[{\"@type\":\"SearchAction\",\"target\":{\"@type\":\"EntryPoint\",\"urlTemplate\":\"https:\/\/physiotherapy.ca\/?s={search_term_string}\"},\"query-input\":{\"@type\":\"PropertyValueSpecification\",\"valueRequired\":true,\"valueName\":\"search_term_string\"}}],\"inLanguage\":\"fr-FR\"}]}<\/script>\n<!-- \/ Yoast SEO plugin. -->","yoast_head_json":{"title":"Page de ressources sur\u00a0le syndrome post-COVID-19 - Canadian Physiotherapy Association","robots":{"index":"index","follow":"follow","max-snippet":"max-snippet:-1","max-image-preview":"max-image-preview:large","max-video-preview":"max-video-preview:-1"},"canonical":"https:\/\/physiotherapy.ca\/fr\/page-de-ressources-sur-le-syndrome-post-covid-19\/","og_locale":"fr_FR","og_type":"article","og_title":"Page de ressources sur\u00a0le syndrome post-COVID-19 - Canadian Physiotherapy Association","og_description":"L&#8217;ACP reconna\u00eet que des recherches sont en cours pour mieux comprendre le syndrome post-COVID et que plus de preuves et de compr\u00e9hension seront n\u00e9cessaires pour soutenir les personnes vivant avec la maladie. Les ressources fournies ici seront mises \u00e0 jour [&hellip;]","og_url":"https:\/\/physiotherapy.ca\/fr\/page-de-ressources-sur-le-syndrome-post-covid-19\/","og_site_name":"Canadian Physiotherapy Association","article_modified_time":"2022-11-02T17:00:50+00:00","og_image":[{"url":"https:\/\/physiotherapy.ca\/app\/uploads\/2022\/11\/CPA_NPM_EmailBanner_FR_v1-1024x263.jpg","type":"","width":"","height":""}],"twitter_card":"summary_large_image","twitter_misc":{"Est. reading time":"2 minutes"},"schema":{"@context":"https:\/\/schema.org","@graph":[{"@type":"WebPage","@id":"https:\/\/physiotherapy.ca\/fr\/page-de-ressources-sur-le-syndrome-post-covid-19\/","url":"https:\/\/physiotherapy.ca\/fr\/page-de-ressources-sur-le-syndrome-post-covid-19\/","name":"Page de ressources sur\u00a0le syndrome post-COVID-19 - Canadian Physiotherapy Association","isPartOf":{"@id":"https:\/\/physiotherapy.ca\/#website"},"primaryImageOfPage":{"@id":"https:\/\/physiotherapy.ca\/fr\/page-de-ressources-sur-le-syndrome-post-covid-19\/#primaryimage"},"image":{"@id":"https:\/\/physiotherapy.ca\/fr\/page-de-ressources-sur-le-syndrome-post-covid-19\/#primaryimage"},"thumbnailUrl":"https:\/\/physiotherapy.ca\/app\/uploads\/2022\/11\/CPA_NPM_EmailBanner_FR_v1-1024x263.jpg","datePublished":"2022-11-02T17:00:49+00:00","dateModified":"2022-11-02T17:00:50+00:00","breadcrumb":{"@id":"https:\/\/physiotherapy.ca\/fr\/page-de-ressources-sur-le-syndrome-post-covid-19\/#breadcrumb"},"inLanguage":"fr-FR","potentialAction":[{"@type":"ReadAction","target":["https:\/\/physiotherapy.ca\/fr\/page-de-ressources-sur-le-syndrome-post-covid-19\/"]}]},{"@type":"ImageObject","inLanguage":"fr-FR","@id":"https:\/\/physiotherapy.ca\/fr\/page-de-ressources-sur-le-syndrome-post-covid-19\/#primaryimage","url":"https:\/\/physiotherapy.ca\/app\/uploads\/2022\/11\/CPA_NPM_EmailBanner_FR_v1-1024x263.jpg","contentUrl":"https:\/\/physiotherapy.ca\/app\/uploads\/2022\/11\/CPA_NPM_EmailBanner_FR_v1-1024x263.jpg"},{"@type":"BreadcrumbList","@id":"https:\/\/physiotherapy.ca\/fr\/page-de-ressources-sur-le-syndrome-post-covid-19\/#breadcrumb","itemListElement":[{"@type":"ListItem","position":1,"name":"Home","item":"https:\/\/physiotherapy.ca\/fr\/"},{"@type":"ListItem","position":2,"name":"Page de ressources sur\u00a0le syndrome post-COVID-19"}]},{"@type":"WebSite","@id":"https:\/\/physiotherapy.ca\/#website","url":"https:\/\/physiotherapy.ca\/","name":"Canadian Physiotherapy Association","description":"The Canadian Physiotherapy Association (CPA) represents over 16,000 physiotherapy professionals and students across Canada.","potentialAction":[{"@type":"SearchAction","target":{"@type":"EntryPoint","urlTemplate":"https:\/\/physiotherapy.ca\/?s={search_term_string}"},"query-input":{"@type":"PropertyValueSpecification","valueRequired":true,"valueName":"search_term_string"}}],"inLanguage":"fr-FR"}]}},"_links":{"self":[{"href":"https:\/\/physiotherapy.ca\/fr\/wp-json\/wp\/v2\/pages\/79951","targetHints":{"allow":["GET"]}}],"collection":[{"href":"https:\/\/physiotherapy.ca\/fr\/wp-json\/wp\/v2\/pages"}],"about":[{"href":"https:\/\/physiotherapy.ca\/fr\/wp-json\/wp\/v2\/types\/page"}],"author":[{"embeddable":true,"href":"https:\/\/physiotherapy.ca\/fr\/wp-json\/wp\/v2\/users\/2792"}],"replies":[{"embeddable":true,"href":"https:\/\/physiotherapy.ca\/fr\/wp-json\/wp\/v2\/comments?post=79951"}],"version-history":[{"count":1,"href":"https:\/\/physiotherapy.ca\/fr\/wp-json\/wp\/v2\/pages\/79951\/revisions"}],"predecessor-version":[{"id":80055,"href":"https:\/\/physiotherapy.ca\/fr\/wp-json\/wp\/v2\/pages\/79951\/revisions\/80055"}],"wp:attachment":[{"href":"https:\/\/physiotherapy.ca\/fr\/wp-json\/wp\/v2\/media?parent=79951"}],"wp:term":[{"taxonomy":"topic","embeddable":true,"href":"https:\/\/physiotherapy.ca\/fr\/wp-json\/wp\/v2\/topic?post=79951"}],"curies":[{"name":"wp","href":"https:\/\/api.w.org\/{rel}","templated":true}]}}