{"id":80058,"date":"2022-11-02T13:06:09","date_gmt":"2022-11-02T17:06:09","guid":{"rendered":"https:\/\/physiotherapy.ca\/?page_id=80058"},"modified":"2022-11-02T13:06:10","modified_gmt":"2022-11-02T17:06:10","slug":"national-physiotherapy-month-2022-social-media-kit","status":"publish","type":"page","link":"https:\/\/physiotherapy.ca\/fr\/representation-2\/advocacy-updates-fr\/recent-advocacy\/mois-national-de-la-physiotherapie-2022\/national-physiotherapy-month-2022-social-media-kit\/","title":{"rendered":"National Physiotherapy Month 2022: Social Media Kit"},"content":{"rendered":"\n<figure class=\"wp-block-image size-large\"><img loading=\"lazy\" decoding=\"async\" width=\"1024\" height=\"263\" src=\"https:\/\/physiotherapy.ca\/app\/uploads\/2022\/11\/CPA_NPM_EmailBanner_FR_v1-1024x263.jpg\" alt=\"\" class=\"wp-image-79935\" srcset=\"https:\/\/physiotherapy.ca\/app\/uploads\/2022\/11\/CPA_NPM_EmailBanner_FR_v1-1024x263.jpg 1024w, https:\/\/physiotherapy.ca\/app\/uploads\/2022\/11\/CPA_NPM_EmailBanner_FR_v1-600x154.jpg 600w, https:\/\/physiotherapy.ca\/app\/uploads\/2022\/11\/CPA_NPM_EmailBanner_FR_v1-300x77.jpg 300w, https:\/\/physiotherapy.ca\/app\/uploads\/2022\/11\/CPA_NPM_EmailBanner_FR_v1-768x197.jpg 768w, https:\/\/physiotherapy.ca\/app\/uploads\/2022\/11\/CPA_NPM_EmailBanner_FR_v1-390x100.jpg 390w, https:\/\/physiotherapy.ca\/app\/uploads\/2022\/11\/CPA_NPM_EmailBanner_FR_v1.jpg 1170w\" sizes=\"auto, (max-width: 1024px) 100vw, 1024px\" \/><\/figure>\n\n\n\n<h4 class=\"wp-block-heading\">Taguez-nous \u00e0 #NPM2022 et dites-nous comment vous c\u00e9l\u00e9brez.<\/h4>\n\n\n\n<h4 class=\"wp-block-heading\"><a href=\"https:\/\/physiotherapy.ca\/app\/uploads\/2022\/11\/CPA_NPM_1080x1080-FR_Generic_v1.jpg\">T\u00e9l\u00e9chargez notre image de m\u00e9dias sociaux ici<\/a><br><a href=\"https:\/\/physiotherapy.ca\/app\/uploads\/2022\/11\/Annotation-2022-05-02-104456.png\">T\u00e9l\u00e9chargez notre affiche ici<\/a><\/h4>\n\n\n\n<div style=\"height:100px\" aria-hidden=\"true\" class=\"wp-block-spacer\"><\/div>\n","protected":false},"excerpt":{"rendered":"<p>Taguez-nous \u00e0 #NPM2022 et dites-nous comment vous c\u00e9l\u00e9brez. T\u00e9l\u00e9chargez notre image de m\u00e9dias sociaux iciT\u00e9l\u00e9chargez notre affiche ici<\/p>\n","protected":false},"author":2792,"featured_media":0,"parent":79934,"menu_order":0,"comment_status":"closed","ping_status":"closed","template":"","meta":{"inline_featured_image":false,"ep_exclude_from_search":false,"footnotes":""},"topic":[],"class_list":["post-80058","page","type-page","status-publish","hentry"],"acf":[],"yoast_head":"<!-- This site is optimized with the Yoast SEO plugin v24.7 - https:\/\/yoast.com\/wordpress\/plugins\/seo\/ -->\n<title>National Physiotherapy Month 2022: Social Media Kit - Canadian Physiotherapy Association<\/title>\n<meta name=\"robots\" content=\"index, follow, max-snippet:-1, max-image-preview:large, max-video-preview:-1\" \/>\n<link rel=\"canonical\" href=\"https:\/\/physiotherapy.ca\/fr\/representation-2\/advocacy-updates-fr\/recent-advocacy\/mois-national-de-la-physiotherapie-2022\/national-physiotherapy-month-2022-social-media-kit\/\" \/>\n<meta property=\"og:locale\" content=\"fr_FR\" \/>\n<meta property=\"og:type\" content=\"article\" \/>\n<meta property=\"og:title\" content=\"National Physiotherapy Month 2022: Social Media Kit - Canadian Physiotherapy Association\" \/>\n<meta property=\"og:description\" content=\"Taguez-nous \u00e0 #NPM2022 et dites-nous comment vous c\u00e9l\u00e9brez. T\u00e9l\u00e9chargez notre image de m\u00e9dias sociaux iciT\u00e9l\u00e9chargez notre affiche ici\" \/>\n<meta property=\"og:url\" content=\"https:\/\/physiotherapy.ca\/fr\/representation-2\/advocacy-updates-fr\/recent-advocacy\/mois-national-de-la-physiotherapie-2022\/national-physiotherapy-month-2022-social-media-kit\/\" \/>\n<meta property=\"og:site_name\" content=\"Canadian Physiotherapy Association\" \/>\n<meta property=\"article:modified_time\" content=\"2022-11-02T17:06:10+00:00\" \/>\n<meta property=\"og:image\" content=\"https:\/\/physiotherapy.ca\/app\/uploads\/2022\/11\/CPA_NPM_EmailBanner_FR_v1-1024x263.jpg\" \/>\n<meta name=\"twitter:card\" content=\"summary_large_image\" \/>\n<meta name=\"twitter:label1\" content=\"Est. reading time\" \/>\n\t<meta name=\"twitter:data1\" content=\"1 minute\" \/>\n<script type=\"application\/ld+json\" class=\"yoast-schema-graph\">{\"@context\":\"https:\/\/schema.org\",\"@graph\":[{\"@type\":\"WebPage\",\"@id\":\"https:\/\/physiotherapy.ca\/fr\/representation-2\/advocacy-updates-fr\/recent-advocacy\/mois-national-de-la-physiotherapie-2022\/national-physiotherapy-month-2022-social-media-kit\/\",\"url\":\"https:\/\/physiotherapy.ca\/fr\/representation-2\/advocacy-updates-fr\/recent-advocacy\/mois-national-de-la-physiotherapie-2022\/national-physiotherapy-month-2022-social-media-kit\/\",\"name\":\"National Physiotherapy Month 2022: Social Media Kit - Canadian Physiotherapy Association\",\"isPartOf\":{\"@id\":\"https:\/\/physiotherapy.ca\/#website\"},\"primaryImageOfPage\":{\"@id\":\"https:\/\/physiotherapy.ca\/fr\/representation-2\/advocacy-updates-fr\/recent-advocacy\/mois-national-de-la-physiotherapie-2022\/national-physiotherapy-month-2022-social-media-kit\/#primaryimage\"},\"image\":{\"@id\":\"https:\/\/physiotherapy.ca\/fr\/representation-2\/advocacy-updates-fr\/recent-advocacy\/mois-national-de-la-physiotherapie-2022\/national-physiotherapy-month-2022-social-media-kit\/#primaryimage\"},\"thumbnailUrl\":\"https:\/\/physiotherapy.ca\/app\/uploads\/2022\/11\/CPA_NPM_EmailBanner_FR_v1-1024x263.jpg\",\"datePublished\":\"2022-11-02T17:06:09+00:00\",\"dateModified\":\"2022-11-02T17:06:10+00:00\",\"breadcrumb\":{\"@id\":\"https:\/\/physiotherapy.ca\/fr\/representation-2\/advocacy-updates-fr\/recent-advocacy\/mois-national-de-la-physiotherapie-2022\/national-physiotherapy-month-2022-social-media-kit\/#breadcrumb\"},\"inLanguage\":\"fr-FR\",\"potentialAction\":[{\"@type\":\"ReadAction\",\"target\":[\"https:\/\/physiotherapy.ca\/fr\/representation-2\/advocacy-updates-fr\/recent-advocacy\/mois-national-de-la-physiotherapie-2022\/national-physiotherapy-month-2022-social-media-kit\/\"]}]},{\"@type\":\"ImageObject\",\"inLanguage\":\"fr-FR\",\"@id\":\"https:\/\/physiotherapy.ca\/fr\/representation-2\/advocacy-updates-fr\/recent-advocacy\/mois-national-de-la-physiotherapie-2022\/national-physiotherapy-month-2022-social-media-kit\/#primaryimage\",\"url\":\"https:\/\/physiotherapy.ca\/app\/uploads\/2022\/11\/CPA_NPM_EmailBanner_FR_v1-1024x263.jpg\",\"contentUrl\":\"https:\/\/physiotherapy.ca\/app\/uploads\/2022\/11\/CPA_NPM_EmailBanner_FR_v1-1024x263.jpg\"},{\"@type\":\"BreadcrumbList\",\"@id\":\"https:\/\/physiotherapy.ca\/fr\/representation-2\/advocacy-updates-fr\/recent-advocacy\/mois-national-de-la-physiotherapie-2022\/national-physiotherapy-month-2022-social-media-kit\/#breadcrumb\",\"itemListElement\":[{\"@type\":\"ListItem\",\"position\":1,\"name\":\"Home\",\"item\":\"https:\/\/physiotherapy.ca\/fr\/\"},{\"@type\":\"ListItem\",\"position\":2,\"name\":\"Repr\u00e9sentation\",\"item\":\"https:\/\/physiotherapy.ca\/fr\/representation-2\/\"},{\"@type\":\"ListItem\",\"position\":3,\"name\":\"Plaidoyer\",\"item\":\"https:\/\/physiotherapy.ca\/fr\/representation-2\/advocacy-updates-fr\/\"},{\"@type\":\"ListItem\",\"position\":4,\"name\":\"Repr\u00e9sentation r\u00e9cente\",\"item\":\"https:\/\/physiotherapy.ca\/fr\/representation-2\/advocacy-updates-fr\/recent-advocacy\/\"},{\"@type\":\"ListItem\",\"position\":5,\"name\":\"Mois national de la physioth\u00e9rapie\u00a02022\",\"item\":\"https:\/\/physiotherapy.ca\/fr\/representation-2\/advocacy-updates-fr\/recent-advocacy\/mois-national-de-la-physiotherapie-2022\/\"},{\"@type\":\"ListItem\",\"position\":6,\"name\":\"National Physiotherapy Month 2022: Social Media Kit\"}]},{\"@type\":\"WebSite\",\"@id\":\"https:\/\/physiotherapy.ca\/#website\",\"url\":\"https:\/\/physiotherapy.ca\/\",\"name\":\"Canadian Physiotherapy Association\",\"description\":\"The Canadian Physiotherapy Association (CPA) represents over 16,000 physiotherapy professionals and students across Canada.\",\"potentialAction\":[{\"@type\":\"SearchAction\",\"target\":{\"@type\":\"EntryPoint\",\"urlTemplate\":\"https:\/\/physiotherapy.ca\/?s={search_term_string}\"},\"query-input\":{\"@type\":\"PropertyValueSpecification\",\"valueRequired\":true,\"valueName\":\"search_term_string\"}}],\"inLanguage\":\"fr-FR\"}]}<\/script>\n<!-- \/ Yoast SEO plugin. -->","yoast_head_json":{"title":"National Physiotherapy Month 2022: Social Media Kit - Canadian Physiotherapy Association","robots":{"index":"index","follow":"follow","max-snippet":"max-snippet:-1","max-image-preview":"max-image-preview:large","max-video-preview":"max-video-preview:-1"},"canonical":"https:\/\/physiotherapy.ca\/fr\/representation-2\/advocacy-updates-fr\/recent-advocacy\/mois-national-de-la-physiotherapie-2022\/national-physiotherapy-month-2022-social-media-kit\/","og_locale":"fr_FR","og_type":"article","og_title":"National Physiotherapy Month 2022: Social Media Kit - Canadian Physiotherapy Association","og_description":"Taguez-nous \u00e0 #NPM2022 et dites-nous comment vous c\u00e9l\u00e9brez. T\u00e9l\u00e9chargez notre image de m\u00e9dias sociaux iciT\u00e9l\u00e9chargez notre affiche ici","og_url":"https:\/\/physiotherapy.ca\/fr\/representation-2\/advocacy-updates-fr\/recent-advocacy\/mois-national-de-la-physiotherapie-2022\/national-physiotherapy-month-2022-social-media-kit\/","og_site_name":"Canadian Physiotherapy Association","article_modified_time":"2022-11-02T17:06:10+00:00","og_image":[{"url":"https:\/\/physiotherapy.ca\/app\/uploads\/2022\/11\/CPA_NPM_EmailBanner_FR_v1-1024x263.jpg","type":"","width":"","height":""}],"twitter_card":"summary_large_image","twitter_misc":{"Est. reading time":"1 minute"},"schema":{"@context":"https:\/\/schema.org","@graph":[{"@type":"WebPage","@id":"https:\/\/physiotherapy.ca\/fr\/representation-2\/advocacy-updates-fr\/recent-advocacy\/mois-national-de-la-physiotherapie-2022\/national-physiotherapy-month-2022-social-media-kit\/","url":"https:\/\/physiotherapy.ca\/fr\/representation-2\/advocacy-updates-fr\/recent-advocacy\/mois-national-de-la-physiotherapie-2022\/national-physiotherapy-month-2022-social-media-kit\/","name":"National Physiotherapy Month 2022: Social Media Kit - Canadian Physiotherapy Association","isPartOf":{"@id":"https:\/\/physiotherapy.ca\/#website"},"primaryImageOfPage":{"@id":"https:\/\/physiotherapy.ca\/fr\/representation-2\/advocacy-updates-fr\/recent-advocacy\/mois-national-de-la-physiotherapie-2022\/national-physiotherapy-month-2022-social-media-kit\/#primaryimage"},"image":{"@id":"https:\/\/physiotherapy.ca\/fr\/representation-2\/advocacy-updates-fr\/recent-advocacy\/mois-national-de-la-physiotherapie-2022\/national-physiotherapy-month-2022-social-media-kit\/#primaryimage"},"thumbnailUrl":"https:\/\/physiotherapy.ca\/app\/uploads\/2022\/11\/CPA_NPM_EmailBanner_FR_v1-1024x263.jpg","datePublished":"2022-11-02T17:06:09+00:00","dateModified":"2022-11-02T17:06:10+00:00","breadcrumb":{"@id":"https:\/\/physiotherapy.ca\/fr\/representation-2\/advocacy-updates-fr\/recent-advocacy\/mois-national-de-la-physiotherapie-2022\/national-physiotherapy-month-2022-social-media-kit\/#breadcrumb"},"inLanguage":"fr-FR","potentialAction":[{"@type":"ReadAction","target":["https:\/\/physiotherapy.ca\/fr\/representation-2\/advocacy-updates-fr\/recent-advocacy\/mois-national-de-la-physiotherapie-2022\/national-physiotherapy-month-2022-social-media-kit\/"]}]},{"@type":"ImageObject","inLanguage":"fr-FR","@id":"https:\/\/physiotherapy.ca\/fr\/representation-2\/advocacy-updates-fr\/recent-advocacy\/mois-national-de-la-physiotherapie-2022\/national-physiotherapy-month-2022-social-media-kit\/#primaryimage","url":"https:\/\/physiotherapy.ca\/app\/uploads\/2022\/11\/CPA_NPM_EmailBanner_FR_v1-1024x263.jpg","contentUrl":"https:\/\/physiotherapy.ca\/app\/uploads\/2022\/11\/CPA_NPM_EmailBanner_FR_v1-1024x263.jpg"},{"@type":"BreadcrumbList","@id":"https:\/\/physiotherapy.ca\/fr\/representation-2\/advocacy-updates-fr\/recent-advocacy\/mois-national-de-la-physiotherapie-2022\/national-physiotherapy-month-2022-social-media-kit\/#breadcrumb","itemListElement":[{"@type":"ListItem","position":1,"name":"Home","item":"https:\/\/physiotherapy.ca\/fr\/"},{"@type":"ListItem","position":2,"name":"Repr\u00e9sentation","item":"https:\/\/physiotherapy.ca\/fr\/representation-2\/"},{"@type":"ListItem","position":3,"name":"Plaidoyer","item":"https:\/\/physiotherapy.ca\/fr\/representation-2\/advocacy-updates-fr\/"},{"@type":"ListItem","position":4,"name":"Repr\u00e9sentation r\u00e9cente","item":"https:\/\/physiotherapy.ca\/fr\/representation-2\/advocacy-updates-fr\/recent-advocacy\/"},{"@type":"ListItem","position":5,"name":"Mois national de la physioth\u00e9rapie\u00a02022","item":"https:\/\/physiotherapy.ca\/fr\/representation-2\/advocacy-updates-fr\/recent-advocacy\/mois-national-de-la-physiotherapie-2022\/"},{"@type":"ListItem","position":6,"name":"National Physiotherapy Month 2022: Social Media Kit"}]},{"@type":"WebSite","@id":"https:\/\/physiotherapy.ca\/#website","url":"https:\/\/physiotherapy.ca\/","name":"Canadian Physiotherapy Association","description":"The Canadian Physiotherapy Association (CPA) represents over 16,000 physiotherapy professionals and students across Canada.","potentialAction":[{"@type":"SearchAction","target":{"@type":"EntryPoint","urlTemplate":"https:\/\/physiotherapy.ca\/?s={search_term_string}"},"query-input":{"@type":"PropertyValueSpecification","valueRequired":true,"valueName":"search_term_string"}}],"inLanguage":"fr-FR"}]}},"_links":{"self":[{"href":"https:\/\/physiotherapy.ca\/fr\/wp-json\/wp\/v2\/pages\/80058","targetHints":{"allow":["GET"]}}],"collection":[{"href":"https:\/\/physiotherapy.ca\/fr\/wp-json\/wp\/v2\/pages"}],"about":[{"href":"https:\/\/physiotherapy.ca\/fr\/wp-json\/wp\/v2\/types\/page"}],"author":[{"embeddable":true,"href":"https:\/\/physiotherapy.ca\/fr\/wp-json\/wp\/v2\/users\/2792"}],"replies":[{"embeddable":true,"href":"https:\/\/physiotherapy.ca\/fr\/wp-json\/wp\/v2\/comments?post=80058"}],"version-history":[{"count":1,"href":"https:\/\/physiotherapy.ca\/fr\/wp-json\/wp\/v2\/pages\/80058\/revisions"}],"predecessor-version":[{"id":80063,"href":"https:\/\/physiotherapy.ca\/fr\/wp-json\/wp\/v2\/pages\/80058\/revisions\/80063"}],"up":[{"embeddable":true,"href":"https:\/\/physiotherapy.ca\/fr\/wp-json\/wp\/v2\/pages\/79934"}],"wp:attachment":[{"href":"https:\/\/physiotherapy.ca\/fr\/wp-json\/wp\/v2\/media?parent=80058"}],"wp:term":[{"taxonomy":"topic","embeddable":true,"href":"https:\/\/physiotherapy.ca\/fr\/wp-json\/wp\/v2\/topic?post=80058"}],"curies":[{"name":"wp","href":"https:\/\/api.w.org\/{rel}","templated":true}]}}