{"id":80064,"date":"2022-11-02T13:08:44","date_gmt":"2022-11-02T17:08:44","guid":{"rendered":"https:\/\/physiotherapy.ca\/?page_id=80064"},"modified":"2022-11-02T13:08:45","modified_gmt":"2022-11-02T17:08:45","slug":"la-journee-des-ap-t-phys","status":"publish","type":"page","link":"https:\/\/physiotherapy.ca\/fr\/representation-2\/advocacy-updates-fr\/recent-advocacy\/mois-national-de-la-physiotherapie-2022\/la-journee-des-ap-t-phys\/","title":{"rendered":"La Journ\u00e9e des AP &#038; T. Phys."},"content":{"rendered":"\n<h2 class=\"wp-block-heading\">Le 10\u00a0mai\u00a02022, la journ\u00e9e des T. Phys.,\u00a0est\u00a0c\u00e9l\u00e9br\u00e9e partout au Canada.<\/h2>\n\n\n\n<p>Nous souhaitons remercier les technologues\u00a0en physioth\u00e9rapie pour tout ce qu\u2019ils font et nous les encourageons \u00e0 continuer \u00e0 partager de l\u2019information sur comment ils peuvent aider.\u00a0Partagez des photos de votre c\u00e9l\u00e9bration:\u00a0<strong>Utilisez #PTADay et #NPM2022 pour diffuser vos photos!<\/strong><\/p>\n\n\n\n<figure class=\"wp-block-embed is-type-video is-provider-youtube wp-block-embed-youtube wp-embed-aspect-16-9 wp-has-aspect-ratio\"><div class=\"wp-block-embed__wrapper\">\n<iframe loading=\"lazy\" title=\"Message d&#039;Amanda de Chastelain, pour c\u00e9l\u00e9brer la Journ\u00e9e des technologues en physioth\u00e9rapie\" width=\"500\" height=\"281\" src=\"https:\/\/www.youtube.com\/embed\/g0eymsgQ96o?feature=oembed\" frameborder=\"0\" allow=\"accelerometer; autoplay; clipboard-write; encrypted-media; gyroscope; picture-in-picture; web-share\" referrerpolicy=\"strict-origin-when-cross-origin\" allowfullscreen><\/iframe>\n<\/div><\/figure>\n\n\n\n<div style=\"height:100px\" aria-hidden=\"true\" class=\"wp-block-spacer\"><\/div>\n","protected":false},"excerpt":{"rendered":"<p>Le 10\u00a0mai\u00a02022, la journ\u00e9e des T. Phys.,\u00a0est\u00a0c\u00e9l\u00e9br\u00e9e partout au Canada. Nous souhaitons remercier les technologues\u00a0en physioth\u00e9rapie pour tout ce qu\u2019ils font et nous les encourageons \u00e0 continuer \u00e0 partager de l\u2019information sur comment ils peuvent aider.\u00a0Partagez des photos de votre [&hellip;]<\/p>\n","protected":false},"author":2792,"featured_media":0,"parent":79934,"menu_order":0,"comment_status":"closed","ping_status":"closed","template":"","meta":{"inline_featured_image":false,"ep_exclude_from_search":false,"footnotes":""},"topic":[],"class_list":["post-80064","page","type-page","status-publish","hentry"],"acf":[],"yoast_head":"<!-- This site is optimized with the Yoast SEO plugin v24.7 - https:\/\/yoast.com\/wordpress\/plugins\/seo\/ -->\n<title>La Journ\u00e9e des AP &amp; T. Phys. - Canadian Physiotherapy Association<\/title>\n<meta name=\"robots\" content=\"index, follow, max-snippet:-1, max-image-preview:large, max-video-preview:-1\" \/>\n<link rel=\"canonical\" href=\"https:\/\/physiotherapy.ca\/fr\/representation-2\/advocacy-updates-fr\/recent-advocacy\/mois-national-de-la-physiotherapie-2022\/la-journee-des-ap-t-phys\/\" \/>\n<meta property=\"og:locale\" content=\"fr_FR\" \/>\n<meta property=\"og:type\" content=\"article\" \/>\n<meta property=\"og:title\" content=\"La Journ\u00e9e des AP &amp; T. Phys. - Canadian Physiotherapy Association\" \/>\n<meta property=\"og:description\" content=\"Le 10\u00a0mai\u00a02022, la journ\u00e9e des T. Phys.,\u00a0est\u00a0c\u00e9l\u00e9br\u00e9e partout au Canada. Nous souhaitons remercier les technologues\u00a0en physioth\u00e9rapie pour tout ce qu\u2019ils font et nous les encourageons \u00e0 continuer \u00e0 partager de l\u2019information sur comment ils peuvent aider.\u00a0Partagez des photos de votre [&hellip;]\" \/>\n<meta property=\"og:url\" content=\"https:\/\/physiotherapy.ca\/fr\/representation-2\/advocacy-updates-fr\/recent-advocacy\/mois-national-de-la-physiotherapie-2022\/la-journee-des-ap-t-phys\/\" \/>\n<meta property=\"og:site_name\" content=\"Canadian Physiotherapy Association\" \/>\n<meta property=\"article:modified_time\" content=\"2022-11-02T17:08:45+00:00\" \/>\n<meta name=\"twitter:card\" content=\"summary_large_image\" \/>\n<meta name=\"twitter:label1\" content=\"Est. reading time\" \/>\n\t<meta name=\"twitter:data1\" content=\"1 minute\" \/>\n<script type=\"application\/ld+json\" class=\"yoast-schema-graph\">{\"@context\":\"https:\/\/schema.org\",\"@graph\":[{\"@type\":\"WebPage\",\"@id\":\"https:\/\/physiotherapy.ca\/fr\/representation-2\/advocacy-updates-fr\/recent-advocacy\/mois-national-de-la-physiotherapie-2022\/la-journee-des-ap-t-phys\/\",\"url\":\"https:\/\/physiotherapy.ca\/fr\/representation-2\/advocacy-updates-fr\/recent-advocacy\/mois-national-de-la-physiotherapie-2022\/la-journee-des-ap-t-phys\/\",\"name\":\"La Journ\u00e9e des AP & T. Phys. - Canadian Physiotherapy Association\",\"isPartOf\":{\"@id\":\"https:\/\/physiotherapy.ca\/#website\"},\"datePublished\":\"2022-11-02T17:08:44+00:00\",\"dateModified\":\"2022-11-02T17:08:45+00:00\",\"breadcrumb\":{\"@id\":\"https:\/\/physiotherapy.ca\/fr\/representation-2\/advocacy-updates-fr\/recent-advocacy\/mois-national-de-la-physiotherapie-2022\/la-journee-des-ap-t-phys\/#breadcrumb\"},\"inLanguage\":\"fr-FR\",\"potentialAction\":[{\"@type\":\"ReadAction\",\"target\":[\"https:\/\/physiotherapy.ca\/fr\/representation-2\/advocacy-updates-fr\/recent-advocacy\/mois-national-de-la-physiotherapie-2022\/la-journee-des-ap-t-phys\/\"]}]},{\"@type\":\"BreadcrumbList\",\"@id\":\"https:\/\/physiotherapy.ca\/fr\/representation-2\/advocacy-updates-fr\/recent-advocacy\/mois-national-de-la-physiotherapie-2022\/la-journee-des-ap-t-phys\/#breadcrumb\",\"itemListElement\":[{\"@type\":\"ListItem\",\"position\":1,\"name\":\"Home\",\"item\":\"https:\/\/physiotherapy.ca\/fr\/\"},{\"@type\":\"ListItem\",\"position\":2,\"name\":\"Repr\u00e9sentation\",\"item\":\"https:\/\/physiotherapy.ca\/fr\/representation-2\/\"},{\"@type\":\"ListItem\",\"position\":3,\"name\":\"Plaidoyer\",\"item\":\"https:\/\/physiotherapy.ca\/fr\/representation-2\/advocacy-updates-fr\/\"},{\"@type\":\"ListItem\",\"position\":4,\"name\":\"Repr\u00e9sentation r\u00e9cente\",\"item\":\"https:\/\/physiotherapy.ca\/fr\/representation-2\/advocacy-updates-fr\/recent-advocacy\/\"},{\"@type\":\"ListItem\",\"position\":5,\"name\":\"Mois national de la physioth\u00e9rapie\u00a02022\",\"item\":\"https:\/\/physiotherapy.ca\/fr\/representation-2\/advocacy-updates-fr\/recent-advocacy\/mois-national-de-la-physiotherapie-2022\/\"},{\"@type\":\"ListItem\",\"position\":6,\"name\":\"La Journ\u00e9e des AP &#038; T. Phys.\"}]},{\"@type\":\"WebSite\",\"@id\":\"https:\/\/physiotherapy.ca\/#website\",\"url\":\"https:\/\/physiotherapy.ca\/\",\"name\":\"Canadian Physiotherapy Association\",\"description\":\"The Canadian Physiotherapy Association (CPA) represents over 16,000 physiotherapy professionals and students across Canada.\",\"potentialAction\":[{\"@type\":\"SearchAction\",\"target\":{\"@type\":\"EntryPoint\",\"urlTemplate\":\"https:\/\/physiotherapy.ca\/?s={search_term_string}\"},\"query-input\":{\"@type\":\"PropertyValueSpecification\",\"valueRequired\":true,\"valueName\":\"search_term_string\"}}],\"inLanguage\":\"fr-FR\"}]}<\/script>\n<!-- \/ Yoast SEO plugin. -->","yoast_head_json":{"title":"La Journ\u00e9e des AP & T. Phys. - Canadian Physiotherapy Association","robots":{"index":"index","follow":"follow","max-snippet":"max-snippet:-1","max-image-preview":"max-image-preview:large","max-video-preview":"max-video-preview:-1"},"canonical":"https:\/\/physiotherapy.ca\/fr\/representation-2\/advocacy-updates-fr\/recent-advocacy\/mois-national-de-la-physiotherapie-2022\/la-journee-des-ap-t-phys\/","og_locale":"fr_FR","og_type":"article","og_title":"La Journ\u00e9e des AP & T. Phys. - Canadian Physiotherapy Association","og_description":"Le 10\u00a0mai\u00a02022, la journ\u00e9e des T. Phys.,\u00a0est\u00a0c\u00e9l\u00e9br\u00e9e partout au Canada. Nous souhaitons remercier les technologues\u00a0en physioth\u00e9rapie pour tout ce qu\u2019ils font et nous les encourageons \u00e0 continuer \u00e0 partager de l\u2019information sur comment ils peuvent aider.\u00a0Partagez des photos de votre [&hellip;]","og_url":"https:\/\/physiotherapy.ca\/fr\/representation-2\/advocacy-updates-fr\/recent-advocacy\/mois-national-de-la-physiotherapie-2022\/la-journee-des-ap-t-phys\/","og_site_name":"Canadian Physiotherapy Association","article_modified_time":"2022-11-02T17:08:45+00:00","twitter_card":"summary_large_image","twitter_misc":{"Est. reading time":"1 minute"},"schema":{"@context":"https:\/\/schema.org","@graph":[{"@type":"WebPage","@id":"https:\/\/physiotherapy.ca\/fr\/representation-2\/advocacy-updates-fr\/recent-advocacy\/mois-national-de-la-physiotherapie-2022\/la-journee-des-ap-t-phys\/","url":"https:\/\/physiotherapy.ca\/fr\/representation-2\/advocacy-updates-fr\/recent-advocacy\/mois-national-de-la-physiotherapie-2022\/la-journee-des-ap-t-phys\/","name":"La Journ\u00e9e des AP & T. Phys. - Canadian Physiotherapy Association","isPartOf":{"@id":"https:\/\/physiotherapy.ca\/#website"},"datePublished":"2022-11-02T17:08:44+00:00","dateModified":"2022-11-02T17:08:45+00:00","breadcrumb":{"@id":"https:\/\/physiotherapy.ca\/fr\/representation-2\/advocacy-updates-fr\/recent-advocacy\/mois-national-de-la-physiotherapie-2022\/la-journee-des-ap-t-phys\/#breadcrumb"},"inLanguage":"fr-FR","potentialAction":[{"@type":"ReadAction","target":["https:\/\/physiotherapy.ca\/fr\/representation-2\/advocacy-updates-fr\/recent-advocacy\/mois-national-de-la-physiotherapie-2022\/la-journee-des-ap-t-phys\/"]}]},{"@type":"BreadcrumbList","@id":"https:\/\/physiotherapy.ca\/fr\/representation-2\/advocacy-updates-fr\/recent-advocacy\/mois-national-de-la-physiotherapie-2022\/la-journee-des-ap-t-phys\/#breadcrumb","itemListElement":[{"@type":"ListItem","position":1,"name":"Home","item":"https:\/\/physiotherapy.ca\/fr\/"},{"@type":"ListItem","position":2,"name":"Repr\u00e9sentation","item":"https:\/\/physiotherapy.ca\/fr\/representation-2\/"},{"@type":"ListItem","position":3,"name":"Plaidoyer","item":"https:\/\/physiotherapy.ca\/fr\/representation-2\/advocacy-updates-fr\/"},{"@type":"ListItem","position":4,"name":"Repr\u00e9sentation r\u00e9cente","item":"https:\/\/physiotherapy.ca\/fr\/representation-2\/advocacy-updates-fr\/recent-advocacy\/"},{"@type":"ListItem","position":5,"name":"Mois national de la physioth\u00e9rapie\u00a02022","item":"https:\/\/physiotherapy.ca\/fr\/representation-2\/advocacy-updates-fr\/recent-advocacy\/mois-national-de-la-physiotherapie-2022\/"},{"@type":"ListItem","position":6,"name":"La Journ\u00e9e des AP &#038; T. Phys."}]},{"@type":"WebSite","@id":"https:\/\/physiotherapy.ca\/#website","url":"https:\/\/physiotherapy.ca\/","name":"Canadian Physiotherapy Association","description":"The Canadian Physiotherapy Association (CPA) represents over 16,000 physiotherapy professionals and students across Canada.","potentialAction":[{"@type":"SearchAction","target":{"@type":"EntryPoint","urlTemplate":"https:\/\/physiotherapy.ca\/?s={search_term_string}"},"query-input":{"@type":"PropertyValueSpecification","valueRequired":true,"valueName":"search_term_string"}}],"inLanguage":"fr-FR"}]}},"_links":{"self":[{"href":"https:\/\/physiotherapy.ca\/fr\/wp-json\/wp\/v2\/pages\/80064","targetHints":{"allow":["GET"]}}],"collection":[{"href":"https:\/\/physiotherapy.ca\/fr\/wp-json\/wp\/v2\/pages"}],"about":[{"href":"https:\/\/physiotherapy.ca\/fr\/wp-json\/wp\/v2\/types\/page"}],"author":[{"embeddable":true,"href":"https:\/\/physiotherapy.ca\/fr\/wp-json\/wp\/v2\/users\/2792"}],"replies":[{"embeddable":true,"href":"https:\/\/physiotherapy.ca\/fr\/wp-json\/wp\/v2\/comments?post=80064"}],"version-history":[{"count":1,"href":"https:\/\/physiotherapy.ca\/fr\/wp-json\/wp\/v2\/pages\/80064\/revisions"}],"predecessor-version":[{"id":80065,"href":"https:\/\/physiotherapy.ca\/fr\/wp-json\/wp\/v2\/pages\/80064\/revisions\/80065"}],"up":[{"embeddable":true,"href":"https:\/\/physiotherapy.ca\/fr\/wp-json\/wp\/v2\/pages\/79934"}],"wp:attachment":[{"href":"https:\/\/physiotherapy.ca\/fr\/wp-json\/wp\/v2\/media?parent=80064"}],"wp:term":[{"taxonomy":"topic","embeddable":true,"href":"https:\/\/physiotherapy.ca\/fr\/wp-json\/wp\/v2\/topic?post=80064"}],"curies":[{"name":"wp","href":"https:\/\/api.w.org\/{rel}","templated":true}]}}