{"id":80069,"date":"2022-11-02T13:23:18","date_gmt":"2022-11-02T17:23:18","guid":{"rendered":"https:\/\/physiotherapy.ca\/?page_id=80069"},"modified":"2022-11-02T13:23:19","modified_gmt":"2022-11-02T17:23:19","slug":"les-professionnels-de-la-sante-etablissent-les-priorites-strategiques-de-lautomne","status":"publish","type":"page","link":"https:\/\/physiotherapy.ca\/fr\/les-professionnels-de-la-sante-etablissent-les-priorites-strategiques-de-lautomne\/","title":{"rendered":"Les professionnels de la sant\u00e9 \u00e9tablissent les priorit\u00e9s strat\u00e9giques de l\u2019automne"},"content":{"rendered":"\n<h2 class=\"wp-block-heading\">D\u00e9claration de l&#8217;ACP et des professionnels de la sant\u00e9 compl\u00e9mentaire<\/h2>\n\n\n\n<p><strong>22 septembre 2022 (Ottawa, Ont.)<\/strong><\/p>\n\n\n\n<p>Maintenant que les d\u00e9put\u00e9s sont de retour \u00e0 Ottawa pour la session d\u2019automne de la Chambre des communes, l\u2019Extended Healthcare Professionals Coalition (EHPC) se r\u00e9jouit \u00e0 l\u2019id\u00e9e de collaborer avec les dirigeants et les d\u00e9cideurs f\u00e9d\u00e9raux pour r\u00e9gler certains des probl\u00e8mes de sant\u00e9 les plus pressants auxquels la population canadienne fait face.<\/p>\n\n\n\n<p>D\u2019abord et avant tout, \u00e0 l\u2019ordre du jour : Le Canada est aux prises avec une p\u00e9nurie de main-d\u2019\u0153uvre dans le secteur de la sant\u00e9. Bien que l\u2019on ait accord\u00e9 beaucoup d\u2019attention aux fermetures d\u2019h\u00f4pitaux et \u00e0 l\u2019acc\u00e8s aux soins de sant\u00e9 primaires, le probl\u00e8me est beaucoup plus vaste et touche tous les secteurs du syst\u00e8me de prestation de soins de sant\u00e9, qu\u2019ils soient publics ou priv\u00e9s. Les membres de l\u2019EHPC sont d\u00e9termin\u00e9s \u00e0 fournir des solutions novatrices pour faire face aux pressions syst\u00e9miques de longue date. Ils font remarquer que les d\u00e9fis actuels vont au-del\u00e0 des m\u00e9decins et du personnel infirmier.<\/p>\n\n\n\n<p>\u00ab L\u2019EHPC repr\u00e9sente plus de 100 000 professionnels de la sant\u00e9 r\u00e9glement\u00e9s du Canada qui sont aux prises avec ces d\u00e9fis et qui ont un r\u00f4le crucial \u00e0 jouer dans la recherche et la mise en \u0153uvre de solutions \u00bb, a d\u00e9clar\u00e9 Ondina Love, pr\u00e9sidente de l\u2019EHPC. L\u2019EHPC se r\u00e9jouit \u00e0 l\u2019id\u00e9e de travailler avec les principaux d\u00e9cideurs f\u00e9d\u00e9raux au cours des prochaines semaines et des prochains mois afin d\u2019am\u00e9liorer l\u2019acc\u00e8s aux soins en temps opportun et le rendement global du syst\u00e8me pour l\u2019ensemble de la population canadienne. \u00bb<\/p>\n\n\n\n<p>Les quatre principales recommandations que l\u2019EHPC fera valoir cet automne sont les suivantes :<\/p>\n\n\n\n<ul class=\"wp-block-list\"><li>Rem\u00e9dier \u00e0 la p\u00e9nurie de main-d\u2019\u0153uvre en sant\u00e9 en investissant dans des strat\u00e9gies de fid\u00e9lisation et de recrutement \u00e0 court et \u00e0 long terme pour tous les professionnels de la sant\u00e9. Cela comprend l\u2019\u00e9largissement du Programme canadien d\u2019exon\u00e9ration du remboursement des pr\u00eats d\u2019\u00e9tudes, le soutien aux strat\u00e9gies de recrutement provinciales et territoriales, ainsi que l\u2019augmentation du financement des \u00e9tablissements d\u2019enseignement.<\/li><\/ul>\n\n\n\n<ul class=\"wp-block-list\"><li>Assurer la r\u00e9silience \u00e0 long terme du secteur des soins de sant\u00e9 en am\u00e9liorant la collecte de donn\u00e9es sur la main-d\u2019\u0153uvre afin de cerner et de comprendre les tendances et les d\u00e9fis en la mati\u00e8re dans les secteurs public et priv\u00e9 et entre ceux-ci.<\/li><\/ul>\n\n\n\n<ul class=\"wp-block-list\"><li>R\u00e9duire la d\u00e9pendance aux soins hospitaliers en am\u00e9liorant l\u2019acc\u00e8s aux soins primaires communautaires interdisciplinaires de pr\u00e9vention et d\u2019intervention pr\u00e9coce qui comprennent les services fournis par les membres de l\u2019EHPC, comme les audiologistes, les chiropraticiens, les hygi\u00e9nistes dentaires, les dentistes, les denturologistes, les di\u00e9t\u00e9tistes, les ergoth\u00e9rapeutes, les optom\u00e9tristes, les pharmaciens, les physioth\u00e9rapeutes, les psychologues, les orthophonistes et les travailleurs sociaux.<\/li><\/ul>\n\n\n\n<ul class=\"wp-block-list\"><li>Explorer des mod\u00e8les qui obligent les employeurs canadiens \u00e0 offrir \u00e0 leur personnel des r\u00e9gimes de soins m\u00e9dicaux et dentaires pour couvrir les besoins en mati\u00e8re de sant\u00e9 et de bien-\u00eatre qui ne sont pas assur\u00e9s par le syst\u00e8me public de soins de sant\u00e9 du Canada.<\/li><\/ul>\n\n\n\n<p>\u00ab Nous encourageons les d\u00e9cideurs \u00e0 \u00e9largir leur compr\u00e9hension du paysage des soins de sant\u00e9 au Canada et \u00e0 faire participer les professionnels des services de sant\u00e9 compl\u00e9mentaires, a d\u00e9clar\u00e9 Madame Love. Pour relever les nombreux d\u00e9fis auxquels font face les soins de sant\u00e9 au Canada, y compris la p\u00e9nurie de main-d\u2019oeuvre, il faudra que tous mettent la main \u00e0 la p\u00e2te, et nos membres ont l\u2019expertise et la perspective n\u00e9cessaires pour assurer le maintien en sant\u00e9 et la productivit\u00e9 des Canadiennes et des Canadiens. \u00bb<\/p>\n\n\n\n<p>\u00c0 propos de l\u2019EHPC : L\u2019EHPC est une coalition d\u2019organismes repr\u00e9sentant les audiologistes, les chiropraticiens, les hygi\u00e9nistes dentaires, les dentistes, les denturologistes, les di\u00e9t\u00e9tistes, les ergoth\u00e9rapeutes, les optom\u00e9tristes, les pharmaciens, les physioth\u00e9rapeutes, les psychologues, les orthophonistes et les travailleurs sociaux du Canada. En tant que professionnels r\u00e9glement\u00e9s, ces praticiens jouent un r\u00f4le vital au sein de l\u2019\u00e9quipe de soins de sant\u00e9 de chaque Canadienne et Canadien, et assurent un acc\u00e8s rapide au traitement n\u00e9cessaire. Notre coalition veille \u00e0 ce que les services de sant\u00e9 offerts dans les secteurs public et priv\u00e9 soient pleinement reconnus par les parties int\u00e9ress\u00e9es et les d\u00e9cideurs et soient accessibles \u00e0 l\u2019ensemble de la population canadienne..<\/p>\n\n\n\n<h4 class=\"wp-block-heading\">Coordonn\u00e9es<\/h4>\n\n\n\n<p><strong>Ondina Love<\/strong><\/p>\n\n\n\n<p><strong>Pr\u00e9sidente, Extended Healthcare Professionals Coalition (EHPC)<\/strong><\/p>\n\n\n\n<p>Chef de la direction, Association canadienne des hygi\u00e9nistes dentaires<\/p>\n\n\n\n<p>olove@CDHA.ca\u00a0\u00a0\u00a0\u00a0\u00a0\u00a0\u00a0\u00a0 |\u00a0\u00a0\u00a0\u00a0 613-224-5515 ext. 125<\/p>\n\n\n\n<div style=\"height:52px\" aria-hidden=\"true\" class=\"wp-block-spacer\"><\/div>\n","protected":false},"excerpt":{"rendered":"<p>D\u00e9claration de l&#8217;ACP et des professionnels de la sant\u00e9 compl\u00e9mentaire 22 septembre 2022 (Ottawa, Ont.) Maintenant que les d\u00e9put\u00e9s sont de retour \u00e0 Ottawa pour la session d\u2019automne de la Chambre des communes, l\u2019Extended Healthcare Professionals Coalition (EHPC) se r\u00e9jouit [&hellip;]<\/p>\n","protected":false},"author":2792,"featured_media":0,"parent":0,"menu_order":0,"comment_status":"closed","ping_status":"closed","template":"","meta":{"inline_featured_image":false,"ep_exclude_from_search":false,"footnotes":""},"topic":[],"class_list":["post-80069","page","type-page","status-publish","hentry"],"acf":[],"yoast_head":"<!-- This site is optimized with the Yoast SEO plugin v24.7 - https:\/\/yoast.com\/wordpress\/plugins\/seo\/ -->\n<title>Les professionnels de la sant\u00e9 \u00e9tablissent les priorit\u00e9s strat\u00e9giques de l\u2019automne - Canadian Physiotherapy Association<\/title>\n<meta name=\"robots\" content=\"index, follow, max-snippet:-1, max-image-preview:large, max-video-preview:-1\" \/>\n<link rel=\"canonical\" href=\"https:\/\/physiotherapy.ca\/fr\/les-professionnels-de-la-sante-etablissent-les-priorites-strategiques-de-lautomne\/\" \/>\n<meta property=\"og:locale\" content=\"fr_FR\" \/>\n<meta property=\"og:type\" content=\"article\" \/>\n<meta property=\"og:title\" content=\"Les professionnels de la sant\u00e9 \u00e9tablissent les priorit\u00e9s strat\u00e9giques de l\u2019automne - Canadian Physiotherapy Association\" \/>\n<meta property=\"og:description\" content=\"D\u00e9claration de l&#8217;ACP et des professionnels de la sant\u00e9 compl\u00e9mentaire 22 septembre 2022 (Ottawa, Ont.) Maintenant que les d\u00e9put\u00e9s sont de retour \u00e0 Ottawa pour la session d\u2019automne de la Chambre des communes, l\u2019Extended Healthcare Professionals Coalition (EHPC) se r\u00e9jouit [&hellip;]\" \/>\n<meta property=\"og:url\" content=\"https:\/\/physiotherapy.ca\/fr\/les-professionnels-de-la-sante-etablissent-les-priorites-strategiques-de-lautomne\/\" \/>\n<meta property=\"og:site_name\" content=\"Canadian Physiotherapy Association\" \/>\n<meta property=\"article:modified_time\" content=\"2022-11-02T17:23:19+00:00\" \/>\n<meta name=\"twitter:card\" content=\"summary_large_image\" \/>\n<meta name=\"twitter:label1\" content=\"Est. reading time\" \/>\n\t<meta name=\"twitter:data1\" content=\"4 minutes\" \/>\n<script type=\"application\/ld+json\" class=\"yoast-schema-graph\">{\"@context\":\"https:\/\/schema.org\",\"@graph\":[{\"@type\":\"WebPage\",\"@id\":\"https:\/\/physiotherapy.ca\/fr\/les-professionnels-de-la-sante-etablissent-les-priorites-strategiques-de-lautomne\/\",\"url\":\"https:\/\/physiotherapy.ca\/fr\/les-professionnels-de-la-sante-etablissent-les-priorites-strategiques-de-lautomne\/\",\"name\":\"Les professionnels de la sant\u00e9 \u00e9tablissent les priorit\u00e9s strat\u00e9giques de l\u2019automne - Canadian Physiotherapy Association\",\"isPartOf\":{\"@id\":\"https:\/\/physiotherapy.ca\/#website\"},\"datePublished\":\"2022-11-02T17:23:18+00:00\",\"dateModified\":\"2022-11-02T17:23:19+00:00\",\"breadcrumb\":{\"@id\":\"https:\/\/physiotherapy.ca\/fr\/les-professionnels-de-la-sante-etablissent-les-priorites-strategiques-de-lautomne\/#breadcrumb\"},\"inLanguage\":\"fr-FR\",\"potentialAction\":[{\"@type\":\"ReadAction\",\"target\":[\"https:\/\/physiotherapy.ca\/fr\/les-professionnels-de-la-sante-etablissent-les-priorites-strategiques-de-lautomne\/\"]}]},{\"@type\":\"BreadcrumbList\",\"@id\":\"https:\/\/physiotherapy.ca\/fr\/les-professionnels-de-la-sante-etablissent-les-priorites-strategiques-de-lautomne\/#breadcrumb\",\"itemListElement\":[{\"@type\":\"ListItem\",\"position\":1,\"name\":\"Home\",\"item\":\"https:\/\/physiotherapy.ca\/fr\/\"},{\"@type\":\"ListItem\",\"position\":2,\"name\":\"Les professionnels de la sant\u00e9 \u00e9tablissent les priorit\u00e9s strat\u00e9giques de l\u2019automne\"}]},{\"@type\":\"WebSite\",\"@id\":\"https:\/\/physiotherapy.ca\/#website\",\"url\":\"https:\/\/physiotherapy.ca\/\",\"name\":\"Canadian Physiotherapy Association\",\"description\":\"The Canadian Physiotherapy Association (CPA) represents over 16,000 physiotherapy professionals and students across Canada.\",\"potentialAction\":[{\"@type\":\"SearchAction\",\"target\":{\"@type\":\"EntryPoint\",\"urlTemplate\":\"https:\/\/physiotherapy.ca\/?s={search_term_string}\"},\"query-input\":{\"@type\":\"PropertyValueSpecification\",\"valueRequired\":true,\"valueName\":\"search_term_string\"}}],\"inLanguage\":\"fr-FR\"}]}<\/script>\n<!-- \/ Yoast SEO plugin. -->","yoast_head_json":{"title":"Les professionnels de la sant\u00e9 \u00e9tablissent les priorit\u00e9s strat\u00e9giques de l\u2019automne - Canadian Physiotherapy Association","robots":{"index":"index","follow":"follow","max-snippet":"max-snippet:-1","max-image-preview":"max-image-preview:large","max-video-preview":"max-video-preview:-1"},"canonical":"https:\/\/physiotherapy.ca\/fr\/les-professionnels-de-la-sante-etablissent-les-priorites-strategiques-de-lautomne\/","og_locale":"fr_FR","og_type":"article","og_title":"Les professionnels de la sant\u00e9 \u00e9tablissent les priorit\u00e9s strat\u00e9giques de l\u2019automne - Canadian Physiotherapy Association","og_description":"D\u00e9claration de l&#8217;ACP et des professionnels de la sant\u00e9 compl\u00e9mentaire 22 septembre 2022 (Ottawa, Ont.) Maintenant que les d\u00e9put\u00e9s sont de retour \u00e0 Ottawa pour la session d\u2019automne de la Chambre des communes, l\u2019Extended Healthcare Professionals Coalition (EHPC) se r\u00e9jouit [&hellip;]","og_url":"https:\/\/physiotherapy.ca\/fr\/les-professionnels-de-la-sante-etablissent-les-priorites-strategiques-de-lautomne\/","og_site_name":"Canadian Physiotherapy Association","article_modified_time":"2022-11-02T17:23:19+00:00","twitter_card":"summary_large_image","twitter_misc":{"Est. reading time":"4 minutes"},"schema":{"@context":"https:\/\/schema.org","@graph":[{"@type":"WebPage","@id":"https:\/\/physiotherapy.ca\/fr\/les-professionnels-de-la-sante-etablissent-les-priorites-strategiques-de-lautomne\/","url":"https:\/\/physiotherapy.ca\/fr\/les-professionnels-de-la-sante-etablissent-les-priorites-strategiques-de-lautomne\/","name":"Les professionnels de la sant\u00e9 \u00e9tablissent les priorit\u00e9s strat\u00e9giques de l\u2019automne - Canadian Physiotherapy Association","isPartOf":{"@id":"https:\/\/physiotherapy.ca\/#website"},"datePublished":"2022-11-02T17:23:18+00:00","dateModified":"2022-11-02T17:23:19+00:00","breadcrumb":{"@id":"https:\/\/physiotherapy.ca\/fr\/les-professionnels-de-la-sante-etablissent-les-priorites-strategiques-de-lautomne\/#breadcrumb"},"inLanguage":"fr-FR","potentialAction":[{"@type":"ReadAction","target":["https:\/\/physiotherapy.ca\/fr\/les-professionnels-de-la-sante-etablissent-les-priorites-strategiques-de-lautomne\/"]}]},{"@type":"BreadcrumbList","@id":"https:\/\/physiotherapy.ca\/fr\/les-professionnels-de-la-sante-etablissent-les-priorites-strategiques-de-lautomne\/#breadcrumb","itemListElement":[{"@type":"ListItem","position":1,"name":"Home","item":"https:\/\/physiotherapy.ca\/fr\/"},{"@type":"ListItem","position":2,"name":"Les professionnels de la sant\u00e9 \u00e9tablissent les priorit\u00e9s strat\u00e9giques de l\u2019automne"}]},{"@type":"WebSite","@id":"https:\/\/physiotherapy.ca\/#website","url":"https:\/\/physiotherapy.ca\/","name":"Canadian Physiotherapy Association","description":"The Canadian Physiotherapy Association (CPA) represents over 16,000 physiotherapy professionals and students across Canada.","potentialAction":[{"@type":"SearchAction","target":{"@type":"EntryPoint","urlTemplate":"https:\/\/physiotherapy.ca\/?s={search_term_string}"},"query-input":{"@type":"PropertyValueSpecification","valueRequired":true,"valueName":"search_term_string"}}],"inLanguage":"fr-FR"}]}},"_links":{"self":[{"href":"https:\/\/physiotherapy.ca\/fr\/wp-json\/wp\/v2\/pages\/80069","targetHints":{"allow":["GET"]}}],"collection":[{"href":"https:\/\/physiotherapy.ca\/fr\/wp-json\/wp\/v2\/pages"}],"about":[{"href":"https:\/\/physiotherapy.ca\/fr\/wp-json\/wp\/v2\/types\/page"}],"author":[{"embeddable":true,"href":"https:\/\/physiotherapy.ca\/fr\/wp-json\/wp\/v2\/users\/2792"}],"replies":[{"embeddable":true,"href":"https:\/\/physiotherapy.ca\/fr\/wp-json\/wp\/v2\/comments?post=80069"}],"version-history":[{"count":1,"href":"https:\/\/physiotherapy.ca\/fr\/wp-json\/wp\/v2\/pages\/80069\/revisions"}],"predecessor-version":[{"id":80070,"href":"https:\/\/physiotherapy.ca\/fr\/wp-json\/wp\/v2\/pages\/80069\/revisions\/80070"}],"wp:attachment":[{"href":"https:\/\/physiotherapy.ca\/fr\/wp-json\/wp\/v2\/media?parent=80069"}],"wp:term":[{"taxonomy":"topic","embeddable":true,"href":"https:\/\/physiotherapy.ca\/fr\/wp-json\/wp\/v2\/topic?post=80069"}],"curies":[{"name":"wp","href":"https:\/\/api.w.org\/{rel}","templated":true}]}}