{"id":80561,"date":"2022-11-07T12:19:04","date_gmt":"2022-11-07T17:19:04","guid":{"rendered":"https:\/\/physiotherapy.ca\/?page_id=80561"},"modified":"2022-11-07T12:19:05","modified_gmt":"2022-11-07T17:19:05","slug":"politiques-de-lacp","status":"publish","type":"page","link":"https:\/\/physiotherapy.ca\/fr\/politiques-de-lacp\/","title":{"rendered":"Politiques de l&#8217;ACP"},"content":{"rendered":"\n<h3 class=\"wp-block-heading\">Politiques g\u00e9n\u00e9rales<\/h3>\n\n\n\n<ol class=\"wp-block-list\"><li><a href=\"https:\/\/physiotherapy.ca\/app\/uploads\/2022\/11\/Code-of-Behaviour-FR.pdf\">Code de conduite<\/a><\/li><li><a href=\"https:\/\/physiotherapy.ca\/app\/uploads\/2022\/11\/Discipline-Complaints-Policy-FR.pdf\">Politique en mati\u00e8re de plaintes et de mesures disciplinaires<\/a><\/li><li><a href=\"https:\/\/physiotherapy.ca\/app\/uploads\/2022\/11\/Appeal-Policy-FR.pdf\">Politique d\u2019appel<\/a><\/li><li><a href=\"https:\/\/physiotherapy.ca\/app\/uploads\/2022\/11\/Workplace-Violence-Harassment-Policy-FR.pdf\">Politique sur la violence et le harc\u00e8lement au travail<\/a><\/li><li><a href=\"https:\/\/physiotherapy.ca\/app\/uploads\/2022\/11\/Conflicts-of-Interest-Policy-FR.pdf\">Politique sur les conflits d\u2019int\u00e9r\u00eats<\/a><\/li><li><a href=\"https:\/\/physiotherapy.ca\/app\/uploads\/2022\/11\/Privacy-Policy-FR.pdf\">Politique sur la protection des renseignements personnels<\/a><\/li><li><a href=\"https:\/\/physiotherapy.ca\/app\/uploads\/2022\/11\/Confidentiality-Policy-FR.pdf\">Politique de confidentialit\u00e9<\/a><\/li><li><a href=\"https:\/\/physiotherapy.ca\/app\/uploads\/2022\/11\/Corporate-Relationships-Policy-FR.pdf\">Politique sur les relations d\u2019affaires<\/a><\/li><li><a href=\"https:\/\/physiotherapy.ca\/app\/uploads\/2022\/11\/Media-Relations-Policy-FR.pdf\">Politique sur les relations avec les m\u00e9dias<\/a><\/li><li><a href=\"https:\/\/physiotherapy.ca\/app\/uploads\/2022\/11\/Representative-Social-Media-Use-Policy-FR.pdf\">Politique sur l\u2019utilisation des m\u00e9dias sociaux par les repr\u00e9sentants<\/a><\/li><\/ol>\n","protected":false},"excerpt":{"rendered":"<p>Politiques g\u00e9n\u00e9rales Code de conduite Politique en mati\u00e8re de plaintes et de mesures disciplinaires Politique d\u2019appel Politique sur la violence et le harc\u00e8lement au travail Politique sur les conflits d\u2019int\u00e9r\u00eats Politique sur la protection des renseignements personnels Politique de confidentialit\u00e9 [&hellip;]<\/p>\n","protected":false},"author":2792,"featured_media":0,"parent":0,"menu_order":0,"comment_status":"closed","ping_status":"closed","template":"","meta":{"inline_featured_image":false,"ep_exclude_from_search":false,"footnotes":""},"topic":[],"class_list":["post-80561","page","type-page","status-publish","hentry"],"acf":[],"yoast_head":"<!-- This site is optimized with the Yoast SEO plugin v24.7 - https:\/\/yoast.com\/wordpress\/plugins\/seo\/ -->\n<title>Politiques de l&#039;ACP - Canadian Physiotherapy Association<\/title>\n<meta name=\"robots\" content=\"index, follow, max-snippet:-1, max-image-preview:large, max-video-preview:-1\" \/>\n<link rel=\"canonical\" href=\"https:\/\/physiotherapy.ca\/fr\/politiques-de-lacp\/\" \/>\n<meta property=\"og:locale\" content=\"fr_FR\" \/>\n<meta property=\"og:type\" content=\"article\" \/>\n<meta property=\"og:title\" content=\"Politiques de l&#039;ACP - Canadian Physiotherapy Association\" \/>\n<meta property=\"og:description\" content=\"Politiques g\u00e9n\u00e9rales Code de conduite Politique en mati\u00e8re de plaintes et de mesures disciplinaires Politique d\u2019appel Politique sur la violence et le harc\u00e8lement au travail Politique sur les conflits d\u2019int\u00e9r\u00eats Politique sur la protection des renseignements personnels Politique de confidentialit\u00e9 [&hellip;]\" \/>\n<meta property=\"og:url\" content=\"https:\/\/physiotherapy.ca\/fr\/politiques-de-lacp\/\" \/>\n<meta property=\"og:site_name\" content=\"Canadian Physiotherapy Association\" \/>\n<meta property=\"article:modified_time\" content=\"2022-11-07T17:19:05+00:00\" \/>\n<meta name=\"twitter:card\" content=\"summary_large_image\" \/>\n<meta name=\"twitter:label1\" content=\"Est. reading time\" \/>\n\t<meta name=\"twitter:data1\" content=\"1 minute\" \/>\n<script type=\"application\/ld+json\" class=\"yoast-schema-graph\">{\"@context\":\"https:\/\/schema.org\",\"@graph\":[{\"@type\":\"WebPage\",\"@id\":\"https:\/\/physiotherapy.ca\/fr\/politiques-de-lacp\/\",\"url\":\"https:\/\/physiotherapy.ca\/fr\/politiques-de-lacp\/\",\"name\":\"Politiques de l'ACP - Canadian Physiotherapy Association\",\"isPartOf\":{\"@id\":\"https:\/\/physiotherapy.ca\/#website\"},\"datePublished\":\"2022-11-07T17:19:04+00:00\",\"dateModified\":\"2022-11-07T17:19:05+00:00\",\"breadcrumb\":{\"@id\":\"https:\/\/physiotherapy.ca\/fr\/politiques-de-lacp\/#breadcrumb\"},\"inLanguage\":\"fr-FR\",\"potentialAction\":[{\"@type\":\"ReadAction\",\"target\":[\"https:\/\/physiotherapy.ca\/fr\/politiques-de-lacp\/\"]}]},{\"@type\":\"BreadcrumbList\",\"@id\":\"https:\/\/physiotherapy.ca\/fr\/politiques-de-lacp\/#breadcrumb\",\"itemListElement\":[{\"@type\":\"ListItem\",\"position\":1,\"name\":\"Home\",\"item\":\"https:\/\/physiotherapy.ca\/fr\/\"},{\"@type\":\"ListItem\",\"position\":2,\"name\":\"Politiques de l&#8217;ACP\"}]},{\"@type\":\"WebSite\",\"@id\":\"https:\/\/physiotherapy.ca\/#website\",\"url\":\"https:\/\/physiotherapy.ca\/\",\"name\":\"Canadian Physiotherapy Association\",\"description\":\"The Canadian Physiotherapy Association (CPA) represents over 16,000 physiotherapy professionals and students across Canada.\",\"potentialAction\":[{\"@type\":\"SearchAction\",\"target\":{\"@type\":\"EntryPoint\",\"urlTemplate\":\"https:\/\/physiotherapy.ca\/?s={search_term_string}\"},\"query-input\":{\"@type\":\"PropertyValueSpecification\",\"valueRequired\":true,\"valueName\":\"search_term_string\"}}],\"inLanguage\":\"fr-FR\"}]}<\/script>\n<!-- \/ Yoast SEO plugin. -->","yoast_head_json":{"title":"Politiques de l'ACP - Canadian Physiotherapy Association","robots":{"index":"index","follow":"follow","max-snippet":"max-snippet:-1","max-image-preview":"max-image-preview:large","max-video-preview":"max-video-preview:-1"},"canonical":"https:\/\/physiotherapy.ca\/fr\/politiques-de-lacp\/","og_locale":"fr_FR","og_type":"article","og_title":"Politiques de l'ACP - Canadian Physiotherapy Association","og_description":"Politiques g\u00e9n\u00e9rales Code de conduite Politique en mati\u00e8re de plaintes et de mesures disciplinaires Politique d\u2019appel Politique sur la violence et le harc\u00e8lement au travail Politique sur les conflits d\u2019int\u00e9r\u00eats Politique sur la protection des renseignements personnels Politique de confidentialit\u00e9 [&hellip;]","og_url":"https:\/\/physiotherapy.ca\/fr\/politiques-de-lacp\/","og_site_name":"Canadian Physiotherapy Association","article_modified_time":"2022-11-07T17:19:05+00:00","twitter_card":"summary_large_image","twitter_misc":{"Est. reading time":"1 minute"},"schema":{"@context":"https:\/\/schema.org","@graph":[{"@type":"WebPage","@id":"https:\/\/physiotherapy.ca\/fr\/politiques-de-lacp\/","url":"https:\/\/physiotherapy.ca\/fr\/politiques-de-lacp\/","name":"Politiques de l'ACP - Canadian Physiotherapy Association","isPartOf":{"@id":"https:\/\/physiotherapy.ca\/#website"},"datePublished":"2022-11-07T17:19:04+00:00","dateModified":"2022-11-07T17:19:05+00:00","breadcrumb":{"@id":"https:\/\/physiotherapy.ca\/fr\/politiques-de-lacp\/#breadcrumb"},"inLanguage":"fr-FR","potentialAction":[{"@type":"ReadAction","target":["https:\/\/physiotherapy.ca\/fr\/politiques-de-lacp\/"]}]},{"@type":"BreadcrumbList","@id":"https:\/\/physiotherapy.ca\/fr\/politiques-de-lacp\/#breadcrumb","itemListElement":[{"@type":"ListItem","position":1,"name":"Home","item":"https:\/\/physiotherapy.ca\/fr\/"},{"@type":"ListItem","position":2,"name":"Politiques de l&#8217;ACP"}]},{"@type":"WebSite","@id":"https:\/\/physiotherapy.ca\/#website","url":"https:\/\/physiotherapy.ca\/","name":"Canadian Physiotherapy Association","description":"The Canadian Physiotherapy Association (CPA) represents over 16,000 physiotherapy professionals and students across Canada.","potentialAction":[{"@type":"SearchAction","target":{"@type":"EntryPoint","urlTemplate":"https:\/\/physiotherapy.ca\/?s={search_term_string}"},"query-input":{"@type":"PropertyValueSpecification","valueRequired":true,"valueName":"search_term_string"}}],"inLanguage":"fr-FR"}]}},"_links":{"self":[{"href":"https:\/\/physiotherapy.ca\/fr\/wp-json\/wp\/v2\/pages\/80561","targetHints":{"allow":["GET"]}}],"collection":[{"href":"https:\/\/physiotherapy.ca\/fr\/wp-json\/wp\/v2\/pages"}],"about":[{"href":"https:\/\/physiotherapy.ca\/fr\/wp-json\/wp\/v2\/types\/page"}],"author":[{"embeddable":true,"href":"https:\/\/physiotherapy.ca\/fr\/wp-json\/wp\/v2\/users\/2792"}],"replies":[{"embeddable":true,"href":"https:\/\/physiotherapy.ca\/fr\/wp-json\/wp\/v2\/comments?post=80561"}],"version-history":[{"count":2,"href":"https:\/\/physiotherapy.ca\/fr\/wp-json\/wp\/v2\/pages\/80561\/revisions"}],"predecessor-version":[{"id":80585,"href":"https:\/\/physiotherapy.ca\/fr\/wp-json\/wp\/v2\/pages\/80561\/revisions\/80585"}],"wp:attachment":[{"href":"https:\/\/physiotherapy.ca\/fr\/wp-json\/wp\/v2\/media?parent=80561"}],"wp:term":[{"taxonomy":"topic","embeddable":true,"href":"https:\/\/physiotherapy.ca\/fr\/wp-json\/wp\/v2\/topic?post=80561"}],"curies":[{"name":"wp","href":"https:\/\/api.w.org\/{rel}","templated":true}]}}