{"id":80610,"date":"2022-11-07T14:05:14","date_gmt":"2022-11-07T19:05:14","guid":{"rendered":"https:\/\/physiotherapy.ca\/?page_id=80610"},"modified":"2022-11-10T12:26:01","modified_gmt":"2022-11-10T17:26:01","slug":"lavenir-du-permis-dexercice","status":"publish","type":"page","link":"https:\/\/physiotherapy.ca\/fr\/representation-2\/advocacy-updates-fr\/lavenir-du-permis-dexercice\/","title":{"rendered":"L\u2019avenir du permis d\u2019exercice"},"content":{"rendered":"\n<p>Reconnaissant l\u2019urgence d\u2019un dialogue l\u2019\u00e9chelle de la profession sur l\u2019avenir de l\u2019agr\u00e9ment et de l\u2019\u00e9valuation des comp\u00e9tences en physioth\u00e9rapie et de solutions \u00e0 long terme aux probl\u00e8mes r\u00e9v\u00e9l\u00e9s par la pand\u00e9mie, l\u2019ACP lance son projet sur l\u2019avenir de l\u2019agr\u00e9ment.<\/p>\n\n\n\n<p>Le projet comprend la cr\u00e9ation d\u2019un Groupe de travail sur l\u2019avenir de l\u2019agr\u00e9ment, une \u00e9tude du contexte actuel, la production d\u2019un rapport critique et la formulation de recommandations pour encadrer l\u2019harmonisation globale, \u00e0 l\u2019\u00e9chelle nationale, de la m\u00e9thode \u00e0 adopter pour moderniser l\u2019agr\u00e9ment et l\u2019\u00e9valuation des comp\u00e9tences.<\/p>\n\n\n\n<h3 class=\"wp-block-heading\"><strong>Ressources<\/strong><\/h3>\n\n\n\n<ol class=\"wp-block-list\"><li><a href=\"https:\/\/physiotherapy.ca\/fr\/representation\/advocacy-updates-fr\/lavenir-du-permis-dexercice\/actualites-et-annonces\/\">Actualit\u00e9s et annonces<\/a><\/li><li><a href=\"https:\/\/physiotherapy.ca\/fr\/representation\/advocacy-updates-fr\/lavenir-du-permis-dexercice\/groupe-de-travail-sur-lavenir-de-lagrement\/\">Groupe de travail sur l\u2019avenir de l\u2019agr\u00e9ment<\/a><\/li><li><a href=\"https:\/\/physiotherapy.ca\/fr\/simpliquer\/\">S\u2019impliquer<\/a><\/li><li><a href=\"https:\/\/physiotherapy.ca\/fr\/representation\/advocacy-updates-fr\/lavenir-du-permis-dexercice\/intervenants-en-physiotherapie-et-leurs-roles\/\">Intervenants et coordonn\u00e9es<\/a><\/li><li><a href=\"https:\/\/physiotherapy.ca\/fr\/recentes-declarations-des-ordres\/\">Actualit\u00e9s des ordres<\/a><\/li><li><a href=\"https:\/\/physiotherapy.ca\/fr\/representation\/advocacy-updates-fr\/lavenir-du-permis-dexercice\/examen-de-competence-en-physiotherapie-reports-repetes-du-volet-clinique\/\">Examen de comp\u00e9tence en physioth\u00e9rapie : reports r\u00e9p\u00e9t\u00e9s du volet clinique<\/a><\/li><\/ol>\n\n\n\n<div style=\"height:100px\" aria-hidden=\"true\" class=\"wp-block-spacer\"><\/div>\n\n\n\n<p><\/p>\n","protected":false},"excerpt":{"rendered":"<p>Reconnaissant l\u2019urgence d\u2019un dialogue l\u2019\u00e9chelle de la profession sur l\u2019avenir de l\u2019agr\u00e9ment et de l\u2019\u00e9valuation des comp\u00e9tences en physioth\u00e9rapie et de solutions \u00e0 long terme aux probl\u00e8mes r\u00e9v\u00e9l\u00e9s par la pand\u00e9mie, l\u2019ACP lance son projet sur l\u2019avenir de l\u2019agr\u00e9ment. Le [&hellip;]<\/p>\n","protected":false},"author":2792,"featured_media":0,"parent":4234,"menu_order":0,"comment_status":"closed","ping_status":"closed","template":"page-templates\/page-topic-landing.php","meta":{"inline_featured_image":false,"ep_exclude_from_search":false,"footnotes":""},"topic":[],"class_list":["post-80610","page","type-page","status-publish","hentry"],"acf":[],"yoast_head":"<!-- This site is optimized with the Yoast SEO plugin v24.7 - https:\/\/yoast.com\/wordpress\/plugins\/seo\/ -->\n<title>L\u2019avenir du permis d\u2019exercice - Canadian Physiotherapy Association<\/title>\n<meta name=\"robots\" content=\"index, follow, max-snippet:-1, max-image-preview:large, max-video-preview:-1\" \/>\n<link rel=\"canonical\" href=\"https:\/\/physiotherapy.ca\/fr\/representation-2\/advocacy-updates-fr\/lavenir-du-permis-dexercice\/\" \/>\n<meta property=\"og:locale\" content=\"fr_FR\" \/>\n<meta property=\"og:type\" content=\"article\" \/>\n<meta property=\"og:title\" content=\"L\u2019avenir du permis d\u2019exercice - Canadian Physiotherapy Association\" \/>\n<meta property=\"og:description\" content=\"Reconnaissant l\u2019urgence d\u2019un dialogue l\u2019\u00e9chelle de la profession sur l\u2019avenir de l\u2019agr\u00e9ment et de l\u2019\u00e9valuation des comp\u00e9tences en physioth\u00e9rapie et de solutions \u00e0 long terme aux probl\u00e8mes r\u00e9v\u00e9l\u00e9s par la pand\u00e9mie, l\u2019ACP lance son projet sur l\u2019avenir de l\u2019agr\u00e9ment. Le [&hellip;]\" \/>\n<meta property=\"og:url\" content=\"https:\/\/physiotherapy.ca\/fr\/representation-2\/advocacy-updates-fr\/lavenir-du-permis-dexercice\/\" \/>\n<meta property=\"og:site_name\" content=\"Canadian Physiotherapy Association\" \/>\n<meta property=\"article:modified_time\" content=\"2022-11-10T17:26:01+00:00\" \/>\n<meta name=\"twitter:card\" content=\"summary_large_image\" \/>\n<meta name=\"twitter:label1\" content=\"Est. reading time\" \/>\n\t<meta name=\"twitter:data1\" content=\"1 minute\" \/>\n<script type=\"application\/ld+json\" class=\"yoast-schema-graph\">{\"@context\":\"https:\/\/schema.org\",\"@graph\":[{\"@type\":\"WebPage\",\"@id\":\"https:\/\/physiotherapy.ca\/fr\/representation-2\/advocacy-updates-fr\/lavenir-du-permis-dexercice\/\",\"url\":\"https:\/\/physiotherapy.ca\/fr\/representation-2\/advocacy-updates-fr\/lavenir-du-permis-dexercice\/\",\"name\":\"L\u2019avenir du permis d\u2019exercice - Canadian Physiotherapy Association\",\"isPartOf\":{\"@id\":\"https:\/\/physiotherapy.ca\/#website\"},\"datePublished\":\"2022-11-07T19:05:14+00:00\",\"dateModified\":\"2022-11-10T17:26:01+00:00\",\"breadcrumb\":{\"@id\":\"https:\/\/physiotherapy.ca\/fr\/representation-2\/advocacy-updates-fr\/lavenir-du-permis-dexercice\/#breadcrumb\"},\"inLanguage\":\"fr-FR\",\"potentialAction\":[{\"@type\":\"ReadAction\",\"target\":[\"https:\/\/physiotherapy.ca\/fr\/representation-2\/advocacy-updates-fr\/lavenir-du-permis-dexercice\/\"]}]},{\"@type\":\"BreadcrumbList\",\"@id\":\"https:\/\/physiotherapy.ca\/fr\/representation-2\/advocacy-updates-fr\/lavenir-du-permis-dexercice\/#breadcrumb\",\"itemListElement\":[{\"@type\":\"ListItem\",\"position\":1,\"name\":\"Home\",\"item\":\"https:\/\/physiotherapy.ca\/fr\/\"},{\"@type\":\"ListItem\",\"position\":2,\"name\":\"Repr\u00e9sentation\",\"item\":\"https:\/\/physiotherapy.ca\/fr\/representation-2\/\"},{\"@type\":\"ListItem\",\"position\":3,\"name\":\"Plaidoyer\",\"item\":\"https:\/\/physiotherapy.ca\/fr\/representation-2\/advocacy-updates-fr\/\"},{\"@type\":\"ListItem\",\"position\":4,\"name\":\"L\u2019avenir du permis d\u2019exercice\"}]},{\"@type\":\"WebSite\",\"@id\":\"https:\/\/physiotherapy.ca\/#website\",\"url\":\"https:\/\/physiotherapy.ca\/\",\"name\":\"Canadian Physiotherapy Association\",\"description\":\"The Canadian Physiotherapy Association (CPA) represents over 16,000 physiotherapy professionals and students across Canada.\",\"potentialAction\":[{\"@type\":\"SearchAction\",\"target\":{\"@type\":\"EntryPoint\",\"urlTemplate\":\"https:\/\/physiotherapy.ca\/?s={search_term_string}\"},\"query-input\":{\"@type\":\"PropertyValueSpecification\",\"valueRequired\":true,\"valueName\":\"search_term_string\"}}],\"inLanguage\":\"fr-FR\"}]}<\/script>\n<!-- \/ Yoast SEO plugin. -->","yoast_head_json":{"title":"L\u2019avenir du permis d\u2019exercice - Canadian Physiotherapy Association","robots":{"index":"index","follow":"follow","max-snippet":"max-snippet:-1","max-image-preview":"max-image-preview:large","max-video-preview":"max-video-preview:-1"},"canonical":"https:\/\/physiotherapy.ca\/fr\/representation-2\/advocacy-updates-fr\/lavenir-du-permis-dexercice\/","og_locale":"fr_FR","og_type":"article","og_title":"L\u2019avenir du permis d\u2019exercice - Canadian Physiotherapy Association","og_description":"Reconnaissant l\u2019urgence d\u2019un dialogue l\u2019\u00e9chelle de la profession sur l\u2019avenir de l\u2019agr\u00e9ment et de l\u2019\u00e9valuation des comp\u00e9tences en physioth\u00e9rapie et de solutions \u00e0 long terme aux probl\u00e8mes r\u00e9v\u00e9l\u00e9s par la pand\u00e9mie, l\u2019ACP lance son projet sur l\u2019avenir de l\u2019agr\u00e9ment. Le [&hellip;]","og_url":"https:\/\/physiotherapy.ca\/fr\/representation-2\/advocacy-updates-fr\/lavenir-du-permis-dexercice\/","og_site_name":"Canadian Physiotherapy Association","article_modified_time":"2022-11-10T17:26:01+00:00","twitter_card":"summary_large_image","twitter_misc":{"Est. reading time":"1 minute"},"schema":{"@context":"https:\/\/schema.org","@graph":[{"@type":"WebPage","@id":"https:\/\/physiotherapy.ca\/fr\/representation-2\/advocacy-updates-fr\/lavenir-du-permis-dexercice\/","url":"https:\/\/physiotherapy.ca\/fr\/representation-2\/advocacy-updates-fr\/lavenir-du-permis-dexercice\/","name":"L\u2019avenir du permis d\u2019exercice - Canadian Physiotherapy Association","isPartOf":{"@id":"https:\/\/physiotherapy.ca\/#website"},"datePublished":"2022-11-07T19:05:14+00:00","dateModified":"2022-11-10T17:26:01+00:00","breadcrumb":{"@id":"https:\/\/physiotherapy.ca\/fr\/representation-2\/advocacy-updates-fr\/lavenir-du-permis-dexercice\/#breadcrumb"},"inLanguage":"fr-FR","potentialAction":[{"@type":"ReadAction","target":["https:\/\/physiotherapy.ca\/fr\/representation-2\/advocacy-updates-fr\/lavenir-du-permis-dexercice\/"]}]},{"@type":"BreadcrumbList","@id":"https:\/\/physiotherapy.ca\/fr\/representation-2\/advocacy-updates-fr\/lavenir-du-permis-dexercice\/#breadcrumb","itemListElement":[{"@type":"ListItem","position":1,"name":"Home","item":"https:\/\/physiotherapy.ca\/fr\/"},{"@type":"ListItem","position":2,"name":"Repr\u00e9sentation","item":"https:\/\/physiotherapy.ca\/fr\/representation-2\/"},{"@type":"ListItem","position":3,"name":"Plaidoyer","item":"https:\/\/physiotherapy.ca\/fr\/representation-2\/advocacy-updates-fr\/"},{"@type":"ListItem","position":4,"name":"L\u2019avenir du permis d\u2019exercice"}]},{"@type":"WebSite","@id":"https:\/\/physiotherapy.ca\/#website","url":"https:\/\/physiotherapy.ca\/","name":"Canadian Physiotherapy Association","description":"The Canadian Physiotherapy Association (CPA) represents over 16,000 physiotherapy professionals and students across Canada.","potentialAction":[{"@type":"SearchAction","target":{"@type":"EntryPoint","urlTemplate":"https:\/\/physiotherapy.ca\/?s={search_term_string}"},"query-input":{"@type":"PropertyValueSpecification","valueRequired":true,"valueName":"search_term_string"}}],"inLanguage":"fr-FR"}]}},"_links":{"self":[{"href":"https:\/\/physiotherapy.ca\/fr\/wp-json\/wp\/v2\/pages\/80610","targetHints":{"allow":["GET"]}}],"collection":[{"href":"https:\/\/physiotherapy.ca\/fr\/wp-json\/wp\/v2\/pages"}],"about":[{"href":"https:\/\/physiotherapy.ca\/fr\/wp-json\/wp\/v2\/types\/page"}],"author":[{"embeddable":true,"href":"https:\/\/physiotherapy.ca\/fr\/wp-json\/wp\/v2\/users\/2792"}],"replies":[{"embeddable":true,"href":"https:\/\/physiotherapy.ca\/fr\/wp-json\/wp\/v2\/comments?post=80610"}],"version-history":[{"count":7,"href":"https:\/\/physiotherapy.ca\/fr\/wp-json\/wp\/v2\/pages\/80610\/revisions"}],"predecessor-version":[{"id":80957,"href":"https:\/\/physiotherapy.ca\/fr\/wp-json\/wp\/v2\/pages\/80610\/revisions\/80957"}],"up":[{"embeddable":true,"href":"https:\/\/physiotherapy.ca\/fr\/wp-json\/wp\/v2\/pages\/4234"}],"wp:attachment":[{"href":"https:\/\/physiotherapy.ca\/fr\/wp-json\/wp\/v2\/media?parent=80610"}],"wp:term":[{"taxonomy":"topic","embeddable":true,"href":"https:\/\/physiotherapy.ca\/fr\/wp-json\/wp\/v2\/topic?post=80610"}],"curies":[{"name":"wp","href":"https:\/\/api.w.org\/{rel}","templated":true}]}}