{"id":80618,"date":"2022-11-07T14:10:23","date_gmt":"2022-11-07T19:10:23","guid":{"rendered":"https:\/\/physiotherapy.ca\/?page_id=80618"},"modified":"2022-11-07T14:10:24","modified_gmt":"2022-11-07T19:10:24","slug":"annonce-du-membre-du-comite-des-services-devaluation-de-lacp","status":"publish","type":"page","link":"https:\/\/physiotherapy.ca\/fr\/representation-2\/advocacy-updates-fr\/lavenir-du-permis-dexercice\/actualites-et-annonces\/annonce-du-membre-du-comite-des-services-devaluation-de-lacp\/","title":{"rendered":"Annonce du membre du comit\u00e9 des services d&#8217;\u00e9valuation de l&#8217;ACP"},"content":{"rendered":"\n<h2 class=\"wp-block-heading\">Annonce du membre du comit\u00e9 des services d&#8217;\u00e9valuation de l&#8217;ACP<\/h2>\n\n\n\n<p>L\u2019ACP est fi\u00e8re de f\u00e9liciter Wing Ting Truong pour sa nomination au sein du Comit\u00e9 des services d\u2019\u00e9valuation de l\u2019ACORP en tant que membre de l\u2019ACP. Elle se joint \u00e0 plusieurs nouveaux membres du Comit\u00e9 qui agira \u00e0 titre de comit\u00e9 directeur pour le travail du groupe consultatif d\u2019experts.<\/p>\n\n\n\n<p>La liste des membres du Comit\u00e9 des services d\u2019\u00e9valuation se trouve\u00a0<a href=\"https:\/\/www.alliancept.org\/about-capr\/governance\/committees-of-the-board\/\">ici.<\/a><\/p>\n\n\n\n<p>Wing Ting poss\u00e8de de l\u2019exp\u00e9rience et une expertise dans les domaines suivants\u00a0: les examens d\u2019entr\u00e9e o\u00f9 les enjeux sont importants qui utilisent les normes internationales d\u2019\u00e9valuation, l\u2019\u00e9valuation des comp\u00e9tences des professionnels de la sant\u00e9 ayant re\u00e7u une formation \u00e0 l\u2019\u00e9tranger, la r\u00e9glementation des physioth\u00e9rapeutes, la mesure et l\u2019\u00e9valuation, de m\u00eame que la recherche et l\u2019assurance de la qualit\u00e9.\u00a0<\/p>\n\n\n\n<div style=\"height:100px\" aria-hidden=\"true\" class=\"wp-block-spacer\"><\/div>\n","protected":false},"excerpt":{"rendered":"<p>Annonce du membre du comit\u00e9 des services d&#8217;\u00e9valuation de l&#8217;ACP L\u2019ACP est fi\u00e8re de f\u00e9liciter Wing Ting Truong pour sa nomination au sein du Comit\u00e9 des services d\u2019\u00e9valuation de l\u2019ACORP en tant que membre de l\u2019ACP. Elle se joint \u00e0 [&hellip;]<\/p>\n","protected":false},"author":2792,"featured_media":0,"parent":80614,"menu_order":2,"comment_status":"closed","ping_status":"closed","template":"","meta":{"inline_featured_image":false,"ep_exclude_from_search":false,"footnotes":""},"topic":[],"class_list":["post-80618","page","type-page","status-publish","hentry"],"acf":[],"yoast_head":"<!-- This site is optimized with the Yoast SEO plugin v24.7 - https:\/\/yoast.com\/wordpress\/plugins\/seo\/ -->\n<title>Annonce du membre du comit\u00e9 des services d&#039;\u00e9valuation de l&#039;ACP - Canadian Physiotherapy Association<\/title>\n<meta name=\"robots\" content=\"index, follow, max-snippet:-1, max-image-preview:large, max-video-preview:-1\" \/>\n<link rel=\"canonical\" href=\"https:\/\/physiotherapy.ca\/fr\/representation-2\/advocacy-updates-fr\/lavenir-du-permis-dexercice\/actualites-et-annonces\/annonce-du-membre-du-comite-des-services-devaluation-de-lacp\/\" \/>\n<meta property=\"og:locale\" content=\"fr_FR\" \/>\n<meta property=\"og:type\" content=\"article\" \/>\n<meta property=\"og:title\" content=\"Annonce du membre du comit\u00e9 des services d&#039;\u00e9valuation de l&#039;ACP - Canadian Physiotherapy Association\" \/>\n<meta property=\"og:description\" content=\"Annonce du membre du comit\u00e9 des services d&#8217;\u00e9valuation de l&#8217;ACP L\u2019ACP est fi\u00e8re de f\u00e9liciter Wing Ting Truong pour sa nomination au sein du Comit\u00e9 des services d\u2019\u00e9valuation de l\u2019ACORP en tant que membre de l\u2019ACP. Elle se joint \u00e0 [&hellip;]\" \/>\n<meta property=\"og:url\" content=\"https:\/\/physiotherapy.ca\/fr\/representation-2\/advocacy-updates-fr\/lavenir-du-permis-dexercice\/actualites-et-annonces\/annonce-du-membre-du-comite-des-services-devaluation-de-lacp\/\" \/>\n<meta property=\"og:site_name\" content=\"Canadian Physiotherapy Association\" \/>\n<meta property=\"article:modified_time\" content=\"2022-11-07T19:10:24+00:00\" \/>\n<meta name=\"twitter:card\" content=\"summary_large_image\" \/>\n<meta name=\"twitter:label1\" content=\"Est. reading time\" \/>\n\t<meta name=\"twitter:data1\" content=\"1 minute\" \/>\n<script type=\"application\/ld+json\" class=\"yoast-schema-graph\">{\"@context\":\"https:\/\/schema.org\",\"@graph\":[{\"@type\":\"WebPage\",\"@id\":\"https:\/\/physiotherapy.ca\/fr\/representation-2\/advocacy-updates-fr\/lavenir-du-permis-dexercice\/actualites-et-annonces\/annonce-du-membre-du-comite-des-services-devaluation-de-lacp\/\",\"url\":\"https:\/\/physiotherapy.ca\/fr\/representation-2\/advocacy-updates-fr\/lavenir-du-permis-dexercice\/actualites-et-annonces\/annonce-du-membre-du-comite-des-services-devaluation-de-lacp\/\",\"name\":\"Annonce du membre du comit\u00e9 des services d'\u00e9valuation de l'ACP - Canadian Physiotherapy Association\",\"isPartOf\":{\"@id\":\"https:\/\/physiotherapy.ca\/#website\"},\"datePublished\":\"2022-11-07T19:10:23+00:00\",\"dateModified\":\"2022-11-07T19:10:24+00:00\",\"breadcrumb\":{\"@id\":\"https:\/\/physiotherapy.ca\/fr\/representation-2\/advocacy-updates-fr\/lavenir-du-permis-dexercice\/actualites-et-annonces\/annonce-du-membre-du-comite-des-services-devaluation-de-lacp\/#breadcrumb\"},\"inLanguage\":\"fr-FR\",\"potentialAction\":[{\"@type\":\"ReadAction\",\"target\":[\"https:\/\/physiotherapy.ca\/fr\/representation-2\/advocacy-updates-fr\/lavenir-du-permis-dexercice\/actualites-et-annonces\/annonce-du-membre-du-comite-des-services-devaluation-de-lacp\/\"]}]},{\"@type\":\"BreadcrumbList\",\"@id\":\"https:\/\/physiotherapy.ca\/fr\/representation-2\/advocacy-updates-fr\/lavenir-du-permis-dexercice\/actualites-et-annonces\/annonce-du-membre-du-comite-des-services-devaluation-de-lacp\/#breadcrumb\",\"itemListElement\":[{\"@type\":\"ListItem\",\"position\":1,\"name\":\"Home\",\"item\":\"https:\/\/physiotherapy.ca\/fr\/\"},{\"@type\":\"ListItem\",\"position\":2,\"name\":\"Repr\u00e9sentation\",\"item\":\"https:\/\/physiotherapy.ca\/fr\/representation-2\/\"},{\"@type\":\"ListItem\",\"position\":3,\"name\":\"Plaidoyer\",\"item\":\"https:\/\/physiotherapy.ca\/fr\/representation-2\/advocacy-updates-fr\/\"},{\"@type\":\"ListItem\",\"position\":4,\"name\":\"L\u2019avenir du permis d\u2019exercice\",\"item\":\"https:\/\/physiotherapy.ca\/fr\/representation-2\/advocacy-updates-fr\/lavenir-du-permis-dexercice\/\"},{\"@type\":\"ListItem\",\"position\":5,\"name\":\"Actualit\u00e9s et annonces\",\"item\":\"https:\/\/physiotherapy.ca\/fr\/representation-2\/advocacy-updates-fr\/lavenir-du-permis-dexercice\/actualites-et-annonces\/\"},{\"@type\":\"ListItem\",\"position\":6,\"name\":\"Annonce du membre du comit\u00e9 des services d&#8217;\u00e9valuation de l&#8217;ACP\"}]},{\"@type\":\"WebSite\",\"@id\":\"https:\/\/physiotherapy.ca\/#website\",\"url\":\"https:\/\/physiotherapy.ca\/\",\"name\":\"Canadian Physiotherapy Association\",\"description\":\"The Canadian Physiotherapy Association (CPA) represents over 16,000 physiotherapy professionals and students across Canada.\",\"potentialAction\":[{\"@type\":\"SearchAction\",\"target\":{\"@type\":\"EntryPoint\",\"urlTemplate\":\"https:\/\/physiotherapy.ca\/?s={search_term_string}\"},\"query-input\":{\"@type\":\"PropertyValueSpecification\",\"valueRequired\":true,\"valueName\":\"search_term_string\"}}],\"inLanguage\":\"fr-FR\"}]}<\/script>\n<!-- \/ Yoast SEO plugin. -->","yoast_head_json":{"title":"Annonce du membre du comit\u00e9 des services d'\u00e9valuation de l'ACP - Canadian Physiotherapy Association","robots":{"index":"index","follow":"follow","max-snippet":"max-snippet:-1","max-image-preview":"max-image-preview:large","max-video-preview":"max-video-preview:-1"},"canonical":"https:\/\/physiotherapy.ca\/fr\/representation-2\/advocacy-updates-fr\/lavenir-du-permis-dexercice\/actualites-et-annonces\/annonce-du-membre-du-comite-des-services-devaluation-de-lacp\/","og_locale":"fr_FR","og_type":"article","og_title":"Annonce du membre du comit\u00e9 des services d'\u00e9valuation de l'ACP - Canadian Physiotherapy Association","og_description":"Annonce du membre du comit\u00e9 des services d&#8217;\u00e9valuation de l&#8217;ACP L\u2019ACP est fi\u00e8re de f\u00e9liciter Wing Ting Truong pour sa nomination au sein du Comit\u00e9 des services d\u2019\u00e9valuation de l\u2019ACORP en tant que membre de l\u2019ACP. Elle se joint \u00e0 [&hellip;]","og_url":"https:\/\/physiotherapy.ca\/fr\/representation-2\/advocacy-updates-fr\/lavenir-du-permis-dexercice\/actualites-et-annonces\/annonce-du-membre-du-comite-des-services-devaluation-de-lacp\/","og_site_name":"Canadian Physiotherapy Association","article_modified_time":"2022-11-07T19:10:24+00:00","twitter_card":"summary_large_image","twitter_misc":{"Est. reading time":"1 minute"},"schema":{"@context":"https:\/\/schema.org","@graph":[{"@type":"WebPage","@id":"https:\/\/physiotherapy.ca\/fr\/representation-2\/advocacy-updates-fr\/lavenir-du-permis-dexercice\/actualites-et-annonces\/annonce-du-membre-du-comite-des-services-devaluation-de-lacp\/","url":"https:\/\/physiotherapy.ca\/fr\/representation-2\/advocacy-updates-fr\/lavenir-du-permis-dexercice\/actualites-et-annonces\/annonce-du-membre-du-comite-des-services-devaluation-de-lacp\/","name":"Annonce du membre du comit\u00e9 des services d'\u00e9valuation de l'ACP - Canadian Physiotherapy Association","isPartOf":{"@id":"https:\/\/physiotherapy.ca\/#website"},"datePublished":"2022-11-07T19:10:23+00:00","dateModified":"2022-11-07T19:10:24+00:00","breadcrumb":{"@id":"https:\/\/physiotherapy.ca\/fr\/representation-2\/advocacy-updates-fr\/lavenir-du-permis-dexercice\/actualites-et-annonces\/annonce-du-membre-du-comite-des-services-devaluation-de-lacp\/#breadcrumb"},"inLanguage":"fr-FR","potentialAction":[{"@type":"ReadAction","target":["https:\/\/physiotherapy.ca\/fr\/representation-2\/advocacy-updates-fr\/lavenir-du-permis-dexercice\/actualites-et-annonces\/annonce-du-membre-du-comite-des-services-devaluation-de-lacp\/"]}]},{"@type":"BreadcrumbList","@id":"https:\/\/physiotherapy.ca\/fr\/representation-2\/advocacy-updates-fr\/lavenir-du-permis-dexercice\/actualites-et-annonces\/annonce-du-membre-du-comite-des-services-devaluation-de-lacp\/#breadcrumb","itemListElement":[{"@type":"ListItem","position":1,"name":"Home","item":"https:\/\/physiotherapy.ca\/fr\/"},{"@type":"ListItem","position":2,"name":"Repr\u00e9sentation","item":"https:\/\/physiotherapy.ca\/fr\/representation-2\/"},{"@type":"ListItem","position":3,"name":"Plaidoyer","item":"https:\/\/physiotherapy.ca\/fr\/representation-2\/advocacy-updates-fr\/"},{"@type":"ListItem","position":4,"name":"L\u2019avenir du permis d\u2019exercice","item":"https:\/\/physiotherapy.ca\/fr\/representation-2\/advocacy-updates-fr\/lavenir-du-permis-dexercice\/"},{"@type":"ListItem","position":5,"name":"Actualit\u00e9s et annonces","item":"https:\/\/physiotherapy.ca\/fr\/representation-2\/advocacy-updates-fr\/lavenir-du-permis-dexercice\/actualites-et-annonces\/"},{"@type":"ListItem","position":6,"name":"Annonce du membre du comit\u00e9 des services d&#8217;\u00e9valuation de l&#8217;ACP"}]},{"@type":"WebSite","@id":"https:\/\/physiotherapy.ca\/#website","url":"https:\/\/physiotherapy.ca\/","name":"Canadian Physiotherapy Association","description":"The Canadian Physiotherapy Association (CPA) represents over 16,000 physiotherapy professionals and students across Canada.","potentialAction":[{"@type":"SearchAction","target":{"@type":"EntryPoint","urlTemplate":"https:\/\/physiotherapy.ca\/?s={search_term_string}"},"query-input":{"@type":"PropertyValueSpecification","valueRequired":true,"valueName":"search_term_string"}}],"inLanguage":"fr-FR"}]}},"_links":{"self":[{"href":"https:\/\/physiotherapy.ca\/fr\/wp-json\/wp\/v2\/pages\/80618","targetHints":{"allow":["GET"]}}],"collection":[{"href":"https:\/\/physiotherapy.ca\/fr\/wp-json\/wp\/v2\/pages"}],"about":[{"href":"https:\/\/physiotherapy.ca\/fr\/wp-json\/wp\/v2\/types\/page"}],"author":[{"embeddable":true,"href":"https:\/\/physiotherapy.ca\/fr\/wp-json\/wp\/v2\/users\/2792"}],"replies":[{"embeddable":true,"href":"https:\/\/physiotherapy.ca\/fr\/wp-json\/wp\/v2\/comments?post=80618"}],"version-history":[{"count":1,"href":"https:\/\/physiotherapy.ca\/fr\/wp-json\/wp\/v2\/pages\/80618\/revisions"}],"predecessor-version":[{"id":80619,"href":"https:\/\/physiotherapy.ca\/fr\/wp-json\/wp\/v2\/pages\/80618\/revisions\/80619"}],"up":[{"embeddable":true,"href":"https:\/\/physiotherapy.ca\/fr\/wp-json\/wp\/v2\/pages\/80614"}],"wp:attachment":[{"href":"https:\/\/physiotherapy.ca\/fr\/wp-json\/wp\/v2\/media?parent=80618"}],"wp:term":[{"taxonomy":"topic","embeddable":true,"href":"https:\/\/physiotherapy.ca\/fr\/wp-json\/wp\/v2\/topic?post=80618"}],"curies":[{"name":"wp","href":"https:\/\/api.w.org\/{rel}","templated":true}]}}