{"id":80622,"date":"2022-11-07T14:24:17","date_gmt":"2022-11-07T19:24:17","guid":{"rendered":"https:\/\/physiotherapy.ca\/?page_id=80622"},"modified":"2022-11-07T14:24:18","modified_gmt":"2022-11-07T19:24:18","slug":"projet-sur-lavenir-de-lagrement-de-lacp-participation-aux-prochains-groupes-de-discussion","status":"publish","type":"page","link":"https:\/\/physiotherapy.ca\/fr\/representation-2\/advocacy-updates-fr\/lavenir-du-permis-dexercice\/actualites-et-annonces\/projet-sur-lavenir-de-lagrement-de-lacp-participation-aux-prochains-groupes-de-discussion\/","title":{"rendered":"Projet sur l\u2019avenir de l\u2019agr\u00e9ment de l\u2019ACP : participation aux prochains groupes de discussion"},"content":{"rendered":"\n<h2 class=\"wp-block-heading\">Projet sur l\u2019avenir de l\u2019agr\u00e9ment de l\u2019ACP : participation aux prochains groupes de discussion<\/h2>\n\n\n\n<p>Dans le cadre de notre projet sur l\u2019avenir de l\u2019agr\u00e9ment, nous organisons une s\u00e9rie de groupes de discussion virtuelsau cours desquels nous esp\u00e9rons entendre ce que les physioth\u00e9rapeutes ont \u00e0 dire sur diff\u00e9rents sujets cl\u00e9s qui entourent l\u2019avenir de l\u2019agr\u00e9ment au Canada, notamment ce qui justifie et ce qui entrave l\u2019innovation, et la forme que devrait prendre le nouveau syst\u00e8me. Chaque s\u00e9ance de 90\u00a0minutes portera sur un th\u00e8me particulier et sera anim\u00e9e par une soci\u00e9t\u00e9 de conseil ind\u00e9pendante.<\/p>\n\n\n\n<p>L\u2019objectif du\u00a0<a href=\"https:\/\/legacy.physiotherapy.ca\/fr\/lavenir-du-permis-dexercice\">projet sur l\u2019avenir de l\u2019agr\u00e9ment de l\u2019ACP<\/a>\u00a0est de produire un rapport critique et de formuler des recommandations qui s\u2019appuient sur les observations des physioth\u00e9rapeutes. Ce rapport sera soumis aux d\u00e9cideurs pour encadrer l\u2019harmonisation globale, \u00e0 l\u2019\u00e9chelle nationale, de la m\u00e9thode \u00e0 adopter pour moderniser l\u2019agr\u00e9ment et l\u2019\u00e9valuation des comp\u00e9tences.<\/p>\n\n\n\n<p>En prenant en compte les opinions et les r\u00e9troactions de nos membres, nous nous assurons que nos recommandations refl\u00e8tent les besoins de la profession. C\u2019est pourquoi nous esp\u00e9rons que vous vous joindrez \u00e0 nous pour une ou plusieurs s\u00e9ances de discussion.<\/p>\n\n\n\n<p>Les commentaires et les interventions resteront confidentiels et votre nom n\u2019appara\u00eetra dans aucun rapport ou communiqu\u00e9 associ\u00e9 au projet.<\/p>\n\n\n\n<p><strong>Horaire et d\u00e9tails<\/strong><\/p>\n\n\n\n<ul class=\"wp-block-list\"><li>Groupe de discussion\u00a01\u00a0: 14\u00a0juillet\u00a02022, \u00e0 17H30 &#8211; 19H00 HEURE ET<\/li><li>Groupe de discussion\u00a02\u00a0: 21\u00a0juillet\u00a02022, \u00e0 17H30 &#8211; 19H00 HEURE ET<\/li><li>Groupe de discussion\u00a03\u00a0: 22\u00a0juillet\u00a02022, \u00e0 17H30 &#8211; 19H00 HEURE ET<\/li><\/ul>\n\n\n\n<p>Vous pouvez demander \u00e0 vous inscrire \u00e0 une, \u00e0 deux ou \u00e0 trois s\u00e9ances. Toutefois, chaque groupe de discussion sera limit\u00e9 \u00e0 12\u00a0participants.<\/p>\n\n\n\n<p>Nous ferons de notre mieux pour que chaque groupe accueille des perspectives et des situations g\u00e9ographiques repr\u00e9sentatives de l\u2019ensemble de la profession. Toutes les s\u00e9ances seront enregistr\u00e9es.<\/p>\n\n\n\n<p><strong>Admissibilit\u00e9<\/strong><\/p>\n\n\n\n<p>Nous souhaitons garantir que tous les points de vue soient repr\u00e9sent\u00e9s \u00e0 chaque s\u00e9ance. Si vous appartenez \u00e0 un des groupes suivants, nous vous encourageons \u00e0 participer.<\/p>\n\n\n\n<ul class=\"wp-block-list\"><li>\u00c9tudiants, r\u00e9sidents et nouveaux dipl\u00f4m\u00e9s en physioth\u00e9rapie<\/li><li>Physioth\u00e9rapeutes form\u00e9s \u00e0 l\u2019\u00e9tranger<\/li><li>Physioth\u00e9rapeutes avec permis d\u2019exercice temporaire ou provisoire<\/li><li>Physioth\u00e9rapeutes r\u00e9cemment agr\u00e9\u00e9s (permis d\u2019exercice en pratique ind\u00e9pendante obtenu dans les 24\u00a0derniers mois)<\/li><li>Membres de la communaut\u00e9 universitaire de la physioth\u00e9rapie<\/li><li>Cliniciens et physioth\u00e9rapeutes en exercice<\/li><li>Leaders de la profession et b\u00e9n\u00e9voles qui repr\u00e9sentent des sections, des divisions ou des groupes d\u2019int\u00e9r\u00eat provinciaux ou territoriaux<\/li><\/ul>\n\n\n\n<p><strong>Comment participer<\/strong><\/p>\n\n\n\n<p>Pour participer \u00e0 un groupe de discussion, faites part de votre int\u00e9r\u00eat \u00e0\u00a0<a href=\"mailto:information@legacy.physiotherapy.ca\">information@legacy.physiotherapy.ca<\/a>.\u00a0<strong>Indiquez votre nom, votre adresse courriel, le groupe que vous repr\u00e9sentez (p.\u00a0ex., \u00e9tudiant, nouveau dipl\u00f4m\u00e9, clinicien) et la ou les dates souhait\u00e9e(s).<\/strong><\/p>\n\n\n\n<p>Merci!<\/p>\n\n\n\n<p><strong>Vous ne pouvez pas participer?<\/strong><\/p>\n\n\n\n<p>Si les dates propos\u00e9es ne conviennent pas \u00e0 votre emploi du temps, faites-le-nous savoir \u00e0\u00a0<a href=\"mailto:information@legacy.physiotherapy.ca\">information@legacy.physiotherapy.ca<\/a><\/p>\n\n\n\n<p><strong>Programme d\u2019innovation de l\u2019ACORP<\/strong><\/p>\n\n\n\n<p>Parall\u00e8lement au travail de l\u2019ACP, l\u2019ACORP travaille en ce moment pour repenser l\u2019avenir des services d\u2019\u00e9valuation. Cet \u00e9t\u00e9, les intervenants, y compris les membres de l\u2019ACP, vont avoir l\u2019occasion de contribuer \u00e0 des groupes de discussion et \u00e0 des sondages. La participation \u00e0 ces activit\u00e9s nous permettra de nous assurer que le travail du groupe consultatif expert de l\u2019ACORP incorpore un vaste \u00e9ventail de perspectives d\u2019intervenants. Vous pouvez en savoir plus sur cette occasion et sur la fa\u00e7on dont vous pouvez contribuer par le biais des organismes de r\u00e9glementation sur le site de l\u2019ACORP. Pour obtenir des mises \u00e0 jour sur le programme d\u2019innovation de l\u2019ACORP et pour avoir plus d\u2019information sur comment participer,&nbsp;<a href=\"https:\/\/www.alliancept.org\/about-capr\/innovation-agenda\/advisory-panel-updates\/\">cliquez ici.<\/a><\/p>\n\n\n\n<div style=\"height:100px\" aria-hidden=\"true\" class=\"wp-block-spacer\"><\/div>\n","protected":false},"excerpt":{"rendered":"<p>Projet sur l\u2019avenir de l\u2019agr\u00e9ment de l\u2019ACP : participation aux prochains groupes de discussion Dans le cadre de notre projet sur l\u2019avenir de l\u2019agr\u00e9ment, nous organisons une s\u00e9rie de groupes de discussion virtuelsau cours desquels nous esp\u00e9rons entendre ce que [&hellip;]<\/p>\n","protected":false},"author":2792,"featured_media":0,"parent":80614,"menu_order":3,"comment_status":"closed","ping_status":"closed","template":"","meta":{"inline_featured_image":false,"ep_exclude_from_search":false,"footnotes":""},"topic":[],"class_list":["post-80622","page","type-page","status-publish","hentry"],"acf":[],"yoast_head":"<!-- This site is optimized with the Yoast SEO plugin v24.7 - https:\/\/yoast.com\/wordpress\/plugins\/seo\/ -->\n<title>Projet sur l\u2019avenir de l\u2019agr\u00e9ment de l\u2019ACP : participation aux prochains groupes de discussion - Canadian Physiotherapy Association<\/title>\n<meta name=\"robots\" content=\"index, follow, max-snippet:-1, max-image-preview:large, max-video-preview:-1\" \/>\n<link rel=\"canonical\" href=\"https:\/\/physiotherapy.ca\/fr\/representation-2\/advocacy-updates-fr\/lavenir-du-permis-dexercice\/actualites-et-annonces\/projet-sur-lavenir-de-lagrement-de-lacp-participation-aux-prochains-groupes-de-discussion\/\" \/>\n<meta property=\"og:locale\" content=\"fr_FR\" \/>\n<meta property=\"og:type\" content=\"article\" \/>\n<meta property=\"og:title\" content=\"Projet sur l\u2019avenir de l\u2019agr\u00e9ment de l\u2019ACP : participation aux prochains groupes de discussion - Canadian Physiotherapy Association\" \/>\n<meta property=\"og:description\" content=\"Projet sur l\u2019avenir de l\u2019agr\u00e9ment de l\u2019ACP : participation aux prochains groupes de discussion Dans le cadre de notre projet sur l\u2019avenir de l\u2019agr\u00e9ment, nous organisons une s\u00e9rie de groupes de discussion virtuelsau cours desquels nous esp\u00e9rons entendre ce que [&hellip;]\" \/>\n<meta property=\"og:url\" content=\"https:\/\/physiotherapy.ca\/fr\/representation-2\/advocacy-updates-fr\/lavenir-du-permis-dexercice\/actualites-et-annonces\/projet-sur-lavenir-de-lagrement-de-lacp-participation-aux-prochains-groupes-de-discussion\/\" \/>\n<meta property=\"og:site_name\" content=\"Canadian Physiotherapy Association\" \/>\n<meta property=\"article:modified_time\" content=\"2022-11-07T19:24:18+00:00\" \/>\n<meta name=\"twitter:card\" content=\"summary_large_image\" \/>\n<meta name=\"twitter:label1\" content=\"Est. reading time\" \/>\n\t<meta name=\"twitter:data1\" content=\"3 minutes\" \/>\n<script type=\"application\/ld+json\" class=\"yoast-schema-graph\">{\"@context\":\"https:\/\/schema.org\",\"@graph\":[{\"@type\":\"WebPage\",\"@id\":\"https:\/\/physiotherapy.ca\/fr\/representation-2\/advocacy-updates-fr\/lavenir-du-permis-dexercice\/actualites-et-annonces\/projet-sur-lavenir-de-lagrement-de-lacp-participation-aux-prochains-groupes-de-discussion\/\",\"url\":\"https:\/\/physiotherapy.ca\/fr\/representation-2\/advocacy-updates-fr\/lavenir-du-permis-dexercice\/actualites-et-annonces\/projet-sur-lavenir-de-lagrement-de-lacp-participation-aux-prochains-groupes-de-discussion\/\",\"name\":\"Projet sur l\u2019avenir de l\u2019agr\u00e9ment de l\u2019ACP : participation aux prochains groupes de discussion - Canadian Physiotherapy Association\",\"isPartOf\":{\"@id\":\"https:\/\/physiotherapy.ca\/#website\"},\"datePublished\":\"2022-11-07T19:24:17+00:00\",\"dateModified\":\"2022-11-07T19:24:18+00:00\",\"breadcrumb\":{\"@id\":\"https:\/\/physiotherapy.ca\/fr\/representation-2\/advocacy-updates-fr\/lavenir-du-permis-dexercice\/actualites-et-annonces\/projet-sur-lavenir-de-lagrement-de-lacp-participation-aux-prochains-groupes-de-discussion\/#breadcrumb\"},\"inLanguage\":\"fr-FR\",\"potentialAction\":[{\"@type\":\"ReadAction\",\"target\":[\"https:\/\/physiotherapy.ca\/fr\/representation-2\/advocacy-updates-fr\/lavenir-du-permis-dexercice\/actualites-et-annonces\/projet-sur-lavenir-de-lagrement-de-lacp-participation-aux-prochains-groupes-de-discussion\/\"]}]},{\"@type\":\"BreadcrumbList\",\"@id\":\"https:\/\/physiotherapy.ca\/fr\/representation-2\/advocacy-updates-fr\/lavenir-du-permis-dexercice\/actualites-et-annonces\/projet-sur-lavenir-de-lagrement-de-lacp-participation-aux-prochains-groupes-de-discussion\/#breadcrumb\",\"itemListElement\":[{\"@type\":\"ListItem\",\"position\":1,\"name\":\"Home\",\"item\":\"https:\/\/physiotherapy.ca\/fr\/\"},{\"@type\":\"ListItem\",\"position\":2,\"name\":\"Repr\u00e9sentation\",\"item\":\"https:\/\/physiotherapy.ca\/fr\/representation-2\/\"},{\"@type\":\"ListItem\",\"position\":3,\"name\":\"Plaidoyer\",\"item\":\"https:\/\/physiotherapy.ca\/fr\/representation-2\/advocacy-updates-fr\/\"},{\"@type\":\"ListItem\",\"position\":4,\"name\":\"L\u2019avenir du permis d\u2019exercice\",\"item\":\"https:\/\/physiotherapy.ca\/fr\/representation-2\/advocacy-updates-fr\/lavenir-du-permis-dexercice\/\"},{\"@type\":\"ListItem\",\"position\":5,\"name\":\"Actualit\u00e9s et annonces\",\"item\":\"https:\/\/physiotherapy.ca\/fr\/representation-2\/advocacy-updates-fr\/lavenir-du-permis-dexercice\/actualites-et-annonces\/\"},{\"@type\":\"ListItem\",\"position\":6,\"name\":\"Projet sur l\u2019avenir de l\u2019agr\u00e9ment de l\u2019ACP : participation aux prochains groupes de discussion\"}]},{\"@type\":\"WebSite\",\"@id\":\"https:\/\/physiotherapy.ca\/#website\",\"url\":\"https:\/\/physiotherapy.ca\/\",\"name\":\"Canadian Physiotherapy Association\",\"description\":\"The Canadian Physiotherapy Association (CPA) represents over 16,000 physiotherapy professionals and students across Canada.\",\"potentialAction\":[{\"@type\":\"SearchAction\",\"target\":{\"@type\":\"EntryPoint\",\"urlTemplate\":\"https:\/\/physiotherapy.ca\/?s={search_term_string}\"},\"query-input\":{\"@type\":\"PropertyValueSpecification\",\"valueRequired\":true,\"valueName\":\"search_term_string\"}}],\"inLanguage\":\"fr-FR\"}]}<\/script>\n<!-- \/ Yoast SEO plugin. -->","yoast_head_json":{"title":"Projet sur l\u2019avenir de l\u2019agr\u00e9ment de l\u2019ACP : participation aux prochains groupes de discussion - Canadian Physiotherapy Association","robots":{"index":"index","follow":"follow","max-snippet":"max-snippet:-1","max-image-preview":"max-image-preview:large","max-video-preview":"max-video-preview:-1"},"canonical":"https:\/\/physiotherapy.ca\/fr\/representation-2\/advocacy-updates-fr\/lavenir-du-permis-dexercice\/actualites-et-annonces\/projet-sur-lavenir-de-lagrement-de-lacp-participation-aux-prochains-groupes-de-discussion\/","og_locale":"fr_FR","og_type":"article","og_title":"Projet sur l\u2019avenir de l\u2019agr\u00e9ment de l\u2019ACP : participation aux prochains groupes de discussion - Canadian Physiotherapy Association","og_description":"Projet sur l\u2019avenir de l\u2019agr\u00e9ment de l\u2019ACP : participation aux prochains groupes de discussion Dans le cadre de notre projet sur l\u2019avenir de l\u2019agr\u00e9ment, nous organisons une s\u00e9rie de groupes de discussion virtuelsau cours desquels nous esp\u00e9rons entendre ce que [&hellip;]","og_url":"https:\/\/physiotherapy.ca\/fr\/representation-2\/advocacy-updates-fr\/lavenir-du-permis-dexercice\/actualites-et-annonces\/projet-sur-lavenir-de-lagrement-de-lacp-participation-aux-prochains-groupes-de-discussion\/","og_site_name":"Canadian Physiotherapy Association","article_modified_time":"2022-11-07T19:24:18+00:00","twitter_card":"summary_large_image","twitter_misc":{"Est. reading time":"3 minutes"},"schema":{"@context":"https:\/\/schema.org","@graph":[{"@type":"WebPage","@id":"https:\/\/physiotherapy.ca\/fr\/representation-2\/advocacy-updates-fr\/lavenir-du-permis-dexercice\/actualites-et-annonces\/projet-sur-lavenir-de-lagrement-de-lacp-participation-aux-prochains-groupes-de-discussion\/","url":"https:\/\/physiotherapy.ca\/fr\/representation-2\/advocacy-updates-fr\/lavenir-du-permis-dexercice\/actualites-et-annonces\/projet-sur-lavenir-de-lagrement-de-lacp-participation-aux-prochains-groupes-de-discussion\/","name":"Projet sur l\u2019avenir de l\u2019agr\u00e9ment de l\u2019ACP : participation aux prochains groupes de discussion - Canadian Physiotherapy Association","isPartOf":{"@id":"https:\/\/physiotherapy.ca\/#website"},"datePublished":"2022-11-07T19:24:17+00:00","dateModified":"2022-11-07T19:24:18+00:00","breadcrumb":{"@id":"https:\/\/physiotherapy.ca\/fr\/representation-2\/advocacy-updates-fr\/lavenir-du-permis-dexercice\/actualites-et-annonces\/projet-sur-lavenir-de-lagrement-de-lacp-participation-aux-prochains-groupes-de-discussion\/#breadcrumb"},"inLanguage":"fr-FR","potentialAction":[{"@type":"ReadAction","target":["https:\/\/physiotherapy.ca\/fr\/representation-2\/advocacy-updates-fr\/lavenir-du-permis-dexercice\/actualites-et-annonces\/projet-sur-lavenir-de-lagrement-de-lacp-participation-aux-prochains-groupes-de-discussion\/"]}]},{"@type":"BreadcrumbList","@id":"https:\/\/physiotherapy.ca\/fr\/representation-2\/advocacy-updates-fr\/lavenir-du-permis-dexercice\/actualites-et-annonces\/projet-sur-lavenir-de-lagrement-de-lacp-participation-aux-prochains-groupes-de-discussion\/#breadcrumb","itemListElement":[{"@type":"ListItem","position":1,"name":"Home","item":"https:\/\/physiotherapy.ca\/fr\/"},{"@type":"ListItem","position":2,"name":"Repr\u00e9sentation","item":"https:\/\/physiotherapy.ca\/fr\/representation-2\/"},{"@type":"ListItem","position":3,"name":"Plaidoyer","item":"https:\/\/physiotherapy.ca\/fr\/representation-2\/advocacy-updates-fr\/"},{"@type":"ListItem","position":4,"name":"L\u2019avenir du permis d\u2019exercice","item":"https:\/\/physiotherapy.ca\/fr\/representation-2\/advocacy-updates-fr\/lavenir-du-permis-dexercice\/"},{"@type":"ListItem","position":5,"name":"Actualit\u00e9s et annonces","item":"https:\/\/physiotherapy.ca\/fr\/representation-2\/advocacy-updates-fr\/lavenir-du-permis-dexercice\/actualites-et-annonces\/"},{"@type":"ListItem","position":6,"name":"Projet sur l\u2019avenir de l\u2019agr\u00e9ment de l\u2019ACP : participation aux prochains groupes de discussion"}]},{"@type":"WebSite","@id":"https:\/\/physiotherapy.ca\/#website","url":"https:\/\/physiotherapy.ca\/","name":"Canadian Physiotherapy Association","description":"The Canadian Physiotherapy Association (CPA) represents over 16,000 physiotherapy professionals and students across Canada.","potentialAction":[{"@type":"SearchAction","target":{"@type":"EntryPoint","urlTemplate":"https:\/\/physiotherapy.ca\/?s={search_term_string}"},"query-input":{"@type":"PropertyValueSpecification","valueRequired":true,"valueName":"search_term_string"}}],"inLanguage":"fr-FR"}]}},"_links":{"self":[{"href":"https:\/\/physiotherapy.ca\/fr\/wp-json\/wp\/v2\/pages\/80622","targetHints":{"allow":["GET"]}}],"collection":[{"href":"https:\/\/physiotherapy.ca\/fr\/wp-json\/wp\/v2\/pages"}],"about":[{"href":"https:\/\/physiotherapy.ca\/fr\/wp-json\/wp\/v2\/types\/page"}],"author":[{"embeddable":true,"href":"https:\/\/physiotherapy.ca\/fr\/wp-json\/wp\/v2\/users\/2792"}],"replies":[{"embeddable":true,"href":"https:\/\/physiotherapy.ca\/fr\/wp-json\/wp\/v2\/comments?post=80622"}],"version-history":[{"count":1,"href":"https:\/\/physiotherapy.ca\/fr\/wp-json\/wp\/v2\/pages\/80622\/revisions"}],"predecessor-version":[{"id":80623,"href":"https:\/\/physiotherapy.ca\/fr\/wp-json\/wp\/v2\/pages\/80622\/revisions\/80623"}],"up":[{"embeddable":true,"href":"https:\/\/physiotherapy.ca\/fr\/wp-json\/wp\/v2\/pages\/80614"}],"wp:attachment":[{"href":"https:\/\/physiotherapy.ca\/fr\/wp-json\/wp\/v2\/media?parent=80622"}],"wp:term":[{"taxonomy":"topic","embeddable":true,"href":"https:\/\/physiotherapy.ca\/fr\/wp-json\/wp\/v2\/topic?post=80622"}],"curies":[{"name":"wp","href":"https:\/\/api.w.org\/{rel}","templated":true}]}}