{"id":80632,"date":"2022-11-07T15:11:54","date_gmt":"2022-11-07T20:11:54","guid":{"rendered":"https:\/\/physiotherapy.ca\/?page_id=80632"},"modified":"2022-11-07T15:11:55","modified_gmt":"2022-11-07T20:11:55","slug":"groupe-de-travail-sur-lavenir-de-lagrement","status":"publish","type":"page","link":"https:\/\/physiotherapy.ca\/fr\/representation-2\/advocacy-updates-fr\/lavenir-du-permis-dexercice\/groupe-de-travail-sur-lavenir-de-lagrement\/","title":{"rendered":"Groupe de travail sur l\u2019avenir de l\u2019agr\u00e9ment"},"content":{"rendered":"\n<h2 class=\"wp-block-heading\">Group\u00a0de travail sur l&#8217;avenir du permis d&#8217;exercice de l&#8217;ACP<\/h2>\n\n\n\n<p>Le Groupe de travail est une coalition de voix, de perspectives et de connaissances diverses, issues de l\u2019ensemble des physioth\u00e9rapeutes, qu\u2019ils soient en formation ou en exercice. Il contribuera \u00e0 d\u00e9crire comment les physioth\u00e9rapeutes traversent la crise de l\u2019agr\u00e9ment et rel\u00e8vera les moyens d\u2019\u00e9tablir une approche nationale pour l\u2019acc\u00e8s \u00e0 la pratique autonome ainsi que les \u00e9cueils qui guettent cet effort.<\/p>\n\n\n\n<p>Le groupe de travail comprendra de 8 \u00e0 10\u00a0membres refl\u00e9tant l\u2019\u00e9ventail des perspectives, des formations et des pratiques de la communaut\u00e9 de physioth\u00e9rapie. Une attention sp\u00e9ciale sera accord\u00e9e \u00e0 la diversit\u00e9 ethnique et de genre, \u00e0 la repr\u00e9sentation g\u00e9ographique, \u00e0 l\u2019exp\u00e9rience personnelle et \u00e0 la richesse de l\u2019exp\u00e9rience professionnelle.<\/p>\n\n\n\n<ul class=\"wp-block-list\"><li>Il y aura au moins\u00a0<strong>un<\/strong>\u00a0membre \u00e9tudiant, r\u00e9sident ou r\u00e9cemment dipl\u00f4m\u00e9 d\u2019un programme reconnu, si\u00e8ge qui sera occup\u00e9 par la pr\u00e9sidence de l\u2019Assembl\u00e9e nationale des \u00e9tudiants de l\u2019ACP (ou par une personne d\u00e9l\u00e9gu\u00e9e par la pr\u00e9sidence).\u00a0<\/li><li>Il y aura au moins\u00a0<strong>un<\/strong>\u00a0membre ayant pass\u00e9 une\u00a0\u00e9valuation int\u00e9rimaire\u00a0\u00a0et qui, en raison des reports et des annulations de l\u2019ECP-CC, n\u2019a pas pu obtenir d\u2019\u00e9valuation ind\u00e9pendante pour exercer dans leur territoire (physioth\u00e9rapeute form\u00e9 \u00e0 l\u2019\u00e9tranger [PTFE] ou au Canada [PTFC]).<\/li><li>Il y aura au moins\u00a0<strong>un<\/strong>\u00a0membre PTFE.<\/li><li>Il y aura\u00a0<strong>un<\/strong>\u00a0ou\u00a0<strong>deux<\/strong>\u00a0membres issus du milieu universitaire de la physioth\u00e9rapie.<\/li><li>Il y aura\u00a0<strong>un\u00a0<\/strong>ou\u00a0<strong>deux<\/strong>\u00a0repr\u00e9sentants des sections de l\u2019ACP.<\/li><li>Il y aura au moins\u00a0<strong>un<\/strong>\u00a0membre actif en pratique communautaire ou en pratique priv\u00e9e.<\/li><li>Il y aura au moins\u00a0<strong>un<\/strong>\u00a0membre actif dans le secteur public.<\/li><li>Il y aura au moins\u00a0<strong>un<\/strong>\u00a0membre ayant au moins cinq ann\u00e9es d\u2019exp\u00e9rience en supervision clinique d\u2019\u00e9tudiants et de nouveaux dipl\u00f4m\u00e9s.<\/li><\/ul>\n\n\n\n<div style=\"height:100px\" aria-hidden=\"true\" class=\"wp-block-spacer\"><\/div>\n","protected":false},"excerpt":{"rendered":"<p>Group\u00a0de travail sur l&#8217;avenir du permis d&#8217;exercice de l&#8217;ACP Le Groupe de travail est une coalition de voix, de perspectives et de connaissances diverses, issues de l\u2019ensemble des physioth\u00e9rapeutes, qu\u2019ils soient en formation ou en exercice. Il contribuera \u00e0 d\u00e9crire [&hellip;]<\/p>\n","protected":false},"author":2792,"featured_media":0,"parent":80610,"menu_order":2,"comment_status":"closed","ping_status":"closed","template":"","meta":{"inline_featured_image":false,"ep_exclude_from_search":false,"footnotes":""},"topic":[],"class_list":["post-80632","page","type-page","status-publish","hentry"],"acf":[],"yoast_head":"<!-- This site is optimized with the Yoast SEO plugin v24.7 - https:\/\/yoast.com\/wordpress\/plugins\/seo\/ -->\n<title>Groupe de travail sur l\u2019avenir de l\u2019agr\u00e9ment - Canadian Physiotherapy Association<\/title>\n<meta name=\"robots\" content=\"index, follow, max-snippet:-1, max-image-preview:large, max-video-preview:-1\" \/>\n<link rel=\"canonical\" href=\"https:\/\/physiotherapy.ca\/fr\/representation-2\/advocacy-updates-fr\/lavenir-du-permis-dexercice\/groupe-de-travail-sur-lavenir-de-lagrement\/\" \/>\n<meta property=\"og:locale\" content=\"fr_FR\" \/>\n<meta property=\"og:type\" content=\"article\" \/>\n<meta property=\"og:title\" content=\"Groupe de travail sur l\u2019avenir de l\u2019agr\u00e9ment - Canadian Physiotherapy Association\" \/>\n<meta property=\"og:description\" content=\"Group\u00a0de travail sur l&#8217;avenir du permis d&#8217;exercice de l&#8217;ACP Le Groupe de travail est une coalition de voix, de perspectives et de connaissances diverses, issues de l\u2019ensemble des physioth\u00e9rapeutes, qu\u2019ils soient en formation ou en exercice. Il contribuera \u00e0 d\u00e9crire [&hellip;]\" \/>\n<meta property=\"og:url\" content=\"https:\/\/physiotherapy.ca\/fr\/representation-2\/advocacy-updates-fr\/lavenir-du-permis-dexercice\/groupe-de-travail-sur-lavenir-de-lagrement\/\" \/>\n<meta property=\"og:site_name\" content=\"Canadian Physiotherapy Association\" \/>\n<meta property=\"article:modified_time\" content=\"2022-11-07T20:11:55+00:00\" \/>\n<meta name=\"twitter:card\" content=\"summary_large_image\" \/>\n<meta name=\"twitter:label1\" content=\"Est. reading time\" \/>\n\t<meta name=\"twitter:data1\" content=\"2 minutes\" \/>\n<script type=\"application\/ld+json\" class=\"yoast-schema-graph\">{\"@context\":\"https:\/\/schema.org\",\"@graph\":[{\"@type\":\"WebPage\",\"@id\":\"https:\/\/physiotherapy.ca\/fr\/representation-2\/advocacy-updates-fr\/lavenir-du-permis-dexercice\/groupe-de-travail-sur-lavenir-de-lagrement\/\",\"url\":\"https:\/\/physiotherapy.ca\/fr\/representation-2\/advocacy-updates-fr\/lavenir-du-permis-dexercice\/groupe-de-travail-sur-lavenir-de-lagrement\/\",\"name\":\"Groupe de travail sur l\u2019avenir de l\u2019agr\u00e9ment - Canadian Physiotherapy Association\",\"isPartOf\":{\"@id\":\"https:\/\/physiotherapy.ca\/#website\"},\"datePublished\":\"2022-11-07T20:11:54+00:00\",\"dateModified\":\"2022-11-07T20:11:55+00:00\",\"breadcrumb\":{\"@id\":\"https:\/\/physiotherapy.ca\/fr\/representation-2\/advocacy-updates-fr\/lavenir-du-permis-dexercice\/groupe-de-travail-sur-lavenir-de-lagrement\/#breadcrumb\"},\"inLanguage\":\"fr-FR\",\"potentialAction\":[{\"@type\":\"ReadAction\",\"target\":[\"https:\/\/physiotherapy.ca\/fr\/representation-2\/advocacy-updates-fr\/lavenir-du-permis-dexercice\/groupe-de-travail-sur-lavenir-de-lagrement\/\"]}]},{\"@type\":\"BreadcrumbList\",\"@id\":\"https:\/\/physiotherapy.ca\/fr\/representation-2\/advocacy-updates-fr\/lavenir-du-permis-dexercice\/groupe-de-travail-sur-lavenir-de-lagrement\/#breadcrumb\",\"itemListElement\":[{\"@type\":\"ListItem\",\"position\":1,\"name\":\"Home\",\"item\":\"https:\/\/physiotherapy.ca\/fr\/\"},{\"@type\":\"ListItem\",\"position\":2,\"name\":\"Repr\u00e9sentation\",\"item\":\"https:\/\/physiotherapy.ca\/fr\/representation-2\/\"},{\"@type\":\"ListItem\",\"position\":3,\"name\":\"Plaidoyer\",\"item\":\"https:\/\/physiotherapy.ca\/fr\/representation-2\/advocacy-updates-fr\/\"},{\"@type\":\"ListItem\",\"position\":4,\"name\":\"L\u2019avenir du permis d\u2019exercice\",\"item\":\"https:\/\/physiotherapy.ca\/fr\/representation-2\/advocacy-updates-fr\/lavenir-du-permis-dexercice\/\"},{\"@type\":\"ListItem\",\"position\":5,\"name\":\"Groupe de travail sur l\u2019avenir de l\u2019agr\u00e9ment\"}]},{\"@type\":\"WebSite\",\"@id\":\"https:\/\/physiotherapy.ca\/#website\",\"url\":\"https:\/\/physiotherapy.ca\/\",\"name\":\"Canadian Physiotherapy Association\",\"description\":\"The Canadian Physiotherapy Association (CPA) represents over 16,000 physiotherapy professionals and students across Canada.\",\"potentialAction\":[{\"@type\":\"SearchAction\",\"target\":{\"@type\":\"EntryPoint\",\"urlTemplate\":\"https:\/\/physiotherapy.ca\/?s={search_term_string}\"},\"query-input\":{\"@type\":\"PropertyValueSpecification\",\"valueRequired\":true,\"valueName\":\"search_term_string\"}}],\"inLanguage\":\"fr-FR\"}]}<\/script>\n<!-- \/ Yoast SEO plugin. -->","yoast_head_json":{"title":"Groupe de travail sur l\u2019avenir de l\u2019agr\u00e9ment - Canadian Physiotherapy Association","robots":{"index":"index","follow":"follow","max-snippet":"max-snippet:-1","max-image-preview":"max-image-preview:large","max-video-preview":"max-video-preview:-1"},"canonical":"https:\/\/physiotherapy.ca\/fr\/representation-2\/advocacy-updates-fr\/lavenir-du-permis-dexercice\/groupe-de-travail-sur-lavenir-de-lagrement\/","og_locale":"fr_FR","og_type":"article","og_title":"Groupe de travail sur l\u2019avenir de l\u2019agr\u00e9ment - Canadian Physiotherapy Association","og_description":"Group\u00a0de travail sur l&#8217;avenir du permis d&#8217;exercice de l&#8217;ACP Le Groupe de travail est une coalition de voix, de perspectives et de connaissances diverses, issues de l\u2019ensemble des physioth\u00e9rapeutes, qu\u2019ils soient en formation ou en exercice. Il contribuera \u00e0 d\u00e9crire [&hellip;]","og_url":"https:\/\/physiotherapy.ca\/fr\/representation-2\/advocacy-updates-fr\/lavenir-du-permis-dexercice\/groupe-de-travail-sur-lavenir-de-lagrement\/","og_site_name":"Canadian Physiotherapy Association","article_modified_time":"2022-11-07T20:11:55+00:00","twitter_card":"summary_large_image","twitter_misc":{"Est. reading time":"2 minutes"},"schema":{"@context":"https:\/\/schema.org","@graph":[{"@type":"WebPage","@id":"https:\/\/physiotherapy.ca\/fr\/representation-2\/advocacy-updates-fr\/lavenir-du-permis-dexercice\/groupe-de-travail-sur-lavenir-de-lagrement\/","url":"https:\/\/physiotherapy.ca\/fr\/representation-2\/advocacy-updates-fr\/lavenir-du-permis-dexercice\/groupe-de-travail-sur-lavenir-de-lagrement\/","name":"Groupe de travail sur l\u2019avenir de l\u2019agr\u00e9ment - Canadian Physiotherapy Association","isPartOf":{"@id":"https:\/\/physiotherapy.ca\/#website"},"datePublished":"2022-11-07T20:11:54+00:00","dateModified":"2022-11-07T20:11:55+00:00","breadcrumb":{"@id":"https:\/\/physiotherapy.ca\/fr\/representation-2\/advocacy-updates-fr\/lavenir-du-permis-dexercice\/groupe-de-travail-sur-lavenir-de-lagrement\/#breadcrumb"},"inLanguage":"fr-FR","potentialAction":[{"@type":"ReadAction","target":["https:\/\/physiotherapy.ca\/fr\/representation-2\/advocacy-updates-fr\/lavenir-du-permis-dexercice\/groupe-de-travail-sur-lavenir-de-lagrement\/"]}]},{"@type":"BreadcrumbList","@id":"https:\/\/physiotherapy.ca\/fr\/representation-2\/advocacy-updates-fr\/lavenir-du-permis-dexercice\/groupe-de-travail-sur-lavenir-de-lagrement\/#breadcrumb","itemListElement":[{"@type":"ListItem","position":1,"name":"Home","item":"https:\/\/physiotherapy.ca\/fr\/"},{"@type":"ListItem","position":2,"name":"Repr\u00e9sentation","item":"https:\/\/physiotherapy.ca\/fr\/representation-2\/"},{"@type":"ListItem","position":3,"name":"Plaidoyer","item":"https:\/\/physiotherapy.ca\/fr\/representation-2\/advocacy-updates-fr\/"},{"@type":"ListItem","position":4,"name":"L\u2019avenir du permis d\u2019exercice","item":"https:\/\/physiotherapy.ca\/fr\/representation-2\/advocacy-updates-fr\/lavenir-du-permis-dexercice\/"},{"@type":"ListItem","position":5,"name":"Groupe de travail sur l\u2019avenir de l\u2019agr\u00e9ment"}]},{"@type":"WebSite","@id":"https:\/\/physiotherapy.ca\/#website","url":"https:\/\/physiotherapy.ca\/","name":"Canadian Physiotherapy Association","description":"The Canadian Physiotherapy Association (CPA) represents over 16,000 physiotherapy professionals and students across Canada.","potentialAction":[{"@type":"SearchAction","target":{"@type":"EntryPoint","urlTemplate":"https:\/\/physiotherapy.ca\/?s={search_term_string}"},"query-input":{"@type":"PropertyValueSpecification","valueRequired":true,"valueName":"search_term_string"}}],"inLanguage":"fr-FR"}]}},"_links":{"self":[{"href":"https:\/\/physiotherapy.ca\/fr\/wp-json\/wp\/v2\/pages\/80632","targetHints":{"allow":["GET"]}}],"collection":[{"href":"https:\/\/physiotherapy.ca\/fr\/wp-json\/wp\/v2\/pages"}],"about":[{"href":"https:\/\/physiotherapy.ca\/fr\/wp-json\/wp\/v2\/types\/page"}],"author":[{"embeddable":true,"href":"https:\/\/physiotherapy.ca\/fr\/wp-json\/wp\/v2\/users\/2792"}],"replies":[{"embeddable":true,"href":"https:\/\/physiotherapy.ca\/fr\/wp-json\/wp\/v2\/comments?post=80632"}],"version-history":[{"count":1,"href":"https:\/\/physiotherapy.ca\/fr\/wp-json\/wp\/v2\/pages\/80632\/revisions"}],"predecessor-version":[{"id":80642,"href":"https:\/\/physiotherapy.ca\/fr\/wp-json\/wp\/v2\/pages\/80632\/revisions\/80642"}],"up":[{"embeddable":true,"href":"https:\/\/physiotherapy.ca\/fr\/wp-json\/wp\/v2\/pages\/80610"}],"wp:attachment":[{"href":"https:\/\/physiotherapy.ca\/fr\/wp-json\/wp\/v2\/media?parent=80632"}],"wp:term":[{"taxonomy":"topic","embeddable":true,"href":"https:\/\/physiotherapy.ca\/fr\/wp-json\/wp\/v2\/topic?post=80632"}],"curies":[{"name":"wp","href":"https:\/\/api.w.org\/{rel}","templated":true}]}}