{"id":80920,"date":"2022-11-10T10:59:52","date_gmt":"2022-11-10T15:59:52","guid":{"rendered":"https:\/\/physiotherapy.ca\/?page_id=80920"},"modified":"2024-07-09T10:23:13","modified_gmt":"2024-07-09T14:23:13","slug":"intervenants-en-physiotherapie-et-leurs-roles","status":"publish","type":"page","link":"https:\/\/physiotherapy.ca\/fr\/representation-2\/advocacy-updates-fr\/lavenir-du-permis-dexercice\/intervenants-en-physiotherapie-et-leurs-roles\/","title":{"rendered":"Intervenants en physioth\u00e9rapie et leurs r\u00f4les"},"content":{"rendered":"\n<h2 class=\"wp-block-heading\">Intervenants en physioth\u00e9rapie et leurs r\u00f4les<\/h2>\n\n\n\n<p>Au Canada, le milieu de la physioth\u00e9rapie est desservi par diff\u00e9rents groupes d\u2019intervenants. Bien que la liste ci-dessous ne soit pas exhaustive, elle permet d\u2019avoir une id\u00e9e des intervenants concern\u00e9s par le report du volet clinique de l\u2019ECP ainsi que de leurs r\u00f4les.<\/p>\n\n\n\n<h4 class=\"wp-block-heading\">Ordres provinciaux<\/h4>\n\n\n\n<p>La physioth\u00e9rapie est une profession autor\u00e9glement\u00e9e&nbsp;: ce sont les physioth\u00e9rapeutes qui d\u00e9terminent leurs propres r\u00e8gles, et ils sont tenus responsables de leur comportement. Les ordres professionnels provinciaux et territoriaux, quant \u00e0 eux, agissent \u00e0 titre de guides et de superviseurs.&nbsp;<\/p>\n\n\n\n<p>Ce sont ces ordres qui \u00e9tablissent la r\u00e9glementation et \u00e9laborent les programmes garantissant un service de qualit\u00e9 \u00e0 la population. En ce qui a trait \u00e0 l\u2019ECP, les ordres sont responsables de l\u2019octroi de permis (en collaboration avec les divers minist\u00e8res de la Sant\u00e9); les exigences et modalit\u00e9s diff\u00e8rent d\u2019une province \u00e0 l\u2019autre.<\/p>\n\n\n\n<p><a href=\"https:\/\/www.alliancept.org\/fr\/organismes-de-reglementation\/\">Liste des organismes de r\u00e9glementation de la physioth\u00e9rapie au Canada<\/a><\/p>\n\n\n\n<h4 class=\"wp-block-heading\">Groupe consultatif national en physioth\u00e9rapie<\/h4>\n\n\n\n<p>Le Groupe consultatif national en physioth\u00e9rapie (GNCP), une coalition d\u2019organisations nationales, vise \u00e0 faciliter l\u2019administration de la physioth\u00e9rapie dans les provinces et territoires ainsi que la mobilit\u00e9 des professionnels dans le pays. En font partie les organisations suivantes&nbsp;:<\/p>\n\n\n\n<ul class=\"wp-block-list\">\n<li>Alliance canadienne des organismes de r\u00e9glementation de la physioth\u00e9rapie (ACORP)<\/li>\n\n\n\n<li>Conseil canadien des programmes universitaires en physioth\u00e9rapie (CCPUP)<\/li>\n\n\n\n<li>Association canadienne de physioth\u00e9rapie (ACP)<\/li>\n\n\n\n<li>Agr\u00e9ment de l\u2019enseignement de la physioth\u00e9rapie au Canada (AEPC)<\/li>\n<\/ul>\n\n\n\n<p>Le GNCP a pour mission de promouvoir la prestation de services de physioth\u00e9rapie de qualit\u00e9 et les r\u00e9sultats positifs pour la sant\u00e9 des Canadiens par la collaboration et la communication portant sur des questions d\u2019int\u00e9r\u00eat mutuel. Ses membres se r\u00e9unissent r\u00e9guli\u00e8rement pour discuter d\u2019enjeux majeurs pour la profession.<\/p>\n\n\n\n<h4 class=\"wp-block-heading\">Membres du GNCP<\/h4>\n\n\n\n<p><strong>L<\/strong>\u2019<strong>Alliance canadienne des organismes de r\u00e9glementation de la physioth\u00e9rapie<\/strong>&nbsp;(ACORP) est un organisme d\u2019accr\u00e9ditation et d\u2019\u00e9valuation qui offre des services au nom de ses membres, les organismes de r\u00e9glementation provinciaux et territoriaux de la physioth\u00e9rapie (appel\u00e9s ordres). L\u2019ACORP examine les dipl\u00f4mes et les comp\u00e9tences des candidats form\u00e9s \u00e0 l\u2019ext\u00e9rieur du Canada pour d\u00e9terminer s\u2019ils sont substantiellement diff\u00e9rents de ceux acquis au pays. Elle fait passer \u00e0 tous les futurs physioth\u00e9rapeutes (form\u00e9s au Canada ou ailleurs) l\u2019examen de comp\u00e9tence en physioth\u00e9rapie afin de d\u00e9terminer leur aptitude \u00e0 la pratique s\u00e9curitaire, efficace et autonome de la profession. (<a href=\"https:\/\/www.alliancept.org\/fr\/accueil\/\">https:\/\/www.alliancept.org\/fr\/accueil\/<\/a>)<\/p>\n\n\n\n<p>Globalement, l\u2019ACORP fait passer les deux volets (\u00e9crit et clinique) de l\u2019ECP au nom des ordres professionnels. Cet examen est la seule m\u00e9thode d\u2019\u00e9valuation accept\u00e9e, fiable et valide (et dans certains cas, exig\u00e9e par la loi) pour la pratique de la physioth\u00e9rapie; il assure la s\u00e9curit\u00e9 de la population et la qualit\u00e9 des soins.<\/p>\n\n\n\n<p>Le&nbsp;<strong>Conseil canadien des programmes universitaires en physioth\u00e9rapie<\/strong>&nbsp;(CCPUP) est une organisation nationale qui rassemble des repr\u00e9sentants des 15&nbsp;programmes canadiens d\u2019enseignement et de recherche en physioth\u00e9rapie ainsi que des confr\u00e8res et cons\u0153urs provenant des secteurs de l\u2019accr\u00e9ditation, de la r\u00e9glementation et de l\u2019association. Il favorise la collaboration et l\u2019\u00e9change entre les programmes canadiens d\u2019\u00e9ducation en physioth\u00e9rapie et leurs organisations associ\u00e9es afin de promouvoir l\u2019excellence du contenu et des programmes. (<a href=\"https:\/\/www.physiotherapyeducation.ca\/about.php\">https:\/\/www.physiotherapyeducation.ca\/about.php<\/a>)<\/p>\n\n\n\n<p>Globalement, le CCPUP vise \u00e0 faire avancer les programmes de physioth\u00e9rapie universitaires dans l\u2019ensemble du Canada.<\/p>\n\n\n\n<p><a href=\"https:\/\/www.physiotherapyeducation.ca\/programs.php\">Liste des 15&nbsp;programmes accr\u00e9dit\u00e9s physioth\u00e9rapie au Canada<\/a><\/p>\n\n\n\n<p><strong>L<\/strong>\u2019<strong>Association canadienne de physioth\u00e9rapie<\/strong>&nbsp;(ACP) est l\u2019association de la profession. Forte de 17&nbsp;000&nbsp;membres, elle encourage, d\u00e9fend et inspire l\u2019excellence et l\u2019innovation en sant\u00e9.&nbsp;<\/p>\n\n\n\n<p>Globalement, elle pr\u00e9sente les besoins, opinions et d\u00e9sirs de ses membres pour faire avancer la profession. Elle collabore avec ses sections sur les questions relevant de la l\u00e9gislation et des ordres professionnels provinciaux et territoriaux.<\/p>\n\n\n\n<p><a href=\"https:\/\/legacy.physiotherapy.ca\/fr\/sections\">Liste des sections provinciales et territoriales<\/a><\/p>\n\n\n\n<p><strong>L\u2019Agr\u00e9ment de l\u2019enseignement de la physioth\u00e9rapie au Canada<\/strong>&nbsp;(AEPC) effectue les \u00e9valuations d\u2019agr\u00e9ment des 15&nbsp;programmes canadiens d\u2019enseignement de la physioth\u00e9rapie, qui ont actuellement tous le statut de programmes agr\u00e9\u00e9s. (<a href=\"https:\/\/www.peac-aepc.ca\/french\/index.php\">https:\/\/www.peac-aepc.ca\/french\/index.php<\/a>)<\/p>\n\n\n\n<p>Globalement, l\u2019AEPC veille \u00e0 ce que les programmes de physioth\u00e9rapie canadiens respectent les normes d\u2019accr\u00e9ditation.<\/p>\n\n\n\n<hr class=\"wp-block-separator has-css-opacity\"\/>\n\n\n\n<h3 class=\"wp-block-heading\">Informations de contact<\/h3>\n\n\n\n<p><strong>Alliance canadienne des organismes de r\u00e9glementation de la physioth\u00e9rapie<\/strong><br><a href=\"https:\/\/www.alliancept.org\/fr\/contact-us\/\">https:\/\/www.alliancept.org\/fr\/contact-us\/<\/a><br>1243 Islington Avenue, Suite&nbsp;501<br>Toronto (Ontario)&nbsp;&nbsp;M8X&nbsp;1Y9<br>T\u00e9l.&nbsp;: 416-234-8800<br>T\u00e9l\u00e9c.&nbsp;: 416-234-8820<br><a href=\"mailto:exam@alliancept.org\">exam@alliancept.org<\/a><\/p>\n\n\n\n<p><strong><a href=\"https:\/\/physiotherapy.ca\/fr\/membership-fr\/sections\/\">Sections provinciales et territoriales<\/a><\/strong><\/p>\n\n\n\n<p><strong>Organismes de r\u00e9glementation et ordres professionnels<\/strong><\/p>\n\n\n\n<p><em>Alberta:<\/em><\/p>\n\n\n\n<p>Physiotherapy Alberta<br><a href=\"https:\/\/www.physiotherapyalberta.ca\/\">https:\/\/www.physiotherapyalberta.ca\/<\/a><br>Suite&nbsp;300 Dorchester Building<br>10357&nbsp;109 Street<br>Edmonton (Alberta)&nbsp;&nbsp;T5J&nbsp;1N3<br>780-438-0338<br><a href=\"mailto:info@physiotherapyalberta.ca\">info@physiotherapyalberta.ca<\/a><\/p>\n\n\n\n<p><em>Colombie-Britannique<\/em><\/p>\n\n\n\n<p><a href=\"https:\/\/cptbc.org\/\" target=\"_blank\" rel=\"noreferrer noopener\">https:\/\/cptbc.org\/<\/a><br>College of Health and Care Professionals of BC<br>#900 \u2013 200 Granville Street<br>Vancouver (Colombie-Britannique)\u00a0\u00a0V6C\u00a01S4T\u00e9l.\u00a0: 604-742-6556<br>Sans frais (Canada)\u00a0: 1-833-742-6556<br>T\u00e9l\u00e9c.\u00a0: 604-357-1862<br>Renseignements g\u00e9n\u00e9raux\u00a0:\u00a0<a href=\"mailto:info@cptbc.org\">info@cptbc.org<\/a><\/p>\n\n\n\n<p><em>Saskatchewan:&nbsp;<\/em><\/p>\n\n\n\n<p>Saskatchewan College of Physical Therapists<br><a href=\"https:\/\/www.scpt.org\/\" target=\"_blank\" rel=\"noreferrer noopener\">https:\/\/www.scpt.org\/<\/a><br>105A-701 Cynthia Street<br>Saskatoon (Saskatchewan)&nbsp;&nbsp;S7L&nbsp;6B7<br>T\u00e9l.&nbsp;: 306-931-6661 (administration g\u00e9n\u00e9rale)<br>306-931-7327 (gestion de l\u2019adh\u00e9sion et des activit\u00e9s)<br>Sans frais&nbsp;: 1-877-967-SCPT (7278)<br>T\u00e9l\u00e9c.&nbsp;: 306-931-7333<\/p>\n\n\n\n<p><em>Manitoba:<\/em><\/p>\n\n\n\n<p>College of Physiotherapists of Manitoba<br><a href=\"https:\/\/www.manitobaphysio.com\/\" target=\"_blank\" rel=\"noreferrer noopener\">https:\/\/www.manitobaphysio.com\/<\/a><br>1465A Pembina Hwy<br>Winnipeg (Manitoba)&nbsp;&nbsp;R3T&nbsp;2C5<br>T\u00e9l.&nbsp;: 204-287-8502<br>T\u00e9l\u00e9c.&nbsp;: 204-474-2506<\/p>\n\n\n\n<p><em>Ontario:<\/em><\/p>\n\n\n\n<p>Ordre des physioth\u00e9rapeutes de l\u2019Ontario<br><a href=\"https:\/\/www.collegept.org\/about\/en-fran%C3%A7ais\">https:\/\/www.collegept.org\/about\/en-fran\u00e7ais<\/a><br>375 University Avenue, Suite&nbsp;800Toronto (Ontario)&nbsp;&nbsp;M5G&nbsp;2J5<br>Renseignements g\u00e9n\u00e9raux&nbsp;: 416-591-3828, poste&nbsp;201<br>Sans frais&nbsp;: 1-800-583-5885<br>T\u00e9l\u00e9c.&nbsp;: 416-591-3834<br>Courriel&nbsp;:&nbsp;<a href=\"mailto:info@collegept.org\">info@collegept.org<\/a><\/p>\n\n\n\n<p><em>Quebec:<\/em><\/p>\n\n\n\n<p>Ordre professionnel de la physioth\u00e9rapie du Qu\u00e9bec|<br><a href=\"https:\/\/oppq.qc.ca\/\" target=\"_blank\" rel=\"noreferrer noopener\">https:\/\/oppq.qc.ca\/<\/a><br>7151, rue Jean-Talon Est, bureau&nbsp;700<br>Anjou (Qu\u00e9bec)&nbsp;&nbsp;H1M&nbsp;3N8<br>T\u00e9l.&nbsp;: 514-351-2770<br>Sans frais&nbsp;: 1-800-361-2001<br>T\u00e9l\u00e9c.&nbsp;: 514-351-2658<br>Formulaire de contact&nbsp;:&nbsp;<a href=\"https:\/\/oppq.qc.ca\/nous-joindre\/\">https:\/\/oppq.qc.ca\/nous-joindre\/<\/a><\/p>\n\n\n\n<p><em>Nouveau-Brunswick&nbsp;<\/em><\/p>\n\n\n\n<p>Coll\u00e8ge des physioth\u00e9rapeutes du Nouveau-Brunswick<br><a href=\"http:\/\/cptnb.ca\/language\/fr\/bienvenue\/\">http:\/\/cptnb.ca\/language\/fr\/bienvenue\/<\/a><br>53B, chemin Clark<br>Rothesay (Nouveau-Brunswick)&nbsp;&nbsp;E2E&nbsp;2K8<br>T\u00e9l.&nbsp;: 506-849-9777<br>T\u00e9l\u00e9c.&nbsp;: 506-849-9779<\/p>\n\n\n\n<p><em>Nouvelle-\u00c9cosse&nbsp;<\/em><\/p>\n\n\n\n<p>Nova Scotia College of Physiotherapists<br><a href=\"https:\/\/nsphysio.com\/\" target=\"_blank\" rel=\"noreferrer noopener\">https:\/\/nsphysio.com\/<\/a><br>Courriel&nbsp;:&nbsp;<a href=\"mailto:registrar@nsphysio.com\">registrar@nsphysio.com<\/a><br>T\u00e9l.&nbsp;: 902-221-7254<br>Courrier&nbsp;: C.&nbsp;P.&nbsp;22, Smith\u2019s Cove (Nouvelle-\u00c9cosse)&nbsp;&nbsp;B0S&nbsp;1S0<br>Courriel&nbsp;:&nbsp;<a href=\"mailto:office@nsphysio.com\">office@nsphysio.com<\/a><br>T\u00e9l.&nbsp;: 902-229-1001<br>Courrier&nbsp;: C.&nbsp;P.&nbsp;5082, Waverley (Nouvelle-\u00c9cosse)&nbsp;&nbsp;B2R&nbsp;1S2<\/p>\n\n\n\n<p><em>\u00cele-du-Prince-\u00c9douard&nbsp;<\/em><\/p>\n\n\n\n<p>Prince Edward Island College of Physiotherapists<br><a href=\"https:\/\/www.peicpt.com\/\" target=\"_blank\" rel=\"noreferrer noopener\">https:\/\/www.peicpt.com\/<\/a><br>C.&nbsp;P.&nbsp;20078<br>Charlottetown (\u00cele-du-Prince-\u00c9douard)&nbsp;&nbsp;C1A&nbsp;9E3<br>Formulaire de contact&nbsp;:&nbsp;<a href=\"https:\/\/www.peicpt.com\/content\/page\/front_contact\">https:\/\/www.peicpt.com\/content\/page\/front_contact<\/a><\/p>\n\n\n\n<p><em>Terre-Neuve-et-Labrador<\/em><\/p>\n\n\n\n<p>Newfoundland &amp; Labrador College of Physiotherapists<br><a href=\"https:\/\/nlcpt.com\/\" target=\"_blank\" rel=\"noreferrer noopener\">https:\/\/nlcpt.com\/<\/a><br>C.&nbsp;P.&nbsp;21351<br>St.&nbsp;John\u2019s (Terre-Neuve-et-Labrador)&nbsp;&nbsp;A1A&nbsp;5G6<br>T\u00e9l.&nbsp;: 709-753-6527<\/p>\n\n\n\n<p><em>Yukon:<\/em><\/p>\n\n\n\n<p>Services aux consommateurs du gouvernement du Yukon<br><a href=\"https:\/\/yukon.ca\/fr\/chiropractor-optometrist-physiotherapist-and-physician\">https:\/\/yukon.ca\/fr\/chiropractor-optometrist-physiotherapist-and-physician<\/a><br>T\u00e9l.&nbsp;: 867-393-6930 ou 867-393-6931, sans frais au Yukon&nbsp;: 1-800-661-0408<br>Courriel&nbsp;:&nbsp;<a href=\"mailto:inquiry.desk@gov.yk.ca\">inquiry.desk@gov.yk.ca<\/a><br>Courrier&nbsp;: Gouvernement du Yukon, C.&nbsp;P.&nbsp;2703<br>Whitehorse (Yukon)&nbsp;&nbsp;Y1A&nbsp;2C6<\/p>\n\n\n\n<div style=\"height:100px\" aria-hidden=\"true\" class=\"wp-block-spacer\"><\/div>\n","protected":false},"excerpt":{"rendered":"<p>Intervenants en physioth\u00e9rapie et leurs r\u00f4les Au Canada, le milieu de la physioth\u00e9rapie est desservi par diff\u00e9rents groupes d\u2019intervenants. Bien que la liste ci-dessous ne soit pas exhaustive, elle permet d\u2019avoir une id\u00e9e des intervenants concern\u00e9s par le report du [&hellip;]<\/p>\n","protected":false},"author":2792,"featured_media":0,"parent":80610,"menu_order":4,"comment_status":"closed","ping_status":"closed","template":"","meta":{"inline_featured_image":false,"ep_exclude_from_search":false,"footnotes":""},"topic":[],"class_list":["post-80920","page","type-page","status-publish","hentry"],"acf":[],"yoast_head":"<!-- This site is optimized with the Yoast SEO plugin v24.7 - https:\/\/yoast.com\/wordpress\/plugins\/seo\/ -->\n<title>Intervenants en physioth\u00e9rapie et leurs r\u00f4les - Canadian Physiotherapy Association<\/title>\n<meta name=\"robots\" content=\"index, follow, max-snippet:-1, max-image-preview:large, max-video-preview:-1\" \/>\n<link rel=\"canonical\" href=\"https:\/\/physiotherapy.ca\/fr\/representation-2\/advocacy-updates-fr\/lavenir-du-permis-dexercice\/intervenants-en-physiotherapie-et-leurs-roles\/\" \/>\n<meta property=\"og:locale\" content=\"fr_FR\" \/>\n<meta property=\"og:type\" content=\"article\" \/>\n<meta property=\"og:title\" content=\"Intervenants en physioth\u00e9rapie et leurs r\u00f4les - Canadian Physiotherapy Association\" \/>\n<meta property=\"og:description\" content=\"Intervenants en physioth\u00e9rapie et leurs r\u00f4les Au Canada, le milieu de la physioth\u00e9rapie est desservi par diff\u00e9rents groupes d\u2019intervenants. Bien que la liste ci-dessous ne soit pas exhaustive, elle permet d\u2019avoir une id\u00e9e des intervenants concern\u00e9s par le report du [&hellip;]\" \/>\n<meta property=\"og:url\" content=\"https:\/\/physiotherapy.ca\/fr\/representation-2\/advocacy-updates-fr\/lavenir-du-permis-dexercice\/intervenants-en-physiotherapie-et-leurs-roles\/\" \/>\n<meta property=\"og:site_name\" content=\"Canadian Physiotherapy Association\" \/>\n<meta property=\"article:modified_time\" content=\"2024-07-09T14:23:13+00:00\" \/>\n<meta name=\"twitter:card\" content=\"summary_large_image\" \/>\n<meta name=\"twitter:label1\" content=\"Est. reading time\" \/>\n\t<meta name=\"twitter:data1\" content=\"5 minutes\" \/>\n<script type=\"application\/ld+json\" class=\"yoast-schema-graph\">{\"@context\":\"https:\/\/schema.org\",\"@graph\":[{\"@type\":\"WebPage\",\"@id\":\"https:\/\/physiotherapy.ca\/fr\/representation-2\/advocacy-updates-fr\/lavenir-du-permis-dexercice\/intervenants-en-physiotherapie-et-leurs-roles\/\",\"url\":\"https:\/\/physiotherapy.ca\/fr\/representation-2\/advocacy-updates-fr\/lavenir-du-permis-dexercice\/intervenants-en-physiotherapie-et-leurs-roles\/\",\"name\":\"Intervenants en physioth\u00e9rapie et leurs r\u00f4les - Canadian Physiotherapy Association\",\"isPartOf\":{\"@id\":\"https:\/\/physiotherapy.ca\/#website\"},\"datePublished\":\"2022-11-10T15:59:52+00:00\",\"dateModified\":\"2024-07-09T14:23:13+00:00\",\"breadcrumb\":{\"@id\":\"https:\/\/physiotherapy.ca\/fr\/representation-2\/advocacy-updates-fr\/lavenir-du-permis-dexercice\/intervenants-en-physiotherapie-et-leurs-roles\/#breadcrumb\"},\"inLanguage\":\"fr-FR\",\"potentialAction\":[{\"@type\":\"ReadAction\",\"target\":[\"https:\/\/physiotherapy.ca\/fr\/representation-2\/advocacy-updates-fr\/lavenir-du-permis-dexercice\/intervenants-en-physiotherapie-et-leurs-roles\/\"]}]},{\"@type\":\"BreadcrumbList\",\"@id\":\"https:\/\/physiotherapy.ca\/fr\/representation-2\/advocacy-updates-fr\/lavenir-du-permis-dexercice\/intervenants-en-physiotherapie-et-leurs-roles\/#breadcrumb\",\"itemListElement\":[{\"@type\":\"ListItem\",\"position\":1,\"name\":\"Home\",\"item\":\"https:\/\/physiotherapy.ca\/fr\/\"},{\"@type\":\"ListItem\",\"position\":2,\"name\":\"Repr\u00e9sentation\",\"item\":\"https:\/\/physiotherapy.ca\/fr\/representation-2\/\"},{\"@type\":\"ListItem\",\"position\":3,\"name\":\"Plaidoyer\",\"item\":\"https:\/\/physiotherapy.ca\/fr\/representation-2\/advocacy-updates-fr\/\"},{\"@type\":\"ListItem\",\"position\":4,\"name\":\"L\u2019avenir du permis d\u2019exercice\",\"item\":\"https:\/\/physiotherapy.ca\/fr\/representation-2\/advocacy-updates-fr\/lavenir-du-permis-dexercice\/\"},{\"@type\":\"ListItem\",\"position\":5,\"name\":\"Intervenants en physioth\u00e9rapie et leurs r\u00f4les\"}]},{\"@type\":\"WebSite\",\"@id\":\"https:\/\/physiotherapy.ca\/#website\",\"url\":\"https:\/\/physiotherapy.ca\/\",\"name\":\"Canadian Physiotherapy Association\",\"description\":\"The Canadian Physiotherapy Association (CPA) represents over 16,000 physiotherapy professionals and students across Canada.\",\"potentialAction\":[{\"@type\":\"SearchAction\",\"target\":{\"@type\":\"EntryPoint\",\"urlTemplate\":\"https:\/\/physiotherapy.ca\/?s={search_term_string}\"},\"query-input\":{\"@type\":\"PropertyValueSpecification\",\"valueRequired\":true,\"valueName\":\"search_term_string\"}}],\"inLanguage\":\"fr-FR\"}]}<\/script>\n<!-- \/ Yoast SEO plugin. -->","yoast_head_json":{"title":"Intervenants en physioth\u00e9rapie et leurs r\u00f4les - Canadian Physiotherapy Association","robots":{"index":"index","follow":"follow","max-snippet":"max-snippet:-1","max-image-preview":"max-image-preview:large","max-video-preview":"max-video-preview:-1"},"canonical":"https:\/\/physiotherapy.ca\/fr\/representation-2\/advocacy-updates-fr\/lavenir-du-permis-dexercice\/intervenants-en-physiotherapie-et-leurs-roles\/","og_locale":"fr_FR","og_type":"article","og_title":"Intervenants en physioth\u00e9rapie et leurs r\u00f4les - Canadian Physiotherapy Association","og_description":"Intervenants en physioth\u00e9rapie et leurs r\u00f4les Au Canada, le milieu de la physioth\u00e9rapie est desservi par diff\u00e9rents groupes d\u2019intervenants. Bien que la liste ci-dessous ne soit pas exhaustive, elle permet d\u2019avoir une id\u00e9e des intervenants concern\u00e9s par le report du [&hellip;]","og_url":"https:\/\/physiotherapy.ca\/fr\/representation-2\/advocacy-updates-fr\/lavenir-du-permis-dexercice\/intervenants-en-physiotherapie-et-leurs-roles\/","og_site_name":"Canadian Physiotherapy Association","article_modified_time":"2024-07-09T14:23:13+00:00","twitter_card":"summary_large_image","twitter_misc":{"Est. reading time":"5 minutes"},"schema":{"@context":"https:\/\/schema.org","@graph":[{"@type":"WebPage","@id":"https:\/\/physiotherapy.ca\/fr\/representation-2\/advocacy-updates-fr\/lavenir-du-permis-dexercice\/intervenants-en-physiotherapie-et-leurs-roles\/","url":"https:\/\/physiotherapy.ca\/fr\/representation-2\/advocacy-updates-fr\/lavenir-du-permis-dexercice\/intervenants-en-physiotherapie-et-leurs-roles\/","name":"Intervenants en physioth\u00e9rapie et leurs r\u00f4les - Canadian Physiotherapy Association","isPartOf":{"@id":"https:\/\/physiotherapy.ca\/#website"},"datePublished":"2022-11-10T15:59:52+00:00","dateModified":"2024-07-09T14:23:13+00:00","breadcrumb":{"@id":"https:\/\/physiotherapy.ca\/fr\/representation-2\/advocacy-updates-fr\/lavenir-du-permis-dexercice\/intervenants-en-physiotherapie-et-leurs-roles\/#breadcrumb"},"inLanguage":"fr-FR","potentialAction":[{"@type":"ReadAction","target":["https:\/\/physiotherapy.ca\/fr\/representation-2\/advocacy-updates-fr\/lavenir-du-permis-dexercice\/intervenants-en-physiotherapie-et-leurs-roles\/"]}]},{"@type":"BreadcrumbList","@id":"https:\/\/physiotherapy.ca\/fr\/representation-2\/advocacy-updates-fr\/lavenir-du-permis-dexercice\/intervenants-en-physiotherapie-et-leurs-roles\/#breadcrumb","itemListElement":[{"@type":"ListItem","position":1,"name":"Home","item":"https:\/\/physiotherapy.ca\/fr\/"},{"@type":"ListItem","position":2,"name":"Repr\u00e9sentation","item":"https:\/\/physiotherapy.ca\/fr\/representation-2\/"},{"@type":"ListItem","position":3,"name":"Plaidoyer","item":"https:\/\/physiotherapy.ca\/fr\/representation-2\/advocacy-updates-fr\/"},{"@type":"ListItem","position":4,"name":"L\u2019avenir du permis d\u2019exercice","item":"https:\/\/physiotherapy.ca\/fr\/representation-2\/advocacy-updates-fr\/lavenir-du-permis-dexercice\/"},{"@type":"ListItem","position":5,"name":"Intervenants en physioth\u00e9rapie et leurs r\u00f4les"}]},{"@type":"WebSite","@id":"https:\/\/physiotherapy.ca\/#website","url":"https:\/\/physiotherapy.ca\/","name":"Canadian Physiotherapy Association","description":"The Canadian Physiotherapy Association (CPA) represents over 16,000 physiotherapy professionals and students across Canada.","potentialAction":[{"@type":"SearchAction","target":{"@type":"EntryPoint","urlTemplate":"https:\/\/physiotherapy.ca\/?s={search_term_string}"},"query-input":{"@type":"PropertyValueSpecification","valueRequired":true,"valueName":"search_term_string"}}],"inLanguage":"fr-FR"}]}},"_links":{"self":[{"href":"https:\/\/physiotherapy.ca\/fr\/wp-json\/wp\/v2\/pages\/80920","targetHints":{"allow":["GET"]}}],"collection":[{"href":"https:\/\/physiotherapy.ca\/fr\/wp-json\/wp\/v2\/pages"}],"about":[{"href":"https:\/\/physiotherapy.ca\/fr\/wp-json\/wp\/v2\/types\/page"}],"author":[{"embeddable":true,"href":"https:\/\/physiotherapy.ca\/fr\/wp-json\/wp\/v2\/users\/2792"}],"replies":[{"embeddable":true,"href":"https:\/\/physiotherapy.ca\/fr\/wp-json\/wp\/v2\/comments?post=80920"}],"version-history":[{"count":4,"href":"https:\/\/physiotherapy.ca\/fr\/wp-json\/wp\/v2\/pages\/80920\/revisions"}],"predecessor-version":[{"id":194481,"href":"https:\/\/physiotherapy.ca\/fr\/wp-json\/wp\/v2\/pages\/80920\/revisions\/194481"}],"up":[{"embeddable":true,"href":"https:\/\/physiotherapy.ca\/fr\/wp-json\/wp\/v2\/pages\/80610"}],"wp:attachment":[{"href":"https:\/\/physiotherapy.ca\/fr\/wp-json\/wp\/v2\/media?parent=80920"}],"wp:term":[{"taxonomy":"topic","embeddable":true,"href":"https:\/\/physiotherapy.ca\/fr\/wp-json\/wp\/v2\/topic?post=80920"}],"curies":[{"name":"wp","href":"https:\/\/api.w.org\/{rel}","templated":true}]}}