{"id":80930,"date":"2022-11-10T11:04:33","date_gmt":"2022-11-10T16:04:33","guid":{"rendered":"https:\/\/physiotherapy.ca\/?page_id=80930"},"modified":"2022-11-10T11:04:34","modified_gmt":"2022-11-10T16:04:34","slug":"recentes-declarations-des-ordres","status":"publish","type":"page","link":"https:\/\/physiotherapy.ca\/fr\/representation-2\/advocacy-updates-fr\/lavenir-du-permis-dexercice\/recentes-declarations-des-ordres\/","title":{"rendered":"R\u00e9centes d\u00e9clarations des ordres"},"content":{"rendered":"\n<h2 class=\"wp-block-heading\"><strong>R\u00e9centes d\u00e9clarations des ordres (en anglais seulement)<\/strong><\/h2>\n\n\n\n<ul class=\"wp-block-list\"><li>Terre-Neuve-et-Labrador (aucune d\u00e9claration)\u00a0:\u00a0<a href=\"https:\/\/nlcpt.com\/legislation\">https:\/\/nlcpt.com\/legislation<\/a><\/li><li>\u00cele-du-Prince-\u00c9douard (aucune d\u00e9claration)\u00a0:\u00a0<a href=\"https:\/\/www.peicpt.com\/\">https:\/\/www.peicpt.com\/<\/a><\/li><li>Nouvelle-\u00c9cosse\u00a0:\u00a0<a href=\"https:\/\/nsphysio.com\/covid-19-information\/nscp-statements\/capr-discontinues-pce-clinical-component\">https:\/\/nsphysio.com\/covid-19-information\/nscp-statements\/capr-discontinues-pce-clinical-component<\/a><\/li><li>Nouveau-Brunswick (aucune d\u00e9claration)\u00a0:\u00a0<a href=\"http:\/\/cptnb.ca\/language\/en\/welcome\/\">http:\/\/cptnb.ca\/language\/en\/welcome\/<\/a><\/li><li>Qu\u00e9bec\u00a0: S.O.<\/li><li>Ontario\u00a0:\u00a0<a href=\"https:\/\/www.collegept.org\/applicants\/exam-options\">https:\/\/www.collegept.org\/applicants\/exam-options<\/a><\/li><li>Manitoba\u00a0:\u00a0<a href=\"https:\/\/www.manitobaphysio.com\/cpm-clinical-exam-update\">https:\/\/www.manitobaphysio.com\/cpm-clinical-exam-update<\/a><\/li><li>Saskatchewan (aucune d\u00e9claration)\u00a0:\u00a0<a href=\"https:\/\/scpt.org\/\">https:\/\/scpt.org\/<\/a><\/li><li>Alberta\u00a0:\u00a0<a href=\"https:\/\/www.physiotherapyalberta.ca\/pce_exam_cancellation\">https:\/\/www.physiotherapyalberta.ca\/pce_exam_cancellation<\/a><\/li><li>Colombie-Britannique (d\u00e9claration la plus r\u00e9cente trouv\u00e9e ici, l\u2019examen a eu lieu apr\u00e8s approbation des statuts)\u00a0:\u00a0<a href=\"https:\/\/www.collegept.org\/news\/2022\/01\/12\/update-recent-canadian-alliance-of-physiotherapy-regulators-(capr)-clinical-exam-announcement\">https:\/\/www.collegept.org\/news\/2022\/01\/12\/update-recent-canadian-alliance-of-physiotherapy-regulators-(capr)-clinical-exam-announcement<\/a><\/li><\/ul>\n\n\n\n<div style=\"height:100px\" aria-hidden=\"true\" class=\"wp-block-spacer\"><\/div>\n","protected":false},"excerpt":{"rendered":"<p>R\u00e9centes d\u00e9clarations des ordres (en anglais seulement) Terre-Neuve-et-Labrador (aucune d\u00e9claration)\u00a0:\u00a0https:\/\/nlcpt.com\/legislation \u00cele-du-Prince-\u00c9douard (aucune d\u00e9claration)\u00a0:\u00a0https:\/\/www.peicpt.com\/ Nouvelle-\u00c9cosse\u00a0:\u00a0https:\/\/nsphysio.com\/covid-19-information\/nscp-statements\/capr-discontinues-pce-clinical-component Nouveau-Brunswick (aucune d\u00e9claration)\u00a0:\u00a0http:\/\/cptnb.ca\/language\/en\/welcome\/ Qu\u00e9bec\u00a0: S.O. Ontario\u00a0:\u00a0https:\/\/www.collegept.org\/applicants\/exam-options Manitoba\u00a0:\u00a0https:\/\/www.manitobaphysio.com\/cpm-clinical-exam-update Saskatchewan (aucune d\u00e9claration)\u00a0:\u00a0https:\/\/scpt.org\/ Alberta\u00a0:\u00a0https:\/\/www.physiotherapyalberta.ca\/pce_exam_cancellation Colombie-Britannique (d\u00e9claration la plus r\u00e9cente trouv\u00e9e ici, l\u2019examen a eu lieu apr\u00e8s approbation des statuts)\u00a0:\u00a0https:\/\/www.collegept.org\/news\/2022\/01\/12\/update-recent-canadian-alliance-of-physiotherapy-regulators-(capr)-clinical-exam-announcement<\/p>\n","protected":false},"author":2792,"featured_media":0,"parent":80610,"menu_order":6,"comment_status":"closed","ping_status":"closed","template":"","meta":{"inline_featured_image":false,"ep_exclude_from_search":false,"footnotes":""},"topic":[],"class_list":["post-80930","page","type-page","status-publish","hentry"],"acf":[],"yoast_head":"<!-- This site is optimized with the Yoast SEO plugin v24.7 - https:\/\/yoast.com\/wordpress\/plugins\/seo\/ -->\n<title>R\u00e9centes d\u00e9clarations des ordres - Canadian Physiotherapy Association<\/title>\n<meta name=\"robots\" content=\"index, follow, max-snippet:-1, max-image-preview:large, max-video-preview:-1\" \/>\n<link rel=\"canonical\" href=\"https:\/\/physiotherapy.ca\/fr\/representation-2\/advocacy-updates-fr\/lavenir-du-permis-dexercice\/recentes-declarations-des-ordres\/\" \/>\n<meta property=\"og:locale\" content=\"fr_FR\" \/>\n<meta property=\"og:type\" content=\"article\" \/>\n<meta property=\"og:title\" content=\"R\u00e9centes d\u00e9clarations des ordres - Canadian Physiotherapy Association\" \/>\n<meta property=\"og:description\" content=\"R\u00e9centes d\u00e9clarations des ordres (en anglais seulement) Terre-Neuve-et-Labrador (aucune d\u00e9claration)\u00a0:\u00a0https:\/\/nlcpt.com\/legislation \u00cele-du-Prince-\u00c9douard (aucune d\u00e9claration)\u00a0:\u00a0https:\/\/www.peicpt.com\/ Nouvelle-\u00c9cosse\u00a0:\u00a0https:\/\/nsphysio.com\/covid-19-information\/nscp-statements\/capr-discontinues-pce-clinical-component Nouveau-Brunswick (aucune d\u00e9claration)\u00a0:\u00a0http:\/\/cptnb.ca\/language\/en\/welcome\/ Qu\u00e9bec\u00a0: S.O. Ontario\u00a0:\u00a0https:\/\/www.collegept.org\/applicants\/exam-options Manitoba\u00a0:\u00a0https:\/\/www.manitobaphysio.com\/cpm-clinical-exam-update Saskatchewan (aucune d\u00e9claration)\u00a0:\u00a0https:\/\/scpt.org\/ Alberta\u00a0:\u00a0https:\/\/www.physiotherapyalberta.ca\/pce_exam_cancellation Colombie-Britannique (d\u00e9claration la plus r\u00e9cente trouv\u00e9e ici, l\u2019examen a eu lieu apr\u00e8s approbation des statuts)\u00a0:\u00a0https:\/\/www.collegept.org\/news\/2022\/01\/12\/update-recent-canadian-alliance-of-physiotherapy-regulators-(capr)-clinical-exam-announcement\" \/>\n<meta property=\"og:url\" content=\"https:\/\/physiotherapy.ca\/fr\/representation-2\/advocacy-updates-fr\/lavenir-du-permis-dexercice\/recentes-declarations-des-ordres\/\" \/>\n<meta property=\"og:site_name\" content=\"Canadian Physiotherapy Association\" \/>\n<meta property=\"article:modified_time\" content=\"2022-11-10T16:04:34+00:00\" \/>\n<meta name=\"twitter:card\" content=\"summary_large_image\" \/>\n<meta name=\"twitter:label1\" content=\"Est. reading time\" \/>\n\t<meta name=\"twitter:data1\" content=\"1 minute\" \/>\n<script type=\"application\/ld+json\" class=\"yoast-schema-graph\">{\"@context\":\"https:\/\/schema.org\",\"@graph\":[{\"@type\":\"WebPage\",\"@id\":\"https:\/\/physiotherapy.ca\/fr\/representation-2\/advocacy-updates-fr\/lavenir-du-permis-dexercice\/recentes-declarations-des-ordres\/\",\"url\":\"https:\/\/physiotherapy.ca\/fr\/representation-2\/advocacy-updates-fr\/lavenir-du-permis-dexercice\/recentes-declarations-des-ordres\/\",\"name\":\"R\u00e9centes d\u00e9clarations des ordres - Canadian Physiotherapy Association\",\"isPartOf\":{\"@id\":\"https:\/\/physiotherapy.ca\/#website\"},\"datePublished\":\"2022-11-10T16:04:33+00:00\",\"dateModified\":\"2022-11-10T16:04:34+00:00\",\"breadcrumb\":{\"@id\":\"https:\/\/physiotherapy.ca\/fr\/representation-2\/advocacy-updates-fr\/lavenir-du-permis-dexercice\/recentes-declarations-des-ordres\/#breadcrumb\"},\"inLanguage\":\"fr-FR\",\"potentialAction\":[{\"@type\":\"ReadAction\",\"target\":[\"https:\/\/physiotherapy.ca\/fr\/representation-2\/advocacy-updates-fr\/lavenir-du-permis-dexercice\/recentes-declarations-des-ordres\/\"]}]},{\"@type\":\"BreadcrumbList\",\"@id\":\"https:\/\/physiotherapy.ca\/fr\/representation-2\/advocacy-updates-fr\/lavenir-du-permis-dexercice\/recentes-declarations-des-ordres\/#breadcrumb\",\"itemListElement\":[{\"@type\":\"ListItem\",\"position\":1,\"name\":\"Home\",\"item\":\"https:\/\/physiotherapy.ca\/fr\/\"},{\"@type\":\"ListItem\",\"position\":2,\"name\":\"Repr\u00e9sentation\",\"item\":\"https:\/\/physiotherapy.ca\/fr\/representation-2\/\"},{\"@type\":\"ListItem\",\"position\":3,\"name\":\"Plaidoyer\",\"item\":\"https:\/\/physiotherapy.ca\/fr\/representation-2\/advocacy-updates-fr\/\"},{\"@type\":\"ListItem\",\"position\":4,\"name\":\"L\u2019avenir du permis d\u2019exercice\",\"item\":\"https:\/\/physiotherapy.ca\/fr\/representation-2\/advocacy-updates-fr\/lavenir-du-permis-dexercice\/\"},{\"@type\":\"ListItem\",\"position\":5,\"name\":\"R\u00e9centes d\u00e9clarations des ordres\"}]},{\"@type\":\"WebSite\",\"@id\":\"https:\/\/physiotherapy.ca\/#website\",\"url\":\"https:\/\/physiotherapy.ca\/\",\"name\":\"Canadian Physiotherapy Association\",\"description\":\"The Canadian Physiotherapy Association (CPA) represents over 16,000 physiotherapy professionals and students across Canada.\",\"potentialAction\":[{\"@type\":\"SearchAction\",\"target\":{\"@type\":\"EntryPoint\",\"urlTemplate\":\"https:\/\/physiotherapy.ca\/?s={search_term_string}\"},\"query-input\":{\"@type\":\"PropertyValueSpecification\",\"valueRequired\":true,\"valueName\":\"search_term_string\"}}],\"inLanguage\":\"fr-FR\"}]}<\/script>\n<!-- \/ Yoast SEO plugin. -->","yoast_head_json":{"title":"R\u00e9centes d\u00e9clarations des ordres - Canadian Physiotherapy Association","robots":{"index":"index","follow":"follow","max-snippet":"max-snippet:-1","max-image-preview":"max-image-preview:large","max-video-preview":"max-video-preview:-1"},"canonical":"https:\/\/physiotherapy.ca\/fr\/representation-2\/advocacy-updates-fr\/lavenir-du-permis-dexercice\/recentes-declarations-des-ordres\/","og_locale":"fr_FR","og_type":"article","og_title":"R\u00e9centes d\u00e9clarations des ordres - Canadian Physiotherapy Association","og_description":"R\u00e9centes d\u00e9clarations des ordres (en anglais seulement) Terre-Neuve-et-Labrador (aucune d\u00e9claration)\u00a0:\u00a0https:\/\/nlcpt.com\/legislation \u00cele-du-Prince-\u00c9douard (aucune d\u00e9claration)\u00a0:\u00a0https:\/\/www.peicpt.com\/ Nouvelle-\u00c9cosse\u00a0:\u00a0https:\/\/nsphysio.com\/covid-19-information\/nscp-statements\/capr-discontinues-pce-clinical-component Nouveau-Brunswick (aucune d\u00e9claration)\u00a0:\u00a0http:\/\/cptnb.ca\/language\/en\/welcome\/ Qu\u00e9bec\u00a0: S.O. Ontario\u00a0:\u00a0https:\/\/www.collegept.org\/applicants\/exam-options Manitoba\u00a0:\u00a0https:\/\/www.manitobaphysio.com\/cpm-clinical-exam-update Saskatchewan (aucune d\u00e9claration)\u00a0:\u00a0https:\/\/scpt.org\/ Alberta\u00a0:\u00a0https:\/\/www.physiotherapyalberta.ca\/pce_exam_cancellation Colombie-Britannique (d\u00e9claration la plus r\u00e9cente trouv\u00e9e ici, l\u2019examen a eu lieu apr\u00e8s approbation des statuts)\u00a0:\u00a0https:\/\/www.collegept.org\/news\/2022\/01\/12\/update-recent-canadian-alliance-of-physiotherapy-regulators-(capr)-clinical-exam-announcement","og_url":"https:\/\/physiotherapy.ca\/fr\/representation-2\/advocacy-updates-fr\/lavenir-du-permis-dexercice\/recentes-declarations-des-ordres\/","og_site_name":"Canadian Physiotherapy Association","article_modified_time":"2022-11-10T16:04:34+00:00","twitter_card":"summary_large_image","twitter_misc":{"Est. reading time":"1 minute"},"schema":{"@context":"https:\/\/schema.org","@graph":[{"@type":"WebPage","@id":"https:\/\/physiotherapy.ca\/fr\/representation-2\/advocacy-updates-fr\/lavenir-du-permis-dexercice\/recentes-declarations-des-ordres\/","url":"https:\/\/physiotherapy.ca\/fr\/representation-2\/advocacy-updates-fr\/lavenir-du-permis-dexercice\/recentes-declarations-des-ordres\/","name":"R\u00e9centes d\u00e9clarations des ordres - Canadian Physiotherapy Association","isPartOf":{"@id":"https:\/\/physiotherapy.ca\/#website"},"datePublished":"2022-11-10T16:04:33+00:00","dateModified":"2022-11-10T16:04:34+00:00","breadcrumb":{"@id":"https:\/\/physiotherapy.ca\/fr\/representation-2\/advocacy-updates-fr\/lavenir-du-permis-dexercice\/recentes-declarations-des-ordres\/#breadcrumb"},"inLanguage":"fr-FR","potentialAction":[{"@type":"ReadAction","target":["https:\/\/physiotherapy.ca\/fr\/representation-2\/advocacy-updates-fr\/lavenir-du-permis-dexercice\/recentes-declarations-des-ordres\/"]}]},{"@type":"BreadcrumbList","@id":"https:\/\/physiotherapy.ca\/fr\/representation-2\/advocacy-updates-fr\/lavenir-du-permis-dexercice\/recentes-declarations-des-ordres\/#breadcrumb","itemListElement":[{"@type":"ListItem","position":1,"name":"Home","item":"https:\/\/physiotherapy.ca\/fr\/"},{"@type":"ListItem","position":2,"name":"Repr\u00e9sentation","item":"https:\/\/physiotherapy.ca\/fr\/representation-2\/"},{"@type":"ListItem","position":3,"name":"Plaidoyer","item":"https:\/\/physiotherapy.ca\/fr\/representation-2\/advocacy-updates-fr\/"},{"@type":"ListItem","position":4,"name":"L\u2019avenir du permis d\u2019exercice","item":"https:\/\/physiotherapy.ca\/fr\/representation-2\/advocacy-updates-fr\/lavenir-du-permis-dexercice\/"},{"@type":"ListItem","position":5,"name":"R\u00e9centes d\u00e9clarations des ordres"}]},{"@type":"WebSite","@id":"https:\/\/physiotherapy.ca\/#website","url":"https:\/\/physiotherapy.ca\/","name":"Canadian Physiotherapy Association","description":"The Canadian Physiotherapy Association (CPA) represents over 16,000 physiotherapy professionals and students across Canada.","potentialAction":[{"@type":"SearchAction","target":{"@type":"EntryPoint","urlTemplate":"https:\/\/physiotherapy.ca\/?s={search_term_string}"},"query-input":{"@type":"PropertyValueSpecification","valueRequired":true,"valueName":"search_term_string"}}],"inLanguage":"fr-FR"}]}},"_links":{"self":[{"href":"https:\/\/physiotherapy.ca\/fr\/wp-json\/wp\/v2\/pages\/80930","targetHints":{"allow":["GET"]}}],"collection":[{"href":"https:\/\/physiotherapy.ca\/fr\/wp-json\/wp\/v2\/pages"}],"about":[{"href":"https:\/\/physiotherapy.ca\/fr\/wp-json\/wp\/v2\/types\/page"}],"author":[{"embeddable":true,"href":"https:\/\/physiotherapy.ca\/fr\/wp-json\/wp\/v2\/users\/2792"}],"replies":[{"embeddable":true,"href":"https:\/\/physiotherapy.ca\/fr\/wp-json\/wp\/v2\/comments?post=80930"}],"version-history":[{"count":1,"href":"https:\/\/physiotherapy.ca\/fr\/wp-json\/wp\/v2\/pages\/80930\/revisions"}],"predecessor-version":[{"id":80931,"href":"https:\/\/physiotherapy.ca\/fr\/wp-json\/wp\/v2\/pages\/80930\/revisions\/80931"}],"up":[{"embeddable":true,"href":"https:\/\/physiotherapy.ca\/fr\/wp-json\/wp\/v2\/pages\/80610"}],"wp:attachment":[{"href":"https:\/\/physiotherapy.ca\/fr\/wp-json\/wp\/v2\/media?parent=80930"}],"wp:term":[{"taxonomy":"topic","embeddable":true,"href":"https:\/\/physiotherapy.ca\/fr\/wp-json\/wp\/v2\/topic?post=80930"}],"curies":[{"name":"wp","href":"https:\/\/api.w.org\/{rel}","templated":true}]}}