{"id":80938,"date":"2022-11-10T12:16:52","date_gmt":"2022-11-10T17:16:52","guid":{"rendered":"https:\/\/physiotherapy.ca\/?page_id=80938"},"modified":"2022-11-10T12:25:09","modified_gmt":"2022-11-10T17:25:09","slug":"examen-de-competence-en-physiotherapie-reports-repetes-du-volet-clinique","status":"publish","type":"page","link":"https:\/\/physiotherapy.ca\/fr\/representation-2\/advocacy-updates-fr\/lavenir-du-permis-dexercice\/examen-de-competence-en-physiotherapie-reports-repetes-du-volet-clinique\/","title":{"rendered":"Examen de comp\u00e9tence en physioth\u00e9rapie : reports r\u00e9p\u00e9t\u00e9s du volet clinique"},"content":{"rendered":"\n<p>L\u2019annulation du volet clinique de l\u2019Examen de comp\u00e9tence en physioth\u00e9rapie (ECP) a entra\u00een\u00e9 des retards dans l\u2019octroi de permis aux candidats en physioth\u00e9rapie. La pr\u00e9sente page vise \u00e0 vous informer de l\u2019\u00e9volution de la situation. L\u2019ACP travaille activement \u00e0 r\u00e9gler le probl\u00e8me le plus rapidement possible pour ses candidats et membres, en public et dans les coulisses. Avec l\u2019aide de divers acteurs du milieu, nous r\u00e9fl\u00e9chissons \u00e9galement en parall\u00e8le \u00e0 une solution \u00e0 long terme aux questions \u00e9mergentes.<\/p>\n\n\n\n<div class=\"wp-block-columns is-layout-flex wp-container-core-columns-is-layout-1 wp-block-columns-is-layout-flex\">\n<div class=\"wp-block-column is-layout-flow wp-block-column-is-layout-flow\">\n<p><a href=\"https:\/\/physiotherapy.ca\/fr\/survol\/\">Survol<\/a><\/p>\n\n\n\n<p><a href=\"https:\/\/physiotherapy.ca\/fr\/chronologie-des-evenements\/\">Chronologie des \u00e9v\u00e9nements<\/a><\/p>\n\n\n\n<p><a href=\"https:\/\/physiotherapy.ca\/fr\/ressource-et-actulites-hors-de-lacp\/\">Ressource et actualit\u00e9s hors de l&#8217;ACP<\/a><\/p>\n\n\n\n<p><a href=\"https:\/\/physiotherapy.ca\/fr\/representation\/advocacy-updates-fr\/lavenir-du-permis-dexercice\/intervenants-en-physiotherapie-et-leurs-roles\/\">Intervenants en physioth\u00e9rapie et leurs r\u00f4les<\/a><\/p>\n\n\n\n<p><a href=\"https:\/\/physiotherapy.ca\/fr\/representation\/advocacy-updates-fr\/lavenir-du-permis-dexercice\/recentes-declarations-des-ordres\/\">R\u00e9centes d\u00e9clarations des ordres\u00a0<\/a><\/p>\n<\/div>\n\n\n\n<div class=\"wp-block-column is-layout-flow wp-block-column-is-layout-flow\">\n<p><\/p>\n\n\n\n<p><\/p>\n<\/div>\n<\/div>\n\n\n\n<div style=\"height:100px\" aria-hidden=\"true\" class=\"wp-block-spacer\"><\/div>\n","protected":false},"excerpt":{"rendered":"<p>L\u2019annulation du volet clinique de l\u2019Examen de comp\u00e9tence en physioth\u00e9rapie (ECP) a entra\u00een\u00e9 des retards dans l\u2019octroi de permis aux candidats en physioth\u00e9rapie. La pr\u00e9sente page vise \u00e0 vous informer de l\u2019\u00e9volution de la situation. L\u2019ACP travaille activement \u00e0 r\u00e9gler [&hellip;]<\/p>\n","protected":false},"author":2792,"featured_media":0,"parent":80610,"menu_order":6,"comment_status":"closed","ping_status":"closed","template":"","meta":{"inline_featured_image":false,"ep_exclude_from_search":false,"footnotes":""},"topic":[],"class_list":["post-80938","page","type-page","status-publish","hentry"],"acf":[],"yoast_head":"<!-- This site is optimized with the Yoast SEO plugin v24.7 - https:\/\/yoast.com\/wordpress\/plugins\/seo\/ -->\n<title>Examen de comp\u00e9tence en physioth\u00e9rapie : reports r\u00e9p\u00e9t\u00e9s du volet clinique - Canadian Physiotherapy Association<\/title>\n<meta name=\"robots\" content=\"index, follow, max-snippet:-1, max-image-preview:large, max-video-preview:-1\" \/>\n<link rel=\"canonical\" href=\"https:\/\/physiotherapy.ca\/fr\/representation-2\/advocacy-updates-fr\/lavenir-du-permis-dexercice\/examen-de-competence-en-physiotherapie-reports-repetes-du-volet-clinique\/\" \/>\n<meta property=\"og:locale\" content=\"fr_FR\" \/>\n<meta property=\"og:type\" content=\"article\" \/>\n<meta property=\"og:title\" content=\"Examen de comp\u00e9tence en physioth\u00e9rapie : reports r\u00e9p\u00e9t\u00e9s du volet clinique - Canadian Physiotherapy Association\" \/>\n<meta property=\"og:description\" content=\"L\u2019annulation du volet clinique de l\u2019Examen de comp\u00e9tence en physioth\u00e9rapie (ECP) a entra\u00een\u00e9 des retards dans l\u2019octroi de permis aux candidats en physioth\u00e9rapie. La pr\u00e9sente page vise \u00e0 vous informer de l\u2019\u00e9volution de la situation. L\u2019ACP travaille activement \u00e0 r\u00e9gler [&hellip;]\" \/>\n<meta property=\"og:url\" content=\"https:\/\/physiotherapy.ca\/fr\/representation-2\/advocacy-updates-fr\/lavenir-du-permis-dexercice\/examen-de-competence-en-physiotherapie-reports-repetes-du-volet-clinique\/\" \/>\n<meta property=\"og:site_name\" content=\"Canadian Physiotherapy Association\" \/>\n<meta property=\"article:modified_time\" content=\"2022-11-10T17:25:09+00:00\" \/>\n<meta name=\"twitter:card\" content=\"summary_large_image\" \/>\n<meta name=\"twitter:label1\" content=\"Est. reading time\" \/>\n\t<meta name=\"twitter:data1\" content=\"1 minute\" \/>\n<script type=\"application\/ld+json\" class=\"yoast-schema-graph\">{\"@context\":\"https:\/\/schema.org\",\"@graph\":[{\"@type\":\"WebPage\",\"@id\":\"https:\/\/physiotherapy.ca\/fr\/representation-2\/advocacy-updates-fr\/lavenir-du-permis-dexercice\/examen-de-competence-en-physiotherapie-reports-repetes-du-volet-clinique\/\",\"url\":\"https:\/\/physiotherapy.ca\/fr\/representation-2\/advocacy-updates-fr\/lavenir-du-permis-dexercice\/examen-de-competence-en-physiotherapie-reports-repetes-du-volet-clinique\/\",\"name\":\"Examen de comp\u00e9tence en physioth\u00e9rapie : reports r\u00e9p\u00e9t\u00e9s du volet clinique - Canadian Physiotherapy Association\",\"isPartOf\":{\"@id\":\"https:\/\/physiotherapy.ca\/#website\"},\"datePublished\":\"2022-11-10T17:16:52+00:00\",\"dateModified\":\"2022-11-10T17:25:09+00:00\",\"breadcrumb\":{\"@id\":\"https:\/\/physiotherapy.ca\/fr\/representation-2\/advocacy-updates-fr\/lavenir-du-permis-dexercice\/examen-de-competence-en-physiotherapie-reports-repetes-du-volet-clinique\/#breadcrumb\"},\"inLanguage\":\"fr-FR\",\"potentialAction\":[{\"@type\":\"ReadAction\",\"target\":[\"https:\/\/physiotherapy.ca\/fr\/representation-2\/advocacy-updates-fr\/lavenir-du-permis-dexercice\/examen-de-competence-en-physiotherapie-reports-repetes-du-volet-clinique\/\"]}]},{\"@type\":\"BreadcrumbList\",\"@id\":\"https:\/\/physiotherapy.ca\/fr\/representation-2\/advocacy-updates-fr\/lavenir-du-permis-dexercice\/examen-de-competence-en-physiotherapie-reports-repetes-du-volet-clinique\/#breadcrumb\",\"itemListElement\":[{\"@type\":\"ListItem\",\"position\":1,\"name\":\"Home\",\"item\":\"https:\/\/physiotherapy.ca\/fr\/\"},{\"@type\":\"ListItem\",\"position\":2,\"name\":\"Repr\u00e9sentation\",\"item\":\"https:\/\/physiotherapy.ca\/fr\/representation-2\/\"},{\"@type\":\"ListItem\",\"position\":3,\"name\":\"Plaidoyer\",\"item\":\"https:\/\/physiotherapy.ca\/fr\/representation-2\/advocacy-updates-fr\/\"},{\"@type\":\"ListItem\",\"position\":4,\"name\":\"L\u2019avenir du permis d\u2019exercice\",\"item\":\"https:\/\/physiotherapy.ca\/fr\/representation-2\/advocacy-updates-fr\/lavenir-du-permis-dexercice\/\"},{\"@type\":\"ListItem\",\"position\":5,\"name\":\"Examen de comp\u00e9tence en physioth\u00e9rapie : reports r\u00e9p\u00e9t\u00e9s du volet clinique\"}]},{\"@type\":\"WebSite\",\"@id\":\"https:\/\/physiotherapy.ca\/#website\",\"url\":\"https:\/\/physiotherapy.ca\/\",\"name\":\"Canadian Physiotherapy Association\",\"description\":\"The Canadian Physiotherapy Association (CPA) represents over 16,000 physiotherapy professionals and students across Canada.\",\"potentialAction\":[{\"@type\":\"SearchAction\",\"target\":{\"@type\":\"EntryPoint\",\"urlTemplate\":\"https:\/\/physiotherapy.ca\/?s={search_term_string}\"},\"query-input\":{\"@type\":\"PropertyValueSpecification\",\"valueRequired\":true,\"valueName\":\"search_term_string\"}}],\"inLanguage\":\"fr-FR\"}]}<\/script>\n<!-- \/ Yoast SEO plugin. -->","yoast_head_json":{"title":"Examen de comp\u00e9tence en physioth\u00e9rapie : reports r\u00e9p\u00e9t\u00e9s du volet clinique - Canadian Physiotherapy Association","robots":{"index":"index","follow":"follow","max-snippet":"max-snippet:-1","max-image-preview":"max-image-preview:large","max-video-preview":"max-video-preview:-1"},"canonical":"https:\/\/physiotherapy.ca\/fr\/representation-2\/advocacy-updates-fr\/lavenir-du-permis-dexercice\/examen-de-competence-en-physiotherapie-reports-repetes-du-volet-clinique\/","og_locale":"fr_FR","og_type":"article","og_title":"Examen de comp\u00e9tence en physioth\u00e9rapie : reports r\u00e9p\u00e9t\u00e9s du volet clinique - Canadian Physiotherapy Association","og_description":"L\u2019annulation du volet clinique de l\u2019Examen de comp\u00e9tence en physioth\u00e9rapie (ECP) a entra\u00een\u00e9 des retards dans l\u2019octroi de permis aux candidats en physioth\u00e9rapie. La pr\u00e9sente page vise \u00e0 vous informer de l\u2019\u00e9volution de la situation. L\u2019ACP travaille activement \u00e0 r\u00e9gler [&hellip;]","og_url":"https:\/\/physiotherapy.ca\/fr\/representation-2\/advocacy-updates-fr\/lavenir-du-permis-dexercice\/examen-de-competence-en-physiotherapie-reports-repetes-du-volet-clinique\/","og_site_name":"Canadian Physiotherapy Association","article_modified_time":"2022-11-10T17:25:09+00:00","twitter_card":"summary_large_image","twitter_misc":{"Est. reading time":"1 minute"},"schema":{"@context":"https:\/\/schema.org","@graph":[{"@type":"WebPage","@id":"https:\/\/physiotherapy.ca\/fr\/representation-2\/advocacy-updates-fr\/lavenir-du-permis-dexercice\/examen-de-competence-en-physiotherapie-reports-repetes-du-volet-clinique\/","url":"https:\/\/physiotherapy.ca\/fr\/representation-2\/advocacy-updates-fr\/lavenir-du-permis-dexercice\/examen-de-competence-en-physiotherapie-reports-repetes-du-volet-clinique\/","name":"Examen de comp\u00e9tence en physioth\u00e9rapie : reports r\u00e9p\u00e9t\u00e9s du volet clinique - Canadian Physiotherapy Association","isPartOf":{"@id":"https:\/\/physiotherapy.ca\/#website"},"datePublished":"2022-11-10T17:16:52+00:00","dateModified":"2022-11-10T17:25:09+00:00","breadcrumb":{"@id":"https:\/\/physiotherapy.ca\/fr\/representation-2\/advocacy-updates-fr\/lavenir-du-permis-dexercice\/examen-de-competence-en-physiotherapie-reports-repetes-du-volet-clinique\/#breadcrumb"},"inLanguage":"fr-FR","potentialAction":[{"@type":"ReadAction","target":["https:\/\/physiotherapy.ca\/fr\/representation-2\/advocacy-updates-fr\/lavenir-du-permis-dexercice\/examen-de-competence-en-physiotherapie-reports-repetes-du-volet-clinique\/"]}]},{"@type":"BreadcrumbList","@id":"https:\/\/physiotherapy.ca\/fr\/representation-2\/advocacy-updates-fr\/lavenir-du-permis-dexercice\/examen-de-competence-en-physiotherapie-reports-repetes-du-volet-clinique\/#breadcrumb","itemListElement":[{"@type":"ListItem","position":1,"name":"Home","item":"https:\/\/physiotherapy.ca\/fr\/"},{"@type":"ListItem","position":2,"name":"Repr\u00e9sentation","item":"https:\/\/physiotherapy.ca\/fr\/representation-2\/"},{"@type":"ListItem","position":3,"name":"Plaidoyer","item":"https:\/\/physiotherapy.ca\/fr\/representation-2\/advocacy-updates-fr\/"},{"@type":"ListItem","position":4,"name":"L\u2019avenir du permis d\u2019exercice","item":"https:\/\/physiotherapy.ca\/fr\/representation-2\/advocacy-updates-fr\/lavenir-du-permis-dexercice\/"},{"@type":"ListItem","position":5,"name":"Examen de comp\u00e9tence en physioth\u00e9rapie : reports r\u00e9p\u00e9t\u00e9s du volet clinique"}]},{"@type":"WebSite","@id":"https:\/\/physiotherapy.ca\/#website","url":"https:\/\/physiotherapy.ca\/","name":"Canadian Physiotherapy Association","description":"The Canadian Physiotherapy Association (CPA) represents over 16,000 physiotherapy professionals and students across Canada.","potentialAction":[{"@type":"SearchAction","target":{"@type":"EntryPoint","urlTemplate":"https:\/\/physiotherapy.ca\/?s={search_term_string}"},"query-input":{"@type":"PropertyValueSpecification","valueRequired":true,"valueName":"search_term_string"}}],"inLanguage":"fr-FR"}]}},"_links":{"self":[{"href":"https:\/\/physiotherapy.ca\/fr\/wp-json\/wp\/v2\/pages\/80938","targetHints":{"allow":["GET"]}}],"collection":[{"href":"https:\/\/physiotherapy.ca\/fr\/wp-json\/wp\/v2\/pages"}],"about":[{"href":"https:\/\/physiotherapy.ca\/fr\/wp-json\/wp\/v2\/types\/page"}],"author":[{"embeddable":true,"href":"https:\/\/physiotherapy.ca\/fr\/wp-json\/wp\/v2\/users\/2792"}],"replies":[{"embeddable":true,"href":"https:\/\/physiotherapy.ca\/fr\/wp-json\/wp\/v2\/comments?post=80938"}],"version-history":[{"count":3,"href":"https:\/\/physiotherapy.ca\/fr\/wp-json\/wp\/v2\/pages\/80938\/revisions"}],"predecessor-version":[{"id":80956,"href":"https:\/\/physiotherapy.ca\/fr\/wp-json\/wp\/v2\/pages\/80938\/revisions\/80956"}],"up":[{"embeddable":true,"href":"https:\/\/physiotherapy.ca\/fr\/wp-json\/wp\/v2\/pages\/80610"}],"wp:attachment":[{"href":"https:\/\/physiotherapy.ca\/fr\/wp-json\/wp\/v2\/media?parent=80938"}],"wp:term":[{"taxonomy":"topic","embeddable":true,"href":"https:\/\/physiotherapy.ca\/fr\/wp-json\/wp\/v2\/topic?post=80938"}],"curies":[{"name":"wp","href":"https:\/\/api.w.org\/{rel}","templated":true}]}}