{"id":80940,"date":"2022-11-10T11:51:17","date_gmt":"2022-11-10T16:51:17","guid":{"rendered":"https:\/\/physiotherapy.ca\/?page_id=80940"},"modified":"2022-11-10T11:51:18","modified_gmt":"2022-11-10T16:51:18","slug":"survol","status":"publish","type":"page","link":"https:\/\/physiotherapy.ca\/fr\/representation-2\/advocacy-updates-fr\/lavenir-du-permis-dexercice\/examen-de-competence-en-physiotherapie-reports-repetes-du-volet-clinique\/survol\/","title":{"rendered":"Survol"},"content":{"rendered":"\n<p>Au Canada, la r\u00e9ussite du volet clinique de l\u2019ECP est g\u00e9n\u00e9ralement obligatoire pour l\u2019acc\u00e8s \u00e0 la profession. Or, cet examen, organis\u00e9 par l\u2019Alliance canadienne des organismes de r\u00e9glementation de la physioth\u00e9rapie (ACORP), n\u2019a pas eu lieu depuis novembre\u00a02019. L\u2019ACORP a bien essay\u00e9 de rem\u00e9dier au probl\u00e8me, mais les trois reprises pr\u00e9vues en 2020 et 2021 ont \u00e9t\u00e9 annul\u00e9es en raison de la pand\u00e9mie et de probl\u00e8mes techniques avec la plateforme d\u2019examen. Apr\u00e8s le dernier \u00e9chec, en mars\u00a02021, l\u2019ACORP a annonc\u00e9 que le volet clinique aurait lieu en ligne avant la fin de l\u2019ann\u00e9e.<\/p>\n\n\n\n<p>En attendant, plus de 3\u00a0000\u00a0candidats en physioth\u00e9rapie n\u2019ont toujours pas acc\u00e8s \u00e0 la profession au pays, particuli\u00e8rement en Ontario. Nous nous inqui\u00e9tons des cons\u00e9quences de ces retards sur l\u2019acc\u00e8s aux services ainsi que des effets \u00e0 long terme sur la profession.\u00a0<\/p>\n\n\n\n<p>Depuis mars\u00a02021, l\u2019ACP et ses partenaires provinciaux exhortent les ordres professionnels \u00e0 trouver des solutions temporaires adapt\u00e9es \u00e0 la pand\u00e9mie. Notre objectif\u00a0: assurer un acc\u00e8s rapide \u00e0 la profession pour les candidats touch\u00e9s sans compromettre la s\u00e9curit\u00e9 et la qualit\u00e9 des services offerts \u00e0 la population canadienne \u00e0 un moment o\u00f9 ils en ont grand besoin.<\/p>\n\n\n\n<div style=\"height:100px\" aria-hidden=\"true\" class=\"wp-block-spacer\"><\/div>\n","protected":false},"excerpt":{"rendered":"<p>Au Canada, la r\u00e9ussite du volet clinique de l\u2019ECP est g\u00e9n\u00e9ralement obligatoire pour l\u2019acc\u00e8s \u00e0 la profession. Or, cet examen, organis\u00e9 par l\u2019Alliance canadienne des organismes de r\u00e9glementation de la physioth\u00e9rapie (ACORP), n\u2019a pas eu lieu depuis novembre\u00a02019. L\u2019ACORP a [&hellip;]<\/p>\n","protected":false},"author":2792,"featured_media":0,"parent":80938,"menu_order":4,"comment_status":"closed","ping_status":"closed","template":"","meta":{"inline_featured_image":false,"ep_exclude_from_search":false,"footnotes":""},"topic":[],"class_list":["post-80940","page","type-page","status-publish","hentry"],"acf":[],"yoast_head":"<!-- This site is optimized with the Yoast SEO plugin v24.7 - https:\/\/yoast.com\/wordpress\/plugins\/seo\/ -->\n<title>Survol - Canadian Physiotherapy Association<\/title>\n<meta name=\"robots\" content=\"index, follow, max-snippet:-1, max-image-preview:large, max-video-preview:-1\" \/>\n<link rel=\"canonical\" href=\"https:\/\/physiotherapy.ca\/fr\/survol\/\" \/>\n<meta property=\"og:locale\" content=\"fr_FR\" \/>\n<meta property=\"og:type\" content=\"article\" \/>\n<meta property=\"og:title\" content=\"Survol - Canadian Physiotherapy Association\" \/>\n<meta property=\"og:description\" content=\"Au Canada, la r\u00e9ussite du volet clinique de l\u2019ECP est g\u00e9n\u00e9ralement obligatoire pour l\u2019acc\u00e8s \u00e0 la profession. Or, cet examen, organis\u00e9 par l\u2019Alliance canadienne des organismes de r\u00e9glementation de la physioth\u00e9rapie (ACORP), n\u2019a pas eu lieu depuis novembre\u00a02019. L\u2019ACORP a [&hellip;]\" \/>\n<meta property=\"og:url\" content=\"https:\/\/physiotherapy.ca\/fr\/survol\/\" \/>\n<meta property=\"og:site_name\" content=\"Canadian Physiotherapy Association\" \/>\n<meta property=\"article:modified_time\" content=\"2022-11-10T16:51:18+00:00\" \/>\n<meta name=\"twitter:card\" content=\"summary_large_image\" \/>\n<meta name=\"twitter:label1\" content=\"Est. reading time\" \/>\n\t<meta name=\"twitter:data1\" content=\"1 minute\" \/>\n<script type=\"application\/ld+json\" class=\"yoast-schema-graph\">{\"@context\":\"https:\/\/schema.org\",\"@graph\":[{\"@type\":\"WebPage\",\"@id\":\"https:\/\/physiotherapy.ca\/fr\/survol\/\",\"url\":\"https:\/\/physiotherapy.ca\/fr\/survol\/\",\"name\":\"Survol - Canadian Physiotherapy Association\",\"isPartOf\":{\"@id\":\"https:\/\/physiotherapy.ca\/#website\"},\"datePublished\":\"2022-11-10T16:51:17+00:00\",\"dateModified\":\"2022-11-10T16:51:18+00:00\",\"breadcrumb\":{\"@id\":\"https:\/\/physiotherapy.ca\/fr\/survol\/#breadcrumb\"},\"inLanguage\":\"fr-FR\",\"potentialAction\":[{\"@type\":\"ReadAction\",\"target\":[\"https:\/\/physiotherapy.ca\/fr\/survol\/\"]}]},{\"@type\":\"BreadcrumbList\",\"@id\":\"https:\/\/physiotherapy.ca\/fr\/survol\/#breadcrumb\",\"itemListElement\":[{\"@type\":\"ListItem\",\"position\":1,\"name\":\"Home\",\"item\":\"https:\/\/physiotherapy.ca\/fr\/\"},{\"@type\":\"ListItem\",\"position\":2,\"name\":\"Survol\"}]},{\"@type\":\"WebSite\",\"@id\":\"https:\/\/physiotherapy.ca\/#website\",\"url\":\"https:\/\/physiotherapy.ca\/\",\"name\":\"Canadian Physiotherapy Association\",\"description\":\"The Canadian Physiotherapy Association (CPA) represents over 16,000 physiotherapy professionals and students across Canada.\",\"potentialAction\":[{\"@type\":\"SearchAction\",\"target\":{\"@type\":\"EntryPoint\",\"urlTemplate\":\"https:\/\/physiotherapy.ca\/?s={search_term_string}\"},\"query-input\":{\"@type\":\"PropertyValueSpecification\",\"valueRequired\":true,\"valueName\":\"search_term_string\"}}],\"inLanguage\":\"fr-FR\"}]}<\/script>\n<!-- \/ Yoast SEO plugin. -->","yoast_head_json":{"title":"Survol - Canadian Physiotherapy Association","robots":{"index":"index","follow":"follow","max-snippet":"max-snippet:-1","max-image-preview":"max-image-preview:large","max-video-preview":"max-video-preview:-1"},"canonical":"https:\/\/physiotherapy.ca\/fr\/survol\/","og_locale":"fr_FR","og_type":"article","og_title":"Survol - Canadian Physiotherapy Association","og_description":"Au Canada, la r\u00e9ussite du volet clinique de l\u2019ECP est g\u00e9n\u00e9ralement obligatoire pour l\u2019acc\u00e8s \u00e0 la profession. Or, cet examen, organis\u00e9 par l\u2019Alliance canadienne des organismes de r\u00e9glementation de la physioth\u00e9rapie (ACORP), n\u2019a pas eu lieu depuis novembre\u00a02019. L\u2019ACORP a [&hellip;]","og_url":"https:\/\/physiotherapy.ca\/fr\/survol\/","og_site_name":"Canadian Physiotherapy Association","article_modified_time":"2022-11-10T16:51:18+00:00","twitter_card":"summary_large_image","twitter_misc":{"Est. reading time":"1 minute"},"schema":{"@context":"https:\/\/schema.org","@graph":[{"@type":"WebPage","@id":"https:\/\/physiotherapy.ca\/fr\/survol\/","url":"https:\/\/physiotherapy.ca\/fr\/survol\/","name":"Survol - Canadian Physiotherapy Association","isPartOf":{"@id":"https:\/\/physiotherapy.ca\/#website"},"datePublished":"2022-11-10T16:51:17+00:00","dateModified":"2022-11-10T16:51:18+00:00","breadcrumb":{"@id":"https:\/\/physiotherapy.ca\/fr\/survol\/#breadcrumb"},"inLanguage":"fr-FR","potentialAction":[{"@type":"ReadAction","target":["https:\/\/physiotherapy.ca\/fr\/survol\/"]}]},{"@type":"BreadcrumbList","@id":"https:\/\/physiotherapy.ca\/fr\/survol\/#breadcrumb","itemListElement":[{"@type":"ListItem","position":1,"name":"Home","item":"https:\/\/physiotherapy.ca\/fr\/"},{"@type":"ListItem","position":2,"name":"Survol"}]},{"@type":"WebSite","@id":"https:\/\/physiotherapy.ca\/#website","url":"https:\/\/physiotherapy.ca\/","name":"Canadian Physiotherapy Association","description":"The Canadian Physiotherapy Association (CPA) represents over 16,000 physiotherapy professionals and students across Canada.","potentialAction":[{"@type":"SearchAction","target":{"@type":"EntryPoint","urlTemplate":"https:\/\/physiotherapy.ca\/?s={search_term_string}"},"query-input":{"@type":"PropertyValueSpecification","valueRequired":true,"valueName":"search_term_string"}}],"inLanguage":"fr-FR"}]}},"_links":{"self":[{"href":"https:\/\/physiotherapy.ca\/fr\/wp-json\/wp\/v2\/pages\/80940","targetHints":{"allow":["GET"]}}],"collection":[{"href":"https:\/\/physiotherapy.ca\/fr\/wp-json\/wp\/v2\/pages"}],"about":[{"href":"https:\/\/physiotherapy.ca\/fr\/wp-json\/wp\/v2\/types\/page"}],"author":[{"embeddable":true,"href":"https:\/\/physiotherapy.ca\/fr\/wp-json\/wp\/v2\/users\/2792"}],"replies":[{"embeddable":true,"href":"https:\/\/physiotherapy.ca\/fr\/wp-json\/wp\/v2\/comments?post=80940"}],"version-history":[{"count":1,"href":"https:\/\/physiotherapy.ca\/fr\/wp-json\/wp\/v2\/pages\/80940\/revisions"}],"predecessor-version":[{"id":80941,"href":"https:\/\/physiotherapy.ca\/fr\/wp-json\/wp\/v2\/pages\/80940\/revisions\/80941"}],"up":[{"embeddable":true,"href":"https:\/\/physiotherapy.ca\/fr\/wp-json\/wp\/v2\/pages\/80938"}],"wp:attachment":[{"href":"https:\/\/physiotherapy.ca\/fr\/wp-json\/wp\/v2\/media?parent=80940"}],"wp:term":[{"taxonomy":"topic","embeddable":true,"href":"https:\/\/physiotherapy.ca\/fr\/wp-json\/wp\/v2\/topic?post=80940"}],"curies":[{"name":"wp","href":"https:\/\/api.w.org\/{rel}","templated":true}]}}