{"id":80948,"date":"2022-11-10T12:11:30","date_gmt":"2022-11-10T17:11:30","guid":{"rendered":"https:\/\/physiotherapy.ca\/?page_id=80948"},"modified":"2022-11-10T12:11:31","modified_gmt":"2022-11-10T17:11:31","slug":"ressource-et-actulites-hors-de-lacp","status":"publish","type":"page","link":"https:\/\/physiotherapy.ca\/fr\/representation-2\/advocacy-updates-fr\/lavenir-du-permis-dexercice\/examen-de-competence-en-physiotherapie-reports-repetes-du-volet-clinique\/ressource-et-actulites-hors-de-lacp\/","title":{"rendered":"Ressource et actulites hors de l&#8217;ACP"},"content":{"rendered":"\n<p>Vous trouverez ci-dessous une liste des ressources transmises \u00e0 l\u2019ACP par des membres, des candidats, des confr\u00e8res et des cons\u0153urs. Elles vous aideront \u00e0 mieux comprendre le probl\u00e8me et les discussions en cours sur le sujet. L\u2019ACP ne cautionne pas leur contenu et ne garantit pas son exactitude. Si vous souhaitez nous transmettre des ressources ou des renseignements, \u00e9crivez \u00e0\u00a0<a href=\"mailto:information@legacy.physiotherapy.ca\">information@legacy.physiotherapy.ca<\/a>.<\/p>\n\n\n\n<ul class=\"wp-block-list\"><li><a href=\"https:\/\/alliancept.org\/whatsnew\/\" target=\"_blank\" rel=\"noreferrer noopener\"><a href=\"https:\/\/www.alliancept.org\/fr\/quoi-de-neuf\/\">Mises \u00e0 jour hebdomadaires sur la composante clinique de l\u2019ACORP (ressource d\u2019intervenant)<\/a><\/a><\/li><li><a href=\"https:\/\/alliancept.org\/whatsnew\/\" target=\"_blank\" rel=\"noreferrer noopener\"><a href=\"https:\/\/www.alliancept.org\/announcement\/response-to-cpa-open-letter-of-june-25-2021\/\">R\u00e9ponse de l\u2019ACORP \u00e0 la lettre ouverte de l\u2019ACP (ressource d\u2019intervenant)<\/a>\u00a0(en anglais seulement)<\/a><\/li><li><a href=\"https:\/\/alliancept.org\/whatsnew\/\" target=\"_blank\" rel=\"noreferrer noopener\"><a href=\"https:\/\/scpt.in1touch.org\/uploaded\/web\/PCE%20Report%20-%20Final.pdf\">Rapport de la\u00a0Saskatchewan College of Physical Therapists sur l\u2019ECP (ressource d\u2019intervenant)<\/a>\u00a0(en anglais seulement)<\/a><\/li><li><a href=\"https:\/\/alliancept.org\/whatsnew\/\" target=\"_blank\" rel=\"noreferrer noopener\"><a href=\"https:\/\/www.surveymonkey.com\/results\/SM-K6CQZHHD9\/\">Sondage sur le renouvellement de l\u2019adh\u00e9sion \u00e0 l\u2019ACP et sur les probl\u00e8mes li\u00e9s \u00e0 l\u2019ECP (contribution membre)<\/a>\u00a0(en anglais seulement)<\/a><\/li><li><a href=\"https:\/\/alliancept.org\/whatsnew\/\" target=\"_blank\" rel=\"noreferrer noopener\"><a href=\"https:\/\/www.aptei.ca\/wp-content\/uploads\/open-letter-to-the-capr-pt-colleges-with-signatures.pdf\">Lettre collective aux ordres professionnels sur le report du volet clinique (contribution membre)<\/a>\u00a0(en anglais seulement)<\/a><\/li><li><a href=\"https:\/\/alliancept.org\/whatsnew\/\" target=\"_blank\" rel=\"noreferrer noopener\"><a href=\"https:\/\/journals.plos.org\/plosone\/article?id=10.1371\/journal.pone.0255696\">Article intitul\u00e9 \u00ab\u00a0A systematic review and meta-analysis of measurement properties of objective structured clinical examinations used in physical therapy licensure and a structured review of licensure practices in countries with well-developed regulation systems\u00a0\u00bb (ressource d\u2019intervenant)<\/a>\u00a0(en anglais seulement)<\/a><\/li><li><a href=\"https:\/\/alliancept.org\/whatsnew\/\" target=\"_blank\" rel=\"noreferrer noopener\"><a href=\"https:\/\/www.embodiaapp.com\/blog\/356-what-about-the-pce-crucial-new-research-capr-updates-advocacy-allyship\">Embodia\u00a0: article de blogue sur l\u2019ECP (contribution membre)<\/a>\u00a0(en anglais seulement)<\/a><\/li><li><a href=\"https:\/\/alliancept.org\/whatsnew\/\" target=\"_blank\" rel=\"noreferrer noopener\"><a href=\"https:\/\/drive.google.com\/file\/d\/1FfftVTxfhiRIvxyRRqfREaXL3qDBhg_h\/view\">Lettre sur l\u2019annulation de l\u2019ECP (contribution membre)<\/a>\u00a0(en anglais seulement)<\/a><\/li><li><a href=\"https:\/\/alliancept.org\/whatsnew\/\" target=\"_blank\" rel=\"noreferrer noopener\"><a href=\"https:\/\/legacy.physiotherapy.ca\/sites\/default\/files\/site_documents\/nb_pt_resident_impact_statement.pdf\">Lettre ouverte au nom des r\u00e9sidents en physioth\u00e9rapie du Nouveau-Brunswick (contribution membre)<\/a>\u00a0(en anglais seulement)<\/a><\/li><\/ul>\n\n\n\n<div style=\"height:100px\" aria-hidden=\"true\" class=\"wp-block-spacer\"><\/div>\n","protected":false},"excerpt":{"rendered":"<p>Vous trouverez ci-dessous une liste des ressources transmises \u00e0 l\u2019ACP par des membres, des candidats, des confr\u00e8res et des cons\u0153urs. Elles vous aideront \u00e0 mieux comprendre le probl\u00e8me et les discussions en cours sur le sujet. L\u2019ACP ne cautionne pas [&hellip;]<\/p>\n","protected":false},"author":2792,"featured_media":0,"parent":80938,"menu_order":7,"comment_status":"closed","ping_status":"closed","template":"","meta":{"inline_featured_image":false,"ep_exclude_from_search":false,"footnotes":""},"topic":[],"class_list":["post-80948","page","type-page","status-publish","hentry"],"acf":[],"yoast_head":"<!-- This site is optimized with the Yoast SEO plugin v24.7 - https:\/\/yoast.com\/wordpress\/plugins\/seo\/ -->\n<title>Ressource et actulites hors de l&#039;ACP - Canadian Physiotherapy Association<\/title>\n<meta name=\"robots\" content=\"index, follow, max-snippet:-1, max-image-preview:large, max-video-preview:-1\" \/>\n<link rel=\"canonical\" href=\"https:\/\/physiotherapy.ca\/fr\/ressource-et-actulites-hors-de-lacp\/\" \/>\n<meta property=\"og:locale\" content=\"fr_FR\" \/>\n<meta property=\"og:type\" content=\"article\" \/>\n<meta property=\"og:title\" content=\"Ressource et actulites hors de l&#039;ACP - Canadian Physiotherapy Association\" \/>\n<meta property=\"og:description\" content=\"Vous trouverez ci-dessous une liste des ressources transmises \u00e0 l\u2019ACP par des membres, des candidats, des confr\u00e8res et des cons\u0153urs. Elles vous aideront \u00e0 mieux comprendre le probl\u00e8me et les discussions en cours sur le sujet. L\u2019ACP ne cautionne pas [&hellip;]\" \/>\n<meta property=\"og:url\" content=\"https:\/\/physiotherapy.ca\/fr\/ressource-et-actulites-hors-de-lacp\/\" \/>\n<meta property=\"og:site_name\" content=\"Canadian Physiotherapy Association\" \/>\n<meta property=\"article:modified_time\" content=\"2022-11-10T17:11:31+00:00\" \/>\n<meta name=\"twitter:card\" content=\"summary_large_image\" \/>\n<meta name=\"twitter:label1\" content=\"Est. reading time\" \/>\n\t<meta name=\"twitter:data1\" content=\"1 minute\" \/>\n<script type=\"application\/ld+json\" class=\"yoast-schema-graph\">{\"@context\":\"https:\/\/schema.org\",\"@graph\":[{\"@type\":\"WebPage\",\"@id\":\"https:\/\/physiotherapy.ca\/fr\/ressource-et-actulites-hors-de-lacp\/\",\"url\":\"https:\/\/physiotherapy.ca\/fr\/ressource-et-actulites-hors-de-lacp\/\",\"name\":\"Ressource et actulites hors de l'ACP - Canadian Physiotherapy Association\",\"isPartOf\":{\"@id\":\"https:\/\/physiotherapy.ca\/#website\"},\"datePublished\":\"2022-11-10T17:11:30+00:00\",\"dateModified\":\"2022-11-10T17:11:31+00:00\",\"breadcrumb\":{\"@id\":\"https:\/\/physiotherapy.ca\/fr\/ressource-et-actulites-hors-de-lacp\/#breadcrumb\"},\"inLanguage\":\"fr-FR\",\"potentialAction\":[{\"@type\":\"ReadAction\",\"target\":[\"https:\/\/physiotherapy.ca\/fr\/ressource-et-actulites-hors-de-lacp\/\"]}]},{\"@type\":\"BreadcrumbList\",\"@id\":\"https:\/\/physiotherapy.ca\/fr\/ressource-et-actulites-hors-de-lacp\/#breadcrumb\",\"itemListElement\":[{\"@type\":\"ListItem\",\"position\":1,\"name\":\"Home\",\"item\":\"https:\/\/physiotherapy.ca\/fr\/\"},{\"@type\":\"ListItem\",\"position\":2,\"name\":\"Ressource et actulites hors de l&#8217;ACP\"}]},{\"@type\":\"WebSite\",\"@id\":\"https:\/\/physiotherapy.ca\/#website\",\"url\":\"https:\/\/physiotherapy.ca\/\",\"name\":\"Canadian Physiotherapy Association\",\"description\":\"The Canadian Physiotherapy Association (CPA) represents over 16,000 physiotherapy professionals and students across Canada.\",\"potentialAction\":[{\"@type\":\"SearchAction\",\"target\":{\"@type\":\"EntryPoint\",\"urlTemplate\":\"https:\/\/physiotherapy.ca\/?s={search_term_string}\"},\"query-input\":{\"@type\":\"PropertyValueSpecification\",\"valueRequired\":true,\"valueName\":\"search_term_string\"}}],\"inLanguage\":\"fr-FR\"}]}<\/script>\n<!-- \/ Yoast SEO plugin. -->","yoast_head_json":{"title":"Ressource et actulites hors de l'ACP - Canadian Physiotherapy Association","robots":{"index":"index","follow":"follow","max-snippet":"max-snippet:-1","max-image-preview":"max-image-preview:large","max-video-preview":"max-video-preview:-1"},"canonical":"https:\/\/physiotherapy.ca\/fr\/ressource-et-actulites-hors-de-lacp\/","og_locale":"fr_FR","og_type":"article","og_title":"Ressource et actulites hors de l'ACP - Canadian Physiotherapy Association","og_description":"Vous trouverez ci-dessous une liste des ressources transmises \u00e0 l\u2019ACP par des membres, des candidats, des confr\u00e8res et des cons\u0153urs. Elles vous aideront \u00e0 mieux comprendre le probl\u00e8me et les discussions en cours sur le sujet. L\u2019ACP ne cautionne pas [&hellip;]","og_url":"https:\/\/physiotherapy.ca\/fr\/ressource-et-actulites-hors-de-lacp\/","og_site_name":"Canadian Physiotherapy Association","article_modified_time":"2022-11-10T17:11:31+00:00","twitter_card":"summary_large_image","twitter_misc":{"Est. reading time":"1 minute"},"schema":{"@context":"https:\/\/schema.org","@graph":[{"@type":"WebPage","@id":"https:\/\/physiotherapy.ca\/fr\/ressource-et-actulites-hors-de-lacp\/","url":"https:\/\/physiotherapy.ca\/fr\/ressource-et-actulites-hors-de-lacp\/","name":"Ressource et actulites hors de l'ACP - Canadian Physiotherapy Association","isPartOf":{"@id":"https:\/\/physiotherapy.ca\/#website"},"datePublished":"2022-11-10T17:11:30+00:00","dateModified":"2022-11-10T17:11:31+00:00","breadcrumb":{"@id":"https:\/\/physiotherapy.ca\/fr\/ressource-et-actulites-hors-de-lacp\/#breadcrumb"},"inLanguage":"fr-FR","potentialAction":[{"@type":"ReadAction","target":["https:\/\/physiotherapy.ca\/fr\/ressource-et-actulites-hors-de-lacp\/"]}]},{"@type":"BreadcrumbList","@id":"https:\/\/physiotherapy.ca\/fr\/ressource-et-actulites-hors-de-lacp\/#breadcrumb","itemListElement":[{"@type":"ListItem","position":1,"name":"Home","item":"https:\/\/physiotherapy.ca\/fr\/"},{"@type":"ListItem","position":2,"name":"Ressource et actulites hors de l&#8217;ACP"}]},{"@type":"WebSite","@id":"https:\/\/physiotherapy.ca\/#website","url":"https:\/\/physiotherapy.ca\/","name":"Canadian Physiotherapy Association","description":"The Canadian Physiotherapy Association (CPA) represents over 16,000 physiotherapy professionals and students across Canada.","potentialAction":[{"@type":"SearchAction","target":{"@type":"EntryPoint","urlTemplate":"https:\/\/physiotherapy.ca\/?s={search_term_string}"},"query-input":{"@type":"PropertyValueSpecification","valueRequired":true,"valueName":"search_term_string"}}],"inLanguage":"fr-FR"}]}},"_links":{"self":[{"href":"https:\/\/physiotherapy.ca\/fr\/wp-json\/wp\/v2\/pages\/80948","targetHints":{"allow":["GET"]}}],"collection":[{"href":"https:\/\/physiotherapy.ca\/fr\/wp-json\/wp\/v2\/pages"}],"about":[{"href":"https:\/\/physiotherapy.ca\/fr\/wp-json\/wp\/v2\/types\/page"}],"author":[{"embeddable":true,"href":"https:\/\/physiotherapy.ca\/fr\/wp-json\/wp\/v2\/users\/2792"}],"replies":[{"embeddable":true,"href":"https:\/\/physiotherapy.ca\/fr\/wp-json\/wp\/v2\/comments?post=80948"}],"version-history":[{"count":1,"href":"https:\/\/physiotherapy.ca\/fr\/wp-json\/wp\/v2\/pages\/80948\/revisions"}],"predecessor-version":[{"id":80949,"href":"https:\/\/physiotherapy.ca\/fr\/wp-json\/wp\/v2\/pages\/80948\/revisions\/80949"}],"up":[{"embeddable":true,"href":"https:\/\/physiotherapy.ca\/fr\/wp-json\/wp\/v2\/pages\/80938"}],"wp:attachment":[{"href":"https:\/\/physiotherapy.ca\/fr\/wp-json\/wp\/v2\/media?parent=80948"}],"wp:term":[{"taxonomy":"topic","embeddable":true,"href":"https:\/\/physiotherapy.ca\/fr\/wp-json\/wp\/v2\/topic?post=80948"}],"curies":[{"name":"wp","href":"https:\/\/api.w.org\/{rel}","templated":true}]}}