{"id":80969,"date":"2022-11-10T12:54:36","date_gmt":"2022-11-10T17:54:36","guid":{"rendered":"https:\/\/physiotherapy.ca\/?page_id=80969"},"modified":"2025-10-07T15:15:08","modified_gmt":"2025-10-07T19:15:08","slug":"propositions-et-memoires","status":"publish","type":"page","link":"https:\/\/physiotherapy.ca\/fr\/representation-2\/advocacy-updates-fr\/propositions-et-memoires\/","title":{"rendered":"Propositions et m\u00e9moires"},"content":{"rendered":"\n<h4 class=\"wp-block-heading\"><a href=\"https:\/\/physiotherapy.ca\/app\/uploads\/2025\/09\/CPA-Submission-2026-Pre-Budget-Consultation_FR.pdf\" target=\"_blank\" rel=\"noreferrer noopener\">Le m\u00e9moire pour la consultation pr\u00e9budg\u00e9taire du Comit\u00e9 permanent des finances<\/a> (ao\u00fbt 2025)<\/h4>\n\n\n\n<h4 class=\"wp-block-heading\"><a href=\"https:\/\/physiotherapy.ca\/app\/uploads\/2025\/03\/CPA-2025-Pre-Budget-Submission_March-2025_FR.pdf\">M\u00e9moire \u00e9crit pour le minist\u00e8re des finances consultation pr\u00e9budg\u00e9taire pour 2025\u20132026<\/a> (mars 2025)<\/h4>\n\n\n\n<h4 class=\"wp-block-heading\"><a href=\"https:\/\/physiotherapy.ca\/app\/uploads\/2024\/08\/CPA-2025-Pre-Budget-Submission_August-2024_FR.pdf\">Le m\u00e9moire pour la consultation pr\u00e9budg\u00e9taire du Comit\u00e9 permanent des finances<\/a> (ao\u00fbt 2024)<\/h4>\n\n\n\n<h4 class=\"wp-block-heading\"><a href=\"https:\/\/physiotherapy.ca\/app\/uploads\/2023\/09\/CPA-2023-Pre-Budget-Submission_FR.pdf\" target=\"_blank\" rel=\"noreferrer noopener\">M\u00e9moire au comit\u00e9 permanent des finances dans le cadre des consultations pr\u00e9budg\u00e9taires 2023 (13 septembre 2023)<\/a><\/h4>\n\n\n\n<h4 class=\"wp-block-heading\"><a href=\"https:\/\/physiotherapy.ca\/app\/uploads\/2023\/10\/FR_WHD_CPA.pdf\" target=\"_blank\" rel=\"noreferrer noopener\">Un m\u00e9moire pr\u00e9sent\u00e9 au Comit\u00e9 permanent de la sant\u00e9 du gouvernement f\u00e9d\u00e9ral pour l\u2019\u00e9tude sur la sant\u00e9 des femmes (5 octobre 2023)<\/a><\/h4>\n\n\n\n<h4 class=\"wp-block-heading\"><a href=\"https:\/\/physiotherapy.ca\/app\/uploads\/2023\/10\/FR_GHD_CPA.pdf\" target=\"_blank\" rel=\"noreferrer noopener\">M\u00e9moire pr\u00e9sent\u00e9 au comit\u00e9 permanent de la sant\u00e9 par la division sant\u00e9 mondiale de l&#8217;Association canadienne de physioth\u00e9rapie (13 octobre 2023)<\/a><\/h4>\n\n\n\n<h4 class=\"wp-block-heading\"><a href=\"https:\/\/physiotherapy.ca\/app\/uploads\/2023\/02\/CPA-Clean-Pre-Budget-Submission-Oct-5-KS-CDS-FINAL-FR.docx\">M\u00e9moire pr\u00e9budg\u00e9taire f\u00e9d\u00e9ral 2022 (12 octobre 2022)<\/a><\/h4>\n\n\n\n<h4 class=\"wp-block-heading\"><a href=\"https:\/\/physiotherapy.ca\/app\/uploads\/2022\/11\/prebudget_2021_cpa_final_fr.pdf\">M\u00e9moire pr\u00e9budg\u00e9taire f\u00e9d\u00e9ral 2021 (21&nbsp;ao\u00fbt 2020)<\/a><\/h4>\n\n\n\n<h4 class=\"wp-block-heading\"><a href=\"https:\/\/physiotherapy.ca\/app\/uploads\/2022\/11\/prebudget_letter_minister_finance_fr.pdf\">Lettre sur les priorit\u00e9s \u00e0 la ministre des Finances (21 ao\u00fbt 2020)<\/a><\/h4>\n\n\n\n<h4 class=\"wp-block-heading\"><a href=\"https:\/\/physiotherapy.ca\/app\/uploads\/2022\/11\/canadianphysiotherapyassociation-10273221_fr.pdf\">Recommandations au Comit\u00e9 de la sant\u00e9 sur la COVID-19 (13 juillet 2020)<\/a><\/h4>\n\n\n\n<div style=\"height:100px\" aria-hidden=\"true\" class=\"wp-block-spacer\"><\/div>\n","protected":false},"excerpt":{"rendered":"<p>Le m\u00e9moire pour la consultation pr\u00e9budg\u00e9taire du Comit\u00e9 permanent des finances (ao\u00fbt 2025) M\u00e9moire \u00e9crit pour le minist\u00e8re des finances consultation pr\u00e9budg\u00e9taire pour 2025\u20132026 (mars 2025) Le m\u00e9moire pour la consultation pr\u00e9budg\u00e9taire du Comit\u00e9 permanent des finances (ao\u00fbt 2024) M\u00e9moire [&hellip;]<\/p>\n","protected":false},"author":2792,"featured_media":0,"parent":4234,"menu_order":0,"comment_status":"closed","ping_status":"closed","template":"","meta":{"inline_featured_image":false,"ep_exclude_from_search":false,"footnotes":""},"topic":[],"class_list":["post-80969","page","type-page","status-publish","hentry"],"acf":[],"yoast_head":"<!-- This site is optimized with the Yoast SEO plugin v24.7 - https:\/\/yoast.com\/wordpress\/plugins\/seo\/ -->\n<title>Propositions et m\u00e9moires - Canadian Physiotherapy Association<\/title>\n<meta name=\"robots\" content=\"index, follow, max-snippet:-1, max-image-preview:large, max-video-preview:-1\" \/>\n<link rel=\"canonical\" href=\"https:\/\/physiotherapy.ca\/fr\/representation-2\/advocacy-updates-fr\/propositions-et-memoires\/\" \/>\n<meta property=\"og:locale\" content=\"fr_FR\" \/>\n<meta property=\"og:type\" content=\"article\" \/>\n<meta property=\"og:title\" content=\"Propositions et m\u00e9moires - Canadian Physiotherapy Association\" \/>\n<meta property=\"og:description\" content=\"Le m\u00e9moire pour la consultation pr\u00e9budg\u00e9taire du Comit\u00e9 permanent des finances (ao\u00fbt 2025) M\u00e9moire \u00e9crit pour le minist\u00e8re des finances consultation pr\u00e9budg\u00e9taire pour 2025\u20132026 (mars 2025) Le m\u00e9moire pour la consultation pr\u00e9budg\u00e9taire du Comit\u00e9 permanent des finances (ao\u00fbt 2024) M\u00e9moire [&hellip;]\" \/>\n<meta property=\"og:url\" content=\"https:\/\/physiotherapy.ca\/fr\/representation-2\/advocacy-updates-fr\/propositions-et-memoires\/\" \/>\n<meta property=\"og:site_name\" content=\"Canadian Physiotherapy Association\" \/>\n<meta property=\"article:modified_time\" content=\"2025-10-07T19:15:08+00:00\" \/>\n<meta name=\"twitter:card\" content=\"summary_large_image\" \/>\n<meta name=\"twitter:label1\" content=\"Est. reading time\" \/>\n\t<meta name=\"twitter:data1\" content=\"1 minute\" \/>\n<script type=\"application\/ld+json\" class=\"yoast-schema-graph\">{\"@context\":\"https:\/\/schema.org\",\"@graph\":[{\"@type\":\"WebPage\",\"@id\":\"https:\/\/physiotherapy.ca\/fr\/representation-2\/advocacy-updates-fr\/propositions-et-memoires\/\",\"url\":\"https:\/\/physiotherapy.ca\/fr\/representation-2\/advocacy-updates-fr\/propositions-et-memoires\/\",\"name\":\"Propositions et m\u00e9moires - Canadian Physiotherapy Association\",\"isPartOf\":{\"@id\":\"https:\/\/physiotherapy.ca\/#website\"},\"datePublished\":\"2022-11-10T17:54:36+00:00\",\"dateModified\":\"2025-10-07T19:15:08+00:00\",\"breadcrumb\":{\"@id\":\"https:\/\/physiotherapy.ca\/fr\/representation-2\/advocacy-updates-fr\/propositions-et-memoires\/#breadcrumb\"},\"inLanguage\":\"fr-FR\",\"potentialAction\":[{\"@type\":\"ReadAction\",\"target\":[\"https:\/\/physiotherapy.ca\/fr\/representation-2\/advocacy-updates-fr\/propositions-et-memoires\/\"]}]},{\"@type\":\"BreadcrumbList\",\"@id\":\"https:\/\/physiotherapy.ca\/fr\/representation-2\/advocacy-updates-fr\/propositions-et-memoires\/#breadcrumb\",\"itemListElement\":[{\"@type\":\"ListItem\",\"position\":1,\"name\":\"Home\",\"item\":\"https:\/\/physiotherapy.ca\/fr\/\"},{\"@type\":\"ListItem\",\"position\":2,\"name\":\"Repr\u00e9sentation\",\"item\":\"https:\/\/physiotherapy.ca\/fr\/representation-2\/\"},{\"@type\":\"ListItem\",\"position\":3,\"name\":\"Plaidoyer\",\"item\":\"https:\/\/physiotherapy.ca\/fr\/representation-2\/advocacy-updates-fr\/\"},{\"@type\":\"ListItem\",\"position\":4,\"name\":\"Propositions et m\u00e9moires\"}]},{\"@type\":\"WebSite\",\"@id\":\"https:\/\/physiotherapy.ca\/#website\",\"url\":\"https:\/\/physiotherapy.ca\/\",\"name\":\"Canadian Physiotherapy Association\",\"description\":\"The Canadian Physiotherapy Association (CPA) represents over 16,000 physiotherapy professionals and students across Canada.\",\"potentialAction\":[{\"@type\":\"SearchAction\",\"target\":{\"@type\":\"EntryPoint\",\"urlTemplate\":\"https:\/\/physiotherapy.ca\/?s={search_term_string}\"},\"query-input\":{\"@type\":\"PropertyValueSpecification\",\"valueRequired\":true,\"valueName\":\"search_term_string\"}}],\"inLanguage\":\"fr-FR\"}]}<\/script>\n<!-- \/ Yoast SEO plugin. -->","yoast_head_json":{"title":"Propositions et m\u00e9moires - Canadian Physiotherapy Association","robots":{"index":"index","follow":"follow","max-snippet":"max-snippet:-1","max-image-preview":"max-image-preview:large","max-video-preview":"max-video-preview:-1"},"canonical":"https:\/\/physiotherapy.ca\/fr\/representation-2\/advocacy-updates-fr\/propositions-et-memoires\/","og_locale":"fr_FR","og_type":"article","og_title":"Propositions et m\u00e9moires - Canadian Physiotherapy Association","og_description":"Le m\u00e9moire pour la consultation pr\u00e9budg\u00e9taire du Comit\u00e9 permanent des finances (ao\u00fbt 2025) M\u00e9moire \u00e9crit pour le minist\u00e8re des finances consultation pr\u00e9budg\u00e9taire pour 2025\u20132026 (mars 2025) Le m\u00e9moire pour la consultation pr\u00e9budg\u00e9taire du Comit\u00e9 permanent des finances (ao\u00fbt 2024) M\u00e9moire [&hellip;]","og_url":"https:\/\/physiotherapy.ca\/fr\/representation-2\/advocacy-updates-fr\/propositions-et-memoires\/","og_site_name":"Canadian Physiotherapy Association","article_modified_time":"2025-10-07T19:15:08+00:00","twitter_card":"summary_large_image","twitter_misc":{"Est. reading time":"1 minute"},"schema":{"@context":"https:\/\/schema.org","@graph":[{"@type":"WebPage","@id":"https:\/\/physiotherapy.ca\/fr\/representation-2\/advocacy-updates-fr\/propositions-et-memoires\/","url":"https:\/\/physiotherapy.ca\/fr\/representation-2\/advocacy-updates-fr\/propositions-et-memoires\/","name":"Propositions et m\u00e9moires - Canadian Physiotherapy Association","isPartOf":{"@id":"https:\/\/physiotherapy.ca\/#website"},"datePublished":"2022-11-10T17:54:36+00:00","dateModified":"2025-10-07T19:15:08+00:00","breadcrumb":{"@id":"https:\/\/physiotherapy.ca\/fr\/representation-2\/advocacy-updates-fr\/propositions-et-memoires\/#breadcrumb"},"inLanguage":"fr-FR","potentialAction":[{"@type":"ReadAction","target":["https:\/\/physiotherapy.ca\/fr\/representation-2\/advocacy-updates-fr\/propositions-et-memoires\/"]}]},{"@type":"BreadcrumbList","@id":"https:\/\/physiotherapy.ca\/fr\/representation-2\/advocacy-updates-fr\/propositions-et-memoires\/#breadcrumb","itemListElement":[{"@type":"ListItem","position":1,"name":"Home","item":"https:\/\/physiotherapy.ca\/fr\/"},{"@type":"ListItem","position":2,"name":"Repr\u00e9sentation","item":"https:\/\/physiotherapy.ca\/fr\/representation-2\/"},{"@type":"ListItem","position":3,"name":"Plaidoyer","item":"https:\/\/physiotherapy.ca\/fr\/representation-2\/advocacy-updates-fr\/"},{"@type":"ListItem","position":4,"name":"Propositions et m\u00e9moires"}]},{"@type":"WebSite","@id":"https:\/\/physiotherapy.ca\/#website","url":"https:\/\/physiotherapy.ca\/","name":"Canadian Physiotherapy Association","description":"The Canadian Physiotherapy Association (CPA) represents over 16,000 physiotherapy professionals and students across Canada.","potentialAction":[{"@type":"SearchAction","target":{"@type":"EntryPoint","urlTemplate":"https:\/\/physiotherapy.ca\/?s={search_term_string}"},"query-input":{"@type":"PropertyValueSpecification","valueRequired":true,"valueName":"search_term_string"}}],"inLanguage":"fr-FR"}]}},"_links":{"self":[{"href":"https:\/\/physiotherapy.ca\/fr\/wp-json\/wp\/v2\/pages\/80969","targetHints":{"allow":["GET"]}}],"collection":[{"href":"https:\/\/physiotherapy.ca\/fr\/wp-json\/wp\/v2\/pages"}],"about":[{"href":"https:\/\/physiotherapy.ca\/fr\/wp-json\/wp\/v2\/types\/page"}],"author":[{"embeddable":true,"href":"https:\/\/physiotherapy.ca\/fr\/wp-json\/wp\/v2\/users\/2792"}],"replies":[{"embeddable":true,"href":"https:\/\/physiotherapy.ca\/fr\/wp-json\/wp\/v2\/comments?post=80969"}],"version-history":[{"count":4,"href":"https:\/\/physiotherapy.ca\/fr\/wp-json\/wp\/v2\/pages\/80969\/revisions"}],"predecessor-version":[{"id":278269,"href":"https:\/\/physiotherapy.ca\/fr\/wp-json\/wp\/v2\/pages\/80969\/revisions\/278269"}],"up":[{"embeddable":true,"href":"https:\/\/physiotherapy.ca\/fr\/wp-json\/wp\/v2\/pages\/4234"}],"wp:attachment":[{"href":"https:\/\/physiotherapy.ca\/fr\/wp-json\/wp\/v2\/media?parent=80969"}],"wp:term":[{"taxonomy":"topic","embeddable":true,"href":"https:\/\/physiotherapy.ca\/fr\/wp-json\/wp\/v2\/topic?post=80969"}],"curies":[{"name":"wp","href":"https:\/\/api.w.org\/{rel}","templated":true}]}}