{"id":80979,"date":"2022-11-10T13:08:37","date_gmt":"2022-11-10T18:08:37","guid":{"rendered":"https:\/\/physiotherapy.ca\/?page_id=80979"},"modified":"2022-11-10T13:08:38","modified_gmt":"2022-11-10T18:08:38","slug":"groupe-de-travail-canadien-sur-la-douleur","status":"publish","type":"page","link":"https:\/\/physiotherapy.ca\/fr\/representation-2\/advocacy-updates-fr\/groupe-de-travail-canadien-sur-la-douleur\/","title":{"rendered":"Groupe de travail canadien sur la douleur"},"content":{"rendered":"\n<p>Par la cr\u00e9ation du Groupe de travail canadien sur la douleur, le gouvernement d\u00e9montre comprendre qu\u2019il reste beaucoup \u00e0 faire pour les personnes vivant avec une douleur chronique et qu\u2019un rattrapage s\u2019impose pour que les m\u00e9thodes de traitement actuelles correspondent aux recherches et aux pratiques exemplaires les plus r\u00e9centes. Le Groupe de travail reconna\u00eet le r\u00f4le des physioth\u00e9rapeutes aupr\u00e8s des Canadiens qui vivent avec la douleur chronique.<\/p>\n\n\n\n<p><a href=\"https:\/\/physiotherapy.ca\/app\/uploads\/2022\/11\/cpa_pain_task_force_statement_april_2019_-_french_for_web_final.pdf\">Annonce du Groupe de travail canadien sur la douleur<\/a><\/p>\n\n\n\n<p><a href=\"https:\/\/www.canada.ca\/fr\/sante-canada\/organisation\/a-propos-sante-canada\/mobilisation-publique\/organismes-consultatifs-externes\/groupe-travail-douleur-chronique.html\">Groupe de travail canadien sur la douleur<\/a><\/p>\n\n\n\n<p><a href=\"https:\/\/www.canada.ca\/fr\/sante-canada\/organisation\/a-propos-sante-canada\/mobilisation-publique\/organismes-consultatifs-externes\/groupe-travail-douleur-chronique\/cadre-reference.html\">Cadre de r\u00e9f\u00e9rence du Groupe de travail canadien sur la douleur<\/a><\/p>\n\n\n\n<p><a href=\"https:\/\/www.canada.ca\/fr\/sante-canada\/organisation\/a-propos-sante-canada\/mobilisation-publique\/organismes-consultatifs-externes\/groupe-travail-douleur-chronique\/sommaire-affiliations-interet.html\">Sommaire des affiliations et des int\u00e9r\u00eats du Groupe de travail canadien sur la douleur<\/a><\/p>\n\n\n\n<p><a href=\"https:\/\/legacy.physiotherapy.ca\/sites\/default\/files\/canadian_pain_task_force_june_2019_report_fr.pdf\">Rapport du\u00a0Groupe de travail canadien sur la douleur, juin 2019 &#8211; La douleur chronique au Canada : jeter les bases d&#8217;un programme d&#8217;action<\/a><\/p>\n\n\n\n<p><a href=\"https:\/\/physiotherapy.ca\/app\/uploads\/2022\/11\/canadian_pain_task_force_executive_summary_final_fr.pdf\">Rapport du\u00a0Groupe de travail canadien sur la douleur, juin 2019 &#8211; La douleur chronique au Canada : jeter les bases d&#8217;un programme d&#8217;action : synth\u00e8se<\/a><\/p>\n\n\n\n<div style=\"height:100px\" aria-hidden=\"true\" class=\"wp-block-spacer\"><\/div>\n","protected":false},"excerpt":{"rendered":"<p>Par la cr\u00e9ation du Groupe de travail canadien sur la douleur, le gouvernement d\u00e9montre comprendre qu\u2019il reste beaucoup \u00e0 faire pour les personnes vivant avec une douleur chronique et qu\u2019un rattrapage s\u2019impose pour que les m\u00e9thodes de traitement actuelles correspondent [&hellip;]<\/p>\n","protected":false},"author":2792,"featured_media":0,"parent":4234,"menu_order":0,"comment_status":"closed","ping_status":"closed","template":"","meta":{"inline_featured_image":false,"ep_exclude_from_search":false,"footnotes":""},"topic":[],"class_list":["post-80979","page","type-page","status-publish","hentry"],"acf":[],"yoast_head":"<!-- This site is optimized with the Yoast SEO plugin v24.7 - https:\/\/yoast.com\/wordpress\/plugins\/seo\/ -->\n<title>Groupe de travail canadien sur la douleur - Canadian Physiotherapy Association<\/title>\n<meta name=\"robots\" content=\"index, follow, max-snippet:-1, max-image-preview:large, max-video-preview:-1\" \/>\n<link rel=\"canonical\" href=\"https:\/\/physiotherapy.ca\/fr\/representation-2\/advocacy-updates-fr\/groupe-de-travail-canadien-sur-la-douleur\/\" \/>\n<meta property=\"og:locale\" content=\"fr_FR\" \/>\n<meta property=\"og:type\" content=\"article\" \/>\n<meta property=\"og:title\" content=\"Groupe de travail canadien sur la douleur - Canadian Physiotherapy Association\" \/>\n<meta property=\"og:description\" content=\"Par la cr\u00e9ation du Groupe de travail canadien sur la douleur, le gouvernement d\u00e9montre comprendre qu\u2019il reste beaucoup \u00e0 faire pour les personnes vivant avec une douleur chronique et qu\u2019un rattrapage s\u2019impose pour que les m\u00e9thodes de traitement actuelles correspondent [&hellip;]\" \/>\n<meta property=\"og:url\" content=\"https:\/\/physiotherapy.ca\/fr\/representation-2\/advocacy-updates-fr\/groupe-de-travail-canadien-sur-la-douleur\/\" \/>\n<meta property=\"og:site_name\" content=\"Canadian Physiotherapy Association\" \/>\n<meta property=\"article:modified_time\" content=\"2022-11-10T18:08:38+00:00\" \/>\n<meta name=\"twitter:card\" content=\"summary_large_image\" \/>\n<meta name=\"twitter:label1\" content=\"Est. reading time\" \/>\n\t<meta name=\"twitter:data1\" content=\"1 minute\" \/>\n<script type=\"application\/ld+json\" class=\"yoast-schema-graph\">{\"@context\":\"https:\/\/schema.org\",\"@graph\":[{\"@type\":\"WebPage\",\"@id\":\"https:\/\/physiotherapy.ca\/fr\/representation-2\/advocacy-updates-fr\/groupe-de-travail-canadien-sur-la-douleur\/\",\"url\":\"https:\/\/physiotherapy.ca\/fr\/representation-2\/advocacy-updates-fr\/groupe-de-travail-canadien-sur-la-douleur\/\",\"name\":\"Groupe de travail canadien sur la douleur - Canadian Physiotherapy Association\",\"isPartOf\":{\"@id\":\"https:\/\/physiotherapy.ca\/#website\"},\"datePublished\":\"2022-11-10T18:08:37+00:00\",\"dateModified\":\"2022-11-10T18:08:38+00:00\",\"breadcrumb\":{\"@id\":\"https:\/\/physiotherapy.ca\/fr\/representation-2\/advocacy-updates-fr\/groupe-de-travail-canadien-sur-la-douleur\/#breadcrumb\"},\"inLanguage\":\"fr-FR\",\"potentialAction\":[{\"@type\":\"ReadAction\",\"target\":[\"https:\/\/physiotherapy.ca\/fr\/representation-2\/advocacy-updates-fr\/groupe-de-travail-canadien-sur-la-douleur\/\"]}]},{\"@type\":\"BreadcrumbList\",\"@id\":\"https:\/\/physiotherapy.ca\/fr\/representation-2\/advocacy-updates-fr\/groupe-de-travail-canadien-sur-la-douleur\/#breadcrumb\",\"itemListElement\":[{\"@type\":\"ListItem\",\"position\":1,\"name\":\"Home\",\"item\":\"https:\/\/physiotherapy.ca\/fr\/\"},{\"@type\":\"ListItem\",\"position\":2,\"name\":\"Repr\u00e9sentation\",\"item\":\"https:\/\/physiotherapy.ca\/fr\/representation-2\/\"},{\"@type\":\"ListItem\",\"position\":3,\"name\":\"Plaidoyer\",\"item\":\"https:\/\/physiotherapy.ca\/fr\/representation-2\/advocacy-updates-fr\/\"},{\"@type\":\"ListItem\",\"position\":4,\"name\":\"Groupe de travail canadien sur la douleur\"}]},{\"@type\":\"WebSite\",\"@id\":\"https:\/\/physiotherapy.ca\/#website\",\"url\":\"https:\/\/physiotherapy.ca\/\",\"name\":\"Canadian Physiotherapy Association\",\"description\":\"The Canadian Physiotherapy Association (CPA) represents over 16,000 physiotherapy professionals and students across Canada.\",\"potentialAction\":[{\"@type\":\"SearchAction\",\"target\":{\"@type\":\"EntryPoint\",\"urlTemplate\":\"https:\/\/physiotherapy.ca\/?s={search_term_string}\"},\"query-input\":{\"@type\":\"PropertyValueSpecification\",\"valueRequired\":true,\"valueName\":\"search_term_string\"}}],\"inLanguage\":\"fr-FR\"}]}<\/script>\n<!-- \/ Yoast SEO plugin. -->","yoast_head_json":{"title":"Groupe de travail canadien sur la douleur - Canadian Physiotherapy Association","robots":{"index":"index","follow":"follow","max-snippet":"max-snippet:-1","max-image-preview":"max-image-preview:large","max-video-preview":"max-video-preview:-1"},"canonical":"https:\/\/physiotherapy.ca\/fr\/representation-2\/advocacy-updates-fr\/groupe-de-travail-canadien-sur-la-douleur\/","og_locale":"fr_FR","og_type":"article","og_title":"Groupe de travail canadien sur la douleur - Canadian Physiotherapy Association","og_description":"Par la cr\u00e9ation du Groupe de travail canadien sur la douleur, le gouvernement d\u00e9montre comprendre qu\u2019il reste beaucoup \u00e0 faire pour les personnes vivant avec une douleur chronique et qu\u2019un rattrapage s\u2019impose pour que les m\u00e9thodes de traitement actuelles correspondent [&hellip;]","og_url":"https:\/\/physiotherapy.ca\/fr\/representation-2\/advocacy-updates-fr\/groupe-de-travail-canadien-sur-la-douleur\/","og_site_name":"Canadian Physiotherapy Association","article_modified_time":"2022-11-10T18:08:38+00:00","twitter_card":"summary_large_image","twitter_misc":{"Est. reading time":"1 minute"},"schema":{"@context":"https:\/\/schema.org","@graph":[{"@type":"WebPage","@id":"https:\/\/physiotherapy.ca\/fr\/representation-2\/advocacy-updates-fr\/groupe-de-travail-canadien-sur-la-douleur\/","url":"https:\/\/physiotherapy.ca\/fr\/representation-2\/advocacy-updates-fr\/groupe-de-travail-canadien-sur-la-douleur\/","name":"Groupe de travail canadien sur la douleur - Canadian Physiotherapy Association","isPartOf":{"@id":"https:\/\/physiotherapy.ca\/#website"},"datePublished":"2022-11-10T18:08:37+00:00","dateModified":"2022-11-10T18:08:38+00:00","breadcrumb":{"@id":"https:\/\/physiotherapy.ca\/fr\/representation-2\/advocacy-updates-fr\/groupe-de-travail-canadien-sur-la-douleur\/#breadcrumb"},"inLanguage":"fr-FR","potentialAction":[{"@type":"ReadAction","target":["https:\/\/physiotherapy.ca\/fr\/representation-2\/advocacy-updates-fr\/groupe-de-travail-canadien-sur-la-douleur\/"]}]},{"@type":"BreadcrumbList","@id":"https:\/\/physiotherapy.ca\/fr\/representation-2\/advocacy-updates-fr\/groupe-de-travail-canadien-sur-la-douleur\/#breadcrumb","itemListElement":[{"@type":"ListItem","position":1,"name":"Home","item":"https:\/\/physiotherapy.ca\/fr\/"},{"@type":"ListItem","position":2,"name":"Repr\u00e9sentation","item":"https:\/\/physiotherapy.ca\/fr\/representation-2\/"},{"@type":"ListItem","position":3,"name":"Plaidoyer","item":"https:\/\/physiotherapy.ca\/fr\/representation-2\/advocacy-updates-fr\/"},{"@type":"ListItem","position":4,"name":"Groupe de travail canadien sur la douleur"}]},{"@type":"WebSite","@id":"https:\/\/physiotherapy.ca\/#website","url":"https:\/\/physiotherapy.ca\/","name":"Canadian Physiotherapy Association","description":"The Canadian Physiotherapy Association (CPA) represents over 16,000 physiotherapy professionals and students across Canada.","potentialAction":[{"@type":"SearchAction","target":{"@type":"EntryPoint","urlTemplate":"https:\/\/physiotherapy.ca\/?s={search_term_string}"},"query-input":{"@type":"PropertyValueSpecification","valueRequired":true,"valueName":"search_term_string"}}],"inLanguage":"fr-FR"}]}},"_links":{"self":[{"href":"https:\/\/physiotherapy.ca\/fr\/wp-json\/wp\/v2\/pages\/80979","targetHints":{"allow":["GET"]}}],"collection":[{"href":"https:\/\/physiotherapy.ca\/fr\/wp-json\/wp\/v2\/pages"}],"about":[{"href":"https:\/\/physiotherapy.ca\/fr\/wp-json\/wp\/v2\/types\/page"}],"author":[{"embeddable":true,"href":"https:\/\/physiotherapy.ca\/fr\/wp-json\/wp\/v2\/users\/2792"}],"replies":[{"embeddable":true,"href":"https:\/\/physiotherapy.ca\/fr\/wp-json\/wp\/v2\/comments?post=80979"}],"version-history":[{"count":1,"href":"https:\/\/physiotherapy.ca\/fr\/wp-json\/wp\/v2\/pages\/80979\/revisions"}],"predecessor-version":[{"id":80986,"href":"https:\/\/physiotherapy.ca\/fr\/wp-json\/wp\/v2\/pages\/80979\/revisions\/80986"}],"up":[{"embeddable":true,"href":"https:\/\/physiotherapy.ca\/fr\/wp-json\/wp\/v2\/pages\/4234"}],"wp:attachment":[{"href":"https:\/\/physiotherapy.ca\/fr\/wp-json\/wp\/v2\/media?parent=80979"}],"wp:term":[{"taxonomy":"topic","embeddable":true,"href":"https:\/\/physiotherapy.ca\/fr\/wp-json\/wp\/v2\/topic?post=80979"}],"curies":[{"name":"wp","href":"https:\/\/api.w.org\/{rel}","templated":true}]}}