{"id":8137,"date":"2022-08-11T11:26:48","date_gmt":"2022-08-11T15:26:48","guid":{"rendered":"https:\/\/physiotherapy.ca\/?page_id=8137"},"modified":"2024-11-12T11:52:47","modified_gmt":"2024-11-12T16:52:47","slug":"lassemblee-nationale-des-assistants-physiotherapeutes-anap","status":"publish","type":"page","link":"https:\/\/physiotherapy.ca\/fr\/membership-fr\/assemblees\/lassemblee-nationale-des-assistants-physiotherapeutes-anap\/","title":{"rendered":"L\u2019Assembl\u00e9e nationale des assistants-physioth\u00e9rapeutes (ANAP)"},"content":{"rendered":"\n<p>L\u2019Assembl\u00e9e nationale des assistants-physioth\u00e9rapeutes (ANAP) repr\u00e9sente les int\u00e9r\u00eats particuliers et r\u00e9pond aux besoins des TRP et des assistants-physioth\u00e9rapeutes praticiens ou \u00e9tudiants au Canada et travaille activement \u00e0 la croissance et \u00e0 l\u2019avancement de leurs r\u00f4les pour la profession.<\/p>\n\n\n\n<h3 class=\"wp-block-heading\">\u00c0 propos de nous<\/h3>\n\n\n\n<p>Nous \u00e9lisons parmi nos membres nos propres dirigeants, qui sont b\u00e9n\u00e9voles. Leur travail consiste \u00e0 nous repr\u00e9senter au sein de l\u2019Association canadienne de physioth\u00e9rapie (ACP) et de la communaut\u00e9 professionnelle des physioth\u00e9rapeutes.<\/p>\n\n\n\n<p>Nous sommes \u00e9galement actifs tout au cours de l\u2019ann\u00e9e et communiquons avec les \u00e9coles qui offrent des programmes de formation pour assistants-physioth\u00e9rapeutes, en plus d\u2019accro\u00eetre nos comp\u00e9tences gr\u00e2ce \u00e0 de la formation continue offerte par nos coll\u00e8gues d\u2019un oc\u00e9an \u00e0 l\u2019autre.&nbsp;<\/p>\n\n\n\n<p>Nos membres peuvent \u00e9largir leur r\u00e9seau, profiter de possibilit\u00e9s de d\u00e9veloppement professionnel et b\u00e9n\u00e9ficier d\u2019une voix efficace qui contribue \u00e0 fa\u00e7onner l\u2019avenir des assistants-physioth\u00e9rapeutes et des TRP au Canada.<\/p>\n\n\n\n<p>Nous informons r\u00e9guli\u00e8rement nos membres par l\u2019interm\u00e9diaire de nos infolettres et des m\u00e9dias sociaux, qui les gardent bien au fait des derni\u00e8res nouvelles et des faits saillants au sein de la profession. Les membres de l\u2019ACP sont tr\u00e8s respect\u00e9s au sein de la profession. Nous \u00e9coutons nos membres, nous sommes engag\u00e9s pour l\u2019excellence et nous travaillons ensemble \u00e0 am\u00e9liorer la sant\u00e9 des Canadiens.<\/p>\n\n\n\n<p>Vous \u00eates admissible \u00e0 l&#8217;adh\u00e9sion gratuite pour les \u00e9tudiants Assistant Physioth\u00e9rapeute si vous \u00eates inscrit \u00e0 un programme d&#8217;\u00e9ducation formelle reconnue (programmes&nbsp;accr\u00e9dit\u00e9s&nbsp;ou le&nbsp;statut de candidat).<\/p>\n\n\n\n<h3 class=\"wp-block-heading\">Formation continue<\/h3>\n\n\n\n<p>Les membres de l\u2019Assembl\u00e9e nationale des assistants-physioth\u00e9rapeutes (ANAP) sont invit\u00e9s \u00e0 demander plus d\u2019information sur leur admissibilit\u00e9 aux programmes de d\u00e9veloppement professionnel offerts par l\u2019Association canadienne de physioth\u00e9rapie, ses branches, ses conseils et ses divisions. &nbsp;<\/p>\n\n\n\n<h3 class=\"wp-block-heading\">Pour en savoir plus sur les AP :<\/h3>\n\n\n\n<p><a href=\"https:\/\/physiotherapy.ca\/app\/uploads\/2022\/08\/PTA-profile-2012-French.pdf\">Profil des comp\u00e9tences essentielles des assistants-physioth\u00e9rapeutes au Canada (2012)&nbsp;<\/a><\/p>\n\n\n\n<p>Ce profil de comp\u00e9tences est un document de base qui d\u00e9crit les comp\u00e9tences essentielles n\u00e9cessaires aux assistants-physioth\u00e9rapeutes.<\/p>\n\n\n\n<p>Le Programme d\u2019agr\u00e9ment de l\u2019enseignement \u00e0 l\u2019assistant de l\u2019ergoth\u00e9rapeute et \u00e0 l\u2019assistant du physioth\u00e9rapeute (PAE AE &amp; AP) est responsable de l\u2019agr\u00e9ment des programmes d\u2019enseignement \u00e0 l\u2019assistant de l\u2019ergoth\u00e9rapeute et \u00e0 l\u2019assistant du physioth\u00e9rapeute au Canada. Le Programme est vou\u00e9 \u00e0 optimiser la contribution des AE et AP \u00e0 la sant\u00e9 et au bien-\u00eatre des Canadiens par l\u2019avancement de la formation de qualit\u00e9. Visitez le&nbsp;<a href=\"http:\/\/www.otapta.ca\/\" target=\"_blank\" rel=\"noreferrer noopener\">www.otapta.ca<\/a>&nbsp;pour en savoir plus et pour consulter la liste des programmes d\u2019enseignement affili\u00e9s.<\/p>\n\n\n\n<h3 class=\"wp-block-heading\">Pour en savoir plus sur les TRP :<\/h3>\n\n\n\n<p><a href=\"https:\/\/oppq.qc.ca\/blogue\/les-professionnels-de-la-physiotherapie\/\" target=\"_blank\" rel=\"noreferrer noopener\">https:\/\/oppq.qc.ca\/blogue\/les-professionnels-de-la-physiotherapie\/<\/a><\/p>\n\n\n\n<p><a href=\"https:\/\/oppq.qc.ca\/wp-content\/uploads\/2015\/08\/OPPQ-TRP-web.pdf\" target=\"_blank\" rel=\"noreferrer noopener\">https:\/\/oppq.qc.ca\/wp-content\/uploads\/2015\/08\/OPPQ-TRP-web.pdf<\/a><\/p>\n\n\n\n<p><\/p>\n\n\n\n<p><\/p>\n","protected":false},"excerpt":{"rendered":"<p>L\u2019Assembl\u00e9e nationale des assistants-physioth\u00e9rapeutes (ANAP) repr\u00e9sente les int\u00e9r\u00eats particuliers et r\u00e9pond aux besoins des TRP et des assistants-physioth\u00e9rapeutes praticiens ou \u00e9tudiants au Canada et travaille activement \u00e0 la croissance et \u00e0 l\u2019avancement de leurs r\u00f4les pour la profession. \u00c0 propos [&hellip;]<\/p>\n","protected":false},"author":1,"featured_media":0,"parent":4224,"menu_order":1,"comment_status":"closed","ping_status":"closed","template":"","meta":{"inline_featured_image":false,"ep_exclude_from_search":false,"footnotes":""},"topic":[],"class_list":["post-8137","page","type-page","status-publish","hentry"],"acf":[],"yoast_head":"<!-- This site is optimized with the Yoast SEO plugin v24.7 - https:\/\/yoast.com\/wordpress\/plugins\/seo\/ -->\n<title>L\u2019Assembl\u00e9e nationale des assistants-physioth\u00e9rapeutes (ANAP) - Canadian Physiotherapy Association<\/title>\n<meta name=\"robots\" content=\"index, follow, max-snippet:-1, max-image-preview:large, max-video-preview:-1\" \/>\n<link rel=\"canonical\" href=\"https:\/\/physiotherapy.ca\/fr\/membership-fr\/assemblees\/lassemblee-nationale-des-assistants-physiotherapeutes-anap\/\" \/>\n<meta property=\"og:locale\" content=\"fr_FR\" \/>\n<meta property=\"og:type\" content=\"article\" \/>\n<meta property=\"og:title\" content=\"L\u2019Assembl\u00e9e nationale des assistants-physioth\u00e9rapeutes (ANAP) - Canadian Physiotherapy Association\" \/>\n<meta property=\"og:description\" content=\"L\u2019Assembl\u00e9e nationale des assistants-physioth\u00e9rapeutes (ANAP) repr\u00e9sente les int\u00e9r\u00eats particuliers et r\u00e9pond aux besoins des TRP et des assistants-physioth\u00e9rapeutes praticiens ou \u00e9tudiants au Canada et travaille activement \u00e0 la croissance et \u00e0 l\u2019avancement de leurs r\u00f4les pour la profession. \u00c0 propos [&hellip;]\" \/>\n<meta property=\"og:url\" content=\"https:\/\/physiotherapy.ca\/fr\/membership-fr\/assemblees\/lassemblee-nationale-des-assistants-physiotherapeutes-anap\/\" \/>\n<meta property=\"og:site_name\" content=\"Canadian Physiotherapy Association\" \/>\n<meta property=\"article:modified_time\" content=\"2024-11-12T16:52:47+00:00\" \/>\n<meta name=\"twitter:card\" content=\"summary_large_image\" \/>\n<meta name=\"twitter:label1\" content=\"Est. reading time\" \/>\n\t<meta name=\"twitter:data1\" content=\"2 minutes\" \/>\n<script type=\"application\/ld+json\" class=\"yoast-schema-graph\">{\"@context\":\"https:\/\/schema.org\",\"@graph\":[{\"@type\":\"WebPage\",\"@id\":\"https:\/\/physiotherapy.ca\/fr\/membership-fr\/assemblees\/lassemblee-nationale-des-assistants-physiotherapeutes-anap\/\",\"url\":\"https:\/\/physiotherapy.ca\/fr\/membership-fr\/assemblees\/lassemblee-nationale-des-assistants-physiotherapeutes-anap\/\",\"name\":\"L\u2019Assembl\u00e9e nationale des assistants-physioth\u00e9rapeutes (ANAP) - Canadian Physiotherapy Association\",\"isPartOf\":{\"@id\":\"https:\/\/physiotherapy.ca\/#website\"},\"datePublished\":\"2022-08-11T15:26:48+00:00\",\"dateModified\":\"2024-11-12T16:52:47+00:00\",\"breadcrumb\":{\"@id\":\"https:\/\/physiotherapy.ca\/fr\/membership-fr\/assemblees\/lassemblee-nationale-des-assistants-physiotherapeutes-anap\/#breadcrumb\"},\"inLanguage\":\"fr-FR\",\"potentialAction\":[{\"@type\":\"ReadAction\",\"target\":[\"https:\/\/physiotherapy.ca\/fr\/membership-fr\/assemblees\/lassemblee-nationale-des-assistants-physiotherapeutes-anap\/\"]}]},{\"@type\":\"BreadcrumbList\",\"@id\":\"https:\/\/physiotherapy.ca\/fr\/membership-fr\/assemblees\/lassemblee-nationale-des-assistants-physiotherapeutes-anap\/#breadcrumb\",\"itemListElement\":[{\"@type\":\"ListItem\",\"position\":1,\"name\":\"Home\",\"item\":\"https:\/\/physiotherapy.ca\/fr\/\"},{\"@type\":\"ListItem\",\"position\":2,\"name\":\"Membership FR\",\"item\":\"https:\/\/physiotherapy.ca\/fr\/membership-fr\/\"},{\"@type\":\"ListItem\",\"position\":3,\"name\":\"Assembl\u00e9es\",\"item\":\"https:\/\/physiotherapy.ca\/fr\/membership-fr\/assemblees\/\"},{\"@type\":\"ListItem\",\"position\":4,\"name\":\"L\u2019Assembl\u00e9e nationale des assistants-physioth\u00e9rapeutes (ANAP)\"}]},{\"@type\":\"WebSite\",\"@id\":\"https:\/\/physiotherapy.ca\/#website\",\"url\":\"https:\/\/physiotherapy.ca\/\",\"name\":\"Canadian Physiotherapy Association\",\"description\":\"The Canadian Physiotherapy Association (CPA) represents over 16,000 physiotherapy professionals and students across Canada.\",\"potentialAction\":[{\"@type\":\"SearchAction\",\"target\":{\"@type\":\"EntryPoint\",\"urlTemplate\":\"https:\/\/physiotherapy.ca\/?s={search_term_string}\"},\"query-input\":{\"@type\":\"PropertyValueSpecification\",\"valueRequired\":true,\"valueName\":\"search_term_string\"}}],\"inLanguage\":\"fr-FR\"}]}<\/script>\n<!-- \/ Yoast SEO plugin. -->","yoast_head_json":{"title":"L\u2019Assembl\u00e9e nationale des assistants-physioth\u00e9rapeutes (ANAP) - Canadian Physiotherapy Association","robots":{"index":"index","follow":"follow","max-snippet":"max-snippet:-1","max-image-preview":"max-image-preview:large","max-video-preview":"max-video-preview:-1"},"canonical":"https:\/\/physiotherapy.ca\/fr\/membership-fr\/assemblees\/lassemblee-nationale-des-assistants-physiotherapeutes-anap\/","og_locale":"fr_FR","og_type":"article","og_title":"L\u2019Assembl\u00e9e nationale des assistants-physioth\u00e9rapeutes (ANAP) - Canadian Physiotherapy Association","og_description":"L\u2019Assembl\u00e9e nationale des assistants-physioth\u00e9rapeutes (ANAP) repr\u00e9sente les int\u00e9r\u00eats particuliers et r\u00e9pond aux besoins des TRP et des assistants-physioth\u00e9rapeutes praticiens ou \u00e9tudiants au Canada et travaille activement \u00e0 la croissance et \u00e0 l\u2019avancement de leurs r\u00f4les pour la profession. \u00c0 propos [&hellip;]","og_url":"https:\/\/physiotherapy.ca\/fr\/membership-fr\/assemblees\/lassemblee-nationale-des-assistants-physiotherapeutes-anap\/","og_site_name":"Canadian Physiotherapy Association","article_modified_time":"2024-11-12T16:52:47+00:00","twitter_card":"summary_large_image","twitter_misc":{"Est. reading time":"2 minutes"},"schema":{"@context":"https:\/\/schema.org","@graph":[{"@type":"WebPage","@id":"https:\/\/physiotherapy.ca\/fr\/membership-fr\/assemblees\/lassemblee-nationale-des-assistants-physiotherapeutes-anap\/","url":"https:\/\/physiotherapy.ca\/fr\/membership-fr\/assemblees\/lassemblee-nationale-des-assistants-physiotherapeutes-anap\/","name":"L\u2019Assembl\u00e9e nationale des assistants-physioth\u00e9rapeutes (ANAP) - Canadian Physiotherapy Association","isPartOf":{"@id":"https:\/\/physiotherapy.ca\/#website"},"datePublished":"2022-08-11T15:26:48+00:00","dateModified":"2024-11-12T16:52:47+00:00","breadcrumb":{"@id":"https:\/\/physiotherapy.ca\/fr\/membership-fr\/assemblees\/lassemblee-nationale-des-assistants-physiotherapeutes-anap\/#breadcrumb"},"inLanguage":"fr-FR","potentialAction":[{"@type":"ReadAction","target":["https:\/\/physiotherapy.ca\/fr\/membership-fr\/assemblees\/lassemblee-nationale-des-assistants-physiotherapeutes-anap\/"]}]},{"@type":"BreadcrumbList","@id":"https:\/\/physiotherapy.ca\/fr\/membership-fr\/assemblees\/lassemblee-nationale-des-assistants-physiotherapeutes-anap\/#breadcrumb","itemListElement":[{"@type":"ListItem","position":1,"name":"Home","item":"https:\/\/physiotherapy.ca\/fr\/"},{"@type":"ListItem","position":2,"name":"Membership FR","item":"https:\/\/physiotherapy.ca\/fr\/membership-fr\/"},{"@type":"ListItem","position":3,"name":"Assembl\u00e9es","item":"https:\/\/physiotherapy.ca\/fr\/membership-fr\/assemblees\/"},{"@type":"ListItem","position":4,"name":"L\u2019Assembl\u00e9e nationale des assistants-physioth\u00e9rapeutes (ANAP)"}]},{"@type":"WebSite","@id":"https:\/\/physiotherapy.ca\/#website","url":"https:\/\/physiotherapy.ca\/","name":"Canadian Physiotherapy Association","description":"The Canadian Physiotherapy Association (CPA) represents over 16,000 physiotherapy professionals and students across Canada.","potentialAction":[{"@type":"SearchAction","target":{"@type":"EntryPoint","urlTemplate":"https:\/\/physiotherapy.ca\/?s={search_term_string}"},"query-input":{"@type":"PropertyValueSpecification","valueRequired":true,"valueName":"search_term_string"}}],"inLanguage":"fr-FR"}]}},"_links":{"self":[{"href":"https:\/\/physiotherapy.ca\/fr\/wp-json\/wp\/v2\/pages\/8137","targetHints":{"allow":["GET"]}}],"collection":[{"href":"https:\/\/physiotherapy.ca\/fr\/wp-json\/wp\/v2\/pages"}],"about":[{"href":"https:\/\/physiotherapy.ca\/fr\/wp-json\/wp\/v2\/types\/page"}],"author":[{"embeddable":true,"href":"https:\/\/physiotherapy.ca\/fr\/wp-json\/wp\/v2\/users\/1"}],"replies":[{"embeddable":true,"href":"https:\/\/physiotherapy.ca\/fr\/wp-json\/wp\/v2\/comments?post=8137"}],"version-history":[{"count":5,"href":"https:\/\/physiotherapy.ca\/fr\/wp-json\/wp\/v2\/pages\/8137\/revisions"}],"predecessor-version":[{"id":240417,"href":"https:\/\/physiotherapy.ca\/fr\/wp-json\/wp\/v2\/pages\/8137\/revisions\/240417"}],"up":[{"embeddable":true,"href":"https:\/\/physiotherapy.ca\/fr\/wp-json\/wp\/v2\/pages\/4224"}],"wp:attachment":[{"href":"https:\/\/physiotherapy.ca\/fr\/wp-json\/wp\/v2\/media?parent=8137"}],"wp:term":[{"taxonomy":"topic","embeddable":true,"href":"https:\/\/physiotherapy.ca\/fr\/wp-json\/wp\/v2\/topic?post=8137"}],"curies":[{"name":"wp","href":"https:\/\/api.w.org\/{rel}","templated":true}]}}