{"id":8141,"date":"2022-08-11T11:36:29","date_gmt":"2022-08-11T15:36:29","guid":{"rendered":"https:\/\/physiotherapy.ca\/?page_id=8141"},"modified":"2024-10-24T09:22:47","modified_gmt":"2024-10-24T13:22:47","slug":"assemblee-nationale-des-etudiants","status":"publish","type":"page","link":"https:\/\/physiotherapy.ca\/fr\/membership-fr\/assemblees\/assemblee-nationale-des-etudiants\/","title":{"rendered":"Assembl\u00e9e nationale des \u00e9tudiants"},"content":{"rendered":"\n<figure class=\"wp-block-image size-full\"><img loading=\"lazy\" decoding=\"async\" width=\"664\" height=\"151\" src=\"https:\/\/physiotherapy.ca\/app\/uploads\/2022\/08\/nsa-logos-web-white-bg-fr.png\" alt=\"\" class=\"wp-image-8142\" srcset=\"https:\/\/physiotherapy.ca\/app\/uploads\/2022\/08\/nsa-logos-web-white-bg-fr.png 664w, https:\/\/physiotherapy.ca\/app\/uploads\/2022\/08\/nsa-logos-web-white-bg-fr-600x136.png 600w, https:\/\/physiotherapy.ca\/app\/uploads\/2022\/08\/nsa-logos-web-white-bg-fr-300x68.png 300w, https:\/\/physiotherapy.ca\/app\/uploads\/2022\/08\/nsa-logos-web-white-bg-fr-390x89.png 390w\" sizes=\"auto, (max-width: 664px) 100vw, 664px\" \/><\/figure>\n\n\n\n<figure class=\"wp-block-embed is-type-video is-provider-youtube wp-block-embed-youtube wp-embed-aspect-16-9 wp-has-aspect-ratio\"><div class=\"wp-block-embed__wrapper\">\n<iframe loading=\"lazy\" title=\"Vous \u00eates physioth\u00e9rapeute....enfin, vous le serez bient\u00f4t!\" width=\"500\" height=\"281\" src=\"https:\/\/www.youtube.com\/embed\/0CjSvbESeFk?feature=oembed\" frameborder=\"0\" allow=\"accelerometer; autoplay; clipboard-write; encrypted-media; gyroscope; picture-in-picture; web-share\" referrerpolicy=\"strict-origin-when-cross-origin\" allowfullscreen><\/iframe>\n<\/div><\/figure>\n\n\n\n<h2 class=\"wp-block-heading\">Adh\u00e9sion<\/h2>\n\n\n\n<p>L\u2019adh\u00e9sion \u00e0 l\u2019Association canadienne de physioth\u00e9rapie est&nbsp;<strong>GRATUITE<\/strong>&nbsp;<strong>pour les \u00e9tudiants en physioth\u00e9rapie et les \u00e9tudiants assistants-physioth\u00e9rapeutes<\/strong>!&nbsp;&nbsp;<\/p>\n\n\n\n<p>As a student member, you will have access to a wide range of services to help you begin your career, Comme membre \u00e9tudiant, vous avez acc\u00e8s \u00e0 toute une gamme de services pour vous aider \u00e0 lancer votre carri\u00e8re, qu\u2019il s\u2019agisse d\u2019obtenir un premier emploi, d\u2019acqu\u00e9rir les comp\u00e9tences requises pour g\u00e9rer votre cabinet ou de comprendre vos obligations \u00e0 titre de professionnel de la sant\u00e9. Vous adh\u00e9rez aussi gratuitement aux 14\u00a0<a href=\"https:\/\/physiotherapy.ca\/fr\/membership-fr\/divisions-2\/\">divisions<\/a>\u00a0de l\u2019ACP,\u00a0afin de rester au fait de l\u2019actualit\u00e9 et des ressources les plus pr\u00e9cieuses, dans tous les domaines de sp\u00e9cialit\u00e9.\u00a0Notre nouvelle ressource \u00ab\u00a0<a href=\"https:\/\/physiotherapy.ca\/app\/uploads\/2024\/10\/ANE-Introducing-CPA-Divisions-Assemblies.pdf\">Une <\/a><a href=\"https:\/\/physiotherapy.ca\/app\/uploads\/2024\/10\/ANE-Introducing-CPA-Divisions-Assemblies.pdf\" target=\"_blank\" rel=\"noreferrer noopener\">introduction aux divisions et aux assembl\u00e9es de l\u2019ACP<\/a>\u00a0\u00bb vous permettra d\u2019entendre directement les b\u00e9n\u00e9voles de chaque division, d\u2019explorer vos int\u00e9r\u00eats et de communiquer avec les groupes sur lesquels vous voulez en savoir plus.<\/p>\n\n\n\n<p>Informez-vous sur les&nbsp;<a href=\"https:\/\/physiotherapy.ca\/fr\/membership-fr\/assemblees\/assemblee-nationale-des-etudiants\/avantages\/\">avantages des membres \u00e9tudiants.<\/a><\/p>\n\n\n\n<h2 class=\"wp-block-heading\">Admissibilit\u00e9<\/h2>\n\n\n\n<p>Vous \u00eates admissible \u00e0 l&#8217;adh\u00e9sion \u00e9tudiante gratuite si vous \u00eates inscrit \u00e0 :<\/p>\n\n\n\n<ul class=\"wp-block-list\">\n<li>un&nbsp;programme de physioth\u00e9rapie menant \u00e0 un dipl\u00f4me de premier cycle reconnu d\u2019une universit\u00e9 canadienne<\/li>\n\n\n\n<li>un&nbsp;programme international reconnu d\u2019\u00e9tudes sup\u00e9rieures de transition en physioth\u00e9rapie Ouvre dans une nouvelle fen\u00eatre<\/li>\n\n\n\n<li>Vous \u00eates admissible \u00e0 l&#8217;adh\u00e9sion GRATUITE \u00e0 titre d\u2019\u00e9tudiant assistant-physioth\u00e9rapeute si vous \u00eates inscrit \u00e0 un programme d&#8217;enseignement officiel reconnu (<a href=\"http:\/\/otapta.ca\/french\/accreditation\/accreditation-status.php\" target=\"_blank\" rel=\"noreferrer noopener\">agr\u00e9\u00e9<\/a>&nbsp;ou&nbsp;<a href=\"http:\/\/otapta.ca\/french\/accreditation\/candidacy-status.php\" target=\"_blank\" rel=\"noreferrer noopener\">candidat \u00e0 l\u2019agr\u00e9ment<\/a>)<\/li>\n<\/ul>\n\n\n\n<h2 class=\"wp-block-heading\">N&#8217;attendez pas!<\/h2>\n\n\n\n<div class=\"wp-block-buttons is-layout-flex wp-block-buttons-is-layout-flex\">\n<div class=\"wp-block-button\"><a class=\"wp-block-button__link wp-element-button\" href=\"https:\/\/physiotherapy.ca\/create-account \"><strong>Devenez membre d\u00e8s aujourd&#8217;hui!<\/strong><\/a><\/div>\n<\/div>\n","protected":false},"excerpt":{"rendered":"<p>Adh\u00e9sion L\u2019adh\u00e9sion \u00e0 l\u2019Association canadienne de physioth\u00e9rapie est&nbsp;GRATUITE&nbsp;pour les \u00e9tudiants en physioth\u00e9rapie et les \u00e9tudiants assistants-physioth\u00e9rapeutes!&nbsp;&nbsp; As a student member, you will have access to a wide range of services to help you begin your career, Comme membre \u00e9tudiant, vous [&hellip;]<\/p>\n","protected":false},"author":1,"featured_media":0,"parent":4224,"menu_order":2,"comment_status":"closed","ping_status":"closed","template":"","meta":{"inline_featured_image":false,"ep_exclude_from_search":false,"footnotes":""},"topic":[],"class_list":["post-8141","page","type-page","status-publish","hentry"],"acf":[],"yoast_head":"<!-- This site is optimized with the Yoast SEO plugin v24.7 - https:\/\/yoast.com\/wordpress\/plugins\/seo\/ -->\n<title>Assembl\u00e9e nationale des \u00e9tudiants - Canadian Physiotherapy Association<\/title>\n<meta name=\"robots\" content=\"index, follow, max-snippet:-1, max-image-preview:large, max-video-preview:-1\" \/>\n<link rel=\"canonical\" href=\"https:\/\/physiotherapy.ca\/fr\/membership-fr\/assemblees\/assemblee-nationale-des-etudiants\/\" \/>\n<meta property=\"og:locale\" content=\"fr_FR\" \/>\n<meta property=\"og:type\" content=\"article\" \/>\n<meta property=\"og:title\" content=\"Assembl\u00e9e nationale des \u00e9tudiants - Canadian Physiotherapy Association\" \/>\n<meta property=\"og:description\" content=\"Adh\u00e9sion L\u2019adh\u00e9sion \u00e0 l\u2019Association canadienne de physioth\u00e9rapie est&nbsp;GRATUITE&nbsp;pour les \u00e9tudiants en physioth\u00e9rapie et les \u00e9tudiants assistants-physioth\u00e9rapeutes!&nbsp;&nbsp; As a student member, you will have access to a wide range of services to help you begin your career, Comme membre \u00e9tudiant, vous [&hellip;]\" \/>\n<meta property=\"og:url\" content=\"https:\/\/physiotherapy.ca\/fr\/membership-fr\/assemblees\/assemblee-nationale-des-etudiants\/\" \/>\n<meta property=\"og:site_name\" content=\"Canadian Physiotherapy Association\" \/>\n<meta property=\"article:modified_time\" content=\"2024-10-24T13:22:47+00:00\" \/>\n<meta property=\"og:image\" content=\"https:\/\/physiotherapy.ca\/app\/uploads\/2022\/08\/nsa-logos-web-white-bg-fr.png\" \/>\n<meta name=\"twitter:card\" content=\"summary_large_image\" \/>\n<meta name=\"twitter:label1\" content=\"Est. reading time\" \/>\n\t<meta name=\"twitter:data1\" content=\"2 minutes\" \/>\n<script type=\"application\/ld+json\" class=\"yoast-schema-graph\">{\"@context\":\"https:\/\/schema.org\",\"@graph\":[{\"@type\":\"WebPage\",\"@id\":\"https:\/\/physiotherapy.ca\/fr\/membership-fr\/assemblees\/assemblee-nationale-des-etudiants\/\",\"url\":\"https:\/\/physiotherapy.ca\/fr\/membership-fr\/assemblees\/assemblee-nationale-des-etudiants\/\",\"name\":\"Assembl\u00e9e nationale des \u00e9tudiants - Canadian Physiotherapy Association\",\"isPartOf\":{\"@id\":\"https:\/\/physiotherapy.ca\/#website\"},\"primaryImageOfPage\":{\"@id\":\"https:\/\/physiotherapy.ca\/fr\/membership-fr\/assemblees\/assemblee-nationale-des-etudiants\/#primaryimage\"},\"image\":{\"@id\":\"https:\/\/physiotherapy.ca\/fr\/membership-fr\/assemblees\/assemblee-nationale-des-etudiants\/#primaryimage\"},\"thumbnailUrl\":\"https:\/\/physiotherapy.ca\/app\/uploads\/2022\/08\/nsa-logos-web-white-bg-fr.png\",\"datePublished\":\"2022-08-11T15:36:29+00:00\",\"dateModified\":\"2024-10-24T13:22:47+00:00\",\"breadcrumb\":{\"@id\":\"https:\/\/physiotherapy.ca\/fr\/membership-fr\/assemblees\/assemblee-nationale-des-etudiants\/#breadcrumb\"},\"inLanguage\":\"fr-FR\",\"potentialAction\":[{\"@type\":\"ReadAction\",\"target\":[\"https:\/\/physiotherapy.ca\/fr\/membership-fr\/assemblees\/assemblee-nationale-des-etudiants\/\"]}]},{\"@type\":\"ImageObject\",\"inLanguage\":\"fr-FR\",\"@id\":\"https:\/\/physiotherapy.ca\/fr\/membership-fr\/assemblees\/assemblee-nationale-des-etudiants\/#primaryimage\",\"url\":\"https:\/\/physiotherapy.ca\/app\/uploads\/2022\/08\/nsa-logos-web-white-bg-fr.png\",\"contentUrl\":\"https:\/\/physiotherapy.ca\/app\/uploads\/2022\/08\/nsa-logos-web-white-bg-fr.png\"},{\"@type\":\"BreadcrumbList\",\"@id\":\"https:\/\/physiotherapy.ca\/fr\/membership-fr\/assemblees\/assemblee-nationale-des-etudiants\/#breadcrumb\",\"itemListElement\":[{\"@type\":\"ListItem\",\"position\":1,\"name\":\"Home\",\"item\":\"https:\/\/physiotherapy.ca\/fr\/\"},{\"@type\":\"ListItem\",\"position\":2,\"name\":\"Membership FR\",\"item\":\"https:\/\/physiotherapy.ca\/fr\/membership-fr\/\"},{\"@type\":\"ListItem\",\"position\":3,\"name\":\"Assembl\u00e9es\",\"item\":\"https:\/\/physiotherapy.ca\/fr\/membership-fr\/assemblees\/\"},{\"@type\":\"ListItem\",\"position\":4,\"name\":\"Assembl\u00e9e nationale des \u00e9tudiants\"}]},{\"@type\":\"WebSite\",\"@id\":\"https:\/\/physiotherapy.ca\/#website\",\"url\":\"https:\/\/physiotherapy.ca\/\",\"name\":\"Canadian Physiotherapy Association\",\"description\":\"The Canadian Physiotherapy Association (CPA) represents over 16,000 physiotherapy professionals and students across Canada.\",\"potentialAction\":[{\"@type\":\"SearchAction\",\"target\":{\"@type\":\"EntryPoint\",\"urlTemplate\":\"https:\/\/physiotherapy.ca\/?s={search_term_string}\"},\"query-input\":{\"@type\":\"PropertyValueSpecification\",\"valueRequired\":true,\"valueName\":\"search_term_string\"}}],\"inLanguage\":\"fr-FR\"}]}<\/script>\n<!-- \/ Yoast SEO plugin. -->","yoast_head_json":{"title":"Assembl\u00e9e nationale des \u00e9tudiants - Canadian Physiotherapy Association","robots":{"index":"index","follow":"follow","max-snippet":"max-snippet:-1","max-image-preview":"max-image-preview:large","max-video-preview":"max-video-preview:-1"},"canonical":"https:\/\/physiotherapy.ca\/fr\/membership-fr\/assemblees\/assemblee-nationale-des-etudiants\/","og_locale":"fr_FR","og_type":"article","og_title":"Assembl\u00e9e nationale des \u00e9tudiants - Canadian Physiotherapy Association","og_description":"Adh\u00e9sion L\u2019adh\u00e9sion \u00e0 l\u2019Association canadienne de physioth\u00e9rapie est&nbsp;GRATUITE&nbsp;pour les \u00e9tudiants en physioth\u00e9rapie et les \u00e9tudiants assistants-physioth\u00e9rapeutes!&nbsp;&nbsp; As a student member, you will have access to a wide range of services to help you begin your career, Comme membre \u00e9tudiant, vous [&hellip;]","og_url":"https:\/\/physiotherapy.ca\/fr\/membership-fr\/assemblees\/assemblee-nationale-des-etudiants\/","og_site_name":"Canadian Physiotherapy Association","article_modified_time":"2024-10-24T13:22:47+00:00","og_image":[{"url":"https:\/\/physiotherapy.ca\/app\/uploads\/2022\/08\/nsa-logos-web-white-bg-fr.png","type":"","width":"","height":""}],"twitter_card":"summary_large_image","twitter_misc":{"Est. reading time":"2 minutes"},"schema":{"@context":"https:\/\/schema.org","@graph":[{"@type":"WebPage","@id":"https:\/\/physiotherapy.ca\/fr\/membership-fr\/assemblees\/assemblee-nationale-des-etudiants\/","url":"https:\/\/physiotherapy.ca\/fr\/membership-fr\/assemblees\/assemblee-nationale-des-etudiants\/","name":"Assembl\u00e9e nationale des \u00e9tudiants - Canadian Physiotherapy Association","isPartOf":{"@id":"https:\/\/physiotherapy.ca\/#website"},"primaryImageOfPage":{"@id":"https:\/\/physiotherapy.ca\/fr\/membership-fr\/assemblees\/assemblee-nationale-des-etudiants\/#primaryimage"},"image":{"@id":"https:\/\/physiotherapy.ca\/fr\/membership-fr\/assemblees\/assemblee-nationale-des-etudiants\/#primaryimage"},"thumbnailUrl":"https:\/\/physiotherapy.ca\/app\/uploads\/2022\/08\/nsa-logos-web-white-bg-fr.png","datePublished":"2022-08-11T15:36:29+00:00","dateModified":"2024-10-24T13:22:47+00:00","breadcrumb":{"@id":"https:\/\/physiotherapy.ca\/fr\/membership-fr\/assemblees\/assemblee-nationale-des-etudiants\/#breadcrumb"},"inLanguage":"fr-FR","potentialAction":[{"@type":"ReadAction","target":["https:\/\/physiotherapy.ca\/fr\/membership-fr\/assemblees\/assemblee-nationale-des-etudiants\/"]}]},{"@type":"ImageObject","inLanguage":"fr-FR","@id":"https:\/\/physiotherapy.ca\/fr\/membership-fr\/assemblees\/assemblee-nationale-des-etudiants\/#primaryimage","url":"https:\/\/physiotherapy.ca\/app\/uploads\/2022\/08\/nsa-logos-web-white-bg-fr.png","contentUrl":"https:\/\/physiotherapy.ca\/app\/uploads\/2022\/08\/nsa-logos-web-white-bg-fr.png"},{"@type":"BreadcrumbList","@id":"https:\/\/physiotherapy.ca\/fr\/membership-fr\/assemblees\/assemblee-nationale-des-etudiants\/#breadcrumb","itemListElement":[{"@type":"ListItem","position":1,"name":"Home","item":"https:\/\/physiotherapy.ca\/fr\/"},{"@type":"ListItem","position":2,"name":"Membership FR","item":"https:\/\/physiotherapy.ca\/fr\/membership-fr\/"},{"@type":"ListItem","position":3,"name":"Assembl\u00e9es","item":"https:\/\/physiotherapy.ca\/fr\/membership-fr\/assemblees\/"},{"@type":"ListItem","position":4,"name":"Assembl\u00e9e nationale des \u00e9tudiants"}]},{"@type":"WebSite","@id":"https:\/\/physiotherapy.ca\/#website","url":"https:\/\/physiotherapy.ca\/","name":"Canadian Physiotherapy Association","description":"The Canadian Physiotherapy Association (CPA) represents over 16,000 physiotherapy professionals and students across Canada.","potentialAction":[{"@type":"SearchAction","target":{"@type":"EntryPoint","urlTemplate":"https:\/\/physiotherapy.ca\/?s={search_term_string}"},"query-input":{"@type":"PropertyValueSpecification","valueRequired":true,"valueName":"search_term_string"}}],"inLanguage":"fr-FR"}]}},"_links":{"self":[{"href":"https:\/\/physiotherapy.ca\/fr\/wp-json\/wp\/v2\/pages\/8141","targetHints":{"allow":["GET"]}}],"collection":[{"href":"https:\/\/physiotherapy.ca\/fr\/wp-json\/wp\/v2\/pages"}],"about":[{"href":"https:\/\/physiotherapy.ca\/fr\/wp-json\/wp\/v2\/types\/page"}],"author":[{"embeddable":true,"href":"https:\/\/physiotherapy.ca\/fr\/wp-json\/wp\/v2\/users\/1"}],"replies":[{"embeddable":true,"href":"https:\/\/physiotherapy.ca\/fr\/wp-json\/wp\/v2\/comments?post=8141"}],"version-history":[{"count":5,"href":"https:\/\/physiotherapy.ca\/fr\/wp-json\/wp\/v2\/pages\/8141\/revisions"}],"predecessor-version":[{"id":238088,"href":"https:\/\/physiotherapy.ca\/fr\/wp-json\/wp\/v2\/pages\/8141\/revisions\/238088"}],"up":[{"embeddable":true,"href":"https:\/\/physiotherapy.ca\/fr\/wp-json\/wp\/v2\/pages\/4224"}],"wp:attachment":[{"href":"https:\/\/physiotherapy.ca\/fr\/wp-json\/wp\/v2\/media?parent=8141"}],"wp:term":[{"taxonomy":"topic","embeddable":true,"href":"https:\/\/physiotherapy.ca\/fr\/wp-json\/wp\/v2\/topic?post=8141"}],"curies":[{"name":"wp","href":"https:\/\/api.w.org\/{rel}","templated":true}]}}