{"id":8147,"date":"2022-08-11T11:52:38","date_gmt":"2022-08-11T15:52:38","guid":{"rendered":"https:\/\/physiotherapy.ca\/?page_id=8147"},"modified":"2025-07-02T16:08:06","modified_gmt":"2025-07-02T20:08:06","slug":"votre-ane","status":"publish","type":"page","link":"https:\/\/physiotherapy.ca\/fr\/membership-fr\/assemblees\/assemblee-nationale-des-etudiants\/votre-ane\/","title":{"rendered":"Votre AN\u00c9"},"content":{"rendered":"\n<figure class=\"wp-block-image size-full\"><img loading=\"lazy\" decoding=\"async\" width=\"664\" height=\"151\" src=\"https:\/\/physiotherapy.ca\/app\/uploads\/2022\/08\/nsa-logos-web-white-bg-fr.png\" alt=\"\" class=\"wp-image-8142\" srcset=\"https:\/\/physiotherapy.ca\/app\/uploads\/2022\/08\/nsa-logos-web-white-bg-fr.png 664w, https:\/\/physiotherapy.ca\/app\/uploads\/2022\/08\/nsa-logos-web-white-bg-fr-600x136.png 600w, https:\/\/physiotherapy.ca\/app\/uploads\/2022\/08\/nsa-logos-web-white-bg-fr-300x68.png 300w, https:\/\/physiotherapy.ca\/app\/uploads\/2022\/08\/nsa-logos-web-white-bg-fr-390x89.png 390w\" sizes=\"auto, (max-width: 664px) 100vw, 664px\" \/><\/figure>\n\n\n\n<h3 class=\"wp-block-heading\">\u00ab Qui sommes-nous? \u00bb<\/h3>\n\n\n\n<ul class=\"wp-block-list\">\n<li>Fond\u00e9e en 1996, l\u2019Assembl\u00e9e nationale des \u00e9tudiants (AN\u00c9) est la voix unifi\u00e9e de tous les membres \u00e9tudiants en physioth\u00e9rapie \u00e0 travers le Canada et fait partie de l\u2019Association canadienne de physioth\u00e9rapie.<\/li>\n\n\n\n<li>Tous les \u00e9tudiants inscrits aupr\u00e8s de l\u2019ACP sont consid\u00e9r\u00e9s comme membres de l\u2019Assembl\u00e9e nationale \u00e9tudiante!<\/li>\n\n\n\n<li>Notre \u00e9quipe de direction comprend quatre repr\u00e9sentants (c.-\u00e0-d. deux \u00e9tudiants juniors et deux \u00e9tudiants seniors) de chacun des programmes universitaires de physioth\u00e9rapie du Canada, en plus de nos repr\u00e9sentants \u00e9tudiants de division\/section.<\/li>\n<\/ul>\n\n\n\n<div class=\"wp-block-columns is-layout-flex wp-container-core-columns-is-layout-1 wp-block-columns-is-layout-flex\">\n<div class=\"wp-block-column is-layout-flow wp-block-column-is-layout-flow\"><div class=\"wp-block-image\">\n<figure class=\"alignleft size-full is-resized\"><img loading=\"lazy\" decoding=\"async\" width=\"728\" height=\"546\" src=\"https:\/\/physiotherapy.ca\/app\/uploads\/2025\/06\/NSA-group.jpg\" alt=\"\" class=\"wp-image-271173\" style=\"aspect-ratio:4\/3;object-fit:cover;width:337px\" srcset=\"https:\/\/physiotherapy.ca\/app\/uploads\/2025\/06\/NSA-group.jpg 728w, https:\/\/physiotherapy.ca\/app\/uploads\/2025\/06\/NSA-group-300x225.jpg 300w, https:\/\/physiotherapy.ca\/app\/uploads\/2025\/06\/NSA-group-267x200.jpg 267w, https:\/\/physiotherapy.ca\/app\/uploads\/2025\/06\/NSA-group-600x450.jpg 600w\" sizes=\"auto, (max-width: 728px) 100vw, 728px\" \/><figcaption class=\"wp-element-caption\">Nos repr\u00e9sentants de l\u2019AN\u00c9 de l\u2019Ontario \u00e0 InterACTION&nbsp;2025 \u00e0 Toronto, Ont.<\/figcaption><\/figure><\/div><\/div>\n\n\n\n<div class=\"wp-block-column is-layout-flow wp-block-column-is-layout-flow\"><div class=\"wp-block-image\">\n<figure class=\"alignleft size-full is-resized\"><img loading=\"lazy\" decoding=\"async\" width=\"597\" height=\"448\" src=\"https:\/\/physiotherapy.ca\/app\/uploads\/2025\/06\/NSA-Congress-1.jpg\" alt=\"\" class=\"wp-image-271179\" style=\"aspect-ratio:4\/3;object-fit:cover;width:337px\" srcset=\"https:\/\/physiotherapy.ca\/app\/uploads\/2025\/06\/NSA-Congress-1.jpg 597w, https:\/\/physiotherapy.ca\/app\/uploads\/2025\/06\/NSA-Congress-1-300x225.jpg 300w, https:\/\/physiotherapy.ca\/app\/uploads\/2025\/06\/NSA-Congress-1-267x200.jpg 267w\" sizes=\"auto, (max-width: 597px) 100vw, 597px\" \/><figcaption class=\"wp-element-caption\">Quelques-uns de nos membres de l\u2019AN\u00c9 au Congr\u00e8s&nbsp;2024 \u00e0 Vancouver, C.-B.<\/figcaption><\/figure><\/div><\/div>\n<\/div>\n\n\n\n<p>Si vous \u00eates actuellement impliqu\u00e9 dans une division ou une section, nous vous encourageons \u00e0 devenir repr\u00e9sentant \u00e9tudiant de division\/section!<\/p>\n\n\n\n<h3 class=\"wp-block-heading\">Notre mission<\/h3>\n\n\n\n<ul class=\"wp-block-list\">\n<li>Promouvoir le r\u00f4le de l\u2019ACP dans le d\u00e9veloppement et l\u2019avancement des \u00e9tudiants en physioth\u00e9rapie.<\/li>\n\n\n\n<li>Repr\u00e9senter la voix des \u00e9tudiants aupr\u00e8s de l\u2019ACP lors des conversations aux niveaux local, provincial et national.<\/li>\n\n\n\n<li>Faciliter et favoriser les liens entre les \u00e9tudiants en physioth\u00e9rapie entrants et actuels, les nouveaux dipl\u00f4m\u00e9s et leurs communaut\u00e9s canadiennes.<\/li>\n<\/ul>\n\n\n\n<h3 class=\"wp-block-heading\">Notre vision<\/h3>\n\n\n\n<p>Que vous, vos camarades de classe et vos coll\u00e8gues&nbsp;:<\/p>\n\n\n\n<ol class=\"wp-block-list\">\n<li>Vous impliquiez davantage aupr\u00e8s de l\u2019ACP, de ses divisions et de ses sections pour en apprendre davantage sur votre profession.&nbsp;<\/li>\n\n\n\n<li>Fournissiez de l\u2019\u00e9ducation et de l\u2019information aux Canadiens sur les avantages de la physioth\u00e9rapie.<\/li>\n\n\n\n<li>Participiez \u00e0 des activit\u00e9s de r\u00e9seautage en personne et virtuellement avec des \u00e9tudiants, des enseignants, des physioth\u00e9rapeutes et partout au Canada. &nbsp;<br><\/li>\n<\/ol>\n\n\n\n<h3 class=\"wp-block-heading\">Que fait un repr\u00e9sentant de l\u2019AN\u00c9?<\/h3>\n\n\n\n<ul class=\"wp-block-list\">\n<li>R\u00e9union bimensuelle pour partager les mises \u00e0 jour de l\u2019ACP.<\/li>\n\n\n\n<li>Soutenir le d\u00e9veloppement de programmes et d\u2019initiatives pour les membres \u00e9tudiants.<\/li>\n\n\n\n<li>D\u00e9fense de la profession avec repr\u00e9sentation lors d\u2019\u00e9v\u00e9nements locaux et nationaux.\n<ul class=\"wp-block-list\">\n<li>Par exemple, la pr\u00e9sidente de l\u2019AN\u00c9 assiste aux r\u00e9unions trimestrielles du comit\u00e9 des pr\u00e9sidents de division (CPD) en personne \u00e0 Ottawa et\/ou virtuellement.<\/li>\n<\/ul>\n<\/li>\n<\/ul>\n\n\n\n<h3 class=\"wp-block-heading\">Connectez-vous avec nous!<\/h3>\n\n\n\n<ul class=\"wp-block-list\">\n<li>Courriel&nbsp;: votre pr\u00e9sidente de l\u2019AN\u00c9 \u00e0&nbsp;<a href=\"mailto:nsa@physiotherapy.ca\">nsa@physiotherapy.ca<\/a><\/li>\n\n\n\n<li>Instagram\u00a0: <a href=\"https:\/\/www.instagram.com\/cpanationalstudentassembly\/\" target=\"_blank\" rel=\"noreferrer noopener\">@cpanationalstudentassembly<\/a><\/li>\n\n\n\n<li>Facebook&nbsp;: nous avons un groupe priv\u00e9 pour nos repr\u00e9sentants \u2014 n\u2019h\u00e9sitez pas \u00e0 nous contacter si vous souhaitez vous impliquer!<\/li>\n<\/ul>\n\n\n\n<p>Votre AN\u00c9 encourage activement la participation \u00e9tudiante. Nous sommes toujours \u00e0 la recherche de commentaires et d\u2019id\u00e9es. N\u2019h\u00e9sitez pas \u00e0 <a href=\"mailto:nsa@physiotherapy.ca\">nous faire part de vos commentaires, suggestions et id\u00e9es<\/a>.<\/p>\n\n\n\n<p><\/p>\n","protected":false},"excerpt":{"rendered":"<p>\u00ab Qui sommes-nous? \u00bb Si vous \u00eates actuellement impliqu\u00e9 dans une division ou une section, nous vous encourageons \u00e0 devenir repr\u00e9sentant \u00e9tudiant de division\/section! Notre mission Notre vision Que vous, vos camarades de classe et vos coll\u00e8gues&nbsp;: Que fait un [&hellip;]<\/p>\n","protected":false},"author":1,"featured_media":0,"parent":8141,"menu_order":1,"comment_status":"closed","ping_status":"closed","template":"","meta":{"inline_featured_image":false,"ep_exclude_from_search":false,"footnotes":""},"topic":[],"class_list":["post-8147","page","type-page","status-publish","hentry"],"acf":[],"yoast_head":"<!-- This site is optimized with the Yoast SEO plugin v24.7 - https:\/\/yoast.com\/wordpress\/plugins\/seo\/ -->\n<title>Votre AN\u00c9 - Canadian Physiotherapy Association<\/title>\n<meta name=\"robots\" content=\"index, follow, max-snippet:-1, max-image-preview:large, max-video-preview:-1\" \/>\n<link rel=\"canonical\" href=\"https:\/\/physiotherapy.ca\/fr\/membership-fr\/assemblees\/assemblee-nationale-des-etudiants\/votre-ane\/\" \/>\n<meta property=\"og:locale\" content=\"fr_FR\" \/>\n<meta property=\"og:type\" content=\"article\" \/>\n<meta property=\"og:title\" content=\"Votre AN\u00c9 - Canadian Physiotherapy Association\" \/>\n<meta property=\"og:description\" content=\"\u00ab Qui sommes-nous? \u00bb Si vous \u00eates actuellement impliqu\u00e9 dans une division ou une section, nous vous encourageons \u00e0 devenir repr\u00e9sentant \u00e9tudiant de division\/section! Notre mission Notre vision Que vous, vos camarades de classe et vos coll\u00e8gues&nbsp;: Que fait un [&hellip;]\" \/>\n<meta property=\"og:url\" content=\"https:\/\/physiotherapy.ca\/fr\/membership-fr\/assemblees\/assemblee-nationale-des-etudiants\/votre-ane\/\" \/>\n<meta property=\"og:site_name\" content=\"Canadian Physiotherapy Association\" \/>\n<meta property=\"article:modified_time\" content=\"2025-07-02T20:08:06+00:00\" \/>\n<meta property=\"og:image\" content=\"https:\/\/physiotherapy.ca\/app\/uploads\/2022\/08\/nsa-logos-web-white-bg-fr.png\" \/>\n\t<meta property=\"og:image:width\" content=\"664\" \/>\n\t<meta property=\"og:image:height\" content=\"151\" \/>\n\t<meta property=\"og:image:type\" content=\"image\/png\" \/>\n<meta name=\"twitter:card\" content=\"summary_large_image\" \/>\n<meta name=\"twitter:label1\" content=\"Est. reading time\" \/>\n\t<meta name=\"twitter:data1\" content=\"3 minutes\" \/>\n<script type=\"application\/ld+json\" class=\"yoast-schema-graph\">{\"@context\":\"https:\/\/schema.org\",\"@graph\":[{\"@type\":\"WebPage\",\"@id\":\"https:\/\/physiotherapy.ca\/fr\/membership-fr\/assemblees\/assemblee-nationale-des-etudiants\/votre-ane\/\",\"url\":\"https:\/\/physiotherapy.ca\/fr\/membership-fr\/assemblees\/assemblee-nationale-des-etudiants\/votre-ane\/\",\"name\":\"Votre AN\u00c9 - Canadian Physiotherapy Association\",\"isPartOf\":{\"@id\":\"https:\/\/physiotherapy.ca\/#website\"},\"primaryImageOfPage\":{\"@id\":\"https:\/\/physiotherapy.ca\/fr\/membership-fr\/assemblees\/assemblee-nationale-des-etudiants\/votre-ane\/#primaryimage\"},\"image\":{\"@id\":\"https:\/\/physiotherapy.ca\/fr\/membership-fr\/assemblees\/assemblee-nationale-des-etudiants\/votre-ane\/#primaryimage\"},\"thumbnailUrl\":\"https:\/\/physiotherapy.ca\/app\/uploads\/2022\/08\/nsa-logos-web-white-bg-fr.png\",\"datePublished\":\"2022-08-11T15:52:38+00:00\",\"dateModified\":\"2025-07-02T20:08:06+00:00\",\"breadcrumb\":{\"@id\":\"https:\/\/physiotherapy.ca\/fr\/membership-fr\/assemblees\/assemblee-nationale-des-etudiants\/votre-ane\/#breadcrumb\"},\"inLanguage\":\"fr-FR\",\"potentialAction\":[{\"@type\":\"ReadAction\",\"target\":[\"https:\/\/physiotherapy.ca\/fr\/membership-fr\/assemblees\/assemblee-nationale-des-etudiants\/votre-ane\/\"]}]},{\"@type\":\"ImageObject\",\"inLanguage\":\"fr-FR\",\"@id\":\"https:\/\/physiotherapy.ca\/fr\/membership-fr\/assemblees\/assemblee-nationale-des-etudiants\/votre-ane\/#primaryimage\",\"url\":\"https:\/\/physiotherapy.ca\/app\/uploads\/2022\/08\/nsa-logos-web-white-bg-fr.png\",\"contentUrl\":\"https:\/\/physiotherapy.ca\/app\/uploads\/2022\/08\/nsa-logos-web-white-bg-fr.png\"},{\"@type\":\"BreadcrumbList\",\"@id\":\"https:\/\/physiotherapy.ca\/fr\/membership-fr\/assemblees\/assemblee-nationale-des-etudiants\/votre-ane\/#breadcrumb\",\"itemListElement\":[{\"@type\":\"ListItem\",\"position\":1,\"name\":\"Home\",\"item\":\"https:\/\/physiotherapy.ca\/fr\/\"},{\"@type\":\"ListItem\",\"position\":2,\"name\":\"Membership FR\",\"item\":\"https:\/\/physiotherapy.ca\/fr\/membership-fr\/\"},{\"@type\":\"ListItem\",\"position\":3,\"name\":\"Assembl\u00e9es\",\"item\":\"https:\/\/physiotherapy.ca\/fr\/membership-fr\/assemblees\/\"},{\"@type\":\"ListItem\",\"position\":4,\"name\":\"Assembl\u00e9e nationale des \u00e9tudiants\",\"item\":\"https:\/\/physiotherapy.ca\/fr\/membership-fr\/assemblees\/assemblee-nationale-des-etudiants\/\"},{\"@type\":\"ListItem\",\"position\":5,\"name\":\"Votre AN\u00c9\"}]},{\"@type\":\"WebSite\",\"@id\":\"https:\/\/physiotherapy.ca\/#website\",\"url\":\"https:\/\/physiotherapy.ca\/\",\"name\":\"Canadian Physiotherapy Association\",\"description\":\"The Canadian Physiotherapy Association (CPA) represents over 16,000 physiotherapy professionals and students across Canada.\",\"potentialAction\":[{\"@type\":\"SearchAction\",\"target\":{\"@type\":\"EntryPoint\",\"urlTemplate\":\"https:\/\/physiotherapy.ca\/?s={search_term_string}\"},\"query-input\":{\"@type\":\"PropertyValueSpecification\",\"valueRequired\":true,\"valueName\":\"search_term_string\"}}],\"inLanguage\":\"fr-FR\"}]}<\/script>\n<!-- \/ Yoast SEO plugin. -->","yoast_head_json":{"title":"Votre AN\u00c9 - Canadian Physiotherapy Association","robots":{"index":"index","follow":"follow","max-snippet":"max-snippet:-1","max-image-preview":"max-image-preview:large","max-video-preview":"max-video-preview:-1"},"canonical":"https:\/\/physiotherapy.ca\/fr\/membership-fr\/assemblees\/assemblee-nationale-des-etudiants\/votre-ane\/","og_locale":"fr_FR","og_type":"article","og_title":"Votre AN\u00c9 - Canadian Physiotherapy Association","og_description":"\u00ab Qui sommes-nous? \u00bb Si vous \u00eates actuellement impliqu\u00e9 dans une division ou une section, nous vous encourageons \u00e0 devenir repr\u00e9sentant \u00e9tudiant de division\/section! Notre mission Notre vision Que vous, vos camarades de classe et vos coll\u00e8gues&nbsp;: Que fait un [&hellip;]","og_url":"https:\/\/physiotherapy.ca\/fr\/membership-fr\/assemblees\/assemblee-nationale-des-etudiants\/votre-ane\/","og_site_name":"Canadian Physiotherapy Association","article_modified_time":"2025-07-02T20:08:06+00:00","og_image":[{"width":664,"height":151,"url":"https:\/\/physiotherapy.ca\/app\/uploads\/2022\/08\/nsa-logos-web-white-bg-fr.png","type":"image\/png"}],"twitter_card":"summary_large_image","twitter_misc":{"Est. reading time":"3 minutes"},"schema":{"@context":"https:\/\/schema.org","@graph":[{"@type":"WebPage","@id":"https:\/\/physiotherapy.ca\/fr\/membership-fr\/assemblees\/assemblee-nationale-des-etudiants\/votre-ane\/","url":"https:\/\/physiotherapy.ca\/fr\/membership-fr\/assemblees\/assemblee-nationale-des-etudiants\/votre-ane\/","name":"Votre AN\u00c9 - Canadian Physiotherapy Association","isPartOf":{"@id":"https:\/\/physiotherapy.ca\/#website"},"primaryImageOfPage":{"@id":"https:\/\/physiotherapy.ca\/fr\/membership-fr\/assemblees\/assemblee-nationale-des-etudiants\/votre-ane\/#primaryimage"},"image":{"@id":"https:\/\/physiotherapy.ca\/fr\/membership-fr\/assemblees\/assemblee-nationale-des-etudiants\/votre-ane\/#primaryimage"},"thumbnailUrl":"https:\/\/physiotherapy.ca\/app\/uploads\/2022\/08\/nsa-logos-web-white-bg-fr.png","datePublished":"2022-08-11T15:52:38+00:00","dateModified":"2025-07-02T20:08:06+00:00","breadcrumb":{"@id":"https:\/\/physiotherapy.ca\/fr\/membership-fr\/assemblees\/assemblee-nationale-des-etudiants\/votre-ane\/#breadcrumb"},"inLanguage":"fr-FR","potentialAction":[{"@type":"ReadAction","target":["https:\/\/physiotherapy.ca\/fr\/membership-fr\/assemblees\/assemblee-nationale-des-etudiants\/votre-ane\/"]}]},{"@type":"ImageObject","inLanguage":"fr-FR","@id":"https:\/\/physiotherapy.ca\/fr\/membership-fr\/assemblees\/assemblee-nationale-des-etudiants\/votre-ane\/#primaryimage","url":"https:\/\/physiotherapy.ca\/app\/uploads\/2022\/08\/nsa-logos-web-white-bg-fr.png","contentUrl":"https:\/\/physiotherapy.ca\/app\/uploads\/2022\/08\/nsa-logos-web-white-bg-fr.png"},{"@type":"BreadcrumbList","@id":"https:\/\/physiotherapy.ca\/fr\/membership-fr\/assemblees\/assemblee-nationale-des-etudiants\/votre-ane\/#breadcrumb","itemListElement":[{"@type":"ListItem","position":1,"name":"Home","item":"https:\/\/physiotherapy.ca\/fr\/"},{"@type":"ListItem","position":2,"name":"Membership FR","item":"https:\/\/physiotherapy.ca\/fr\/membership-fr\/"},{"@type":"ListItem","position":3,"name":"Assembl\u00e9es","item":"https:\/\/physiotherapy.ca\/fr\/membership-fr\/assemblees\/"},{"@type":"ListItem","position":4,"name":"Assembl\u00e9e nationale des \u00e9tudiants","item":"https:\/\/physiotherapy.ca\/fr\/membership-fr\/assemblees\/assemblee-nationale-des-etudiants\/"},{"@type":"ListItem","position":5,"name":"Votre AN\u00c9"}]},{"@type":"WebSite","@id":"https:\/\/physiotherapy.ca\/#website","url":"https:\/\/physiotherapy.ca\/","name":"Canadian Physiotherapy Association","description":"The Canadian Physiotherapy Association (CPA) represents over 16,000 physiotherapy professionals and students across Canada.","potentialAction":[{"@type":"SearchAction","target":{"@type":"EntryPoint","urlTemplate":"https:\/\/physiotherapy.ca\/?s={search_term_string}"},"query-input":{"@type":"PropertyValueSpecification","valueRequired":true,"valueName":"search_term_string"}}],"inLanguage":"fr-FR"}]}},"_links":{"self":[{"href":"https:\/\/physiotherapy.ca\/fr\/wp-json\/wp\/v2\/pages\/8147","targetHints":{"allow":["GET"]}}],"collection":[{"href":"https:\/\/physiotherapy.ca\/fr\/wp-json\/wp\/v2\/pages"}],"about":[{"href":"https:\/\/physiotherapy.ca\/fr\/wp-json\/wp\/v2\/types\/page"}],"author":[{"embeddable":true,"href":"https:\/\/physiotherapy.ca\/fr\/wp-json\/wp\/v2\/users\/1"}],"replies":[{"embeddable":true,"href":"https:\/\/physiotherapy.ca\/fr\/wp-json\/wp\/v2\/comments?post=8147"}],"version-history":[{"count":6,"href":"https:\/\/physiotherapy.ca\/fr\/wp-json\/wp\/v2\/pages\/8147\/revisions"}],"predecessor-version":[{"id":272190,"href":"https:\/\/physiotherapy.ca\/fr\/wp-json\/wp\/v2\/pages\/8147\/revisions\/272190"}],"up":[{"embeddable":true,"href":"https:\/\/physiotherapy.ca\/fr\/wp-json\/wp\/v2\/pages\/8141"}],"wp:attachment":[{"href":"https:\/\/physiotherapy.ca\/fr\/wp-json\/wp\/v2\/media?parent=8147"}],"wp:term":[{"taxonomy":"topic","embeddable":true,"href":"https:\/\/physiotherapy.ca\/fr\/wp-json\/wp\/v2\/topic?post=8147"}],"curies":[{"name":"wp","href":"https:\/\/api.w.org\/{rel}","templated":true}]}}