{"id":81797,"date":"2022-11-18T10:00:04","date_gmt":"2022-11-18T15:00:04","guid":{"rendered":"https:\/\/physiotherapy.ca\/?page_id=81797"},"modified":"2024-04-02T09:45:20","modified_gmt":"2024-04-02T13:45:20","slug":"enonces-de-position","status":"publish","type":"page","link":"https:\/\/physiotherapy.ca\/fr\/representation-2\/advocacy-updates-fr\/enonces-de-position\/","title":{"rendered":"\u00c9nonc\u00e9s de position"},"content":{"rendered":"\n<h4 class=\"wp-block-heading\">Les prises de position de l\u2019Association canadienne de physioth\u00e9rapie (ACP) traitent des enjeux politiques, d\u00e9ontologiques et sociaux qui exercent une influence sur le mieux-\u00eatre des patients, sur le r\u00f4le et la pratique de la physioth\u00e9rapie, sur l\u2019Association et sur ses membres.<\/h4>\n\n\n\n<div style=\"height:45px\" aria-hidden=\"true\" class=\"wp-block-spacer\"><\/div>\n\n\n\n<div class=\"wp-block-columns is-layout-flex wp-container-core-columns-is-layout-1 wp-block-columns-is-layout-flex\">\n<div class=\"wp-block-column is-layout-flow wp-block-column-is-layout-flow\">\n<h3 class=\"wp-block-heading\">Le r\u00f4le de la physioth\u00e9rapie dans les soins de sant\u00e9 aux Autochtones<\/h3>\n\n\n\n<p>Les physioth\u00e9rapeutes peuvent jouer un r\u00f4le important dans l\u2019\u00e9laboration et la planification des services ax\u00e9s sur les besoins uniques et particuliers des populations autochtones.<\/p>\n\n\n\n<p><a href=\"https:\/\/physiotherapy.ca\/app\/uploads\/2022\/11\/le-role-de-la-physiotherapie-dans-les-soins-de-sante-aux-autochtones_1-1.pdf\">Continuer<\/a><\/p>\n<\/div>\n\n\n\n<div class=\"wp-block-column is-layout-flow wp-block-column-is-layout-flow\">\n<h3 class=\"wp-block-heading\">La pratique fond\u00e9e sur l&#8217;exp\u00e9rience clinique et les faits scientifiques en physioth\u00e9rapie<\/h3>\n\n\n\n<p>Les physioth\u00e9rapeutes ont recours \u00e0 la pratique fond\u00e9e sur l\u2019exp\u00e9rience clinique et les faits scientifiques&#8230;<\/p>\n\n\n\n<p><a href=\"https:\/\/physiotherapy.ca\/app\/uploads\/2024\/04\/Copy-of-Evidence-informed-practice_fr.pdf\">Continuer<\/a><\/p>\n<\/div>\n\n\n\n<div class=\"wp-block-column is-layout-flow wp-block-column-is-layout-flow\">\n<h3 class=\"wp-block-heading\">Sant\u00e9 de la population<\/h3>\n\n\n\n<p>L&#8217;ACP soutient une approche sur la sant\u00e9 de la population qui aborde les besoins pr\u00e9sents et futurs des canadiens en mati\u00e8re de sant\u00e9.<\/p>\n\n\n\n<p><a href=\"https:\/\/physiotherapy.ca\/app\/uploads\/2022\/11\/population-health_fr.pdf\">Continuer<\/a><\/p>\n<\/div>\n<\/div>\n\n\n\n<div class=\"wp-block-columns is-layout-flex wp-container-core-columns-is-layout-2 wp-block-columns-is-layout-flex\">\n<div class=\"wp-block-column is-layout-flow wp-block-column-is-layout-flow\">\n<h3 class=\"wp-block-heading\">Soins de sant\u00e9 primaire<\/h3>\n\n\n\n<p>Les physioth\u00e9rapeutes sont des professionnels des soins de sant\u00e9 primaires autor\u00e9glement\u00e9s, qui interviennent en premi\u00e8re ligne.<\/p>\n\n\n\n<p><a href=\"https:\/\/physiotherapy.ca\/app\/uploads\/2022\/11\/primary-health-care_fr.pdf\">Continuer<\/a><\/p>\n<\/div>\n\n\n\n<div class=\"wp-block-column is-layout-flow wp-block-column-is-layout-flow\">\n<h3 class=\"wp-block-heading\">Physioth\u00e9rapeutes et orth\u00e8ses<\/h3>\n\n\n\n<p>Les physioth\u00e9rapeutes sont qualifi\u00e9s pour \u00e9valuer la dysfonction, les blessures ou la douleur li\u00e9es \u00e0 la biom\u00e9canique du pied.<\/p>\n\n\n\n<p><a href=\"https:\/\/physiotherapy.ca\/app\/uploads\/2022\/11\/pt-and-orthotics_fr.pdf\">Continuer<\/a><\/p>\n<\/div>\n\n\n\n<div class=\"wp-block-column is-layout-flow wp-block-column-is-layout-flow\">\n<h3 class=\"wp-block-heading\">Activit\u00e9 physique pour les enfants et les jeunes<\/h3>\n\n\n\n<p>L\u2019activit\u00e9 physique et l\u2019exercice r\u00e9gulier sont des \u00e9l\u00e9ments importants de l\u2019\u00e9ducation d\u2019un enfant.<\/p>\n\n\n\n<p><a href=\"https:\/\/physiotherapy.ca\/app\/uploads\/2022\/11\/physical-activity-and-youth_fr.pdf\">Continuer<\/a><\/p>\n<\/div>\n<\/div>\n\n\n\n<div class=\"wp-block-columns is-layout-flex wp-container-core-columns-is-layout-3 wp-block-columns-is-layout-flex\">\n<div class=\"wp-block-column is-layout-flow wp-block-column-is-layout-flow\">\n<h3 class=\"wp-block-heading\">S\u00e9curit\u00e9 des patients<\/h3>\n\n\n\n<p>L&#8217;ACP supporte le r\u00f4le des physioth\u00e9rapeutes au niveau de la s\u00e9curit\u00e9 du syst\u00e8me de soins de sant\u00e9 canadien.<\/p>\n\n\n\n<p><a href=\"https:\/\/physiotherapy.ca\/app\/uploads\/2022\/11\/patient-safety_fr.pdf\">Continuer<\/a><\/p>\n<\/div>\n\n\n\n<div class=\"wp-block-column is-layout-flow wp-block-column-is-layout-flow\">\n<h3 class=\"wp-block-heading\">Manipulation<\/h3>\n\n\n\n<p>Les techniques de manipulation spinale et p\u00e9riph\u00e9rique sont des \u00e9l\u00e9ments de physioth\u00e9rapie et appartiennent au champ d\u2019exercice des physioth\u00e9rapeutes.<\/p>\n\n\n\n<p><a href=\"https:\/\/physiotherapy.ca\/app\/uploads\/2022\/11\/manipulation_en.pdf\">Continuer<\/a><\/p>\n<\/div>\n\n\n\n<div class=\"wp-block-column is-layout-flow wp-block-column-is-layout-flow\">\n<h3 class=\"wp-block-heading\">Collaboration et pratique interprofessionnelle<\/h3>\n\n\n\n<p>L\u2019Association canadienne de physioth\u00e9rapie (ACP) soutient la pratique interprofessionnelle pour les physioth\u00e9rapeutes.<\/p>\n\n\n\n<p><a href=\"https:\/\/physiotherapy.ca\/app\/uploads\/2022\/11\/ipc-french.pdf\">Continuer<\/a><\/p>\n<\/div>\n<\/div>\n\n\n\n<div class=\"wp-block-columns is-layout-flex wp-container-core-columns-is-layout-4 wp-block-columns-is-layout-flex\">\n<div class=\"wp-block-column is-layout-flow wp-block-column-is-layout-flow\">\n<h3 class=\"wp-block-heading\">Conflit d\u2019int\u00e9r\u00eats<\/h3>\n\n\n\n<p>Un conflit d\u2019int\u00e9r\u00eats survient lorsque le physioth\u00e9rapeute b\u00e9n\u00e9ficie ou semble b\u00e9n\u00e9ficier personnellement de ses actions.<\/p>\n\n\n\n<p><a href=\"https:\/\/physiotherapy.ca\/app\/uploads\/2022\/11\/conflict-of-interest_fr.pdf\">Continuer<\/a><\/p>\n<\/div>\n\n\n\n<div class=\"wp-block-column is-layout-flow wp-block-column-is-layout-flow\">\n<h3 class=\"wp-block-heading\">\u00c9ducation clinique des \u00e9tudiants en physioth\u00e9rapie<\/h3>\n\n\n\n<p>L\u2019\u00e9ducation clinique est un \u00e9l\u00e9ment essentiel des programmes d\u2019\u00e9ducation en physioth\u00e9rapie.<\/p>\n\n\n\n<p><a href=\"https:\/\/physiotherapy.ca\/app\/uploads\/2022\/11\/pt-clinical-education_fr.pdf\">Continuer<\/a><\/p>\n<\/div>\n\n\n\n<div class=\"wp-block-column is-layout-flow wp-block-column-is-layout-flow\">\n<h3 class=\"wp-block-heading\">L\u2019acupuncture et l\u2019utilisation d\u2019aiguilles sous le derme<\/h3>\n\n\n\n<p>La pratique de la physioth\u00e9rapie se concentre sur les syst\u00e8mes musculosquelettique, cardiorespiratoire et neuromusculaire.<\/p>\n\n\n\n<p><a href=\"https:\/\/physiotherapy.ca\/app\/uploads\/2022\/11\/acupuncture_fr.pdf\">Continuer<\/a><\/p>\n<\/div>\n<\/div>\n\n\n\n<div class=\"wp-block-columns is-layout-flex wp-container-core-columns-is-layout-5 wp-block-columns-is-layout-flex\">\n<div class=\"wp-block-column is-layout-flow wp-block-column-is-layout-flow\">\n<h3 class=\"wp-block-heading\">L\u2019acc\u00e8s aux services de physioth\u00e9rapie<\/h3>\n\n\n\n<p>Tous les Canadiens ont droit \u00e0 un acc\u00e8s fiable et en temps opportun \u00e0 la r\u00e9adaptation.<\/p>\n\n\n\n<p><a href=\"https:\/\/physiotherapy.ca\/app\/uploads\/2022\/11\/acces-aux-services-de-physiotherapie_fr.pdf\">Continuer<\/a><\/p>\n<\/div>\n\n\n\n<div class=\"wp-block-column is-layout-flow wp-block-column-is-layout-flow\">\n<h3 class=\"wp-block-heading\">Les physioth\u00e9rapeutes et la pratique de la r\u00e9adaptation animale<\/h3>\n\n\n\n<p>La prestation de traitements de physioth\u00e9rapie aux animaux est une pratique en croissance \u00e0 l\u2019\u00e9chelle nationale et internationale.<\/p>\n\n\n\n<p><a href=\"https:\/\/physiotherapy.ca\/app\/uploads\/2022\/11\/animal-rehab_fr-1.pdf\">Continuer<\/a><\/p>\n<\/div>\n\n\n\n<div class=\"wp-block-column is-layout-flow wp-block-column-is-layout-flow\">\n<h3 class=\"wp-block-heading\">Financement des services de sant\u00e9 au Canada<\/h3>\n\n\n\n<p>Tous les Canadiens ont le droit d\u2019avoir acc\u00e8s \u00e0 des services de r\u00e9adaptation.<\/p>\n\n\n\n<p><a href=\"https:\/\/physiotherapy.ca\/app\/uploads\/2022\/11\/financement-des-services-de-sante-au-canada_fr.pdf\">Continuer<\/a><\/p>\n<\/div>\n<\/div>\n\n\n\n<div class=\"wp-block-columns is-layout-flex wp-container-core-columns-is-layout-6 wp-block-columns-is-layout-flex\">\n<div class=\"wp-block-column is-layout-flow wp-block-column-is-layout-flow\">\n<h3 class=\"wp-block-heading\">Le r\u00f4le de la physioth\u00e9rapie dans la r\u00e9adaptation des Canadiens vieillissants en bonne sant\u00e9<\/h3>\n\n\n\n<p>Certains Canadiens ont besoin de services de r\u00e9adaptation plus sp\u00e9cialis\u00e9s, que les physioth\u00e9rapeutes peuvent leur fournir gr\u00e2ce \u00e0 leurs comp\u00e9tences dans les domaines de l\u2019exercice, du vieillissement et des maladies. L\u2019ACP consid\u00e8re que, pour conserver une autonomie et une qualit\u00e9 de vie optimales, les Canadiens vieillissants doivent avoir acc\u00e8s \u00e0 des services de physioth\u00e9rapie de qualit\u00e9, ax\u00e9s sur les patients et les familles et offerts le plus pr\u00e8s possible de leur domicile. Selon l\u2019ACP, la physioth\u00e9rapie propose des solutions efficaces pour les soins \u00e0 domicile et les soins communautaires et doit \u00eatre int\u00e9gr\u00e9e \u00e0 une strat\u00e9gie nationale pour les Canadiens vieillissants.<\/p>\n\n\n\n<p><a href=\"https:\/\/physiotherapy.ca\/app\/uploads\/2022\/11\/position_statement_on_aging_canadians_-_french.pdf\">Continuer<\/a><\/p>\n<\/div>\n\n\n\n<div class=\"wp-block-column is-layout-flow wp-block-column-is-layout-flow\">\n<h3 class=\"wp-block-heading\">Les associations de sant\u00e9 canadiennes expriment de graves pr\u00e9occupations au sujet des compressions dans les services de soins aux patients externes \u00e0 Winnipeg<\/h3>\n\n\n\n<p>L\u2019Association canadienne des ergoth\u00e9rapeutes (ACE), l\u2019Association canadienne de physioth\u00e9rapie (ACP) et Orthophonie et Audiologie Canada (OAC) ont de graves pr\u00e9occupations au sujet de la r\u00e9cente d\u00e9cision de la R\u00e9gie de la sant\u00e9 r\u00e9gionale de Winnipeg d\u2019\u00e9liminer les services d\u2019ergoth\u00e9rapie, de physioth\u00e9rapie et d\u2019audiologie destin\u00e9s aux patients externes adultes.<\/p>\n\n\n\n<p><a href=\"https:\/\/physiotherapy.ca\/app\/uploads\/2022\/11\/joint_official_statement_fr_final_0.pdf\">Continuer<\/a><\/p>\n\n\n\n<p>Lisez la lettre commune<a href=\"https:\/\/physiotherapy.ca\/app\/uploads\/2022\/11\/joint_letter_to_wrha_final_0.pdf\">&nbsp;ici.<\/a><\/p>\n<\/div>\n\n\n\n<div class=\"wp-block-column is-layout-flow wp-block-column-is-layout-flow\">\n<h3 class=\"wp-block-heading\">Appel \u00e0 l\u2019action&nbsp;: Position de l\u2019Association canadienne de physioth\u00e9rapie \u00e0 l\u2019\u00e9gard de la r\u00e9forme fiscale<\/h3>\n\n\n\n<p>Le 18&nbsp;juillet&nbsp;2017, le Premier ministre Justin Trudeau et son ministre des Finances, Bill Morneau, ont lanc\u00e9 une p\u00e9riode de consultation de 75&nbsp;jours sur la r\u00e9forme visant \u00e0 corriger l\u2019\u00e9vitement fiscal associ\u00e9 \u00e0&nbsp;:&nbsp; &nbsp; &nbsp; &nbsp; <\/p>\n\n\n\n<ul class=\"wp-block-list\">\n<li>la r\u00e9partition du revenu aux membres de la famille,<\/li>\n\n\n\n<li>la d\u00e9tention de placements passifs dans une soci\u00e9t\u00e9 priv\u00e9e,<\/li>\n\n\n\n<li>la conversion du revenu en gains en capital.&nbsp;<\/li>\n<\/ul>\n\n\n\n<p><a href=\"https:\/\/physiotherapy.ca\/app\/uploads\/2022\/11\/tax_reform_-_sept_2017_september_15_edits_-_french_0.pdf\">Continuer<\/a><\/p>\n\n\n\n<p><a href=\"https:\/\/physiotherapy.ca\/app\/uploads\/2022\/11\/lettre_dun_membre_appelant_pour_une_perspective_alternative_scleaver-2oct2017.pdf\">Lettre d&#8217;un membre<\/a>&nbsp;appelant pour une perspective alternative<br>Des s\u00e9nateurs recommandent d\u2019abandonner les changements propos\u00e9s \u00e0 la Loi de l\u2019imp\u00f4t sur le revenu &#8211;&nbsp;<a href=\"https:\/\/sencanada.ca\/fr\/salle-de-nouvelles\/regimefiscalequitable\/\">rapport<\/a><\/p>\n<\/div>\n<\/div>\n\n\n\n<div style=\"height:100px\" aria-hidden=\"true\" class=\"wp-block-spacer\"><\/div>\n","protected":false},"excerpt":{"rendered":"<p>Les prises de position de l\u2019Association canadienne de physioth\u00e9rapie (ACP) traitent des enjeux politiques, d\u00e9ontologiques et sociaux qui exercent une influence sur le mieux-\u00eatre des patients, sur le r\u00f4le et la pratique de la physioth\u00e9rapie, sur l\u2019Association et sur ses [&hellip;]<\/p>\n","protected":false},"author":2792,"featured_media":0,"parent":4234,"menu_order":0,"comment_status":"closed","ping_status":"closed","template":"","meta":{"inline_featured_image":false,"ep_exclude_from_search":false,"footnotes":""},"topic":[],"class_list":["post-81797","page","type-page","status-publish","hentry"],"acf":[],"yoast_head":"<!-- This site is optimized with the Yoast SEO plugin v24.7 - https:\/\/yoast.com\/wordpress\/plugins\/seo\/ -->\n<title>\u00c9nonc\u00e9s de position - Canadian Physiotherapy Association<\/title>\n<meta name=\"robots\" content=\"index, follow, max-snippet:-1, max-image-preview:large, max-video-preview:-1\" \/>\n<link rel=\"canonical\" href=\"https:\/\/physiotherapy.ca\/fr\/representation-2\/advocacy-updates-fr\/enonces-de-position\/\" \/>\n<meta property=\"og:locale\" content=\"fr_FR\" \/>\n<meta property=\"og:type\" content=\"article\" \/>\n<meta property=\"og:title\" content=\"\u00c9nonc\u00e9s de position - Canadian Physiotherapy Association\" \/>\n<meta property=\"og:description\" content=\"Les prises de position de l\u2019Association canadienne de physioth\u00e9rapie (ACP) traitent des enjeux politiques, d\u00e9ontologiques et sociaux qui exercent une influence sur le mieux-\u00eatre des patients, sur le r\u00f4le et la pratique de la physioth\u00e9rapie, sur l\u2019Association et sur ses [&hellip;]\" \/>\n<meta property=\"og:url\" content=\"https:\/\/physiotherapy.ca\/fr\/representation-2\/advocacy-updates-fr\/enonces-de-position\/\" \/>\n<meta property=\"og:site_name\" content=\"Canadian Physiotherapy Association\" \/>\n<meta property=\"article:modified_time\" content=\"2024-04-02T13:45:20+00:00\" \/>\n<meta name=\"twitter:card\" content=\"summary_large_image\" \/>\n<meta name=\"twitter:label1\" content=\"Est. reading time\" \/>\n\t<meta name=\"twitter:data1\" content=\"3 minutes\" \/>\n<script type=\"application\/ld+json\" class=\"yoast-schema-graph\">{\"@context\":\"https:\/\/schema.org\",\"@graph\":[{\"@type\":\"WebPage\",\"@id\":\"https:\/\/physiotherapy.ca\/fr\/representation-2\/advocacy-updates-fr\/enonces-de-position\/\",\"url\":\"https:\/\/physiotherapy.ca\/fr\/representation-2\/advocacy-updates-fr\/enonces-de-position\/\",\"name\":\"\u00c9nonc\u00e9s de position - Canadian Physiotherapy Association\",\"isPartOf\":{\"@id\":\"https:\/\/physiotherapy.ca\/#website\"},\"datePublished\":\"2022-11-18T15:00:04+00:00\",\"dateModified\":\"2024-04-02T13:45:20+00:00\",\"breadcrumb\":{\"@id\":\"https:\/\/physiotherapy.ca\/fr\/representation-2\/advocacy-updates-fr\/enonces-de-position\/#breadcrumb\"},\"inLanguage\":\"fr-FR\",\"potentialAction\":[{\"@type\":\"ReadAction\",\"target\":[\"https:\/\/physiotherapy.ca\/fr\/representation-2\/advocacy-updates-fr\/enonces-de-position\/\"]}]},{\"@type\":\"BreadcrumbList\",\"@id\":\"https:\/\/physiotherapy.ca\/fr\/representation-2\/advocacy-updates-fr\/enonces-de-position\/#breadcrumb\",\"itemListElement\":[{\"@type\":\"ListItem\",\"position\":1,\"name\":\"Home\",\"item\":\"https:\/\/physiotherapy.ca\/fr\/\"},{\"@type\":\"ListItem\",\"position\":2,\"name\":\"Repr\u00e9sentation\",\"item\":\"https:\/\/physiotherapy.ca\/fr\/representation-2\/\"},{\"@type\":\"ListItem\",\"position\":3,\"name\":\"Plaidoyer\",\"item\":\"https:\/\/physiotherapy.ca\/fr\/representation-2\/advocacy-updates-fr\/\"},{\"@type\":\"ListItem\",\"position\":4,\"name\":\"\u00c9nonc\u00e9s de position\"}]},{\"@type\":\"WebSite\",\"@id\":\"https:\/\/physiotherapy.ca\/#website\",\"url\":\"https:\/\/physiotherapy.ca\/\",\"name\":\"Canadian Physiotherapy Association\",\"description\":\"The Canadian Physiotherapy Association (CPA) represents over 16,000 physiotherapy professionals and students across Canada.\",\"potentialAction\":[{\"@type\":\"SearchAction\",\"target\":{\"@type\":\"EntryPoint\",\"urlTemplate\":\"https:\/\/physiotherapy.ca\/?s={search_term_string}\"},\"query-input\":{\"@type\":\"PropertyValueSpecification\",\"valueRequired\":true,\"valueName\":\"search_term_string\"}}],\"inLanguage\":\"fr-FR\"}]}<\/script>\n<!-- \/ Yoast SEO plugin. -->","yoast_head_json":{"title":"\u00c9nonc\u00e9s de position - Canadian Physiotherapy Association","robots":{"index":"index","follow":"follow","max-snippet":"max-snippet:-1","max-image-preview":"max-image-preview:large","max-video-preview":"max-video-preview:-1"},"canonical":"https:\/\/physiotherapy.ca\/fr\/representation-2\/advocacy-updates-fr\/enonces-de-position\/","og_locale":"fr_FR","og_type":"article","og_title":"\u00c9nonc\u00e9s de position - Canadian Physiotherapy Association","og_description":"Les prises de position de l\u2019Association canadienne de physioth\u00e9rapie (ACP) traitent des enjeux politiques, d\u00e9ontologiques et sociaux qui exercent une influence sur le mieux-\u00eatre des patients, sur le r\u00f4le et la pratique de la physioth\u00e9rapie, sur l\u2019Association et sur ses [&hellip;]","og_url":"https:\/\/physiotherapy.ca\/fr\/representation-2\/advocacy-updates-fr\/enonces-de-position\/","og_site_name":"Canadian Physiotherapy Association","article_modified_time":"2024-04-02T13:45:20+00:00","twitter_card":"summary_large_image","twitter_misc":{"Est. reading time":"3 minutes"},"schema":{"@context":"https:\/\/schema.org","@graph":[{"@type":"WebPage","@id":"https:\/\/physiotherapy.ca\/fr\/representation-2\/advocacy-updates-fr\/enonces-de-position\/","url":"https:\/\/physiotherapy.ca\/fr\/representation-2\/advocacy-updates-fr\/enonces-de-position\/","name":"\u00c9nonc\u00e9s de position - Canadian Physiotherapy Association","isPartOf":{"@id":"https:\/\/physiotherapy.ca\/#website"},"datePublished":"2022-11-18T15:00:04+00:00","dateModified":"2024-04-02T13:45:20+00:00","breadcrumb":{"@id":"https:\/\/physiotherapy.ca\/fr\/representation-2\/advocacy-updates-fr\/enonces-de-position\/#breadcrumb"},"inLanguage":"fr-FR","potentialAction":[{"@type":"ReadAction","target":["https:\/\/physiotherapy.ca\/fr\/representation-2\/advocacy-updates-fr\/enonces-de-position\/"]}]},{"@type":"BreadcrumbList","@id":"https:\/\/physiotherapy.ca\/fr\/representation-2\/advocacy-updates-fr\/enonces-de-position\/#breadcrumb","itemListElement":[{"@type":"ListItem","position":1,"name":"Home","item":"https:\/\/physiotherapy.ca\/fr\/"},{"@type":"ListItem","position":2,"name":"Repr\u00e9sentation","item":"https:\/\/physiotherapy.ca\/fr\/representation-2\/"},{"@type":"ListItem","position":3,"name":"Plaidoyer","item":"https:\/\/physiotherapy.ca\/fr\/representation-2\/advocacy-updates-fr\/"},{"@type":"ListItem","position":4,"name":"\u00c9nonc\u00e9s de position"}]},{"@type":"WebSite","@id":"https:\/\/physiotherapy.ca\/#website","url":"https:\/\/physiotherapy.ca\/","name":"Canadian Physiotherapy Association","description":"The Canadian Physiotherapy Association (CPA) represents over 16,000 physiotherapy professionals and students across Canada.","potentialAction":[{"@type":"SearchAction","target":{"@type":"EntryPoint","urlTemplate":"https:\/\/physiotherapy.ca\/?s={search_term_string}"},"query-input":{"@type":"PropertyValueSpecification","valueRequired":true,"valueName":"search_term_string"}}],"inLanguage":"fr-FR"}]}},"_links":{"self":[{"href":"https:\/\/physiotherapy.ca\/fr\/wp-json\/wp\/v2\/pages\/81797","targetHints":{"allow":["GET"]}}],"collection":[{"href":"https:\/\/physiotherapy.ca\/fr\/wp-json\/wp\/v2\/pages"}],"about":[{"href":"https:\/\/physiotherapy.ca\/fr\/wp-json\/wp\/v2\/types\/page"}],"author":[{"embeddable":true,"href":"https:\/\/physiotherapy.ca\/fr\/wp-json\/wp\/v2\/users\/2792"}],"replies":[{"embeddable":true,"href":"https:\/\/physiotherapy.ca\/fr\/wp-json\/wp\/v2\/comments?post=81797"}],"version-history":[{"count":3,"href":"https:\/\/physiotherapy.ca\/fr\/wp-json\/wp\/v2\/pages\/81797\/revisions"}],"predecessor-version":[{"id":185439,"href":"https:\/\/physiotherapy.ca\/fr\/wp-json\/wp\/v2\/pages\/81797\/revisions\/185439"}],"up":[{"embeddable":true,"href":"https:\/\/physiotherapy.ca\/fr\/wp-json\/wp\/v2\/pages\/4234"}],"wp:attachment":[{"href":"https:\/\/physiotherapy.ca\/fr\/wp-json\/wp\/v2\/media?parent=81797"}],"wp:term":[{"taxonomy":"topic","embeddable":true,"href":"https:\/\/physiotherapy.ca\/fr\/wp-json\/wp\/v2\/topic?post=81797"}],"curies":[{"name":"wp","href":"https:\/\/api.w.org\/{rel}","templated":true}]}}