{"id":81854,"date":"2022-11-18T10:20:02","date_gmt":"2022-11-18T15:20:02","guid":{"rendered":"https:\/\/physiotherapy.ca\/?page_id=81854"},"modified":"2022-11-18T10:20:03","modified_gmt":"2022-11-18T15:20:03","slug":"la-valeur-de-la-physiotherapie","status":"publish","type":"page","link":"https:\/\/physiotherapy.ca\/fr\/representation-2\/a-propos-de-la-physiotherapie-au-canada\/la-valeur-de-la-physiotherapie\/","title":{"rendered":"La valeur de la physioth\u00e9rapie"},"content":{"rendered":"\n<h3 class=\"wp-block-heading\">Les pressions se font de plus en plus importantes pour limiter la croissance des co\u00fbts des soins de sant\u00e9; il est donc essentiel de bien comprendre la valeur des diff\u00e9rents services de sant\u00e9.<\/h3>\n\n\n\n<h4 class=\"wp-block-heading\">L\u2019Association canadienne de physioth\u00e9rapie (ACP) a confi\u00e9 \u00e0 deux\u00a0\u00e9conomistes de la sant\u00e9 le mandat de produire une \u00e9valuation factuelle et pertinente de l\u2019apport de la physioth\u00e9rapie dans 13\u00a0domaines. L\u2019information tir\u00e9e de leur rapport a \u00e9t\u00e9 r\u00e9sum\u00e9e en une s\u00e9rie de fiches d\u2019information sur la valeur de la physioth\u00e9rapie.<\/h4>\n\n\n\n<p>Vous pouvez consulter les principaux r\u00e9sultats ci-dessous, et les communiquer \u00e0 vos patients et aux d\u00e9cideurs en sant\u00e9.<\/p>\n\n\n\n<div class=\"wp-block-columns is-layout-flex wp-container-core-columns-is-layout-1 wp-block-columns-is-layout-flex\">\n<div class=\"wp-block-column is-layout-flow wp-block-column-is-layout-flow\">\n<h3 class=\"wp-block-heading\"><a href=\"https:\/\/physiotherapy.ca\/app\/uploads\/2022\/11\/cpa_thevalueofphysio2012_cardiorehab-fr.pdf\">R\u00e9adaptation cardiovasculaire<\/a><\/h3>\n\n\n\n<p>Les maladies cardiaques sont une importante cause de d\u00e9c\u00e8s au Canada; environ 90\u00a0% des Canadiens pr\u00e9sentent au moins un facteur de risque. La physioth\u00e9rapie joue un r\u00f4le essentiel dans une r\u00e9adaptation cardiovasculaire (RC) multidisciplinaire efficace. Le traitement de physioth\u00e9rapie a des r\u00e9percussions importantes sur les capacit\u00e9s physiques et la qualit\u00e9 de vie globale des personnes souffrant de maladie cardiaque.<\/p>\n\n\n\n<p><\/p>\n\n\n\n<h3 class=\"wp-block-heading\"><a href=\"https:\/\/physiotherapy.ca\/app\/uploads\/2022\/11\/cpa_thevalueofphysio2012_chroniclungdisease-fr.pdf\">Maladies pulmonaires chroniques<\/a><\/h3>\n\n\n\n<p>Au Canada, l\u2019incidence des maladies pulmonaires chroniques est \u00e9lev\u00e9e et va en s\u2019accroissant. C\u2019est l\u2019une des principales causes de d\u00e9c\u00e8s au pays. Une\u00a0personne sur quatre recevra au cours de sa vie un diagnostic de maladie pulmonaire obstructive chronique (MPOC) et sera trait\u00e9e pour cette maladie. Les exercices et l\u2019activit\u00e9 physique prescrits par un physioth\u00e9rapeute sont des composantes essentielles des programmes de r\u00e9adaptation physique qui visent l\u2019am\u00e9lioration de la capacit\u00e9 fonctionnelle et de la qualit\u00e9 de vie.<\/p>\n\n\n\n<p><\/p>\n\n\n\n<h3 class=\"wp-block-heading\"><a href=\"https:\/\/physiotherapy.ca\/app\/uploads\/2022\/11\/cpa_thevalueofphysio2012_falls-fr.pdf\">Chutes<\/a><\/h3>\n\n\n\n<p>Au Canada, le co\u00fbt moyen d\u2019une chute entra\u00eenant une hospitalisation fr\u00f4le les 30\u00a0000\u00a0$. Cet important fardeau \u00e9conomique met en lumi\u00e8re la n\u00e9cessit\u00e9 d\u2019am\u00e9liorer les programmes de pr\u00e9vention. La physioth\u00e9rapie est hautement efficace pour pr\u00e9venir et r\u00e9duire le risque de chute, ainsi que pour \u00e9valuer et prendre en charge les personnes \u00e2g\u00e9es apr\u00e8s une chute.<\/p>\n\n\n\n<p><\/p>\n\n\n\n<h3 class=\"wp-block-heading\"><a href=\"https:\/\/physiotherapy.ca\/app\/uploads\/2022\/11\/cpa_thevalueofphysio2012_icu-fr.pdf\">Soins intensifs<\/a><\/h3>\n\n\n\n<p>Une immobilisation prolong\u00e9e \u00e0 l\u2019unit\u00e9 de soins intensifs entra\u00eene souvent des risques de complications\u00a0: d\u00e9conditionnement, affaiblissement, myopathies et neuropathies, infections respiratoires et contractures. La physioth\u00e9rapie aux soins intensifs est ax\u00e9e sur la mobilisation pr\u00e9coce des patients atteints de maladies graves et la prise en charge respiratoire des patients en ventilation assist\u00e9e. L\u2019intervention pr\u00e9coce d\u2019un physioth\u00e9rapeute am\u00e9liore la qualit\u00e9 des soins.<\/p>\n\n\n\n<p><\/p>\n\n\n\n<h3 class=\"wp-block-heading\"><a href=\"https:\/\/physiotherapy.ca\/app\/uploads\/2022\/11\/cpa_thevalueofphysio2012_lowbackpain-fr.pdf\">Douleurs lombaires<\/a><\/h3>\n\n\n\n<p>Quatre\u00a0Canadiens sur cinq conna\u00eetront au moins un \u00e9pisode de douleurs lombaires au cours de leur vie. La physioth\u00e9rapie est efficace pour r\u00e9duire la douleur aigu\u00eb et chronique et pour limiter le risque de handicap grave et de maladie chronique.<\/p>\n\n\n\n<p><\/p>\n\n\n\n<h3 class=\"wp-block-heading\"><a href=\"https:\/\/physiotherapy.ca\/app\/uploads\/2022\/11\/cpa_thevalueofphysio2012_pediatrics-fr.pdf\">P\u00e9diatrie<\/a><\/h3>\n\n\n\n<p>La physioth\u00e9rapie p\u00e9diatrique est efficace dans la gestion des troubles p\u00e9rinataux, des maladies diagnostiqu\u00e9es dans la petite enfance et des blessures subies pendant l\u2019enfance, ainsi que dans la transition vers les soins aux adultes. La physioth\u00e9rapie p\u00e9diatrique am\u00e9liore les capacit\u00e9s physiques et la qualit\u00e9 de vie. Elle a des avantages importants \u00e0 long terme, notamment parce qu\u2019elle r\u00e9duit le risque de handicap et la n\u00e9cessit\u00e9 d\u2019interventions chirurgicales ou d\u2019autres interventions invasives plus co\u00fbteuses, ce qui all\u00e8ge \u00e0 terme le fardeau sur les services de sant\u00e9.<\/p>\n\n\n\n<p><\/p>\n<\/div>\n\n\n\n<div class=\"wp-block-column is-layout-flow wp-block-column-is-layout-flow\">\n<h3 class=\"wp-block-heading\"><a href=\"https:\/\/physiotherapy.ca\/app\/uploads\/2022\/11\/cpa_thevalueofphysio2012_chronicdisease-fr.pdf\">Maladies chroniques<\/a><\/h3>\n\n\n\n<p>Environ 50 % de tous les Canadiens vivent avec au moins une maladie chronique. Plusieurs de ces personnes re\u00e7oivent des soins de sant\u00e9 primaires prodigu\u00e9s par une \u00e9quipe, ce qui leur permet de b\u00e9n\u00e9ficier d\u2019un acc\u00e8s \u00e0 un large \u00e9ventail de fournisseurs, notamment des physioth\u00e9rapeutes, pour la gestion et la pr\u00e9vention de futurs probl\u00e8mes de sant\u00e9.<\/p>\n\n\n\n<p><\/p>\n\n\n\n<h3 class=\"wp-block-heading\"><a href=\"https:\/\/physiotherapy.ca\/app\/uploads\/2022\/11\/cpa_thevalueofphysio2012_erdept-fr.pdf\">Service d\u2019urgence<\/a><\/h3>\n\n\n\n<p>Le physioth\u00e9rapeute qui travaille en service d\u2019urgence joue un r\u00f4le central dans l\u2019\u00e9valuation, le diagnostic, le triage et la prise en charge de patients souffrant de blessures musculosquelettiques et les personnes \u00e2g\u00e9es fragiles dont les capacit\u00e9s diminuent. Le physioth\u00e9rapeute \u00e9value et traite les probl\u00e8mes de mobilit\u00e9, donne des instructions sur les appareils d\u2019aide \u00e0 la mobilit\u00e9 et facilite la planification s\u00e9curitaire du retour \u00e0 la maison.<\/p>\n\n\n\n<p><\/p>\n\n\n\n<h3 class=\"wp-block-heading\"><a href=\"https:\/\/physiotherapy.ca\/app\/uploads\/2022\/11\/cpa_thevalueofphysio2012_homebasedphysio-fr.pdf\">Physioth\u00e9rapie \u00e0 domicile<\/a><\/h3>\n\n\n\n<p>Plus de 75\u00a0% des gens qui re\u00e7oivent des soins \u00e0 domicile sont des personnes \u00e2g\u00e9es qui ont besoin d\u2019aide pour composer avec leurs limitations physiques et cognitives. La physioth\u00e9rapie \u00e0 domicile r\u00e9duit le taux de mortalit\u00e9 due aux chutes ainsi que le risque et le taux de chute chez les personnes \u00e2g\u00e9es, le nombre d\u2019admissions dans un centre de soins ou un h\u00f4pital, de m\u00eame que la dur\u00e9e du s\u00e9jour \u00e0 l\u2019h\u00f4pital.<\/p>\n\n\n\n<p><\/p>\n\n\n\n<h3 class=\"wp-block-heading\"><a href=\"https:\/\/physiotherapy.ca\/app\/uploads\/2022\/11\/cpa_thevalueofphysio2012_jointarthroplasty-fr.pdf\">Arthroplastie<\/a><\/h3>\n\n\n\n<p>Les physioth\u00e9rapeutes jouent un r\u00f4le important dans la prise en charge p\u00e9ri\u2011op\u00e9ratoire de l\u2019arthroplastie totale du genou et de l\u2019arthroplastie totale de la hanche, du triage des candidats \u00e0 une intervention chirurgicale \u00e0 la r\u00e9adaptation postop\u00e9ratoire \u00e0 l\u2019h\u00f4pital et dans la communaut\u00e9, en passant par la formation pr\u00e9op\u00e9ratoire des patients.<\/p>\n\n\n\n<p><\/p>\n\n\n\n<h3 class=\"wp-block-heading\"><a href=\"https:\/\/physiotherapy.ca\/app\/uploads\/2022\/11\/cpa_thevalueofphysio2012_musculoskeletal-fr.pdf\">Troubles musculosquelettiques<\/a><\/h3>\n\n\n\n<p>Onze\u00a0millions de Canadiens de plus de 12\u00a0ans sont afflig\u00e9s de troubles musculosquelettiques chaque ann\u00e9e. De nombreuses donn\u00e9es d\u00e9montrent l\u2019utilit\u00e9 de la physioth\u00e9rapie dans le traitement de ces troubles. La physioth\u00e9rapie contribue \u00e0 am\u00e9liorer la capacit\u00e9 physique, ce qui permet aux patients de reprendre une vie saine, de retourner au travail et de pratiquer leurs loisirs.<\/p>\n\n\n\n<p><\/p>\n\n\n\n<h3 class=\"wp-block-heading\"><a href=\"https:\/\/physiotherapy.ca\/app\/uploads\/2022\/11\/cpa_thevalueofphysio2012_stroke-fr.pdf\">Accidents vasculaires c\u00e9r\u00e9braux<\/a><\/h3>\n\n\n\n<p>Chaque ann\u00e9e, environ 50\u00a0000\u00a0Canadiens ont un accident vasculaire c\u00e9r\u00e9bral; 75\u00a0% des survivants en gardent des s\u00e9quelles. La physioth\u00e9rapie fait partie int\u00e9grante du plan de r\u00e9adaptation. Au sein d\u2019\u00e9quipes d\u2019intervention, les physioth\u00e9rapeutes traitent les probl\u00e8mes de capacit\u00e9 physique et contribuent \u00e0 pr\u00e9venir la r\u00e9p\u00e9tition de l\u2019accident vasculaire c\u00e9r\u00e9bral, ce qui joue un r\u00f4le cl\u00e9 dans la qualit\u00e9 de vie.<\/p>\n\n\n\n<p><\/p>\n<\/div>\n<\/div>\n","protected":false},"excerpt":{"rendered":"<p>Les pressions se font de plus en plus importantes pour limiter la croissance des co\u00fbts des soins de sant\u00e9; il est donc essentiel de bien comprendre la valeur des diff\u00e9rents services de sant\u00e9. L\u2019Association canadienne de physioth\u00e9rapie (ACP) a confi\u00e9 [&hellip;]<\/p>\n","protected":false},"author":2792,"featured_media":0,"parent":4230,"menu_order":1,"comment_status":"closed","ping_status":"closed","template":"","meta":{"inline_featured_image":false,"ep_exclude_from_search":false,"footnotes":""},"topic":[],"class_list":["post-81854","page","type-page","status-publish","hentry"],"acf":[],"yoast_head":"<!-- This site is optimized with the Yoast SEO plugin v24.7 - https:\/\/yoast.com\/wordpress\/plugins\/seo\/ -->\n<title>La valeur de la physioth\u00e9rapie - Canadian Physiotherapy Association<\/title>\n<meta name=\"robots\" content=\"index, follow, max-snippet:-1, max-image-preview:large, max-video-preview:-1\" \/>\n<link rel=\"canonical\" href=\"https:\/\/physiotherapy.ca\/fr\/representation\/a-propos-de-la-physiotherapie-au-canada\/la-valeur-de-la-physiotherapie\/\" \/>\n<meta property=\"og:locale\" content=\"fr_FR\" \/>\n<meta property=\"og:type\" content=\"article\" \/>\n<meta property=\"og:title\" content=\"La valeur de la physioth\u00e9rapie - Canadian Physiotherapy Association\" \/>\n<meta property=\"og:description\" content=\"Les pressions se font de plus en plus importantes pour limiter la croissance des co\u00fbts des soins de sant\u00e9; il est donc essentiel de bien comprendre la valeur des diff\u00e9rents services de sant\u00e9. L\u2019Association canadienne de physioth\u00e9rapie (ACP) a confi\u00e9 [&hellip;]\" \/>\n<meta property=\"og:url\" content=\"https:\/\/physiotherapy.ca\/fr\/representation\/a-propos-de-la-physiotherapie-au-canada\/la-valeur-de-la-physiotherapie\/\" \/>\n<meta property=\"og:site_name\" content=\"Canadian Physiotherapy Association\" \/>\n<meta property=\"article:modified_time\" content=\"2022-11-18T15:20:03+00:00\" \/>\n<meta name=\"twitter:card\" content=\"summary_large_image\" \/>\n<meta name=\"twitter:label1\" content=\"Est. reading time\" \/>\n\t<meta name=\"twitter:data1\" content=\"4 minutes\" \/>\n<script type=\"application\/ld+json\" class=\"yoast-schema-graph\">{\"@context\":\"https:\/\/schema.org\",\"@graph\":[{\"@type\":\"WebPage\",\"@id\":\"https:\/\/physiotherapy.ca\/fr\/representation\/a-propos-de-la-physiotherapie-au-canada\/la-valeur-de-la-physiotherapie\/\",\"url\":\"https:\/\/physiotherapy.ca\/fr\/representation\/a-propos-de-la-physiotherapie-au-canada\/la-valeur-de-la-physiotherapie\/\",\"name\":\"La valeur de la physioth\u00e9rapie - Canadian Physiotherapy Association\",\"isPartOf\":{\"@id\":\"https:\/\/physiotherapy.ca\/#website\"},\"datePublished\":\"2022-11-18T15:20:02+00:00\",\"dateModified\":\"2022-11-18T15:20:03+00:00\",\"breadcrumb\":{\"@id\":\"https:\/\/physiotherapy.ca\/fr\/representation\/a-propos-de-la-physiotherapie-au-canada\/la-valeur-de-la-physiotherapie\/#breadcrumb\"},\"inLanguage\":\"fr-FR\",\"potentialAction\":[{\"@type\":\"ReadAction\",\"target\":[\"https:\/\/physiotherapy.ca\/fr\/representation\/a-propos-de-la-physiotherapie-au-canada\/la-valeur-de-la-physiotherapie\/\"]}]},{\"@type\":\"BreadcrumbList\",\"@id\":\"https:\/\/physiotherapy.ca\/fr\/representation\/a-propos-de-la-physiotherapie-au-canada\/la-valeur-de-la-physiotherapie\/#breadcrumb\",\"itemListElement\":[{\"@type\":\"ListItem\",\"position\":1,\"name\":\"Home\",\"item\":\"https:\/\/physiotherapy.ca\/fr\/\"},{\"@type\":\"ListItem\",\"position\":2,\"name\":\"Repr\u00e9sentation\",\"item\":\"https:\/\/physiotherapy.ca\/fr\/representation\/\"},{\"@type\":\"ListItem\",\"position\":3,\"name\":\"\u00c0 propos de la physioth\u00e9rapie au Canada\",\"item\":\"https:\/\/physiotherapy.ca\/fr\/representation\/a-propos-de-la-physiotherapie-au-canada\/\"},{\"@type\":\"ListItem\",\"position\":4,\"name\":\"La valeur de la physioth\u00e9rapie\"}]},{\"@type\":\"WebSite\",\"@id\":\"https:\/\/physiotherapy.ca\/#website\",\"url\":\"https:\/\/physiotherapy.ca\/\",\"name\":\"Canadian Physiotherapy Association\",\"description\":\"The Canadian Physiotherapy Association (CPA) represents over 16,000 physiotherapy professionals and students across Canada.\",\"potentialAction\":[{\"@type\":\"SearchAction\",\"target\":{\"@type\":\"EntryPoint\",\"urlTemplate\":\"https:\/\/physiotherapy.ca\/?s={search_term_string}\"},\"query-input\":{\"@type\":\"PropertyValueSpecification\",\"valueRequired\":true,\"valueName\":\"search_term_string\"}}],\"inLanguage\":\"fr-FR\"}]}<\/script>\n<!-- \/ Yoast SEO plugin. -->","yoast_head_json":{"title":"La valeur de la physioth\u00e9rapie - Canadian Physiotherapy Association","robots":{"index":"index","follow":"follow","max-snippet":"max-snippet:-1","max-image-preview":"max-image-preview:large","max-video-preview":"max-video-preview:-1"},"canonical":"https:\/\/physiotherapy.ca\/fr\/representation\/a-propos-de-la-physiotherapie-au-canada\/la-valeur-de-la-physiotherapie\/","og_locale":"fr_FR","og_type":"article","og_title":"La valeur de la physioth\u00e9rapie - Canadian Physiotherapy Association","og_description":"Les pressions se font de plus en plus importantes pour limiter la croissance des co\u00fbts des soins de sant\u00e9; il est donc essentiel de bien comprendre la valeur des diff\u00e9rents services de sant\u00e9. L\u2019Association canadienne de physioth\u00e9rapie (ACP) a confi\u00e9 [&hellip;]","og_url":"https:\/\/physiotherapy.ca\/fr\/representation\/a-propos-de-la-physiotherapie-au-canada\/la-valeur-de-la-physiotherapie\/","og_site_name":"Canadian Physiotherapy Association","article_modified_time":"2022-11-18T15:20:03+00:00","twitter_card":"summary_large_image","twitter_misc":{"Est. reading time":"4 minutes"},"schema":{"@context":"https:\/\/schema.org","@graph":[{"@type":"WebPage","@id":"https:\/\/physiotherapy.ca\/fr\/representation\/a-propos-de-la-physiotherapie-au-canada\/la-valeur-de-la-physiotherapie\/","url":"https:\/\/physiotherapy.ca\/fr\/representation\/a-propos-de-la-physiotherapie-au-canada\/la-valeur-de-la-physiotherapie\/","name":"La valeur de la physioth\u00e9rapie - Canadian Physiotherapy Association","isPartOf":{"@id":"https:\/\/physiotherapy.ca\/#website"},"datePublished":"2022-11-18T15:20:02+00:00","dateModified":"2022-11-18T15:20:03+00:00","breadcrumb":{"@id":"https:\/\/physiotherapy.ca\/fr\/representation\/a-propos-de-la-physiotherapie-au-canada\/la-valeur-de-la-physiotherapie\/#breadcrumb"},"inLanguage":"fr-FR","potentialAction":[{"@type":"ReadAction","target":["https:\/\/physiotherapy.ca\/fr\/representation\/a-propos-de-la-physiotherapie-au-canada\/la-valeur-de-la-physiotherapie\/"]}]},{"@type":"BreadcrumbList","@id":"https:\/\/physiotherapy.ca\/fr\/representation\/a-propos-de-la-physiotherapie-au-canada\/la-valeur-de-la-physiotherapie\/#breadcrumb","itemListElement":[{"@type":"ListItem","position":1,"name":"Home","item":"https:\/\/physiotherapy.ca\/fr\/"},{"@type":"ListItem","position":2,"name":"Repr\u00e9sentation","item":"https:\/\/physiotherapy.ca\/fr\/representation\/"},{"@type":"ListItem","position":3,"name":"\u00c0 propos de la physioth\u00e9rapie au Canada","item":"https:\/\/physiotherapy.ca\/fr\/representation\/a-propos-de-la-physiotherapie-au-canada\/"},{"@type":"ListItem","position":4,"name":"La valeur de la physioth\u00e9rapie"}]},{"@type":"WebSite","@id":"https:\/\/physiotherapy.ca\/#website","url":"https:\/\/physiotherapy.ca\/","name":"Canadian Physiotherapy Association","description":"The Canadian Physiotherapy Association (CPA) represents over 16,000 physiotherapy professionals and students across Canada.","potentialAction":[{"@type":"SearchAction","target":{"@type":"EntryPoint","urlTemplate":"https:\/\/physiotherapy.ca\/?s={search_term_string}"},"query-input":{"@type":"PropertyValueSpecification","valueRequired":true,"valueName":"search_term_string"}}],"inLanguage":"fr-FR"}]}},"_links":{"self":[{"href":"https:\/\/physiotherapy.ca\/fr\/wp-json\/wp\/v2\/pages\/81854","targetHints":{"allow":["GET"]}}],"collection":[{"href":"https:\/\/physiotherapy.ca\/fr\/wp-json\/wp\/v2\/pages"}],"about":[{"href":"https:\/\/physiotherapy.ca\/fr\/wp-json\/wp\/v2\/types\/page"}],"author":[{"embeddable":true,"href":"https:\/\/physiotherapy.ca\/fr\/wp-json\/wp\/v2\/users\/2792"}],"replies":[{"embeddable":true,"href":"https:\/\/physiotherapy.ca\/fr\/wp-json\/wp\/v2\/comments?post=81854"}],"version-history":[{"count":1,"href":"https:\/\/physiotherapy.ca\/fr\/wp-json\/wp\/v2\/pages\/81854\/revisions"}],"predecessor-version":[{"id":81879,"href":"https:\/\/physiotherapy.ca\/fr\/wp-json\/wp\/v2\/pages\/81854\/revisions\/81879"}],"up":[{"embeddable":true,"href":"https:\/\/physiotherapy.ca\/fr\/wp-json\/wp\/v2\/pages\/4230"}],"wp:attachment":[{"href":"https:\/\/physiotherapy.ca\/fr\/wp-json\/wp\/v2\/media?parent=81854"}],"wp:term":[{"taxonomy":"topic","embeddable":true,"href":"https:\/\/physiotherapy.ca\/fr\/wp-json\/wp\/v2\/topic?post=81854"}],"curies":[{"name":"wp","href":"https:\/\/api.w.org\/{rel}","templated":true}]}}