{"id":81882,"date":"2022-11-18T10:28:48","date_gmt":"2022-11-18T15:28:48","guid":{"rendered":"https:\/\/physiotherapy.ca\/?page_id=81882"},"modified":"2022-11-18T10:34:16","modified_gmt":"2022-11-18T15:34:16","slug":"la-physiotherapie-au-canada","status":"publish","type":"page","link":"https:\/\/physiotherapy.ca\/fr\/representation-2\/a-propos-de-la-physiotherapie-au-canada\/la-physiotherapie-au-canada\/","title":{"rendered":"La physioth\u00e9rapie au Canada"},"content":{"rendered":"\n<p>Au Canada, les physioth\u00e9rapeutes travaillent aupr\u00e8s de clients de tout \u00e2ge et d\u2019\u00e9tat de sant\u00e9 divers.&nbsp;<\/p>\n\n\n\n<p>Qu\u2019il s\u2019agisse de gestion de la douleur et de r\u00e9adaptation apr\u00e8s une blessure, comme une foulure de la cheville, ou de prise en charge de maladies chroniques comme le diab\u00e8te ou les maladies cardiaques,&nbsp;<a href=\"http:\/\/physiocanhelp.ca\/\" target=\"_blank\" rel=\"noreferrer noopener\">le physioth\u00e9rapeute peut jouer un r\u00f4le&nbsp;Ouvre dans une nouvelle fen\u00eatre<\/a>.&nbsp;<\/p>\n\n\n\n<p>Le document\u00a0<a href=\"http:\/\/cpa-website-drupal.ind.ninja\/fr\/description-de-la-physiotherapiehttps:\/\/physiotherapy.ca\/fr\/description-de-la-physiotherapie\/\">Description de la physioth\u00e9rapie au Canada<\/a>\u00a0donne une d\u00e9finition de la physioth\u00e9rapie et en d\u00e9crit les interventions, les sp\u00e9cialit\u00e9s, les milieux de pratique et la formation. Ce document constitue une ressource pr\u00e9cieuse pour les physioth\u00e9rapeutes dans leurs discussions avec les autres professionnels de la sant\u00e9, les dirigeants du syst\u00e8me de sant\u00e9 et le public.<br>\u00a0<\/p>\n\n\n\n<h3 class=\"wp-block-heading\">Milieu de travail du physioth\u00e9rapeute<\/h3>\n\n\n\n<p>Le physioth\u00e9rapeute peut travailler dans divers milieux pour proposer \u00e0 ses patients ou \u00e0 la population en g\u00e9n\u00e9ral des interventions de m\u00eame que des services de prise en charge, de formation, de recherche et de consultation. Dans la communaut\u00e9, on peut obtenir des services de physioth\u00e9rapie dans des cliniques priv\u00e9es ou \u00e0 domicile. Les services de physioth\u00e9rapie sont souvent offerts dans les r\u00e9sidences de retraite et les centres de d\u00e9veloppement de l\u2019enfant. Si vous \u00eates admis \u00e0 l\u2019h\u00f4pital pour une intervention chirurgicale, comme le remplacement d\u2019une articulation ou une chirurgie cardiaque, il est probable que le physioth\u00e9rapeute soit un membre important de votre \u00e9quipe de soins.<br>&nbsp;<\/p>\n\n\n\n<h3 class=\"wp-block-heading\">\u00c9valuation par un physioth\u00e9rapeute<\/h3>\n\n\n\n<p>Un physioth\u00e9rapeute \u00e9value votre condition \u00e0 partir d\u2019un r\u00e9cit d\u00e9taill\u00e9 et de diff\u00e9rents tests et mesures physiques pr\u00e9cis, comme la souplesse ou l\u2019amplitude de mouvement. Il analyse ensuite les r\u00e9sultats de son \u00e9valuation et utilise son raisonnement clinique pour \u00e9tablir un diagnostic. Ensemble, vous explorerez vos capacit\u00e9s actuelles et vos besoins fonctionnels afin que le physioth\u00e9rapeute puisse planifier un traitement qui correspond \u00e0 vos objectifs et \u00e0 votre \u00e9tat de sant\u00e9 g\u00e9n\u00e9ral, et qui comprend des approches et des techniques justifi\u00e9es par les meilleures donn\u00e9es probantes.<br>&nbsp;<\/p>\n\n\n\n<h3 class=\"wp-block-heading\">Traitement de physioth\u00e9rapie<\/h3>\n\n\n\n<p>Un traitement de physioth\u00e9rapie peut comprendre les \u00e9l\u00e9ments suivants&nbsp;:<\/p>\n\n\n\n<ul class=\"wp-block-list\"><li>des programmes d\u2019exercices personnalis\u00e9s con\u00e7us pour am\u00e9liorer la force, l\u2019amplitude de mouvement et le fonctionnement<\/li><li>des massages<\/li><li>la mobilisation et la manipulation des articulations pour r\u00e9duire la douleur et la raideur<\/li><li>des compresses chaudes et froides et d\u2019autres interventions pour r\u00e9duire la douleur et l\u2019enflure, acc\u00e9l\u00e9rer la gu\u00e9rison et am\u00e9liorer le mouvement et les capacit\u00e9s<\/li><li>des m\u00e9thodes de d\u00e9gagement des voies respiratoires pour les personnes qui ont des difficult\u00e9s respiratoires<\/li><li>des soins de la peau et des blessures<\/li><li>une gestion de l\u2019incontinence, notamment par la r\u00e9\u00e9ducation du plancher pelvien<\/li><li>des tests de l\u2019activit\u00e9 fonctionnelle et de la tol\u00e9rance, et des exercices<\/li><li>une r\u00e9\u00e9ducation au travail et la planification du retour au travail<\/li><li>la prescription, la fabrication et l\u2019application de dispositifs et d\u2019\u00e9quipements adapt\u00e9s d\u2019assistance, de soutien et de protection<\/li><li>des changements environnementaux ax\u00e9s sur la suppression des obstacles au fonctionnement<br>&nbsp;<\/li><\/ul>\n\n\n\n<h3 class=\"wp-block-heading\">R\u00e9f\u00e9rence et paiement<\/h3>\n\n\n\n<p>Pour de nombreux Canadiens, l\u2019assurance-maladie couvre en tout ou en partie les co\u00fbts des soins de physioth\u00e9rapie. Certains r\u00e9gimes d\u2019assurance \u00e9largis exigent une prescription du m\u00e9decin pour rembourser les services de physioth\u00e9rapie, mais ce n\u2019est pas toujours n\u00e9cessaire. Communiquez \u00e0 l\u2019avance avec votre compagnie d\u2019assurance pour v\u00e9rifier votre couverture et d\u00e9terminer si vous aurez besoin d\u2019une prescription du m\u00e9decin pour \u00eatre rembours\u00e9.<\/p>\n\n\n\n<p>Les frais associ\u00e9s aux traitements de physioth\u00e9rapie changent d\u2019une province \u00e0 l\u2019autre, et parfois d\u2019un milieu de pratique \u00e0 l\u2019autre.<\/p>\n\n\n\n<p>Les services de physioth\u00e9rapie fournis dans un milieu hospitalier peuvent \u00eatre couverts en tout ou en partie par l\u2019assurance-maladie de votre province. Les services de physioth\u00e9rapie fournis aux patients hospitalis\u00e9s sont couverts par l\u2019assurance-maladie provinciale.<\/p>\n","protected":false},"excerpt":{"rendered":"<p>Au Canada, les physioth\u00e9rapeutes travaillent aupr\u00e8s de clients de tout \u00e2ge et d\u2019\u00e9tat de sant\u00e9 divers.&nbsp; Qu\u2019il s\u2019agisse de gestion de la douleur et de r\u00e9adaptation apr\u00e8s une blessure, comme une foulure de la cheville, ou de prise en charge [&hellip;]<\/p>\n","protected":false},"author":2792,"featured_media":0,"parent":4230,"menu_order":2,"comment_status":"closed","ping_status":"closed","template":"","meta":{"inline_featured_image":false,"ep_exclude_from_search":false,"footnotes":""},"topic":[],"class_list":["post-81882","page","type-page","status-publish","hentry"],"acf":[],"yoast_head":"<!-- This site is optimized with the Yoast SEO plugin v24.7 - https:\/\/yoast.com\/wordpress\/plugins\/seo\/ -->\n<title>La physioth\u00e9rapie au Canada - Canadian Physiotherapy Association<\/title>\n<meta name=\"robots\" content=\"index, follow, max-snippet:-1, max-image-preview:large, max-video-preview:-1\" \/>\n<link rel=\"canonical\" href=\"https:\/\/physiotherapy.ca\/fr\/representation\/a-propos-de-la-physiotherapie-au-canada\/la-physiotherapie-au-canada\/\" \/>\n<meta property=\"og:locale\" content=\"fr_FR\" \/>\n<meta property=\"og:type\" content=\"article\" \/>\n<meta property=\"og:title\" content=\"La physioth\u00e9rapie au Canada - Canadian Physiotherapy Association\" \/>\n<meta property=\"og:description\" content=\"Au Canada, les physioth\u00e9rapeutes travaillent aupr\u00e8s de clients de tout \u00e2ge et d\u2019\u00e9tat de sant\u00e9 divers.&nbsp; Qu\u2019il s\u2019agisse de gestion de la douleur et de r\u00e9adaptation apr\u00e8s une blessure, comme une foulure de la cheville, ou de prise en charge [&hellip;]\" \/>\n<meta property=\"og:url\" content=\"https:\/\/physiotherapy.ca\/fr\/representation\/a-propos-de-la-physiotherapie-au-canada\/la-physiotherapie-au-canada\/\" \/>\n<meta property=\"og:site_name\" content=\"Canadian Physiotherapy Association\" \/>\n<meta property=\"article:modified_time\" content=\"2022-11-18T15:34:16+00:00\" \/>\n<meta name=\"twitter:card\" content=\"summary_large_image\" \/>\n<meta name=\"twitter:label1\" content=\"Est. reading time\" \/>\n\t<meta name=\"twitter:data1\" content=\"3 minutes\" \/>\n<script type=\"application\/ld+json\" class=\"yoast-schema-graph\">{\"@context\":\"https:\/\/schema.org\",\"@graph\":[{\"@type\":\"WebPage\",\"@id\":\"https:\/\/physiotherapy.ca\/fr\/representation\/a-propos-de-la-physiotherapie-au-canada\/la-physiotherapie-au-canada\/\",\"url\":\"https:\/\/physiotherapy.ca\/fr\/representation\/a-propos-de-la-physiotherapie-au-canada\/la-physiotherapie-au-canada\/\",\"name\":\"La physioth\u00e9rapie au Canada - Canadian Physiotherapy Association\",\"isPartOf\":{\"@id\":\"https:\/\/physiotherapy.ca\/#website\"},\"datePublished\":\"2022-11-18T15:28:48+00:00\",\"dateModified\":\"2022-11-18T15:34:16+00:00\",\"breadcrumb\":{\"@id\":\"https:\/\/physiotherapy.ca\/fr\/representation\/a-propos-de-la-physiotherapie-au-canada\/la-physiotherapie-au-canada\/#breadcrumb\"},\"inLanguage\":\"fr-FR\",\"potentialAction\":[{\"@type\":\"ReadAction\",\"target\":[\"https:\/\/physiotherapy.ca\/fr\/representation\/a-propos-de-la-physiotherapie-au-canada\/la-physiotherapie-au-canada\/\"]}]},{\"@type\":\"BreadcrumbList\",\"@id\":\"https:\/\/physiotherapy.ca\/fr\/representation\/a-propos-de-la-physiotherapie-au-canada\/la-physiotherapie-au-canada\/#breadcrumb\",\"itemListElement\":[{\"@type\":\"ListItem\",\"position\":1,\"name\":\"Home\",\"item\":\"https:\/\/physiotherapy.ca\/fr\/\"},{\"@type\":\"ListItem\",\"position\":2,\"name\":\"Repr\u00e9sentation\",\"item\":\"https:\/\/physiotherapy.ca\/fr\/representation\/\"},{\"@type\":\"ListItem\",\"position\":3,\"name\":\"\u00c0 propos de la physioth\u00e9rapie au Canada\",\"item\":\"https:\/\/physiotherapy.ca\/fr\/representation\/a-propos-de-la-physiotherapie-au-canada\/\"},{\"@type\":\"ListItem\",\"position\":4,\"name\":\"La physioth\u00e9rapie au Canada\"}]},{\"@type\":\"WebSite\",\"@id\":\"https:\/\/physiotherapy.ca\/#website\",\"url\":\"https:\/\/physiotherapy.ca\/\",\"name\":\"Canadian Physiotherapy Association\",\"description\":\"The Canadian Physiotherapy Association (CPA) represents over 16,000 physiotherapy professionals and students across Canada.\",\"potentialAction\":[{\"@type\":\"SearchAction\",\"target\":{\"@type\":\"EntryPoint\",\"urlTemplate\":\"https:\/\/physiotherapy.ca\/?s={search_term_string}\"},\"query-input\":{\"@type\":\"PropertyValueSpecification\",\"valueRequired\":true,\"valueName\":\"search_term_string\"}}],\"inLanguage\":\"fr-FR\"}]}<\/script>\n<!-- \/ Yoast SEO plugin. -->","yoast_head_json":{"title":"La physioth\u00e9rapie au Canada - Canadian Physiotherapy Association","robots":{"index":"index","follow":"follow","max-snippet":"max-snippet:-1","max-image-preview":"max-image-preview:large","max-video-preview":"max-video-preview:-1"},"canonical":"https:\/\/physiotherapy.ca\/fr\/representation\/a-propos-de-la-physiotherapie-au-canada\/la-physiotherapie-au-canada\/","og_locale":"fr_FR","og_type":"article","og_title":"La physioth\u00e9rapie au Canada - Canadian Physiotherapy Association","og_description":"Au Canada, les physioth\u00e9rapeutes travaillent aupr\u00e8s de clients de tout \u00e2ge et d\u2019\u00e9tat de sant\u00e9 divers.&nbsp; Qu\u2019il s\u2019agisse de gestion de la douleur et de r\u00e9adaptation apr\u00e8s une blessure, comme une foulure de la cheville, ou de prise en charge [&hellip;]","og_url":"https:\/\/physiotherapy.ca\/fr\/representation\/a-propos-de-la-physiotherapie-au-canada\/la-physiotherapie-au-canada\/","og_site_name":"Canadian Physiotherapy Association","article_modified_time":"2022-11-18T15:34:16+00:00","twitter_card":"summary_large_image","twitter_misc":{"Est. reading time":"3 minutes"},"schema":{"@context":"https:\/\/schema.org","@graph":[{"@type":"WebPage","@id":"https:\/\/physiotherapy.ca\/fr\/representation\/a-propos-de-la-physiotherapie-au-canada\/la-physiotherapie-au-canada\/","url":"https:\/\/physiotherapy.ca\/fr\/representation\/a-propos-de-la-physiotherapie-au-canada\/la-physiotherapie-au-canada\/","name":"La physioth\u00e9rapie au Canada - Canadian Physiotherapy Association","isPartOf":{"@id":"https:\/\/physiotherapy.ca\/#website"},"datePublished":"2022-11-18T15:28:48+00:00","dateModified":"2022-11-18T15:34:16+00:00","breadcrumb":{"@id":"https:\/\/physiotherapy.ca\/fr\/representation\/a-propos-de-la-physiotherapie-au-canada\/la-physiotherapie-au-canada\/#breadcrumb"},"inLanguage":"fr-FR","potentialAction":[{"@type":"ReadAction","target":["https:\/\/physiotherapy.ca\/fr\/representation\/a-propos-de-la-physiotherapie-au-canada\/la-physiotherapie-au-canada\/"]}]},{"@type":"BreadcrumbList","@id":"https:\/\/physiotherapy.ca\/fr\/representation\/a-propos-de-la-physiotherapie-au-canada\/la-physiotherapie-au-canada\/#breadcrumb","itemListElement":[{"@type":"ListItem","position":1,"name":"Home","item":"https:\/\/physiotherapy.ca\/fr\/"},{"@type":"ListItem","position":2,"name":"Repr\u00e9sentation","item":"https:\/\/physiotherapy.ca\/fr\/representation\/"},{"@type":"ListItem","position":3,"name":"\u00c0 propos de la physioth\u00e9rapie au Canada","item":"https:\/\/physiotherapy.ca\/fr\/representation\/a-propos-de-la-physiotherapie-au-canada\/"},{"@type":"ListItem","position":4,"name":"La physioth\u00e9rapie au Canada"}]},{"@type":"WebSite","@id":"https:\/\/physiotherapy.ca\/#website","url":"https:\/\/physiotherapy.ca\/","name":"Canadian Physiotherapy Association","description":"The Canadian Physiotherapy Association (CPA) represents over 16,000 physiotherapy professionals and students across Canada.","potentialAction":[{"@type":"SearchAction","target":{"@type":"EntryPoint","urlTemplate":"https:\/\/physiotherapy.ca\/?s={search_term_string}"},"query-input":{"@type":"PropertyValueSpecification","valueRequired":true,"valueName":"search_term_string"}}],"inLanguage":"fr-FR"}]}},"_links":{"self":[{"href":"https:\/\/physiotherapy.ca\/fr\/wp-json\/wp\/v2\/pages\/81882","targetHints":{"allow":["GET"]}}],"collection":[{"href":"https:\/\/physiotherapy.ca\/fr\/wp-json\/wp\/v2\/pages"}],"about":[{"href":"https:\/\/physiotherapy.ca\/fr\/wp-json\/wp\/v2\/types\/page"}],"author":[{"embeddable":true,"href":"https:\/\/physiotherapy.ca\/fr\/wp-json\/wp\/v2\/users\/2792"}],"replies":[{"embeddable":true,"href":"https:\/\/physiotherapy.ca\/fr\/wp-json\/wp\/v2\/comments?post=81882"}],"version-history":[{"count":2,"href":"https:\/\/physiotherapy.ca\/fr\/wp-json\/wp\/v2\/pages\/81882\/revisions"}],"predecessor-version":[{"id":81891,"href":"https:\/\/physiotherapy.ca\/fr\/wp-json\/wp\/v2\/pages\/81882\/revisions\/81891"}],"up":[{"embeddable":true,"href":"https:\/\/physiotherapy.ca\/fr\/wp-json\/wp\/v2\/pages\/4230"}],"wp:attachment":[{"href":"https:\/\/physiotherapy.ca\/fr\/wp-json\/wp\/v2\/media?parent=81882"}],"wp:term":[{"taxonomy":"topic","embeddable":true,"href":"https:\/\/physiotherapy.ca\/fr\/wp-json\/wp\/v2\/topic?post=81882"}],"curies":[{"name":"wp","href":"https:\/\/api.w.org\/{rel}","templated":true}]}}