{"id":81887,"date":"2022-11-18T10:33:41","date_gmt":"2022-11-18T15:33:41","guid":{"rendered":"https:\/\/physiotherapy.ca\/?page_id=81887"},"modified":"2022-11-18T10:33:42","modified_gmt":"2022-11-18T15:33:42","slug":"description-de-la-physiotherapie","status":"publish","type":"page","link":"https:\/\/physiotherapy.ca\/fr\/description-de-la-physiotherapie\/","title":{"rendered":"Description de la physioth\u00e9rapie"},"content":{"rendered":"\n<h3 class=\"wp-block-heading\">L\u2019Association canadienne de physioth\u00e9rapie (ACP), en consultation avec les pr\u00e9sidents des sections et des divisions et avec les repr\u00e9sentants des organismes r\u00e9glementaires et des universit\u00e9s, a mis \u00e0 jour la Description de la physioth\u00e9rapie au Canada.<\/h3>\n\n\n\n<p>La\u00a0Description\u00a0d\u00e9finit ce qu\u2019est la physioth\u00e9rapie, les m\u00e9thodes employ\u00e9es et l\u2019objectif des interventions des physioth\u00e9rapeutes. Ce document en compl\u00e8te d\u2019autres, qui d\u00e9finissent et encadrent la pratique de la physioth\u00e9rapie, comme le\u00a0Profil des comp\u00e9tences essentielles des physioth\u00e9rapeutes au Canada\u00a0(Alliance, ACCPAP, ACP et CCPUP, 2009) et le\u00a0Cursus d\u2019entr\u00e9e en pratique de la physioth\u00e9rapie\u00a0: Lignes directrices pour les programmes universitaires canadiens\u00a0(CCPUP, ACP, ACORP et ACCPAP, 2009).<\/p>\n\n\n\n<blockquote class=\"wp-block-quote is-layout-flow wp-block-quote-is-layout-flow\"><p><em>The heart of the physiotherapy profession&#8230; is understanding how and why movement and function take place. Physiotherapists\u00a0are highly skilled and autonomous health professionals who provide safe, quality client-centred physiotherapy through a commitment to service availability, accessibility and excellence.\u00a0<\/em><\/p><\/blockquote>\n\n\n\n<p>La\u00a0Description\u00a0donne une d\u00e9finition de la physioth\u00e9rapie et en d\u00e9crit les interventions, les sp\u00e9cialit\u00e9s, les milieux de pratique et la formation. Ce document constitue une ressource pr\u00e9cieuse pour les physioth\u00e9rapeutes dans leurs discussions avec les autres professionnels de la sant\u00e9, les dirigeants du syst\u00e8me de sant\u00e9 et le public.<\/p>\n\n\n\n<p><a href=\"https:\/\/physiotherapy.ca\/app\/uploads\/2022\/11\/dopen-en.pdf\">Description de la physioth\u00e9rapie au Canada\u00a02012 (PDF)<\/a><\/p>\n\n\n\n<p>(en anglais)<\/p>\n","protected":false},"excerpt":{"rendered":"<p>L\u2019Association canadienne de physioth\u00e9rapie (ACP), en consultation avec les pr\u00e9sidents des sections et des divisions et avec les repr\u00e9sentants des organismes r\u00e9glementaires et des universit\u00e9s, a mis \u00e0 jour la Description de la physioth\u00e9rapie au Canada. La\u00a0Description\u00a0d\u00e9finit ce qu\u2019est la [&hellip;]<\/p>\n","protected":false},"author":2792,"featured_media":0,"parent":0,"menu_order":0,"comment_status":"closed","ping_status":"closed","template":"","meta":{"inline_featured_image":false,"ep_exclude_from_search":false,"footnotes":""},"topic":[],"class_list":["post-81887","page","type-page","status-publish","hentry"],"acf":[],"yoast_head":"<!-- This site is optimized with the Yoast SEO plugin v24.7 - https:\/\/yoast.com\/wordpress\/plugins\/seo\/ -->\n<title>Description de la physioth\u00e9rapie - Canadian Physiotherapy Association<\/title>\n<meta name=\"robots\" content=\"index, follow, max-snippet:-1, max-image-preview:large, max-video-preview:-1\" \/>\n<link rel=\"canonical\" href=\"https:\/\/physiotherapy.ca\/fr\/description-de-la-physiotherapie\/\" \/>\n<meta property=\"og:locale\" content=\"fr_FR\" \/>\n<meta property=\"og:type\" content=\"article\" \/>\n<meta property=\"og:title\" content=\"Description de la physioth\u00e9rapie - Canadian Physiotherapy Association\" \/>\n<meta property=\"og:description\" content=\"L\u2019Association canadienne de physioth\u00e9rapie (ACP), en consultation avec les pr\u00e9sidents des sections et des divisions et avec les repr\u00e9sentants des organismes r\u00e9glementaires et des universit\u00e9s, a mis \u00e0 jour la Description de la physioth\u00e9rapie au Canada. La\u00a0Description\u00a0d\u00e9finit ce qu\u2019est la [&hellip;]\" \/>\n<meta property=\"og:url\" content=\"https:\/\/physiotherapy.ca\/fr\/description-de-la-physiotherapie\/\" \/>\n<meta property=\"og:site_name\" content=\"Canadian Physiotherapy Association\" \/>\n<meta property=\"article:modified_time\" content=\"2022-11-18T15:33:42+00:00\" \/>\n<meta name=\"twitter:card\" content=\"summary_large_image\" \/>\n<meta name=\"twitter:label1\" content=\"Est. reading time\" \/>\n\t<meta name=\"twitter:data1\" content=\"1 minute\" \/>\n<script type=\"application\/ld+json\" class=\"yoast-schema-graph\">{\"@context\":\"https:\/\/schema.org\",\"@graph\":[{\"@type\":\"WebPage\",\"@id\":\"https:\/\/physiotherapy.ca\/fr\/description-de-la-physiotherapie\/\",\"url\":\"https:\/\/physiotherapy.ca\/fr\/description-de-la-physiotherapie\/\",\"name\":\"Description de la physioth\u00e9rapie - Canadian Physiotherapy Association\",\"isPartOf\":{\"@id\":\"https:\/\/physiotherapy.ca\/#website\"},\"datePublished\":\"2022-11-18T15:33:41+00:00\",\"dateModified\":\"2022-11-18T15:33:42+00:00\",\"breadcrumb\":{\"@id\":\"https:\/\/physiotherapy.ca\/fr\/description-de-la-physiotherapie\/#breadcrumb\"},\"inLanguage\":\"fr-FR\",\"potentialAction\":[{\"@type\":\"ReadAction\",\"target\":[\"https:\/\/physiotherapy.ca\/fr\/description-de-la-physiotherapie\/\"]}]},{\"@type\":\"BreadcrumbList\",\"@id\":\"https:\/\/physiotherapy.ca\/fr\/description-de-la-physiotherapie\/#breadcrumb\",\"itemListElement\":[{\"@type\":\"ListItem\",\"position\":1,\"name\":\"Home\",\"item\":\"https:\/\/physiotherapy.ca\/fr\/\"},{\"@type\":\"ListItem\",\"position\":2,\"name\":\"Description de la physioth\u00e9rapie\"}]},{\"@type\":\"WebSite\",\"@id\":\"https:\/\/physiotherapy.ca\/#website\",\"url\":\"https:\/\/physiotherapy.ca\/\",\"name\":\"Canadian Physiotherapy Association\",\"description\":\"The Canadian Physiotherapy Association (CPA) represents over 16,000 physiotherapy professionals and students across Canada.\",\"potentialAction\":[{\"@type\":\"SearchAction\",\"target\":{\"@type\":\"EntryPoint\",\"urlTemplate\":\"https:\/\/physiotherapy.ca\/?s={search_term_string}\"},\"query-input\":{\"@type\":\"PropertyValueSpecification\",\"valueRequired\":true,\"valueName\":\"search_term_string\"}}],\"inLanguage\":\"fr-FR\"}]}<\/script>\n<!-- \/ Yoast SEO plugin. -->","yoast_head_json":{"title":"Description de la physioth\u00e9rapie - Canadian Physiotherapy Association","robots":{"index":"index","follow":"follow","max-snippet":"max-snippet:-1","max-image-preview":"max-image-preview:large","max-video-preview":"max-video-preview:-1"},"canonical":"https:\/\/physiotherapy.ca\/fr\/description-de-la-physiotherapie\/","og_locale":"fr_FR","og_type":"article","og_title":"Description de la physioth\u00e9rapie - Canadian Physiotherapy Association","og_description":"L\u2019Association canadienne de physioth\u00e9rapie (ACP), en consultation avec les pr\u00e9sidents des sections et des divisions et avec les repr\u00e9sentants des organismes r\u00e9glementaires et des universit\u00e9s, a mis \u00e0 jour la Description de la physioth\u00e9rapie au Canada. La\u00a0Description\u00a0d\u00e9finit ce qu\u2019est la [&hellip;]","og_url":"https:\/\/physiotherapy.ca\/fr\/description-de-la-physiotherapie\/","og_site_name":"Canadian Physiotherapy Association","article_modified_time":"2022-11-18T15:33:42+00:00","twitter_card":"summary_large_image","twitter_misc":{"Est. reading time":"1 minute"},"schema":{"@context":"https:\/\/schema.org","@graph":[{"@type":"WebPage","@id":"https:\/\/physiotherapy.ca\/fr\/description-de-la-physiotherapie\/","url":"https:\/\/physiotherapy.ca\/fr\/description-de-la-physiotherapie\/","name":"Description de la physioth\u00e9rapie - Canadian Physiotherapy Association","isPartOf":{"@id":"https:\/\/physiotherapy.ca\/#website"},"datePublished":"2022-11-18T15:33:41+00:00","dateModified":"2022-11-18T15:33:42+00:00","breadcrumb":{"@id":"https:\/\/physiotherapy.ca\/fr\/description-de-la-physiotherapie\/#breadcrumb"},"inLanguage":"fr-FR","potentialAction":[{"@type":"ReadAction","target":["https:\/\/physiotherapy.ca\/fr\/description-de-la-physiotherapie\/"]}]},{"@type":"BreadcrumbList","@id":"https:\/\/physiotherapy.ca\/fr\/description-de-la-physiotherapie\/#breadcrumb","itemListElement":[{"@type":"ListItem","position":1,"name":"Home","item":"https:\/\/physiotherapy.ca\/fr\/"},{"@type":"ListItem","position":2,"name":"Description de la physioth\u00e9rapie"}]},{"@type":"WebSite","@id":"https:\/\/physiotherapy.ca\/#website","url":"https:\/\/physiotherapy.ca\/","name":"Canadian Physiotherapy Association","description":"The Canadian Physiotherapy Association (CPA) represents over 16,000 physiotherapy professionals and students across Canada.","potentialAction":[{"@type":"SearchAction","target":{"@type":"EntryPoint","urlTemplate":"https:\/\/physiotherapy.ca\/?s={search_term_string}"},"query-input":{"@type":"PropertyValueSpecification","valueRequired":true,"valueName":"search_term_string"}}],"inLanguage":"fr-FR"}]}},"_links":{"self":[{"href":"https:\/\/physiotherapy.ca\/fr\/wp-json\/wp\/v2\/pages\/81887","targetHints":{"allow":["GET"]}}],"collection":[{"href":"https:\/\/physiotherapy.ca\/fr\/wp-json\/wp\/v2\/pages"}],"about":[{"href":"https:\/\/physiotherapy.ca\/fr\/wp-json\/wp\/v2\/types\/page"}],"author":[{"embeddable":true,"href":"https:\/\/physiotherapy.ca\/fr\/wp-json\/wp\/v2\/users\/2792"}],"replies":[{"embeddable":true,"href":"https:\/\/physiotherapy.ca\/fr\/wp-json\/wp\/v2\/comments?post=81887"}],"version-history":[{"count":1,"href":"https:\/\/physiotherapy.ca\/fr\/wp-json\/wp\/v2\/pages\/81887\/revisions"}],"predecessor-version":[{"id":81890,"href":"https:\/\/physiotherapy.ca\/fr\/wp-json\/wp\/v2\/pages\/81887\/revisions\/81890"}],"wp:attachment":[{"href":"https:\/\/physiotherapy.ca\/fr\/wp-json\/wp\/v2\/media?parent=81887"}],"wp:term":[{"taxonomy":"topic","embeddable":true,"href":"https:\/\/physiotherapy.ca\/fr\/wp-json\/wp\/v2\/topic?post=81887"}],"curies":[{"name":"wp","href":"https:\/\/api.w.org\/{rel}","templated":true}]}}