{"id":81892,"date":"2022-11-18T10:36:58","date_gmt":"2022-11-18T15:36:58","guid":{"rendered":"https:\/\/physiotherapy.ca\/?page_id=81892"},"modified":"2025-11-28T16:08:53","modified_gmt":"2025-11-28T21:08:53","slug":"devenir-physiotherapeute-ou-assistant-physiotherapeute","status":"publish","type":"page","link":"https:\/\/physiotherapy.ca\/fr\/representation-2\/a-propos-de-la-physiotherapie-au-canada\/devenir-physiotherapeute-ou-assistant-physiotherapeute\/","title":{"rendered":"Devenir physioth\u00e9rapeute ou assistant-physioth\u00e9rapeute"},"content":{"rendered":"\n<h2 class=\"wp-block-heading\">Devenir physioth\u00e9rapeute<\/h2>\n\n\n\n<p>Au Canada, seize universit\u00e9s proposent une ma\u00eetrise en physioth\u00e9rapie \u2013\u00a0<a href=\"https:\/\/www.physiotherapyeducation.ca\/programs.php\">onze en anglais, et cinq\u00a0en fran\u00e7ais<\/a>.<\/p>\n\n\n\n<p>Des programmes d\u2019\u00e9tudes sup\u00e9rieures permettent de passer l\u2019examen national de comp\u00e9tences en physioth\u00e9rapie (ECP), qui constitue une exigence dans la plupart des provinces pour pouvoir pratiquer la physioth\u00e9rapie.<\/p>\n\n\n\n<p><a href=\"https:\/\/alliancept.org\/fr\/lexamen-de-competence-en-physiotherapie-ecp\/\">En savoir plus sur l\u2019examen de comp\u00e9tences en physioth\u00e9rapie (ECP)<\/a><\/p>\n\n\n\n<p>Les physioth\u00e9rapeutes form\u00e9s \u00e0 l\u2019\u00e9tranger b\u00e9n\u00e9ficient d\u2019un rabais de 50 % sur l\u2019adh\u00e9sion \u00e0 l\u2019ACP et sur l\u2019assurance responsabilit\u00e9 professionnelle pour leur premi\u00e8re ann\u00e9e de pratique au Canada. Pour en savoir plus, communiquez avec l\u2019ACP \u00e0 l\u2019adresse <a href=\"mailto:information@physiotherapy.ca\">information@physiotherapy.ca<\/a> ou composez le 1-800-387-8679.<\/p>\n\n\n\n<p>En tant que membre de l\u2019ACP, vous aurez acc\u00e8s \u00e0 une vari\u00e9t\u00e9 d\u2019avantages.<\/p>\n\n\n\n<p>Vous cherchez un poste pour lancer votre carri\u00e8re au Canada? Consultez le <a href=\"https:\/\/physiotherapy.ca\/fr\/centre-demplois\/\">Centre de carri\u00e8res de l\u2019ACP<\/a>.<\/p>\n\n\n\n<p><\/p>\n\n\n\n<h2 class=\"wp-block-heading\">Devenir assistant-physioth\u00e9rapeute<\/h2>\n\n\n\n<p>Au Canada, l\u2019assistant-physioth\u00e9rapeute travaille sous la direction d\u2019un physioth\u00e9rapeute agr\u00e9\u00e9 pour offrir des services en physioth\u00e9rapie. Il a re\u00e7u sa formation dans un programme d\u2019un coll\u00e8ge ou d\u2019une universit\u00e9. Ce programme porte diff\u00e9rents titres, par exemple&nbsp;:<\/p>\n\n\n\n<ul class=\"wp-block-list\">\n<li>assistant de l\u2019ergoth\u00e9rapeute et assistant du physioth\u00e9rapeute<\/li>\n\n\n\n<li>assistant-physioth\u00e9rapeute en r\u00e9adaptation<\/li>\n\n\n\n<li>assistant-physioth\u00e9rapeute en pratique clinique<\/li>\n\n\n\n<li>assistant-th\u00e9rapeute en r\u00e9adaptation fonctionnelle<\/li>\n<\/ul>\n\n\n\n<p><a href=\"http:\/\/otapta.ca\/french\/accreditation\/affiliated-education-programs.php\">Liste des programmes menant \u00e0 la profession d\u2019assistant-physioth\u00e9rapeute<\/a><\/p>\n\n\n\n<h2 class=\"wp-block-heading\">Profil des comp\u00e9tences essentielles<\/h2>\n\n\n\n<p>Les profils des comp\u00e9tences essentielles (PCE) en physioth\u00e9rapie d\u00e9crivent les connaissances, habilet\u00e9s et attitudes essentielles aux physioth\u00e9rapeutes et aux assistants-physioth\u00e9rapeutes en d\u00e9but de carri\u00e8re au Canada.<\/p>\n\n\n\n<div class=\"wp-block-columns is-layout-flex wp-container-core-columns-is-layout-1 wp-block-columns-is-layout-flex\">\n<div class=\"wp-block-column is-layout-flow wp-block-column-is-layout-flow\">\n<h4 class=\"wp-block-heading\">Les profils des comp\u00e9tences essentielles (PCE) 2017<\/h4>\n\n\n\n<figure class=\"wp-block-image size-large is-resized\"><img loading=\"lazy\" decoding=\"async\" width=\"791\" height=\"1024\" src=\"https:\/\/physiotherapy.ca\/app\/uploads\/2023\/01\/pages_from_competency_profile_jan16_fr_0-791x1024.jpg\" alt=\"\" class=\"wp-image-88476\" style=\"width:198px;height:256px\" srcset=\"https:\/\/physiotherapy.ca\/app\/uploads\/2023\/01\/pages_from_competency_profile_jan16_fr_0-791x1024.jpg 791w, https:\/\/physiotherapy.ca\/app\/uploads\/2023\/01\/pages_from_competency_profile_jan16_fr_0-232x300.jpg 232w, https:\/\/physiotherapy.ca\/app\/uploads\/2023\/01\/pages_from_competency_profile_jan16_fr_0-768x994.jpg 768w, https:\/\/physiotherapy.ca\/app\/uploads\/2023\/01\/pages_from_competency_profile_jan16_fr_0-1187x1536.jpg 1187w, https:\/\/physiotherapy.ca\/app\/uploads\/2023\/01\/pages_from_competency_profile_jan16_fr_0-155x200.jpg 155w, https:\/\/physiotherapy.ca\/app\/uploads\/2023\/01\/pages_from_competency_profile_jan16_fr_0-600x776.jpg 600w, https:\/\/physiotherapy.ca\/app\/uploads\/2023\/01\/pages_from_competency_profile_jan16_fr_0.jpg 1445w\" sizes=\"auto, (max-width: 791px) 100vw, 791px\" \/><\/figure>\n\n\n\n<p><a href=\"https:\/\/physiotherapy.ca\/app\/uploads\/2023\/06\/Profil-des-competences-pht-2017-CC-1.pdf\" target=\"_blank\" rel=\"noreferrer noopener\">T\u00e9l\u00e9charger<\/a><\/p>\n<\/div>\n\n\n\n<div class=\"wp-block-column is-layout-flow wp-block-column-is-layout-flow\">\n<h4 class=\"wp-block-heading\">Assistants-physioth\u00e9rapeutes<\/h4>\n\n\n\n<div style=\"height:26px\" aria-hidden=\"true\" class=\"wp-block-spacer\"><\/div>\n\n\n\n<figure class=\"wp-block-image size-large is-resized\"><img loading=\"lazy\" decoding=\"async\" width=\"791\" height=\"1024\" src=\"https:\/\/physiotherapy.ca\/app\/uploads\/2023\/01\/pta_profile_2012_french_page_01-791x1024.jpg\" alt=\"\" class=\"wp-image-88478\" style=\"width:198px;height:256px\" srcset=\"https:\/\/physiotherapy.ca\/app\/uploads\/2023\/01\/pta_profile_2012_french_page_01-791x1024.jpg 791w, https:\/\/physiotherapy.ca\/app\/uploads\/2023\/01\/pta_profile_2012_french_page_01-232x300.jpg 232w, https:\/\/physiotherapy.ca\/app\/uploads\/2023\/01\/pta_profile_2012_french_page_01-768x994.jpg 768w, https:\/\/physiotherapy.ca\/app\/uploads\/2023\/01\/pta_profile_2012_french_page_01-1187x1536.jpg 1187w, https:\/\/physiotherapy.ca\/app\/uploads\/2023\/01\/pta_profile_2012_french_page_01-1583x2048.jpg 1583w, https:\/\/physiotherapy.ca\/app\/uploads\/2023\/01\/pta_profile_2012_french_page_01-155x200.jpg 155w, https:\/\/physiotherapy.ca\/app\/uploads\/2023\/01\/pta_profile_2012_french_page_01-600x776.jpg 600w, https:\/\/physiotherapy.ca\/app\/uploads\/2023\/01\/pta_profile_2012_french_page_01-scaled.jpg 1978w\" sizes=\"auto, (max-width: 791px) 100vw, 791px\" \/><\/figure>\n\n\n\n<p><a href=\"https:\/\/physiotherapy.ca\/app\/uploads\/2023\/01\/PTA-profile-2012-French.pdf\">T\u00e9l\u00e9charger<\/a><\/p>\n<\/div>\n<\/div>\n\n\n\n<p><\/p>\n","protected":false},"excerpt":{"rendered":"<p>Devenir physioth\u00e9rapeute Au Canada, seize universit\u00e9s proposent une ma\u00eetrise en physioth\u00e9rapie \u2013\u00a0onze en anglais, et cinq\u00a0en fran\u00e7ais. Des programmes d\u2019\u00e9tudes sup\u00e9rieures permettent de passer l\u2019examen national de comp\u00e9tences en physioth\u00e9rapie (ECP), qui constitue une exigence dans la plupart des provinces [&hellip;]<\/p>\n","protected":false},"author":2792,"featured_media":0,"parent":4230,"menu_order":3,"comment_status":"closed","ping_status":"closed","template":"","meta":{"inline_featured_image":false,"ep_exclude_from_search":false,"footnotes":""},"topic":[],"class_list":["post-81892","page","type-page","status-publish","hentry"],"acf":[],"yoast_head":"<!-- This site is optimized with the Yoast SEO plugin v24.7 - https:\/\/yoast.com\/wordpress\/plugins\/seo\/ -->\n<title>Devenir physioth\u00e9rapeute ou assistant-physioth\u00e9rapeute - Canadian Physiotherapy Association<\/title>\n<meta name=\"robots\" content=\"index, follow, max-snippet:-1, max-image-preview:large, max-video-preview:-1\" \/>\n<link rel=\"canonical\" href=\"https:\/\/physiotherapy.ca\/fr\/representation-2\/a-propos-de-la-physiotherapie-au-canada\/devenir-physiotherapeute-ou-assistant-physiotherapeute\/\" \/>\n<meta property=\"og:locale\" content=\"fr_FR\" \/>\n<meta property=\"og:type\" content=\"article\" \/>\n<meta property=\"og:title\" content=\"Devenir physioth\u00e9rapeute ou assistant-physioth\u00e9rapeute - Canadian Physiotherapy Association\" \/>\n<meta property=\"og:description\" content=\"Devenir physioth\u00e9rapeute Au Canada, seize universit\u00e9s proposent une ma\u00eetrise en physioth\u00e9rapie \u2013\u00a0onze en anglais, et cinq\u00a0en fran\u00e7ais. Des programmes d\u2019\u00e9tudes sup\u00e9rieures permettent de passer l\u2019examen national de comp\u00e9tences en physioth\u00e9rapie (ECP), qui constitue une exigence dans la plupart des provinces [&hellip;]\" \/>\n<meta property=\"og:url\" content=\"https:\/\/physiotherapy.ca\/fr\/representation-2\/a-propos-de-la-physiotherapie-au-canada\/devenir-physiotherapeute-ou-assistant-physiotherapeute\/\" \/>\n<meta property=\"og:site_name\" content=\"Canadian Physiotherapy Association\" \/>\n<meta property=\"article:modified_time\" content=\"2025-11-28T21:08:53+00:00\" \/>\n<meta property=\"og:image\" content=\"https:\/\/physiotherapy.ca\/app\/uploads\/2023\/01\/pages_from_competency_profile_jan16_fr_0.jpg\" \/>\n\t<meta property=\"og:image:width\" content=\"1445\" \/>\n\t<meta property=\"og:image:height\" content=\"1870\" \/>\n\t<meta property=\"og:image:type\" content=\"image\/jpeg\" \/>\n<meta name=\"twitter:card\" content=\"summary_large_image\" \/>\n<meta name=\"twitter:label1\" content=\"Est. reading time\" \/>\n\t<meta name=\"twitter:data1\" content=\"2 minutes\" \/>\n<script type=\"application\/ld+json\" class=\"yoast-schema-graph\">{\"@context\":\"https:\/\/schema.org\",\"@graph\":[{\"@type\":\"WebPage\",\"@id\":\"https:\/\/physiotherapy.ca\/fr\/representation-2\/a-propos-de-la-physiotherapie-au-canada\/devenir-physiotherapeute-ou-assistant-physiotherapeute\/\",\"url\":\"https:\/\/physiotherapy.ca\/fr\/representation-2\/a-propos-de-la-physiotherapie-au-canada\/devenir-physiotherapeute-ou-assistant-physiotherapeute\/\",\"name\":\"Devenir physioth\u00e9rapeute ou assistant-physioth\u00e9rapeute - Canadian Physiotherapy Association\",\"isPartOf\":{\"@id\":\"https:\/\/physiotherapy.ca\/#website\"},\"primaryImageOfPage\":{\"@id\":\"https:\/\/physiotherapy.ca\/fr\/representation-2\/a-propos-de-la-physiotherapie-au-canada\/devenir-physiotherapeute-ou-assistant-physiotherapeute\/#primaryimage\"},\"image\":{\"@id\":\"https:\/\/physiotherapy.ca\/fr\/representation-2\/a-propos-de-la-physiotherapie-au-canada\/devenir-physiotherapeute-ou-assistant-physiotherapeute\/#primaryimage\"},\"thumbnailUrl\":\"https:\/\/physiotherapy.ca\/app\/uploads\/2023\/01\/pages_from_competency_profile_jan16_fr_0-791x1024.jpg\",\"datePublished\":\"2022-11-18T15:36:58+00:00\",\"dateModified\":\"2025-11-28T21:08:53+00:00\",\"breadcrumb\":{\"@id\":\"https:\/\/physiotherapy.ca\/fr\/representation-2\/a-propos-de-la-physiotherapie-au-canada\/devenir-physiotherapeute-ou-assistant-physiotherapeute\/#breadcrumb\"},\"inLanguage\":\"fr-FR\",\"potentialAction\":[{\"@type\":\"ReadAction\",\"target\":[\"https:\/\/physiotherapy.ca\/fr\/representation-2\/a-propos-de-la-physiotherapie-au-canada\/devenir-physiotherapeute-ou-assistant-physiotherapeute\/\"]}]},{\"@type\":\"ImageObject\",\"inLanguage\":\"fr-FR\",\"@id\":\"https:\/\/physiotherapy.ca\/fr\/representation-2\/a-propos-de-la-physiotherapie-au-canada\/devenir-physiotherapeute-ou-assistant-physiotherapeute\/#primaryimage\",\"url\":\"https:\/\/physiotherapy.ca\/app\/uploads\/2023\/01\/pages_from_competency_profile_jan16_fr_0-791x1024.jpg\",\"contentUrl\":\"https:\/\/physiotherapy.ca\/app\/uploads\/2023\/01\/pages_from_competency_profile_jan16_fr_0-791x1024.jpg\"},{\"@type\":\"BreadcrumbList\",\"@id\":\"https:\/\/physiotherapy.ca\/fr\/representation-2\/a-propos-de-la-physiotherapie-au-canada\/devenir-physiotherapeute-ou-assistant-physiotherapeute\/#breadcrumb\",\"itemListElement\":[{\"@type\":\"ListItem\",\"position\":1,\"name\":\"Home\",\"item\":\"https:\/\/physiotherapy.ca\/fr\/\"},{\"@type\":\"ListItem\",\"position\":2,\"name\":\"Repr\u00e9sentation\",\"item\":\"https:\/\/physiotherapy.ca\/fr\/representation-2\/\"},{\"@type\":\"ListItem\",\"position\":3,\"name\":\"\u00c0 propos de la physioth\u00e9rapie au Canada\",\"item\":\"https:\/\/physiotherapy.ca\/fr\/representation\/a-propos-de-la-physiotherapie-au-canada\/\"},{\"@type\":\"ListItem\",\"position\":4,\"name\":\"Devenir physioth\u00e9rapeute ou assistant-physioth\u00e9rapeute\"}]},{\"@type\":\"WebSite\",\"@id\":\"https:\/\/physiotherapy.ca\/#website\",\"url\":\"https:\/\/physiotherapy.ca\/\",\"name\":\"Canadian Physiotherapy Association\",\"description\":\"The Canadian Physiotherapy Association (CPA) represents over 16,000 physiotherapy professionals and students across Canada.\",\"potentialAction\":[{\"@type\":\"SearchAction\",\"target\":{\"@type\":\"EntryPoint\",\"urlTemplate\":\"https:\/\/physiotherapy.ca\/?s={search_term_string}\"},\"query-input\":{\"@type\":\"PropertyValueSpecification\",\"valueRequired\":true,\"valueName\":\"search_term_string\"}}],\"inLanguage\":\"fr-FR\"}]}<\/script>\n<!-- \/ Yoast SEO plugin. -->","yoast_head_json":{"title":"Devenir physioth\u00e9rapeute ou assistant-physioth\u00e9rapeute - Canadian Physiotherapy Association","robots":{"index":"index","follow":"follow","max-snippet":"max-snippet:-1","max-image-preview":"max-image-preview:large","max-video-preview":"max-video-preview:-1"},"canonical":"https:\/\/physiotherapy.ca\/fr\/representation-2\/a-propos-de-la-physiotherapie-au-canada\/devenir-physiotherapeute-ou-assistant-physiotherapeute\/","og_locale":"fr_FR","og_type":"article","og_title":"Devenir physioth\u00e9rapeute ou assistant-physioth\u00e9rapeute - Canadian Physiotherapy Association","og_description":"Devenir physioth\u00e9rapeute Au Canada, seize universit\u00e9s proposent une ma\u00eetrise en physioth\u00e9rapie \u2013\u00a0onze en anglais, et cinq\u00a0en fran\u00e7ais. Des programmes d\u2019\u00e9tudes sup\u00e9rieures permettent de passer l\u2019examen national de comp\u00e9tences en physioth\u00e9rapie (ECP), qui constitue une exigence dans la plupart des provinces [&hellip;]","og_url":"https:\/\/physiotherapy.ca\/fr\/representation-2\/a-propos-de-la-physiotherapie-au-canada\/devenir-physiotherapeute-ou-assistant-physiotherapeute\/","og_site_name":"Canadian Physiotherapy Association","article_modified_time":"2025-11-28T21:08:53+00:00","og_image":[{"width":1445,"height":1870,"url":"https:\/\/physiotherapy.ca\/app\/uploads\/2023\/01\/pages_from_competency_profile_jan16_fr_0.jpg","type":"image\/jpeg"}],"twitter_card":"summary_large_image","twitter_misc":{"Est. reading time":"2 minutes"},"schema":{"@context":"https:\/\/schema.org","@graph":[{"@type":"WebPage","@id":"https:\/\/physiotherapy.ca\/fr\/representation-2\/a-propos-de-la-physiotherapie-au-canada\/devenir-physiotherapeute-ou-assistant-physiotherapeute\/","url":"https:\/\/physiotherapy.ca\/fr\/representation-2\/a-propos-de-la-physiotherapie-au-canada\/devenir-physiotherapeute-ou-assistant-physiotherapeute\/","name":"Devenir physioth\u00e9rapeute ou assistant-physioth\u00e9rapeute - Canadian Physiotherapy Association","isPartOf":{"@id":"https:\/\/physiotherapy.ca\/#website"},"primaryImageOfPage":{"@id":"https:\/\/physiotherapy.ca\/fr\/representation-2\/a-propos-de-la-physiotherapie-au-canada\/devenir-physiotherapeute-ou-assistant-physiotherapeute\/#primaryimage"},"image":{"@id":"https:\/\/physiotherapy.ca\/fr\/representation-2\/a-propos-de-la-physiotherapie-au-canada\/devenir-physiotherapeute-ou-assistant-physiotherapeute\/#primaryimage"},"thumbnailUrl":"https:\/\/physiotherapy.ca\/app\/uploads\/2023\/01\/pages_from_competency_profile_jan16_fr_0-791x1024.jpg","datePublished":"2022-11-18T15:36:58+00:00","dateModified":"2025-11-28T21:08:53+00:00","breadcrumb":{"@id":"https:\/\/physiotherapy.ca\/fr\/representation-2\/a-propos-de-la-physiotherapie-au-canada\/devenir-physiotherapeute-ou-assistant-physiotherapeute\/#breadcrumb"},"inLanguage":"fr-FR","potentialAction":[{"@type":"ReadAction","target":["https:\/\/physiotherapy.ca\/fr\/representation-2\/a-propos-de-la-physiotherapie-au-canada\/devenir-physiotherapeute-ou-assistant-physiotherapeute\/"]}]},{"@type":"ImageObject","inLanguage":"fr-FR","@id":"https:\/\/physiotherapy.ca\/fr\/representation-2\/a-propos-de-la-physiotherapie-au-canada\/devenir-physiotherapeute-ou-assistant-physiotherapeute\/#primaryimage","url":"https:\/\/physiotherapy.ca\/app\/uploads\/2023\/01\/pages_from_competency_profile_jan16_fr_0-791x1024.jpg","contentUrl":"https:\/\/physiotherapy.ca\/app\/uploads\/2023\/01\/pages_from_competency_profile_jan16_fr_0-791x1024.jpg"},{"@type":"BreadcrumbList","@id":"https:\/\/physiotherapy.ca\/fr\/representation-2\/a-propos-de-la-physiotherapie-au-canada\/devenir-physiotherapeute-ou-assistant-physiotherapeute\/#breadcrumb","itemListElement":[{"@type":"ListItem","position":1,"name":"Home","item":"https:\/\/physiotherapy.ca\/fr\/"},{"@type":"ListItem","position":2,"name":"Repr\u00e9sentation","item":"https:\/\/physiotherapy.ca\/fr\/representation-2\/"},{"@type":"ListItem","position":3,"name":"\u00c0 propos de la physioth\u00e9rapie au Canada","item":"https:\/\/physiotherapy.ca\/fr\/representation\/a-propos-de-la-physiotherapie-au-canada\/"},{"@type":"ListItem","position":4,"name":"Devenir physioth\u00e9rapeute ou assistant-physioth\u00e9rapeute"}]},{"@type":"WebSite","@id":"https:\/\/physiotherapy.ca\/#website","url":"https:\/\/physiotherapy.ca\/","name":"Canadian Physiotherapy Association","description":"The Canadian Physiotherapy Association (CPA) represents over 16,000 physiotherapy professionals and students across Canada.","potentialAction":[{"@type":"SearchAction","target":{"@type":"EntryPoint","urlTemplate":"https:\/\/physiotherapy.ca\/?s={search_term_string}"},"query-input":{"@type":"PropertyValueSpecification","valueRequired":true,"valueName":"search_term_string"}}],"inLanguage":"fr-FR"}]}},"_links":{"self":[{"href":"https:\/\/physiotherapy.ca\/fr\/wp-json\/wp\/v2\/pages\/81892","targetHints":{"allow":["GET"]}}],"collection":[{"href":"https:\/\/physiotherapy.ca\/fr\/wp-json\/wp\/v2\/pages"}],"about":[{"href":"https:\/\/physiotherapy.ca\/fr\/wp-json\/wp\/v2\/types\/page"}],"author":[{"embeddable":true,"href":"https:\/\/physiotherapy.ca\/fr\/wp-json\/wp\/v2\/users\/2792"}],"replies":[{"embeddable":true,"href":"https:\/\/physiotherapy.ca\/fr\/wp-json\/wp\/v2\/comments?post=81892"}],"version-history":[{"count":9,"href":"https:\/\/physiotherapy.ca\/fr\/wp-json\/wp\/v2\/pages\/81892\/revisions"}],"predecessor-version":[{"id":278762,"href":"https:\/\/physiotherapy.ca\/fr\/wp-json\/wp\/v2\/pages\/81892\/revisions\/278762"}],"up":[{"embeddable":true,"href":"https:\/\/physiotherapy.ca\/fr\/wp-json\/wp\/v2\/pages\/4230"}],"wp:attachment":[{"href":"https:\/\/physiotherapy.ca\/fr\/wp-json\/wp\/v2\/media?parent=81892"}],"wp:term":[{"taxonomy":"topic","embeddable":true,"href":"https:\/\/physiotherapy.ca\/fr\/wp-json\/wp\/v2\/topic?post=81892"}],"curies":[{"name":"wp","href":"https:\/\/api.w.org\/{rel}","templated":true}]}}