{"id":81914,"date":"2022-11-18T11:48:21","date_gmt":"2022-11-18T16:48:21","guid":{"rendered":"https:\/\/physiotherapy.ca\/?page_id=81914"},"modified":"2022-11-18T11:50:18","modified_gmt":"2022-11-18T16:50:18","slug":"mise-a-jour-sur-la-representation-2020","status":"publish","type":"page","link":"https:\/\/physiotherapy.ca\/fr\/representation-2\/advocacy-updates-fr\/recent-advocacy\/mise-a-jour-sur-la-representation-2020\/","title":{"rendered":"Repr\u00e9sentation : 2020"},"content":{"rendered":"\n<h2 class=\"wp-block-heading\">Novembre 2020<\/h2>\n\n\n\n<ul class=\"wp-block-list\"><li><strong><strong>Le 9&nbsp;novembre&nbsp;2020, le premier ministre a annonc\u00e9 un investissement important dans la large bande qui permettrait d\u2019offrir \u00e0 98&nbsp;% des Canadiens un acc\u00e8s \u00e0 Internet haute vitesse d\u2019ici 2026.<\/strong>&nbsp;<\/strong>L\u2019ACP se r\u00e9jouit de cet engagement puisque c\u2019est un des principaux enjeux que nous avons demand\u00e9 d\u2019aborder <a href=\"https:\/\/physiotherapy.ca\/app\/uploads\/2022\/11\/prebudget_2021_cpa_final_fr-1.pdf\">dans&nbsp;notre repr\u00e9sentation en 2020<\/a>. Cette infrastructure est essentielle afin de relier les services de soutien dans le domaine de la sant\u00e9, de l\u2019\u00e9ducation et du social pendant la pand\u00e9mie de COVID-19 et au-del\u00e0. Apprenez-en plus sur l\u2019investissement du gouvernement&nbsp;<a href=\"https:\/\/pm.gc.ca\/fr\/nouvelles\/communiques\/2020\/11\/09\/offrir-tous-les-canadiens-acces-internet-haute-vitesse\">ici<\/a>.<br>&nbsp;<\/li><li><strong><strong>Le Groupe d\u2019intervention action-sant\u00e9 (GIAS), une coalition de plus de 40&nbsp;organisations de fournisseurs de soins de sant\u00e9 dont l\u2019ACP fait partie, a publi\u00e9 un nouveau document<\/strong><\/strong>&nbsp;de base sur la repr\u00e9sentation destin\u00e9 au gouvernement f\u00e9d\u00e9ral&nbsp;<a href=\"https:\/\/physiotherapy.ca\/app\/uploads\/2022\/11\/Pressrelease_BeyondCOVID19_Final_FRE.pdf\"><em>Au-del\u00e0 de la COVID-19&nbsp;: Recommandations du GIAS pour une nation plus saine<\/em>.<\/a> En tant que responsable du groupe de travail pour ce projet, l\u2019ACP a apport\u00e9 une contribution consid\u00e9rable \u00e0 ce travail, qui fait des recommandations pour une nation plus saine. Le document examine les possibilit\u00e9s de renforcer les soutiens en mati\u00e8re de sant\u00e9 pour les Canadiens et Canadiennes dans l\u2019optique de la COVID-19 et se concentre sur les domaines d\u2019action prioritaires de la sant\u00e9 mentale et des soins des personnes \u00e2g\u00e9es. L\u2019ACP continuera \u00e0 travailler avec le GIAS pour plaider en faveur des recommandations. Vous pouvez en savoir plus ce projet&nbsp;ici.<br>&nbsp;<\/li><li><strong>Le 6&nbsp;novembre, le gouvernement f\u00e9d\u00e9ral a publi\u00e9 son&nbsp;<a href=\"https:\/\/www.canada.ca\/fr\/sante-canada\/nouvelles\/2020\/11\/le-gouvernement-du-canada-passe-a-laction-pour-aider-les-personnes-souffrant-de-douleurs-chroniques.html\">dernier rapport du Groupe de travail canadien sur la douleur<\/a><\/strong>, un organisme consultatif externe qui a \u00e9t\u00e9 cr\u00e9\u00e9 par Sant\u00e9&nbsp;Canada pour aider le Minist\u00e8re \u00e0 mieux comprendre les besoins des Canadiens qui vivent avec de la douleur et \u00e0 y r\u00e9pondre. L\u2019ACP a contribu\u00e9 \u00e0 la consultation sur laquelle le rapport du groupe de travail est base et l\u2019ACP est enthousiaste \u00e0 l\u2019id\u00e9e de continuer \u00e0 contribuer au travail du groupe de travail puisqu\u2019il cherche \u00e0 am\u00e9liorer l\u2019acc\u00e8s aux soins et \u00e0 permettre de mieux comprendre, pr\u00e9venir et g\u00e9rer la douleur chronique. Lisez le rapport d\u00e9taill\u00e9&nbsp;<a href=\"https:\/\/www.canada.ca\/fr\/sante-canada\/organisation\/a-propos-sante-canada\/mobilisation-publique\/organismes-consultatifs-externes\/groupe-travail-douleur-chronique\/rapport-2020.html\">ici<\/a>.<br>&nbsp;<\/li><li><strong><strong>L\u2019ACP continue \u00e0 faire pression sur le gouvernement f\u00e9d\u00e9ral pour de nouveaux investissements dans les soins communautaires et \u00e0 domicile, du financement pour promouvoir le vieillissement actif et en sant\u00e9, le remboursement des pr\u00eats \u00e9tudiants pour les physioth\u00e9rapeutes qui travaillent dans des r\u00e9gions rurales et \u00e9loign\u00e9es et l\u2019infrastructure requise pour que tous les Canadiens aient acc\u00e8s aux soins virtuels.<\/strong>&nbsp;<\/strong>L\u2019ACP a rencontr\u00e9 le cabinet de la vice-premi\u00e8re ministre et ministre des Finances pour discuter de ces enjeux et de nos recommandations au gouvernement de prolonger le moratoire sur le paiement des pr\u00eats aux \u00e9tudiants canadiens et d\u2019\u00e9largir l\u2019admissibilit\u00e9 du CUEC et de la SSUC pour aider les propri\u00e9taires uniques et les travailleurs contractuels \u00e0 \u00eatre admissibles aux programmes de soutien du gouvernement f\u00e9d\u00e9ral dans le cadre de la COVID-19.<br>&nbsp;<\/li><\/ul>\n\n\n\n<hr class=\"wp-block-separator has-css-opacity\"\/>\n\n\n\n<h2 class=\"wp-block-heading\">&nbsp;Octobre 2020<\/h2>\n\n\n\n<ul class=\"wp-block-list\"><li><strong><strong>Le gouvernement f\u00e9d\u00e9ral a r\u00e9cemment mis \u00e0 jour un certain nombre de mesures de soutien<\/strong>&nbsp;<\/strong>pour les particuliers et les entreprises en lien avec la COIVD-19.<br>&nbsp;<\/li><li><strong><strong>L\u2019ACP demande au gouvernement f\u00e9d\u00e9ral de prolonger le moratoire sur le paiement et les int\u00e9r\u00eats courus sur le Programme canadien de pr\u00eat aux \u00e9tudiants (PCPE) qu\u2019il a offert dans la premi\u00e8re partie de la pand\u00e9mie de COVID-19.<\/strong><\/strong> Cette mesure de soutien a pris fin en octobre et l\u2019ACP a collabor\u00e9 avec la ministre de l\u2019Emploi, du D\u00e9veloppement de la main-d\u2019\u0153uvre et de l\u2019Inclusion des personnes handicap\u00e9es pour plaider afin que le moratoire soit reconduit. Ceci est une mesure essentielle qui soutiendra les r\u00e9cents dipl\u00f4m\u00e9s en physioth\u00e9rapie et les stagiaires qui ont d\u00fb reporter des stages cliniques en raison de fermetures dans le domaine de la sant\u00e9 publique, de la capacit\u00e9 r\u00e9duite des cliniques, des d\u00e9lais dans les interventions chirurgicales et des d\u00e9lais dans la tenue de leur examen clinique, tout cela en raison de la COVID-19. Nous avons envoy\u00e9&nbsp;<a href=\"https:\/\/physiotherapy.ca\/app\/uploads\/2022\/11\/cslp_letter_minister_qualtrough_fr-1.pdf\">cette lettre<\/a>&nbsp;\u00e0 la ministre et nous avons rencontr\u00e9 le cabinet de la ministre. Puisque le gouvernement envisage d\u2019autres mesures de soutien en lien avec la COVID-19, les personnes qui ont de la difficult\u00e9 \u00e0 rembourser leur pr\u00eat \u00e9tudiant pendant cette p\u00e9riode devraient pr\u00e9senter une demande pour le&nbsp;<a href=\"https:\/\/www.canada.ca\/fr\/services\/prestations\/education\/aide-etudiants\/bourses-prets\/rembourser\/aide-remboursement\/par.html\">Programme d\u2019aide au remboursement<\/a>, qui peut leur offrir une exon\u00e9ration de paiement en ces temps difficiles.<br>&nbsp;<\/li><\/ul>\n\n\n\n<hr class=\"wp-block-separator has-css-opacity\"\/>\n\n\n\n<h2 class=\"wp-block-heading\">Septembre 2020<\/h2>\n\n\n\n<ul class=\"wp-block-list\"><li><strong><strong>En tant que membre de la Coalition des professionnels des services param\u00e9dicaux (CPSP), l\u2019ACP a co\u00e9crit une&nbsp;lettre&nbsp;adress\u00e9e au premier ministre Trudeau<\/strong><\/strong>&nbsp;&nbsp;pour demander aux gouvernements d\u2019autoriser les professionnels de la sant\u00e9 r\u00e9glement\u00e9s \u00e0 rester ouverts pour les Canadiens et Canadiennes qui ont besoin de leurs services durant les futures fermetures en cas de pand\u00e9mie, comme durant la deuxi\u00e8me vague pr\u00e9vue de COVID-19. Cette repr\u00e9sentation essentielle est faite collectivement avec d\u2019autres professions de la sant\u00e9 r\u00e9glement\u00e9es pour assurer une voix forte et unie sur cet enjeu aupr\u00e8s de tous les paliers de gouvernement.<br>&nbsp;<\/li><li><strong><strong>Le 23&nbsp;septembre&nbsp;2020, le Parlement sera de retour pour le discours du Tr\u00f4ne<\/strong>&nbsp;<\/strong>et la rentr\u00e9e parlementaire \u00e0 l\u2019automne. En pr\u00e9vision du discours du Tr\u00f4ne, l\u2019ACP a milit\u00e9 en faveur d\u2019investissements du gouvernement f\u00e9d\u00e9ral afin de mieux r\u00e9pondre aux besoins de la population vieillissante du Canada et pour am\u00e9liorer l\u2019acc\u00e8s \u00e0 la physioth\u00e9rapie partout dans le monde.<br>&nbsp;<\/li><li><strong><strong>L\u2019ACP a travaill\u00e9 avec le premier ministre et les ministres des Finances, de la Sant\u00e9, des A\u00een\u00e9s, de l\u2019Emploi, du D\u00e9veloppement de la main-d\u2019\u0153uvre et de l\u2019Inclusion des personnes handicap\u00e9es et de la Petite Entreprise<\/strong>,<\/strong> de m\u00eame que les chefs des partis de l\u2019opposition et leurs porte-parole en mati\u00e8re de sant\u00e9 pour demander de nouveaux investissements dans les domaines suivants&nbsp;: &nbsp;&nbsp;<br>&#8211; Soins communautaires et \u00e0 domicile;<br>&#8211; Exon\u00e9ration du remboursement du pr\u00eat d\u2019\u00e9tudes pour les physioth\u00e9rapeutes qui travaillent dans les communaut\u00e9s rurales et \u00e9loign\u00e9es;<br>&#8211; L\u2019infrastructure requise pour que tous les Canadiens et Canadiennes aient un acc\u00e8s \u00e9quitable aux soins virtuels; et<br>&#8211; L\u2019aide suppl\u00e9mentaire requise en raison des r\u00e9percussions de la COVID-19.<br>&nbsp;<\/li><\/ul>\n\n\n\n<hr class=\"wp-block-separator has-css-opacity\"\/>\n\n\n\n<h2 class=\"wp-block-heading\">Ao\u00fbt 2020<\/h2>\n\n\n\n<ul class=\"wp-block-list\"><li><strong><strong>L\u2019ACP travaille avec le gouvernement f\u00e9d\u00e9ral avant que la session parlementaire de l\u2019automne&nbsp;2020 commence en septembre<\/strong>&nbsp;<\/strong>pour plaider en faveur de nouveaux investissements dans les soins communautaires et \u00e0 domicile, de l\u2019exon\u00e9ration du remboursement des pr\u00eats \u00e9tudiants pour les physioth\u00e9rapeutes qui travaillent dans les communaut\u00e9s rurales et \u00e9loign\u00e9es et de l\u2019infrastructure requise pour que tous les Canadiennes et Canadiens aient acc\u00e8s \u00e0 des soins virtuels.<br>&nbsp;<\/li><li><strong><strong>Une&nbsp;<a href=\"https:\/\/physiotherapy.ca\/app\/uploads\/2022\/11\/prebudget_letter_minister_finance_fr-1.pdf\">lettre<\/a>&nbsp;a \u00e9t\u00e9 envoy\u00e9e \u00e0 la ministre des Finances, l\u2019honorable Chrystia Freeland. La lettre d\u00e9crit les priorit\u00e9s de l\u2019ACP<\/strong>&nbsp;<\/strong>pour le prochain budget f\u00e9d\u00e9ral et met l\u2019accent sur les mesures de soutien financier que nos membres attendent toujours afin de s\u2019assurer qu\u2019elles sont comprises dans l\u2019ensemble des mesures gouvernementales pour r\u00e9pondre \u00e0 la COVID-19.<br>&nbsp;<\/li><li><strong><strong>L\u2019ACP a aussi soumis un&nbsp;<a href=\"https:\/\/physiotherapy.ca\/app\/uploads\/2022\/11\/prebudget_2021_cpa_final_fr-1-1.pdf\">document pr\u00e9budg\u00e9taire<\/a>&nbsp;au Comit\u00e9 permanent des finances de la Chambre des communes<\/strong>&nbsp;<\/strong>alors qu\u2019ils commencent \u00e0 travailler avec les intervenants sur l\u2019\u00e9laboration du budget f\u00e9d\u00e9ral&nbsp;2021. Cette soumission propose des recommandations sur les investissements que le gouvernement f\u00e9d\u00e9ral devrait faire pour r\u00e9pondre aux besoins de la population vieillissante du Canada et pour am\u00e9liorer l\u2019acc\u00e8s \u00e0 la physioth\u00e9rapie partout au pays.<br>&nbsp;<\/li><li><strong><strong>L\u2019ACP m\u00e8ne aussi des campagnes de repr\u00e9sentation avec la Extended Healthcare Professionals Coalition<\/strong>&nbsp;<\/strong>(une coalition de 11&nbsp;organisations professionnelles nationales dans le domaine de la sant\u00e9 et social) pour demander aux gouvernements de permettre aux professionnels de la sant\u00e9 r\u00e9glement\u00e9s de rester ouverts durant les futures fermetures en cas de pand\u00e9mie, comme pendant la deuxi\u00e8me vague attendue de COVID-19. Cette repr\u00e9sentation essentielle est faite collectivement avec d\u2019autres professions pour assurer une voix forte et unie sur cet enjeu avec les gouvernements \u00e0 tous les niveaux.<br>&nbsp;<\/li><\/ul>\n\n\n\n<hr class=\"wp-block-separator has-css-opacity\"\/>\n\n\n\n<h2 class=\"wp-block-heading\">Juillet 2020<\/h2>\n\n\n\n<ul class=\"wp-block-list\"><li><strong><strong>L\u2019ACP a r\u00e9cemment particip\u00e9 \u00e0 l\u2019\u00e9tude du Comit\u00e9 permanent de la sant\u00e9 de la Chambre des communes sur la r\u00e9ponse du Canada \u00e0 l\u2019\u00e9closion du coronavirus.<\/strong>&nbsp;<\/strong>Nous lui avons pr\u00e9sent\u00e9 ce&nbsp;<a href=\"https:\/\/physiotherapy.ca\/app\/uploads\/2022\/11\/canadianphysiotherapyassociation-10273221_fr-1.pdf\">m\u00e9moire<\/a>, qui contient nos recommandations principales pour renforcer le syst\u00e8me de soins de sant\u00e9 en r\u00e9ponse \u00e0 la pand\u00e9mie.<\/li><\/ul>\n\n\n\n<div style=\"height:100px\" aria-hidden=\"true\" class=\"wp-block-spacer\"><\/div>\n","protected":false},"excerpt":{"rendered":"<p>Novembre 2020 Le 9&nbsp;novembre&nbsp;2020, le premier ministre a annonc\u00e9 un investissement important dans la large bande qui permettrait d\u2019offrir \u00e0 98&nbsp;% des Canadiens un acc\u00e8s \u00e0 Internet haute vitesse d\u2019ici 2026.&nbsp;L\u2019ACP se r\u00e9jouit de cet engagement puisque c\u2019est un des [&hellip;]<\/p>\n","protected":false},"author":2792,"featured_media":0,"parent":79907,"menu_order":0,"comment_status":"closed","ping_status":"closed","template":"page-templates\/page-topic-landing.php","meta":{"inline_featured_image":false,"ep_exclude_from_search":false,"footnotes":""},"topic":[],"class_list":["post-81914","page","type-page","status-publish","hentry"],"acf":[],"yoast_head":"<!-- This site is optimized with the Yoast SEO plugin v24.7 - https:\/\/yoast.com\/wordpress\/plugins\/seo\/ -->\n<title>Repr\u00e9sentation : 2020 - Canadian Physiotherapy Association<\/title>\n<meta name=\"robots\" content=\"index, follow, max-snippet:-1, max-image-preview:large, max-video-preview:-1\" \/>\n<link rel=\"canonical\" href=\"https:\/\/physiotherapy.ca\/fr\/representation-2\/advocacy-updates-fr\/recent-advocacy\/mise-a-jour-sur-la-representation-2020\/\" \/>\n<meta property=\"og:locale\" content=\"fr_FR\" \/>\n<meta property=\"og:type\" content=\"article\" \/>\n<meta property=\"og:title\" content=\"Repr\u00e9sentation : 2020 - Canadian Physiotherapy Association\" \/>\n<meta property=\"og:description\" content=\"Novembre 2020 Le 9&nbsp;novembre&nbsp;2020, le premier ministre a annonc\u00e9 un investissement important dans la large bande qui permettrait d\u2019offrir \u00e0 98&nbsp;% des Canadiens un acc\u00e8s \u00e0 Internet haute vitesse d\u2019ici 2026.&nbsp;L\u2019ACP se r\u00e9jouit de cet engagement puisque c\u2019est un des [&hellip;]\" \/>\n<meta property=\"og:url\" content=\"https:\/\/physiotherapy.ca\/fr\/representation-2\/advocacy-updates-fr\/recent-advocacy\/mise-a-jour-sur-la-representation-2020\/\" \/>\n<meta property=\"og:site_name\" content=\"Canadian Physiotherapy Association\" \/>\n<meta property=\"article:modified_time\" content=\"2022-11-18T16:50:18+00:00\" \/>\n<meta name=\"twitter:card\" content=\"summary_large_image\" \/>\n<script type=\"application\/ld+json\" class=\"yoast-schema-graph\">{\"@context\":\"https:\/\/schema.org\",\"@graph\":[{\"@type\":\"WebPage\",\"@id\":\"https:\/\/physiotherapy.ca\/fr\/representation-2\/advocacy-updates-fr\/recent-advocacy\/mise-a-jour-sur-la-representation-2020\/\",\"url\":\"https:\/\/physiotherapy.ca\/fr\/representation-2\/advocacy-updates-fr\/recent-advocacy\/mise-a-jour-sur-la-representation-2020\/\",\"name\":\"Repr\u00e9sentation : 2020 - Canadian Physiotherapy Association\",\"isPartOf\":{\"@id\":\"https:\/\/physiotherapy.ca\/#website\"},\"datePublished\":\"2022-11-18T16:48:21+00:00\",\"dateModified\":\"2022-11-18T16:50:18+00:00\",\"breadcrumb\":{\"@id\":\"https:\/\/physiotherapy.ca\/fr\/representation-2\/advocacy-updates-fr\/recent-advocacy\/mise-a-jour-sur-la-representation-2020\/#breadcrumb\"},\"inLanguage\":\"fr-FR\",\"potentialAction\":[{\"@type\":\"ReadAction\",\"target\":[\"https:\/\/physiotherapy.ca\/fr\/representation-2\/advocacy-updates-fr\/recent-advocacy\/mise-a-jour-sur-la-representation-2020\/\"]}]},{\"@type\":\"BreadcrumbList\",\"@id\":\"https:\/\/physiotherapy.ca\/fr\/representation-2\/advocacy-updates-fr\/recent-advocacy\/mise-a-jour-sur-la-representation-2020\/#breadcrumb\",\"itemListElement\":[{\"@type\":\"ListItem\",\"position\":1,\"name\":\"Home\",\"item\":\"https:\/\/physiotherapy.ca\/fr\/\"},{\"@type\":\"ListItem\",\"position\":2,\"name\":\"Repr\u00e9sentation\",\"item\":\"https:\/\/physiotherapy.ca\/fr\/representation-2\/\"},{\"@type\":\"ListItem\",\"position\":3,\"name\":\"Plaidoyer\",\"item\":\"https:\/\/physiotherapy.ca\/fr\/representation-2\/advocacy-updates-fr\/\"},{\"@type\":\"ListItem\",\"position\":4,\"name\":\"Repr\u00e9sentation r\u00e9cente\",\"item\":\"https:\/\/physiotherapy.ca\/fr\/representation-2\/advocacy-updates-fr\/recent-advocacy\/\"},{\"@type\":\"ListItem\",\"position\":5,\"name\":\"Repr\u00e9sentation : 2020\"}]},{\"@type\":\"WebSite\",\"@id\":\"https:\/\/physiotherapy.ca\/#website\",\"url\":\"https:\/\/physiotherapy.ca\/\",\"name\":\"Canadian Physiotherapy Association\",\"description\":\"The Canadian Physiotherapy Association (CPA) represents over 16,000 physiotherapy professionals and students across Canada.\",\"potentialAction\":[{\"@type\":\"SearchAction\",\"target\":{\"@type\":\"EntryPoint\",\"urlTemplate\":\"https:\/\/physiotherapy.ca\/?s={search_term_string}\"},\"query-input\":{\"@type\":\"PropertyValueSpecification\",\"valueRequired\":true,\"valueName\":\"search_term_string\"}}],\"inLanguage\":\"fr-FR\"}]}<\/script>\n<!-- \/ Yoast SEO plugin. -->","yoast_head_json":{"title":"Repr\u00e9sentation : 2020 - Canadian Physiotherapy Association","robots":{"index":"index","follow":"follow","max-snippet":"max-snippet:-1","max-image-preview":"max-image-preview:large","max-video-preview":"max-video-preview:-1"},"canonical":"https:\/\/physiotherapy.ca\/fr\/representation-2\/advocacy-updates-fr\/recent-advocacy\/mise-a-jour-sur-la-representation-2020\/","og_locale":"fr_FR","og_type":"article","og_title":"Repr\u00e9sentation : 2020 - Canadian Physiotherapy Association","og_description":"Novembre 2020 Le 9&nbsp;novembre&nbsp;2020, le premier ministre a annonc\u00e9 un investissement important dans la large bande qui permettrait d\u2019offrir \u00e0 98&nbsp;% des Canadiens un acc\u00e8s \u00e0 Internet haute vitesse d\u2019ici 2026.&nbsp;L\u2019ACP se r\u00e9jouit de cet engagement puisque c\u2019est un des [&hellip;]","og_url":"https:\/\/physiotherapy.ca\/fr\/representation-2\/advocacy-updates-fr\/recent-advocacy\/mise-a-jour-sur-la-representation-2020\/","og_site_name":"Canadian Physiotherapy Association","article_modified_time":"2022-11-18T16:50:18+00:00","twitter_card":"summary_large_image","schema":{"@context":"https:\/\/schema.org","@graph":[{"@type":"WebPage","@id":"https:\/\/physiotherapy.ca\/fr\/representation-2\/advocacy-updates-fr\/recent-advocacy\/mise-a-jour-sur-la-representation-2020\/","url":"https:\/\/physiotherapy.ca\/fr\/representation-2\/advocacy-updates-fr\/recent-advocacy\/mise-a-jour-sur-la-representation-2020\/","name":"Repr\u00e9sentation : 2020 - Canadian Physiotherapy Association","isPartOf":{"@id":"https:\/\/physiotherapy.ca\/#website"},"datePublished":"2022-11-18T16:48:21+00:00","dateModified":"2022-11-18T16:50:18+00:00","breadcrumb":{"@id":"https:\/\/physiotherapy.ca\/fr\/representation-2\/advocacy-updates-fr\/recent-advocacy\/mise-a-jour-sur-la-representation-2020\/#breadcrumb"},"inLanguage":"fr-FR","potentialAction":[{"@type":"ReadAction","target":["https:\/\/physiotherapy.ca\/fr\/representation-2\/advocacy-updates-fr\/recent-advocacy\/mise-a-jour-sur-la-representation-2020\/"]}]},{"@type":"BreadcrumbList","@id":"https:\/\/physiotherapy.ca\/fr\/representation-2\/advocacy-updates-fr\/recent-advocacy\/mise-a-jour-sur-la-representation-2020\/#breadcrumb","itemListElement":[{"@type":"ListItem","position":1,"name":"Home","item":"https:\/\/physiotherapy.ca\/fr\/"},{"@type":"ListItem","position":2,"name":"Repr\u00e9sentation","item":"https:\/\/physiotherapy.ca\/fr\/representation-2\/"},{"@type":"ListItem","position":3,"name":"Plaidoyer","item":"https:\/\/physiotherapy.ca\/fr\/representation-2\/advocacy-updates-fr\/"},{"@type":"ListItem","position":4,"name":"Repr\u00e9sentation r\u00e9cente","item":"https:\/\/physiotherapy.ca\/fr\/representation-2\/advocacy-updates-fr\/recent-advocacy\/"},{"@type":"ListItem","position":5,"name":"Repr\u00e9sentation : 2020"}]},{"@type":"WebSite","@id":"https:\/\/physiotherapy.ca\/#website","url":"https:\/\/physiotherapy.ca\/","name":"Canadian Physiotherapy Association","description":"The Canadian Physiotherapy Association (CPA) represents over 16,000 physiotherapy professionals and students across Canada.","potentialAction":[{"@type":"SearchAction","target":{"@type":"EntryPoint","urlTemplate":"https:\/\/physiotherapy.ca\/?s={search_term_string}"},"query-input":{"@type":"PropertyValueSpecification","valueRequired":true,"valueName":"search_term_string"}}],"inLanguage":"fr-FR"}]}},"_links":{"self":[{"href":"https:\/\/physiotherapy.ca\/fr\/wp-json\/wp\/v2\/pages\/81914","targetHints":{"allow":["GET"]}}],"collection":[{"href":"https:\/\/physiotherapy.ca\/fr\/wp-json\/wp\/v2\/pages"}],"about":[{"href":"https:\/\/physiotherapy.ca\/fr\/wp-json\/wp\/v2\/types\/page"}],"author":[{"embeddable":true,"href":"https:\/\/physiotherapy.ca\/fr\/wp-json\/wp\/v2\/users\/2792"}],"replies":[{"embeddable":true,"href":"https:\/\/physiotherapy.ca\/fr\/wp-json\/wp\/v2\/comments?post=81914"}],"version-history":[{"count":2,"href":"https:\/\/physiotherapy.ca\/fr\/wp-json\/wp\/v2\/pages\/81914\/revisions"}],"predecessor-version":[{"id":81930,"href":"https:\/\/physiotherapy.ca\/fr\/wp-json\/wp\/v2\/pages\/81914\/revisions\/81930"}],"up":[{"embeddable":true,"href":"https:\/\/physiotherapy.ca\/fr\/wp-json\/wp\/v2\/pages\/79907"}],"wp:attachment":[{"href":"https:\/\/physiotherapy.ca\/fr\/wp-json\/wp\/v2\/media?parent=81914"}],"wp:term":[{"taxonomy":"topic","embeddable":true,"href":"https:\/\/physiotherapy.ca\/fr\/wp-json\/wp\/v2\/topic?post=81914"}],"curies":[{"name":"wp","href":"https:\/\/api.w.org\/{rel}","templated":true}]}}