{"id":8199,"date":"2022-08-11T14:26:35","date_gmt":"2022-08-11T18:26:35","guid":{"rendered":"https:\/\/physiotherapy.ca\/?page_id=8199"},"modified":"2022-08-11T14:26:37","modified_gmt":"2022-08-11T18:26:37","slug":"avantages","status":"publish","type":"page","link":"https:\/\/physiotherapy.ca\/fr\/membership-fr\/assemblees\/assemblee-nationale-des-etudiants\/avantages\/","title":{"rendered":"Avantages"},"content":{"rendered":"\n<h3 class=\"wp-block-heading\">Adh\u00e9sion gratuite aux divisions<\/h3>\n\n\n\n<p>Vous faites face \u00e0 l\u2019une des d\u00e9cisions les plus importantes de votre carri\u00e8re de physioth\u00e9rapeute :\u00a0le choix de votre domaine de pratique.\u00a0Pour fournir aux membres \u00e9tudiants l\u2019information dont ils ont besoin et leur permettre d\u2019\u00e9tablir des relations afin qu\u2019ils int\u00e8grent la profession tout en douceur, l\u2019ACP leur offre l\u2019adh\u00e9sion gratuite aux\u00a0<a href=\"https:\/\/physiotherapy.ca\/fr\/membership-fr\/divisions-2\/\">divisions<\/a>.<\/p>\n\n\n\n<blockquote class=\"wp-block-quote is-layout-flow wp-block-quote-is-layout-flow\"><p><em><em>Les membres \u00e9tudiants ont acc\u00e8s aux nouvelles de la profession, \u00e0 des ressources professionnelles ainsi qu\u2019\u00e0 toute l\u2019information sur les activit\u00e9s \u00e0 venir. Renseignez-vous sans frais sur l\u2019ensemble des divisions pendant que vous \u00eates \u00e9tudiant, mais attention\u00a0: vous risquez de surcharger votre bo\u00eete de r\u00e9ception si vous adh\u00e9rez \u00e0 toutes les divisions en m\u00eame temps!<\/em><\/em><\/p><\/blockquote>\n\n\n\n<h3 class=\"wp-block-heading\">Prix et bourses d\u2019\u00e9tudes et de recherche\u00a0\u00a0\u00a0\u00a0\u00a0<\/h3>\n\n\n\n<p>L\u2019ACP d\u00e9cerne une bourse aux meilleurs \u00e9tudiants de chaque universit\u00e9.\u00a0Dans chacun des 14 programmes universitaires reconnus, l\u2019\u00e9tudiant ayant obtenu la plus haute note combin\u00e9e en physioth\u00e9rapie pratique et clinique recevra cette bourse, et sa premi\u00e8re ann\u00e9e d\u2019adh\u00e9sion \u00e0 l\u2019ACP sera gratuite.\u00a0Les laur\u00e9ats sont nomm\u00e9s par chacune des universit\u00e9s.\u00a0L\u2019ACP remet aussi plusieurs autres\u00a0prix, bourses et subventions.\u00a0\u00a0<\/p>\n\n\n\n<p><strong><strong>Bourse pour les \u00e9tudiants autochtones<\/strong>: <\/strong>cette bourse vise \u00e0 r\u00e9pondre aux besoins croissants des \u00e9tudiants autochtones (Indiens inscrits ou non inscrits, Inuits ou M\u00e9tis) en mati\u00e8re d\u2019aide financi\u00e8re pour leur permettre de faire carri\u00e8re en physioth\u00e9rapie et les aider \u00e0 exceller dans la profession.<\/p>\n\n\n\n<p>Les divisions et sections de nos partenaires offrent \u00e9galement de nombreux prix et bourses d\u2019\u00e9tudes. Pour en savoir plus, consultez les pages des\u00a0<a href=\"https:\/\/physiotherapy.ca\/fr\/membership-fr\/divisions-2\/\">divisions<\/a>\u00a0et des\u00a0<a href=\"https:\/\/physiotherapy.ca\/fr\/membership-fr\/sections\/\">sections<\/a>.<\/p>\n\n\n\n<p>Il arrive que ce soit des \u00e9tudiants travaillant avec leurs professeurs qui fassent les meilleures recherches en physioth\u00e9rapie, comme en t\u00e9moignent les \u00e9tudes ci-dessous. Renseignez-vous pour savoir comment soumettre vos travaux \u00e0 l\u2019\u00e9valuation par vos pairs \u00e0\u00a0<a href=\"https:\/\/www.utpjournals.press\/loi\/ptc\">Physiotherapy Canada<\/a><\/p>\n\n\n\n<div class=\"wp-block-buttons is-layout-flex wp-block-buttons-is-layout-flex\">\n<div class=\"wp-block-button\"><a class=\"wp-block-button__link\" href=\"https:\/\/physiotherapy.ca\/app\/uploads\/2022\/08\/insurance-campaign-grads-fr.pdf\">Nouveaux dipl\u00f4m\u00e9s<\/a><\/div>\n<\/div>\n\n\n\n<h3 class=\"wp-block-heading\"><strong>Assurance responsabilit\u00e9 professionnelle<\/strong><\/h3>\n\n\n\n<p>New Graduates will require individual professional liability insurance in order to enter physiotherapy Pour commencer \u00e0 pratiquer la physioth\u00e9rapie, les nouveaux dipl\u00f4m\u00e9s doivent souscrire une assurance responsabilit\u00e9 professionnelle. L\u2019ACP vous\u00a0offre un rabais de 50\u00a0% sur votre assurance professionnelle la premi\u00e8re ann\u00e9e.\u00a0Le\u00a0<a href=\"https:\/\/physiotherapy.ca\/fr\/membership-fr\/assurance-2\/\">programme d\u2019assurance de l\u2019ACP<\/a>\u00a0est le r\u00e9gime le plus ancien et le plus complet au Canada, et celui qui offre les meilleures garanties. Il n\u2019existe aucun meilleur produit d\u2019assurance \u00e0 prix inf\u00e9rieur.<\/p>\n\n\n\n<h3 class=\"wp-block-heading\"><strong>Centre de carri\u00e8re de l\u2019ACP<\/strong><\/h3>\n\n\n\n<p>L\u2019ACP et ses sections tiennent \u00e0 jour une\u00a0<a href=\"https:\/\/physiotherapy.ca\/fr\/centre-demplois\/\">liste d\u2019offres d&#8217;emploi<\/a>. Consultez les\u00a0sites Web des <a href=\"https:\/\/physiotherapy.ca\/fr\/membership-fr\/sections\/\">sections<\/a>\u00a0pour prendre connaissance d\u2019autres occasions d\u2019emploi.<\/p>\n","protected":false},"excerpt":{"rendered":"<p>Adh\u00e9sion gratuite aux divisions Vous faites face \u00e0 l\u2019une des d\u00e9cisions les plus importantes de votre carri\u00e8re de physioth\u00e9rapeute :\u00a0le choix de votre domaine de pratique.\u00a0Pour fournir aux membres \u00e9tudiants l\u2019information dont ils ont besoin et leur permettre d\u2019\u00e9tablir des [&hellip;]<\/p>\n","protected":false},"author":1,"featured_media":0,"parent":8141,"menu_order":2,"comment_status":"closed","ping_status":"closed","template":"","meta":{"inline_featured_image":false,"ep_exclude_from_search":false,"footnotes":""},"topic":[],"class_list":["post-8199","page","type-page","status-publish","hentry"],"acf":[],"yoast_head":"<!-- This site is optimized with the Yoast SEO plugin v24.7 - https:\/\/yoast.com\/wordpress\/plugins\/seo\/ -->\n<title>Avantages - Canadian Physiotherapy Association<\/title>\n<meta name=\"robots\" content=\"index, follow, max-snippet:-1, max-image-preview:large, max-video-preview:-1\" \/>\n<link rel=\"canonical\" href=\"https:\/\/physiotherapy.ca\/fr\/membership-fr\/assemblees\/assemblee-nationale-des-etudiants\/avantages\/\" \/>\n<meta property=\"og:locale\" content=\"fr_FR\" \/>\n<meta property=\"og:type\" content=\"article\" \/>\n<meta property=\"og:title\" content=\"Avantages - Canadian Physiotherapy Association\" \/>\n<meta property=\"og:description\" content=\"Adh\u00e9sion gratuite aux divisions Vous faites face \u00e0 l\u2019une des d\u00e9cisions les plus importantes de votre carri\u00e8re de physioth\u00e9rapeute :\u00a0le choix de votre domaine de pratique.\u00a0Pour fournir aux membres \u00e9tudiants l\u2019information dont ils ont besoin et leur permettre d\u2019\u00e9tablir des [&hellip;]\" \/>\n<meta property=\"og:url\" content=\"https:\/\/physiotherapy.ca\/fr\/membership-fr\/assemblees\/assemblee-nationale-des-etudiants\/avantages\/\" \/>\n<meta property=\"og:site_name\" content=\"Canadian Physiotherapy Association\" \/>\n<meta property=\"article:modified_time\" content=\"2022-08-11T18:26:37+00:00\" \/>\n<meta name=\"twitter:card\" content=\"summary_large_image\" \/>\n<meta name=\"twitter:label1\" content=\"Est. reading time\" \/>\n\t<meta name=\"twitter:data1\" content=\"2 minutes\" \/>\n<script type=\"application\/ld+json\" class=\"yoast-schema-graph\">{\"@context\":\"https:\/\/schema.org\",\"@graph\":[{\"@type\":\"WebPage\",\"@id\":\"https:\/\/physiotherapy.ca\/fr\/membership-fr\/assemblees\/assemblee-nationale-des-etudiants\/avantages\/\",\"url\":\"https:\/\/physiotherapy.ca\/fr\/membership-fr\/assemblees\/assemblee-nationale-des-etudiants\/avantages\/\",\"name\":\"Avantages - Canadian Physiotherapy Association\",\"isPartOf\":{\"@id\":\"https:\/\/physiotherapy.ca\/#website\"},\"datePublished\":\"2022-08-11T18:26:35+00:00\",\"dateModified\":\"2022-08-11T18:26:37+00:00\",\"breadcrumb\":{\"@id\":\"https:\/\/physiotherapy.ca\/fr\/membership-fr\/assemblees\/assemblee-nationale-des-etudiants\/avantages\/#breadcrumb\"},\"inLanguage\":\"fr-FR\",\"potentialAction\":[{\"@type\":\"ReadAction\",\"target\":[\"https:\/\/physiotherapy.ca\/fr\/membership-fr\/assemblees\/assemblee-nationale-des-etudiants\/avantages\/\"]}]},{\"@type\":\"BreadcrumbList\",\"@id\":\"https:\/\/physiotherapy.ca\/fr\/membership-fr\/assemblees\/assemblee-nationale-des-etudiants\/avantages\/#breadcrumb\",\"itemListElement\":[{\"@type\":\"ListItem\",\"position\":1,\"name\":\"Home\",\"item\":\"https:\/\/physiotherapy.ca\/fr\/\"},{\"@type\":\"ListItem\",\"position\":2,\"name\":\"Membership FR\",\"item\":\"https:\/\/physiotherapy.ca\/fr\/membership-fr\/\"},{\"@type\":\"ListItem\",\"position\":3,\"name\":\"Assembl\u00e9es\",\"item\":\"https:\/\/physiotherapy.ca\/fr\/membership-fr\/assemblees\/\"},{\"@type\":\"ListItem\",\"position\":4,\"name\":\"Assembl\u00e9e nationale des \u00e9tudiants\",\"item\":\"https:\/\/physiotherapy.ca\/fr\/membership-fr\/assemblees\/assemblee-nationale-des-etudiants\/\"},{\"@type\":\"ListItem\",\"position\":5,\"name\":\"Avantages\"}]},{\"@type\":\"WebSite\",\"@id\":\"https:\/\/physiotherapy.ca\/#website\",\"url\":\"https:\/\/physiotherapy.ca\/\",\"name\":\"Canadian Physiotherapy Association\",\"description\":\"The Canadian Physiotherapy Association (CPA) represents over 16,000 physiotherapy professionals and students across Canada.\",\"potentialAction\":[{\"@type\":\"SearchAction\",\"target\":{\"@type\":\"EntryPoint\",\"urlTemplate\":\"https:\/\/physiotherapy.ca\/?s={search_term_string}\"},\"query-input\":{\"@type\":\"PropertyValueSpecification\",\"valueRequired\":true,\"valueName\":\"search_term_string\"}}],\"inLanguage\":\"fr-FR\"}]}<\/script>\n<!-- \/ Yoast SEO plugin. -->","yoast_head_json":{"title":"Avantages - Canadian Physiotherapy Association","robots":{"index":"index","follow":"follow","max-snippet":"max-snippet:-1","max-image-preview":"max-image-preview:large","max-video-preview":"max-video-preview:-1"},"canonical":"https:\/\/physiotherapy.ca\/fr\/membership-fr\/assemblees\/assemblee-nationale-des-etudiants\/avantages\/","og_locale":"fr_FR","og_type":"article","og_title":"Avantages - Canadian Physiotherapy Association","og_description":"Adh\u00e9sion gratuite aux divisions Vous faites face \u00e0 l\u2019une des d\u00e9cisions les plus importantes de votre carri\u00e8re de physioth\u00e9rapeute :\u00a0le choix de votre domaine de pratique.\u00a0Pour fournir aux membres \u00e9tudiants l\u2019information dont ils ont besoin et leur permettre d\u2019\u00e9tablir des [&hellip;]","og_url":"https:\/\/physiotherapy.ca\/fr\/membership-fr\/assemblees\/assemblee-nationale-des-etudiants\/avantages\/","og_site_name":"Canadian Physiotherapy Association","article_modified_time":"2022-08-11T18:26:37+00:00","twitter_card":"summary_large_image","twitter_misc":{"Est. reading time":"2 minutes"},"schema":{"@context":"https:\/\/schema.org","@graph":[{"@type":"WebPage","@id":"https:\/\/physiotherapy.ca\/fr\/membership-fr\/assemblees\/assemblee-nationale-des-etudiants\/avantages\/","url":"https:\/\/physiotherapy.ca\/fr\/membership-fr\/assemblees\/assemblee-nationale-des-etudiants\/avantages\/","name":"Avantages - Canadian Physiotherapy Association","isPartOf":{"@id":"https:\/\/physiotherapy.ca\/#website"},"datePublished":"2022-08-11T18:26:35+00:00","dateModified":"2022-08-11T18:26:37+00:00","breadcrumb":{"@id":"https:\/\/physiotherapy.ca\/fr\/membership-fr\/assemblees\/assemblee-nationale-des-etudiants\/avantages\/#breadcrumb"},"inLanguage":"fr-FR","potentialAction":[{"@type":"ReadAction","target":["https:\/\/physiotherapy.ca\/fr\/membership-fr\/assemblees\/assemblee-nationale-des-etudiants\/avantages\/"]}]},{"@type":"BreadcrumbList","@id":"https:\/\/physiotherapy.ca\/fr\/membership-fr\/assemblees\/assemblee-nationale-des-etudiants\/avantages\/#breadcrumb","itemListElement":[{"@type":"ListItem","position":1,"name":"Home","item":"https:\/\/physiotherapy.ca\/fr\/"},{"@type":"ListItem","position":2,"name":"Membership FR","item":"https:\/\/physiotherapy.ca\/fr\/membership-fr\/"},{"@type":"ListItem","position":3,"name":"Assembl\u00e9es","item":"https:\/\/physiotherapy.ca\/fr\/membership-fr\/assemblees\/"},{"@type":"ListItem","position":4,"name":"Assembl\u00e9e nationale des \u00e9tudiants","item":"https:\/\/physiotherapy.ca\/fr\/membership-fr\/assemblees\/assemblee-nationale-des-etudiants\/"},{"@type":"ListItem","position":5,"name":"Avantages"}]},{"@type":"WebSite","@id":"https:\/\/physiotherapy.ca\/#website","url":"https:\/\/physiotherapy.ca\/","name":"Canadian Physiotherapy Association","description":"The Canadian Physiotherapy Association (CPA) represents over 16,000 physiotherapy professionals and students across Canada.","potentialAction":[{"@type":"SearchAction","target":{"@type":"EntryPoint","urlTemplate":"https:\/\/physiotherapy.ca\/?s={search_term_string}"},"query-input":{"@type":"PropertyValueSpecification","valueRequired":true,"valueName":"search_term_string"}}],"inLanguage":"fr-FR"}]}},"_links":{"self":[{"href":"https:\/\/physiotherapy.ca\/fr\/wp-json\/wp\/v2\/pages\/8199","targetHints":{"allow":["GET"]}}],"collection":[{"href":"https:\/\/physiotherapy.ca\/fr\/wp-json\/wp\/v2\/pages"}],"about":[{"href":"https:\/\/physiotherapy.ca\/fr\/wp-json\/wp\/v2\/types\/page"}],"author":[{"embeddable":true,"href":"https:\/\/physiotherapy.ca\/fr\/wp-json\/wp\/v2\/users\/1"}],"replies":[{"embeddable":true,"href":"https:\/\/physiotherapy.ca\/fr\/wp-json\/wp\/v2\/comments?post=8199"}],"version-history":[{"count":3,"href":"https:\/\/physiotherapy.ca\/fr\/wp-json\/wp\/v2\/pages\/8199\/revisions"}],"predecessor-version":[{"id":8206,"href":"https:\/\/physiotherapy.ca\/fr\/wp-json\/wp\/v2\/pages\/8199\/revisions\/8206"}],"up":[{"embeddable":true,"href":"https:\/\/physiotherapy.ca\/fr\/wp-json\/wp\/v2\/pages\/8141"}],"wp:attachment":[{"href":"https:\/\/physiotherapy.ca\/fr\/wp-json\/wp\/v2\/media?parent=8199"}],"wp:term":[{"taxonomy":"topic","embeddable":true,"href":"https:\/\/physiotherapy.ca\/fr\/wp-json\/wp\/v2\/topic?post=8199"}],"curies":[{"name":"wp","href":"https:\/\/api.w.org\/{rel}","templated":true}]}}