{"id":8208,"date":"2022-08-11T14:53:02","date_gmt":"2022-08-11T18:53:02","guid":{"rendered":"https:\/\/physiotherapy.ca\/?page_id=8208"},"modified":"2022-08-11T14:53:04","modified_gmt":"2022-08-11T18:53:04","slug":"jai-obtenu-mon-diplome-et-maintenant","status":"publish","type":"page","link":"https:\/\/physiotherapy.ca\/fr\/membership-fr\/assemblees\/assemblee-nationale-des-etudiants\/jai-obtenu-mon-diplome-et-maintenant\/","title":{"rendered":"J\u2019ai obtenu mon dipl\u00f4me! Et maintenant?"},"content":{"rendered":"\n<figure class=\"wp-block-image size-full is-resized\"><img loading=\"lazy\" decoding=\"async\" src=\"https:\/\/physiotherapy.ca\/app\/uploads\/2022\/08\/nsa_-_im_graduating_now_what_fr.png\" alt=\"\" class=\"wp-image-8209\" width=\"488\" height=\"654\" srcset=\"https:\/\/physiotherapy.ca\/app\/uploads\/2022\/08\/nsa_-_im_graduating_now_what_fr.png 651w, https:\/\/physiotherapy.ca\/app\/uploads\/2022\/08\/nsa_-_im_graduating_now_what_fr-600x804.png 600w, https:\/\/physiotherapy.ca\/app\/uploads\/2022\/08\/nsa_-_im_graduating_now_what_fr-224x300.png 224w, https:\/\/physiotherapy.ca\/app\/uploads\/2022\/08\/nsa_-_im_graduating_now_what_fr-149x200.png 149w\" sizes=\"auto, (max-width: 488px) 100vw, 488px\" \/><\/figure>\n\n\n\n<h2 class=\"wp-block-heading\">Trousse d&#8217;outils pour les nouveaux\u00a0dipl\u00f4m\u00e9s<\/h2>\n\n\n\n<p>Transitioning from student to professional can be one of the biggest changes in life. The Canadian Physiotherapy Association (CPA) has put together a toolkit of resources that will ease the process. Below Passer du statut d\u2019\u00e9tudiant \u00e0 celui de professionnel peut s\u2019av\u00e9rer un des plus grands d\u00e9fis de votre vie. L\u2019Association canadienne de physioth\u00e9rapie (ACP) a \u00e9labor\u00e9 une trousse d\u2019outils contenant des ressources qui faciliteront cette transition. Vous trouverez ci-dessous des liens pour en apprendre plus sur les associations nationales, provinciales et territoriales qui plaident en faveur de la profession de physioth\u00e9rapeute, des conseils pour trouver un emploi et des occasions de perfectionnement professionnel pour prolonger votre apprentissage tout au long de votre carri\u00e8re.<\/p>\n\n\n\n<ul class=\"wp-block-list\"><li><a href=\"https:\/\/physiotherapy.ca\/fr\/lassociation\/a-propos-de-lacp\/\">\u00c0 propos de l\u2019ACP<\/a><\/li><li><a href=\"https:\/\/physiotherapy.ca\/fr\/membership-fr\/avantages\/\">Avantages de l\u2019adh\u00e9sion \u00e0 l\u2019ACP<\/a><\/li><li><a href=\"https:\/\/physiotherapy.ca\/fr\/membership-fr\/divisions-2\/\">Divisions de l\u2019ACP<\/a><\/li><li><a href=\"https:\/\/physiotherapy.ca\/fr\/membership-fr\/sections\/\">Sections de l\u2019ACP<\/a><\/li><li><a href=\"https:\/\/physiotherapy.ca\/fr\/fondation-de-physiotherapie-du-canada\/\">Fondation de physioth\u00e9rapie du Canada<\/a><\/li><li><a href=\"https:\/\/physiotherapy.ca\/advocacy\/about-physiotherapy-in-canada\/working-in-canada\/\">Organismes de r\u00e9glementation<\/a><\/li><li><a href=\"https:\/\/physiotherapy.ca\/fr\/membership-fr\/assurance-2\/\">Protection responsabilit\u00e9 professionnelle<\/a><\/li><li><a href=\"https:\/\/physiotherapy.ca\/fr\/centre-demplois\/\">Ressources pour la carri\u00e8re<\/a><\/li><li><a href=\"https:\/\/physiotherapy.ca\/fr\/education-et-evenements\/ressources\/\">Ressources pour la pratique<\/a><\/li><\/ul>\n","protected":false},"excerpt":{"rendered":"<p>Trousse d&#8217;outils pour les nouveaux\u00a0dipl\u00f4m\u00e9s Transitioning from student to professional can be one of the biggest changes in life. The Canadian Physiotherapy Association (CPA) has put together a toolkit of resources that will ease the process. Below Passer du statut [&hellip;]<\/p>\n","protected":false},"author":1,"featured_media":0,"parent":8141,"menu_order":3,"comment_status":"closed","ping_status":"closed","template":"","meta":{"inline_featured_image":false,"ep_exclude_from_search":false,"footnotes":""},"topic":[],"class_list":["post-8208","page","type-page","status-publish","hentry"],"acf":[],"yoast_head":"<!-- This site is optimized with the Yoast SEO plugin v24.7 - https:\/\/yoast.com\/wordpress\/plugins\/seo\/ -->\n<title>J\u2019ai obtenu mon dipl\u00f4me! Et maintenant? - Canadian Physiotherapy Association<\/title>\n<meta name=\"robots\" content=\"index, follow, max-snippet:-1, max-image-preview:large, max-video-preview:-1\" \/>\n<link rel=\"canonical\" href=\"https:\/\/physiotherapy.ca\/fr\/membership-fr\/assemblees\/assemblee-nationale-des-etudiants\/jai-obtenu-mon-diplome-et-maintenant\/\" \/>\n<meta property=\"og:locale\" content=\"fr_FR\" \/>\n<meta property=\"og:type\" content=\"article\" \/>\n<meta property=\"og:title\" content=\"J\u2019ai obtenu mon dipl\u00f4me! Et maintenant? - Canadian Physiotherapy Association\" \/>\n<meta property=\"og:description\" content=\"Trousse d&#8217;outils pour les nouveaux\u00a0dipl\u00f4m\u00e9s Transitioning from student to professional can be one of the biggest changes in life. The Canadian Physiotherapy Association (CPA) has put together a toolkit of resources that will ease the process. Below Passer du statut [&hellip;]\" \/>\n<meta property=\"og:url\" content=\"https:\/\/physiotherapy.ca\/fr\/membership-fr\/assemblees\/assemblee-nationale-des-etudiants\/jai-obtenu-mon-diplome-et-maintenant\/\" \/>\n<meta property=\"og:site_name\" content=\"Canadian Physiotherapy Association\" \/>\n<meta property=\"article:modified_time\" content=\"2022-08-11T18:53:04+00:00\" \/>\n<meta property=\"og:image\" content=\"https:\/\/physiotherapy.ca\/app\/uploads\/2022\/08\/nsa_-_im_graduating_now_what_fr.png\" \/>\n<meta name=\"twitter:card\" content=\"summary_large_image\" \/>\n<meta name=\"twitter:label1\" content=\"Est. reading time\" \/>\n\t<meta name=\"twitter:data1\" content=\"1 minute\" \/>\n<script type=\"application\/ld+json\" class=\"yoast-schema-graph\">{\"@context\":\"https:\/\/schema.org\",\"@graph\":[{\"@type\":\"WebPage\",\"@id\":\"https:\/\/physiotherapy.ca\/fr\/membership-fr\/assemblees\/assemblee-nationale-des-etudiants\/jai-obtenu-mon-diplome-et-maintenant\/\",\"url\":\"https:\/\/physiotherapy.ca\/fr\/membership-fr\/assemblees\/assemblee-nationale-des-etudiants\/jai-obtenu-mon-diplome-et-maintenant\/\",\"name\":\"J\u2019ai obtenu mon dipl\u00f4me! Et maintenant? - Canadian Physiotherapy Association\",\"isPartOf\":{\"@id\":\"https:\/\/physiotherapy.ca\/#website\"},\"primaryImageOfPage\":{\"@id\":\"https:\/\/physiotherapy.ca\/fr\/membership-fr\/assemblees\/assemblee-nationale-des-etudiants\/jai-obtenu-mon-diplome-et-maintenant\/#primaryimage\"},\"image\":{\"@id\":\"https:\/\/physiotherapy.ca\/fr\/membership-fr\/assemblees\/assemblee-nationale-des-etudiants\/jai-obtenu-mon-diplome-et-maintenant\/#primaryimage\"},\"thumbnailUrl\":\"https:\/\/physiotherapy.ca\/app\/uploads\/2022\/08\/nsa_-_im_graduating_now_what_fr.png\",\"datePublished\":\"2022-08-11T18:53:02+00:00\",\"dateModified\":\"2022-08-11T18:53:04+00:00\",\"breadcrumb\":{\"@id\":\"https:\/\/physiotherapy.ca\/fr\/membership-fr\/assemblees\/assemblee-nationale-des-etudiants\/jai-obtenu-mon-diplome-et-maintenant\/#breadcrumb\"},\"inLanguage\":\"fr-FR\",\"potentialAction\":[{\"@type\":\"ReadAction\",\"target\":[\"https:\/\/physiotherapy.ca\/fr\/membership-fr\/assemblees\/assemblee-nationale-des-etudiants\/jai-obtenu-mon-diplome-et-maintenant\/\"]}]},{\"@type\":\"ImageObject\",\"inLanguage\":\"fr-FR\",\"@id\":\"https:\/\/physiotherapy.ca\/fr\/membership-fr\/assemblees\/assemblee-nationale-des-etudiants\/jai-obtenu-mon-diplome-et-maintenant\/#primaryimage\",\"url\":\"https:\/\/physiotherapy.ca\/app\/uploads\/2022\/08\/nsa_-_im_graduating_now_what_fr.png\",\"contentUrl\":\"https:\/\/physiotherapy.ca\/app\/uploads\/2022\/08\/nsa_-_im_graduating_now_what_fr.png\"},{\"@type\":\"BreadcrumbList\",\"@id\":\"https:\/\/physiotherapy.ca\/fr\/membership-fr\/assemblees\/assemblee-nationale-des-etudiants\/jai-obtenu-mon-diplome-et-maintenant\/#breadcrumb\",\"itemListElement\":[{\"@type\":\"ListItem\",\"position\":1,\"name\":\"Home\",\"item\":\"https:\/\/physiotherapy.ca\/fr\/\"},{\"@type\":\"ListItem\",\"position\":2,\"name\":\"Membership FR\",\"item\":\"https:\/\/physiotherapy.ca\/fr\/membership-fr\/\"},{\"@type\":\"ListItem\",\"position\":3,\"name\":\"Assembl\u00e9es\",\"item\":\"https:\/\/physiotherapy.ca\/fr\/membership-fr\/assemblees\/\"},{\"@type\":\"ListItem\",\"position\":4,\"name\":\"Assembl\u00e9e nationale des \u00e9tudiants\",\"item\":\"https:\/\/physiotherapy.ca\/fr\/membership-fr\/assemblees\/assemblee-nationale-des-etudiants\/\"},{\"@type\":\"ListItem\",\"position\":5,\"name\":\"J\u2019ai obtenu mon dipl\u00f4me! Et maintenant?\"}]},{\"@type\":\"WebSite\",\"@id\":\"https:\/\/physiotherapy.ca\/#website\",\"url\":\"https:\/\/physiotherapy.ca\/\",\"name\":\"Canadian Physiotherapy Association\",\"description\":\"The Canadian Physiotherapy Association (CPA) represents over 16,000 physiotherapy professionals and students across Canada.\",\"potentialAction\":[{\"@type\":\"SearchAction\",\"target\":{\"@type\":\"EntryPoint\",\"urlTemplate\":\"https:\/\/physiotherapy.ca\/?s={search_term_string}\"},\"query-input\":{\"@type\":\"PropertyValueSpecification\",\"valueRequired\":true,\"valueName\":\"search_term_string\"}}],\"inLanguage\":\"fr-FR\"}]}<\/script>\n<!-- \/ Yoast SEO plugin. -->","yoast_head_json":{"title":"J\u2019ai obtenu mon dipl\u00f4me! Et maintenant? - Canadian Physiotherapy Association","robots":{"index":"index","follow":"follow","max-snippet":"max-snippet:-1","max-image-preview":"max-image-preview:large","max-video-preview":"max-video-preview:-1"},"canonical":"https:\/\/physiotherapy.ca\/fr\/membership-fr\/assemblees\/assemblee-nationale-des-etudiants\/jai-obtenu-mon-diplome-et-maintenant\/","og_locale":"fr_FR","og_type":"article","og_title":"J\u2019ai obtenu mon dipl\u00f4me! Et maintenant? - Canadian Physiotherapy Association","og_description":"Trousse d&#8217;outils pour les nouveaux\u00a0dipl\u00f4m\u00e9s Transitioning from student to professional can be one of the biggest changes in life. The Canadian Physiotherapy Association (CPA) has put together a toolkit of resources that will ease the process. Below Passer du statut [&hellip;]","og_url":"https:\/\/physiotherapy.ca\/fr\/membership-fr\/assemblees\/assemblee-nationale-des-etudiants\/jai-obtenu-mon-diplome-et-maintenant\/","og_site_name":"Canadian Physiotherapy Association","article_modified_time":"2022-08-11T18:53:04+00:00","og_image":[{"url":"https:\/\/physiotherapy.ca\/app\/uploads\/2022\/08\/nsa_-_im_graduating_now_what_fr.png","type":"","width":"","height":""}],"twitter_card":"summary_large_image","twitter_misc":{"Est. reading time":"1 minute"},"schema":{"@context":"https:\/\/schema.org","@graph":[{"@type":"WebPage","@id":"https:\/\/physiotherapy.ca\/fr\/membership-fr\/assemblees\/assemblee-nationale-des-etudiants\/jai-obtenu-mon-diplome-et-maintenant\/","url":"https:\/\/physiotherapy.ca\/fr\/membership-fr\/assemblees\/assemblee-nationale-des-etudiants\/jai-obtenu-mon-diplome-et-maintenant\/","name":"J\u2019ai obtenu mon dipl\u00f4me! Et maintenant? - Canadian Physiotherapy Association","isPartOf":{"@id":"https:\/\/physiotherapy.ca\/#website"},"primaryImageOfPage":{"@id":"https:\/\/physiotherapy.ca\/fr\/membership-fr\/assemblees\/assemblee-nationale-des-etudiants\/jai-obtenu-mon-diplome-et-maintenant\/#primaryimage"},"image":{"@id":"https:\/\/physiotherapy.ca\/fr\/membership-fr\/assemblees\/assemblee-nationale-des-etudiants\/jai-obtenu-mon-diplome-et-maintenant\/#primaryimage"},"thumbnailUrl":"https:\/\/physiotherapy.ca\/app\/uploads\/2022\/08\/nsa_-_im_graduating_now_what_fr.png","datePublished":"2022-08-11T18:53:02+00:00","dateModified":"2022-08-11T18:53:04+00:00","breadcrumb":{"@id":"https:\/\/physiotherapy.ca\/fr\/membership-fr\/assemblees\/assemblee-nationale-des-etudiants\/jai-obtenu-mon-diplome-et-maintenant\/#breadcrumb"},"inLanguage":"fr-FR","potentialAction":[{"@type":"ReadAction","target":["https:\/\/physiotherapy.ca\/fr\/membership-fr\/assemblees\/assemblee-nationale-des-etudiants\/jai-obtenu-mon-diplome-et-maintenant\/"]}]},{"@type":"ImageObject","inLanguage":"fr-FR","@id":"https:\/\/physiotherapy.ca\/fr\/membership-fr\/assemblees\/assemblee-nationale-des-etudiants\/jai-obtenu-mon-diplome-et-maintenant\/#primaryimage","url":"https:\/\/physiotherapy.ca\/app\/uploads\/2022\/08\/nsa_-_im_graduating_now_what_fr.png","contentUrl":"https:\/\/physiotherapy.ca\/app\/uploads\/2022\/08\/nsa_-_im_graduating_now_what_fr.png"},{"@type":"BreadcrumbList","@id":"https:\/\/physiotherapy.ca\/fr\/membership-fr\/assemblees\/assemblee-nationale-des-etudiants\/jai-obtenu-mon-diplome-et-maintenant\/#breadcrumb","itemListElement":[{"@type":"ListItem","position":1,"name":"Home","item":"https:\/\/physiotherapy.ca\/fr\/"},{"@type":"ListItem","position":2,"name":"Membership FR","item":"https:\/\/physiotherapy.ca\/fr\/membership-fr\/"},{"@type":"ListItem","position":3,"name":"Assembl\u00e9es","item":"https:\/\/physiotherapy.ca\/fr\/membership-fr\/assemblees\/"},{"@type":"ListItem","position":4,"name":"Assembl\u00e9e nationale des \u00e9tudiants","item":"https:\/\/physiotherapy.ca\/fr\/membership-fr\/assemblees\/assemblee-nationale-des-etudiants\/"},{"@type":"ListItem","position":5,"name":"J\u2019ai obtenu mon dipl\u00f4me! Et maintenant?"}]},{"@type":"WebSite","@id":"https:\/\/physiotherapy.ca\/#website","url":"https:\/\/physiotherapy.ca\/","name":"Canadian Physiotherapy Association","description":"The Canadian Physiotherapy Association (CPA) represents over 16,000 physiotherapy professionals and students across Canada.","potentialAction":[{"@type":"SearchAction","target":{"@type":"EntryPoint","urlTemplate":"https:\/\/physiotherapy.ca\/?s={search_term_string}"},"query-input":{"@type":"PropertyValueSpecification","valueRequired":true,"valueName":"search_term_string"}}],"inLanguage":"fr-FR"}]}},"_links":{"self":[{"href":"https:\/\/physiotherapy.ca\/fr\/wp-json\/wp\/v2\/pages\/8208","targetHints":{"allow":["GET"]}}],"collection":[{"href":"https:\/\/physiotherapy.ca\/fr\/wp-json\/wp\/v2\/pages"}],"about":[{"href":"https:\/\/physiotherapy.ca\/fr\/wp-json\/wp\/v2\/types\/page"}],"author":[{"embeddable":true,"href":"https:\/\/physiotherapy.ca\/fr\/wp-json\/wp\/v2\/users\/1"}],"replies":[{"embeddable":true,"href":"https:\/\/physiotherapy.ca\/fr\/wp-json\/wp\/v2\/comments?post=8208"}],"version-history":[{"count":2,"href":"https:\/\/physiotherapy.ca\/fr\/wp-json\/wp\/v2\/pages\/8208\/revisions"}],"predecessor-version":[{"id":8218,"href":"https:\/\/physiotherapy.ca\/fr\/wp-json\/wp\/v2\/pages\/8208\/revisions\/8218"}],"up":[{"embeddable":true,"href":"https:\/\/physiotherapy.ca\/fr\/wp-json\/wp\/v2\/pages\/8141"}],"wp:attachment":[{"href":"https:\/\/physiotherapy.ca\/fr\/wp-json\/wp\/v2\/media?parent=8208"}],"wp:term":[{"taxonomy":"topic","embeddable":true,"href":"https:\/\/physiotherapy.ca\/fr\/wp-json\/wp\/v2\/topic?post=8208"}],"curies":[{"name":"wp","href":"https:\/\/api.w.org\/{rel}","templated":true}]}}