{"id":83266,"date":"2022-11-28T14:45:30","date_gmt":"2022-11-28T19:45:30","guid":{"rendered":"https:\/\/physiotherapy.ca\/?page_id=83266"},"modified":"2022-11-28T14:45:31","modified_gmt":"2022-11-28T19:45:31","slug":"programme-en-un-coup-doeil","status":"publish","type":"page","link":"https:\/\/physiotherapy.ca\/fr\/education-et-evenements\/cours-et-evenements\/congres-2023\/programme-en-un-coup-doeil\/","title":{"rendered":"Programme en un coup d&#8217;\u0153il"},"content":{"rendered":"\n<figure class=\"wp-block-table\"><table><thead><tr><th>Temps<\/th><th>Jeudi 13 juillet 2023<\/th><\/tr><\/thead><tbody><tr><td>11 h 30 \u00e0 12 h 30<\/td><td>Orientation pour les gens dont c\u2019est le premier congr\u00e8s<\/td><\/tr><tr><td>13 h \u00e0 14 h 30<\/td><td>Mot de bienvenue Jour 1, c\u00e9r\u00e9monie et discours d\u2019ouverture<\/td><\/tr><tr><td>14 h 30 \u00e0 15 h<\/td><td>R\u00e9seautage dans la Salle d\u2019exposition et des affiches<br><br>La Salle d\u2019exposition est ouverte de 14 h 30 \u00e0 19 h 30<\/td><\/tr><tr><td>15 h \u00e0 16 h<\/td><td>S\u00e9ances simultan\u00e9es<\/td><\/tr><tr><td>16 h \u00e0 17 h<\/td><td>Heure de discussion avec les auteurs des affiches<br><br>Les participants ont la possibilit\u00e9 d\u2019interagir avec les auteurs des affiches durant cette heure.<\/td><\/tr><tr><td>17 h \u00e0 18 h<\/td><td>Temps libre<\/td><\/tr><tr><td>18\u00a0h \u00e0 19 h 30<\/td><td>R\u00e9ception d\u2019ouverture dans la Salle d\u2019exposition et des affiches<br><br>Renouez avec vos coll\u00e8gues de l\u2019ACP gr\u00e2ce \u00e0 cet \u00e9v\u00e9nement d\u2019ouverture!<\/td><\/tr><\/tbody><\/table><\/figure>\n\n\n\n<figure class=\"wp-block-table\"><table><thead><tr><th>Temps<\/th><th>Vendredi 14 juillet 2023<\/th><\/tr><\/thead><tbody><tr><td>6 h 30 \u00e0 8 h<\/td><td>Course amusante de 5\u00a0km\/Marche pour la FPC<br><br>Commencez bien la journ\u00e9e en faisant de l\u2019exercice, soutenez la FPC et d\u00e9couvrez des endroits du Qu\u00e9bec par le fait m\u00eame.<\/td><\/tr><tr><td>6 h 30 \u00e0 7 h 30<\/td><td>Namaste avec l\u2019ACP<br><br>Commencez l\u2019avant-midi avec cette activit\u00e9 qui vous permettra de faire le plein d\u2019\u00e9nergie pour la journ\u00e9e. Tous les profits iront \u00e0 la FPC.<\/td><\/tr><tr><td>8 h \u00e0 9 h<\/td><td>S\u00e9ances instructives dans la Salle d\u2019exposition<\/td><\/tr><tr><td>8 h \u00e0 9 h<\/td><td>D\u00e9jeuner dans la Salle d\u2019exposition<br><br>La Salle d\u2019exposition est ouverte de 8 h \u00e0 16 h 30<\/td><\/tr><tr><td>9 h \u00e0 10 h 30<\/td><td>Mot de bienvenue Jour 2 et S\u00e9ance pl\u00e9ni\u00e8re<\/td><\/tr><tr><td>10 h 30 \u00e0 11 h<\/td><td>R\u00e9seautage dans la Salle d\u2019exposition et des affiches<br><br>Venez voir les Pr\u00e9sentations rapides dans la Salle d\u2019exposition<\/td><\/tr><tr><td>11 h \u00e0 12 h<\/td><td>Pr\u00e9sentation Conf\u00e9rence comm\u00e9morative Enid-Graham<\/td><\/tr><tr><td>12 h \u00e0 13 h<\/td><td>D\u00eener dans la Salle d\u2019exposition<\/td><\/tr><tr><td>13 h \u00e0 14 h<\/td><td>S\u00e9ances simultan\u00e9es<\/td><\/tr><tr><td>14 h \u00e0 14 h 30<\/td><td>R\u00e9seautage dans la Salle d\u2019exposition et des affiches<\/td><\/tr><tr><td>14 h 30 \u00e0 15 h 30<\/td><td>S\u00e9ances simultan\u00e9es<\/td><\/tr><tr><td>15 h 30 \u00e0 16 h 30<\/td><td>Heure de discussion avec les auteurs des affiches<br><br>Les participants ont la possibilit\u00e9 d\u2019interagir avec les auteurs des affiches durant cette heure.<\/td><\/tr><tr><td>16 h 30 \u00e0 18 h<\/td><td>Temps libre<\/td><\/tr><tr><td>18 h \u00e0 22 h<\/td><td>Soir\u00e9e avec un objectif<br><br>Pr\u00e9parez-vous \u00e0 une soir\u00e9e dans laquelle vous pourrez danser et ramasser <br>des fonds pour la FPC. Savourez de petites bouch\u00e9es et prenez un verre durant cette soir\u00e9e avec un objectif.<\/td><\/tr><\/tbody><\/table><\/figure>\n\n\n\n<figure class=\"wp-block-table\"><table><thead><tr><th>Temps<\/th><th>Samedi 15 juillet 2023<\/th><\/tr><\/thead><tbody><tr><td>6 h 30 \u00e0 7 h 30<\/td><td>Namaste avec l\u2019ACP<br><br>Commencez l\u2019avant-midi avec cette activit\u00e9 qui vous permettra de faire le plein d\u2019\u00e9nergie pour la journ\u00e9e. Tous les profits iront \u00e0 la FPC.<br><\/td><\/tr><tr><td>8 h \u00e0 9 h<\/td><td>S\u00e9ances instructives dans la Salle d\u2019exposition<\/td><\/tr><tr><td>8 h \u00e0 9 h<\/td><td>D\u00e9jeuner dans la Salle d\u2019exposition<br><br>La Salle d\u2019exposition est ouverte de 8 h \u00e0 14 h 30<\/td><\/tr><tr><td>9 h \u00e0 10 h 30<\/td><td>Mot de bienvenue Jour 3 et Prix de l\u2019ACP<\/td><\/tr><tr><td>10 h 30 \u00e0 11 h<\/td><td>R\u00e9seautage dans la Salle d\u2019exposition et des affiches<\/td><\/tr><tr><td>11 h \u00e0 12 h<\/td><td>S\u00e9ance pl\u00e9ni\u00e8re<\/td><\/tr><tr><td>12 h \u00e0 13 h<\/td><td>D\u00eener dans la Salle d\u2019exposition<\/td><\/tr><tr><td>13 h \u00e0 14 h<\/td><td>S\u00e9ances simultan\u00e9es<\/td><\/tr><tr><td>14 h \u00e0 14 h30<\/td><td>R\u00e9seautage dans la Salle d\u2019exposition et des affiches<\/td><\/tr><tr><td>14 h30 \u00e0 16 h<\/td><td>Discours de cl\u00f4ture et derni\u00e8res observations<\/td><\/tr><\/tbody><\/table><\/figure>\n","protected":false},"excerpt":{"rendered":"<p>Temps Jeudi 13 juillet 2023 11 h 30 \u00e0 12 h 30 Orientation pour les gens dont c\u2019est le premier congr\u00e8s 13 h \u00e0 14 h 30 Mot de bienvenue Jour 1, c\u00e9r\u00e9monie et discours d\u2019ouverture 14 h 30 \u00e0 [&hellip;]<\/p>\n","protected":false},"author":2792,"featured_media":0,"parent":4148,"menu_order":0,"comment_status":"closed","ping_status":"closed","template":"","meta":{"inline_featured_image":false,"ep_exclude_from_search":false,"footnotes":""},"topic":[],"class_list":["post-83266","page","type-page","status-publish","hentry"],"acf":[],"yoast_head":"<!-- This site is optimized with the Yoast SEO plugin v24.7 - https:\/\/yoast.com\/wordpress\/plugins\/seo\/ -->\n<title>Programme en un coup d&#039;\u0153il - Canadian Physiotherapy Association<\/title>\n<meta name=\"robots\" content=\"index, follow, max-snippet:-1, max-image-preview:large, max-video-preview:-1\" \/>\n<link rel=\"canonical\" href=\"https:\/\/physiotherapy.ca\/fr\/programme-en-un-coup-doeil\/\" \/>\n<meta property=\"og:locale\" content=\"fr_FR\" \/>\n<meta property=\"og:type\" content=\"article\" \/>\n<meta property=\"og:title\" content=\"Programme en un coup d&#039;\u0153il - Canadian Physiotherapy Association\" \/>\n<meta property=\"og:description\" content=\"Temps Jeudi 13 juillet 2023 11 h 30 \u00e0 12 h 30 Orientation pour les gens dont c\u2019est le premier congr\u00e8s 13 h \u00e0 14 h 30 Mot de bienvenue Jour 1, c\u00e9r\u00e9monie et discours d\u2019ouverture 14 h 30 \u00e0 [&hellip;]\" \/>\n<meta property=\"og:url\" content=\"https:\/\/physiotherapy.ca\/fr\/programme-en-un-coup-doeil\/\" \/>\n<meta property=\"og:site_name\" content=\"Canadian Physiotherapy Association\" \/>\n<meta property=\"article:modified_time\" content=\"2022-11-28T19:45:31+00:00\" \/>\n<meta name=\"twitter:card\" content=\"summary_large_image\" \/>\n<meta name=\"twitter:label1\" content=\"Est. reading time\" \/>\n\t<meta name=\"twitter:data1\" content=\"3 minutes\" \/>\n<script type=\"application\/ld+json\" class=\"yoast-schema-graph\">{\"@context\":\"https:\/\/schema.org\",\"@graph\":[{\"@type\":\"WebPage\",\"@id\":\"https:\/\/physiotherapy.ca\/fr\/programme-en-un-coup-doeil\/\",\"url\":\"https:\/\/physiotherapy.ca\/fr\/programme-en-un-coup-doeil\/\",\"name\":\"Programme en un coup d'\u0153il - Canadian Physiotherapy Association\",\"isPartOf\":{\"@id\":\"https:\/\/physiotherapy.ca\/#website\"},\"datePublished\":\"2022-11-28T19:45:30+00:00\",\"dateModified\":\"2022-11-28T19:45:31+00:00\",\"breadcrumb\":{\"@id\":\"https:\/\/physiotherapy.ca\/fr\/programme-en-un-coup-doeil\/#breadcrumb\"},\"inLanguage\":\"fr-FR\",\"potentialAction\":[{\"@type\":\"ReadAction\",\"target\":[\"https:\/\/physiotherapy.ca\/fr\/programme-en-un-coup-doeil\/\"]}]},{\"@type\":\"BreadcrumbList\",\"@id\":\"https:\/\/physiotherapy.ca\/fr\/programme-en-un-coup-doeil\/#breadcrumb\",\"itemListElement\":[{\"@type\":\"ListItem\",\"position\":1,\"name\":\"Home\",\"item\":\"https:\/\/physiotherapy.ca\/fr\/\"},{\"@type\":\"ListItem\",\"position\":2,\"name\":\"Programme en un coup d&#8217;\u0153il\"}]},{\"@type\":\"WebSite\",\"@id\":\"https:\/\/physiotherapy.ca\/#website\",\"url\":\"https:\/\/physiotherapy.ca\/\",\"name\":\"Canadian Physiotherapy Association\",\"description\":\"The Canadian Physiotherapy Association (CPA) represents over 16,000 physiotherapy professionals and students across Canada.\",\"potentialAction\":[{\"@type\":\"SearchAction\",\"target\":{\"@type\":\"EntryPoint\",\"urlTemplate\":\"https:\/\/physiotherapy.ca\/?s={search_term_string}\"},\"query-input\":{\"@type\":\"PropertyValueSpecification\",\"valueRequired\":true,\"valueName\":\"search_term_string\"}}],\"inLanguage\":\"fr-FR\"}]}<\/script>\n<!-- \/ Yoast SEO plugin. -->","yoast_head_json":{"title":"Programme en un coup d'\u0153il - Canadian Physiotherapy Association","robots":{"index":"index","follow":"follow","max-snippet":"max-snippet:-1","max-image-preview":"max-image-preview:large","max-video-preview":"max-video-preview:-1"},"canonical":"https:\/\/physiotherapy.ca\/fr\/programme-en-un-coup-doeil\/","og_locale":"fr_FR","og_type":"article","og_title":"Programme en un coup d'\u0153il - Canadian Physiotherapy Association","og_description":"Temps Jeudi 13 juillet 2023 11 h 30 \u00e0 12 h 30 Orientation pour les gens dont c\u2019est le premier congr\u00e8s 13 h \u00e0 14 h 30 Mot de bienvenue Jour 1, c\u00e9r\u00e9monie et discours d\u2019ouverture 14 h 30 \u00e0 [&hellip;]","og_url":"https:\/\/physiotherapy.ca\/fr\/programme-en-un-coup-doeil\/","og_site_name":"Canadian Physiotherapy Association","article_modified_time":"2022-11-28T19:45:31+00:00","twitter_card":"summary_large_image","twitter_misc":{"Est. reading time":"3 minutes"},"schema":{"@context":"https:\/\/schema.org","@graph":[{"@type":"WebPage","@id":"https:\/\/physiotherapy.ca\/fr\/programme-en-un-coup-doeil\/","url":"https:\/\/physiotherapy.ca\/fr\/programme-en-un-coup-doeil\/","name":"Programme en un coup d'\u0153il - Canadian Physiotherapy Association","isPartOf":{"@id":"https:\/\/physiotherapy.ca\/#website"},"datePublished":"2022-11-28T19:45:30+00:00","dateModified":"2022-11-28T19:45:31+00:00","breadcrumb":{"@id":"https:\/\/physiotherapy.ca\/fr\/programme-en-un-coup-doeil\/#breadcrumb"},"inLanguage":"fr-FR","potentialAction":[{"@type":"ReadAction","target":["https:\/\/physiotherapy.ca\/fr\/programme-en-un-coup-doeil\/"]}]},{"@type":"BreadcrumbList","@id":"https:\/\/physiotherapy.ca\/fr\/programme-en-un-coup-doeil\/#breadcrumb","itemListElement":[{"@type":"ListItem","position":1,"name":"Home","item":"https:\/\/physiotherapy.ca\/fr\/"},{"@type":"ListItem","position":2,"name":"Programme en un coup d&#8217;\u0153il"}]},{"@type":"WebSite","@id":"https:\/\/physiotherapy.ca\/#website","url":"https:\/\/physiotherapy.ca\/","name":"Canadian Physiotherapy Association","description":"The Canadian Physiotherapy Association (CPA) represents over 16,000 physiotherapy professionals and students across Canada.","potentialAction":[{"@type":"SearchAction","target":{"@type":"EntryPoint","urlTemplate":"https:\/\/physiotherapy.ca\/?s={search_term_string}"},"query-input":{"@type":"PropertyValueSpecification","valueRequired":true,"valueName":"search_term_string"}}],"inLanguage":"fr-FR"}]}},"_links":{"self":[{"href":"https:\/\/physiotherapy.ca\/fr\/wp-json\/wp\/v2\/pages\/83266","targetHints":{"allow":["GET"]}}],"collection":[{"href":"https:\/\/physiotherapy.ca\/fr\/wp-json\/wp\/v2\/pages"}],"about":[{"href":"https:\/\/physiotherapy.ca\/fr\/wp-json\/wp\/v2\/types\/page"}],"author":[{"embeddable":true,"href":"https:\/\/physiotherapy.ca\/fr\/wp-json\/wp\/v2\/users\/2792"}],"replies":[{"embeddable":true,"href":"https:\/\/physiotherapy.ca\/fr\/wp-json\/wp\/v2\/comments?post=83266"}],"version-history":[{"count":1,"href":"https:\/\/physiotherapy.ca\/fr\/wp-json\/wp\/v2\/pages\/83266\/revisions"}],"predecessor-version":[{"id":83285,"href":"https:\/\/physiotherapy.ca\/fr\/wp-json\/wp\/v2\/pages\/83266\/revisions\/83285"}],"up":[{"embeddable":true,"href":"https:\/\/physiotherapy.ca\/fr\/wp-json\/wp\/v2\/pages\/4148"}],"wp:attachment":[{"href":"https:\/\/physiotherapy.ca\/fr\/wp-json\/wp\/v2\/media?parent=83266"}],"wp:term":[{"taxonomy":"topic","embeddable":true,"href":"https:\/\/physiotherapy.ca\/fr\/wp-json\/wp\/v2\/topic?post=83266"}],"curies":[{"name":"wp","href":"https:\/\/api.w.org\/{rel}","templated":true}]}}