{"id":8503,"date":"2022-08-15T10:13:59","date_gmt":"2022-08-15T14:13:59","guid":{"rendered":"https:\/\/physiotherapy.ca\/?page_id=8503"},"modified":"2024-09-17T16:23:24","modified_gmt":"2024-09-17T20:23:24","slug":"assurance-responsabilite-professionnelle","status":"publish","type":"page","link":"https:\/\/physiotherapy.ca\/fr\/assurance-responsabilite-professionnelle\/","title":{"rendered":"Assurance responsabilit\u00e9 professionnelle"},"content":{"rendered":"\n<h4 class=\"wp-block-heading\">Le programme d\u2019assurance&nbsp;de l\u2019ACP est con\u00e7u par les membres, pour les membres pour r\u00e9pondre pr\u00e9cis\u00e9ment aux besoins des physioth\u00e9rapeutes, des assistants-physioth\u00e9rapeutes et des th\u00e9rapeutes en r\u00e9adaptation physique.<\/h4>\n\n\n\n<div class=\"wp-block-media-text is-stacked-on-mobile alignwide\" style=\"grid-template-columns:40% auto\"><figure class=\"wp-block-media-text__media\"><a href=\"https:\/\/www.cpa.bmsgroup.com\/\"><img loading=\"lazy\" decoding=\"async\" width=\"614\" height=\"239\" src=\"https:\/\/physiotherapy.ca\/app\/uploads\/2022\/08\/bms_logo_new_2_0_1.jpg\" alt=\"\" class=\"wp-image-7907 size-full\" srcset=\"https:\/\/physiotherapy.ca\/app\/uploads\/2022\/08\/bms_logo_new_2_0_1.jpg 614w, https:\/\/physiotherapy.ca\/app\/uploads\/2022\/08\/bms_logo_new_2_0_1-600x234.jpg 600w, https:\/\/physiotherapy.ca\/app\/uploads\/2022\/08\/bms_logo_new_2_0_1-300x117.jpg 300w, https:\/\/physiotherapy.ca\/app\/uploads\/2022\/08\/bms_logo_new_2_0_1-390x152.jpg 390w\" sizes=\"auto, (max-width: 614px) 100vw, 614px\" \/><\/a><\/figure><div class=\"wp-block-media-text__content\">\n<p>En partenariat avec BMS Canada Services de Risques Lt\u00e9e (BMS), l&#8217;ACP vous offre une assurance responsabilit\u00e9 professionnelle sur mesure \u00e0 une prix comp\u00e9titif, avec des services juridiques sp\u00e9cialis\u00e9s et des services de gestion des risques fond\u00e9s sur les faits.<\/p>\n\n\n\n<p>Nous offrons le plus grand programme de responsabilit\u00e9 professionnelle pour physioth\u00e9rapeutes,&nbsp;assistants\u2011physioth\u00e9rapeutes et th\u00e9rapeutes en r\u00e9adaptation physique&nbsp;au Canada, avec les meilleures garanties.<\/p>\n<\/div><\/div>\n\n\n\n<hr class=\"wp-block-separator has-css-opacity is-style-wide\"\/>\n\n\n\n<div class=\"wp-block-buttons is-layout-flex wp-block-buttons-is-layout-flex\">\n<div class=\"wp-block-button\"><a class=\"wp-block-button__link wp-element-button\" href=\"https:\/\/physiotherapy.ca\/app\/uploads\/2024\/09\/CPA_PLI_Brochure_2024_FR.pdf\" target=\"_blank\" rel=\"noreferrer noopener\">Je suis physioth\u00e9rapeute<\/a><\/div>\n<\/div>\n\n\n\n<div class=\"wp-block-buttons is-layout-flex wp-block-buttons-is-layout-flex\">\n<div class=\"wp-block-button is-style-outline is-style-outline--1\"><a class=\"wp-block-button__link wp-element-button\" href=\"https:\/\/physiotherapy.ca\/app\/uploads\/2024\/09\/CPA_QC_Brochure_2024_FR.pdf\" target=\"_blank\" rel=\"noreferrer noopener\">Je suis professionnel(le) de la physioth\u00e9rapie au Qu\u00e9bec<\/a><\/div>\n<\/div>\n\n\n\n<div class=\"wp-block-buttons is-layout-flex wp-block-buttons-is-layout-flex\">\n<div class=\"wp-block-button\"><a class=\"wp-block-button__link wp-element-button\" href=\"https:\/\/physiotherapy.ca\/app\/uploads\/2024\/09\/CPA_PTA_Brochure_2024_FR.pdf\" target=\"_blank\" rel=\"noreferrer noopener\">Je suis assistant(e)-physioth\u00e9rapeute<\/a><\/div>\n<\/div>\n\n\n\n<p><\/p>\n","protected":false},"excerpt":{"rendered":"<p>Le programme d\u2019assurance&nbsp;de l\u2019ACP est con\u00e7u par les membres, pour les membres pour r\u00e9pondre pr\u00e9cis\u00e9ment aux besoins des physioth\u00e9rapeutes, des assistants-physioth\u00e9rapeutes et des th\u00e9rapeutes en r\u00e9adaptation physique. En partenariat avec BMS Canada Services de Risques Lt\u00e9e (BMS), l&#8217;ACP vous offre [&hellip;]<\/p>\n","protected":false},"author":1,"featured_media":0,"parent":0,"menu_order":0,"comment_status":"closed","ping_status":"closed","template":"","meta":{"inline_featured_image":false,"ep_exclude_from_search":false,"footnotes":""},"topic":[],"class_list":["post-8503","page","type-page","status-publish","hentry"],"acf":[],"yoast_head":"<!-- This site is optimized with the Yoast SEO plugin v24.7 - https:\/\/yoast.com\/wordpress\/plugins\/seo\/ -->\n<title>Assurance responsabilit\u00e9 professionnelle - Canadian Physiotherapy Association<\/title>\n<meta name=\"robots\" content=\"index, follow, max-snippet:-1, max-image-preview:large, max-video-preview:-1\" \/>\n<link rel=\"canonical\" href=\"https:\/\/physiotherapy.ca\/fr\/assurance-responsabilite-professionnelle\/\" \/>\n<meta property=\"og:locale\" content=\"fr_FR\" \/>\n<meta property=\"og:type\" content=\"article\" \/>\n<meta property=\"og:title\" content=\"Assurance responsabilit\u00e9 professionnelle - Canadian Physiotherapy Association\" \/>\n<meta property=\"og:description\" content=\"Le programme d\u2019assurance&nbsp;de l\u2019ACP est con\u00e7u par les membres, pour les membres pour r\u00e9pondre pr\u00e9cis\u00e9ment aux besoins des physioth\u00e9rapeutes, des assistants-physioth\u00e9rapeutes et des th\u00e9rapeutes en r\u00e9adaptation physique. En partenariat avec BMS Canada Services de Risques Lt\u00e9e (BMS), l&#8217;ACP vous offre [&hellip;]\" \/>\n<meta property=\"og:url\" content=\"https:\/\/physiotherapy.ca\/fr\/assurance-responsabilite-professionnelle\/\" \/>\n<meta property=\"og:site_name\" content=\"Canadian Physiotherapy Association\" \/>\n<meta property=\"article:modified_time\" content=\"2024-09-17T20:23:24+00:00\" \/>\n<meta property=\"og:image\" content=\"https:\/\/physiotherapy.ca\/app\/uploads\/2022\/08\/bms_logo_new_2_0_1.jpg\" \/>\n<meta name=\"twitter:card\" content=\"summary_large_image\" \/>\n<meta name=\"twitter:label1\" content=\"Est. reading time\" \/>\n\t<meta name=\"twitter:data1\" content=\"1 minute\" \/>\n<script type=\"application\/ld+json\" class=\"yoast-schema-graph\">{\"@context\":\"https:\/\/schema.org\",\"@graph\":[{\"@type\":\"WebPage\",\"@id\":\"https:\/\/physiotherapy.ca\/fr\/assurance-responsabilite-professionnelle\/\",\"url\":\"https:\/\/physiotherapy.ca\/fr\/assurance-responsabilite-professionnelle\/\",\"name\":\"Assurance responsabilit\u00e9 professionnelle - Canadian Physiotherapy Association\",\"isPartOf\":{\"@id\":\"https:\/\/physiotherapy.ca\/#website\"},\"primaryImageOfPage\":{\"@id\":\"https:\/\/physiotherapy.ca\/fr\/assurance-responsabilite-professionnelle\/#primaryimage\"},\"image\":{\"@id\":\"https:\/\/physiotherapy.ca\/fr\/assurance-responsabilite-professionnelle\/#primaryimage\"},\"thumbnailUrl\":\"https:\/\/physiotherapy.ca\/app\/uploads\/2022\/08\/bms_logo_new_2_0_1.jpg\",\"datePublished\":\"2022-08-15T14:13:59+00:00\",\"dateModified\":\"2024-09-17T20:23:24+00:00\",\"breadcrumb\":{\"@id\":\"https:\/\/physiotherapy.ca\/fr\/assurance-responsabilite-professionnelle\/#breadcrumb\"},\"inLanguage\":\"fr-FR\",\"potentialAction\":[{\"@type\":\"ReadAction\",\"target\":[\"https:\/\/physiotherapy.ca\/fr\/assurance-responsabilite-professionnelle\/\"]}]},{\"@type\":\"ImageObject\",\"inLanguage\":\"fr-FR\",\"@id\":\"https:\/\/physiotherapy.ca\/fr\/assurance-responsabilite-professionnelle\/#primaryimage\",\"url\":\"https:\/\/physiotherapy.ca\/app\/uploads\/2022\/08\/bms_logo_new_2_0_1.jpg\",\"contentUrl\":\"https:\/\/physiotherapy.ca\/app\/uploads\/2022\/08\/bms_logo_new_2_0_1.jpg\"},{\"@type\":\"BreadcrumbList\",\"@id\":\"https:\/\/physiotherapy.ca\/fr\/assurance-responsabilite-professionnelle\/#breadcrumb\",\"itemListElement\":[{\"@type\":\"ListItem\",\"position\":1,\"name\":\"Home\",\"item\":\"https:\/\/physiotherapy.ca\/fr\/\"},{\"@type\":\"ListItem\",\"position\":2,\"name\":\"Assurance responsabilit\u00e9 professionnelle\"}]},{\"@type\":\"WebSite\",\"@id\":\"https:\/\/physiotherapy.ca\/#website\",\"url\":\"https:\/\/physiotherapy.ca\/\",\"name\":\"Canadian Physiotherapy Association\",\"description\":\"The Canadian Physiotherapy Association (CPA) represents over 16,000 physiotherapy professionals and students across Canada.\",\"potentialAction\":[{\"@type\":\"SearchAction\",\"target\":{\"@type\":\"EntryPoint\",\"urlTemplate\":\"https:\/\/physiotherapy.ca\/?s={search_term_string}\"},\"query-input\":{\"@type\":\"PropertyValueSpecification\",\"valueRequired\":true,\"valueName\":\"search_term_string\"}}],\"inLanguage\":\"fr-FR\"}]}<\/script>\n<!-- \/ Yoast SEO plugin. -->","yoast_head_json":{"title":"Assurance responsabilit\u00e9 professionnelle - Canadian Physiotherapy Association","robots":{"index":"index","follow":"follow","max-snippet":"max-snippet:-1","max-image-preview":"max-image-preview:large","max-video-preview":"max-video-preview:-1"},"canonical":"https:\/\/physiotherapy.ca\/fr\/assurance-responsabilite-professionnelle\/","og_locale":"fr_FR","og_type":"article","og_title":"Assurance responsabilit\u00e9 professionnelle - Canadian Physiotherapy Association","og_description":"Le programme d\u2019assurance&nbsp;de l\u2019ACP est con\u00e7u par les membres, pour les membres pour r\u00e9pondre pr\u00e9cis\u00e9ment aux besoins des physioth\u00e9rapeutes, des assistants-physioth\u00e9rapeutes et des th\u00e9rapeutes en r\u00e9adaptation physique. En partenariat avec BMS Canada Services de Risques Lt\u00e9e (BMS), l&#8217;ACP vous offre [&hellip;]","og_url":"https:\/\/physiotherapy.ca\/fr\/assurance-responsabilite-professionnelle\/","og_site_name":"Canadian Physiotherapy Association","article_modified_time":"2024-09-17T20:23:24+00:00","og_image":[{"url":"https:\/\/physiotherapy.ca\/app\/uploads\/2022\/08\/bms_logo_new_2_0_1.jpg","type":"","width":"","height":""}],"twitter_card":"summary_large_image","twitter_misc":{"Est. reading time":"1 minute"},"schema":{"@context":"https:\/\/schema.org","@graph":[{"@type":"WebPage","@id":"https:\/\/physiotherapy.ca\/fr\/assurance-responsabilite-professionnelle\/","url":"https:\/\/physiotherapy.ca\/fr\/assurance-responsabilite-professionnelle\/","name":"Assurance responsabilit\u00e9 professionnelle - Canadian Physiotherapy Association","isPartOf":{"@id":"https:\/\/physiotherapy.ca\/#website"},"primaryImageOfPage":{"@id":"https:\/\/physiotherapy.ca\/fr\/assurance-responsabilite-professionnelle\/#primaryimage"},"image":{"@id":"https:\/\/physiotherapy.ca\/fr\/assurance-responsabilite-professionnelle\/#primaryimage"},"thumbnailUrl":"https:\/\/physiotherapy.ca\/app\/uploads\/2022\/08\/bms_logo_new_2_0_1.jpg","datePublished":"2022-08-15T14:13:59+00:00","dateModified":"2024-09-17T20:23:24+00:00","breadcrumb":{"@id":"https:\/\/physiotherapy.ca\/fr\/assurance-responsabilite-professionnelle\/#breadcrumb"},"inLanguage":"fr-FR","potentialAction":[{"@type":"ReadAction","target":["https:\/\/physiotherapy.ca\/fr\/assurance-responsabilite-professionnelle\/"]}]},{"@type":"ImageObject","inLanguage":"fr-FR","@id":"https:\/\/physiotherapy.ca\/fr\/assurance-responsabilite-professionnelle\/#primaryimage","url":"https:\/\/physiotherapy.ca\/app\/uploads\/2022\/08\/bms_logo_new_2_0_1.jpg","contentUrl":"https:\/\/physiotherapy.ca\/app\/uploads\/2022\/08\/bms_logo_new_2_0_1.jpg"},{"@type":"BreadcrumbList","@id":"https:\/\/physiotherapy.ca\/fr\/assurance-responsabilite-professionnelle\/#breadcrumb","itemListElement":[{"@type":"ListItem","position":1,"name":"Home","item":"https:\/\/physiotherapy.ca\/fr\/"},{"@type":"ListItem","position":2,"name":"Assurance responsabilit\u00e9 professionnelle"}]},{"@type":"WebSite","@id":"https:\/\/physiotherapy.ca\/#website","url":"https:\/\/physiotherapy.ca\/","name":"Canadian Physiotherapy Association","description":"The Canadian Physiotherapy Association (CPA) represents over 16,000 physiotherapy professionals and students across Canada.","potentialAction":[{"@type":"SearchAction","target":{"@type":"EntryPoint","urlTemplate":"https:\/\/physiotherapy.ca\/?s={search_term_string}"},"query-input":{"@type":"PropertyValueSpecification","valueRequired":true,"valueName":"search_term_string"}}],"inLanguage":"fr-FR"}]}},"_links":{"self":[{"href":"https:\/\/physiotherapy.ca\/fr\/wp-json\/wp\/v2\/pages\/8503","targetHints":{"allow":["GET"]}}],"collection":[{"href":"https:\/\/physiotherapy.ca\/fr\/wp-json\/wp\/v2\/pages"}],"about":[{"href":"https:\/\/physiotherapy.ca\/fr\/wp-json\/wp\/v2\/types\/page"}],"author":[{"embeddable":true,"href":"https:\/\/physiotherapy.ca\/fr\/wp-json\/wp\/v2\/users\/1"}],"replies":[{"embeddable":true,"href":"https:\/\/physiotherapy.ca\/fr\/wp-json\/wp\/v2\/comments?post=8503"}],"version-history":[{"count":5,"href":"https:\/\/physiotherapy.ca\/fr\/wp-json\/wp\/v2\/pages\/8503\/revisions"}],"predecessor-version":[{"id":216163,"href":"https:\/\/physiotherapy.ca\/fr\/wp-json\/wp\/v2\/pages\/8503\/revisions\/216163"}],"wp:attachment":[{"href":"https:\/\/physiotherapy.ca\/fr\/wp-json\/wp\/v2\/media?parent=8503"}],"wp:term":[{"taxonomy":"topic","embeddable":true,"href":"https:\/\/physiotherapy.ca\/fr\/wp-json\/wp\/v2\/topic?post=8503"}],"curies":[{"name":"wp","href":"https:\/\/api.w.org\/{rel}","templated":true}]}}