{"id":85037,"date":"2022-12-13T09:20:17","date_gmt":"2022-12-13T14:20:17","guid":{"rendered":"https:\/\/physiotherapy.ca\/?page_id=85037"},"modified":"2022-12-13T12:49:59","modified_gmt":"2022-12-13T17:49:59","slug":"recommandations-de-lacp-pour-lavenir","status":"publish","type":"page","link":"https:\/\/physiotherapy.ca\/fr\/recommandations-de-lacp-pour-lavenir\/","title":{"rendered":"Recommandations de l&#8217;ACP pour l&#8217;avenir"},"content":{"rendered":"\n<p>L\u2019ACP a le plaisir d\u2019annoncer la publication de son rapport et de ses recommandations dans le cadre du projet sur l\u2019avenir des permis. Le rapport \u2013 intitul\u00e9 \u00ab&nbsp;\u00c9valuation des comp\u00e9tences et octroi des permis d\u2019exercice dans le milieu canadien de la physioth\u00e9rapie&nbsp;: recommandations pour l\u2019avenir&nbsp;\u00bb \u2013 pr\u00e9sente des th\u00e8mes et des recommandations \u00e0 la lumi\u00e8re des \u00e9changes avec des membres de l\u2019ACP de tout horizon.<\/p>\n\n\n\n<div class=\"wp-block-buttons is-layout-flex wp-block-buttons-is-layout-flex\"><\/div>\n\n\n\n<figure class=\"wp-block-image size-full is-resized\"><a href=\"https:\/\/physiotherapy.ca\/app\/uploads\/2022\/12\/CPA_RecommendationsReport_FR_v2.pdf\"><img loading=\"lazy\" decoding=\"async\" src=\"https:\/\/physiotherapy.ca\/app\/uploads\/2022\/12\/Annotation-2022-12-13-110318.jpg\" alt=\"\" class=\"wp-image-85066\" width=\"291\" height=\"374\" srcset=\"https:\/\/physiotherapy.ca\/app\/uploads\/2022\/12\/Annotation-2022-12-13-110318.jpg 582w, https:\/\/physiotherapy.ca\/app\/uploads\/2022\/12\/Annotation-2022-12-13-110318-234x300.jpg 234w, https:\/\/physiotherapy.ca\/app\/uploads\/2022\/12\/Annotation-2022-12-13-110318-156x200.jpg 156w\" sizes=\"auto, (max-width: 291px) 100vw, 291px\" \/><\/a><figcaption>Consultez le rapport ici&nbsp;<\/figcaption><\/figure>\n\n\n\n<div class=\"wp-block-buttons is-layout-flex wp-block-buttons-is-layout-flex\">\n<div class=\"wp-block-button\"><a class=\"wp-block-button__link\" href=\"https:\/\/physiotherapy.ca\/app\/uploads\/2022\/12\/ace-cpa-report-2022-09-08_Exec-Summary-FR.pdf\">Annexe B : Rapport ACE<\/a><\/div>\n<\/div>\n\n\n\n<p>Confirmant ce que nous ont r\u00e9v\u00e9l\u00e9 les membres les plus touch\u00e9s par les processus d\u2019octroi des permis d\u2019exercice au Canada ces derni\u00e8res ann\u00e9es, les recommandations sont l\u2019occasion pour le milieu de la physioth\u00e9rapie de collaborer et d\u2019imaginer des processus d\u2019\u00e9valuation et d\u2019octroi plus innovants et plus transparents. C\u2019est avec cette volont\u00e9 de collaboration que nous avons remis le rapport au groupe consultatif d\u2019experts de l\u2019Alliance canadienne des organismes de r\u00e9glementation de la physioth\u00e9rapie (ACORP), qui pr\u00e9pare des recommandations \u00e0 pr\u00e9senter au conseil d\u2019administration de l\u2019ACORP en&nbsp;2023. Il a aussi \u00e9t\u00e9 envoy\u00e9 \u00e0 nos sections provinciales, aux organisations membres du GNCP et aux organismes canadiens de r\u00e9glementation de la physioth\u00e9rapie.<\/p>\n\n\n\n<p>Nous sommes immens\u00e9ment reconnaissants envers tous les membres qui ont offert leur temps ou leur perspective dans le cadre du projet&nbsp;: participants du groupe de travail; \u00e9tudiants, r\u00e9sidents et dipl\u00f4m\u00e9s en physioth\u00e9rapie; physioth\u00e9rapeutes form\u00e9s \u00e0 l\u2019\u00e9tranger; physioth\u00e9rapeutes nouvellement titulaires d\u2019un permis; physioth\u00e9rapeutes d\u2019exp\u00e9rience; etc.<\/p>\n\n\n\n<p>Nous sommes conscients des incertitudes, des tensions et des inqui\u00e9tudes qu\u2019a connues la profession ces derni\u00e8res ann\u00e9es. Notre objectif tout au long de ce projet a \u00e9t\u00e9 de faire entendre votre point de vue, notamment aupr\u00e8s des organismes de r\u00e9glementation, qui r\u00e9fl\u00e9chissent \u00e0 un nouveau mod\u00e8le d\u2019\u00e9valuation des comp\u00e9tences pour l\u2019octroi des permis d\u2019exercice de la physioth\u00e9rapie au Canada.<\/p>\n","protected":false},"excerpt":{"rendered":"<p>L\u2019ACP a le plaisir d\u2019annoncer la publication de son rapport et de ses recommandations dans le cadre du projet sur l\u2019avenir des permis. Le rapport \u2013 intitul\u00e9 \u00ab&nbsp;\u00c9valuation des comp\u00e9tences et octroi des permis d\u2019exercice dans le milieu canadien de [&hellip;]<\/p>\n","protected":false},"author":2792,"featured_media":0,"parent":0,"menu_order":0,"comment_status":"closed","ping_status":"closed","template":"","meta":{"inline_featured_image":false,"ep_exclude_from_search":false,"footnotes":""},"topic":[],"class_list":["post-85037","page","type-page","status-publish","hentry"],"acf":[],"yoast_head":"<!-- This site is optimized with the Yoast SEO plugin v24.7 - https:\/\/yoast.com\/wordpress\/plugins\/seo\/ -->\n<title>Recommandations de l&#039;ACP pour l&#039;avenir - Canadian Physiotherapy Association<\/title>\n<meta name=\"robots\" content=\"index, follow, max-snippet:-1, max-image-preview:large, max-video-preview:-1\" \/>\n<link rel=\"canonical\" href=\"https:\/\/physiotherapy.ca\/fr\/recommandations-de-lacp-pour-lavenir\/\" \/>\n<meta property=\"og:locale\" content=\"fr_FR\" \/>\n<meta property=\"og:type\" content=\"article\" \/>\n<meta property=\"og:title\" content=\"Recommandations de l&#039;ACP pour l&#039;avenir - Canadian Physiotherapy Association\" \/>\n<meta property=\"og:description\" content=\"L\u2019ACP a le plaisir d\u2019annoncer la publication de son rapport et de ses recommandations dans le cadre du projet sur l\u2019avenir des permis. Le rapport \u2013 intitul\u00e9 \u00ab&nbsp;\u00c9valuation des comp\u00e9tences et octroi des permis d\u2019exercice dans le milieu canadien de [&hellip;]\" \/>\n<meta property=\"og:url\" content=\"https:\/\/physiotherapy.ca\/fr\/recommandations-de-lacp-pour-lavenir\/\" \/>\n<meta property=\"og:site_name\" content=\"Canadian Physiotherapy Association\" \/>\n<meta property=\"article:modified_time\" content=\"2022-12-13T17:49:59+00:00\" \/>\n<meta property=\"og:image\" content=\"https:\/\/physiotherapy.ca\/app\/uploads\/2022\/12\/Annotation-2022-12-13-110318.jpg\" \/>\n<meta name=\"twitter:card\" content=\"summary_large_image\" \/>\n<meta name=\"twitter:label1\" content=\"Est. reading time\" \/>\n\t<meta name=\"twitter:data1\" content=\"2 minutes\" \/>\n<script type=\"application\/ld+json\" class=\"yoast-schema-graph\">{\"@context\":\"https:\/\/schema.org\",\"@graph\":[{\"@type\":\"WebPage\",\"@id\":\"https:\/\/physiotherapy.ca\/fr\/recommandations-de-lacp-pour-lavenir\/\",\"url\":\"https:\/\/physiotherapy.ca\/fr\/recommandations-de-lacp-pour-lavenir\/\",\"name\":\"Recommandations de l'ACP pour l'avenir - Canadian Physiotherapy Association\",\"isPartOf\":{\"@id\":\"https:\/\/physiotherapy.ca\/#website\"},\"primaryImageOfPage\":{\"@id\":\"https:\/\/physiotherapy.ca\/fr\/recommandations-de-lacp-pour-lavenir\/#primaryimage\"},\"image\":{\"@id\":\"https:\/\/physiotherapy.ca\/fr\/recommandations-de-lacp-pour-lavenir\/#primaryimage\"},\"thumbnailUrl\":\"https:\/\/physiotherapy.ca\/app\/uploads\/2022\/12\/Annotation-2022-12-13-110318.jpg\",\"datePublished\":\"2022-12-13T14:20:17+00:00\",\"dateModified\":\"2022-12-13T17:49:59+00:00\",\"breadcrumb\":{\"@id\":\"https:\/\/physiotherapy.ca\/fr\/recommandations-de-lacp-pour-lavenir\/#breadcrumb\"},\"inLanguage\":\"fr-FR\",\"potentialAction\":[{\"@type\":\"ReadAction\",\"target\":[\"https:\/\/physiotherapy.ca\/fr\/recommandations-de-lacp-pour-lavenir\/\"]}]},{\"@type\":\"ImageObject\",\"inLanguage\":\"fr-FR\",\"@id\":\"https:\/\/physiotherapy.ca\/fr\/recommandations-de-lacp-pour-lavenir\/#primaryimage\",\"url\":\"https:\/\/physiotherapy.ca\/app\/uploads\/2022\/12\/Annotation-2022-12-13-110318.jpg\",\"contentUrl\":\"https:\/\/physiotherapy.ca\/app\/uploads\/2022\/12\/Annotation-2022-12-13-110318.jpg\"},{\"@type\":\"BreadcrumbList\",\"@id\":\"https:\/\/physiotherapy.ca\/fr\/recommandations-de-lacp-pour-lavenir\/#breadcrumb\",\"itemListElement\":[{\"@type\":\"ListItem\",\"position\":1,\"name\":\"Home\",\"item\":\"https:\/\/physiotherapy.ca\/fr\/\"},{\"@type\":\"ListItem\",\"position\":2,\"name\":\"Recommandations de l&#8217;ACP pour l&#8217;avenir\"}]},{\"@type\":\"WebSite\",\"@id\":\"https:\/\/physiotherapy.ca\/#website\",\"url\":\"https:\/\/physiotherapy.ca\/\",\"name\":\"Canadian Physiotherapy Association\",\"description\":\"The Canadian Physiotherapy Association (CPA) represents over 16,000 physiotherapy professionals and students across Canada.\",\"potentialAction\":[{\"@type\":\"SearchAction\",\"target\":{\"@type\":\"EntryPoint\",\"urlTemplate\":\"https:\/\/physiotherapy.ca\/?s={search_term_string}\"},\"query-input\":{\"@type\":\"PropertyValueSpecification\",\"valueRequired\":true,\"valueName\":\"search_term_string\"}}],\"inLanguage\":\"fr-FR\"}]}<\/script>\n<!-- \/ Yoast SEO plugin. -->","yoast_head_json":{"title":"Recommandations de l'ACP pour l'avenir - Canadian Physiotherapy Association","robots":{"index":"index","follow":"follow","max-snippet":"max-snippet:-1","max-image-preview":"max-image-preview:large","max-video-preview":"max-video-preview:-1"},"canonical":"https:\/\/physiotherapy.ca\/fr\/recommandations-de-lacp-pour-lavenir\/","og_locale":"fr_FR","og_type":"article","og_title":"Recommandations de l'ACP pour l'avenir - Canadian Physiotherapy Association","og_description":"L\u2019ACP a le plaisir d\u2019annoncer la publication de son rapport et de ses recommandations dans le cadre du projet sur l\u2019avenir des permis. Le rapport \u2013 intitul\u00e9 \u00ab&nbsp;\u00c9valuation des comp\u00e9tences et octroi des permis d\u2019exercice dans le milieu canadien de [&hellip;]","og_url":"https:\/\/physiotherapy.ca\/fr\/recommandations-de-lacp-pour-lavenir\/","og_site_name":"Canadian Physiotherapy Association","article_modified_time":"2022-12-13T17:49:59+00:00","og_image":[{"url":"https:\/\/physiotherapy.ca\/app\/uploads\/2022\/12\/Annotation-2022-12-13-110318.jpg","type":"","width":"","height":""}],"twitter_card":"summary_large_image","twitter_misc":{"Est. reading time":"2 minutes"},"schema":{"@context":"https:\/\/schema.org","@graph":[{"@type":"WebPage","@id":"https:\/\/physiotherapy.ca\/fr\/recommandations-de-lacp-pour-lavenir\/","url":"https:\/\/physiotherapy.ca\/fr\/recommandations-de-lacp-pour-lavenir\/","name":"Recommandations de l'ACP pour l'avenir - Canadian Physiotherapy Association","isPartOf":{"@id":"https:\/\/physiotherapy.ca\/#website"},"primaryImageOfPage":{"@id":"https:\/\/physiotherapy.ca\/fr\/recommandations-de-lacp-pour-lavenir\/#primaryimage"},"image":{"@id":"https:\/\/physiotherapy.ca\/fr\/recommandations-de-lacp-pour-lavenir\/#primaryimage"},"thumbnailUrl":"https:\/\/physiotherapy.ca\/app\/uploads\/2022\/12\/Annotation-2022-12-13-110318.jpg","datePublished":"2022-12-13T14:20:17+00:00","dateModified":"2022-12-13T17:49:59+00:00","breadcrumb":{"@id":"https:\/\/physiotherapy.ca\/fr\/recommandations-de-lacp-pour-lavenir\/#breadcrumb"},"inLanguage":"fr-FR","potentialAction":[{"@type":"ReadAction","target":["https:\/\/physiotherapy.ca\/fr\/recommandations-de-lacp-pour-lavenir\/"]}]},{"@type":"ImageObject","inLanguage":"fr-FR","@id":"https:\/\/physiotherapy.ca\/fr\/recommandations-de-lacp-pour-lavenir\/#primaryimage","url":"https:\/\/physiotherapy.ca\/app\/uploads\/2022\/12\/Annotation-2022-12-13-110318.jpg","contentUrl":"https:\/\/physiotherapy.ca\/app\/uploads\/2022\/12\/Annotation-2022-12-13-110318.jpg"},{"@type":"BreadcrumbList","@id":"https:\/\/physiotherapy.ca\/fr\/recommandations-de-lacp-pour-lavenir\/#breadcrumb","itemListElement":[{"@type":"ListItem","position":1,"name":"Home","item":"https:\/\/physiotherapy.ca\/fr\/"},{"@type":"ListItem","position":2,"name":"Recommandations de l&#8217;ACP pour l&#8217;avenir"}]},{"@type":"WebSite","@id":"https:\/\/physiotherapy.ca\/#website","url":"https:\/\/physiotherapy.ca\/","name":"Canadian Physiotherapy Association","description":"The Canadian Physiotherapy Association (CPA) represents over 16,000 physiotherapy professionals and students across Canada.","potentialAction":[{"@type":"SearchAction","target":{"@type":"EntryPoint","urlTemplate":"https:\/\/physiotherapy.ca\/?s={search_term_string}"},"query-input":{"@type":"PropertyValueSpecification","valueRequired":true,"valueName":"search_term_string"}}],"inLanguage":"fr-FR"}]}},"_links":{"self":[{"href":"https:\/\/physiotherapy.ca\/fr\/wp-json\/wp\/v2\/pages\/85037","targetHints":{"allow":["GET"]}}],"collection":[{"href":"https:\/\/physiotherapy.ca\/fr\/wp-json\/wp\/v2\/pages"}],"about":[{"href":"https:\/\/physiotherapy.ca\/fr\/wp-json\/wp\/v2\/types\/page"}],"author":[{"embeddable":true,"href":"https:\/\/physiotherapy.ca\/fr\/wp-json\/wp\/v2\/users\/2792"}],"replies":[{"embeddable":true,"href":"https:\/\/physiotherapy.ca\/fr\/wp-json\/wp\/v2\/comments?post=85037"}],"version-history":[{"count":4,"href":"https:\/\/physiotherapy.ca\/fr\/wp-json\/wp\/v2\/pages\/85037\/revisions"}],"predecessor-version":[{"id":85098,"href":"https:\/\/physiotherapy.ca\/fr\/wp-json\/wp\/v2\/pages\/85037\/revisions\/85098"}],"wp:attachment":[{"href":"https:\/\/physiotherapy.ca\/fr\/wp-json\/wp\/v2\/media?parent=85037"}],"wp:term":[{"taxonomy":"topic","embeddable":true,"href":"https:\/\/physiotherapy.ca\/fr\/wp-json\/wp\/v2\/topic?post=85037"}],"curies":[{"name":"wp","href":"https:\/\/api.w.org\/{rel}","templated":true}]}}