{"id":8521,"date":"2022-08-15T10:31:16","date_gmt":"2022-08-15T14:31:16","guid":{"rendered":"https:\/\/physiotherapy.ca\/?page_id=8521"},"modified":"2022-08-15T11:19:13","modified_gmt":"2022-08-15T15:19:13","slug":"johnson-home-auto-insurance","status":"publish","type":"page","link":"https:\/\/physiotherapy.ca\/fr\/johnson-home-auto-insurance\/","title":{"rendered":"Johnson Assurance Habitation &#8211; Auto"},"content":{"rendered":"\n<h4 class=\"wp-block-heading\">Johnson propose des assurances automobile et habitation con\u00e7ues pour vous faire \u00e9conomiser.<\/h4>\n\n\n\n<div class=\"wp-block-media-text alignwide is-stacked-on-mobile is-vertically-aligned-top\" style=\"grid-template-columns:30% auto\"><figure class=\"wp-block-media-text__media\"><a href=\"https:\/\/cpa.johnson.ca\/\"><img loading=\"lazy\" decoding=\"async\" width=\"979\" height=\"561\" src=\"https:\/\/physiotherapy.ca\/app\/uploads\/2022\/08\/johnson_assurance_hc_full_colour_cmyk_2018.jpg\" alt=\"\" class=\"wp-image-8522 size-full\" srcset=\"https:\/\/physiotherapy.ca\/app\/uploads\/2022\/08\/johnson_assurance_hc_full_colour_cmyk_2018.jpg 979w, https:\/\/physiotherapy.ca\/app\/uploads\/2022\/08\/johnson_assurance_hc_full_colour_cmyk_2018-600x344.jpg 600w, https:\/\/physiotherapy.ca\/app\/uploads\/2022\/08\/johnson_assurance_hc_full_colour_cmyk_2018-300x172.jpg 300w, https:\/\/physiotherapy.ca\/app\/uploads\/2022\/08\/johnson_assurance_hc_full_colour_cmyk_2018-768x440.jpg 768w, https:\/\/physiotherapy.ca\/app\/uploads\/2022\/08\/johnson_assurance_hc_full_colour_cmyk_2018-349x200.jpg 349w\" sizes=\"auto, (max-width: 979px) 100vw, 979px\" \/><\/a><\/figure><div class=\"wp-block-media-text__content\">\n<div class=\"wp-block-columns is-layout-flex wp-container-core-columns-is-layout-1 wp-block-columns-is-layout-flex\">\n<div class=\"wp-block-column is-layout-flow wp-block-column-is-layout-flow\">\n<h3 class=\"wp-block-heading\">Habitation<\/h3>\n\n\n\n<ul class=\"wp-block-list\"><li>Franchises avantageuses<\/li><li>Vol d\u2019identit\u00e9 et restauration<\/li><li>Avantages exclusifs pour les personnes de 50&nbsp;ans et plus<\/li><li>Service de r\u00e9clamation ouvert en tout temps<\/li><\/ul>\n<\/div>\n\n\n\n<div class=\"wp-block-column is-layout-flow wp-block-column-is-layout-flow\">\n<h3 class=\"wp-block-heading\">Automobile<\/h3>\n\n\n\n<ul class=\"wp-block-list\"><li>Pardon du premier&nbsp;accident<\/li><li>Compensation pour amortissement<\/li><li>Assistance routi\u00e8re<\/li><li>Service de r\u00e9clamation ouvert en tout temps<\/li><\/ul>\n<\/div>\n<\/div>\n\n\n\n<div class=\"wp-block-buttons is-layout-flex wp-block-buttons-is-layout-flex\">\n<div class=\"wp-block-button\"><a class=\"wp-block-button__link\" href=\"https:\/\/cpa.johnson.ca\/\">En savoir plus<\/a><\/div>\n<\/div>\n<\/div><\/div>\n\n\n\n<figure class=\"wp-block-image\"><img decoding=\"async\" src=\"blob:https:\/\/physiotherapy.ca\/80c521ab-0a6a-40c9-9a74-eea02678e300\" alt=\"\"\/><\/figure>\n\n\n\n<hr class=\"wp-block-separator is-style-wide\"\/>\n\n\n\n<p class=\"has-small-font-size\">*Cette page contient des liens vers des sites qui ne sont pas g\u00e9r\u00e9s par l\u2019ACP qui fournissent de l\u2019information suppl\u00e9mentaire sur les services offerts et \u00e0 partir desquels des produits et des services peuvent \u00eatre mis \u00e0 votre disposition. En cliquant sur ces liens,&nbsp;vous allez quitter le site physiotherapy.ca&nbsp;et entrer sur un site qui n\u2019est pas g\u00e9r\u00e9 par l\u2019ACP. Ces liens sont fournis exclusivement pour votre commodit\u00e9 et&nbsp;l\u2019inclusion d\u2019un lien ne signifie aucunement que l\u2019ACP a approuv\u00e9, valid\u00e9 ou v\u00e9rifi\u00e9 lesdits sites, les renseignements contenus sur ces derniers ou leurs politiques quant \u00e0 la protection de la vie priv\u00e9e et de la s\u00e9curit\u00e9. Si vous d\u00e9cidez d\u2019acc\u00e9der \u00e0 de tels sites qui ne sont pas g\u00e9r\u00e9s par l\u2019ACP ou d\u2019acheter des produits ou des services des propri\u00e9taires ou des exploitants de ces sites, vous le faites \u00e0 vos propres risques, et l\u2019ACP n\u2019est aucunement responsable envers vous pour un tel acc\u00e8s ou achat.<\/p>\n","protected":false},"excerpt":{"rendered":"<p>Johnson propose des assurances automobile et habitation con\u00e7ues pour vous faire \u00e9conomiser. *Cette page contient des liens vers des sites qui ne sont pas g\u00e9r\u00e9s par l\u2019ACP qui fournissent de l\u2019information suppl\u00e9mentaire sur les services offerts et \u00e0 partir desquels [&hellip;]<\/p>\n","protected":false},"author":1,"featured_media":0,"parent":0,"menu_order":0,"comment_status":"closed","ping_status":"closed","template":"","meta":{"inline_featured_image":false,"ep_exclude_from_search":false,"footnotes":""},"topic":[],"class_list":["post-8521","page","type-page","status-publish","hentry"],"acf":[],"yoast_head":"<!-- This site is optimized with the Yoast SEO plugin v24.7 - https:\/\/yoast.com\/wordpress\/plugins\/seo\/ -->\n<title>Johnson Assurance Habitation - Auto - Canadian Physiotherapy Association<\/title>\n<meta name=\"robots\" content=\"index, follow, max-snippet:-1, max-image-preview:large, max-video-preview:-1\" \/>\n<link rel=\"canonical\" href=\"https:\/\/physiotherapy.ca\/fr\/johnson-home-auto-insurance\/\" \/>\n<meta property=\"og:locale\" content=\"fr_FR\" \/>\n<meta property=\"og:type\" content=\"article\" \/>\n<meta property=\"og:title\" content=\"Johnson Assurance Habitation - Auto - Canadian Physiotherapy Association\" \/>\n<meta property=\"og:description\" content=\"Johnson propose des assurances automobile et habitation con\u00e7ues pour vous faire \u00e9conomiser. *Cette page contient des liens vers des sites qui ne sont pas g\u00e9r\u00e9s par l\u2019ACP qui fournissent de l\u2019information suppl\u00e9mentaire sur les services offerts et \u00e0 partir desquels [&hellip;]\" \/>\n<meta property=\"og:url\" content=\"https:\/\/physiotherapy.ca\/fr\/johnson-home-auto-insurance\/\" \/>\n<meta property=\"og:site_name\" content=\"Canadian Physiotherapy Association\" \/>\n<meta property=\"article:modified_time\" content=\"2022-08-15T15:19:13+00:00\" \/>\n<meta property=\"og:image\" content=\"https:\/\/physiotherapy.ca\/app\/uploads\/2022\/08\/johnson_assurance_hc_full_colour_cmyk_2018.jpg\" \/>\n<meta name=\"twitter:card\" content=\"summary_large_image\" \/>\n<meta name=\"twitter:label1\" content=\"Est. reading time\" \/>\n\t<meta name=\"twitter:data1\" content=\"2 minutes\" \/>\n<script type=\"application\/ld+json\" class=\"yoast-schema-graph\">{\"@context\":\"https:\/\/schema.org\",\"@graph\":[{\"@type\":\"WebPage\",\"@id\":\"https:\/\/physiotherapy.ca\/fr\/johnson-home-auto-insurance\/\",\"url\":\"https:\/\/physiotherapy.ca\/fr\/johnson-home-auto-insurance\/\",\"name\":\"Johnson Assurance Habitation - Auto - Canadian Physiotherapy Association\",\"isPartOf\":{\"@id\":\"https:\/\/physiotherapy.ca\/#website\"},\"primaryImageOfPage\":{\"@id\":\"https:\/\/physiotherapy.ca\/fr\/johnson-home-auto-insurance\/#primaryimage\"},\"image\":{\"@id\":\"https:\/\/physiotherapy.ca\/fr\/johnson-home-auto-insurance\/#primaryimage\"},\"thumbnailUrl\":\"https:\/\/physiotherapy.ca\/app\/uploads\/2022\/08\/johnson_assurance_hc_full_colour_cmyk_2018.jpg\",\"datePublished\":\"2022-08-15T14:31:16+00:00\",\"dateModified\":\"2022-08-15T15:19:13+00:00\",\"breadcrumb\":{\"@id\":\"https:\/\/physiotherapy.ca\/fr\/johnson-home-auto-insurance\/#breadcrumb\"},\"inLanguage\":\"fr-FR\",\"potentialAction\":[{\"@type\":\"ReadAction\",\"target\":[\"https:\/\/physiotherapy.ca\/fr\/johnson-home-auto-insurance\/\"]}]},{\"@type\":\"ImageObject\",\"inLanguage\":\"fr-FR\",\"@id\":\"https:\/\/physiotherapy.ca\/fr\/johnson-home-auto-insurance\/#primaryimage\",\"url\":\"https:\/\/physiotherapy.ca\/app\/uploads\/2022\/08\/johnson_assurance_hc_full_colour_cmyk_2018.jpg\",\"contentUrl\":\"https:\/\/physiotherapy.ca\/app\/uploads\/2022\/08\/johnson_assurance_hc_full_colour_cmyk_2018.jpg\"},{\"@type\":\"BreadcrumbList\",\"@id\":\"https:\/\/physiotherapy.ca\/fr\/johnson-home-auto-insurance\/#breadcrumb\",\"itemListElement\":[{\"@type\":\"ListItem\",\"position\":1,\"name\":\"Home\",\"item\":\"https:\/\/physiotherapy.ca\/fr\/\"},{\"@type\":\"ListItem\",\"position\":2,\"name\":\"Johnson Assurance Habitation &#8211; Auto\"}]},{\"@type\":\"WebSite\",\"@id\":\"https:\/\/physiotherapy.ca\/#website\",\"url\":\"https:\/\/physiotherapy.ca\/\",\"name\":\"Canadian Physiotherapy Association\",\"description\":\"The Canadian Physiotherapy Association (CPA) represents over 16,000 physiotherapy professionals and students across Canada.\",\"potentialAction\":[{\"@type\":\"SearchAction\",\"target\":{\"@type\":\"EntryPoint\",\"urlTemplate\":\"https:\/\/physiotherapy.ca\/?s={search_term_string}\"},\"query-input\":{\"@type\":\"PropertyValueSpecification\",\"valueRequired\":true,\"valueName\":\"search_term_string\"}}],\"inLanguage\":\"fr-FR\"}]}<\/script>\n<!-- \/ Yoast SEO plugin. -->","yoast_head_json":{"title":"Johnson Assurance Habitation - Auto - Canadian Physiotherapy Association","robots":{"index":"index","follow":"follow","max-snippet":"max-snippet:-1","max-image-preview":"max-image-preview:large","max-video-preview":"max-video-preview:-1"},"canonical":"https:\/\/physiotherapy.ca\/fr\/johnson-home-auto-insurance\/","og_locale":"fr_FR","og_type":"article","og_title":"Johnson Assurance Habitation - Auto - Canadian Physiotherapy Association","og_description":"Johnson propose des assurances automobile et habitation con\u00e7ues pour vous faire \u00e9conomiser. *Cette page contient des liens vers des sites qui ne sont pas g\u00e9r\u00e9s par l\u2019ACP qui fournissent de l\u2019information suppl\u00e9mentaire sur les services offerts et \u00e0 partir desquels [&hellip;]","og_url":"https:\/\/physiotherapy.ca\/fr\/johnson-home-auto-insurance\/","og_site_name":"Canadian Physiotherapy Association","article_modified_time":"2022-08-15T15:19:13+00:00","og_image":[{"url":"https:\/\/physiotherapy.ca\/app\/uploads\/2022\/08\/johnson_assurance_hc_full_colour_cmyk_2018.jpg","type":"","width":"","height":""}],"twitter_card":"summary_large_image","twitter_misc":{"Est. reading time":"2 minutes"},"schema":{"@context":"https:\/\/schema.org","@graph":[{"@type":"WebPage","@id":"https:\/\/physiotherapy.ca\/fr\/johnson-home-auto-insurance\/","url":"https:\/\/physiotherapy.ca\/fr\/johnson-home-auto-insurance\/","name":"Johnson Assurance Habitation - Auto - Canadian Physiotherapy Association","isPartOf":{"@id":"https:\/\/physiotherapy.ca\/#website"},"primaryImageOfPage":{"@id":"https:\/\/physiotherapy.ca\/fr\/johnson-home-auto-insurance\/#primaryimage"},"image":{"@id":"https:\/\/physiotherapy.ca\/fr\/johnson-home-auto-insurance\/#primaryimage"},"thumbnailUrl":"https:\/\/physiotherapy.ca\/app\/uploads\/2022\/08\/johnson_assurance_hc_full_colour_cmyk_2018.jpg","datePublished":"2022-08-15T14:31:16+00:00","dateModified":"2022-08-15T15:19:13+00:00","breadcrumb":{"@id":"https:\/\/physiotherapy.ca\/fr\/johnson-home-auto-insurance\/#breadcrumb"},"inLanguage":"fr-FR","potentialAction":[{"@type":"ReadAction","target":["https:\/\/physiotherapy.ca\/fr\/johnson-home-auto-insurance\/"]}]},{"@type":"ImageObject","inLanguage":"fr-FR","@id":"https:\/\/physiotherapy.ca\/fr\/johnson-home-auto-insurance\/#primaryimage","url":"https:\/\/physiotherapy.ca\/app\/uploads\/2022\/08\/johnson_assurance_hc_full_colour_cmyk_2018.jpg","contentUrl":"https:\/\/physiotherapy.ca\/app\/uploads\/2022\/08\/johnson_assurance_hc_full_colour_cmyk_2018.jpg"},{"@type":"BreadcrumbList","@id":"https:\/\/physiotherapy.ca\/fr\/johnson-home-auto-insurance\/#breadcrumb","itemListElement":[{"@type":"ListItem","position":1,"name":"Home","item":"https:\/\/physiotherapy.ca\/fr\/"},{"@type":"ListItem","position":2,"name":"Johnson Assurance Habitation &#8211; Auto"}]},{"@type":"WebSite","@id":"https:\/\/physiotherapy.ca\/#website","url":"https:\/\/physiotherapy.ca\/","name":"Canadian Physiotherapy Association","description":"The Canadian Physiotherapy Association (CPA) represents over 16,000 physiotherapy professionals and students across Canada.","potentialAction":[{"@type":"SearchAction","target":{"@type":"EntryPoint","urlTemplate":"https:\/\/physiotherapy.ca\/?s={search_term_string}"},"query-input":{"@type":"PropertyValueSpecification","valueRequired":true,"valueName":"search_term_string"}}],"inLanguage":"fr-FR"}]}},"_links":{"self":[{"href":"https:\/\/physiotherapy.ca\/fr\/wp-json\/wp\/v2\/pages\/8521","targetHints":{"allow":["GET"]}}],"collection":[{"href":"https:\/\/physiotherapy.ca\/fr\/wp-json\/wp\/v2\/pages"}],"about":[{"href":"https:\/\/physiotherapy.ca\/fr\/wp-json\/wp\/v2\/types\/page"}],"author":[{"embeddable":true,"href":"https:\/\/physiotherapy.ca\/fr\/wp-json\/wp\/v2\/users\/1"}],"replies":[{"embeddable":true,"href":"https:\/\/physiotherapy.ca\/fr\/wp-json\/wp\/v2\/comments?post=8521"}],"version-history":[{"count":2,"href":"https:\/\/physiotherapy.ca\/fr\/wp-json\/wp\/v2\/pages\/8521\/revisions"}],"predecessor-version":[{"id":8547,"href":"https:\/\/physiotherapy.ca\/fr\/wp-json\/wp\/v2\/pages\/8521\/revisions\/8547"}],"wp:attachment":[{"href":"https:\/\/physiotherapy.ca\/fr\/wp-json\/wp\/v2\/media?parent=8521"}],"wp:term":[{"taxonomy":"topic","embeddable":true,"href":"https:\/\/physiotherapy.ca\/fr\/wp-json\/wp\/v2\/topic?post=8521"}],"curies":[{"name":"wp","href":"https:\/\/api.w.org\/{rel}","templated":true}]}}