{"id":8600,"date":"2022-08-15T13:15:17","date_gmt":"2022-08-15T17:15:17","guid":{"rendered":"https:\/\/physiotherapy.ca\/?page_id=8600"},"modified":"2026-02-25T09:55:03","modified_gmt":"2026-02-25T14:55:03","slug":"les-prix-de-lacp","status":"publish","type":"page","link":"https:\/\/physiotherapy.ca\/fr\/membership-fr\/prix-de-lacp\/les-prix-de-lacp\/","title":{"rendered":"Les Prix de l\u2019ACP"},"content":{"rendered":"\n<h3 class=\"wp-block-heading\">Le programme des Prix de l\u2019ACP reconna\u00eet les membres de l\u2019ACP qui ont contribu\u00e9 de mani\u00e8re exceptionnelle \u00e0 la profession.<\/h3>\n\n\n\n<figure class=\"wp-block-image size-large\"><img loading=\"lazy\" decoding=\"async\" width=\"1024\" height=\"256\" src=\"https:\/\/physiotherapy.ca\/app\/uploads\/2025\/10\/CPA-awards-banner_2025-1024x256.png\" alt=\"\" class=\"wp-image-278472\" srcset=\"https:\/\/physiotherapy.ca\/app\/uploads\/2025\/10\/CPA-awards-banner_2025-1024x256.png 1024w, https:\/\/physiotherapy.ca\/app\/uploads\/2025\/10\/CPA-awards-banner_2025-300x75.png 300w, https:\/\/physiotherapy.ca\/app\/uploads\/2025\/10\/CPA-awards-banner_2025-768x192.png 768w, https:\/\/physiotherapy.ca\/app\/uploads\/2025\/10\/CPA-awards-banner_2025-1536x384.png 1536w, https:\/\/physiotherapy.ca\/app\/uploads\/2025\/10\/CPA-awards-banner_2025-390x98.png 390w, https:\/\/physiotherapy.ca\/app\/uploads\/2025\/10\/CPA-awards-banner_2025-600x150.png 600w, https:\/\/physiotherapy.ca\/app\/uploads\/2025\/10\/CPA-awards-banner_2025.png 1584w\" sizes=\"auto, (max-width: 1024px) 100vw, 1024px\" \/><\/figure>\n\n\n\n<h2 class=\"wp-block-heading has-text-align-center\">Laur\u00e9ats des Prix de l&#8217;ACP 2025<\/h2>\n\n\n\n<p>L\u2019Association canadienne de physioth\u00e9rapie est fi\u00e8re d\u2019annoncer les laur\u00e9ats de cette ann\u00e9e des Prix de l\u2019ACP 2025! Nos prix annuels reconnaissent les membres qui ont apport\u00e9 une contribution remarquable \u00e0 notre profession.<\/p>\n\n\n\n<p>Comme chaque ann\u00e9e, nous avons re\u00e7u d\u2019excellentes candidatures pour les Prix de l\u2019ACP. Ce fut une r\u00e9flexion approfondie, car nous nous sommes rendu compte de la chance qu\u2019ont les Canadiens d\u2019avoir des physioth\u00e9rapeutes aussi accomplis qui s\u2019occupent de leur bien-\u00eatre.<\/p>\n\n\n\n<p>L\u2019Association canadienne de physioth\u00e9rapie et sa communaut\u00e9 sont fi\u00e8res de f\u00e9liciter les laur\u00e9ats de cette ann\u00e9e, qui continuent d\u2019aider et d\u2019inspirer les gens autour d\u2019eux.<\/p>\n\n\n\n<div class=\"wp-block-buttons is-content-justification-center is-layout-flex wp-container-core-buttons-is-layout-1 wp-block-buttons-is-layout-flex\">\n<div class=\"wp-block-button\"><a class=\"wp-block-button__link wp-element-button\" href=\"https:\/\/physiotherapy.ca\/app\/uploads\/2026\/02\/2025-CPA-Awards-Recipients_FR_Final.pdf\"><strong>D\u00e9couvrez les laur\u00e9ats des Prix de l\u2019ACP&nbsp;202<\/strong>5<\/a><\/div>\n<\/div>\n\n\n\n<hr class=\"wp-block-separator has-alpha-channel-opacity is-style-wide\"\/>\n\n\n\n<div class=\"wp-block-columns is-layout-flex wp-container-core-columns-is-layout-1 wp-block-columns-is-layout-flex\">\n<div class=\"wp-block-column is-layout-flow wp-block-column-is-layout-flow\">\n<h3 class=\"wp-block-heading\">Conf\u00e9rence comm\u00e9morative Enid-Graham<\/h3>\n\n\n\n<p>Il s\u2019agit du prix le plus prestigieux d\u00e9cern\u00e9 par l\u2019ACP. Le laur\u00e9at, r\u00e9compens\u00e9 pour ses ann\u00e9es d\u2019excellence dans la profession, pr\u00e9sente un discours sur le sujet de son choix pendant le congr\u00e8s.<\/p>\n\n\n\n<div class=\"wp-block-buttons is-layout-flex wp-block-buttons-is-layout-flex\">\n<div class=\"wp-block-button\"><a class=\"wp-block-button__link wp-element-button\" href=\"https:\/\/physiotherapy.ca\/fr\/membership-fr\/prix-de-lacp\/conference-commemorative-enid-graham\/\">En savoir plus<\/a><\/div>\n<\/div>\n\n\n\n<h3 class=\"wp-block-heading\">Prix de membre \u00e0 vie<\/h3>\n\n\n\n<p>Le titre de membre \u00e0 vie est pr\u00e9sent\u00e9 \u00e0 un membre ancien ou actuel de l\u2019ACP qui a contribu\u00e9 \u00e0 la croissance de la profession par un minimum de 25&nbsp;ans de service \u00e0 l\u2019\u00e9chelle locale ou nationale.<\/p>\n\n\n\n<p><a href=\"https:\/\/physiotherapy.ca\/app\/uploads\/2025\/10\/PRIX-DE-MEMBRE-A-VIE-DE-LACP.pdf\" target=\"_blank\" rel=\"noreferrer noopener\">Crit\u00e8res<\/a>&nbsp;<\/p>\n\n\n\n<h3 class=\"wp-block-heading\">Prix du mentorat<\/h3>\n\n\n\n<p>Ce prix reconna\u00eet la contribution d\u2019un physioth\u00e9rapeute qui inspire ses coll\u00e8gues en agissant comme mod\u00e8le de professionnalisme et d\u2019engagement b\u00e9n\u00e9vole.<\/p>\n\n\n\n<p><a href=\"https:\/\/physiotherapy.ca\/app\/uploads\/2025\/10\/PRIX-DU-MENTORAT-DE-LACP.pdf\" target=\"_blank\" rel=\"noreferrer noopener\">Crit\u00e8res<\/a>&nbsp;<\/p>\n\n\n\n<h3 class=\"wp-block-heading\">Prix de la sant\u00e9 mondiale<\/h3>\n\n\n\n<p>Ce prix est pr\u00e9sent\u00e9 \u00e0 un membre qui a am\u00e9lior\u00e9 la reconnaissance de la physioth\u00e9rapie \u00e0 l\u2019\u00e9chelle internationale.<\/p>\n\n\n\n<p><a href=\"https:\/\/physiotherapy.ca\/app\/uploads\/2025\/10\/PRIX-DE-LA-SANTE-MONDIALE-LACP.pdf\" target=\"_blank\" rel=\"noreferrer noopener\">Crit\u00e8res<\/a>&nbsp;<\/p>\n\n\n\n<h3 class=\"wp-block-heading\">Prix de contribution professionnelle<\/h3>\n\n\n\n<p>Ce prix reconna\u00eet les personnes qui ont rehauss\u00e9 la profession gr\u00e2ce \u00e0 une contribution unique et exceptionnelle pendant une p\u00e9riode de temps notable.&nbsp;<\/p>\n\n\n\n<p><a href=\"https:\/\/physiotherapy.ca\/app\/uploads\/2025\/10\/PRIX-DE-CONTRIBUTION-PROFESSIONNELLE-DE-LACP.pdf\">Crit\u00e8res<\/a>&nbsp;<\/p>\n\n\n\n<h3 class=\"wp-block-heading\">Prix de la formation clinique<\/h3>\n\n\n\n<p>Ce prix est pr\u00e9sent\u00e9 \u00e0 un membre qui a apport\u00e9 une contribution remarquable \u00e0 la formation clinique des \u00e9tudiants au baccalaur\u00e9at.<\/p>\n\n\n\n<p><a href=\"https:\/\/physiotherapy.ca\/app\/uploads\/2025\/10\/PRIX-DE-LA-FORMATION-CLINIQUE-DE-LACP.pdf\" target=\"_blank\" rel=\"noreferrer noopener\">Crit\u00e8res<\/a><\/p>\n\n\n\n<h3 class=\"wp-block-heading\">Le prix du leadership&nbsp;Maryann-Jefferies<\/h3>\n\n\n\n<p>Le prix Maryann Jefferies est d\u00e9cern\u00e9 \u00e0 un membre de l\u2019ANAP pour souligner sa contribution \u00e0 la promotion et \u00e0 l\u2019am\u00e9lioration du r\u00f4le de l\u2019assistant-physioth\u00e9rapeute au sein de la profession.<\/p>\n\n\n\n<p><a href=\"https:\/\/physiotherapy.ca\/app\/uploads\/2025\/10\/PRIX-DU-LEADERSHIP-MARYANN-JEFFERIES-DE-LACP.pdf\" target=\"_blank\" rel=\"noreferrer noopener\">Crit\u00e8res<\/a>&nbsp;<\/p>\n\n\n\n<p><\/p>\n<\/div>\n\n\n\n<div class=\"wp-block-column is-layout-flow wp-block-column-is-layout-flow\">\n<h3 class=\"wp-block-heading\">Membre honoraire<\/h3>\n\n\n\n<p>Le titre de membre honoraire est pr\u00e9sent\u00e9 \u00e0 une personne qui m\u00e9rite une reconnaissance particuli\u00e8re pour sa contribution \u00e0 la profession de physioth\u00e9rapeute (le titre peut \u00eatre accord\u00e9 \u00e0 un membre affili\u00e9 ou \u00e0 un non-physioth\u00e9rapeute).<\/p>\n\n\n\n<p><a href=\"https:\/\/physiotherapy.ca\/app\/uploads\/2025\/10\/MEMBRE-HONORAIRE-DE-LACP.pdf\" target=\"_blank\" rel=\"noreferrer noopener\">Crit\u00e8res<\/a>&nbsp;<\/p>\n\n\n\n<h3 class=\"wp-block-heading\">Prix du partenariat<\/h3>\n\n\n\n<p>Ce prix est remis \u00e0 un organisme qui a contribu\u00e9 \u00e0 l\u2019avancement de l\u2019image, des id\u00e9aux et des objectifs de la physioth\u00e9rapie.&nbsp;<\/p>\n\n\n\n<p><a href=\"https:\/\/physiotherapy.ca\/app\/uploads\/2025\/10\/PRIX-DU-PARTENARIAT-DE-LACP.pdf\" target=\"_blank\" rel=\"noreferrer noopener\">Crit\u00e8res<\/a>&nbsp;<\/p>\n\n\n\n<h3 class=\"wp-block-heading\">Prix du leadership \u00e9tudiant Helen-Saarinen-Rahikka&nbsp;(annuel)<\/h3>\n\n\n\n<p>Ce prix est remis \u00e0 un membre \u00e9tudiant qui a fait preuve de leadership et qui a contribu\u00e9 de mani\u00e8re exceptionnelle \u00e0 la promotion de la profession.<\/p>\n\n\n\n<p><a href=\"https:\/\/physiotherapy.ca\/app\/uploads\/2025\/10\/PRIX-DU-LEADERSHIP-ETUDIANT-HELEN-SAARINEN-RAHIKKA.pdf\" target=\"_blank\" rel=\"noreferrer noopener\">Crit\u00e8res<\/a>&nbsp;<\/p>\n\n\n\n<h3 class=\"wp-block-heading\">Bourse d&#8217;\u00e9tudes de l&#8217;ACP<\/h3>\n\n\n\n<p>Cette bourse d\u2019\u00e9tudes est remise \u00e0 l\u2019\u00e9tudiant dipl\u00f4m\u00e9 d\u00e9tenant le plus haut pourcentage moyen dans chaque programme de physioth\u00e9rapie de niveau d\u2019entr\u00e9e au Canada. Les laur\u00e9ats re\u00e7oivent une adh\u00e9sion gratuite d\u2019un an \u00e0 l\u2019ACP et \u00e0 ses divisions.<\/p>\n\n\n\n<p><em>La s\u00e9lection des laur\u00e9ats est faite par chaque universit\u00e9.<\/em><\/p>\n\n\n\n<p><a href=\"https:\/\/physiotherapy.ca\/app\/uploads\/2022\/08\/bourse_detudes_de_lacp-_updated_document.pdf\">Crit\u00e8res<\/a><\/p>\n\n\n\n<h3 class=\"wp-block-heading\">Prix de la plume d&#8217;argent de l&#8217;ACP<\/h3>\n\n\n\n<p>Souligne l\u2019excellence dans la r\u00e9daction scientifique des articles publi\u00e9s dans&nbsp;<em>Physiotherapy Canada<\/em>&nbsp;dans les domaines de la recherche quantitative ou qualitative, du transfert des connaissances et de la recherche d\u2019\u00e9tudiants.<\/p>\n\n\n\n<p><em>La s\u00e9lection des laur\u00e9ats est faite par le comit\u00e9 de r\u00e9daction de Physiotherapy Canada.<\/em><\/p>\n\n\n\n<p><a href=\"https:\/\/physiotherapy.ca\/app\/uploads\/2022\/08\/prix_de_la_plume_dargent_de_lacp_-_updated_document.pdf\">Crit\u00e8res<\/a>&nbsp;<\/p>\n<\/div>\n<\/div>\n\n\n\n<hr class=\"wp-block-separator has-alpha-channel-opacity\"\/>\n\n\n\n<h5 class=\"wp-block-heading\">Anciens laur\u00e9ats<\/h5>\n\n\n\n<ul class=\"wp-block-list\">\n<li><a href=\"https:\/\/physiotherapy.ca\/app\/uploads\/2025\/08\/2024-CPA-Awards-Recipients_FR_Final.pdf\" target=\"_blank\" rel=\"noreferrer noopener\">Laur\u00e9ats des Prix de l\u2019ACP&nbsp;2024<\/a><\/li>\n\n\n\n<li><a href=\"https:\/\/physiotherapy.ca\/app\/uploads\/2024\/06\/CPA-Awards-Recipients-French_rev-June-2024.pdf\" target=\"_blank\" rel=\"noreferrer noopener\">Laur\u00e9ats des Prix de l\u2019ACP&nbsp;2023<\/a><\/li>\n\n\n\n<li><a href=\"https:\/\/physiotherapy.ca\/app\/uploads\/2023\/06\/23-06-07-CPA-Awards-2022-Winners-FR-2-1.pdf\" target=\"_blank\" rel=\"noreferrer noopener\">Laur\u00e9ats des Prix de l\u2019ACP&nbsp;2022<\/a><\/li>\n<\/ul>\n","protected":false},"excerpt":{"rendered":"<p>Le programme des Prix de l\u2019ACP reconna\u00eet les membres de l\u2019ACP qui ont contribu\u00e9 de mani\u00e8re exceptionnelle \u00e0 la profession. Laur\u00e9ats des Prix de l&#8217;ACP 2025 L\u2019Association canadienne de physioth\u00e9rapie est fi\u00e8re d\u2019annoncer les laur\u00e9ats de cette ann\u00e9e des Prix [&hellip;]<\/p>\n","protected":false},"author":1,"featured_media":0,"parent":4228,"menu_order":0,"comment_status":"closed","ping_status":"closed","template":"","meta":{"inline_featured_image":false,"ep_exclude_from_search":false,"footnotes":""},"topic":[],"class_list":["post-8600","page","type-page","status-publish","hentry"],"acf":[],"yoast_head":"<!-- This site is optimized with the Yoast SEO plugin v24.7 - https:\/\/yoast.com\/wordpress\/plugins\/seo\/ -->\n<title>Les Prix de l\u2019ACP - Canadian Physiotherapy Association<\/title>\n<meta name=\"robots\" content=\"index, follow, max-snippet:-1, max-image-preview:large, max-video-preview:-1\" \/>\n<link rel=\"canonical\" href=\"https:\/\/physiotherapy.ca\/fr\/membership-fr\/prix-de-lacp\/les-prix-de-lacp\/\" \/>\n<meta property=\"og:locale\" content=\"fr_FR\" \/>\n<meta property=\"og:type\" content=\"article\" \/>\n<meta property=\"og:title\" content=\"Les Prix de l\u2019ACP - Canadian Physiotherapy Association\" \/>\n<meta property=\"og:description\" content=\"Le programme des Prix de l\u2019ACP reconna\u00eet les membres de l\u2019ACP qui ont contribu\u00e9 de mani\u00e8re exceptionnelle \u00e0 la profession. Laur\u00e9ats des Prix de l&#8217;ACP 2025 L\u2019Association canadienne de physioth\u00e9rapie est fi\u00e8re d\u2019annoncer les laur\u00e9ats de cette ann\u00e9e des Prix [&hellip;]\" \/>\n<meta property=\"og:url\" content=\"https:\/\/physiotherapy.ca\/fr\/membership-fr\/prix-de-lacp\/les-prix-de-lacp\/\" \/>\n<meta property=\"og:site_name\" content=\"Canadian Physiotherapy Association\" \/>\n<meta property=\"article:modified_time\" content=\"2026-02-25T14:55:03+00:00\" \/>\n<meta property=\"og:image\" content=\"https:\/\/physiotherapy.ca\/app\/uploads\/2025\/10\/CPA-awards-banner_2025.png\" \/>\n\t<meta property=\"og:image:width\" content=\"1584\" \/>\n\t<meta property=\"og:image:height\" content=\"396\" \/>\n\t<meta property=\"og:image:type\" content=\"image\/png\" \/>\n<meta name=\"twitter:card\" content=\"summary_large_image\" \/>\n<meta name=\"twitter:label1\" content=\"Est. reading time\" \/>\n\t<meta name=\"twitter:data1\" content=\"3 minutes\" \/>\n<script type=\"application\/ld+json\" class=\"yoast-schema-graph\">{\"@context\":\"https:\/\/schema.org\",\"@graph\":[{\"@type\":\"WebPage\",\"@id\":\"https:\/\/physiotherapy.ca\/fr\/membership-fr\/prix-de-lacp\/les-prix-de-lacp\/\",\"url\":\"https:\/\/physiotherapy.ca\/fr\/membership-fr\/prix-de-lacp\/les-prix-de-lacp\/\",\"name\":\"Les Prix de l\u2019ACP - Canadian Physiotherapy Association\",\"isPartOf\":{\"@id\":\"https:\/\/physiotherapy.ca\/#website\"},\"primaryImageOfPage\":{\"@id\":\"https:\/\/physiotherapy.ca\/fr\/membership-fr\/prix-de-lacp\/les-prix-de-lacp\/#primaryimage\"},\"image\":{\"@id\":\"https:\/\/physiotherapy.ca\/fr\/membership-fr\/prix-de-lacp\/les-prix-de-lacp\/#primaryimage\"},\"thumbnailUrl\":\"https:\/\/physiotherapy.ca\/app\/uploads\/2025\/10\/CPA-awards-banner_2025-1024x256.png\",\"datePublished\":\"2022-08-15T17:15:17+00:00\",\"dateModified\":\"2026-02-25T14:55:03+00:00\",\"breadcrumb\":{\"@id\":\"https:\/\/physiotherapy.ca\/fr\/membership-fr\/prix-de-lacp\/les-prix-de-lacp\/#breadcrumb\"},\"inLanguage\":\"fr-FR\",\"potentialAction\":[{\"@type\":\"ReadAction\",\"target\":[\"https:\/\/physiotherapy.ca\/fr\/membership-fr\/prix-de-lacp\/les-prix-de-lacp\/\"]}]},{\"@type\":\"ImageObject\",\"inLanguage\":\"fr-FR\",\"@id\":\"https:\/\/physiotherapy.ca\/fr\/membership-fr\/prix-de-lacp\/les-prix-de-lacp\/#primaryimage\",\"url\":\"https:\/\/physiotherapy.ca\/app\/uploads\/2025\/10\/CPA-awards-banner_2025-1024x256.png\",\"contentUrl\":\"https:\/\/physiotherapy.ca\/app\/uploads\/2025\/10\/CPA-awards-banner_2025-1024x256.png\"},{\"@type\":\"BreadcrumbList\",\"@id\":\"https:\/\/physiotherapy.ca\/fr\/membership-fr\/prix-de-lacp\/les-prix-de-lacp\/#breadcrumb\",\"itemListElement\":[{\"@type\":\"ListItem\",\"position\":1,\"name\":\"Home\",\"item\":\"https:\/\/physiotherapy.ca\/fr\/\"},{\"@type\":\"ListItem\",\"position\":2,\"name\":\"Membership FR\",\"item\":\"https:\/\/physiotherapy.ca\/fr\/membership-fr\/\"},{\"@type\":\"ListItem\",\"position\":3,\"name\":\"Le programme des Prix de l\u2019ACP\",\"item\":\"https:\/\/physiotherapy.ca\/fr\/membership-fr\/prix-de-lacp\/\"},{\"@type\":\"ListItem\",\"position\":4,\"name\":\"Les Prix de l\u2019ACP\"}]},{\"@type\":\"WebSite\",\"@id\":\"https:\/\/physiotherapy.ca\/#website\",\"url\":\"https:\/\/physiotherapy.ca\/\",\"name\":\"Canadian Physiotherapy Association\",\"description\":\"The Canadian Physiotherapy Association (CPA) represents over 16,000 physiotherapy professionals and students across Canada.\",\"potentialAction\":[{\"@type\":\"SearchAction\",\"target\":{\"@type\":\"EntryPoint\",\"urlTemplate\":\"https:\/\/physiotherapy.ca\/?s={search_term_string}\"},\"query-input\":{\"@type\":\"PropertyValueSpecification\",\"valueRequired\":true,\"valueName\":\"search_term_string\"}}],\"inLanguage\":\"fr-FR\"}]}<\/script>\n<!-- \/ Yoast SEO plugin. -->","yoast_head_json":{"title":"Les Prix de l\u2019ACP - Canadian Physiotherapy Association","robots":{"index":"index","follow":"follow","max-snippet":"max-snippet:-1","max-image-preview":"max-image-preview:large","max-video-preview":"max-video-preview:-1"},"canonical":"https:\/\/physiotherapy.ca\/fr\/membership-fr\/prix-de-lacp\/les-prix-de-lacp\/","og_locale":"fr_FR","og_type":"article","og_title":"Les Prix de l\u2019ACP - Canadian Physiotherapy Association","og_description":"Le programme des Prix de l\u2019ACP reconna\u00eet les membres de l\u2019ACP qui ont contribu\u00e9 de mani\u00e8re exceptionnelle \u00e0 la profession. Laur\u00e9ats des Prix de l&#8217;ACP 2025 L\u2019Association canadienne de physioth\u00e9rapie est fi\u00e8re d\u2019annoncer les laur\u00e9ats de cette ann\u00e9e des Prix [&hellip;]","og_url":"https:\/\/physiotherapy.ca\/fr\/membership-fr\/prix-de-lacp\/les-prix-de-lacp\/","og_site_name":"Canadian Physiotherapy Association","article_modified_time":"2026-02-25T14:55:03+00:00","og_image":[{"width":1584,"height":396,"url":"https:\/\/physiotherapy.ca\/app\/uploads\/2025\/10\/CPA-awards-banner_2025.png","type":"image\/png"}],"twitter_card":"summary_large_image","twitter_misc":{"Est. reading time":"3 minutes"},"schema":{"@context":"https:\/\/schema.org","@graph":[{"@type":"WebPage","@id":"https:\/\/physiotherapy.ca\/fr\/membership-fr\/prix-de-lacp\/les-prix-de-lacp\/","url":"https:\/\/physiotherapy.ca\/fr\/membership-fr\/prix-de-lacp\/les-prix-de-lacp\/","name":"Les Prix de l\u2019ACP - Canadian Physiotherapy Association","isPartOf":{"@id":"https:\/\/physiotherapy.ca\/#website"},"primaryImageOfPage":{"@id":"https:\/\/physiotherapy.ca\/fr\/membership-fr\/prix-de-lacp\/les-prix-de-lacp\/#primaryimage"},"image":{"@id":"https:\/\/physiotherapy.ca\/fr\/membership-fr\/prix-de-lacp\/les-prix-de-lacp\/#primaryimage"},"thumbnailUrl":"https:\/\/physiotherapy.ca\/app\/uploads\/2025\/10\/CPA-awards-banner_2025-1024x256.png","datePublished":"2022-08-15T17:15:17+00:00","dateModified":"2026-02-25T14:55:03+00:00","breadcrumb":{"@id":"https:\/\/physiotherapy.ca\/fr\/membership-fr\/prix-de-lacp\/les-prix-de-lacp\/#breadcrumb"},"inLanguage":"fr-FR","potentialAction":[{"@type":"ReadAction","target":["https:\/\/physiotherapy.ca\/fr\/membership-fr\/prix-de-lacp\/les-prix-de-lacp\/"]}]},{"@type":"ImageObject","inLanguage":"fr-FR","@id":"https:\/\/physiotherapy.ca\/fr\/membership-fr\/prix-de-lacp\/les-prix-de-lacp\/#primaryimage","url":"https:\/\/physiotherapy.ca\/app\/uploads\/2025\/10\/CPA-awards-banner_2025-1024x256.png","contentUrl":"https:\/\/physiotherapy.ca\/app\/uploads\/2025\/10\/CPA-awards-banner_2025-1024x256.png"},{"@type":"BreadcrumbList","@id":"https:\/\/physiotherapy.ca\/fr\/membership-fr\/prix-de-lacp\/les-prix-de-lacp\/#breadcrumb","itemListElement":[{"@type":"ListItem","position":1,"name":"Home","item":"https:\/\/physiotherapy.ca\/fr\/"},{"@type":"ListItem","position":2,"name":"Membership FR","item":"https:\/\/physiotherapy.ca\/fr\/membership-fr\/"},{"@type":"ListItem","position":3,"name":"Le programme des Prix de l\u2019ACP","item":"https:\/\/physiotherapy.ca\/fr\/membership-fr\/prix-de-lacp\/"},{"@type":"ListItem","position":4,"name":"Les Prix de l\u2019ACP"}]},{"@type":"WebSite","@id":"https:\/\/physiotherapy.ca\/#website","url":"https:\/\/physiotherapy.ca\/","name":"Canadian Physiotherapy Association","description":"The Canadian Physiotherapy Association (CPA) represents over 16,000 physiotherapy professionals and students across Canada.","potentialAction":[{"@type":"SearchAction","target":{"@type":"EntryPoint","urlTemplate":"https:\/\/physiotherapy.ca\/?s={search_term_string}"},"query-input":{"@type":"PropertyValueSpecification","valueRequired":true,"valueName":"search_term_string"}}],"inLanguage":"fr-FR"}]}},"_links":{"self":[{"href":"https:\/\/physiotherapy.ca\/fr\/wp-json\/wp\/v2\/pages\/8600","targetHints":{"allow":["GET"]}}],"collection":[{"href":"https:\/\/physiotherapy.ca\/fr\/wp-json\/wp\/v2\/pages"}],"about":[{"href":"https:\/\/physiotherapy.ca\/fr\/wp-json\/wp\/v2\/types\/page"}],"author":[{"embeddable":true,"href":"https:\/\/physiotherapy.ca\/fr\/wp-json\/wp\/v2\/users\/1"}],"replies":[{"embeddable":true,"href":"https:\/\/physiotherapy.ca\/fr\/wp-json\/wp\/v2\/comments?post=8600"}],"version-history":[{"count":43,"href":"https:\/\/physiotherapy.ca\/fr\/wp-json\/wp\/v2\/pages\/8600\/revisions"}],"predecessor-version":[{"id":279548,"href":"https:\/\/physiotherapy.ca\/fr\/wp-json\/wp\/v2\/pages\/8600\/revisions\/279548"}],"up":[{"embeddable":true,"href":"https:\/\/physiotherapy.ca\/fr\/wp-json\/wp\/v2\/pages\/4228"}],"wp:attachment":[{"href":"https:\/\/physiotherapy.ca\/fr\/wp-json\/wp\/v2\/media?parent=8600"}],"wp:term":[{"taxonomy":"topic","embeddable":true,"href":"https:\/\/physiotherapy.ca\/fr\/wp-json\/wp\/v2\/topic?post=8600"}],"curies":[{"name":"wp","href":"https:\/\/api.w.org\/{rel}","templated":true}]}}