{"id":8693,"date":"2022-08-15T13:46:46","date_gmt":"2022-08-15T17:46:46","guid":{"rendered":"https:\/\/physiotherapy.ca\/?page_id=8693"},"modified":"2022-08-15T13:56:44","modified_gmt":"2022-08-15T17:56:44","slug":"mise-sur-pied-et-equipement-de-la-clinique","status":"publish","type":"page","link":"https:\/\/physiotherapy.ca\/fr\/mise-sur-pied-et-equipement-de-la-clinique\/","title":{"rendered":"Mise sur pied et \u00e9quipement de la clinique"},"content":{"rendered":"\n<div class=\"wp-block-image\"><figure class=\"aligncenter size-large\"><img loading=\"lazy\" decoding=\"async\" width=\"1024\" height=\"233\" src=\"https:\/\/physiotherapy.ca\/app\/uploads\/2022\/08\/business_solutions_banner_fr_0-1024x233.png\" alt=\"\" class=\"wp-image-8696\" srcset=\"https:\/\/physiotherapy.ca\/app\/uploads\/2022\/08\/business_solutions_banner_fr_0-1024x233.png 1024w, https:\/\/physiotherapy.ca\/app\/uploads\/2022\/08\/business_solutions_banner_fr_0-600x137.png 600w, https:\/\/physiotherapy.ca\/app\/uploads\/2022\/08\/business_solutions_banner_fr_0-300x68.png 300w, https:\/\/physiotherapy.ca\/app\/uploads\/2022\/08\/business_solutions_banner_fr_0-768x175.png 768w, https:\/\/physiotherapy.ca\/app\/uploads\/2022\/08\/business_solutions_banner_fr_0-390x89.png 390w, https:\/\/physiotherapy.ca\/app\/uploads\/2022\/08\/business_solutions_banner_fr_0.png 1200w\" sizes=\"auto, (max-width: 1024px) 100vw, 1024px\" \/><\/figure><\/div>\n\n\n\n<h3 class=\"wp-block-heading\"><em><em>Ayez acc\u00e8s aux meilleurs outils pour votre pratique\u00a0<\/em><\/em><\/h3>\n\n\n\n<hr class=\"wp-block-separator alignwide is-style-wide\"\/>\n\n\n\n<h4 class=\"wp-block-heading\">Offres Exclusives\u00a0<\/h4>\n\n\n\n<p><\/p>\n\n\n\n<div class=\"wp-block-columns is-layout-flex wp-container-core-columns-is-layout-1 wp-block-columns-is-layout-flex\">\n<div class=\"wp-block-column is-layout-flow wp-block-column-is-layout-flow\" style=\"flex-basis:33.33%\">\n<figure class=\"wp-block-image size-large is-resized\"><img loading=\"lazy\" decoding=\"async\" src=\"https:\/\/physiotherapy.ca\/app\/uploads\/2022\/07\/microsoft_logo-1024x240.jpg\" alt=\"\" class=\"wp-image-4037\" width=\"268\" height=\"62\" srcset=\"https:\/\/physiotherapy.ca\/app\/uploads\/2022\/07\/microsoft_logo-1024x240.jpg 1024w, https:\/\/physiotherapy.ca\/app\/uploads\/2022\/07\/microsoft_logo-600x141.jpg 600w, https:\/\/physiotherapy.ca\/app\/uploads\/2022\/07\/microsoft_logo-300x70.jpg 300w, https:\/\/physiotherapy.ca\/app\/uploads\/2022\/07\/microsoft_logo-768x180.jpg 768w, https:\/\/physiotherapy.ca\/app\/uploads\/2022\/07\/microsoft_logo-390x91.jpg 390w, https:\/\/physiotherapy.ca\/app\/uploads\/2022\/07\/microsoft_logo.jpg 1459w\" sizes=\"auto, (max-width: 268px) 100vw, 268px\" \/><\/figure>\n\n\n\n<figure class=\"wp-block-image size-large\"><img loading=\"lazy\" decoding=\"async\" width=\"1024\" height=\"444\" src=\"https:\/\/physiotherapy.ca\/app\/uploads\/2022\/07\/clinicmaster_notag-1024x444.png\" alt=\"\" class=\"wp-image-3712\" srcset=\"https:\/\/physiotherapy.ca\/app\/uploads\/2022\/07\/clinicmaster_notag-1024x444.png 1024w, https:\/\/physiotherapy.ca\/app\/uploads\/2022\/07\/clinicmaster_notag-300x130.png 300w, https:\/\/physiotherapy.ca\/app\/uploads\/2022\/07\/clinicmaster_notag-768x333.png 768w, https:\/\/physiotherapy.ca\/app\/uploads\/2022\/07\/clinicmaster_notag-1536x667.png 1536w, https:\/\/physiotherapy.ca\/app\/uploads\/2022\/07\/clinicmaster_notag-2048x889.png 2048w, https:\/\/physiotherapy.ca\/app\/uploads\/2022\/07\/clinicmaster_notag-390x169.png 390w, https:\/\/physiotherapy.ca\/app\/uploads\/2022\/07\/clinicmaster_notag-600x260.png 600w\" sizes=\"auto, (max-width: 1024px) 100vw, 1024px\" \/><\/figure>\n<\/div>\n\n\n\n<div class=\"wp-block-column is-layout-flow wp-block-column-is-layout-flow\" style=\"flex-basis:66.66%\">\n<p>Travaillez intelligemment, rapidement, simplement &#8211; travaillez mieux. Transformez vos pratiques en renfor\u00e7ant vos liens avec vos patients, en outillant vos employ\u00e9s, en optimisant vos activit\u00e9s et en r\u00e9inventant vos produits et services.<\/p>\n\n\n\n<p><strong>En tant que membre de l&#8217;ordre des CPA, vous obtenez des r\u00e9ductions exclusives par l&#8217;interm\u00e9diaire de Clinicmaster sur Microsoft Office 365, un compte Exchange h\u00e9berg\u00e9 et une assistance pour vous aider \u00e0 propulser vos affaires dans le nuage canadien. Veuillez noter que vous n&#8217;avez pas besoin d&#8217;\u00eatre un client Clinicmaster pour b\u00e9n\u00e9ficier de cette offre.<\/strong><\/p>\n\n\n\n<h4 class=\"wp-block-heading\"><a href=\"https:\/\/physiotherapy.ca\/fr\/microsoft\/\">Acc\u00e9dez \u00e0 votre offre<\/a><\/h4>\n<\/div>\n<\/div>\n\n\n\n<p><\/p>\n\n\n\n<div class=\"wp-block-columns is-layout-flex wp-container-core-columns-is-layout-2 wp-block-columns-is-layout-flex\">\n<div class=\"wp-block-column is-layout-flow wp-block-column-is-layout-flow\" style=\"flex-basis:33.33%\">\n<figure class=\"wp-block-image size-full is-resized\"><img loading=\"lazy\" decoding=\"async\" src=\"https:\/\/physiotherapy.ca\/app\/uploads\/2022\/07\/td_logo.png\" alt=\"\" class=\"wp-image-3716\" width=\"233\" height=\"207\" srcset=\"https:\/\/physiotherapy.ca\/app\/uploads\/2022\/07\/td_logo.png 331w, https:\/\/physiotherapy.ca\/app\/uploads\/2022\/07\/td_logo-300x267.png 300w, https:\/\/physiotherapy.ca\/app\/uploads\/2022\/07\/td_logo-224x200.png 224w\" sizes=\"auto, (max-width: 233px) 100vw, 233px\" \/><\/figure>\n<\/div>\n\n\n\n<div class=\"wp-block-column is-layout-flow wp-block-column-is-layout-flow\" style=\"flex-basis:66.66%\">\n<p>En tant que membre de l\u2019Association canadienne de physioth\u00e9rapie, vous b\u00e9n\u00e9ficiez d\u2019un tarif pr\u00e9f\u00e9rentiel sur une vaste gamme de solutions de traitement des paiements de TD Merchant Solutions. Profitez du soutien technique sur place et d\u2019une assistance t\u00e9l\u00e9phonique 24\u00a0heures sur 24, de conseillers d\u2019exp\u00e9rience en solutions de paiement et de solutions qui s\u2019adaptent facilement au fur et \u00e0 mesure que vous \u00e9voluez.<\/p>\n\n\n\n<h4 class=\"wp-block-heading\"><a href=\"https:\/\/physiotherapy.ca\/fr\/membership-fr\/rabais-et-privileges\/td-canada-trust\/\">En savoir plus<\/a><\/h4>\n<\/div>\n<\/div>\n\n\n\n<p><\/p>\n\n\n\n<div class=\"wp-block-columns is-layout-flex wp-container-core-columns-is-layout-3 wp-block-columns-is-layout-flex\">\n<div class=\"wp-block-column is-layout-flow wp-block-column-is-layout-flow\" style=\"flex-basis:33.33%\">\n<figure class=\"wp-block-image size-large is-resized\"><img loading=\"lazy\" decoding=\"async\" src=\"https:\/\/physiotherapy.ca\/app\/uploads\/2022\/07\/performance_health_2color-1024x572.png\" alt=\"\" class=\"wp-image-3720\" width=\"282\" height=\"157\" srcset=\"https:\/\/physiotherapy.ca\/app\/uploads\/2022\/07\/performance_health_2color-1024x572.png 1024w, https:\/\/physiotherapy.ca\/app\/uploads\/2022\/07\/performance_health_2color-300x167.png 300w, https:\/\/physiotherapy.ca\/app\/uploads\/2022\/07\/performance_health_2color-768x429.png 768w, https:\/\/physiotherapy.ca\/app\/uploads\/2022\/07\/performance_health_2color-1536x858.png 1536w, https:\/\/physiotherapy.ca\/app\/uploads\/2022\/07\/performance_health_2color-2048x1143.png 2048w, https:\/\/physiotherapy.ca\/app\/uploads\/2022\/07\/performance_health_2color-358x200.png 358w, https:\/\/physiotherapy.ca\/app\/uploads\/2022\/07\/performance_health_2color-600x335.png 600w\" sizes=\"auto, (max-width: 282px) 100vw, 282px\" \/><\/figure>\n<\/div>\n\n\n\n<div class=\"wp-block-column is-layout-flow wp-block-column-is-layout-flow\" style=\"flex-basis:66.66%\">\n<p>Performance Health est un leader en soins de sant\u00e9 grand public et le plus gros fabricant mondial et distributeur de produits aux march\u00e9s de la r\u00e9adaptation et de la m\u00e9decine sportive. Les produits de l\u2019entreprise sont vendus aux \u00e9tablissements de soins de sant\u00e9 de pointe et aux praticiens comme les physioth\u00e9rapeutes, les entra\u00eeneurs et les chiropraticiens, de m\u00eame que directement aux consommateurs. Ses marques \u00e0 la fine pointe du march\u00e9, qui sont vendues dans plus de 100\u00a0pays, comprennent Biofreeze\u00ae, TheraBand\u00ae, TheraPearl\u00ae, Cramer\u00ae, Sammons Preston\u00ae, et Rolyan\u00ae.\u00a0<\/p>\n\n\n\n<h4 class=\"wp-block-heading\"><a href=\"https:\/\/physiotherapy.ca\/fr\/performance-health\/\">En savoir plus<\/a><\/h4>\n<\/div>\n<\/div>\n\n\n\n<p><\/p>\n\n\n\n<hr class=\"wp-block-separator alignwide is-style-wide\"\/>\n\n\n\n<p>Devenez membre de la\u00a0<a href=\"http:\/\/cpaprivatepractice.ca\/\">Division de cabinet priv\u00e9<\/a>\u00a0de l\u2019ACP pour obtenir d\u2019autres ressources de gestion professionnelle et de gestion de la pratique, d\u00e9couvrir des webinaires et des cours et profiter de possibilit\u00e9s de r\u00e9seautage pour tendre vers l\u2019excellence dans votre entreprise du milieu de la sant\u00e9.<\/p>\n\n\n\n<p><\/p>\n\n\n\n<p class=\"has-small-font-size\">*Cette page contient des liens vers des sites qui ne sont pas g\u00e9r\u00e9s par l\u2019ACP qui fournissent de l\u2019information suppl\u00e9mentaire sur les services offerts et \u00e0 partir desquels des produits et des services peuvent \u00eatre mis \u00e0 votre disposition. En cliquant sur ces liens,\u00a0vous allez quitter le site physiotherapy.ca\u00a0et entrer sur un site qui n\u2019est pas g\u00e9r\u00e9 par l\u2019ACP. Ces liens sont fournis exclusivement pour votre commodit\u00e9 et\u00a0l\u2019inclusion d\u2019un lien ne signifie aucunement que l\u2019ACP a approuv\u00e9, valid\u00e9 ou v\u00e9rifi\u00e9 lesdits sites, les renseignements contenus sur ces derniers ou leurs politiques quant \u00e0 la protection de la vie priv\u00e9e et de la s\u00e9curit\u00e9. Si vous d\u00e9cidez d\u2019acc\u00e9der \u00e0 de tels sites qui ne sont pas g\u00e9r\u00e9s par l\u2019ACP ou d\u2019acheter des produits ou des services des propri\u00e9taires ou des exploitants de ces sites, vous le faites \u00e0 vos propres risques, et l\u2019ACP n\u2019est aucunement responsable envers vous pour un tel acc\u00e8s ou achat.<\/p>\n\n\n\n<p><\/p>\n\n\n\n<div class=\"wp-block-image\"><figure class=\"aligncenter size-full\"><img loading=\"lazy\" decoding=\"async\" width=\"1000\" height=\"434\" src=\"https:\/\/physiotherapy.ca\/app\/uploads\/2022\/08\/pat_bs_fr_0.png\" alt=\"\" class=\"wp-image-8698\" srcset=\"https:\/\/physiotherapy.ca\/app\/uploads\/2022\/08\/pat_bs_fr_0.png 1000w, https:\/\/physiotherapy.ca\/app\/uploads\/2022\/08\/pat_bs_fr_0-600x260.png 600w, https:\/\/physiotherapy.ca\/app\/uploads\/2022\/08\/pat_bs_fr_0-300x130.png 300w, https:\/\/physiotherapy.ca\/app\/uploads\/2022\/08\/pat_bs_fr_0-768x333.png 768w, https:\/\/physiotherapy.ca\/app\/uploads\/2022\/08\/pat_bs_fr_0-390x169.png 390w\" sizes=\"auto, (max-width: 1000px) 100vw, 1000px\" \/><\/figure><\/div>\n","protected":false},"excerpt":{"rendered":"<p>Ayez acc\u00e8s aux meilleurs outils pour votre pratique\u00a0 Offres Exclusives\u00a0 Travaillez intelligemment, rapidement, simplement &#8211; travaillez mieux. Transformez vos pratiques en renfor\u00e7ant vos liens avec vos patients, en outillant vos employ\u00e9s, en optimisant vos activit\u00e9s et en r\u00e9inventant vos produits [&hellip;]<\/p>\n","protected":false},"author":1,"featured_media":0,"parent":0,"menu_order":0,"comment_status":"closed","ping_status":"closed","template":"","meta":{"inline_featured_image":false,"ep_exclude_from_search":false,"footnotes":""},"topic":[],"class_list":["post-8693","page","type-page","status-publish","hentry"],"acf":[],"yoast_head":"<!-- This site is optimized with the Yoast SEO plugin v24.7 - https:\/\/yoast.com\/wordpress\/plugins\/seo\/ -->\n<title>Mise sur pied et \u00e9quipement de la clinique - Canadian Physiotherapy Association<\/title>\n<meta name=\"robots\" content=\"index, follow, max-snippet:-1, max-image-preview:large, max-video-preview:-1\" \/>\n<link rel=\"canonical\" href=\"https:\/\/physiotherapy.ca\/fr\/mise-sur-pied-et-equipement-de-la-clinique\/\" \/>\n<meta property=\"og:locale\" content=\"fr_FR\" \/>\n<meta property=\"og:type\" content=\"article\" \/>\n<meta property=\"og:title\" content=\"Mise sur pied et \u00e9quipement de la clinique - Canadian Physiotherapy Association\" \/>\n<meta property=\"og:description\" content=\"Ayez acc\u00e8s aux meilleurs outils pour votre pratique\u00a0 Offres Exclusives\u00a0 Travaillez intelligemment, rapidement, simplement &#8211; travaillez mieux. Transformez vos pratiques en renfor\u00e7ant vos liens avec vos patients, en outillant vos employ\u00e9s, en optimisant vos activit\u00e9s et en r\u00e9inventant vos produits [&hellip;]\" \/>\n<meta property=\"og:url\" content=\"https:\/\/physiotherapy.ca\/fr\/mise-sur-pied-et-equipement-de-la-clinique\/\" \/>\n<meta property=\"og:site_name\" content=\"Canadian Physiotherapy Association\" \/>\n<meta property=\"article:modified_time\" content=\"2022-08-15T17:56:44+00:00\" \/>\n<meta property=\"og:image\" content=\"https:\/\/physiotherapy.ca\/app\/uploads\/2022\/08\/business_solutions_banner_fr_0-1024x233.png\" \/>\n<meta name=\"twitter:card\" content=\"summary_large_image\" \/>\n<meta name=\"twitter:label1\" content=\"Est. reading time\" \/>\n\t<meta name=\"twitter:data1\" content=\"4 minutes\" \/>\n<script type=\"application\/ld+json\" class=\"yoast-schema-graph\">{\"@context\":\"https:\/\/schema.org\",\"@graph\":[{\"@type\":\"WebPage\",\"@id\":\"https:\/\/physiotherapy.ca\/fr\/mise-sur-pied-et-equipement-de-la-clinique\/\",\"url\":\"https:\/\/physiotherapy.ca\/fr\/mise-sur-pied-et-equipement-de-la-clinique\/\",\"name\":\"Mise sur pied et \u00e9quipement de la clinique - Canadian Physiotherapy Association\",\"isPartOf\":{\"@id\":\"https:\/\/physiotherapy.ca\/#website\"},\"primaryImageOfPage\":{\"@id\":\"https:\/\/physiotherapy.ca\/fr\/mise-sur-pied-et-equipement-de-la-clinique\/#primaryimage\"},\"image\":{\"@id\":\"https:\/\/physiotherapy.ca\/fr\/mise-sur-pied-et-equipement-de-la-clinique\/#primaryimage\"},\"thumbnailUrl\":\"https:\/\/physiotherapy.ca\/app\/uploads\/2022\/08\/business_solutions_banner_fr_0-1024x233.png\",\"datePublished\":\"2022-08-15T17:46:46+00:00\",\"dateModified\":\"2022-08-15T17:56:44+00:00\",\"breadcrumb\":{\"@id\":\"https:\/\/physiotherapy.ca\/fr\/mise-sur-pied-et-equipement-de-la-clinique\/#breadcrumb\"},\"inLanguage\":\"fr-FR\",\"potentialAction\":[{\"@type\":\"ReadAction\",\"target\":[\"https:\/\/physiotherapy.ca\/fr\/mise-sur-pied-et-equipement-de-la-clinique\/\"]}]},{\"@type\":\"ImageObject\",\"inLanguage\":\"fr-FR\",\"@id\":\"https:\/\/physiotherapy.ca\/fr\/mise-sur-pied-et-equipement-de-la-clinique\/#primaryimage\",\"url\":\"https:\/\/physiotherapy.ca\/app\/uploads\/2022\/08\/business_solutions_banner_fr_0-1024x233.png\",\"contentUrl\":\"https:\/\/physiotherapy.ca\/app\/uploads\/2022\/08\/business_solutions_banner_fr_0-1024x233.png\"},{\"@type\":\"BreadcrumbList\",\"@id\":\"https:\/\/physiotherapy.ca\/fr\/mise-sur-pied-et-equipement-de-la-clinique\/#breadcrumb\",\"itemListElement\":[{\"@type\":\"ListItem\",\"position\":1,\"name\":\"Home\",\"item\":\"https:\/\/physiotherapy.ca\/fr\/\"},{\"@type\":\"ListItem\",\"position\":2,\"name\":\"Mise sur pied et \u00e9quipement de la clinique\"}]},{\"@type\":\"WebSite\",\"@id\":\"https:\/\/physiotherapy.ca\/#website\",\"url\":\"https:\/\/physiotherapy.ca\/\",\"name\":\"Canadian Physiotherapy Association\",\"description\":\"The Canadian Physiotherapy Association (CPA) represents over 16,000 physiotherapy professionals and students across Canada.\",\"potentialAction\":[{\"@type\":\"SearchAction\",\"target\":{\"@type\":\"EntryPoint\",\"urlTemplate\":\"https:\/\/physiotherapy.ca\/?s={search_term_string}\"},\"query-input\":{\"@type\":\"PropertyValueSpecification\",\"valueRequired\":true,\"valueName\":\"search_term_string\"}}],\"inLanguage\":\"fr-FR\"}]}<\/script>\n<!-- \/ Yoast SEO plugin. -->","yoast_head_json":{"title":"Mise sur pied et \u00e9quipement de la clinique - Canadian Physiotherapy Association","robots":{"index":"index","follow":"follow","max-snippet":"max-snippet:-1","max-image-preview":"max-image-preview:large","max-video-preview":"max-video-preview:-1"},"canonical":"https:\/\/physiotherapy.ca\/fr\/mise-sur-pied-et-equipement-de-la-clinique\/","og_locale":"fr_FR","og_type":"article","og_title":"Mise sur pied et \u00e9quipement de la clinique - Canadian Physiotherapy Association","og_description":"Ayez acc\u00e8s aux meilleurs outils pour votre pratique\u00a0 Offres Exclusives\u00a0 Travaillez intelligemment, rapidement, simplement &#8211; travaillez mieux. Transformez vos pratiques en renfor\u00e7ant vos liens avec vos patients, en outillant vos employ\u00e9s, en optimisant vos activit\u00e9s et en r\u00e9inventant vos produits [&hellip;]","og_url":"https:\/\/physiotherapy.ca\/fr\/mise-sur-pied-et-equipement-de-la-clinique\/","og_site_name":"Canadian Physiotherapy Association","article_modified_time":"2022-08-15T17:56:44+00:00","og_image":[{"url":"https:\/\/physiotherapy.ca\/app\/uploads\/2022\/08\/business_solutions_banner_fr_0-1024x233.png","type":"","width":"","height":""}],"twitter_card":"summary_large_image","twitter_misc":{"Est. reading time":"4 minutes"},"schema":{"@context":"https:\/\/schema.org","@graph":[{"@type":"WebPage","@id":"https:\/\/physiotherapy.ca\/fr\/mise-sur-pied-et-equipement-de-la-clinique\/","url":"https:\/\/physiotherapy.ca\/fr\/mise-sur-pied-et-equipement-de-la-clinique\/","name":"Mise sur pied et \u00e9quipement de la clinique - Canadian Physiotherapy Association","isPartOf":{"@id":"https:\/\/physiotherapy.ca\/#website"},"primaryImageOfPage":{"@id":"https:\/\/physiotherapy.ca\/fr\/mise-sur-pied-et-equipement-de-la-clinique\/#primaryimage"},"image":{"@id":"https:\/\/physiotherapy.ca\/fr\/mise-sur-pied-et-equipement-de-la-clinique\/#primaryimage"},"thumbnailUrl":"https:\/\/physiotherapy.ca\/app\/uploads\/2022\/08\/business_solutions_banner_fr_0-1024x233.png","datePublished":"2022-08-15T17:46:46+00:00","dateModified":"2022-08-15T17:56:44+00:00","breadcrumb":{"@id":"https:\/\/physiotherapy.ca\/fr\/mise-sur-pied-et-equipement-de-la-clinique\/#breadcrumb"},"inLanguage":"fr-FR","potentialAction":[{"@type":"ReadAction","target":["https:\/\/physiotherapy.ca\/fr\/mise-sur-pied-et-equipement-de-la-clinique\/"]}]},{"@type":"ImageObject","inLanguage":"fr-FR","@id":"https:\/\/physiotherapy.ca\/fr\/mise-sur-pied-et-equipement-de-la-clinique\/#primaryimage","url":"https:\/\/physiotherapy.ca\/app\/uploads\/2022\/08\/business_solutions_banner_fr_0-1024x233.png","contentUrl":"https:\/\/physiotherapy.ca\/app\/uploads\/2022\/08\/business_solutions_banner_fr_0-1024x233.png"},{"@type":"BreadcrumbList","@id":"https:\/\/physiotherapy.ca\/fr\/mise-sur-pied-et-equipement-de-la-clinique\/#breadcrumb","itemListElement":[{"@type":"ListItem","position":1,"name":"Home","item":"https:\/\/physiotherapy.ca\/fr\/"},{"@type":"ListItem","position":2,"name":"Mise sur pied et \u00e9quipement de la clinique"}]},{"@type":"WebSite","@id":"https:\/\/physiotherapy.ca\/#website","url":"https:\/\/physiotherapy.ca\/","name":"Canadian Physiotherapy Association","description":"The Canadian Physiotherapy Association (CPA) represents over 16,000 physiotherapy professionals and students across Canada.","potentialAction":[{"@type":"SearchAction","target":{"@type":"EntryPoint","urlTemplate":"https:\/\/physiotherapy.ca\/?s={search_term_string}"},"query-input":{"@type":"PropertyValueSpecification","valueRequired":true,"valueName":"search_term_string"}}],"inLanguage":"fr-FR"}]}},"_links":{"self":[{"href":"https:\/\/physiotherapy.ca\/fr\/wp-json\/wp\/v2\/pages\/8693","targetHints":{"allow":["GET"]}}],"collection":[{"href":"https:\/\/physiotherapy.ca\/fr\/wp-json\/wp\/v2\/pages"}],"about":[{"href":"https:\/\/physiotherapy.ca\/fr\/wp-json\/wp\/v2\/types\/page"}],"author":[{"embeddable":true,"href":"https:\/\/physiotherapy.ca\/fr\/wp-json\/wp\/v2\/users\/1"}],"replies":[{"embeddable":true,"href":"https:\/\/physiotherapy.ca\/fr\/wp-json\/wp\/v2\/comments?post=8693"}],"version-history":[{"count":7,"href":"https:\/\/physiotherapy.ca\/fr\/wp-json\/wp\/v2\/pages\/8693\/revisions"}],"predecessor-version":[{"id":8729,"href":"https:\/\/physiotherapy.ca\/fr\/wp-json\/wp\/v2\/pages\/8693\/revisions\/8729"}],"wp:attachment":[{"href":"https:\/\/physiotherapy.ca\/fr\/wp-json\/wp\/v2\/media?parent=8693"}],"wp:term":[{"taxonomy":"topic","embeddable":true,"href":"https:\/\/physiotherapy.ca\/fr\/wp-json\/wp\/v2\/topic?post=8693"}],"curies":[{"name":"wp","href":"https:\/\/api.w.org\/{rel}","templated":true}]}}