{"id":8715,"date":"2022-08-15T13:55:16","date_gmt":"2022-08-15T17:55:16","guid":{"rendered":"https:\/\/physiotherapy.ca\/?page_id=8715"},"modified":"2022-08-15T13:55:18","modified_gmt":"2022-08-15T17:55:18","slug":"microsoft","status":"publish","type":"page","link":"https:\/\/physiotherapy.ca\/fr\/microsoft\/","title":{"rendered":"Microsoft"},"content":{"rendered":"\n<div class=\"wp-block-image\"><figure class=\"aligncenter size-large\"><img loading=\"lazy\" decoding=\"async\" width=\"1024\" height=\"434\" src=\"https:\/\/physiotherapy.ca\/app\/uploads\/2022\/08\/cpa_flyer_fr_2-1024x434.jpg\" alt=\"\" class=\"wp-image-8716\" srcset=\"https:\/\/physiotherapy.ca\/app\/uploads\/2022\/08\/cpa_flyer_fr_2-1024x434.jpg 1024w, https:\/\/physiotherapy.ca\/app\/uploads\/2022\/08\/cpa_flyer_fr_2-600x254.jpg 600w, https:\/\/physiotherapy.ca\/app\/uploads\/2022\/08\/cpa_flyer_fr_2-300x127.jpg 300w, https:\/\/physiotherapy.ca\/app\/uploads\/2022\/08\/cpa_flyer_fr_2-768x326.jpg 768w, https:\/\/physiotherapy.ca\/app\/uploads\/2022\/08\/cpa_flyer_fr_2-1536x651.jpg 1536w, https:\/\/physiotherapy.ca\/app\/uploads\/2022\/08\/cpa_flyer_fr_2-390x165.jpg 390w, https:\/\/physiotherapy.ca\/app\/uploads\/2022\/08\/cpa_flyer_fr_2.jpg 1724w\" sizes=\"auto, (max-width: 1024px) 100vw, 1024px\" \/><\/figure><\/div>\n\n\n\n<h4 class=\"wp-block-heading\">Travaillez intelligemment, rapidement, simplement &#8211; travaillez mieux.<\/h4>\n\n\n\n<p>Transformez vos pratiques en renfor\u00e7ant vos liens avec vos patients, en outillant vos employ\u00e9s, en optimisant vos activit\u00e9s et en r\u00e9inventant vos produits et services.<\/p>\n\n\n\n<h4 class=\"wp-block-heading\">Ce que vous pouvez recevoir.<\/h4>\n\n\n\n<p>En tant que membre de l&#8217;ordre des CPA, vous obtenez des r\u00e9ductions exclusives par l&#8217;interm\u00e9diaire de Clinicmaster sur Microsoft Office 365, un compte Exchange h\u00e9berg\u00e9 et une assistance pour vous aider \u00e0 propulser vos affaires dans le nuage canadien. Veuillez noter que vous n&#8217;avez pas besoin d&#8217;\u00eatre un client Clinicmaster pour b\u00e9n\u00e9ficier de cette offre.<\/p>\n\n\n\n<h4 class=\"wp-block-heading\">Inscrivez-vous d\u00e8s aujourd&#8217;hui.<\/h4>\n\n\n\n<p>Profitez de vos avantages en cliquant\u00a0<a href=\"http:\/\/www.clinicmaster.com\/achievements\/\">ici<\/a>\u00a0et en utilisant le code de promotion\u00a0<strong>CPA2017<\/strong>.<\/p>\n\n\n\n<h4 class=\"wp-block-heading\">Des questions?<\/h4>\n\n\n\n<p>CCommuniquez avec Clinicmaster en composant le 888-682-8674 (option 1).<\/p>\n\n\n\n<p><\/p>\n\n\n\n<h3 class=\"has-text-align-center wp-block-heading\"><a href=\"https:\/\/physiotherapy.ca\/fr\/mise-sur-pied-et-equipement-de-la-clinique\/\">Retour aux offres<\/a><\/h3>\n\n\n\n<p><\/p>\n\n\n\n<div class=\"wp-block-image\"><figure class=\"aligncenter size-large\"><img loading=\"lazy\" decoding=\"async\" width=\"1024\" height=\"136\" src=\"https:\/\/physiotherapy.ca\/app\/uploads\/2022\/08\/cpa_flyer_fr_2_0-1024x136.jpg\" alt=\"\" class=\"wp-image-8718\" srcset=\"https:\/\/physiotherapy.ca\/app\/uploads\/2022\/08\/cpa_flyer_fr_2_0-1024x136.jpg 1024w, https:\/\/physiotherapy.ca\/app\/uploads\/2022\/08\/cpa_flyer_fr_2_0-600x80.jpg 600w, https:\/\/physiotherapy.ca\/app\/uploads\/2022\/08\/cpa_flyer_fr_2_0-300x40.jpg 300w, https:\/\/physiotherapy.ca\/app\/uploads\/2022\/08\/cpa_flyer_fr_2_0-768x102.jpg 768w, https:\/\/physiotherapy.ca\/app\/uploads\/2022\/08\/cpa_flyer_fr_2_0-1536x204.jpg 1536w, https:\/\/physiotherapy.ca\/app\/uploads\/2022\/08\/cpa_flyer_fr_2_0-390x52.jpg 390w, https:\/\/physiotherapy.ca\/app\/uploads\/2022\/08\/cpa_flyer_fr_2_0.jpg 1713w\" sizes=\"auto, (max-width: 1024px) 100vw, 1024px\" \/><\/figure><\/div>\n","protected":false},"excerpt":{"rendered":"<p>Travaillez intelligemment, rapidement, simplement &#8211; travaillez mieux. Transformez vos pratiques en renfor\u00e7ant vos liens avec vos patients, en outillant vos employ\u00e9s, en optimisant vos activit\u00e9s et en r\u00e9inventant vos produits et services. Ce que vous pouvez recevoir. En tant que [&hellip;]<\/p>\n","protected":false},"author":1,"featured_media":0,"parent":0,"menu_order":0,"comment_status":"closed","ping_status":"closed","template":"","meta":{"inline_featured_image":false,"ep_exclude_from_search":false,"footnotes":""},"topic":[],"class_list":["post-8715","page","type-page","status-publish","hentry"],"acf":[],"yoast_head":"<!-- This site is optimized with the Yoast SEO plugin v24.7 - https:\/\/yoast.com\/wordpress\/plugins\/seo\/ -->\n<title>Microsoft - Canadian Physiotherapy Association<\/title>\n<meta name=\"robots\" content=\"index, follow, max-snippet:-1, max-image-preview:large, max-video-preview:-1\" \/>\n<link rel=\"canonical\" href=\"https:\/\/physiotherapy.ca\/fr\/microsoft\/\" \/>\n<meta property=\"og:locale\" content=\"fr_FR\" \/>\n<meta property=\"og:type\" content=\"article\" \/>\n<meta property=\"og:title\" content=\"Microsoft - Canadian Physiotherapy Association\" \/>\n<meta property=\"og:description\" content=\"Travaillez intelligemment, rapidement, simplement &#8211; travaillez mieux. Transformez vos pratiques en renfor\u00e7ant vos liens avec vos patients, en outillant vos employ\u00e9s, en optimisant vos activit\u00e9s et en r\u00e9inventant vos produits et services. Ce que vous pouvez recevoir. En tant que [&hellip;]\" \/>\n<meta property=\"og:url\" content=\"https:\/\/physiotherapy.ca\/fr\/microsoft\/\" \/>\n<meta property=\"og:site_name\" content=\"Canadian Physiotherapy Association\" \/>\n<meta property=\"article:modified_time\" content=\"2022-08-15T17:55:18+00:00\" \/>\n<meta property=\"og:image\" content=\"https:\/\/physiotherapy.ca\/app\/uploads\/2022\/08\/cpa_flyer_fr_2-1024x434.jpg\" \/>\n<meta name=\"twitter:card\" content=\"summary_large_image\" \/>\n<meta name=\"twitter:label1\" content=\"Est. reading time\" \/>\n\t<meta name=\"twitter:data1\" content=\"1 minute\" \/>\n<script type=\"application\/ld+json\" class=\"yoast-schema-graph\">{\"@context\":\"https:\/\/schema.org\",\"@graph\":[{\"@type\":\"WebPage\",\"@id\":\"https:\/\/physiotherapy.ca\/fr\/microsoft\/\",\"url\":\"https:\/\/physiotherapy.ca\/fr\/microsoft\/\",\"name\":\"Microsoft - Canadian Physiotherapy Association\",\"isPartOf\":{\"@id\":\"https:\/\/physiotherapy.ca\/#website\"},\"primaryImageOfPage\":{\"@id\":\"https:\/\/physiotherapy.ca\/fr\/microsoft\/#primaryimage\"},\"image\":{\"@id\":\"https:\/\/physiotherapy.ca\/fr\/microsoft\/#primaryimage\"},\"thumbnailUrl\":\"https:\/\/physiotherapy.ca\/app\/uploads\/2022\/08\/cpa_flyer_fr_2-1024x434.jpg\",\"datePublished\":\"2022-08-15T17:55:16+00:00\",\"dateModified\":\"2022-08-15T17:55:18+00:00\",\"breadcrumb\":{\"@id\":\"https:\/\/physiotherapy.ca\/fr\/microsoft\/#breadcrumb\"},\"inLanguage\":\"fr-FR\",\"potentialAction\":[{\"@type\":\"ReadAction\",\"target\":[\"https:\/\/physiotherapy.ca\/fr\/microsoft\/\"]}]},{\"@type\":\"ImageObject\",\"inLanguage\":\"fr-FR\",\"@id\":\"https:\/\/physiotherapy.ca\/fr\/microsoft\/#primaryimage\",\"url\":\"https:\/\/physiotherapy.ca\/app\/uploads\/2022\/08\/cpa_flyer_fr_2-1024x434.jpg\",\"contentUrl\":\"https:\/\/physiotherapy.ca\/app\/uploads\/2022\/08\/cpa_flyer_fr_2-1024x434.jpg\"},{\"@type\":\"BreadcrumbList\",\"@id\":\"https:\/\/physiotherapy.ca\/fr\/microsoft\/#breadcrumb\",\"itemListElement\":[{\"@type\":\"ListItem\",\"position\":1,\"name\":\"Home\",\"item\":\"https:\/\/physiotherapy.ca\/fr\/\"},{\"@type\":\"ListItem\",\"position\":2,\"name\":\"Microsoft\"}]},{\"@type\":\"WebSite\",\"@id\":\"https:\/\/physiotherapy.ca\/#website\",\"url\":\"https:\/\/physiotherapy.ca\/\",\"name\":\"Canadian Physiotherapy Association\",\"description\":\"The Canadian Physiotherapy Association (CPA) represents over 16,000 physiotherapy professionals and students across Canada.\",\"potentialAction\":[{\"@type\":\"SearchAction\",\"target\":{\"@type\":\"EntryPoint\",\"urlTemplate\":\"https:\/\/physiotherapy.ca\/?s={search_term_string}\"},\"query-input\":{\"@type\":\"PropertyValueSpecification\",\"valueRequired\":true,\"valueName\":\"search_term_string\"}}],\"inLanguage\":\"fr-FR\"}]}<\/script>\n<!-- \/ Yoast SEO plugin. -->","yoast_head_json":{"title":"Microsoft - Canadian Physiotherapy Association","robots":{"index":"index","follow":"follow","max-snippet":"max-snippet:-1","max-image-preview":"max-image-preview:large","max-video-preview":"max-video-preview:-1"},"canonical":"https:\/\/physiotherapy.ca\/fr\/microsoft\/","og_locale":"fr_FR","og_type":"article","og_title":"Microsoft - Canadian Physiotherapy Association","og_description":"Travaillez intelligemment, rapidement, simplement &#8211; travaillez mieux. Transformez vos pratiques en renfor\u00e7ant vos liens avec vos patients, en outillant vos employ\u00e9s, en optimisant vos activit\u00e9s et en r\u00e9inventant vos produits et services. Ce que vous pouvez recevoir. En tant que [&hellip;]","og_url":"https:\/\/physiotherapy.ca\/fr\/microsoft\/","og_site_name":"Canadian Physiotherapy Association","article_modified_time":"2022-08-15T17:55:18+00:00","og_image":[{"url":"https:\/\/physiotherapy.ca\/app\/uploads\/2022\/08\/cpa_flyer_fr_2-1024x434.jpg","type":"","width":"","height":""}],"twitter_card":"summary_large_image","twitter_misc":{"Est. reading time":"1 minute"},"schema":{"@context":"https:\/\/schema.org","@graph":[{"@type":"WebPage","@id":"https:\/\/physiotherapy.ca\/fr\/microsoft\/","url":"https:\/\/physiotherapy.ca\/fr\/microsoft\/","name":"Microsoft - Canadian Physiotherapy Association","isPartOf":{"@id":"https:\/\/physiotherapy.ca\/#website"},"primaryImageOfPage":{"@id":"https:\/\/physiotherapy.ca\/fr\/microsoft\/#primaryimage"},"image":{"@id":"https:\/\/physiotherapy.ca\/fr\/microsoft\/#primaryimage"},"thumbnailUrl":"https:\/\/physiotherapy.ca\/app\/uploads\/2022\/08\/cpa_flyer_fr_2-1024x434.jpg","datePublished":"2022-08-15T17:55:16+00:00","dateModified":"2022-08-15T17:55:18+00:00","breadcrumb":{"@id":"https:\/\/physiotherapy.ca\/fr\/microsoft\/#breadcrumb"},"inLanguage":"fr-FR","potentialAction":[{"@type":"ReadAction","target":["https:\/\/physiotherapy.ca\/fr\/microsoft\/"]}]},{"@type":"ImageObject","inLanguage":"fr-FR","@id":"https:\/\/physiotherapy.ca\/fr\/microsoft\/#primaryimage","url":"https:\/\/physiotherapy.ca\/app\/uploads\/2022\/08\/cpa_flyer_fr_2-1024x434.jpg","contentUrl":"https:\/\/physiotherapy.ca\/app\/uploads\/2022\/08\/cpa_flyer_fr_2-1024x434.jpg"},{"@type":"BreadcrumbList","@id":"https:\/\/physiotherapy.ca\/fr\/microsoft\/#breadcrumb","itemListElement":[{"@type":"ListItem","position":1,"name":"Home","item":"https:\/\/physiotherapy.ca\/fr\/"},{"@type":"ListItem","position":2,"name":"Microsoft"}]},{"@type":"WebSite","@id":"https:\/\/physiotherapy.ca\/#website","url":"https:\/\/physiotherapy.ca\/","name":"Canadian Physiotherapy Association","description":"The Canadian Physiotherapy Association (CPA) represents over 16,000 physiotherapy professionals and students across Canada.","potentialAction":[{"@type":"SearchAction","target":{"@type":"EntryPoint","urlTemplate":"https:\/\/physiotherapy.ca\/?s={search_term_string}"},"query-input":{"@type":"PropertyValueSpecification","valueRequired":true,"valueName":"search_term_string"}}],"inLanguage":"fr-FR"}]}},"_links":{"self":[{"href":"https:\/\/physiotherapy.ca\/fr\/wp-json\/wp\/v2\/pages\/8715","targetHints":{"allow":["GET"]}}],"collection":[{"href":"https:\/\/physiotherapy.ca\/fr\/wp-json\/wp\/v2\/pages"}],"about":[{"href":"https:\/\/physiotherapy.ca\/fr\/wp-json\/wp\/v2\/types\/page"}],"author":[{"embeddable":true,"href":"https:\/\/physiotherapy.ca\/fr\/wp-json\/wp\/v2\/users\/1"}],"replies":[{"embeddable":true,"href":"https:\/\/physiotherapy.ca\/fr\/wp-json\/wp\/v2\/comments?post=8715"}],"version-history":[{"count":2,"href":"https:\/\/physiotherapy.ca\/fr\/wp-json\/wp\/v2\/pages\/8715\/revisions"}],"predecessor-version":[{"id":8721,"href":"https:\/\/physiotherapy.ca\/fr\/wp-json\/wp\/v2\/pages\/8715\/revisions\/8721"}],"wp:attachment":[{"href":"https:\/\/physiotherapy.ca\/fr\/wp-json\/wp\/v2\/media?parent=8715"}],"wp:term":[{"taxonomy":"topic","embeddable":true,"href":"https:\/\/physiotherapy.ca\/fr\/wp-json\/wp\/v2\/topic?post=8715"}],"curies":[{"name":"wp","href":"https:\/\/api.w.org\/{rel}","templated":true}]}}