{"id":88192,"date":"2023-01-13T09:41:23","date_gmt":"2023-01-13T14:41:23","guid":{"rendered":"https:\/\/physiotherapy.ca\/?page_id=88192"},"modified":"2025-12-18T10:26:45","modified_gmt":"2025-12-18T15:26:45","slug":"programme-de-subventions-et-bourses-de-la-fondation-de-physiotherapie-du-canada","status":"publish","type":"page","link":"https:\/\/physiotherapy.ca\/fr\/lassociation\/fondation-de-physiotherapie-du-canada\/programme-de-subventions-et-bourses-de-la-fondation-de-physiotherapie-du-canada\/","title":{"rendered":"Programme de subventions et bourses de la Fondation de physioth\u00e9rapie du Canada\u00a0"},"content":{"rendered":"\n<div class=\"wp-block-columns is-layout-flex wp-container-core-columns-is-layout-1 wp-block-columns-is-layout-flex\">\n<div class=\"wp-block-column is-layout-flow wp-block-column-is-layout-flow\" style=\"flex-basis:100%\">\n<p>La Fondation de physioth\u00e9rapie du Canada (FPC) est ravie d&#8217;offrir une autre s\u00e9rie de bourses en 2026.<\/p>\n\n\n\n<p>Cette ann\u00e9e, nous avons accord\u00e9&nbsp;<strong>plus de 34 000 $ en subventions<\/strong>&nbsp;et en bourses \u00e0 des professionnels de la physioth\u00e9rapie de tout le Canada qui ont apport\u00e9 une contribution exceptionnelle \u00e0 la profession.<\/p>\n\n\n\n<p><span style=\"box-sizing: border-box; margin: 0px; padding: 0px;\">Pour plus d&#8217;informations sur les laur\u00e9ats<\/span>,\u00a0cliquez <a href=\"https:\/\/physiotherapy.ca\/fr\/lassociation\/fondation-de-physiotherapie-du-canada\/programme-de-subventions-et-bourses-de-la-fondation-de-physiotherapie-du-canada\/les-laureats-du-programme-de-subventions-2025\/\" target=\"_blank\" rel=\"noreferrer noopener\">ici<\/a>.<\/p>\n\n\n\n<p>Si vous avez des questions sur le programme de bourses, veuillez contacter <a href=\"mailto:foundation@physiotherapy.ca\">foundation@physiotherapy.ca<\/a>.<\/p>\n<\/div>\n<\/div>\n\n\n\n<hr class=\"wp-block-separator has-alpha-channel-opacity\"\/>\n\n\n\n<h2 class=\"wp-block-heading\">Programme des prix 2025<\/h2>\n\n\n\n<h4 class=\"wp-block-heading\"><strong>Subvention de recherche comm\u00e9morative Alun Morgan en physioth\u00e9rapie orthop\u00e9dique (10\u202f000\u202f$)<\/strong>&nbsp;<\/h4>\n\n\n\n<p>La subvention du Fonds Alun Morgan de recherche en physioth\u00e9rapie orthop\u00e9dique a \u00e9t\u00e9 mise sur pied en\u202f1989 par la division d\u2019orthop\u00e9die de l\u2019Association canadienne de physioth\u00e9rapie, en hommage \u00e0 celui dont elle porte le nom\u202f\u2013\u202fl\u2019un des fondateurs de la division d\u2019orthop\u00e9die et un pionnier de la th\u00e9rapie manuelle au Canada. Le Fonds soutient les projets de recherche en physioth\u00e9rapie li\u00e9s aux soins des probl\u00e8mes musculosquelettiques au Canada.&nbsp;&nbsp;<\/p>\n\n\n\n<p><a href=\"https:\/\/physiotherapy.ca\/fr\/subvention-de-recherche-commemorative-alun-morgan-en-physiotherapie-orthopedique\/\">R\u00e8glement complet et crit\u00e8res d\u2019admissibilit\u00e9<\/a><\/p>\n\n\n\n<p><a href=\"https:\/\/physiotherapy.ca\/fr\/liste-de-verification-pour-la-subvention-de-recherche-commemorative-alun-morgan-en-physiotherapie-orthopedique\/\">Liste de v\u00e9rification<\/a><\/p>\n\n\n\n<div style=\"height:30px\" aria-hidden=\"true\" class=\"wp-block-spacer\"><\/div>\n\n\n\n<h4 class=\"wp-block-heading\"><strong>Bourse comm\u00e9morative Ann Collins Whitmore (4\u202f000\u202f$)<\/strong>&nbsp;<\/h4>\n\n\n\n<p>Physioth\u00e9rapeute d\u00e9vou\u00e9e, Ann Collins Whitmore s\u2019est consacr\u00e9e \u00e0 ses patients du d\u00e9but de sa carri\u00e8re dans les forces arm\u00e9es canadiennes, pendant la Seconde Guerre mondiale, jusqu\u2019\u00e0 la fin, alors qu\u2019elle \u00e9tait presque devenue aveugle. Son legs pr\u00e9voit des bourses aux personnes qui ont termin\u00e9 un programme de physioth\u00e9rapie professionnelle et qui sont inscrites \u00e0 un programme menant \u00e0 un doctorat ou \u00e0 une ma\u00eetrise post-professionnelle. Elles doivent r\u00e9aliser un projet de recherche exig\u00e9 par leur universit\u00e9 pour terminer leur programme. Les candidatures de personnes aveugles auront la priorit\u00e9.&nbsp;<\/p>\n\n\n\n<p><a href=\"https:\/\/physiotherapy.ca\/fr\/bourse-commemorative-ann-collins-whitmore\/\">R\u00e8glement complet et crit\u00e8res d\u2019admissibilit\u00e9<\/a><\/p>\n\n\n\n<p><a href=\"https:\/\/physiotherapy.ca\/fr\/liste-de-verification-pour-la-bourse-commemorative-ann-collins-whitmore\/\">Liste de v\u00e9rification<\/a><\/p>\n\n\n\n<div style=\"height:30px\" aria-hidden=\"true\" class=\"wp-block-spacer\"><\/div>\n\n\n\n<h4 class=\"wp-block-heading\"><strong><strong>Programme de bourses du Fonds comm\u00e9moratif Constance Beattie (1\u202f000\u202f$)<\/strong><\/strong><\/h4>\n\n\n\n<p>Le Fonds comm\u00e9moratif Constance Beattie a \u00e9t\u00e9 cr\u00e9\u00e9 en\u202f1949 par l\u2019Association canadienne de physioth\u00e9rapie en l\u2019honneur de celle qui lui a donn\u00e9 son nom, d\u00e9c\u00e9d\u00e9e dans un \u00e9crasement d\u2019avion \u00e0 24\u202fans alors qu\u2019elle se consacrait \u00e0 la physioth\u00e9rapie dans le Nord canadien. Des bourses sont offertes aux demandeurs choisis pour financer leur inscription \u00e0 des cours de formation continue qui leur permettent de faire \u00e9voluer leur carri\u00e8re.&nbsp;&nbsp;<\/p>\n\n\n\n<p><a href=\"https:\/\/physiotherapy.ca\/fr\/bourse-du-fonds-commemoratif-constance-beattie\/\">R\u00e8glement complet et crit\u00e8res d\u2019admissibilit\u00e9 <\/a><\/p>\n\n\n\n<p><a href=\"https:\/\/physiotherapy.ca\/fr\/liste-de-verification-pour-le-programme-de-bourses-du-fonds-commemoratif-constance-beattie\/\">Liste de v\u00e9rification<\/a> <\/p>\n\n\n\n<div style=\"height:30px\" aria-hidden=\"true\" class=\"wp-block-spacer\"><\/div>\n\n\n\n<h4 class=\"wp-block-heading\"><strong><strong>Bourse pour les \u00e9tudiants autochtones (2\u202f500\u202f$)<\/strong>&nbsp;<\/strong>&nbsp;<\/h4>\n\n\n\n<p>Cette bourse a \u00e9t\u00e9 cr\u00e9\u00e9e pour r\u00e9pondre au besoin de soutien financier croissant des \u00e9tudiants membres des Premi\u00e8res Nations (statut officiel ou non), Inuit ou M\u00e9tis, pour appuyer le d\u00e9veloppement de leur carri\u00e8re en physioth\u00e9rapie et leur excellence professionnelle. Le candidat doit \u00eatre membre \u00e9tudiant de l\u2019ACP (\u00e9tudes pour acc\u00e9der \u00e0 la profession de physioth\u00e9rapeute ou d\u2019assistant-physioth\u00e9rapeute).&nbsp;<\/p>\n\n\n\n<p><a href=\"https:\/\/physiotherapy.ca\/fr\/bourse-pour-les-etudiants-autochtones\/\">R\u00e8glement complet et crit\u00e8res d\u2019admissibilit\u00e9<\/a> <\/p>\n\n\n\n<p><a href=\"https:\/\/physiotherapy.ca\/fr\/liste-de-verification-bourse-pour-les-etudiants-autochtones\/\">Liste de v\u00e9rification<\/a> <\/p>\n\n\n\n<div style=\"height:29px\" aria-hidden=\"true\" class=\"wp-block-spacer\"><\/div>\n\n\n\n<h4 class=\"wp-block-heading\"><strong>Bourse de la division des neurosciences (3\u202f000\u202f$)\u202f<\/strong>&nbsp;&nbsp;&nbsp;<\/h4>\n\n\n\n<p>La division des neurosciences a cr\u00e9\u00e9 une bourse de recherche annuelle de 3\u202f000\u202f$ pour aider une \u00e9tudiante-chercheure ou un \u00e9tudiant-chercheur \u00e0 faire avancer les connaissances et la pratique dans le domaine des neurosciences. La bourse est offerte \u00e0 un ou une physioth\u00e9rapeute inscrit(e) \u00e0 un programme de ma\u00eetrise ou de doctorat dans une universit\u00e9 canadienne et qui r\u00e9alise un projet de recherche exig\u00e9 par l\u2019\u00e9tablissement dans le cadre dudit programme. La personne s\u00e9lectionn\u00e9e devra \u00eatre un membre en r\u00e8gle de la division des neurosciences.<\/p>\n\n\n\n<p><a href=\"https:\/\/physiotherapy.ca\/fr\/bourse-de-la-division-des-neurosciences\/\">R\u00e8glement complet et crit\u00e8res d\u2019admissibilit\u00e9<\/a> <\/p>\n\n\n\n<p><a href=\"https:\/\/physiotherapy.ca\/fr\/liste-de-verification-pour-la-subvention-de-recherche-orthocanada-en-readaptation-du-cou-et-du-dos-et-en-stabilisation-du-tronc\/\">Liste de v\u00e9rification<\/a><\/p>\n\n\n\n<div style=\"height:30px\" aria-hidden=\"true\" class=\"wp-block-spacer\"><\/div>\n\n\n\n<h4 class=\"wp-block-heading\"><strong>Subvention de recherche DNS-FPC en neurosciences (10\u202f000\u202f$)<\/strong>&nbsp;<\/h4>\n\n\n\n<p>La subvention de recherche DNS-FPC en neurosciences a \u00e9t\u00e9 cr\u00e9\u00e9e en\u202f2006 par la division des neurosciences de l\u2019Association canadienne de physioth\u00e9rapie et la Fondation de physioth\u00e9rapie du Canada. La subvention est attribu\u00e9e \u00e0 des projets de physioth\u00e9rapie en neurosciences. Le chercheur principal doit \u00eatre membre en r\u00e8gle de l\u2019ACP et de la division des neurosciences.&nbsp;<\/p>\n\n\n\n<p><a href=\"https:\/\/physiotherapy.ca\/fr\/subvention-de-recherche-dns-fpc-en-neurosciences\/\">R\u00e8glement complet et crit\u00e8res d\u2019admissibilit\u00e9<\/a> <\/p>\n\n\n\n<p><a href=\"https:\/\/physiotherapy.ca\/fr\/liste-de-verification-pour-la-subvention-de-recherche-dns-fpc-en-neurosciences\/\">Liste de v\u00e9rification<\/a> <\/p>\n\n\n\n<div style=\"height:30px\" aria-hidden=\"true\" class=\"wp-block-spacer\"><\/div>\n\n\n\n<h4 class=\"wp-block-heading\"><strong>Programme de bourses pour assistants-physioth\u00e9rapeutes (2\u202f500\u202f$)<\/strong>&nbsp;&nbsp;<\/h4>\n\n\n\n<p>Le Programme de bourses pour assistants-physioth\u00e9rapeutes a \u00e9t\u00e9 instaur\u00e9 en\u202f2015 par l\u2019Association canadienne de physioth\u00e9rapie et la Fondation de physioth\u00e9rapie du Canada en vue d\u2019aider un ou des membres de l\u2019Assembl\u00e9e nationale des assistants-physioth\u00e9rapeutes (ANAP) \u00e0 poursuivre leur formation professionnelle continue et \u00e0 transmettre leurs apprentissages dans leur communaut\u00e9. Il vise aussi \u00e0 valoriser la contribution apport\u00e9e par les membres de l\u2019ANAP \u00e0 la profession et \u00e0 l\u2019ACP. Veuillez noter que les \u00e9tudiants n\u2019y sont pas admissibles.&nbsp;<\/p>\n\n\n\n<p><a href=\"https:\/\/physiotherapy.ca\/fr\/reglement-programme-de-subventions-2023-10\/\">R\u00e8glement complet et crit\u00e8res d\u2019admissibilit\u00e9<\/a><\/p>\n\n\n\n<p><a href=\"https:\/\/physiotherapy.ca\/fr\/liste-de-verification-programme-de-bourses-pour-assistants-physiotherapeutes\/\">Liste de v\u00e9rification<\/a><\/p>\n","protected":false},"excerpt":{"rendered":"<p>La Fondation de physioth\u00e9rapie du Canada (FPC) est ravie d&#8217;offrir une autre s\u00e9rie de bourses en 2026. Cette ann\u00e9e, nous avons accord\u00e9&nbsp;plus de 34 000 $ en subventions&nbsp;et en bourses \u00e0 des professionnels de la physioth\u00e9rapie de tout le Canada [&hellip;]<\/p>\n","protected":false},"author":2792,"featured_media":0,"parent":5541,"menu_order":0,"comment_status":"closed","ping_status":"closed","template":"","meta":{"inline_featured_image":false,"ep_exclude_from_search":false,"footnotes":""},"topic":[],"class_list":["post-88192","page","type-page","status-publish","hentry"],"acf":[],"yoast_head":"<!-- This site is optimized with the Yoast SEO plugin v24.7 - https:\/\/yoast.com\/wordpress\/plugins\/seo\/ -->\n<title>Programme de subventions et bourses de la Fondation de physioth\u00e9rapie du Canada\u00a0 - Canadian Physiotherapy Association<\/title>\n<meta name=\"robots\" content=\"index, follow, max-snippet:-1, max-image-preview:large, max-video-preview:-1\" \/>\n<link rel=\"canonical\" href=\"https:\/\/physiotherapy.ca\/fr\/lassociation\/fondation-de-physiotherapie-du-canada\/programme-de-subventions-et-bourses-de-la-fondation-de-physiotherapie-du-canada\/\" \/>\n<meta property=\"og:locale\" content=\"fr_FR\" \/>\n<meta property=\"og:type\" content=\"article\" \/>\n<meta property=\"og:title\" content=\"Programme de subventions et bourses de la Fondation de physioth\u00e9rapie du Canada\u00a0 - Canadian Physiotherapy Association\" \/>\n<meta property=\"og:description\" content=\"La Fondation de physioth\u00e9rapie du Canada (FPC) est ravie d&#8217;offrir une autre s\u00e9rie de bourses en 2026. Cette ann\u00e9e, nous avons accord\u00e9&nbsp;plus de 34 000 $ en subventions&nbsp;et en bourses \u00e0 des professionnels de la physioth\u00e9rapie de tout le Canada [&hellip;]\" \/>\n<meta property=\"og:url\" content=\"https:\/\/physiotherapy.ca\/fr\/lassociation\/fondation-de-physiotherapie-du-canada\/programme-de-subventions-et-bourses-de-la-fondation-de-physiotherapie-du-canada\/\" \/>\n<meta property=\"og:site_name\" content=\"Canadian Physiotherapy Association\" \/>\n<meta property=\"article:modified_time\" content=\"2025-12-18T15:26:45+00:00\" \/>\n<meta name=\"twitter:card\" content=\"summary_large_image\" \/>\n<meta name=\"twitter:label1\" content=\"Est. reading time\" \/>\n\t<meta name=\"twitter:data1\" content=\"4 minutes\" \/>\n<script type=\"application\/ld+json\" class=\"yoast-schema-graph\">{\"@context\":\"https:\/\/schema.org\",\"@graph\":[{\"@type\":\"WebPage\",\"@id\":\"https:\/\/physiotherapy.ca\/fr\/lassociation\/fondation-de-physiotherapie-du-canada\/programme-de-subventions-et-bourses-de-la-fondation-de-physiotherapie-du-canada\/\",\"url\":\"https:\/\/physiotherapy.ca\/fr\/lassociation\/fondation-de-physiotherapie-du-canada\/programme-de-subventions-et-bourses-de-la-fondation-de-physiotherapie-du-canada\/\",\"name\":\"Programme de subventions et bourses de la Fondation de physioth\u00e9rapie du Canada\u00a0 - Canadian Physiotherapy Association\",\"isPartOf\":{\"@id\":\"https:\/\/physiotherapy.ca\/#website\"},\"datePublished\":\"2023-01-13T14:41:23+00:00\",\"dateModified\":\"2025-12-18T15:26:45+00:00\",\"breadcrumb\":{\"@id\":\"https:\/\/physiotherapy.ca\/fr\/lassociation\/fondation-de-physiotherapie-du-canada\/programme-de-subventions-et-bourses-de-la-fondation-de-physiotherapie-du-canada\/#breadcrumb\"},\"inLanguage\":\"fr-FR\",\"potentialAction\":[{\"@type\":\"ReadAction\",\"target\":[\"https:\/\/physiotherapy.ca\/fr\/lassociation\/fondation-de-physiotherapie-du-canada\/programme-de-subventions-et-bourses-de-la-fondation-de-physiotherapie-du-canada\/\"]}]},{\"@type\":\"BreadcrumbList\",\"@id\":\"https:\/\/physiotherapy.ca\/fr\/lassociation\/fondation-de-physiotherapie-du-canada\/programme-de-subventions-et-bourses-de-la-fondation-de-physiotherapie-du-canada\/#breadcrumb\",\"itemListElement\":[{\"@type\":\"ListItem\",\"position\":1,\"name\":\"Home\",\"item\":\"https:\/\/physiotherapy.ca\/fr\/\"},{\"@type\":\"ListItem\",\"position\":2,\"name\":\"L&#8217;Association\",\"item\":\"https:\/\/physiotherapy.ca\/fr\/lassociation\/\"},{\"@type\":\"ListItem\",\"position\":3,\"name\":\"Fondation de physioth\u00e9rapie du Canada\",\"item\":\"https:\/\/physiotherapy.ca\/fr\/lassociation\/fondation-de-physiotherapie-du-canada\/\"},{\"@type\":\"ListItem\",\"position\":4,\"name\":\"Programme de subventions et bourses de la Fondation de physioth\u00e9rapie du Canada\u00a0\"}]},{\"@type\":\"WebSite\",\"@id\":\"https:\/\/physiotherapy.ca\/#website\",\"url\":\"https:\/\/physiotherapy.ca\/\",\"name\":\"Canadian Physiotherapy Association\",\"description\":\"The Canadian Physiotherapy Association (CPA) represents over 16,000 physiotherapy professionals and students across Canada.\",\"potentialAction\":[{\"@type\":\"SearchAction\",\"target\":{\"@type\":\"EntryPoint\",\"urlTemplate\":\"https:\/\/physiotherapy.ca\/?s={search_term_string}\"},\"query-input\":{\"@type\":\"PropertyValueSpecification\",\"valueRequired\":true,\"valueName\":\"search_term_string\"}}],\"inLanguage\":\"fr-FR\"}]}<\/script>\n<!-- \/ Yoast SEO plugin. -->","yoast_head_json":{"title":"Programme de subventions et bourses de la Fondation de physioth\u00e9rapie du Canada\u00a0 - Canadian Physiotherapy Association","robots":{"index":"index","follow":"follow","max-snippet":"max-snippet:-1","max-image-preview":"max-image-preview:large","max-video-preview":"max-video-preview:-1"},"canonical":"https:\/\/physiotherapy.ca\/fr\/lassociation\/fondation-de-physiotherapie-du-canada\/programme-de-subventions-et-bourses-de-la-fondation-de-physiotherapie-du-canada\/","og_locale":"fr_FR","og_type":"article","og_title":"Programme de subventions et bourses de la Fondation de physioth\u00e9rapie du Canada\u00a0 - Canadian Physiotherapy Association","og_description":"La Fondation de physioth\u00e9rapie du Canada (FPC) est ravie d&#8217;offrir une autre s\u00e9rie de bourses en 2026. Cette ann\u00e9e, nous avons accord\u00e9&nbsp;plus de 34 000 $ en subventions&nbsp;et en bourses \u00e0 des professionnels de la physioth\u00e9rapie de tout le Canada [&hellip;]","og_url":"https:\/\/physiotherapy.ca\/fr\/lassociation\/fondation-de-physiotherapie-du-canada\/programme-de-subventions-et-bourses-de-la-fondation-de-physiotherapie-du-canada\/","og_site_name":"Canadian Physiotherapy Association","article_modified_time":"2025-12-18T15:26:45+00:00","twitter_card":"summary_large_image","twitter_misc":{"Est. reading time":"4 minutes"},"schema":{"@context":"https:\/\/schema.org","@graph":[{"@type":"WebPage","@id":"https:\/\/physiotherapy.ca\/fr\/lassociation\/fondation-de-physiotherapie-du-canada\/programme-de-subventions-et-bourses-de-la-fondation-de-physiotherapie-du-canada\/","url":"https:\/\/physiotherapy.ca\/fr\/lassociation\/fondation-de-physiotherapie-du-canada\/programme-de-subventions-et-bourses-de-la-fondation-de-physiotherapie-du-canada\/","name":"Programme de subventions et bourses de la Fondation de physioth\u00e9rapie du Canada\u00a0 - Canadian Physiotherapy Association","isPartOf":{"@id":"https:\/\/physiotherapy.ca\/#website"},"datePublished":"2023-01-13T14:41:23+00:00","dateModified":"2025-12-18T15:26:45+00:00","breadcrumb":{"@id":"https:\/\/physiotherapy.ca\/fr\/lassociation\/fondation-de-physiotherapie-du-canada\/programme-de-subventions-et-bourses-de-la-fondation-de-physiotherapie-du-canada\/#breadcrumb"},"inLanguage":"fr-FR","potentialAction":[{"@type":"ReadAction","target":["https:\/\/physiotherapy.ca\/fr\/lassociation\/fondation-de-physiotherapie-du-canada\/programme-de-subventions-et-bourses-de-la-fondation-de-physiotherapie-du-canada\/"]}]},{"@type":"BreadcrumbList","@id":"https:\/\/physiotherapy.ca\/fr\/lassociation\/fondation-de-physiotherapie-du-canada\/programme-de-subventions-et-bourses-de-la-fondation-de-physiotherapie-du-canada\/#breadcrumb","itemListElement":[{"@type":"ListItem","position":1,"name":"Home","item":"https:\/\/physiotherapy.ca\/fr\/"},{"@type":"ListItem","position":2,"name":"L&#8217;Association","item":"https:\/\/physiotherapy.ca\/fr\/lassociation\/"},{"@type":"ListItem","position":3,"name":"Fondation de physioth\u00e9rapie du Canada","item":"https:\/\/physiotherapy.ca\/fr\/lassociation\/fondation-de-physiotherapie-du-canada\/"},{"@type":"ListItem","position":4,"name":"Programme de subventions et bourses de la Fondation de physioth\u00e9rapie du Canada\u00a0"}]},{"@type":"WebSite","@id":"https:\/\/physiotherapy.ca\/#website","url":"https:\/\/physiotherapy.ca\/","name":"Canadian Physiotherapy Association","description":"The Canadian Physiotherapy Association (CPA) represents over 16,000 physiotherapy professionals and students across Canada.","potentialAction":[{"@type":"SearchAction","target":{"@type":"EntryPoint","urlTemplate":"https:\/\/physiotherapy.ca\/?s={search_term_string}"},"query-input":{"@type":"PropertyValueSpecification","valueRequired":true,"valueName":"search_term_string"}}],"inLanguage":"fr-FR"}]}},"_links":{"self":[{"href":"https:\/\/physiotherapy.ca\/fr\/wp-json\/wp\/v2\/pages\/88192","targetHints":{"allow":["GET"]}}],"collection":[{"href":"https:\/\/physiotherapy.ca\/fr\/wp-json\/wp\/v2\/pages"}],"about":[{"href":"https:\/\/physiotherapy.ca\/fr\/wp-json\/wp\/v2\/types\/page"}],"author":[{"embeddable":true,"href":"https:\/\/physiotherapy.ca\/fr\/wp-json\/wp\/v2\/users\/2792"}],"replies":[{"embeddable":true,"href":"https:\/\/physiotherapy.ca\/fr\/wp-json\/wp\/v2\/comments?post=88192"}],"version-history":[{"count":45,"href":"https:\/\/physiotherapy.ca\/fr\/wp-json\/wp\/v2\/pages\/88192\/revisions"}],"predecessor-version":[{"id":278971,"href":"https:\/\/physiotherapy.ca\/fr\/wp-json\/wp\/v2\/pages\/88192\/revisions\/278971"}],"up":[{"embeddable":true,"href":"https:\/\/physiotherapy.ca\/fr\/wp-json\/wp\/v2\/pages\/5541"}],"wp:attachment":[{"href":"https:\/\/physiotherapy.ca\/fr\/wp-json\/wp\/v2\/media?parent=88192"}],"wp:term":[{"taxonomy":"topic","embeddable":true,"href":"https:\/\/physiotherapy.ca\/fr\/wp-json\/wp\/v2\/topic?post=88192"}],"curies":[{"name":"wp","href":"https:\/\/api.w.org\/{rel}","templated":true}]}}