{"id":88194,"date":"2023-01-13T10:08:05","date_gmt":"2023-01-13T15:08:05","guid":{"rendered":"https:\/\/physiotherapy.ca\/?page_id=88194"},"modified":"2025-08-29T09:43:49","modified_gmt":"2025-08-29T13:43:49","slug":"subvention-de-recherche-commemorative-alun-morgan-en-physiotherapie-orthopedique","status":"publish","type":"page","link":"https:\/\/physiotherapy.ca\/fr\/subvention-de-recherche-commemorative-alun-morgan-en-physiotherapie-orthopedique\/","title":{"rendered":"R\u00e8glement: Programme de subventions 2025"},"content":{"rendered":"\n<h3 class=\"wp-block-heading\">Subvention de recherche comm\u00e9morative Alun Morgan en physioth\u00e9rapie orthop\u00e9dique<\/h3>\n\n\n\n<p>La subvention du Fonds Alun Morgan de recherche en physioth\u00e9rapie orthop\u00e9dique a \u00e9t\u00e9 mise sur pied en 1989 par la division d\u2019orthop\u00e9die de l\u2019Association canadienne de physioth\u00e9rapie, en hommage \u00e0 celui dont elle porte le nom \u2013 l\u2019un des fondateurs de la division d\u2019orthop\u00e9die et un pionnier de la th\u00e9rapie manuelle au Canada. Le Fonds soutient les projets de recherche en physioth\u00e9rapie li\u00e9s aux soins des probl\u00e8mes musculosquelettiques au Canada.<\/p>\n\n\n\n<hr class=\"wp-block-separator has-alpha-channel-opacity\"\/>\n\n\n\n<h4 class=\"wp-block-heading\">Admissibilit\u00e9 du projet<\/h4>\n\n\n\n<p>Les demandeurs doivent d\u00e9montrer que le projet propos\u00e9 en est un de recherche originale, dont les retomb\u00e9es feront progresser les soins des probl\u00e8mes musculosquelettiques au Canada.<\/p>\n\n\n\n<p>Pour \u00eatre admissible, le projet de recherche doit :<\/p>\n\n\n\n<ol class=\"wp-block-list\">\n<li>comporter un objectif bien pr\u00e9cis destin\u00e9 \u00e0 enrichir l\u2019art et la science de la physioth\u00e9rapie;<\/li>\n\n\n\n<li>avoir un rapport direct avec le domaine de la physioth\u00e9rapie au Canada;<\/li>\n\n\n\n<li>\u00eatre directement li\u00e9 au traitement des probl\u00e8mes musculosquelettiques au Canada.<\/li>\n<\/ol>\n\n\n\n<p>Les propositions li\u00e9es aux probl\u00e8mes musculosquelettiques dans les domaines ci-apr\u00e8s seront prises en consid\u00e9ration (\u00e0 l\u2019heure actuelle, les \u00e9tudes sur les animaux ne sont pas financ\u00e9es) :<\/p>\n\n\n\n<ul class=\"wp-block-list\">\n<li>efficacit\u00e9 de la physioth\u00e9rapie manuelle;<\/li>\n\n\n\n<li>d\u00e9finition et v\u00e9rification des mesures de r\u00e9sultats;<\/li>\n\n\n\n<li>efficacit\u00e9 de la modification de douleur;<\/li>\n\n\n\n<li>efficacit\u00e9 des interventions physiques (exercices, correction de la posture);<\/li>\n\n\n\n<li>efficacit\u00e9 des modalit\u00e9s utilis\u00e9es en physioth\u00e9rapie;<\/li>\n\n\n\n<li>d\u00e9finition et v\u00e9rification de programmes ayant un rapport avec l\u2019\u00e9valuation fonctionnelle ou l\u2019\u00e9valuation de l\u2019aptitude au travail, le conditionnement au travail, le r\u00e9entra\u00eenement \u00e0 l\u2019effort, l\u2019ergonomie et les programmes d\u2019action pr\u00e9ventive ou d\u2019\u00e9ducation des clients.<\/li>\n<\/ul>\n\n\n\n<p>La priorit\u00e9 sera accord\u00e9e aux projets de recherche qui :<\/p>\n\n\n\n<ol class=\"wp-block-list\">\n<li>sont susceptibles de faire b\u00e9n\u00e9ficier au maximum la pratique de la physioth\u00e9rapie et l\u2019ensemble de la soci\u00e9t\u00e9;<\/li>\n\n\n\n<li>favorisent la collaboration avec le milieu clinique en recherche.<\/li>\n<\/ol>\n\n\n\n<p>Les sujets \u00e9sot\u00e9riques et la recherche portant sur des maladies ou affections rares seront au bas de la liste de priorit\u00e9s.<\/p>\n\n\n\n<p>Les projets de faisabilit\u00e9 et les demandes de mise de fonds initiale sont admissibles.<\/p>\n\n\n\n<h4 class=\"wp-block-heading\">Admissibilit\u00e9 du demandeur<\/h4>\n\n\n\n<p>Pour \u00eatre admissible, le chercheur principal du projet doit :<\/p>\n\n\n\n<ol class=\"wp-block-list\">\n<li>\u00eatre membre en r\u00e8gle de la division d\u2019orthop\u00e9die de l\u2019Association canadienne de physioth\u00e9rapie;<\/li>\n\n\n\n<li>d\u00e9tenir un permis de pratique de la physioth\u00e9rapie au Canada au moment de soumettre la demande et pour toute la dur\u00e9e du projet de recherche.<\/li>\n<\/ol>\n\n\n\n<h4 class=\"wp-block-heading\">Affectation des fonds<\/h4>\n\n\n\n<p>La partie budget de la demande doit comporter un expos\u00e9 d\u00e9taill\u00e9 de l\u2019emploi propos\u00e9 des fonds. Le financement n\u2019est pas destin\u00e9 \u00e0 couvrir l\u2019ensemble des co\u00fbts du projet pour lequel il est accord\u00e9. Au contraire, la fourniture d\u2019espace et d\u2019am\u00e9nagements \u00e9l\u00e9mentaires par l\u2019\u00e9tablissement d\u2019appartenance est une condition pr\u00e9alable.<\/p>\n\n\n\n<p>Les fonds peuvent servir \u00e0 :<\/p>\n\n\n\n<ul class=\"wp-block-list\">\n<li>employer des assistants (techniques ou professionnels) ou des \u00e9tudiants stagiaires;<\/li>\n\n\n\n<li>r\u00e9mun\u00e9rer des conseillers professionnels (p. ex., m\u00e9thodologies de recherche et statistiques);<\/li>\n\n\n\n<li>acheter de l\u2019\u00e9quipement et des fournitures (dont les produits consommables);<\/li>\n\n\n\n<li>entretenir l\u2019\u00e9quipement;<\/li>\n\n\n\n<li>acheter ou d\u00e9velopper des logiciels propres \u00e0 la recherche;<\/li>\n\n\n\n<li>couvrir des frais de d\u00e9placement li\u00e9s \u00e0 la recherche (p. ex., d\u00e9placement pour la collecte de donn\u00e9es).<\/li>\n<\/ul>\n\n\n\n<p>Les fonds ne peuvent pas servir \u00e0 :<\/p>\n\n\n\n<ol class=\"wp-block-list\">\n<li>r\u00e9mun\u00e9rer les chercheurs qui dirigent le projet;<\/li>\n\n\n\n<li>couvrir des frais de recherche indirects, souvent appel\u00e9s \u00ab frais g\u00e9n\u00e9raux \u00bb.<\/li>\n<\/ol>\n\n\n\n<p>Tous les demandeurs sont tenus de signer, lors de la demande, un engagement \u00e0 employer les fonds exclusivement aux fins d\u00e9clar\u00e9es.<\/p>\n\n\n\n<h4 class=\"wp-block-heading\">Calendrier et administration du financement<\/h4>\n\n\n\n<p>Les subventions \u00e0 la recherche sont normalement attribu\u00e9es pour une ann\u00e9e, du 1er janvier au 31 d\u00e9cembre; le paiement du montant int\u00e9gral de la subvention est effectu\u00e9 au d\u00e9but du projet (en janvier). Tout changement \u00e0 la p\u00e9riode vis\u00e9e par le projet ou \u00e0 sa dur\u00e9e doit \u00eatre approuv\u00e9 par de la Fondation de physioth\u00e9rapie du Canada (FPC).<\/p>\n\n\n\n<p>Les fonds seront pay\u00e9s en fiducie \u00e0 l\u2019\u00e9tablissement o\u00f9 la recherche aura lieu. La proposition doit comprendre le consentement par \u00e9crit de l\u2019\u00e9tablissement \u00e0 administrer les fonds pour le compte du demandeur.<\/p>\n\n\n\n<p>Les chercheurs fourniront un compte d\u00e9taill\u00e9 (accompagn\u00e9 de re\u00e7us) \u00e0 la FPC imm\u00e9diatement apr\u00e8s la p\u00e9riode couverte par le financement accord\u00e9. Les sommes non employ\u00e9es au cours de cette p\u00e9riode seront retourn\u00e9es \u00e0 la FPC.<\/p>\n\n\n\n<p>Les d\u00e9rogations \u00e0 cette proc\u00e9dure doivent \u00eatre approuv\u00e9es par la FPC.<\/p>\n\n\n\n<p>La FPC se r\u00e9serve le droit de suspendre la subvention ou de r\u00e9clamer la totalit\u00e9 ou une partie du montant.<\/p>\n\n\n\n<p>La somme disponible pour la subvention sera d\u00e9termin\u00e9e d\u2019un commun accord et annonc\u00e9e chaque p\u00e9riode de financement par la direction de la division d\u2019orthop\u00e9die et par la FPC. Il est entendu qu\u2019un rapport financier des activit\u00e9s figurera au rapport annuel de la division d\u2019orthop\u00e9die. Les sommes qui ne sont pas attribu\u00e9es au cours d\u2019un exercice sont ajout\u00e9es au capital pour \u00eatre r\u00e9investies.<\/p>\n\n\n\n<h4 class=\"wp-block-heading\">D\u00e9ontologie<\/h4>\n\n\n\n<p>Si la demande porte sur des exp\u00e9riences sur des humains, sur des travaux de recherche li\u00e9s \u00e0 la th\u00e9rapie g\u00e9nique somatique ou aux pathog\u00e8nes et cellules animales, les certificats ci-dessous doivent \u00eatre envoy\u00e9s au plus tard le 15 novembre 2025 \u00e0 foundation@physiotherapy.ca.<\/p>\n\n\n\n<ul class=\"wp-block-list\">\n<li>Certificat de d\u00e9ontologie s\u2019appliquant \u00e0 la recherche sur des humains (accompagn\u00e9 d\u2019une d\u00e9claration de consentement des sujets)<\/li>\n\n\n\n<li>Conditions de confinement (biorisques)<\/li>\n\n\n\n<li>Lettres de consentement des organismes collaborateurs (acc\u00e8s aux donn\u00e9es, patients).&nbsp;<\/li>\n\n\n\n<li>Certificat de soins des animaux.&nbsp;<\/li>\n<\/ul>\n\n\n\n<p>Les \u00e9tudes sur les animaux ne sont pas admissibles \u00e0 la subvention.<\/p>\n\n\n\n<p>Nous conseillons aux chercheurs qui ne sont pas associ\u00e9s avec une universit\u00e9 ou un h\u00f4pital et qui, de ce fait, n\u2019ont peut-\u00eatre pas directement acc\u00e8s \u00e0 un comit\u00e9 de r\u00e9vision d\u00e9ontologique d\u2019\u00e9tablir des rapports avec un comit\u00e9 de r\u00e9vision d\u00e9ontologique existant ou de constituer un tel comit\u00e9 conform\u00e9ment aux directives des Instituts de recherche en sant\u00e9 du Canada. Pour tout compl\u00e9ment d\u2019information, communiquez avec le Bureau de bios\u00e9curit\u00e9, Laboratoire de lutte contre la maladie, Direction g\u00e9n\u00e9rale de la protection de la sant\u00e9, Sant\u00e9 Canada (Ottawa).<\/p>\n\n\n\n<h4 class=\"wp-block-heading\">Obligations des b\u00e9n\u00e9ficiaires<\/h4>\n\n\n\n<ol class=\"wp-block-list\">\n<li>Le chercheur soumettra un rapport final sur le travail accompli au cours de la p\u00e9riode couverte par la subvention au plus tard six mois apr\u00e8s cette p\u00e9riode. Les chercheurs qui ne se conforment pas \u00e0 cette condition seront par la suite inadmissibles \u00e0 de futures aides financi\u00e8res de la Fondation de physioth\u00e9rapie du Canada ainsi qu\u2019aux prix qu\u2019elle administre.<\/li>\n\n\n\n<li>On s\u2019attend \u00e0 ce que la recherche financ\u00e9e culmine avec la publication d\u2019articles \u00e9valu\u00e9s par les pairs ou avec une pr\u00e9sentation lors d\u2019un congr\u00e8s national ou international, ou encore avec une autre demande de financement faite \u00e0 un organisme national ou f\u00e9d\u00e9ral. Toute publication d\u00e9coulant d\u2019une recherche financ\u00e9e par la subvention doit inclure le libell\u00e9 suivant :<\/li>\n<\/ol>\n\n\n\n<p><em>\u00ab Recherche financ\u00e9e par la Subvention de recherche comm\u00e9morative Alun Morgan en physioth\u00e9rapie orthop\u00e9dique, qui est administr\u00e9e par la Fondation de physioth\u00e9rapie du Canada. \u00bb<\/em><\/p>\n\n\n\n<p>Une copie d\u2019une telle publication doit \u00eatre envoy\u00e9e \u00e0 la Fondation de physioth\u00e9rapie du Canada.<\/p>\n\n\n\n<h4 class=\"wp-block-heading\">Proc\u00e9dure de demande<\/h4>\n\n\n\n<p>Les demandes sont accept\u00e9es EN LIGNE, sur la plateforme EventsAir, et doivent avoir \u00e9t\u00e9 re\u00e7ues par la Fondation de physioth\u00e9rapie du Canada au plus tard le 3 octobre\u202f2025 \u00e0 23\u202fh\u202f59 (HE).\u00a0<\/p>\n\n\n\n<p>Nous vous prions de r\u00e9diger votre demande de telle mani\u00e8re qu\u2019elle puisse \u00eatre lue et comprise de fa\u00e7on g\u00e9n\u00e9rale sans que le lecteur ait \u00e0 se reporter aux r\u00e9f\u00e9rences qui peuvent \u00eatre fournies en annexe.<\/p>\n\n\n\n<p>La demande de financement peut \u00eatre pr\u00e9sent\u00e9e dans l\u2019une ou l\u2019autre des langues officielles.<\/p>\n\n\n\n<h4 class=\"wp-block-heading\">Processus d\u2019\u00e9valuation<\/h4>\n\n\n\n<p>Les subventions \u00e0 la recherche sont d\u00e9cern\u00e9es par la Fondation de physioth\u00e9rapie du Canada (FPC) sur les conseils de son Comit\u00e9 des prix scientifiques (CPS). Le CPS et le conseil d\u2019administration de la Fondation de physioth\u00e9rapie du Canada se r\u00e9servent le droit d\u2019accepter ou de refuser toute demande.<\/p>\n\n\n\n<p>Chaque demande sera \u00e9valu\u00e9e par le CPS \u00e0 la lumi\u00e8re des priorit\u00e9s de recherche \u00e9tablies par la Fondation de physioth\u00e9rapie du Canada pour chaque prix. Les projets admissibles seront consid\u00e9r\u00e9s du point de vue de leur m\u00e9rite scientifique et de leur budget dans le cadre des r\u00e8gles pr\u00e9cit\u00e9es. Un bar\u00e8me de notation combin\u00e9 sera appliqu\u00e9 \u00e0 chaque projet pour tenir compte des crit\u00e8res d\u00e9finis ci-dessus et le financement des projets ayant la meilleure note combin\u00e9e sera recommand\u00e9 au regard des crit\u00e8res particuliers de chaque prix.<\/p>\n\n\n\n<p>Un membre du CPS ne peut intervenir dans le processus d\u00e9cisionnel concernant une demande dans laquelle il a un int\u00e9r\u00eat direct.<\/p>\n\n\n\n<p>La d\u00e9cision sera pr\u00e9sent\u00e9e par \u00e9crit, en novembre, et le versement des subventions d\u00e9butera en d\u00e9cembre.\u00a0<\/p>\n\n\n\n<p>Sur demande, les opinions et recommandations consign\u00e9es par \u00e9crit des \u00e9valuateurs seront divulgu\u00e9es aux demandeurs. Toutefois, les \u00e9valuateurs gardent le droit \u00e0 l\u2019anonymat.<\/p>\n\n\n\n<p><\/p>\n","protected":false},"excerpt":{"rendered":"<p>Subvention de recherche comm\u00e9morative Alun Morgan en physioth\u00e9rapie orthop\u00e9dique La subvention du Fonds Alun Morgan de recherche en physioth\u00e9rapie orthop\u00e9dique a \u00e9t\u00e9 mise sur pied en 1989 par la division d\u2019orthop\u00e9die de l\u2019Association canadienne de physioth\u00e9rapie, en hommage \u00e0 celui [&hellip;]<\/p>\n","protected":false},"author":2792,"featured_media":0,"parent":0,"menu_order":0,"comment_status":"closed","ping_status":"closed","template":"","meta":{"inline_featured_image":false,"ep_exclude_from_search":false,"footnotes":""},"topic":[],"class_list":["post-88194","page","type-page","status-publish","hentry"],"acf":[],"yoast_head":"<!-- This site is optimized with the Yoast SEO plugin v24.7 - https:\/\/yoast.com\/wordpress\/plugins\/seo\/ -->\n<title>R\u00e8glement: Programme de subventions 2025 - Canadian Physiotherapy Association<\/title>\n<meta name=\"robots\" content=\"index, follow, max-snippet:-1, max-image-preview:large, max-video-preview:-1\" \/>\n<link rel=\"canonical\" href=\"https:\/\/physiotherapy.ca\/fr\/subvention-de-recherche-commemorative-alun-morgan-en-physiotherapie-orthopedique\/\" \/>\n<meta property=\"og:locale\" content=\"fr_FR\" \/>\n<meta property=\"og:type\" content=\"article\" \/>\n<meta property=\"og:title\" content=\"R\u00e8glement: Programme de subventions 2025 - Canadian Physiotherapy Association\" \/>\n<meta property=\"og:description\" content=\"Subvention de recherche comm\u00e9morative Alun Morgan en physioth\u00e9rapie orthop\u00e9dique La subvention du Fonds Alun Morgan de recherche en physioth\u00e9rapie orthop\u00e9dique a \u00e9t\u00e9 mise sur pied en 1989 par la division d\u2019orthop\u00e9die de l\u2019Association canadienne de physioth\u00e9rapie, en hommage \u00e0 celui [&hellip;]\" \/>\n<meta property=\"og:url\" content=\"https:\/\/physiotherapy.ca\/fr\/subvention-de-recherche-commemorative-alun-morgan-en-physiotherapie-orthopedique\/\" \/>\n<meta property=\"og:site_name\" content=\"Canadian Physiotherapy Association\" \/>\n<meta property=\"article:modified_time\" content=\"2025-08-29T13:43:49+00:00\" \/>\n<meta name=\"twitter:card\" content=\"summary_large_image\" \/>\n<meta name=\"twitter:label1\" content=\"Est. reading time\" \/>\n\t<meta name=\"twitter:data1\" content=\"6 minutes\" \/>\n<script type=\"application\/ld+json\" class=\"yoast-schema-graph\">{\"@context\":\"https:\/\/schema.org\",\"@graph\":[{\"@type\":\"WebPage\",\"@id\":\"https:\/\/physiotherapy.ca\/fr\/subvention-de-recherche-commemorative-alun-morgan-en-physiotherapie-orthopedique\/\",\"url\":\"https:\/\/physiotherapy.ca\/fr\/subvention-de-recherche-commemorative-alun-morgan-en-physiotherapie-orthopedique\/\",\"name\":\"R\u00e8glement: Programme de subventions 2025 - Canadian Physiotherapy Association\",\"isPartOf\":{\"@id\":\"https:\/\/physiotherapy.ca\/#website\"},\"datePublished\":\"2023-01-13T15:08:05+00:00\",\"dateModified\":\"2025-08-29T13:43:49+00:00\",\"breadcrumb\":{\"@id\":\"https:\/\/physiotherapy.ca\/fr\/subvention-de-recherche-commemorative-alun-morgan-en-physiotherapie-orthopedique\/#breadcrumb\"},\"inLanguage\":\"fr-FR\",\"potentialAction\":[{\"@type\":\"ReadAction\",\"target\":[\"https:\/\/physiotherapy.ca\/fr\/subvention-de-recherche-commemorative-alun-morgan-en-physiotherapie-orthopedique\/\"]}]},{\"@type\":\"BreadcrumbList\",\"@id\":\"https:\/\/physiotherapy.ca\/fr\/subvention-de-recherche-commemorative-alun-morgan-en-physiotherapie-orthopedique\/#breadcrumb\",\"itemListElement\":[{\"@type\":\"ListItem\",\"position\":1,\"name\":\"Home\",\"item\":\"https:\/\/physiotherapy.ca\/fr\/\"},{\"@type\":\"ListItem\",\"position\":2,\"name\":\"R\u00e8glement: Programme de subventions 2025\"}]},{\"@type\":\"WebSite\",\"@id\":\"https:\/\/physiotherapy.ca\/#website\",\"url\":\"https:\/\/physiotherapy.ca\/\",\"name\":\"Canadian Physiotherapy Association\",\"description\":\"The Canadian Physiotherapy Association (CPA) represents over 16,000 physiotherapy professionals and students across Canada.\",\"potentialAction\":[{\"@type\":\"SearchAction\",\"target\":{\"@type\":\"EntryPoint\",\"urlTemplate\":\"https:\/\/physiotherapy.ca\/?s={search_term_string}\"},\"query-input\":{\"@type\":\"PropertyValueSpecification\",\"valueRequired\":true,\"valueName\":\"search_term_string\"}}],\"inLanguage\":\"fr-FR\"}]}<\/script>\n<!-- \/ Yoast SEO plugin. -->","yoast_head_json":{"title":"R\u00e8glement: Programme de subventions 2025 - Canadian Physiotherapy Association","robots":{"index":"index","follow":"follow","max-snippet":"max-snippet:-1","max-image-preview":"max-image-preview:large","max-video-preview":"max-video-preview:-1"},"canonical":"https:\/\/physiotherapy.ca\/fr\/subvention-de-recherche-commemorative-alun-morgan-en-physiotherapie-orthopedique\/","og_locale":"fr_FR","og_type":"article","og_title":"R\u00e8glement: Programme de subventions 2025 - Canadian Physiotherapy Association","og_description":"Subvention de recherche comm\u00e9morative Alun Morgan en physioth\u00e9rapie orthop\u00e9dique La subvention du Fonds Alun Morgan de recherche en physioth\u00e9rapie orthop\u00e9dique a \u00e9t\u00e9 mise sur pied en 1989 par la division d\u2019orthop\u00e9die de l\u2019Association canadienne de physioth\u00e9rapie, en hommage \u00e0 celui [&hellip;]","og_url":"https:\/\/physiotherapy.ca\/fr\/subvention-de-recherche-commemorative-alun-morgan-en-physiotherapie-orthopedique\/","og_site_name":"Canadian Physiotherapy Association","article_modified_time":"2025-08-29T13:43:49+00:00","twitter_card":"summary_large_image","twitter_misc":{"Est. reading time":"6 minutes"},"schema":{"@context":"https:\/\/schema.org","@graph":[{"@type":"WebPage","@id":"https:\/\/physiotherapy.ca\/fr\/subvention-de-recherche-commemorative-alun-morgan-en-physiotherapie-orthopedique\/","url":"https:\/\/physiotherapy.ca\/fr\/subvention-de-recherche-commemorative-alun-morgan-en-physiotherapie-orthopedique\/","name":"R\u00e8glement: Programme de subventions 2025 - Canadian Physiotherapy Association","isPartOf":{"@id":"https:\/\/physiotherapy.ca\/#website"},"datePublished":"2023-01-13T15:08:05+00:00","dateModified":"2025-08-29T13:43:49+00:00","breadcrumb":{"@id":"https:\/\/physiotherapy.ca\/fr\/subvention-de-recherche-commemorative-alun-morgan-en-physiotherapie-orthopedique\/#breadcrumb"},"inLanguage":"fr-FR","potentialAction":[{"@type":"ReadAction","target":["https:\/\/physiotherapy.ca\/fr\/subvention-de-recherche-commemorative-alun-morgan-en-physiotherapie-orthopedique\/"]}]},{"@type":"BreadcrumbList","@id":"https:\/\/physiotherapy.ca\/fr\/subvention-de-recherche-commemorative-alun-morgan-en-physiotherapie-orthopedique\/#breadcrumb","itemListElement":[{"@type":"ListItem","position":1,"name":"Home","item":"https:\/\/physiotherapy.ca\/fr\/"},{"@type":"ListItem","position":2,"name":"R\u00e8glement: Programme de subventions 2025"}]},{"@type":"WebSite","@id":"https:\/\/physiotherapy.ca\/#website","url":"https:\/\/physiotherapy.ca\/","name":"Canadian Physiotherapy Association","description":"The Canadian Physiotherapy Association (CPA) represents over 16,000 physiotherapy professionals and students across Canada.","potentialAction":[{"@type":"SearchAction","target":{"@type":"EntryPoint","urlTemplate":"https:\/\/physiotherapy.ca\/?s={search_term_string}"},"query-input":{"@type":"PropertyValueSpecification","valueRequired":true,"valueName":"search_term_string"}}],"inLanguage":"fr-FR"}]}},"_links":{"self":[{"href":"https:\/\/physiotherapy.ca\/fr\/wp-json\/wp\/v2\/pages\/88194","targetHints":{"allow":["GET"]}}],"collection":[{"href":"https:\/\/physiotherapy.ca\/fr\/wp-json\/wp\/v2\/pages"}],"about":[{"href":"https:\/\/physiotherapy.ca\/fr\/wp-json\/wp\/v2\/types\/page"}],"author":[{"embeddable":true,"href":"https:\/\/physiotherapy.ca\/fr\/wp-json\/wp\/v2\/users\/2792"}],"replies":[{"embeddable":true,"href":"https:\/\/physiotherapy.ca\/fr\/wp-json\/wp\/v2\/comments?post=88194"}],"version-history":[{"count":7,"href":"https:\/\/physiotherapy.ca\/fr\/wp-json\/wp\/v2\/pages\/88194\/revisions"}],"predecessor-version":[{"id":275975,"href":"https:\/\/physiotherapy.ca\/fr\/wp-json\/wp\/v2\/pages\/88194\/revisions\/275975"}],"wp:attachment":[{"href":"https:\/\/physiotherapy.ca\/fr\/wp-json\/wp\/v2\/media?parent=88194"}],"wp:term":[{"taxonomy":"topic","embeddable":true,"href":"https:\/\/physiotherapy.ca\/fr\/wp-json\/wp\/v2\/topic?post=88194"}],"curies":[{"name":"wp","href":"https:\/\/api.w.org\/{rel}","templated":true}]}}