{"id":88205,"date":"2023-01-13T10:31:36","date_gmt":"2023-01-13T15:31:36","guid":{"rendered":"https:\/\/physiotherapy.ca\/?page_id=88205"},"modified":"2025-08-14T17:24:42","modified_gmt":"2025-08-14T21:24:42","slug":"bourse-commemorative-ann-collins-whitmore","status":"publish","type":"page","link":"https:\/\/physiotherapy.ca\/fr\/bourse-commemorative-ann-collins-whitmore\/","title":{"rendered":"R\u00e8glement: Programme de subventions 2025"},"content":{"rendered":"\n<h3 class=\"wp-block-heading\">Bourse comm\u00e9morative Ann Collins Whitmore<\/h3>\n\n\n\n<p>Physioth\u00e9rapeute d\u00e9vou\u00e9e, Ann Collins Whitmore s\u2019est consacr\u00e9e \u00e0 ses patients du d\u00e9but de sa carri\u00e8re dans les forces arm\u00e9es canadiennes, pendant la Seconde Guerre mondiale, jusqu\u2019\u00e0 la fin, alors qu\u2019elle \u00e9tait presque devenue aveugle. Son legs pr\u00e9voit des bourses aux personnes qui ont termin\u00e9 un programme de physioth\u00e9rapie professionnelle et qui sont inscrites \u00e0 un programme menant \u00e0 un doctorat ou \u00e0 une ma\u00eetrise post-professionnelle. Elles doivent r\u00e9aliser un projet de recherche exig\u00e9 par leur universit\u00e9 pour terminer leur programme. Les candidatures de personnes aveugles auront la priorit\u00e9. Le montant est plafonn\u00e9 \u00e0 4 000 $ par bourse. Les bourses doivent servir de fonds de lancement, surtout pour des projets pilotes ou de faisabilit\u00e9. Le demandeur doit \u00eatre membre de l\u2019ACP.<\/p>\n\n\n\n<hr class=\"wp-block-separator has-alpha-channel-opacity\"\/>\n\n\n\n<h4 class=\"wp-block-heading\">R\u00e8glement<\/h4>\n\n\n\n<ol class=\"wp-block-list\">\n<li>La Fondation de physioth\u00e9rapie du Canada, sur les conseils de son Comit\u00e9 des prix scientifiques (CPS), octroie les bourses comm\u00e9moratives Ann Collins Whitmore. Le conseil d\u2019administration de la FPC se r\u00e9serve le droit d\u2019accepter ou de refuser toute demande.<br><\/li>\n\n\n\n<li>Chaque bourse est habituellement attribu\u00e9e pour une p\u00e9riode de 12 mois. Sous r\u00e9serve d\u2019une nouvelle demande et d\u2019une appr\u00e9ciation favorable, la bourse peut \u00eatre renouvel\u00e9e pour une deuxi\u00e8me p\u00e9riode de 12 mois, du 1er janvier au 31 d\u00e9cembre. \u00c0 la fin de la p\u00e9riode vis\u00e9e, les b\u00e9n\u00e9ficiaires doivent pr\u00e9senter un rapport complet \u00e0 la FPC, y compris leurs plans pour la diss\u00e9mination publique des r\u00e9sultats de leur recherche. Ce rapport doit \u00eatre envoy\u00e9 \u00e0 la FPC avant le 28 f\u00e9vrier ao\u00fbt de l\u2019ann\u00e9e suivant l\u2019octroi de la premi\u00e8re bourse.<br><\/li>\n\n\n\n<li>La bourse est valide dans les universit\u00e9s canadiennes. Elle est aussi ouverte aux personnes officiellement aveugles qui poursuivent des \u00e9tudes de physioth\u00e9rapie dans un centre \u00e0 l\u2019ext\u00e9rieur du Canada, o\u00f9 des cours sont propos\u00e9s aux \u00e9tudiants aveugles. Les demandeurs inscrits \u00e0 un cours de niveau d\u2019entr\u00e9e en physioth\u00e9rapie dans le cadre d\u2019un programme de ma\u00eetrise ne sont pas admissibles. Les b\u00e9n\u00e9ficiaires qui sont officiellement aveugles doivent \u00eatre inscrits comme \u00e9tudiants \u00e0 plein temps \u00e0 leur programme.<br><\/li>\n\n\n\n<li>Les b\u00e9n\u00e9ficiaires qui sont \u00e0 la ma\u00eetrise ou au doctorat devraient id\u00e9alement se consacrer au sujet vis\u00e9 par leur demande de bourse durant une p\u00e9riode de 12 mois cons\u00e9cutifs (trois trimestres). Les personnes inscrites \u00e0 temps partiel peuvent tout de m\u00eame demander une aide financi\u00e8re. Les personnes dont la demande est accept\u00e9e doivent participer \u00e0 un projet de recherche qui r\u00e9pond aux conditions d\u2019obtention du dipl\u00f4me de leur programme. Ce projet de recherche doit cadrer avec la mission de la FPC. Les b\u00e9n\u00e9ficiaires doivent consacrer au moins 50 % de leur temps \u00e0 des activit\u00e9s li\u00e9es au financement. Ils peuvent profiter d\u2019autres formes d\u2019aide financi\u00e8re aux \u00e9tudes, pourvu que la valeur de l\u2019ensemble des bourses et subventions, y compris la bourse que voici, ne d\u00e9passe pas les 25 000 $.<br><\/li>\n\n\n\n<li>Si la bourse ne couvre pas la p\u00e9riode d\u00e9clar\u00e9e, il y a lieu d\u2019en informer la FPC; il y aura une r\u00e9duction proportionnelle du montant du financement.<br><\/li>\n\n\n\n<li>Les bourses sont ouvertes aux citoyens canadiens, immigrants re\u00e7us ou r\u00e9sidents au Canada (pendant la dur\u00e9e de la subvention) munis d\u2019un permis de travail ou d\u2019\u00e9tudes valable. Le demandeur doit \u00eatre membre de l\u2019ACP.<br><\/li>\n\n\n\n<li>Les membres des comit\u00e9s de la FPC peuvent pr\u00e9senter une demande, mais ne peuvent intervenir dans le processus de d\u00e9cision ni dans la d\u00e9termination de la suite donn\u00e9e aux demandes.<br><\/li>\n\n\n\n<li>Si le travail d\u2019un candidat donne lieu \u00e0 la publication d\u2019articles ou d\u2019une th\u00e8se, il devra y mentionner l\u2019aide fournie par la FPC et la bourse. Par exemple, il convient d\u2019ins\u00e9rer un libell\u00e9 comme : \u00ab Recherche financ\u00e9e en partie par la Bourse comm\u00e9morative Ann Collins Whitmore de la Fondation de physioth\u00e9rapie du Canada. \u00bb Il devra en outre envoyer un exemplaire de son travail aux bureaux de la FPC.<\/li>\n<\/ol>\n\n\n\n<h4 class=\"wp-block-heading\">Proc\u00e9dure<\/h4>\n\n\n\n<ol class=\"wp-block-list\">\n<li>Les demandes sont accept\u00e9es EN LIGNE, sur la plateforme EventsAir, et doivent avoir \u00e9t\u00e9 re\u00e7ues au plus tard le 3 octobre 2025 \u00e0 23 h 59 (HE). La d\u00e9cision sera pr\u00e9sent\u00e9e par \u00e9crit, en novembre, et le versement des subventions d\u00e9butera en d\u00e9cembre.\u00a0<br><\/li>\n\n\n\n<li>La demande de financement peut \u00eatre pr\u00e9sent\u00e9e dans l\u2019une ou l\u2019autre des langues officielles.<\/li>\n<\/ol>\n\n\n\n<p>Le demandeur est tenu de prendre les dispositions pour que les documents ci-apr\u00e8s parviennent \u00e0 la FPC:<\/p>\n\n\n\n<ul class=\"wp-block-list\">\n<li>une lettre de recommandation de la part de son superviseur ou de son conseiller qui indique \u00e9galement les grandes lignes du programme de recherche propos\u00e9;<\/li>\n\n\n\n<li>deux autres lettres de recommandation;<\/li>\n\n\n\n<li>une lettre du directeur de d\u00e9partement de l\u2019universit\u00e9 qui confirme l\u2019admission du demandeur \u00e0 l\u2019un des programmes d\u00e9crits dans le pr\u00e9sent r\u00e8glement \u2013 si le demandeur n\u2019y est pas inscrit au moment de la demande, tout accord de financement est conditionnel \u00e0 la r\u00e9ception d\u2019une confirmation \u00e9crite de son inscription au programme en question; la FPC ne d\u00e9caissera pas de fonds avant d\u2019avoir re\u00e7u une preuve d\u2019inscription.<\/li>\n<\/ul>\n\n\n\n<h4 class=\"wp-block-heading\">Obligations des b\u00e9n\u00e9ficiaires<\/h4>\n\n\n\n<ol class=\"wp-block-list\">\n<li>Le chercheur soumettra un rapport final sur le travail accompli au cours de la p\u00e9riode couverte par la bourse de recherche au plus tard deux mois apr\u00e8s cette p\u00e9riode (normalement le 28 f\u00e9vrier). Les chercheurs qui ne se conforment pas \u00e0 cette condition seront par la suite inadmissibles \u00e0 de futures aides financi\u00e8res de la Fondation de physioth\u00e9rapie du Canada ainsi qu\u2019aux prix qu\u2019elle administre.<br><\/li>\n\n\n\n<li>On s\u2019attend \u00e0 ce que la recherche culmine avec la publication d\u2019articles \u00e9valu\u00e9s par les pairs ou avec une pr\u00e9sentation lors d\u2019un congr\u00e8s national ou international, ou encore avec une autre demande de financement faite \u00e0 un organisme national ou f\u00e9d\u00e9ral. Une copie d\u2019une telle publication doit \u00eatre envoy\u00e9e \u00e0 la Fondation de physioth\u00e9rapie du Canada. Toute publication d\u00e9coulant d\u2019une recherche financ\u00e9e par la bourse et la Fondation de physioth\u00e9rapie du Canada doit inclure le libell\u00e9 suivant :<\/li>\n<\/ol>\n\n\n\n<p><em>\u00ab Recherche financ\u00e9e par la Bourse comm\u00e9morative Ann Collins Whitmore de la Fondation de physioth\u00e9rapie du Canada. \u00bb<\/em><\/p>\n","protected":false},"excerpt":{"rendered":"<p>Bourse comm\u00e9morative Ann Collins Whitmore Physioth\u00e9rapeute d\u00e9vou\u00e9e, Ann Collins Whitmore s\u2019est consacr\u00e9e \u00e0 ses patients du d\u00e9but de sa carri\u00e8re dans les forces arm\u00e9es canadiennes, pendant la Seconde Guerre mondiale, jusqu\u2019\u00e0 la fin, alors qu\u2019elle \u00e9tait presque devenue aveugle. Son [&hellip;]<\/p>\n","protected":false},"author":2792,"featured_media":0,"parent":0,"menu_order":0,"comment_status":"closed","ping_status":"closed","template":"","meta":{"inline_featured_image":false,"ep_exclude_from_search":false,"footnotes":""},"topic":[],"class_list":["post-88205","page","type-page","status-publish","hentry"],"acf":[],"yoast_head":"<!-- This site is optimized with the Yoast SEO plugin v24.7 - https:\/\/yoast.com\/wordpress\/plugins\/seo\/ -->\n<title>R\u00e8glement: Programme de subventions 2025 - Canadian Physiotherapy Association<\/title>\n<meta name=\"robots\" content=\"index, follow, max-snippet:-1, max-image-preview:large, max-video-preview:-1\" \/>\n<link rel=\"canonical\" href=\"https:\/\/physiotherapy.ca\/fr\/bourse-commemorative-ann-collins-whitmore\/\" \/>\n<meta property=\"og:locale\" content=\"fr_FR\" \/>\n<meta property=\"og:type\" content=\"article\" \/>\n<meta property=\"og:title\" content=\"R\u00e8glement: Programme de subventions 2025 - Canadian Physiotherapy Association\" \/>\n<meta property=\"og:description\" content=\"Bourse comm\u00e9morative Ann Collins Whitmore Physioth\u00e9rapeute d\u00e9vou\u00e9e, Ann Collins Whitmore s\u2019est consacr\u00e9e \u00e0 ses patients du d\u00e9but de sa carri\u00e8re dans les forces arm\u00e9es canadiennes, pendant la Seconde Guerre mondiale, jusqu\u2019\u00e0 la fin, alors qu\u2019elle \u00e9tait presque devenue aveugle. Son [&hellip;]\" \/>\n<meta property=\"og:url\" content=\"https:\/\/physiotherapy.ca\/fr\/bourse-commemorative-ann-collins-whitmore\/\" \/>\n<meta property=\"og:site_name\" content=\"Canadian Physiotherapy Association\" \/>\n<meta property=\"article:modified_time\" content=\"2025-08-14T21:24:42+00:00\" \/>\n<meta name=\"twitter:card\" content=\"summary_large_image\" \/>\n<meta name=\"twitter:label1\" content=\"Est. reading time\" \/>\n\t<meta name=\"twitter:data1\" content=\"5 minutes\" \/>\n<script type=\"application\/ld+json\" class=\"yoast-schema-graph\">{\"@context\":\"https:\/\/schema.org\",\"@graph\":[{\"@type\":\"WebPage\",\"@id\":\"https:\/\/physiotherapy.ca\/fr\/bourse-commemorative-ann-collins-whitmore\/\",\"url\":\"https:\/\/physiotherapy.ca\/fr\/bourse-commemorative-ann-collins-whitmore\/\",\"name\":\"R\u00e8glement: Programme de subventions 2025 - Canadian Physiotherapy Association\",\"isPartOf\":{\"@id\":\"https:\/\/physiotherapy.ca\/#website\"},\"datePublished\":\"2023-01-13T15:31:36+00:00\",\"dateModified\":\"2025-08-14T21:24:42+00:00\",\"breadcrumb\":{\"@id\":\"https:\/\/physiotherapy.ca\/fr\/bourse-commemorative-ann-collins-whitmore\/#breadcrumb\"},\"inLanguage\":\"fr-FR\",\"potentialAction\":[{\"@type\":\"ReadAction\",\"target\":[\"https:\/\/physiotherapy.ca\/fr\/bourse-commemorative-ann-collins-whitmore\/\"]}]},{\"@type\":\"BreadcrumbList\",\"@id\":\"https:\/\/physiotherapy.ca\/fr\/bourse-commemorative-ann-collins-whitmore\/#breadcrumb\",\"itemListElement\":[{\"@type\":\"ListItem\",\"position\":1,\"name\":\"Home\",\"item\":\"https:\/\/physiotherapy.ca\/fr\/\"},{\"@type\":\"ListItem\",\"position\":2,\"name\":\"R\u00e8glement: Programme de subventions 2025\"}]},{\"@type\":\"WebSite\",\"@id\":\"https:\/\/physiotherapy.ca\/#website\",\"url\":\"https:\/\/physiotherapy.ca\/\",\"name\":\"Canadian Physiotherapy Association\",\"description\":\"The Canadian Physiotherapy Association (CPA) represents over 16,000 physiotherapy professionals and students across Canada.\",\"potentialAction\":[{\"@type\":\"SearchAction\",\"target\":{\"@type\":\"EntryPoint\",\"urlTemplate\":\"https:\/\/physiotherapy.ca\/?s={search_term_string}\"},\"query-input\":{\"@type\":\"PropertyValueSpecification\",\"valueRequired\":true,\"valueName\":\"search_term_string\"}}],\"inLanguage\":\"fr-FR\"}]}<\/script>\n<!-- \/ Yoast SEO plugin. -->","yoast_head_json":{"title":"R\u00e8glement: Programme de subventions 2025 - Canadian Physiotherapy Association","robots":{"index":"index","follow":"follow","max-snippet":"max-snippet:-1","max-image-preview":"max-image-preview:large","max-video-preview":"max-video-preview:-1"},"canonical":"https:\/\/physiotherapy.ca\/fr\/bourse-commemorative-ann-collins-whitmore\/","og_locale":"fr_FR","og_type":"article","og_title":"R\u00e8glement: Programme de subventions 2025 - Canadian Physiotherapy Association","og_description":"Bourse comm\u00e9morative Ann Collins Whitmore Physioth\u00e9rapeute d\u00e9vou\u00e9e, Ann Collins Whitmore s\u2019est consacr\u00e9e \u00e0 ses patients du d\u00e9but de sa carri\u00e8re dans les forces arm\u00e9es canadiennes, pendant la Seconde Guerre mondiale, jusqu\u2019\u00e0 la fin, alors qu\u2019elle \u00e9tait presque devenue aveugle. Son [&hellip;]","og_url":"https:\/\/physiotherapy.ca\/fr\/bourse-commemorative-ann-collins-whitmore\/","og_site_name":"Canadian Physiotherapy Association","article_modified_time":"2025-08-14T21:24:42+00:00","twitter_card":"summary_large_image","twitter_misc":{"Est. reading time":"5 minutes"},"schema":{"@context":"https:\/\/schema.org","@graph":[{"@type":"WebPage","@id":"https:\/\/physiotherapy.ca\/fr\/bourse-commemorative-ann-collins-whitmore\/","url":"https:\/\/physiotherapy.ca\/fr\/bourse-commemorative-ann-collins-whitmore\/","name":"R\u00e8glement: Programme de subventions 2025 - Canadian Physiotherapy Association","isPartOf":{"@id":"https:\/\/physiotherapy.ca\/#website"},"datePublished":"2023-01-13T15:31:36+00:00","dateModified":"2025-08-14T21:24:42+00:00","breadcrumb":{"@id":"https:\/\/physiotherapy.ca\/fr\/bourse-commemorative-ann-collins-whitmore\/#breadcrumb"},"inLanguage":"fr-FR","potentialAction":[{"@type":"ReadAction","target":["https:\/\/physiotherapy.ca\/fr\/bourse-commemorative-ann-collins-whitmore\/"]}]},{"@type":"BreadcrumbList","@id":"https:\/\/physiotherapy.ca\/fr\/bourse-commemorative-ann-collins-whitmore\/#breadcrumb","itemListElement":[{"@type":"ListItem","position":1,"name":"Home","item":"https:\/\/physiotherapy.ca\/fr\/"},{"@type":"ListItem","position":2,"name":"R\u00e8glement: Programme de subventions 2025"}]},{"@type":"WebSite","@id":"https:\/\/physiotherapy.ca\/#website","url":"https:\/\/physiotherapy.ca\/","name":"Canadian Physiotherapy Association","description":"The Canadian Physiotherapy Association (CPA) represents over 16,000 physiotherapy professionals and students across Canada.","potentialAction":[{"@type":"SearchAction","target":{"@type":"EntryPoint","urlTemplate":"https:\/\/physiotherapy.ca\/?s={search_term_string}"},"query-input":{"@type":"PropertyValueSpecification","valueRequired":true,"valueName":"search_term_string"}}],"inLanguage":"fr-FR"}]}},"_links":{"self":[{"href":"https:\/\/physiotherapy.ca\/fr\/wp-json\/wp\/v2\/pages\/88205","targetHints":{"allow":["GET"]}}],"collection":[{"href":"https:\/\/physiotherapy.ca\/fr\/wp-json\/wp\/v2\/pages"}],"about":[{"href":"https:\/\/physiotherapy.ca\/fr\/wp-json\/wp\/v2\/types\/page"}],"author":[{"embeddable":true,"href":"https:\/\/physiotherapy.ca\/fr\/wp-json\/wp\/v2\/users\/2792"}],"replies":[{"embeddable":true,"href":"https:\/\/physiotherapy.ca\/fr\/wp-json\/wp\/v2\/comments?post=88205"}],"version-history":[{"count":5,"href":"https:\/\/physiotherapy.ca\/fr\/wp-json\/wp\/v2\/pages\/88205\/revisions"}],"predecessor-version":[{"id":275977,"href":"https:\/\/physiotherapy.ca\/fr\/wp-json\/wp\/v2\/pages\/88205\/revisions\/275977"}],"wp:attachment":[{"href":"https:\/\/physiotherapy.ca\/fr\/wp-json\/wp\/v2\/media?parent=88205"}],"wp:term":[{"taxonomy":"topic","embeddable":true,"href":"https:\/\/physiotherapy.ca\/fr\/wp-json\/wp\/v2\/topic?post=88205"}],"curies":[{"name":"wp","href":"https:\/\/api.w.org\/{rel}","templated":true}]}}