{"id":88210,"date":"2023-01-13T10:37:42","date_gmt":"2023-01-13T15:37:42","guid":{"rendered":"https:\/\/physiotherapy.ca\/?page_id=88210"},"modified":"2025-08-27T10:08:21","modified_gmt":"2025-08-27T14:08:21","slug":"liste-de-verification-pour-la-bourse-commemorative-ann-collins-whitmore","status":"publish","type":"page","link":"https:\/\/physiotherapy.ca\/fr\/liste-de-verification-pour-la-bourse-commemorative-ann-collins-whitmore\/","title":{"rendered":"Liste de v\u00e9rification pour la Bourse comm\u00e9morative Ann Collins Whitmore\u00a0"},"content":{"rendered":"\n<h4 class=\"wp-block-heading\"><strong>Renseignements \u00e0 t\u00e9l\u00e9verser directement sur la plateforme EventsAir<\/strong>&nbsp;<\/h4>\n\n\n\n<ul class=\"wp-block-list\">\n<li>Nom, coordonn\u00e9es et qualification professionnelle du demandeur<\/li>\n\n\n\n<li>Br\u00e8ve description (max.\u202f400\u202fmots) de la raison d\u2019\u00eatre du projet de recherche, notamment\u202f:\n<ul class=\"wp-block-list\">\n<li>les principaux objectifs de l\u2019\u00e9tude (et une explication claire de la m\u00e9thodologie et du mode d\u2019analyse des donn\u00e9es utilis\u00e9s);&nbsp;<\/li>\n\n\n\n<li>une br\u00e8ve explication de la fa\u00e7on dont les r\u00e9sultats contribueront \u00e0 l\u2019art et \u00e0 la science de la physioth\u00e9rapie.<\/li>\n<\/ul>\n<\/li>\n\n\n\n<li>Description succincte (max.\u202f200\u202f mots) de vos objectifs professionnels ainsi que des moyens que vous emploierez pour les r\u00e9aliser&nbsp;<\/li>\n\n\n\n<li>Autres sources de revenus pour r\u00e9aliser le projet&nbsp;<\/li>\n<\/ul>\n\n\n\n<h4 class=\"wp-block-heading\"><strong>Renseignements \u00e0 joindre sous forme de PDF individuels&nbsp;<\/strong>&nbsp;<\/h4>\n\n\n\n<ul class=\"wp-block-list\">\n<li>Trois (3) lettres de recommandation de personnes-ressources de votre domaine&nbsp;<\/li>\n\n\n\n<li>Une lettre du directeur de d\u00e9partement de votre universit\u00e9 pour confirmer votre admission dans le programme&nbsp;<\/li>\n\n\n\n<li>Un relev\u00e9 de notes de tous les cours de niveau universitaire suivis, incluant, s\u2019il s\u2019agit de cours suivis dans une universit\u00e9 \u00e9trang\u00e8re, les conversions de notes \u00e9tablies par le secr\u00e9tariat des \u00e9tudes sup\u00e9rieures&nbsp;<\/li>\n\n\n\n<li>Votre curriculum vitae (max. 3\u202fpages)&nbsp;<\/li>\n\n\n\n<li>Le curriculum vitae de votre superviseur (max. 3\u202fpages), qui <br>fait \u00e9tat\u202f:\n<ul class=\"wp-block-list\">\n<li>de ses \u00e9tudes et activit\u00e9s professionnelles;&nbsp;<\/li>\n\n\n\n<li>de son exp\u00e9rience de supervision d\u2019\u00e9tudiants aux cycles sup\u00e9rieurs;&nbsp;<\/li>\n\n\n\n<li>des subventions dont il a b\u00e9n\u00e9fici\u00e9 (y compris les montants et les dates de d\u00e9but et de fin);&nbsp;&nbsp;<\/li>\n\n\n\n<li>ses publications pr\u00e9sent\u00e9es de fa\u00e7on sommaire\u202f: publications \u00e9valu\u00e9es par les pairs des cinq (5) derni\u00e8res ann\u00e9es et nombre total de publications \u00e9valu\u00e9es par les pairs ou non et r\u00e9sum\u00e9s de recherche.&nbsp;<br>&nbsp;<\/li>\n<\/ul>\n<\/li>\n<\/ul>\n\n\n\n<div style=\"height:69px\" aria-hidden=\"true\" class=\"wp-block-spacer\"><\/div>\n\n\n\n<div class=\"wp-block-buttons is-layout-flex wp-block-buttons-is-layout-flex\">\n<div class=\"wp-block-button\"><a class=\"wp-block-button__link wp-element-button\" href=\"https:\/\/physiocanada.eventsair.com\/physiotherapy-foundation-of-canada-awards\/2025anncollinsscholarship\" target=\"_blank\" rel=\"noreferrer noopener\">D\u00e9poser une demande en ligne<\/a><\/div>\n<\/div>\n","protected":false},"excerpt":{"rendered":"<p>Renseignements \u00e0 t\u00e9l\u00e9verser directement sur la plateforme EventsAir&nbsp; Renseignements \u00e0 joindre sous forme de PDF individuels&nbsp;&nbsp;<\/p>\n","protected":false},"author":2792,"featured_media":0,"parent":0,"menu_order":0,"comment_status":"closed","ping_status":"closed","template":"","meta":{"inline_featured_image":false,"ep_exclude_from_search":false,"footnotes":""},"topic":[],"class_list":["post-88210","page","type-page","status-publish","hentry"],"acf":[],"yoast_head":"<!-- This site is optimized with the Yoast SEO plugin v24.7 - https:\/\/yoast.com\/wordpress\/plugins\/seo\/ -->\n<title>Liste de v\u00e9rification pour la Bourse comm\u00e9morative Ann Collins Whitmore\u00a0 - Canadian Physiotherapy Association<\/title>\n<meta name=\"robots\" content=\"index, follow, max-snippet:-1, max-image-preview:large, max-video-preview:-1\" \/>\n<link rel=\"canonical\" href=\"https:\/\/physiotherapy.ca\/fr\/liste-de-verification-pour-la-bourse-commemorative-ann-collins-whitmore\/\" \/>\n<meta property=\"og:locale\" content=\"fr_FR\" \/>\n<meta property=\"og:type\" content=\"article\" \/>\n<meta property=\"og:title\" content=\"Liste de v\u00e9rification pour la Bourse comm\u00e9morative Ann Collins Whitmore\u00a0 - Canadian Physiotherapy Association\" \/>\n<meta property=\"og:description\" content=\"Renseignements \u00e0 t\u00e9l\u00e9verser directement sur la plateforme EventsAir&nbsp; Renseignements \u00e0 joindre sous forme de PDF individuels&nbsp;&nbsp;\" \/>\n<meta property=\"og:url\" content=\"https:\/\/physiotherapy.ca\/fr\/liste-de-verification-pour-la-bourse-commemorative-ann-collins-whitmore\/\" \/>\n<meta property=\"og:site_name\" content=\"Canadian Physiotherapy Association\" \/>\n<meta property=\"article:modified_time\" content=\"2025-08-27T14:08:21+00:00\" \/>\n<meta name=\"twitter:card\" content=\"summary_large_image\" \/>\n<meta name=\"twitter:label1\" content=\"Est. reading time\" \/>\n\t<meta name=\"twitter:data1\" content=\"2 minutes\" \/>\n<script type=\"application\/ld+json\" class=\"yoast-schema-graph\">{\"@context\":\"https:\/\/schema.org\",\"@graph\":[{\"@type\":\"WebPage\",\"@id\":\"https:\/\/physiotherapy.ca\/fr\/liste-de-verification-pour-la-bourse-commemorative-ann-collins-whitmore\/\",\"url\":\"https:\/\/physiotherapy.ca\/fr\/liste-de-verification-pour-la-bourse-commemorative-ann-collins-whitmore\/\",\"name\":\"Liste de v\u00e9rification pour la Bourse comm\u00e9morative Ann Collins Whitmore\u00a0 - Canadian Physiotherapy Association\",\"isPartOf\":{\"@id\":\"https:\/\/physiotherapy.ca\/#website\"},\"datePublished\":\"2023-01-13T15:37:42+00:00\",\"dateModified\":\"2025-08-27T14:08:21+00:00\",\"breadcrumb\":{\"@id\":\"https:\/\/physiotherapy.ca\/fr\/liste-de-verification-pour-la-bourse-commemorative-ann-collins-whitmore\/#breadcrumb\"},\"inLanguage\":\"fr-FR\",\"potentialAction\":[{\"@type\":\"ReadAction\",\"target\":[\"https:\/\/physiotherapy.ca\/fr\/liste-de-verification-pour-la-bourse-commemorative-ann-collins-whitmore\/\"]}]},{\"@type\":\"BreadcrumbList\",\"@id\":\"https:\/\/physiotherapy.ca\/fr\/liste-de-verification-pour-la-bourse-commemorative-ann-collins-whitmore\/#breadcrumb\",\"itemListElement\":[{\"@type\":\"ListItem\",\"position\":1,\"name\":\"Home\",\"item\":\"https:\/\/physiotherapy.ca\/fr\/\"},{\"@type\":\"ListItem\",\"position\":2,\"name\":\"Liste de v\u00e9rification pour la Bourse comm\u00e9morative Ann Collins Whitmore\u00a0\"}]},{\"@type\":\"WebSite\",\"@id\":\"https:\/\/physiotherapy.ca\/#website\",\"url\":\"https:\/\/physiotherapy.ca\/\",\"name\":\"Canadian Physiotherapy Association\",\"description\":\"The Canadian Physiotherapy Association (CPA) represents over 16,000 physiotherapy professionals and students across Canada.\",\"potentialAction\":[{\"@type\":\"SearchAction\",\"target\":{\"@type\":\"EntryPoint\",\"urlTemplate\":\"https:\/\/physiotherapy.ca\/?s={search_term_string}\"},\"query-input\":{\"@type\":\"PropertyValueSpecification\",\"valueRequired\":true,\"valueName\":\"search_term_string\"}}],\"inLanguage\":\"fr-FR\"}]}<\/script>\n<!-- \/ Yoast SEO plugin. -->","yoast_head_json":{"title":"Liste de v\u00e9rification pour la Bourse comm\u00e9morative Ann Collins Whitmore\u00a0 - Canadian Physiotherapy Association","robots":{"index":"index","follow":"follow","max-snippet":"max-snippet:-1","max-image-preview":"max-image-preview:large","max-video-preview":"max-video-preview:-1"},"canonical":"https:\/\/physiotherapy.ca\/fr\/liste-de-verification-pour-la-bourse-commemorative-ann-collins-whitmore\/","og_locale":"fr_FR","og_type":"article","og_title":"Liste de v\u00e9rification pour la Bourse comm\u00e9morative Ann Collins Whitmore\u00a0 - Canadian Physiotherapy Association","og_description":"Renseignements \u00e0 t\u00e9l\u00e9verser directement sur la plateforme EventsAir&nbsp; Renseignements \u00e0 joindre sous forme de PDF individuels&nbsp;&nbsp;","og_url":"https:\/\/physiotherapy.ca\/fr\/liste-de-verification-pour-la-bourse-commemorative-ann-collins-whitmore\/","og_site_name":"Canadian Physiotherapy Association","article_modified_time":"2025-08-27T14:08:21+00:00","twitter_card":"summary_large_image","twitter_misc":{"Est. reading time":"2 minutes"},"schema":{"@context":"https:\/\/schema.org","@graph":[{"@type":"WebPage","@id":"https:\/\/physiotherapy.ca\/fr\/liste-de-verification-pour-la-bourse-commemorative-ann-collins-whitmore\/","url":"https:\/\/physiotherapy.ca\/fr\/liste-de-verification-pour-la-bourse-commemorative-ann-collins-whitmore\/","name":"Liste de v\u00e9rification pour la Bourse comm\u00e9morative Ann Collins Whitmore\u00a0 - Canadian Physiotherapy Association","isPartOf":{"@id":"https:\/\/physiotherapy.ca\/#website"},"datePublished":"2023-01-13T15:37:42+00:00","dateModified":"2025-08-27T14:08:21+00:00","breadcrumb":{"@id":"https:\/\/physiotherapy.ca\/fr\/liste-de-verification-pour-la-bourse-commemorative-ann-collins-whitmore\/#breadcrumb"},"inLanguage":"fr-FR","potentialAction":[{"@type":"ReadAction","target":["https:\/\/physiotherapy.ca\/fr\/liste-de-verification-pour-la-bourse-commemorative-ann-collins-whitmore\/"]}]},{"@type":"BreadcrumbList","@id":"https:\/\/physiotherapy.ca\/fr\/liste-de-verification-pour-la-bourse-commemorative-ann-collins-whitmore\/#breadcrumb","itemListElement":[{"@type":"ListItem","position":1,"name":"Home","item":"https:\/\/physiotherapy.ca\/fr\/"},{"@type":"ListItem","position":2,"name":"Liste de v\u00e9rification pour la Bourse comm\u00e9morative Ann Collins Whitmore\u00a0"}]},{"@type":"WebSite","@id":"https:\/\/physiotherapy.ca\/#website","url":"https:\/\/physiotherapy.ca\/","name":"Canadian Physiotherapy Association","description":"The Canadian Physiotherapy Association (CPA) represents over 16,000 physiotherapy professionals and students across Canada.","potentialAction":[{"@type":"SearchAction","target":{"@type":"EntryPoint","urlTemplate":"https:\/\/physiotherapy.ca\/?s={search_term_string}"},"query-input":{"@type":"PropertyValueSpecification","valueRequired":true,"valueName":"search_term_string"}}],"inLanguage":"fr-FR"}]}},"_links":{"self":[{"href":"https:\/\/physiotherapy.ca\/fr\/wp-json\/wp\/v2\/pages\/88210","targetHints":{"allow":["GET"]}}],"collection":[{"href":"https:\/\/physiotherapy.ca\/fr\/wp-json\/wp\/v2\/pages"}],"about":[{"href":"https:\/\/physiotherapy.ca\/fr\/wp-json\/wp\/v2\/types\/page"}],"author":[{"embeddable":true,"href":"https:\/\/physiotherapy.ca\/fr\/wp-json\/wp\/v2\/users\/2792"}],"replies":[{"embeddable":true,"href":"https:\/\/physiotherapy.ca\/fr\/wp-json\/wp\/v2\/comments?post=88210"}],"version-history":[{"count":8,"href":"https:\/\/physiotherapy.ca\/fr\/wp-json\/wp\/v2\/pages\/88210\/revisions"}],"predecessor-version":[{"id":276900,"href":"https:\/\/physiotherapy.ca\/fr\/wp-json\/wp\/v2\/pages\/88210\/revisions\/276900"}],"wp:attachment":[{"href":"https:\/\/physiotherapy.ca\/fr\/wp-json\/wp\/v2\/media?parent=88210"}],"wp:term":[{"taxonomy":"topic","embeddable":true,"href":"https:\/\/physiotherapy.ca\/fr\/wp-json\/wp\/v2\/topic?post=88210"}],"curies":[{"name":"wp","href":"https:\/\/api.w.org\/{rel}","templated":true}]}}