{"id":88217,"date":"2023-01-13T10:52:08","date_gmt":"2023-01-13T15:52:08","guid":{"rendered":"https:\/\/physiotherapy.ca\/?page_id=88217"},"modified":"2025-08-27T10:14:10","modified_gmt":"2025-08-27T14:14:10","slug":"liste-de-verification-pour-le-programme-de-bourses-du-fonds-commemoratif-constance-beattie","status":"publish","type":"page","link":"https:\/\/physiotherapy.ca\/fr\/liste-de-verification-pour-le-programme-de-bourses-du-fonds-commemoratif-constance-beattie\/","title":{"rendered":"Liste de v\u00e9rification pour le Programme de bourses du Fonds comm\u00e9moratif Constance Beattie\u00a0"},"content":{"rendered":"\n<p><strong>Renseignements \u00e0 t\u00e9l\u00e9verser directement sur la plateforme EventsAir<\/strong>&nbsp;<\/p>\n\n\n\n<ul class=\"wp-block-list\">\n<li>Nom et coordonn\u00e9es du demandeur<\/li>\n\n\n\n<li>Information sur le cours de formation continue\u202f:\n<ul class=\"wp-block-list\">\n<li>Description du cours&nbsp;<\/li>\n\n\n\n<li>Lieu&nbsp;&nbsp;<\/li>\n\n\n\n<li>Dur\u00e9e&nbsp;&nbsp;<\/li>\n<\/ul>\n<\/li>\n\n\n\n<li>Qualification professionnelle<\/li>\n\n\n\n<li>Cours d\u2019\u00e9tudes sup\u00e9rieures suivis au cours des cinq (5) derni\u00e8res ann\u00e9es<\/li>\n\n\n\n<li>Engagement aupr\u00e8s de l\u2019ACP (y compris dans les sections, les divisions et les groupes d\u2019int\u00e9r\u00eat particulier)&nbsp;<\/li>\n\n\n\n<li>Toute autre contribution professionnelle&nbsp;<\/li>\n\n\n\n<li>Br\u00e8ve description (max.\u202f150\u202fmots) de vos objectifs professionnels&nbsp;<\/li>\n\n\n\n<li>Br\u00e8ve description de la fa\u00e7on dont les connaissances acquises dans ce cours de formation continue seront transmises \u00e0 d\u2019autres ou appliqu\u00e9es en milieu clinique pour influencer le milieu de la physioth\u00e9rapie (max.\u202f250 mots)&nbsp;<\/li>\n<\/ul>\n\n\n\n<h4 class=\"wp-block-heading\"><strong>Renseignements \u00e0 joindre sous forme de PDF individuels<\/strong>&nbsp;<\/h4>\n\n\n\n<ul class=\"wp-block-list\">\n<li>Preuve de r\u00e9ussite de la formation<\/li>\n\n\n\n<li>Document d\u00e9taillant les d\u00e9penses (frais d\u2019inscription, mat\u00e9riel, d\u00e9placements et h\u00e9bergement)&nbsp;&nbsp;<\/li>\n\n\n\n<li>Votre curriculum vitae (max. 3 pages)<\/li>\n<\/ul>\n\n\n\n<div style=\"height:69px\" aria-hidden=\"true\" class=\"wp-block-spacer\"><\/div>\n\n\n\n<div class=\"wp-block-buttons is-layout-flex wp-block-buttons-is-layout-flex\">\n<div class=\"wp-block-button\"><a class=\"wp-block-button__link wp-element-button\" href=\"https:\/\/physiocanada.eventsair.com\/physiotherapy-foundation-of-canada-awards\/2025constancebeattie\" target=\"_blank\" rel=\"noreferrer noopener\">D\u00e9poser une demande en ligne<\/a><\/div>\n<\/div>\n","protected":false},"excerpt":{"rendered":"<p>Renseignements \u00e0 t\u00e9l\u00e9verser directement sur la plateforme EventsAir&nbsp; Renseignements \u00e0 joindre sous forme de PDF individuels&nbsp;<\/p>\n","protected":false},"author":2792,"featured_media":0,"parent":0,"menu_order":0,"comment_status":"closed","ping_status":"closed","template":"","meta":{"inline_featured_image":false,"ep_exclude_from_search":false,"footnotes":""},"topic":[],"class_list":["post-88217","page","type-page","status-publish","hentry"],"acf":[],"yoast_head":"<!-- This site is optimized with the Yoast SEO plugin v24.7 - https:\/\/yoast.com\/wordpress\/plugins\/seo\/ -->\n<title>Liste de v\u00e9rification pour le Programme de bourses du Fonds comm\u00e9moratif Constance Beattie\u00a0 - Canadian Physiotherapy Association<\/title>\n<meta name=\"robots\" content=\"index, follow, max-snippet:-1, max-image-preview:large, max-video-preview:-1\" \/>\n<link rel=\"canonical\" href=\"https:\/\/physiotherapy.ca\/fr\/liste-de-verification-pour-le-programme-de-bourses-du-fonds-commemoratif-constance-beattie\/\" \/>\n<meta property=\"og:locale\" content=\"fr_FR\" \/>\n<meta property=\"og:type\" content=\"article\" \/>\n<meta property=\"og:title\" content=\"Liste de v\u00e9rification pour le Programme de bourses du Fonds comm\u00e9moratif Constance Beattie\u00a0 - Canadian Physiotherapy Association\" \/>\n<meta property=\"og:description\" content=\"Renseignements \u00e0 t\u00e9l\u00e9verser directement sur la plateforme EventsAir&nbsp; Renseignements \u00e0 joindre sous forme de PDF individuels&nbsp;\" \/>\n<meta property=\"og:url\" content=\"https:\/\/physiotherapy.ca\/fr\/liste-de-verification-pour-le-programme-de-bourses-du-fonds-commemoratif-constance-beattie\/\" \/>\n<meta property=\"og:site_name\" content=\"Canadian Physiotherapy Association\" \/>\n<meta property=\"article:modified_time\" content=\"2025-08-27T14:14:10+00:00\" \/>\n<meta name=\"twitter:card\" content=\"summary_large_image\" \/>\n<meta name=\"twitter:label1\" content=\"Est. reading time\" \/>\n\t<meta name=\"twitter:data1\" content=\"1 minute\" \/>\n<script type=\"application\/ld+json\" class=\"yoast-schema-graph\">{\"@context\":\"https:\/\/schema.org\",\"@graph\":[{\"@type\":\"WebPage\",\"@id\":\"https:\/\/physiotherapy.ca\/fr\/liste-de-verification-pour-le-programme-de-bourses-du-fonds-commemoratif-constance-beattie\/\",\"url\":\"https:\/\/physiotherapy.ca\/fr\/liste-de-verification-pour-le-programme-de-bourses-du-fonds-commemoratif-constance-beattie\/\",\"name\":\"Liste de v\u00e9rification pour le Programme de bourses du Fonds comm\u00e9moratif Constance Beattie\u00a0 - Canadian Physiotherapy Association\",\"isPartOf\":{\"@id\":\"https:\/\/physiotherapy.ca\/#website\"},\"datePublished\":\"2023-01-13T15:52:08+00:00\",\"dateModified\":\"2025-08-27T14:14:10+00:00\",\"breadcrumb\":{\"@id\":\"https:\/\/physiotherapy.ca\/fr\/liste-de-verification-pour-le-programme-de-bourses-du-fonds-commemoratif-constance-beattie\/#breadcrumb\"},\"inLanguage\":\"fr-FR\",\"potentialAction\":[{\"@type\":\"ReadAction\",\"target\":[\"https:\/\/physiotherapy.ca\/fr\/liste-de-verification-pour-le-programme-de-bourses-du-fonds-commemoratif-constance-beattie\/\"]}]},{\"@type\":\"BreadcrumbList\",\"@id\":\"https:\/\/physiotherapy.ca\/fr\/liste-de-verification-pour-le-programme-de-bourses-du-fonds-commemoratif-constance-beattie\/#breadcrumb\",\"itemListElement\":[{\"@type\":\"ListItem\",\"position\":1,\"name\":\"Home\",\"item\":\"https:\/\/physiotherapy.ca\/fr\/\"},{\"@type\":\"ListItem\",\"position\":2,\"name\":\"Liste de v\u00e9rification pour le Programme de bourses du Fonds comm\u00e9moratif Constance Beattie\u00a0\"}]},{\"@type\":\"WebSite\",\"@id\":\"https:\/\/physiotherapy.ca\/#website\",\"url\":\"https:\/\/physiotherapy.ca\/\",\"name\":\"Canadian Physiotherapy Association\",\"description\":\"The Canadian Physiotherapy Association (CPA) represents over 16,000 physiotherapy professionals and students across Canada.\",\"potentialAction\":[{\"@type\":\"SearchAction\",\"target\":{\"@type\":\"EntryPoint\",\"urlTemplate\":\"https:\/\/physiotherapy.ca\/?s={search_term_string}\"},\"query-input\":{\"@type\":\"PropertyValueSpecification\",\"valueRequired\":true,\"valueName\":\"search_term_string\"}}],\"inLanguage\":\"fr-FR\"}]}<\/script>\n<!-- \/ Yoast SEO plugin. -->","yoast_head_json":{"title":"Liste de v\u00e9rification pour le Programme de bourses du Fonds comm\u00e9moratif Constance Beattie\u00a0 - Canadian Physiotherapy Association","robots":{"index":"index","follow":"follow","max-snippet":"max-snippet:-1","max-image-preview":"max-image-preview:large","max-video-preview":"max-video-preview:-1"},"canonical":"https:\/\/physiotherapy.ca\/fr\/liste-de-verification-pour-le-programme-de-bourses-du-fonds-commemoratif-constance-beattie\/","og_locale":"fr_FR","og_type":"article","og_title":"Liste de v\u00e9rification pour le Programme de bourses du Fonds comm\u00e9moratif Constance Beattie\u00a0 - Canadian Physiotherapy Association","og_description":"Renseignements \u00e0 t\u00e9l\u00e9verser directement sur la plateforme EventsAir&nbsp; Renseignements \u00e0 joindre sous forme de PDF individuels&nbsp;","og_url":"https:\/\/physiotherapy.ca\/fr\/liste-de-verification-pour-le-programme-de-bourses-du-fonds-commemoratif-constance-beattie\/","og_site_name":"Canadian Physiotherapy Association","article_modified_time":"2025-08-27T14:14:10+00:00","twitter_card":"summary_large_image","twitter_misc":{"Est. reading time":"1 minute"},"schema":{"@context":"https:\/\/schema.org","@graph":[{"@type":"WebPage","@id":"https:\/\/physiotherapy.ca\/fr\/liste-de-verification-pour-le-programme-de-bourses-du-fonds-commemoratif-constance-beattie\/","url":"https:\/\/physiotherapy.ca\/fr\/liste-de-verification-pour-le-programme-de-bourses-du-fonds-commemoratif-constance-beattie\/","name":"Liste de v\u00e9rification pour le Programme de bourses du Fonds comm\u00e9moratif Constance Beattie\u00a0 - Canadian Physiotherapy Association","isPartOf":{"@id":"https:\/\/physiotherapy.ca\/#website"},"datePublished":"2023-01-13T15:52:08+00:00","dateModified":"2025-08-27T14:14:10+00:00","breadcrumb":{"@id":"https:\/\/physiotherapy.ca\/fr\/liste-de-verification-pour-le-programme-de-bourses-du-fonds-commemoratif-constance-beattie\/#breadcrumb"},"inLanguage":"fr-FR","potentialAction":[{"@type":"ReadAction","target":["https:\/\/physiotherapy.ca\/fr\/liste-de-verification-pour-le-programme-de-bourses-du-fonds-commemoratif-constance-beattie\/"]}]},{"@type":"BreadcrumbList","@id":"https:\/\/physiotherapy.ca\/fr\/liste-de-verification-pour-le-programme-de-bourses-du-fonds-commemoratif-constance-beattie\/#breadcrumb","itemListElement":[{"@type":"ListItem","position":1,"name":"Home","item":"https:\/\/physiotherapy.ca\/fr\/"},{"@type":"ListItem","position":2,"name":"Liste de v\u00e9rification pour le Programme de bourses du Fonds comm\u00e9moratif Constance Beattie\u00a0"}]},{"@type":"WebSite","@id":"https:\/\/physiotherapy.ca\/#website","url":"https:\/\/physiotherapy.ca\/","name":"Canadian Physiotherapy Association","description":"The Canadian Physiotherapy Association (CPA) represents over 16,000 physiotherapy professionals and students across Canada.","potentialAction":[{"@type":"SearchAction","target":{"@type":"EntryPoint","urlTemplate":"https:\/\/physiotherapy.ca\/?s={search_term_string}"},"query-input":{"@type":"PropertyValueSpecification","valueRequired":true,"valueName":"search_term_string"}}],"inLanguage":"fr-FR"}]}},"_links":{"self":[{"href":"https:\/\/physiotherapy.ca\/fr\/wp-json\/wp\/v2\/pages\/88217","targetHints":{"allow":["GET"]}}],"collection":[{"href":"https:\/\/physiotherapy.ca\/fr\/wp-json\/wp\/v2\/pages"}],"about":[{"href":"https:\/\/physiotherapy.ca\/fr\/wp-json\/wp\/v2\/types\/page"}],"author":[{"embeddable":true,"href":"https:\/\/physiotherapy.ca\/fr\/wp-json\/wp\/v2\/users\/2792"}],"replies":[{"embeddable":true,"href":"https:\/\/physiotherapy.ca\/fr\/wp-json\/wp\/v2\/comments?post=88217"}],"version-history":[{"count":7,"href":"https:\/\/physiotherapy.ca\/fr\/wp-json\/wp\/v2\/pages\/88217\/revisions"}],"predecessor-version":[{"id":276902,"href":"https:\/\/physiotherapy.ca\/fr\/wp-json\/wp\/v2\/pages\/88217\/revisions\/276902"}],"wp:attachment":[{"href":"https:\/\/physiotherapy.ca\/fr\/wp-json\/wp\/v2\/media?parent=88217"}],"wp:term":[{"taxonomy":"topic","embeddable":true,"href":"https:\/\/physiotherapy.ca\/fr\/wp-json\/wp\/v2\/topic?post=88217"}],"curies":[{"name":"wp","href":"https:\/\/api.w.org\/{rel}","templated":true}]}}