{"id":88220,"date":"2023-01-13T10:58:23","date_gmt":"2023-01-13T15:58:23","guid":{"rendered":"https:\/\/physiotherapy.ca\/?page_id=88220"},"modified":"2025-08-15T16:32:41","modified_gmt":"2025-08-15T20:32:41","slug":"bourse-pour-les-etudiants-autochtones","status":"publish","type":"page","link":"https:\/\/physiotherapy.ca\/fr\/bourse-pour-les-etudiants-autochtones\/","title":{"rendered":"R\u00e8glement: Programme de subventions 2025"},"content":{"rendered":"\n<h3 class=\"wp-block-heading\">Bourse pour les \u00e9tudiants autochtones<\/h3>\n\n\n\n<p>L\u2019objectif de cette bourse est de r\u00e9pondre au besoin de soutien financier croissant des \u00e9tudiants membres des Premi\u00e8res nations (statut officiel ou non), Inuit ou M\u00e9tis, pour appuyer le d\u00e9veloppement de leur carri\u00e8re en physioth\u00e9rapie et leur excellence professionnelle. Le montant est plafonn\u00e9 \u00e0 2 500 $ par bourse. Le candidat doit \u00eatre membre \u00e9tudiant de l\u2019ACP (\u00e9tudes pour acc\u00e9der \u00e0 la profession de physioth\u00e9rapeute ou d\u2019assistant-physioth\u00e9rapeute).<\/p>\n\n\n\n<hr class=\"wp-block-separator has-alpha-channel-opacity\"\/>\n\n\n\n<h4 class=\"wp-block-heading\">R\u00e8glement<\/h4>\n\n\n\n<ol class=\"wp-block-list\">\n<li>La bourse est octroy\u00e9e par la Fondation de physioth\u00e9rapie du Canada, sur les conseils de son Comit\u00e9 des bourses pour les \u00e9tudiants autochtones. Le conseil d\u2019administration de la FPC se r\u00e9serve le droit d\u2019accepter ou de refuser toute demande.<\/li>\n\n\n\n<li>Chaque bourse est attribu\u00e9e pour une p\u00e9riode de 12 mois.<\/li>\n<\/ol>\n\n\n\n<h4 class=\"wp-block-heading\">Admissibilit\u00e9<\/h4>\n\n\n\n<ol class=\"wp-block-list\">\n<li>Toute personne membre des Premi\u00e8res nations (avec ou sans statut officiel), Inuit ou M\u00e9tis, et inscrite \u00e0 temps plein dans un programme postsecondaire agr\u00e9\u00e9 en physioth\u00e9rapie au Canada est admissible \u00e0 la Bourse pour les \u00e9tudiants autochtones. Les programmes admissibles incluent notamment les programmes de formation agr\u00e9\u00e9s menant \u00e0 un dipl\u00f4me d\u2019assistant-ergoth\u00e9rapeute ou d\u2019assistant-physioth\u00e9rapeute et les programmes universitaires de deuxi\u00e8me cycle d\u2019une dur\u00e9e minimale de deux ans. Une preuve d\u2019ascendance est exig\u00e9e (Certificat s\u00e9curis\u00e9 de statut d\u2019Indien [CSSI ou \u00ab carte de statut \u00bb], carte de membre de la nation M\u00e9tis, g\u00e9n\u00e9alogie certifi\u00e9e avec documents officiels attestant l\u2019ascendance ou la r\u00e9sidence dans l\u2019Inuit Nanangat). Une lettre d\u2019un repr\u00e9sentant de la communaut\u00e9 autochtone du demandeur qui fait \u00e9tat de son implication et de sa contribution \u00e0 sa communaut\u00e9 pourrait faire office de preuve d\u2019ascendance, si le Comit\u00e9 des bourses pour les \u00e9tudiants autochtones le juge suffisant. Le candidat doit \u00eatre membre \u00e9tudiant de l\u2019ACP (\u00e9tudes pour acc\u00e9der \u00e0 la profession de physioth\u00e9rapeute ou d\u2019assistant-physioth\u00e9rapeute).<\/li>\n\n\n\n<li>Les b\u00e9n\u00e9ficiaires qui m\u00e8nent des \u00e9tudes en physioth\u00e9rapie devraient id\u00e9alement se consacrer au sujet vis\u00e9 par leur demande de bourse durant une p\u00e9riode de 12 mois cons\u00e9cutifs. Les personnes inscrites \u00e0 temps partiel peuvent tout de m\u00eame demander une aide financi\u00e8re.<\/li>\n<\/ol>\n\n\n\n<h4 class=\"wp-block-heading\">Demande<\/h4>\n\n\n\n<ol class=\"wp-block-list\">\n<li>Les demandes sont accept\u00e9es EN LIGNE, sur la plateforme EventsAir, et doivent avoir \u00e9t\u00e9 re\u00e7ues au plus tard le 3 octobre 2025 \u00e0 23 h 59 (HE). La d\u00e9cision sera pr\u00e9sent\u00e9e par \u00e9crit, en novembre.<\/li>\n\n\n\n<li>La demande de financement peut \u00eatre pr\u00e9sent\u00e9e dans l\u2019une ou l\u2019autre des langues officielles.<\/li>\n\n\n\n<li>Le demandeur doit soumettre une lettre de pr\u00e9sentation de 1 500 mots qui explique ses ambitions professionnelles en physioth\u00e9rapie et une copie du relev\u00e9 de notes (officiel ou non officiel) de son dernier programme d\u2019\u00e9tudes. La lettre devrait \u00e9galement mettre de l\u2019avant les fa\u00e7ons dont la communaut\u00e9 du demandeur pourrait b\u00e9n\u00e9ficier de sa carri\u00e8re de physioth\u00e9rapeute (directement ou indirectement), les enjeux financiers qui influencent son acc\u00e8s aux \u00e9tudes en physioth\u00e9rapie et les mani\u00e8res dont il aimerait s\u2019impliquer dans le milieu professionnel de la physioth\u00e9rapie.<\/li>\n\n\n\n<li>Le demandeur doit fournir au moins deux lettres de recommandation qui mettent en lumi\u00e8re son int\u00e9r\u00eat pour la physioth\u00e9rapie, son implication dans sa communaut\u00e9 et ses aptitudes en leadership. Il doit aussi fournir une lettre d\u2019acceptation dans un programme de physioth\u00e9rapie agr\u00e9\u00e9. Ces lettres doivent \u00eatre fournies par un repr\u00e9sentant d\u2019un \u00e9tablissement d\u2019enseignement, un employeur, un dirigeant d\u2019une collectivit\u00e9 ou un repr\u00e9sentant officiel d\u2019une bande indienne ne faisant pas partie de votre famille imm\u00e9diate.<\/li>\n\n\n\n<li>Le demandeur doit soumettre un relev\u00e9 de notes, s\u2019il y a lieu.<\/li>\n<\/ol>\n\n\n\n<h4 class=\"wp-block-heading\">Processus d\u2019\u00e9valuation<\/h4>\n\n\n\n<ol class=\"wp-block-list\">\n<li>Un comit\u00e9 de s\u00e9lection examinera les demandes et fondra son choix sur le dossier scolaire, le bien-fond\u00e9 de la demande et les lettres de recommandation.<\/li>\n<\/ol>\n\n\n\n<h4 class=\"wp-block-heading\">Obligations des b\u00e9n\u00e9ficiaires<\/h4>\n\n\n\n<ol class=\"wp-block-list\">\n<li>Le r\u00e9cipiendaire doit soumettre, lorsque les 12 mois couverts par la bourse se seront \u00e9coul\u00e9s, un rapport d\u00e9crivant en quoi le financement lui a \u00e9t\u00e9 utile pour ses \u00e9tudes en physioth\u00e9rapie. La FPC pourrait se servir de ce rapport \u00e0 des fins promotionnelles.<\/li>\n\n\n\n<li>Si le travail d\u2019un candidat donne lieu \u00e0 la publication d\u2019articles ou d\u2019une th\u00e8se, il devra y mentionner l\u2019aide fournie par la FPC et la Bourse pour les \u00e9tudiants autochtones. Il devra en outre envoyer un exemplaire de son travail \u00e0 la FPC. Par exemple, il convient d\u2019ins\u00e9rer un libell\u00e9 comme :\n<ul class=\"wp-block-list\">\n<li><em>\u00ab Recherche financ\u00e9e par la Bourse pour les \u00e9tudiants autochtones de la Fondation de physioth\u00e9rapie du Canada. \u00bb<\/em><\/li>\n<\/ul>\n<\/li>\n<\/ol>\n\n\n\n<h4 class=\"wp-block-heading\">Administration financi\u00e8re<\/h4>\n\n\n\n<ol class=\"wp-block-list\">\n<li>La FCP informera les candidats par courriel de sa d\u00e9cision en novembre, une fois le processus de s\u00e9lection termin\u00e9, et le versement des subventions d\u00e9butera en d\u00e9cembre.\u00a0<\/li>\n\n\n\n<li>La FPC \u00e9mettra un relev\u00e9 T4 ou T4A au r\u00e9cipiendaire \u00e0 la fin de l\u2019ann\u00e9e civile.<\/li>\n<\/ol>\n","protected":false},"excerpt":{"rendered":"<p>Bourse pour les \u00e9tudiants autochtones L\u2019objectif de cette bourse est de r\u00e9pondre au besoin de soutien financier croissant des \u00e9tudiants membres des Premi\u00e8res nations (statut officiel ou non), Inuit ou M\u00e9tis, pour appuyer le d\u00e9veloppement de leur carri\u00e8re en physioth\u00e9rapie [&hellip;]<\/p>\n","protected":false},"author":2792,"featured_media":0,"parent":0,"menu_order":0,"comment_status":"closed","ping_status":"closed","template":"","meta":{"inline_featured_image":false,"ep_exclude_from_search":false,"footnotes":""},"topic":[],"class_list":["post-88220","page","type-page","status-publish","hentry"],"acf":[],"yoast_head":"<!-- This site is optimized with the Yoast SEO plugin v24.7 - https:\/\/yoast.com\/wordpress\/plugins\/seo\/ -->\n<title>R\u00e8glement: Programme de subventions 2025 - Canadian Physiotherapy Association<\/title>\n<meta name=\"robots\" content=\"index, follow, max-snippet:-1, max-image-preview:large, max-video-preview:-1\" \/>\n<link rel=\"canonical\" href=\"https:\/\/physiotherapy.ca\/fr\/bourse-pour-les-etudiants-autochtones\/\" \/>\n<meta property=\"og:locale\" content=\"fr_FR\" \/>\n<meta property=\"og:type\" content=\"article\" \/>\n<meta property=\"og:title\" content=\"R\u00e8glement: Programme de subventions 2025 - Canadian Physiotherapy Association\" \/>\n<meta property=\"og:description\" content=\"Bourse pour les \u00e9tudiants autochtones L\u2019objectif de cette bourse est de r\u00e9pondre au besoin de soutien financier croissant des \u00e9tudiants membres des Premi\u00e8res nations (statut officiel ou non), Inuit ou M\u00e9tis, pour appuyer le d\u00e9veloppement de leur carri\u00e8re en physioth\u00e9rapie [&hellip;]\" \/>\n<meta property=\"og:url\" content=\"https:\/\/physiotherapy.ca\/fr\/bourse-pour-les-etudiants-autochtones\/\" \/>\n<meta property=\"og:site_name\" content=\"Canadian Physiotherapy Association\" \/>\n<meta property=\"article:modified_time\" content=\"2025-08-15T20:32:41+00:00\" \/>\n<meta name=\"twitter:card\" content=\"summary_large_image\" \/>\n<meta name=\"twitter:label1\" content=\"Est. reading time\" \/>\n\t<meta name=\"twitter:data1\" content=\"4 minutes\" \/>\n<script type=\"application\/ld+json\" class=\"yoast-schema-graph\">{\"@context\":\"https:\/\/schema.org\",\"@graph\":[{\"@type\":\"WebPage\",\"@id\":\"https:\/\/physiotherapy.ca\/fr\/bourse-pour-les-etudiants-autochtones\/\",\"url\":\"https:\/\/physiotherapy.ca\/fr\/bourse-pour-les-etudiants-autochtones\/\",\"name\":\"R\u00e8glement: Programme de subventions 2025 - Canadian Physiotherapy Association\",\"isPartOf\":{\"@id\":\"https:\/\/physiotherapy.ca\/#website\"},\"datePublished\":\"2023-01-13T15:58:23+00:00\",\"dateModified\":\"2025-08-15T20:32:41+00:00\",\"breadcrumb\":{\"@id\":\"https:\/\/physiotherapy.ca\/fr\/bourse-pour-les-etudiants-autochtones\/#breadcrumb\"},\"inLanguage\":\"fr-FR\",\"potentialAction\":[{\"@type\":\"ReadAction\",\"target\":[\"https:\/\/physiotherapy.ca\/fr\/bourse-pour-les-etudiants-autochtones\/\"]}]},{\"@type\":\"BreadcrumbList\",\"@id\":\"https:\/\/physiotherapy.ca\/fr\/bourse-pour-les-etudiants-autochtones\/#breadcrumb\",\"itemListElement\":[{\"@type\":\"ListItem\",\"position\":1,\"name\":\"Home\",\"item\":\"https:\/\/physiotherapy.ca\/fr\/\"},{\"@type\":\"ListItem\",\"position\":2,\"name\":\"R\u00e8glement: Programme de subventions 2025\"}]},{\"@type\":\"WebSite\",\"@id\":\"https:\/\/physiotherapy.ca\/#website\",\"url\":\"https:\/\/physiotherapy.ca\/\",\"name\":\"Canadian Physiotherapy Association\",\"description\":\"The Canadian Physiotherapy Association (CPA) represents over 16,000 physiotherapy professionals and students across Canada.\",\"potentialAction\":[{\"@type\":\"SearchAction\",\"target\":{\"@type\":\"EntryPoint\",\"urlTemplate\":\"https:\/\/physiotherapy.ca\/?s={search_term_string}\"},\"query-input\":{\"@type\":\"PropertyValueSpecification\",\"valueRequired\":true,\"valueName\":\"search_term_string\"}}],\"inLanguage\":\"fr-FR\"}]}<\/script>\n<!-- \/ Yoast SEO plugin. -->","yoast_head_json":{"title":"R\u00e8glement: Programme de subventions 2025 - Canadian Physiotherapy Association","robots":{"index":"index","follow":"follow","max-snippet":"max-snippet:-1","max-image-preview":"max-image-preview:large","max-video-preview":"max-video-preview:-1"},"canonical":"https:\/\/physiotherapy.ca\/fr\/bourse-pour-les-etudiants-autochtones\/","og_locale":"fr_FR","og_type":"article","og_title":"R\u00e8glement: Programme de subventions 2025 - Canadian Physiotherapy Association","og_description":"Bourse pour les \u00e9tudiants autochtones L\u2019objectif de cette bourse est de r\u00e9pondre au besoin de soutien financier croissant des \u00e9tudiants membres des Premi\u00e8res nations (statut officiel ou non), Inuit ou M\u00e9tis, pour appuyer le d\u00e9veloppement de leur carri\u00e8re en physioth\u00e9rapie [&hellip;]","og_url":"https:\/\/physiotherapy.ca\/fr\/bourse-pour-les-etudiants-autochtones\/","og_site_name":"Canadian Physiotherapy Association","article_modified_time":"2025-08-15T20:32:41+00:00","twitter_card":"summary_large_image","twitter_misc":{"Est. reading time":"4 minutes"},"schema":{"@context":"https:\/\/schema.org","@graph":[{"@type":"WebPage","@id":"https:\/\/physiotherapy.ca\/fr\/bourse-pour-les-etudiants-autochtones\/","url":"https:\/\/physiotherapy.ca\/fr\/bourse-pour-les-etudiants-autochtones\/","name":"R\u00e8glement: Programme de subventions 2025 - Canadian Physiotherapy Association","isPartOf":{"@id":"https:\/\/physiotherapy.ca\/#website"},"datePublished":"2023-01-13T15:58:23+00:00","dateModified":"2025-08-15T20:32:41+00:00","breadcrumb":{"@id":"https:\/\/physiotherapy.ca\/fr\/bourse-pour-les-etudiants-autochtones\/#breadcrumb"},"inLanguage":"fr-FR","potentialAction":[{"@type":"ReadAction","target":["https:\/\/physiotherapy.ca\/fr\/bourse-pour-les-etudiants-autochtones\/"]}]},{"@type":"BreadcrumbList","@id":"https:\/\/physiotherapy.ca\/fr\/bourse-pour-les-etudiants-autochtones\/#breadcrumb","itemListElement":[{"@type":"ListItem","position":1,"name":"Home","item":"https:\/\/physiotherapy.ca\/fr\/"},{"@type":"ListItem","position":2,"name":"R\u00e8glement: Programme de subventions 2025"}]},{"@type":"WebSite","@id":"https:\/\/physiotherapy.ca\/#website","url":"https:\/\/physiotherapy.ca\/","name":"Canadian Physiotherapy Association","description":"The Canadian Physiotherapy Association (CPA) represents over 16,000 physiotherapy professionals and students across Canada.","potentialAction":[{"@type":"SearchAction","target":{"@type":"EntryPoint","urlTemplate":"https:\/\/physiotherapy.ca\/?s={search_term_string}"},"query-input":{"@type":"PropertyValueSpecification","valueRequired":true,"valueName":"search_term_string"}}],"inLanguage":"fr-FR"}]}},"_links":{"self":[{"href":"https:\/\/physiotherapy.ca\/fr\/wp-json\/wp\/v2\/pages\/88220","targetHints":{"allow":["GET"]}}],"collection":[{"href":"https:\/\/physiotherapy.ca\/fr\/wp-json\/wp\/v2\/pages"}],"about":[{"href":"https:\/\/physiotherapy.ca\/fr\/wp-json\/wp\/v2\/types\/page"}],"author":[{"embeddable":true,"href":"https:\/\/physiotherapy.ca\/fr\/wp-json\/wp\/v2\/users\/2792"}],"replies":[{"embeddable":true,"href":"https:\/\/physiotherapy.ca\/fr\/wp-json\/wp\/v2\/comments?post=88220"}],"version-history":[{"count":6,"href":"https:\/\/physiotherapy.ca\/fr\/wp-json\/wp\/v2\/pages\/88220\/revisions"}],"predecessor-version":[{"id":276011,"href":"https:\/\/physiotherapy.ca\/fr\/wp-json\/wp\/v2\/pages\/88220\/revisions\/276011"}],"wp:attachment":[{"href":"https:\/\/physiotherapy.ca\/fr\/wp-json\/wp\/v2\/media?parent=88220"}],"wp:term":[{"taxonomy":"topic","embeddable":true,"href":"https:\/\/physiotherapy.ca\/fr\/wp-json\/wp\/v2\/topic?post=88220"}],"curies":[{"name":"wp","href":"https:\/\/api.w.org\/{rel}","templated":true}]}}